{"id":14585,"date":"2023-05-16T12:38:12","date_gmt":"2023-05-16T16:38:12","guid":{"rendered":"https:\/\/www.belleflamme.ca\/?post_type=product&#038;p=14585"},"modified":"2024-05-16T12:45:09","modified_gmt":"2024-05-16T16:45:09","slug":"bruleur-electrique-integre-blaze-professional","status":"publish","type":"product","link":"https:\/\/staging.belleflamme.ca\/fr\/produit\/bruleur-electrique-integre-blaze-professional\/","title":{"rendered":"Br\u00fbleur \u00e9lectrique int\u00e9gr\u00e9 Blaze Professional"},"content":{"rendered":"\t\t<div data-elementor-type=\"product-post\" data-elementor-id=\"14585\" class=\"elementor elementor-14585\" data-elementor-post-type=\"product\">\n\t\t\t\t\t\t<section class=\"elementor-section elementor-top-section elementor-element elementor-element-44b66a4a elementor-section-boxed elementor-section-height-default elementor-section-height-default\" data-id=\"44b66a4a\" data-element_type=\"section\">\n\t\t\t\t\t\t<div class=\"elementor-container elementor-column-gap-default\">\n\t\t\t\t\t<div class=\"elementor-column elementor-col-100 elementor-top-column elementor-element elementor-element-a89516c\" data-id=\"a89516c\" data-element_type=\"column\">\n\t\t\t<div class=\"elementor-widget-wrap elementor-element-populated\">\n\t\t\t\t\t\t<div class=\"elementor-element elementor-element-4f338cbe elementor-widget elementor-widget-text-editor\" data-id=\"4f338cbe\" data-element_type=\"widget\" data-widget_type=\"text-editor.default\">\n\t\t\t\t<div class=\"elementor-widget-container\">\n\t\t\t\t\t\t\t\t\t<ul>\r\n \t<li>La conception efficace fait bouillir l&#8217;eau en deux fois moins de temps que les autres br\u00fbleurs \u00e9lectriques sur le march\u00e9<\/li>\r\n \t<li>Une largeur \u00e9troite de 15\u00be\u2033 permet plus de place pour d&#8217;autres accessoires ou plus d&#8217;espace de comptoir<\/li>\r\n \t<li>Une protection en acier inoxydable entoure les anneaux du br\u00fbleur les prot\u00e9geant du vent et concentre la chaleur pour une efficacit\u00e9 maximale<\/li>\r\n \t<li>Les boutons de commande \u00e9clair\u00e9s pour les soir\u00e9es cr\u00e9ent une apparence sophistiqu\u00e9e<\/li>\r\n \t<li>Le syst\u00e8me d&#8217;allumage \u00e0 bouton poussoir et rotatif fournit une flamme fiable \u00e0 chaque d\u00e9marrage<\/li>\r\n \t<li>Le couvercle amovible en acier inoxydable prot\u00e8ge les br\u00fbleurs des \u00e9l\u00e9ments ext\u00e9rieurs<\/li>\r\n \t<li>Bac d&#8217;\u00e9gouttement pleine largeur pour un nettoyage rapide<\/li>\r\n \t<li>Un transformateur de puissance est inclus pour les lumi\u00e8res<\/li>\r\n<\/ul>\r\nLe br\u00fbleur \u00e9lectrique int\u00e9gr\u00e9 Blaze Professional se compose d&#8217;un anneau de br\u00fbleur int\u00e9rieur et ext\u00e9rieur en acier inoxydable moul\u00e9 304 contr\u00f4l\u00e9 ind\u00e9pendamment permettant une vari\u00e9t\u00e9 de configurations de cuisson. L&#8217;anneau int\u00e9rieur est \u00e9valu\u00e9 \u00e0 25 000 BTU et l&#8217;anneau ext\u00e9rieur est \u00e9valu\u00e9 \u00e0 35 000 BTU, pour un total combin\u00e9 de 60 000 BTU. L&#8217;anneau int\u00e9rieur est id\u00e9al pour faire mijoter des sauces et l&#8217;anneau ext\u00e9rieur est parfait pour les grandes po\u00eales et casseroles. Utilisez les deux anneaux de br\u00fbleur ensemble pour faire bouillir ou frire. La grille de cuisson est fabriqu\u00e9e \u00e0 partir de tiges en acier inoxydable tr\u00e8s r\u00e9sistantes avec un anneau int\u00e9rieur amovible pour la cuisson au wok. Depuis le 15 mars 2016, les br\u00fbleurs \u00e9lectriques Blaze b\u00e9n\u00e9ficient d&#8217;une garantie \u00e0 vie contre tout d\u00e9faut de fabrication et de fabrication des br\u00fbleurs, de la grille du br\u00fbleur, du corps, du couvercle et des vannes de contr\u00f4le. Les syst\u00e8mes d&#8217;allumage, \u00e9lectroniques et d&#8217;\u00e9clairage sont couverts pendant un (1) an apr\u00e8s la date d&#8217;achat. Le produit doit \u00eatre enregistr\u00e9 dans les trente jours pour que la garantie s&#8217;applique.\r\n\r\n&nbsp;\r\n<table class=\"woocommerce-product-attributes shop_attributes\">\r\n<tbody>\r\n<tr class=\"woocommerce-product-attributes-item woocommerce-product-attributes-item--attribute_overall-dimensions\">\r\n<th class=\"woocommerce-product-attributes-item__label\"><strong>Dimensions<\/strong><\/th>\r\n<td class=\"woocommerce-product-attributes-item__value\">10\u00bc\u2033 H \u00d7 15\u00be\u2033 W \u00d7 23\u215d\u2033 D<\/td>\r\n<\/tr>\r\n<tr class=\"woocommerce-product-attributes-item woocommerce-product-attributes-item--attribute_cut-out-dimensions\">\r\n<th class=\"woocommerce-product-attributes-item__label\">Dimensions de d\u00e9coupe<span style=\"font-weight: 400;\">\r\n<\/span><\/th>\r\n<td class=\"woocommerce-product-attributes-item__value\">9\u00bc\u2033 H \u00d7 14\u2033 W \u00d7 19\u00bd\u2033 D<\/td>\r\n<\/tr>\r\n<\/tbody>\r\n<\/table>\t\t\t\t\t\t\t\t<\/div>\n\t\t\t\t<\/div>\n\t\t\t\t\t<\/div>\n\t\t<\/div>\n\t\t\t\t\t<\/div>\n\t\t<\/section>\n\t\t\t\t<section class=\"elementor-section elementor-top-section elementor-element elementor-element-331400e elementor-section-boxed elementor-section-height-default elementor-section-height-default\" data-id=\"331400e\" data-element_type=\"section\">\n\t\t\t\t\t\t<div class=\"elementor-container elementor-column-gap-default\">\n\t\t\t\t\t<div class=\"elementor-column elementor-col-100 elementor-top-column elementor-element elementor-element-21f31cb\" data-id=\"21f31cb\" data-element_type=\"column\">\n\t\t\t<div class=\"elementor-widget-wrap elementor-element-populated\">\n\t\t\t\t\t\t<div class=\"elementor-element elementor-element-8cab030 elementor-tabs-view-horizontal elementor-widget elementor-widget-tabs\" data-id=\"8cab030\" data-element_type=\"widget\" data-widget_type=\"tabs.default\">\n\t\t\t\t<div class=\"elementor-widget-container\">\n\t\t\t\t\t\t\t<div class=\"elementor-tabs\">\n\t\t\t<div class=\"elementor-tabs-wrapper\" role=\"tablist\" >\n\t\t\t\t\t\t\t\t\t<div id=\"elementor-tab-title-1471\" class=\"elementor-tab-title elementor-tab-desktop-title\" aria-selected=\"true\" data-tab=\"1\" role=\"tab\" tabindex=\"0\" aria-controls=\"elementor-tab-content-1471\" aria-expanded=\"false\">Fichiers<\/div>\n\t\t\t\t\t\t\t<\/div>\n\t\t\t<div class=\"elementor-tabs-content-wrapper\" role=\"tablist\" aria-orientation=\"vertical\">\n\t\t\t\t\t\t\t\t\t<div class=\"elementor-tab-title elementor-tab-mobile-title\" aria-selected=\"true\" data-tab=\"1\" role=\"tab\" tabindex=\"0\" aria-controls=\"elementor-tab-content-1471\" aria-expanded=\"false\">Fichiers<\/div>\n\t\t\t\t\t<div id=\"elementor-tab-content-1471\" class=\"elementor-tab-content elementor-clearfix\" data-tab=\"1\" role=\"tabpanel\" aria-labelledby=\"elementor-tab-title-1471\" tabindex=\"0\" hidden=\"false\"><i class=\"far fa-file-pdf fa-xl\" style=\"font-size:35px\"><\/i><a href=\"https:\/\/www.belleflamme.ca\/wp-content\/uploads\/2023\/07\/Blaze-Power-Burner-User-Manual-1-2.pdf\"> Manuel<\/a><\/br><\/div>\n\t\t\t\t\t\t\t<\/div>\n\t\t<\/div>\n\t\t\t\t\t\t<\/div>\n\t\t\t\t<\/div>\n\t\t\t\t\t<\/div>\n\t\t<\/div>\n\t\t\t\t\t<\/div>\n\t\t<\/section>\n\t\t\t\t<\/div>\n\t\t","protected":false},"excerpt":{"rendered":"<p>La conception efficace fait bouillir l&#8217;eau en deux fois moins de temps que les autres br\u00fbleurs \u00e9lectriques sur le march\u00e9 Une largeur \u00e9troite de 15\u00be\u2033 permet plus de place pour d&#8217;autres accessoires ou plus d&#8217;espace de comptoir Une protection en acier inoxydable entoure les anneaux du br\u00fbleur les prot\u00e9geant du vent et concentre la chaleur [&hellip;]<\/p>\n","protected":false},"featured_media":14586,"template":"","meta":{"inline_featured_image":false},"product_brand":[346],"product_cat":[113,114,351,116],"product_tag":[],"class_list":{"0":"post-14585","1":"product","2":"type-product","3":"status-publish","4":"has-post-thumbnail","6":"product_brand-blaze","7":"product_cat-bbq-produits-exterieurs","8":"product_cat-bbq-au-gaz","9":"product_cat-bbq-exterieurs","10":"product_cat-cuisine-exterieure","12":"first","13":"instock","14":"taxable","15":"shipping-taxable","16":"product-type-simple"},"yoast_head":"<!-- This site is optimized with the Yoast SEO Premium plugin v24.2 (Yoast SEO v24.2) - https:\/\/yoast.com\/wordpress\/plugins\/seo\/ -->\n<title>Br\u00fbleur \u00e9lectrique int\u00e9gr\u00e9 Blaze Professional - Groupe BelleFlamme<\/title>\n<meta name=\"description\" content=\"Br\u00fbleur \u00e9lectrique int\u00e9gr\u00e9 Blaze Professional vendu et install\u00e9 par le Groupe Belleflamme. Laval, Montr\u00e9al, Gatineau, Drummondville et Saint-Sauveur.\" \/>\n<meta name=\"robots\" content=\"index, follow, max-snippet:-1, max-image-preview:large, max-video-preview:-1\" \/>\n<link rel=\"canonical\" href=\"https:\/\/staging.belleflamme.ca\/fr\/produit\/bruleur-electrique-integre-blaze-professional\/\" \/>\n<meta property=\"og:locale\" content=\"fr_FR\" \/>\n<meta property=\"og:type\" content=\"article\" \/>\n<meta property=\"og:title\" content=\"Br\u00fbleur \u00e9lectrique int\u00e9gr\u00e9 Blaze Professional\" \/>\n<meta property=\"og:description\" content=\"Br\u00fbleur \u00e9lectrique int\u00e9gr\u00e9 Blaze Professional vendu et install\u00e9 par le Groupe Belleflamme. Laval, Montr\u00e9al, Gatineau, Drummondville et Saint-Sauveur.\" \/>\n<meta property=\"og:url\" content=\"https:\/\/staging.belleflamme.ca\/fr\/produit\/bruleur-electrique-integre-blaze-professional\/\" \/>\n<meta property=\"og:site_name\" content=\"Groupe BelleFlamme\" \/>\n<meta property=\"article:publisher\" content=\"https:\/\/www.facebook.com\/belleflamme.ca\/\" \/>\n<meta property=\"article:modified_time\" content=\"2024-05-16T16:45:09+00:00\" \/>\n<meta property=\"og:image\" content=\"https:\/\/www.belleflamme.ca\/wp-content\/uploads\/2023\/05\/Blaze-Pro-Side-Burner-05-LIT.webp\" \/>\n\t<meta property=\"og:image:width\" content=\"1080\" \/>\n\t<meta property=\"og:image:height\" content=\"1080\" \/>\n\t<meta property=\"og:image:type\" content=\"image\/webp\" \/>\n<meta name=\"twitter:card\" content=\"summary_large_image\" \/>\n<meta name=\"twitter:label1\" content=\"Prix\" \/>\n\t<meta name=\"twitter:data1\" content=\"\" \/>\n\t<meta name=\"twitter:label2\" content=\"Disponibilit\u00e9\" \/>\n\t<meta name=\"twitter:data2\" content=\"En stock\" \/>\n<script type=\"application\/ld+json\" class=\"yoast-schema-graph\">{\"@context\":\"https:\/\/schema.org\",\"@graph\":[{\"@type\":[\"WebPage\",\"ItemPage\"],\"@id\":\"https:\/\/staging.belleflamme.ca\/fr\/produit\/bruleur-electrique-integre-blaze-professional\/\",\"url\":\"https:\/\/staging.belleflamme.ca\/fr\/produit\/bruleur-electrique-integre-blaze-professional\/\",\"name\":\"Br\u00fbleur \u00e9lectrique int\u00e9gr\u00e9 Blaze Professional - Groupe BelleFlamme\",\"isPartOf\":{\"@id\":\"https:\/\/www.belleflamme.ca\/fr\/#website\"},\"primaryImageOfPage\":{\"@id\":\"https:\/\/staging.belleflamme.ca\/fr\/produit\/bruleur-electrique-integre-blaze-professional\/#primaryimage\"},\"image\":{\"@id\":\"https:\/\/staging.belleflamme.ca\/fr\/produit\/bruleur-electrique-integre-blaze-professional\/#primaryimage\"},\"thumbnailUrl\":\"https:\/\/staging.belleflamme.ca\/wp-content\/uploads\/2023\/05\/Blaze-Pro-Side-Burner-05-LIT.webp\",\"datePublished\":\"2023-05-16T16:38:12+00:00\",\"dateModified\":\"2024-05-16T16:45:09+00:00\",\"description\":\"Br\u00fbleur \u00e9lectrique int\u00e9gr\u00e9 Blaze Professional [get_meta_en_fr]\",\"breadcrumb\":{\"@id\":\"https:\/\/staging.belleflamme.ca\/fr\/produit\/bruleur-electrique-integre-blaze-professional\/#breadcrumb\"},\"inLanguage\":\"fr-FR\",\"potentialAction\":[{\"@type\":\"ReadAction\",\"target\":[\"https:\/\/staging.belleflamme.ca\/fr\/produit\/bruleur-electrique-integre-blaze-professional\/\"]}]},{\"@type\":\"ImageObject\",\"inLanguage\":\"fr-FR\",\"@id\":\"https:\/\/staging.belleflamme.ca\/fr\/produit\/bruleur-electrique-integre-blaze-professional\/#primaryimage\",\"url\":\"https:\/\/staging.belleflamme.ca\/wp-content\/uploads\/2023\/05\/Blaze-Pro-Side-Burner-05-LIT.webp\",\"contentUrl\":\"https:\/\/staging.belleflamme.ca\/wp-content\/uploads\/2023\/05\/Blaze-Pro-Side-Burner-05-LIT.webp\",\"width\":1080,\"height\":1080,\"caption\":\"Br\u00fbleur \u00e9lectrique int\u00e9gr\u00e9 Blaze Professional\"},{\"@type\":\"BreadcrumbList\",\"@id\":\"https:\/\/staging.belleflamme.ca\/fr\/produit\/bruleur-electrique-integre-blaze-professional\/#breadcrumb\",\"itemListElement\":[{\"@type\":\"ListItem\",\"position\":1,\"name\":\"Accueil\",\"item\":\"https:\/\/www.belleflamme.ca\/fr\/\"},{\"@type\":\"ListItem\",\"position\":2,\"name\":\"Boutique\",\"item\":\"https:\/\/www.belleflamme.ca\/fr\/boutique\/\"},{\"@type\":\"ListItem\",\"position\":3,\"name\":\"BBQ &amp; Produits Ext\u00e9rieurs\",\"item\":\"https:\/\/staging.belleflamme.ca\/fr\/categories\/bbq-produits-exterieurs\/\"},{\"@type\":\"ListItem\",\"position\":4,\"name\":\"Cuisine Ext\u00e9rieure\",\"item\":\"https:\/\/staging.belleflamme.ca\/fr\/categories\/bbq-produits-exterieurs\/cuisine-exterieure\/\"},{\"@type\":\"ListItem\",\"position\":5,\"name\":\"BBQ Ext\u00e9rieurs\",\"item\":\"https:\/\/staging.belleflamme.ca\/fr\/categories\/bbq-produits-exterieurs\/cuisine-exterieure\/bbq-exterieurs\/\"},{\"@type\":\"ListItem\",\"position\":6,\"name\":\"Br\u00fbleur \u00e9lectrique int\u00e9gr\u00e9 Blaze Professional\"}]},{\"@type\":\"WebSite\",\"@id\":\"https:\/\/www.belleflamme.ca\/fr\/#website\",\"url\":\"https:\/\/www.belleflamme.ca\/fr\/\",\"name\":\"Groupe Belleflamme\",\"description\":\"La m\u00e9canique du b\u00e2timent dans le sang.\",\"publisher\":{\"@id\":\"https:\/\/www.belleflamme.ca\/fr\/#organization\"},\"potentialAction\":[{\"@type\":\"SearchAction\",\"target\":{\"@type\":\"EntryPoint\",\"urlTemplate\":\"https:\/\/www.belleflamme.ca\/fr\/?s={search_term_string}\"},\"query-input\":{\"@type\":\"PropertyValueSpecification\",\"valueRequired\":true,\"valueName\":\"search_term_string\"}}],\"inLanguage\":\"fr-FR\"},{\"@type\":[\"Organization\",\"Place\"],\"@id\":\"https:\/\/www.belleflamme.ca\/fr\/#organization\",\"name\":\"Groupe Belleflamme\",\"alternateName\":\"Belleflamme\",\"url\":\"https:\/\/www.belleflamme.ca\/fr\/\",\"logo\":{\"@type\":\"ImageObject\",\"inLanguage\":\"fr-FR\",\"@id\":\"https:\/\/www.belleflamme.ca\/fr\/#\/schema\/logo\/image\/\",\"url\":\"https:\/\/staging.belleflamme.ca\/wp-content\/uploads\/2023\/01\/og-image.jpg\",\"contentUrl\":\"https:\/\/staging.belleflamme.ca\/wp-content\/uploads\/2023\/01\/og-image.jpg\",\"width\":1200,\"height\":630,\"caption\":\"Groupe Belleflamme\"},\"image\":{\"@id\":\"https:\/\/www.belleflamme.ca\/fr\/#\/schema\/logo\/image\/\"},\"sameAs\":[\"https:\/\/www.facebook.com\/belleflamme.ca\/\",\"https:\/\/www.linkedin.com\/company\/belleflamme\/\",\"https:\/\/www.pinterest.ca\/groupebelleflamme\/\",\"https:\/\/www.instagram.com\/legroupebelleflamme\/\"],\"mainEntityOfPage\":{\"@id\":\"https:\/\/staging.belleflamme.ca\/fr\/produit\/bruleur-electrique-integre-blaze-professional\/\"}}]}<\/script>\n<meta property=\"product:brand\" content=\"Blaze\" \/>\n<meta property=\"product:price:amount\" content=\"0.00\" \/>\n<meta property=\"product:price:currency\" content=\"CAD\" \/>\n<meta property=\"og:availability\" content=\"instock\" \/>\n<meta property=\"product:availability\" content=\"instock\" \/>\n<meta property=\"product:condition\" content=\"new\" \/>\n<!-- \/ Yoast SEO Premium plugin. -->","yoast_head_json":{"title":"Br\u00fbleur \u00e9lectrique int\u00e9gr\u00e9 Blaze Professional - Groupe BelleFlamme","description":"Br\u00fbleur \u00e9lectrique int\u00e9gr\u00e9 Blaze Professional vendu et install\u00e9 par le Groupe Belleflamme. Laval, Montr\u00e9al, Gatineau, Drummondville et Saint-Sauveur.","robots":{"index":"index","follow":"follow","max-snippet":"max-snippet:-1","max-image-preview":"max-image-preview:large","max-video-preview":"max-video-preview:-1"},"canonical":"https:\/\/staging.belleflamme.ca\/fr\/produit\/bruleur-electrique-integre-blaze-professional\/","og_locale":"fr_FR","og_type":"article","og_title":"Br\u00fbleur \u00e9lectrique int\u00e9gr\u00e9 Blaze Professional","og_description":"Br\u00fbleur \u00e9lectrique int\u00e9gr\u00e9 Blaze Professional vendu et install\u00e9 par le Groupe Belleflamme. Laval, Montr\u00e9al, Gatineau, Drummondville et Saint-Sauveur.","og_url":"https:\/\/staging.belleflamme.ca\/fr\/produit\/bruleur-electrique-integre-blaze-professional\/","og_site_name":"Groupe BelleFlamme","article_publisher":"https:\/\/www.facebook.com\/belleflamme.ca\/","article_modified_time":"2024-05-16T16:45:09+00:00","og_image":[{"width":1080,"height":1080,"url":"https:\/\/www.belleflamme.ca\/wp-content\/uploads\/2023\/05\/Blaze-Pro-Side-Burner-05-LIT.webp","type":"image\/webp"}],"twitter_card":"summary_large_image","twitter_misc":{"Prix":"","Disponibilit\u00e9":"En stock"},"schema":{"@context":"https:\/\/schema.org","@graph":[{"@type":["WebPage","ItemPage"],"@id":"https:\/\/staging.belleflamme.ca\/fr\/produit\/bruleur-electrique-integre-blaze-professional\/","url":"https:\/\/staging.belleflamme.ca\/fr\/produit\/bruleur-electrique-integre-blaze-professional\/","name":"Br\u00fbleur \u00e9lectrique int\u00e9gr\u00e9 Blaze Professional - Groupe BelleFlamme","isPartOf":{"@id":"https:\/\/www.belleflamme.ca\/fr\/#website"},"primaryImageOfPage":{"@id":"https:\/\/staging.belleflamme.ca\/fr\/produit\/bruleur-electrique-integre-blaze-professional\/#primaryimage"},"image":{"@id":"https:\/\/staging.belleflamme.ca\/fr\/produit\/bruleur-electrique-integre-blaze-professional\/#primaryimage"},"thumbnailUrl":"https:\/\/staging.belleflamme.ca\/wp-content\/uploads\/2023\/05\/Blaze-Pro-Side-Burner-05-LIT.webp","datePublished":"2023-05-16T16:38:12+00:00","dateModified":"2024-05-16T16:45:09+00:00","description":"Br\u00fbleur \u00e9lectrique int\u00e9gr\u00e9 Blaze Professional [get_meta_en_fr]","breadcrumb":{"@id":"https:\/\/staging.belleflamme.ca\/fr\/produit\/bruleur-electrique-integre-blaze-professional\/#breadcrumb"},"inLanguage":"fr-FR","potentialAction":[{"@type":"ReadAction","target":["https:\/\/staging.belleflamme.ca\/fr\/produit\/bruleur-electrique-integre-blaze-professional\/"]}]},{"@type":"ImageObject","inLanguage":"fr-FR","@id":"https:\/\/staging.belleflamme.ca\/fr\/produit\/bruleur-electrique-integre-blaze-professional\/#primaryimage","url":"https:\/\/staging.belleflamme.ca\/wp-content\/uploads\/2023\/05\/Blaze-Pro-Side-Burner-05-LIT.webp","contentUrl":"https:\/\/staging.belleflamme.ca\/wp-content\/uploads\/2023\/05\/Blaze-Pro-Side-Burner-05-LIT.webp","width":1080,"height":1080,"caption":"Br\u00fbleur \u00e9lectrique int\u00e9gr\u00e9 Blaze Professional"},{"@type":"BreadcrumbList","@id":"https:\/\/staging.belleflamme.ca\/fr\/produit\/bruleur-electrique-integre-blaze-professional\/#breadcrumb","itemListElement":[{"@type":"ListItem","position":1,"name":"Accueil","item":"https:\/\/www.belleflamme.ca\/fr\/"},{"@type":"ListItem","position":2,"name":"Boutique","item":"https:\/\/www.belleflamme.ca\/fr\/boutique\/"},{"@type":"ListItem","position":3,"name":"BBQ &amp; Produits Ext\u00e9rieurs","item":"https:\/\/staging.belleflamme.ca\/fr\/categories\/bbq-produits-exterieurs\/"},{"@type":"ListItem","position":4,"name":"Cuisine Ext\u00e9rieure","item":"https:\/\/staging.belleflamme.ca\/fr\/categories\/bbq-produits-exterieurs\/cuisine-exterieure\/"},{"@type":"ListItem","position":5,"name":"BBQ Ext\u00e9rieurs","item":"https:\/\/staging.belleflamme.ca\/fr\/categories\/bbq-produits-exterieurs\/cuisine-exterieure\/bbq-exterieurs\/"},{"@type":"ListItem","position":6,"name":"Br\u00fbleur \u00e9lectrique int\u00e9gr\u00e9 Blaze Professional"}]},{"@type":"WebSite","@id":"https:\/\/www.belleflamme.ca\/fr\/#website","url":"https:\/\/www.belleflamme.ca\/fr\/","name":"Groupe Belleflamme","description":"La m\u00e9canique du b\u00e2timent dans le sang.","publisher":{"@id":"https:\/\/www.belleflamme.ca\/fr\/#organization"},"potentialAction":[{"@type":"SearchAction","target":{"@type":"EntryPoint","urlTemplate":"https:\/\/www.belleflamme.ca\/fr\/?s={search_term_string}"},"query-input":{"@type":"PropertyValueSpecification","valueRequired":true,"valueName":"search_term_string"}}],"inLanguage":"fr-FR"},{"@type":["Organization","Place"],"@id":"https:\/\/www.belleflamme.ca\/fr\/#organization","name":"Groupe Belleflamme","alternateName":"Belleflamme","url":"https:\/\/www.belleflamme.ca\/fr\/","logo":{"@type":"ImageObject","inLanguage":"fr-FR","@id":"https:\/\/www.belleflamme.ca\/fr\/#\/schema\/logo\/image\/","url":"https:\/\/staging.belleflamme.ca\/wp-content\/uploads\/2023\/01\/og-image.jpg","contentUrl":"https:\/\/staging.belleflamme.ca\/wp-content\/uploads\/2023\/01\/og-image.jpg","width":1200,"height":630,"caption":"Groupe Belleflamme"},"image":{"@id":"https:\/\/www.belleflamme.ca\/fr\/#\/schema\/logo\/image\/"},"sameAs":["https:\/\/www.facebook.com\/belleflamme.ca\/","https:\/\/www.linkedin.com\/company\/belleflamme\/","https:\/\/www.pinterest.ca\/groupebelleflamme\/","https:\/\/www.instagram.com\/legroupebelleflamme\/"],"mainEntityOfPage":{"@id":"https:\/\/staging.belleflamme.ca\/fr\/produit\/bruleur-electrique-integre-blaze-professional\/"}}]},"product_brand":"Blaze","product_price_amount":"0.00","product_price_currency":"CAD","og_availability":"instock","product_availability":"instock","product_condition":"new"},"_links":{"self":[{"href":"https:\/\/staging.belleflamme.ca\/fr\/wp-json\/wp\/v2\/product\/14585","targetHints":{"allow":["GET"]}}],"collection":[{"href":"https:\/\/staging.belleflamme.ca\/fr\/wp-json\/wp\/v2\/product"}],"about":[{"href":"https:\/\/staging.belleflamme.ca\/fr\/wp-json\/wp\/v2\/types\/product"}],"version-history":[{"count":7,"href":"https:\/\/staging.belleflamme.ca\/fr\/wp-json\/wp\/v2\/product\/14585\/revisions"}],"predecessor-version":[{"id":38802,"href":"https:\/\/staging.belleflamme.ca\/fr\/wp-json\/wp\/v2\/product\/14585\/revisions\/38802"}],"wp:featuredmedia":[{"embeddable":true,"href":"https:\/\/staging.belleflamme.ca\/fr\/wp-json\/wp\/v2\/media\/14586"}],"wp:attachment":[{"href":"https:\/\/staging.belleflamme.ca\/fr\/wp-json\/wp\/v2\/media?parent=14585"}],"wp:term":[{"taxonomy":"product_brand","embeddable":true,"href":"https:\/\/staging.belleflamme.ca\/fr\/wp-json\/wp\/v2\/product_brand?post=14585"},{"taxonomy":"product_cat","embeddable":true,"href":"https:\/\/staging.belleflamme.ca\/fr\/wp-json\/wp\/v2\/product_cat?post=14585"},{"taxonomy":"product_tag","embeddable":true,"href":"https:\/\/staging.belleflamme.ca\/fr\/wp-json\/wp\/v2\/product_tag?post=14585"}],"curies":[{"name":"wp","href":"https:\/\/api.w.org\/{rel}","templated":true}]}}