{"id":14558,"date":"2023-05-16T12:10:41","date_gmt":"2023-05-16T16:10:41","guid":{"rendered":"https:\/\/www.belleflamme.ca\/?post_type=product&#038;p=14558"},"modified":"2024-05-16T13:02:39","modified_gmt":"2024-05-16T17:02:39","slug":"plaque-chauffante-a-gaz-integree-blaze-30-pouces-lte","status":"publish","type":"product","link":"https:\/\/staging.belleflamme.ca\/fr\/produit\/plaque-chauffante-a-gaz-integree-blaze-30-pouces-lte\/","title":{"rendered":"Plaque chauffante \u00e0 gaz int\u00e9gr\u00e9e Blaze 30 pouces LTE"},"content":{"rendered":"\t\t<div data-elementor-type=\"product-post\" data-elementor-id=\"14558\" class=\"elementor elementor-14558\" data-elementor-post-type=\"product\">\n\t\t\t\t\t\t<section class=\"elementor-section elementor-top-section elementor-element elementor-element-6607004 elementor-section-boxed elementor-section-height-default elementor-section-height-default\" data-id=\"6607004\" data-element_type=\"section\">\n\t\t\t\t\t\t<div class=\"elementor-container elementor-column-gap-default\">\n\t\t\t\t\t<div class=\"elementor-column elementor-col-100 elementor-top-column elementor-element elementor-element-762ec387\" data-id=\"762ec387\" data-element_type=\"column\">\n\t\t\t<div class=\"elementor-widget-wrap elementor-element-populated\">\n\t\t\t\t\t\t<div class=\"elementor-element elementor-element-11630d95 elementor-widget elementor-widget-text-editor\" data-id=\"11630d95\" data-element_type=\"widget\" data-widget_type=\"text-editor.default\">\n\t\t\t\t<div class=\"elementor-widget-container\">\n\t\t\t\t\t\t\t\t\t<ul>\r\n \t<li><span>Les br\u00fbleurs en forme de U en acier inoxydable fournissent une chaleur exceptionnellement uniforme sur toute la surface de la plaque chauffante<\/span><\/li>\r\n \t<li><span>18 000 BTU de puissance de cuisson par br\u00fbleur, pour un total de 36 000 BTU<\/span><\/li>\r\n \t<li><span>L&#8217;allumage fiable du lance-flammes facilite l&#8217;allumage de la plaque chauffante<\/span><\/li>\r\n \t<li><span>Le bac \u00e0 graisse pleine largeur dirige la graisse vers le bac d&#8217;\u00e9gouttage pour un nettoyage facile<\/span><\/li>\r\n \t<li><span>Construction en acier inoxydable 304 robuste pour plus de durabilit\u00e9 et de long\u00e9vit\u00e9<\/span><\/li>\r\n \t<li><span>Le couvercle en acier inoxydable prot\u00e8ge la plaque chauffante lorsqu&#8217;elle n&#8217;est pas utilis\u00e9e<\/span><\/li>\r\n \t<li><span>Les boutons de commande \u00e9clair\u00e9s pour les soir\u00e9es cr\u00e9ent une apparence sophistiqu\u00e9e<\/span><\/li>\r\n \t<li><span>Blaze Grills offre une impressionnante garantie \u00e0 vie<\/span><\/li>\r\n<\/ul>\r\nD\u00e9veloppez votre cuisine en plein air dans de nouveaux domaines avec la plaque chauffante \u00e0 gaz int\u00e9gr\u00e9e Blaze. Cette plaque chauffante \u00e0 gaz int\u00e9gr\u00e9e Blaze est \u00e9quip\u00e9e de deux br\u00fbleurs en forme de U en acier inoxydable 304 de qualit\u00e9 commerciale qui fournissent chacun 18 000 BTU de puissance de cuisson pour un total de 36 000 BTU sur la surface de cuisson de 495 pouces carr\u00e9s. L&#8217;allumage primaire du lance-flammes \u00e0 pousser et \u00e0 tourner, l&#8217;allumage secondaire du tube flash de secours et les tubes transversaux garantissent une flamme stable et fiable \u00e0 chaque d\u00e9marrage. Un bac \u00e0 graisse pleine largeur avec un trou au centre dirige la graisse vers le bac d&#8217;\u00e9gouttage en dessous pour un nettoyage facile. Cette plaque chauffante \u00e0 gaz certifi\u00e9e ETL est enti\u00e8rement fabriqu\u00e9e en acier inoxydable 304 robuste et comprend un couvercle en acier inoxydable pour couvrir la plaque chauffante lorsqu&#8217;elle n&#8217;est pas utilis\u00e9e. Les plaques chauffantes \u00e0 gaz Blaze b\u00e9n\u00e9ficient d&#8217;une garantie \u00e0 vie contre tout d\u00e9faut de fabrication et de fabrication des br\u00fbleurs principaux, de la plaque chauffante, du corps et des vannes de contr\u00f4le. Alors que le syst\u00e8me d&#8217;allumage et l&#8217;\u00e9lectronique sont couverts pendant un (1) an apr\u00e8s la date d&#8217;achat. Le produit doit \u00eatre enregistr\u00e9 dans les trente jours pour que la garantie s&#8217;applique.\r\n\r\n&nbsp;\r\n<table class=\"woocommerce-product-attributes shop_attributes\">\r\n<tbody>\r\n<tr class=\"woocommerce-product-attributes-item woocommerce-product-attributes-item--attribute_overall-dimensions\">\r\n<th class=\"woocommerce-product-attributes-item__label\">Dimensions<\/th>\r\n<td class=\"woocommerce-product-attributes-item__value\">12\u215c\u2033 H \u00d7 30\u2033 L \u00d7 28\u215c\u2033 P<\/td>\r\n<\/tr>\r\n<tr class=\"woocommerce-product-attributes-item woocommerce-product-attributes-item--attribute_cut-out-dimensions\">\r\n<th class=\"woocommerce-product-attributes-item__label\">Dimensions de d\u00e9coupe<\/th>\r\n<td class=\"woocommerce-product-attributes-item__value\">12\u2033 H \u00d7 28\u215b\u2033 L \u00d7 24\u215c\u2033 P<\/td>\r\n<\/tr>\r\n<\/tbody>\r\n<\/table>\t\t\t\t\t\t\t\t<\/div>\n\t\t\t\t<\/div>\n\t\t\t\t\t<\/div>\n\t\t<\/div>\n\t\t\t\t\t<\/div>\n\t\t<\/section>\n\t\t\t\t<section class=\"elementor-section elementor-top-section elementor-element elementor-element-aa3b250 elementor-section-boxed elementor-section-height-default elementor-section-height-default\" data-id=\"aa3b250\" data-element_type=\"section\">\n\t\t\t\t\t\t<div class=\"elementor-container elementor-column-gap-default\">\n\t\t\t\t\t<div class=\"elementor-column elementor-col-100 elementor-top-column elementor-element elementor-element-2c2edfa\" data-id=\"2c2edfa\" data-element_type=\"column\">\n\t\t\t<div class=\"elementor-widget-wrap elementor-element-populated\">\n\t\t\t\t\t\t<div class=\"elementor-element elementor-element-d235123 elementor-tabs-view-horizontal elementor-widget elementor-widget-tabs\" data-id=\"d235123\" data-element_type=\"widget\" data-widget_type=\"tabs.default\">\n\t\t\t\t<div class=\"elementor-widget-container\">\n\t\t\t\t\t\t\t<div class=\"elementor-tabs\">\n\t\t\t<div class=\"elementor-tabs-wrapper\" role=\"tablist\" >\n\t\t\t\t\t\t\t\t\t<div id=\"elementor-tab-title-2201\" class=\"elementor-tab-title elementor-tab-desktop-title\" aria-selected=\"true\" data-tab=\"1\" role=\"tab\" tabindex=\"0\" aria-controls=\"elementor-tab-content-2201\" aria-expanded=\"false\">Fichiers<\/div>\n\t\t\t\t\t\t\t<\/div>\n\t\t\t<div class=\"elementor-tabs-content-wrapper\" role=\"tablist\" aria-orientation=\"vertical\">\n\t\t\t\t\t\t\t\t\t<div class=\"elementor-tab-title elementor-tab-mobile-title\" aria-selected=\"true\" data-tab=\"1\" role=\"tab\" tabindex=\"0\" aria-controls=\"elementor-tab-content-2201\" aria-expanded=\"false\">Fichiers<\/div>\n\t\t\t\t\t<div id=\"elementor-tab-content-2201\" class=\"elementor-tab-content elementor-clearfix\" data-tab=\"1\" role=\"tabpanel\" aria-labelledby=\"elementor-tab-title-2201\" tabindex=\"0\" hidden=\"false\"><i class=\"far fa-file-pdf fa-xl\" style=\"font-size:35px\"><\/i><a href=\"https:\/\/www.belleflamme.ca\/wp-content\/uploads\/2023\/07\/Blaze-Griddle-LTE-User-Manual.pdf\"> Manuel<\/a><\/br><\/div>\n\t\t\t\t\t\t\t<\/div>\n\t\t<\/div>\n\t\t\t\t\t\t<\/div>\n\t\t\t\t<\/div>\n\t\t\t\t\t<\/div>\n\t\t<\/div>\n\t\t\t\t\t<\/div>\n\t\t<\/section>\n\t\t\t\t<\/div>\n\t\t","protected":false},"excerpt":{"rendered":"<p>Les br\u00fbleurs en forme de U en acier inoxydable fournissent une chaleur exceptionnellement uniforme sur toute la surface de la plaque chauffante 18 000 BTU de puissance de cuisson par br\u00fbleur, pour un total de 36 000 BTU L&#8217;allumage fiable du lance-flammes facilite l&#8217;allumage de la plaque chauffante Le bac \u00e0 graisse pleine largeur dirige [&hellip;]<\/p>\n","protected":false},"featured_media":14559,"template":"","meta":{"inline_featured_image":false},"product_brand":[346],"product_cat":[113,114,351,116],"product_tag":[],"class_list":{"0":"post-14558","1":"product","2":"type-product","3":"status-publish","4":"has-post-thumbnail","6":"product_brand-blaze","7":"product_cat-bbq-produits-exterieurs","8":"product_cat-bbq-au-gaz","9":"product_cat-bbq-exterieurs","10":"product_cat-cuisine-exterieure","12":"first","13":"instock","14":"taxable","15":"shipping-taxable","16":"product-type-simple"},"yoast_head":"<!-- This site is optimized with the Yoast SEO Premium plugin v24.2 (Yoast SEO v24.2) - https:\/\/yoast.com\/wordpress\/plugins\/seo\/ -->\n<title>Plaque chauffante \u00e0 gaz int\u00e9gr\u00e9e Blaze 30 pouces LTE - Groupe BelleFlamme<\/title>\n<meta name=\"description\" content=\"Plaque chauffante \u00e0 gaz int\u00e9gr\u00e9e Blaze 30 pouces LTE vendu et install\u00e9 par le Groupe Belleflamme. Laval, Montr\u00e9al, Gatineau, Drummondville et Saint-Sauveur.\" \/>\n<meta name=\"robots\" content=\"index, follow, max-snippet:-1, max-image-preview:large, max-video-preview:-1\" \/>\n<link rel=\"canonical\" href=\"https:\/\/staging.belleflamme.ca\/fr\/produit\/plaque-chauffante-a-gaz-integree-blaze-30-pouces-lte\/\" \/>\n<meta property=\"og:locale\" content=\"fr_FR\" \/>\n<meta property=\"og:type\" content=\"article\" \/>\n<meta property=\"og:title\" content=\"Plaque chauffante \u00e0 gaz int\u00e9gr\u00e9e Blaze 30 pouces LTE\" \/>\n<meta property=\"og:description\" content=\"Plaque chauffante \u00e0 gaz int\u00e9gr\u00e9e Blaze 30 pouces LTE vendu et install\u00e9 par le Groupe Belleflamme. Laval, Montr\u00e9al, Gatineau, Drummondville et Saint-Sauveur.\" \/>\n<meta property=\"og:url\" content=\"https:\/\/staging.belleflamme.ca\/fr\/produit\/plaque-chauffante-a-gaz-integree-blaze-30-pouces-lte\/\" \/>\n<meta property=\"og:site_name\" content=\"Groupe BelleFlamme\" \/>\n<meta property=\"article:publisher\" content=\"https:\/\/www.facebook.com\/belleflamme.ca\/\" \/>\n<meta property=\"article:modified_time\" content=\"2024-05-16T17:02:39+00:00\" \/>\n<meta property=\"og:image\" content=\"https:\/\/www.belleflamme.ca\/wp-content\/uploads\/2023\/05\/griddleLTE1.webp\" \/>\n\t<meta property=\"og:image:width\" content=\"1000\" \/>\n\t<meta property=\"og:image:height\" content=\"1000\" \/>\n\t<meta property=\"og:image:type\" content=\"image\/webp\" \/>\n<meta name=\"twitter:card\" content=\"summary_large_image\" \/>\n<meta name=\"twitter:label1\" content=\"Prix\" \/>\n\t<meta name=\"twitter:data1\" content=\"\" \/>\n\t<meta name=\"twitter:label2\" content=\"Disponibilit\u00e9\" \/>\n\t<meta name=\"twitter:data2\" content=\"En stock\" \/>\n<script type=\"application\/ld+json\" class=\"yoast-schema-graph\">{\"@context\":\"https:\/\/schema.org\",\"@graph\":[{\"@type\":[\"WebPage\",\"ItemPage\"],\"@id\":\"https:\/\/staging.belleflamme.ca\/fr\/produit\/plaque-chauffante-a-gaz-integree-blaze-30-pouces-lte\/\",\"url\":\"https:\/\/staging.belleflamme.ca\/fr\/produit\/plaque-chauffante-a-gaz-integree-blaze-30-pouces-lte\/\",\"name\":\"Plaque chauffante \u00e0 gaz int\u00e9gr\u00e9e Blaze 30 pouces LTE - Groupe BelleFlamme\",\"isPartOf\":{\"@id\":\"https:\/\/www.belleflamme.ca\/fr\/#website\"},\"primaryImageOfPage\":{\"@id\":\"https:\/\/staging.belleflamme.ca\/fr\/produit\/plaque-chauffante-a-gaz-integree-blaze-30-pouces-lte\/#primaryimage\"},\"image\":{\"@id\":\"https:\/\/staging.belleflamme.ca\/fr\/produit\/plaque-chauffante-a-gaz-integree-blaze-30-pouces-lte\/#primaryimage\"},\"thumbnailUrl\":\"https:\/\/staging.belleflamme.ca\/wp-content\/uploads\/2023\/05\/griddleLTE1.webp\",\"datePublished\":\"2023-05-16T16:10:41+00:00\",\"dateModified\":\"2024-05-16T17:02:39+00:00\",\"description\":\"Plaque chauffante \u00e0 gaz int\u00e9gr\u00e9e Blaze 30 pouces LTE [get_meta_en_fr]\",\"breadcrumb\":{\"@id\":\"https:\/\/staging.belleflamme.ca\/fr\/produit\/plaque-chauffante-a-gaz-integree-blaze-30-pouces-lte\/#breadcrumb\"},\"inLanguage\":\"fr-FR\",\"potentialAction\":[{\"@type\":\"ReadAction\",\"target\":[\"https:\/\/staging.belleflamme.ca\/fr\/produit\/plaque-chauffante-a-gaz-integree-blaze-30-pouces-lte\/\"]}]},{\"@type\":\"ImageObject\",\"inLanguage\":\"fr-FR\",\"@id\":\"https:\/\/staging.belleflamme.ca\/fr\/produit\/plaque-chauffante-a-gaz-integree-blaze-30-pouces-lte\/#primaryimage\",\"url\":\"https:\/\/staging.belleflamme.ca\/wp-content\/uploads\/2023\/05\/griddleLTE1.webp\",\"contentUrl\":\"https:\/\/staging.belleflamme.ca\/wp-content\/uploads\/2023\/05\/griddleLTE1.webp\",\"width\":1000,\"height\":1000,\"caption\":\"Plaque chauffante \u00e0 gaz int\u00e9gr\u00e9e Blaze 30 pouces LTE\"},{\"@type\":\"BreadcrumbList\",\"@id\":\"https:\/\/staging.belleflamme.ca\/fr\/produit\/plaque-chauffante-a-gaz-integree-blaze-30-pouces-lte\/#breadcrumb\",\"itemListElement\":[{\"@type\":\"ListItem\",\"position\":1,\"name\":\"Accueil\",\"item\":\"https:\/\/www.belleflamme.ca\/fr\/\"},{\"@type\":\"ListItem\",\"position\":2,\"name\":\"Boutique\",\"item\":\"https:\/\/www.belleflamme.ca\/fr\/boutique\/\"},{\"@type\":\"ListItem\",\"position\":3,\"name\":\"BBQ &amp; Produits Ext\u00e9rieurs\",\"item\":\"https:\/\/staging.belleflamme.ca\/fr\/categories\/bbq-produits-exterieurs\/\"},{\"@type\":\"ListItem\",\"position\":4,\"name\":\"Cuisine Ext\u00e9rieure\",\"item\":\"https:\/\/staging.belleflamme.ca\/fr\/categories\/bbq-produits-exterieurs\/cuisine-exterieure\/\"},{\"@type\":\"ListItem\",\"position\":5,\"name\":\"BBQ Ext\u00e9rieurs\",\"item\":\"https:\/\/staging.belleflamme.ca\/fr\/categories\/bbq-produits-exterieurs\/cuisine-exterieure\/bbq-exterieurs\/\"},{\"@type\":\"ListItem\",\"position\":6,\"name\":\"Plaque chauffante \u00e0 gaz int\u00e9gr\u00e9e Blaze 30 pouces LTE\"}]},{\"@type\":\"WebSite\",\"@id\":\"https:\/\/www.belleflamme.ca\/fr\/#website\",\"url\":\"https:\/\/www.belleflamme.ca\/fr\/\",\"name\":\"Groupe Belleflamme\",\"description\":\"La m\u00e9canique du b\u00e2timent dans le sang.\",\"publisher\":{\"@id\":\"https:\/\/www.belleflamme.ca\/fr\/#organization\"},\"potentialAction\":[{\"@type\":\"SearchAction\",\"target\":{\"@type\":\"EntryPoint\",\"urlTemplate\":\"https:\/\/www.belleflamme.ca\/fr\/?s={search_term_string}\"},\"query-input\":{\"@type\":\"PropertyValueSpecification\",\"valueRequired\":true,\"valueName\":\"search_term_string\"}}],\"inLanguage\":\"fr-FR\"},{\"@type\":[\"Organization\",\"Place\"],\"@id\":\"https:\/\/www.belleflamme.ca\/fr\/#organization\",\"name\":\"Groupe Belleflamme\",\"alternateName\":\"Belleflamme\",\"url\":\"https:\/\/www.belleflamme.ca\/fr\/\",\"logo\":{\"@type\":\"ImageObject\",\"inLanguage\":\"fr-FR\",\"@id\":\"https:\/\/www.belleflamme.ca\/fr\/#\/schema\/logo\/image\/\",\"url\":\"https:\/\/staging.belleflamme.ca\/wp-content\/uploads\/2023\/01\/og-image.jpg\",\"contentUrl\":\"https:\/\/staging.belleflamme.ca\/wp-content\/uploads\/2023\/01\/og-image.jpg\",\"width\":1200,\"height\":630,\"caption\":\"Groupe Belleflamme\"},\"image\":{\"@id\":\"https:\/\/www.belleflamme.ca\/fr\/#\/schema\/logo\/image\/\"},\"sameAs\":[\"https:\/\/www.facebook.com\/belleflamme.ca\/\",\"https:\/\/www.linkedin.com\/company\/belleflamme\/\",\"https:\/\/www.pinterest.ca\/groupebelleflamme\/\",\"https:\/\/www.instagram.com\/legroupebelleflamme\/\"],\"mainEntityOfPage\":{\"@id\":\"https:\/\/staging.belleflamme.ca\/fr\/produit\/plaque-chauffante-a-gaz-integree-blaze-30-pouces-lte\/\"}}]}<\/script>\n<meta property=\"product:brand\" content=\"Blaze\" \/>\n<meta property=\"product:price:amount\" content=\"0.00\" \/>\n<meta property=\"product:price:currency\" content=\"CAD\" \/>\n<meta property=\"og:availability\" content=\"instock\" \/>\n<meta property=\"product:availability\" content=\"instock\" \/>\n<meta property=\"product:condition\" content=\"new\" \/>\n<!-- \/ Yoast SEO Premium plugin. -->","yoast_head_json":{"title":"Plaque chauffante \u00e0 gaz int\u00e9gr\u00e9e Blaze 30 pouces LTE - Groupe BelleFlamme","description":"Plaque chauffante \u00e0 gaz int\u00e9gr\u00e9e Blaze 30 pouces LTE vendu et install\u00e9 par le Groupe Belleflamme. Laval, Montr\u00e9al, Gatineau, Drummondville et Saint-Sauveur.","robots":{"index":"index","follow":"follow","max-snippet":"max-snippet:-1","max-image-preview":"max-image-preview:large","max-video-preview":"max-video-preview:-1"},"canonical":"https:\/\/staging.belleflamme.ca\/fr\/produit\/plaque-chauffante-a-gaz-integree-blaze-30-pouces-lte\/","og_locale":"fr_FR","og_type":"article","og_title":"Plaque chauffante \u00e0 gaz int\u00e9gr\u00e9e Blaze 30 pouces LTE","og_description":"Plaque chauffante \u00e0 gaz int\u00e9gr\u00e9e Blaze 30 pouces LTE vendu et install\u00e9 par le Groupe Belleflamme. Laval, Montr\u00e9al, Gatineau, Drummondville et Saint-Sauveur.","og_url":"https:\/\/staging.belleflamme.ca\/fr\/produit\/plaque-chauffante-a-gaz-integree-blaze-30-pouces-lte\/","og_site_name":"Groupe BelleFlamme","article_publisher":"https:\/\/www.facebook.com\/belleflamme.ca\/","article_modified_time":"2024-05-16T17:02:39+00:00","og_image":[{"width":1000,"height":1000,"url":"https:\/\/www.belleflamme.ca\/wp-content\/uploads\/2023\/05\/griddleLTE1.webp","type":"image\/webp"}],"twitter_card":"summary_large_image","twitter_misc":{"Prix":"","Disponibilit\u00e9":"En stock"},"schema":{"@context":"https:\/\/schema.org","@graph":[{"@type":["WebPage","ItemPage"],"@id":"https:\/\/staging.belleflamme.ca\/fr\/produit\/plaque-chauffante-a-gaz-integree-blaze-30-pouces-lte\/","url":"https:\/\/staging.belleflamme.ca\/fr\/produit\/plaque-chauffante-a-gaz-integree-blaze-30-pouces-lte\/","name":"Plaque chauffante \u00e0 gaz int\u00e9gr\u00e9e Blaze 30 pouces LTE - Groupe BelleFlamme","isPartOf":{"@id":"https:\/\/www.belleflamme.ca\/fr\/#website"},"primaryImageOfPage":{"@id":"https:\/\/staging.belleflamme.ca\/fr\/produit\/plaque-chauffante-a-gaz-integree-blaze-30-pouces-lte\/#primaryimage"},"image":{"@id":"https:\/\/staging.belleflamme.ca\/fr\/produit\/plaque-chauffante-a-gaz-integree-blaze-30-pouces-lte\/#primaryimage"},"thumbnailUrl":"https:\/\/staging.belleflamme.ca\/wp-content\/uploads\/2023\/05\/griddleLTE1.webp","datePublished":"2023-05-16T16:10:41+00:00","dateModified":"2024-05-16T17:02:39+00:00","description":"Plaque chauffante \u00e0 gaz int\u00e9gr\u00e9e Blaze 30 pouces LTE [get_meta_en_fr]","breadcrumb":{"@id":"https:\/\/staging.belleflamme.ca\/fr\/produit\/plaque-chauffante-a-gaz-integree-blaze-30-pouces-lte\/#breadcrumb"},"inLanguage":"fr-FR","potentialAction":[{"@type":"ReadAction","target":["https:\/\/staging.belleflamme.ca\/fr\/produit\/plaque-chauffante-a-gaz-integree-blaze-30-pouces-lte\/"]}]},{"@type":"ImageObject","inLanguage":"fr-FR","@id":"https:\/\/staging.belleflamme.ca\/fr\/produit\/plaque-chauffante-a-gaz-integree-blaze-30-pouces-lte\/#primaryimage","url":"https:\/\/staging.belleflamme.ca\/wp-content\/uploads\/2023\/05\/griddleLTE1.webp","contentUrl":"https:\/\/staging.belleflamme.ca\/wp-content\/uploads\/2023\/05\/griddleLTE1.webp","width":1000,"height":1000,"caption":"Plaque chauffante \u00e0 gaz int\u00e9gr\u00e9e Blaze 30 pouces LTE"},{"@type":"BreadcrumbList","@id":"https:\/\/staging.belleflamme.ca\/fr\/produit\/plaque-chauffante-a-gaz-integree-blaze-30-pouces-lte\/#breadcrumb","itemListElement":[{"@type":"ListItem","position":1,"name":"Accueil","item":"https:\/\/www.belleflamme.ca\/fr\/"},{"@type":"ListItem","position":2,"name":"Boutique","item":"https:\/\/www.belleflamme.ca\/fr\/boutique\/"},{"@type":"ListItem","position":3,"name":"BBQ &amp; Produits Ext\u00e9rieurs","item":"https:\/\/staging.belleflamme.ca\/fr\/categories\/bbq-produits-exterieurs\/"},{"@type":"ListItem","position":4,"name":"Cuisine Ext\u00e9rieure","item":"https:\/\/staging.belleflamme.ca\/fr\/categories\/bbq-produits-exterieurs\/cuisine-exterieure\/"},{"@type":"ListItem","position":5,"name":"BBQ Ext\u00e9rieurs","item":"https:\/\/staging.belleflamme.ca\/fr\/categories\/bbq-produits-exterieurs\/cuisine-exterieure\/bbq-exterieurs\/"},{"@type":"ListItem","position":6,"name":"Plaque chauffante \u00e0 gaz int\u00e9gr\u00e9e Blaze 30 pouces LTE"}]},{"@type":"WebSite","@id":"https:\/\/www.belleflamme.ca\/fr\/#website","url":"https:\/\/www.belleflamme.ca\/fr\/","name":"Groupe Belleflamme","description":"La m\u00e9canique du b\u00e2timent dans le sang.","publisher":{"@id":"https:\/\/www.belleflamme.ca\/fr\/#organization"},"potentialAction":[{"@type":"SearchAction","target":{"@type":"EntryPoint","urlTemplate":"https:\/\/www.belleflamme.ca\/fr\/?s={search_term_string}"},"query-input":{"@type":"PropertyValueSpecification","valueRequired":true,"valueName":"search_term_string"}}],"inLanguage":"fr-FR"},{"@type":["Organization","Place"],"@id":"https:\/\/www.belleflamme.ca\/fr\/#organization","name":"Groupe Belleflamme","alternateName":"Belleflamme","url":"https:\/\/www.belleflamme.ca\/fr\/","logo":{"@type":"ImageObject","inLanguage":"fr-FR","@id":"https:\/\/www.belleflamme.ca\/fr\/#\/schema\/logo\/image\/","url":"https:\/\/staging.belleflamme.ca\/wp-content\/uploads\/2023\/01\/og-image.jpg","contentUrl":"https:\/\/staging.belleflamme.ca\/wp-content\/uploads\/2023\/01\/og-image.jpg","width":1200,"height":630,"caption":"Groupe Belleflamme"},"image":{"@id":"https:\/\/www.belleflamme.ca\/fr\/#\/schema\/logo\/image\/"},"sameAs":["https:\/\/www.facebook.com\/belleflamme.ca\/","https:\/\/www.linkedin.com\/company\/belleflamme\/","https:\/\/www.pinterest.ca\/groupebelleflamme\/","https:\/\/www.instagram.com\/legroupebelleflamme\/"],"mainEntityOfPage":{"@id":"https:\/\/staging.belleflamme.ca\/fr\/produit\/plaque-chauffante-a-gaz-integree-blaze-30-pouces-lte\/"}}]},"product_brand":"Blaze","product_price_amount":"0.00","product_price_currency":"CAD","og_availability":"instock","product_availability":"instock","product_condition":"new"},"_links":{"self":[{"href":"https:\/\/staging.belleflamme.ca\/fr\/wp-json\/wp\/v2\/product\/14558","targetHints":{"allow":["GET"]}}],"collection":[{"href":"https:\/\/staging.belleflamme.ca\/fr\/wp-json\/wp\/v2\/product"}],"about":[{"href":"https:\/\/staging.belleflamme.ca\/fr\/wp-json\/wp\/v2\/types\/product"}],"version-history":[{"count":5,"href":"https:\/\/staging.belleflamme.ca\/fr\/wp-json\/wp\/v2\/product\/14558\/revisions"}],"predecessor-version":[{"id":38822,"href":"https:\/\/staging.belleflamme.ca\/fr\/wp-json\/wp\/v2\/product\/14558\/revisions\/38822"}],"wp:featuredmedia":[{"embeddable":true,"href":"https:\/\/staging.belleflamme.ca\/fr\/wp-json\/wp\/v2\/media\/14559"}],"wp:attachment":[{"href":"https:\/\/staging.belleflamme.ca\/fr\/wp-json\/wp\/v2\/media?parent=14558"}],"wp:term":[{"taxonomy":"product_brand","embeddable":true,"href":"https:\/\/staging.belleflamme.ca\/fr\/wp-json\/wp\/v2\/product_brand?post=14558"},{"taxonomy":"product_cat","embeddable":true,"href":"https:\/\/staging.belleflamme.ca\/fr\/wp-json\/wp\/v2\/product_cat?post=14558"},{"taxonomy":"product_tag","embeddable":true,"href":"https:\/\/staging.belleflamme.ca\/fr\/wp-json\/wp\/v2\/product_tag?post=14558"}],"curies":[{"name":"wp","href":"https:\/\/api.w.org\/{rel}","templated":true}]}}