{"id":14535,"date":"2023-05-16T11:31:30","date_gmt":"2023-05-16T15:31:30","guid":{"rendered":"https:\/\/www.belleflamme.ca\/?post_type=product&#038;p=14535"},"modified":"2024-05-16T12:56:26","modified_gmt":"2024-05-16T16:56:26","slug":"gril-a-gaz-blaze-32-pouces-a-4-bruleurs-lte-avec-bruleur-arriere-et-systeme-declairage-integre","status":"publish","type":"product","link":"https:\/\/staging.belleflamme.ca\/fr\/produit\/gril-a-gaz-blaze-32-pouces-a-4-bruleurs-lte-avec-bruleur-arriere-et-systeme-declairage-integre\/","title":{"rendered":"Gril \u00e0 gaz Blaze 32 pouces \u00e0 4 br\u00fbleurs LTE avec br\u00fbleur arri\u00e8re et syst\u00e8me d&#8217;\u00e9clairage int\u00e9gr\u00e9"},"content":{"rendered":"\t\t<div data-elementor-type=\"product-post\" data-elementor-id=\"14535\" class=\"elementor elementor-14535\" data-elementor-post-type=\"product\">\n\t\t\t\t\t\t<section class=\"elementor-section elementor-top-section elementor-element elementor-element-35b71eff elementor-section-boxed elementor-section-height-default elementor-section-height-default\" data-id=\"35b71eff\" data-element_type=\"section\">\n\t\t\t\t\t\t<div class=\"elementor-container elementor-column-gap-default\">\n\t\t\t\t\t<div class=\"elementor-column elementor-col-100 elementor-top-column elementor-element elementor-element-19d9a5a0\" data-id=\"19d9a5a0\" data-element_type=\"column\">\n\t\t\t<div class=\"elementor-widget-wrap elementor-element-populated\">\n\t\t\t\t\t\t<div class=\"elementor-element elementor-element-6dd196d7 elementor-widget elementor-widget-text-editor\" data-id=\"6dd196d7\" data-element_type=\"widget\" data-widget_type=\"text-editor.default\">\n\t\t\t\t<div class=\"elementor-widget-container\">\n\t\t\t\t\t\t\t\t\t<ul>\r\n \t<li>4 br\u00fbleurs en acier inoxydable moul\u00e9 304 de qualit\u00e9 commerciale<\/li>\r\n \t<li>14 000 BTU de puissance de cuisson par br\u00fbleur, pour une surface de cuisson totale de 56 000 BTU<\/li>\r\n \t<li>Br\u00fbleur de r\u00f4tissoire arri\u00e8re infrarouge de 10 000 BTU<\/li>\r\n \t<li>Le total des BTU du gril \u00e9quivaut \u00e0 66 000<\/li>\r\n \t<li>Les tiges de cuisson triangulaires lourdes en acier inoxydable de 9 mm maximisent la durabilit\u00e9 et produisent des marques de cuisson distingu\u00e9es<\/li>\r\n \t<li>715 pouces carr\u00e9s d&#8217;espace de cuisson total<\/li>\r\n \t<li>Pousser et tourner le syst\u00e8me d&#8217;allumage principal du lance-flammes pour un d\u00e9marrage rapide \u00e0 chaque fois<\/li>\r\n \t<li>L&#8217;allumage du tube flash et les croisements offrent une option d&#8217;allumage alternative<\/li>\r\n \t<li>Grille chauffante amovible<\/li>\r\n \t<li>Les s\u00e9parateurs de zone de chaleur divisent la surface de cuisson en zones de temp\u00e9rature individuelles<\/li>\r\n \t<li>Les grilles stabilisatrices de flamme minimisent les flamb\u00e9es tout en ajoutant une saveur grill\u00e9e<\/li>\r\n \t<li>Bac d&#8217;\u00e9gouttement pleine largeur pour un nettoyage rapide<\/li>\r\n \t<li>Les boutons de commande \u00e9clair\u00e9s pour les soir\u00e9es cr\u00e9ent une apparence sophistiqu\u00e9e<\/li>\r\n \t<li>Les lumi\u00e8res int\u00e9rieures aident \u00e0 naviguer sur la surface de cuisson la nuit<\/li>\r\n \t<li>Le capot de gril \u00e0 double doublure prot\u00e8ge la couche ext\u00e9rieure de la d\u00e9coloration due \u00e0 la chaleur et maintient plus de chaleur.<\/li>\r\n \t<li>Blaze Grills offre une impressionnante garantie \u00e0 vie<\/li>\r\n<\/ul>\r\nBlaze pr\u00e9sente un gril de style commercial abordable qui a \u00e9t\u00e9 con\u00e7u en pensant \u00e0 vos d\u00e9sirs de barbecue en plein air. Les grils \u00e0 gaz Blaze sont dot\u00e9s de composants en acier inoxydable 304 d\u00e9coup\u00e9s avec pr\u00e9cision qui promettent une durabilit\u00e9 durable \u00e0 votre barbecue ext\u00e9rieur! Ce mod\u00e8le fait passer les choses au niveau sup\u00e9rieur avec nos lumi\u00e8res d&#8217;accentuation \u00e0 DEL SRL et notre \u00e9clairage de capot halog\u00e8ne int\u00e9gr\u00e9. Les grils \u00e0 gaz Blaze ont une garantie \u00e0 vie qui garantit contre tout d\u00e9faut de fabrication et de fabrication des br\u00fbleurs principaux, des grilles de cuisson, du corps, des dompteurs de flamme, des s\u00e9parateurs de zone de chaleur, de la grille de r\u00e9chauffage et des vannes de contr\u00f4le. Les syst\u00e8mes d&#8217;allumage, \u00e9lectroniques et d&#8217;\u00e9clairage sont couverts pendant un (1) an apr\u00e8s la date d&#8217;achat. Les grils doivent \u00eatre enregistr\u00e9s dans les trente jours pour que la garantie s&#8217;applique.\r\n\r\n&nbsp;\r\n<table class=\"woocommerce-product-attributes shop_attributes\">\r\n<tbody>\r\n<tr class=\"woocommerce-product-attributes-item woocommerce-product-attributes-item--weight\">\r\n<th class=\"woocommerce-product-attributes-item__label\">Poid<\/th>\r\n<td class=\"woocommerce-product-attributes-item__value\">114 lbs<\/td>\r\n<\/tr>\r\n<tr class=\"woocommerce-product-attributes-item woocommerce-product-attributes-item--attribute_dimensions\">\r\n<th class=\"woocommerce-product-attributes-item__label\">Dimensions<\/th>\r\n<td class=\"woocommerce-product-attributes-item__value\">21\u00bc\u2033 H \u00d7 32\u00bd\u2033 L \u00d7 25\u00be\u2033 P<\/td>\r\n<\/tr>\r\n<tr class=\"woocommerce-product-attributes-item woocommerce-product-attributes-item--attribute_cut-out-dimensions\">\r\n<th class=\"woocommerce-product-attributes-item__label\">Dimensions de d\u00e9coupe<\/th>\r\n<td class=\"woocommerce-product-attributes-item__value\">8\u00bd\u2033 H \u00d7 30\u215d\u2033 L \u00d7 21\u00bc\u2033 P<\/td>\r\n<\/tr>\r\n<\/tbody>\r\n<\/table>\t\t\t\t\t\t\t\t<\/div>\n\t\t\t\t<\/div>\n\t\t\t\t\t<\/div>\n\t\t<\/div>\n\t\t\t\t\t<\/div>\n\t\t<\/section>\n\t\t\t\t<section class=\"elementor-section elementor-top-section elementor-element elementor-element-1bd2e83 elementor-section-boxed elementor-section-height-default elementor-section-height-default\" data-id=\"1bd2e83\" data-element_type=\"section\">\n\t\t\t\t\t\t<div class=\"elementor-container elementor-column-gap-default\">\n\t\t\t\t\t<div class=\"elementor-column elementor-col-100 elementor-top-column elementor-element elementor-element-8c7236f\" data-id=\"8c7236f\" data-element_type=\"column\">\n\t\t\t<div class=\"elementor-widget-wrap elementor-element-populated\">\n\t\t\t\t\t\t<div class=\"elementor-element elementor-element-9e70920 elementor-tabs-view-horizontal elementor-widget elementor-widget-tabs\" data-id=\"9e70920\" data-element_type=\"widget\" data-widget_type=\"tabs.default\">\n\t\t\t\t<div class=\"elementor-widget-container\">\n\t\t\t\t\t\t\t<div class=\"elementor-tabs\">\n\t\t\t<div class=\"elementor-tabs-wrapper\" role=\"tablist\" >\n\t\t\t\t\t\t\t\t\t<div id=\"elementor-tab-title-1661\" class=\"elementor-tab-title elementor-tab-desktop-title\" aria-selected=\"true\" data-tab=\"1\" role=\"tab\" tabindex=\"0\" aria-controls=\"elementor-tab-content-1661\" aria-expanded=\"false\">Fichiers<\/div>\n\t\t\t\t\t\t\t<\/div>\n\t\t\t<div class=\"elementor-tabs-content-wrapper\" role=\"tablist\" aria-orientation=\"vertical\">\n\t\t\t\t\t\t\t\t\t<div class=\"elementor-tab-title elementor-tab-mobile-title\" aria-selected=\"true\" data-tab=\"1\" role=\"tab\" tabindex=\"0\" aria-controls=\"elementor-tab-content-1661\" aria-expanded=\"false\">Fichiers<\/div>\n\t\t\t\t\t<div id=\"elementor-tab-content-1661\" class=\"elementor-tab-content elementor-clearfix\" data-tab=\"1\" role=\"tabpanel\" aria-labelledby=\"elementor-tab-title-1661\" tabindex=\"0\" hidden=\"false\">\\<i class=\"far fa-file-pdf fa-xl\" style=\"font-size:35px\"><\/i><a href=\"https:\/\/www.belleflamme.ca\/wp-content\/uploads\/2023\/07\/Blaze-LTE2-User-Manual.pdf\"> Manuel<\/a><\/br><\/div>\n\t\t\t\t\t\t\t<\/div>\n\t\t<\/div>\n\t\t\t\t\t\t<\/div>\n\t\t\t\t<\/div>\n\t\t\t\t\t<\/div>\n\t\t<\/div>\n\t\t\t\t\t<\/div>\n\t\t<\/section>\n\t\t\t\t<\/div>\n\t\t","protected":false},"excerpt":{"rendered":"<p>4 br\u00fbleurs en acier inoxydable moul\u00e9 304 de qualit\u00e9 commerciale 14 000 BTU de puissance de cuisson par br\u00fbleur, pour une surface de cuisson totale de 56 000 BTU Br\u00fbleur de r\u00f4tissoire arri\u00e8re infrarouge de 10 000 BTU Le total des BTU du gril \u00e9quivaut \u00e0 66 000 Les tiges de cuisson triangulaires lourdes en [&hellip;]<\/p>\n","protected":false},"featured_media":14536,"template":"","meta":{"inline_featured_image":false},"product_brand":[346],"product_cat":[113,114,351,116],"product_tag":[],"class_list":{"0":"post-14535","1":"product","2":"type-product","3":"status-publish","4":"has-post-thumbnail","6":"product_brand-blaze","7":"product_cat-bbq-produits-exterieurs","8":"product_cat-bbq-au-gaz","9":"product_cat-bbq-exterieurs","10":"product_cat-cuisine-exterieure","12":"first","13":"instock","14":"taxable","15":"shipping-taxable","16":"product-type-simple"},"yoast_head":"<!-- This site is optimized with the Yoast SEO Premium plugin v24.2 (Yoast SEO v24.2) - https:\/\/yoast.com\/wordpress\/plugins\/seo\/ -->\n<title>Gril \u00e0 gaz Blaze 32 pouces \u00e0 4 br\u00fbleurs LTE avec br\u00fbleur arri\u00e8re et syst\u00e8me d&#039;\u00e9clairage int\u00e9gr\u00e9 - Groupe BelleFlamme<\/title>\n<meta name=\"description\" content=\"Gril \u00e0 gaz Blaze 32 pouces \u00e0 4 br\u00fbleurs LTE avec br\u00fbleur arri\u00e8re et syst\u00e8me d&#039;\u00e9clairage int\u00e9gr\u00e9 vendu et install\u00e9 par le Groupe Belleflamme. Laval, Montr\u00e9al, Gatineau, Drummondville et Saint-Sauveur.\" \/>\n<meta name=\"robots\" content=\"index, follow, max-snippet:-1, max-image-preview:large, max-video-preview:-1\" \/>\n<link rel=\"canonical\" href=\"https:\/\/staging.belleflamme.ca\/fr\/produit\/gril-a-gaz-blaze-32-pouces-a-4-bruleurs-lte-avec-bruleur-arriere-et-systeme-declairage-integre\/\" \/>\n<meta property=\"og:locale\" content=\"fr_FR\" \/>\n<meta property=\"og:type\" content=\"article\" \/>\n<meta property=\"og:title\" content=\"Gril \u00e0 gaz Blaze 32 pouces \u00e0 4 br\u00fbleurs LTE avec br\u00fbleur arri\u00e8re et syst\u00e8me d&#039;\u00e9clairage int\u00e9gr\u00e9\" \/>\n<meta property=\"og:description\" content=\"Gril \u00e0 gaz Blaze 32 pouces \u00e0 4 br\u00fbleurs LTE avec br\u00fbleur arri\u00e8re et syst\u00e8me d&#039;\u00e9clairage int\u00e9gr\u00e9 vendu et install\u00e9 par le Groupe Belleflamme. Laval, Montr\u00e9al, Gatineau, Drummondville et Saint-Sauveur.\" \/>\n<meta property=\"og:url\" content=\"https:\/\/staging.belleflamme.ca\/fr\/produit\/gril-a-gaz-blaze-32-pouces-a-4-bruleurs-lte-avec-bruleur-arriere-et-systeme-declairage-integre\/\" \/>\n<meta property=\"og:site_name\" content=\"Groupe BelleFlamme\" \/>\n<meta property=\"article:publisher\" content=\"https:\/\/www.facebook.com\/belleflamme.ca\/\" \/>\n<meta property=\"article:modified_time\" content=\"2024-05-16T16:56:26+00:00\" \/>\n<meta property=\"og:image\" content=\"https:\/\/www.belleflamme.ca\/wp-content\/uploads\/2023\/05\/4lte-grill-top.webp\" \/>\n\t<meta property=\"og:image:width\" content=\"1008\" \/>\n\t<meta property=\"og:image:height\" content=\"1080\" \/>\n\t<meta property=\"og:image:type\" content=\"image\/webp\" \/>\n<meta name=\"twitter:card\" content=\"summary_large_image\" \/>\n<meta name=\"twitter:label1\" content=\"Prix\" \/>\n\t<meta name=\"twitter:data1\" content=\"\" \/>\n\t<meta name=\"twitter:label2\" content=\"Disponibilit\u00e9\" \/>\n\t<meta name=\"twitter:data2\" content=\"En stock\" \/>\n<script type=\"application\/ld+json\" class=\"yoast-schema-graph\">{\"@context\":\"https:\/\/schema.org\",\"@graph\":[{\"@type\":[\"WebPage\",\"ItemPage\"],\"@id\":\"https:\/\/staging.belleflamme.ca\/fr\/produit\/gril-a-gaz-blaze-32-pouces-a-4-bruleurs-lte-avec-bruleur-arriere-et-systeme-declairage-integre\/\",\"url\":\"https:\/\/staging.belleflamme.ca\/fr\/produit\/gril-a-gaz-blaze-32-pouces-a-4-bruleurs-lte-avec-bruleur-arriere-et-systeme-declairage-integre\/\",\"name\":\"Gril \u00e0 gaz Blaze 32 pouces \u00e0 4 br\u00fbleurs LTE avec br\u00fbleur arri\u00e8re et syst\u00e8me d'\u00e9clairage int\u00e9gr\u00e9 - Groupe BelleFlamme\",\"isPartOf\":{\"@id\":\"https:\/\/www.belleflamme.ca\/fr\/#website\"},\"primaryImageOfPage\":{\"@id\":\"https:\/\/staging.belleflamme.ca\/fr\/produit\/gril-a-gaz-blaze-32-pouces-a-4-bruleurs-lte-avec-bruleur-arriere-et-systeme-declairage-integre\/#primaryimage\"},\"image\":{\"@id\":\"https:\/\/staging.belleflamme.ca\/fr\/produit\/gril-a-gaz-blaze-32-pouces-a-4-bruleurs-lte-avec-bruleur-arriere-et-systeme-declairage-integre\/#primaryimage\"},\"thumbnailUrl\":\"https:\/\/staging.belleflamme.ca\/wp-content\/uploads\/2023\/05\/4lte-grill-top.webp\",\"datePublished\":\"2023-05-16T15:31:30+00:00\",\"dateModified\":\"2024-05-16T16:56:26+00:00\",\"description\":\"Gril \u00e0 gaz Blaze 32 pouces \u00e0 4 br\u00fbleurs LTE avec br\u00fbleur arri\u00e8re et syst\u00e8me d'\u00e9clairage int\u00e9gr\u00e9 [get_meta_en_fr]\",\"breadcrumb\":{\"@id\":\"https:\/\/staging.belleflamme.ca\/fr\/produit\/gril-a-gaz-blaze-32-pouces-a-4-bruleurs-lte-avec-bruleur-arriere-et-systeme-declairage-integre\/#breadcrumb\"},\"inLanguage\":\"fr-FR\",\"potentialAction\":[{\"@type\":\"ReadAction\",\"target\":[\"https:\/\/staging.belleflamme.ca\/fr\/produit\/gril-a-gaz-blaze-32-pouces-a-4-bruleurs-lte-avec-bruleur-arriere-et-systeme-declairage-integre\/\"]}]},{\"@type\":\"ImageObject\",\"inLanguage\":\"fr-FR\",\"@id\":\"https:\/\/staging.belleflamme.ca\/fr\/produit\/gril-a-gaz-blaze-32-pouces-a-4-bruleurs-lte-avec-bruleur-arriere-et-systeme-declairage-integre\/#primaryimage\",\"url\":\"https:\/\/staging.belleflamme.ca\/wp-content\/uploads\/2023\/05\/4lte-grill-top.webp\",\"contentUrl\":\"https:\/\/staging.belleflamme.ca\/wp-content\/uploads\/2023\/05\/4lte-grill-top.webp\",\"width\":1008,\"height\":1080,\"caption\":\"Gril \u00e0 gaz Blaze 32 pouces \u00e0 4 br\u00fbleurs LTE avec br\u00fbleur arri\u00e8re et syst\u00e8me d'\u00e9clairage int\u00e9gr\u00e9\"},{\"@type\":\"BreadcrumbList\",\"@id\":\"https:\/\/staging.belleflamme.ca\/fr\/produit\/gril-a-gaz-blaze-32-pouces-a-4-bruleurs-lte-avec-bruleur-arriere-et-systeme-declairage-integre\/#breadcrumb\",\"itemListElement\":[{\"@type\":\"ListItem\",\"position\":1,\"name\":\"Accueil\",\"item\":\"https:\/\/www.belleflamme.ca\/fr\/\"},{\"@type\":\"ListItem\",\"position\":2,\"name\":\"Boutique\",\"item\":\"https:\/\/www.belleflamme.ca\/fr\/boutique\/\"},{\"@type\":\"ListItem\",\"position\":3,\"name\":\"BBQ &amp; Produits Ext\u00e9rieurs\",\"item\":\"https:\/\/staging.belleflamme.ca\/fr\/categories\/bbq-produits-exterieurs\/\"},{\"@type\":\"ListItem\",\"position\":4,\"name\":\"Cuisine Ext\u00e9rieure\",\"item\":\"https:\/\/staging.belleflamme.ca\/fr\/categories\/bbq-produits-exterieurs\/cuisine-exterieure\/\"},{\"@type\":\"ListItem\",\"position\":5,\"name\":\"BBQ Ext\u00e9rieurs\",\"item\":\"https:\/\/staging.belleflamme.ca\/fr\/categories\/bbq-produits-exterieurs\/cuisine-exterieure\/bbq-exterieurs\/\"},{\"@type\":\"ListItem\",\"position\":6,\"name\":\"Gril \u00e0 gaz Blaze 32 pouces \u00e0 4 br\u00fbleurs LTE avec br\u00fbleur arri\u00e8re et syst\u00e8me d&#8217;\u00e9clairage int\u00e9gr\u00e9\"}]},{\"@type\":\"WebSite\",\"@id\":\"https:\/\/www.belleflamme.ca\/fr\/#website\",\"url\":\"https:\/\/www.belleflamme.ca\/fr\/\",\"name\":\"Groupe Belleflamme\",\"description\":\"La m\u00e9canique du b\u00e2timent dans le sang.\",\"publisher\":{\"@id\":\"https:\/\/www.belleflamme.ca\/fr\/#organization\"},\"potentialAction\":[{\"@type\":\"SearchAction\",\"target\":{\"@type\":\"EntryPoint\",\"urlTemplate\":\"https:\/\/www.belleflamme.ca\/fr\/?s={search_term_string}\"},\"query-input\":{\"@type\":\"PropertyValueSpecification\",\"valueRequired\":true,\"valueName\":\"search_term_string\"}}],\"inLanguage\":\"fr-FR\"},{\"@type\":[\"Organization\",\"Place\"],\"@id\":\"https:\/\/www.belleflamme.ca\/fr\/#organization\",\"name\":\"Groupe Belleflamme\",\"alternateName\":\"Belleflamme\",\"url\":\"https:\/\/www.belleflamme.ca\/fr\/\",\"logo\":{\"@type\":\"ImageObject\",\"inLanguage\":\"fr-FR\",\"@id\":\"https:\/\/www.belleflamme.ca\/fr\/#\/schema\/logo\/image\/\",\"url\":\"https:\/\/staging.belleflamme.ca\/wp-content\/uploads\/2023\/01\/og-image.jpg\",\"contentUrl\":\"https:\/\/staging.belleflamme.ca\/wp-content\/uploads\/2023\/01\/og-image.jpg\",\"width\":1200,\"height\":630,\"caption\":\"Groupe Belleflamme\"},\"image\":{\"@id\":\"https:\/\/www.belleflamme.ca\/fr\/#\/schema\/logo\/image\/\"},\"sameAs\":[\"https:\/\/www.facebook.com\/belleflamme.ca\/\",\"https:\/\/www.linkedin.com\/company\/belleflamme\/\",\"https:\/\/www.pinterest.ca\/groupebelleflamme\/\",\"https:\/\/www.instagram.com\/legroupebelleflamme\/\"],\"mainEntityOfPage\":{\"@id\":\"https:\/\/staging.belleflamme.ca\/fr\/produit\/gril-a-gaz-blaze-32-pouces-a-4-bruleurs-lte-avec-bruleur-arriere-et-systeme-declairage-integre\/\"}}]}<\/script>\n<meta property=\"product:brand\" content=\"Blaze\" \/>\n<meta property=\"product:price:amount\" content=\"0.00\" \/>\n<meta property=\"product:price:currency\" content=\"CAD\" \/>\n<meta property=\"og:availability\" content=\"instock\" \/>\n<meta property=\"product:availability\" content=\"instock\" \/>\n<meta property=\"product:condition\" content=\"new\" \/>\n<!-- \/ Yoast SEO Premium plugin. -->","yoast_head_json":{"title":"Gril \u00e0 gaz Blaze 32 pouces \u00e0 4 br\u00fbleurs LTE avec br\u00fbleur arri\u00e8re et syst\u00e8me d'\u00e9clairage int\u00e9gr\u00e9 - Groupe BelleFlamme","description":"Gril \u00e0 gaz Blaze 32 pouces \u00e0 4 br\u00fbleurs LTE avec br\u00fbleur arri\u00e8re et syst\u00e8me d'\u00e9clairage int\u00e9gr\u00e9 vendu et install\u00e9 par le Groupe Belleflamme. Laval, Montr\u00e9al, Gatineau, Drummondville et Saint-Sauveur.","robots":{"index":"index","follow":"follow","max-snippet":"max-snippet:-1","max-image-preview":"max-image-preview:large","max-video-preview":"max-video-preview:-1"},"canonical":"https:\/\/staging.belleflamme.ca\/fr\/produit\/gril-a-gaz-blaze-32-pouces-a-4-bruleurs-lte-avec-bruleur-arriere-et-systeme-declairage-integre\/","og_locale":"fr_FR","og_type":"article","og_title":"Gril \u00e0 gaz Blaze 32 pouces \u00e0 4 br\u00fbleurs LTE avec br\u00fbleur arri\u00e8re et syst\u00e8me d'\u00e9clairage int\u00e9gr\u00e9","og_description":"Gril \u00e0 gaz Blaze 32 pouces \u00e0 4 br\u00fbleurs LTE avec br\u00fbleur arri\u00e8re et syst\u00e8me d'\u00e9clairage int\u00e9gr\u00e9 vendu et install\u00e9 par le Groupe Belleflamme. Laval, Montr\u00e9al, Gatineau, Drummondville et Saint-Sauveur.","og_url":"https:\/\/staging.belleflamme.ca\/fr\/produit\/gril-a-gaz-blaze-32-pouces-a-4-bruleurs-lte-avec-bruleur-arriere-et-systeme-declairage-integre\/","og_site_name":"Groupe BelleFlamme","article_publisher":"https:\/\/www.facebook.com\/belleflamme.ca\/","article_modified_time":"2024-05-16T16:56:26+00:00","og_image":[{"width":1008,"height":1080,"url":"https:\/\/www.belleflamme.ca\/wp-content\/uploads\/2023\/05\/4lte-grill-top.webp","type":"image\/webp"}],"twitter_card":"summary_large_image","twitter_misc":{"Prix":"","Disponibilit\u00e9":"En stock"},"schema":{"@context":"https:\/\/schema.org","@graph":[{"@type":["WebPage","ItemPage"],"@id":"https:\/\/staging.belleflamme.ca\/fr\/produit\/gril-a-gaz-blaze-32-pouces-a-4-bruleurs-lte-avec-bruleur-arriere-et-systeme-declairage-integre\/","url":"https:\/\/staging.belleflamme.ca\/fr\/produit\/gril-a-gaz-blaze-32-pouces-a-4-bruleurs-lte-avec-bruleur-arriere-et-systeme-declairage-integre\/","name":"Gril \u00e0 gaz Blaze 32 pouces \u00e0 4 br\u00fbleurs LTE avec br\u00fbleur arri\u00e8re et syst\u00e8me d'\u00e9clairage int\u00e9gr\u00e9 - Groupe BelleFlamme","isPartOf":{"@id":"https:\/\/www.belleflamme.ca\/fr\/#website"},"primaryImageOfPage":{"@id":"https:\/\/staging.belleflamme.ca\/fr\/produit\/gril-a-gaz-blaze-32-pouces-a-4-bruleurs-lte-avec-bruleur-arriere-et-systeme-declairage-integre\/#primaryimage"},"image":{"@id":"https:\/\/staging.belleflamme.ca\/fr\/produit\/gril-a-gaz-blaze-32-pouces-a-4-bruleurs-lte-avec-bruleur-arriere-et-systeme-declairage-integre\/#primaryimage"},"thumbnailUrl":"https:\/\/staging.belleflamme.ca\/wp-content\/uploads\/2023\/05\/4lte-grill-top.webp","datePublished":"2023-05-16T15:31:30+00:00","dateModified":"2024-05-16T16:56:26+00:00","description":"Gril \u00e0 gaz Blaze 32 pouces \u00e0 4 br\u00fbleurs LTE avec br\u00fbleur arri\u00e8re et syst\u00e8me d'\u00e9clairage int\u00e9gr\u00e9 [get_meta_en_fr]","breadcrumb":{"@id":"https:\/\/staging.belleflamme.ca\/fr\/produit\/gril-a-gaz-blaze-32-pouces-a-4-bruleurs-lte-avec-bruleur-arriere-et-systeme-declairage-integre\/#breadcrumb"},"inLanguage":"fr-FR","potentialAction":[{"@type":"ReadAction","target":["https:\/\/staging.belleflamme.ca\/fr\/produit\/gril-a-gaz-blaze-32-pouces-a-4-bruleurs-lte-avec-bruleur-arriere-et-systeme-declairage-integre\/"]}]},{"@type":"ImageObject","inLanguage":"fr-FR","@id":"https:\/\/staging.belleflamme.ca\/fr\/produit\/gril-a-gaz-blaze-32-pouces-a-4-bruleurs-lte-avec-bruleur-arriere-et-systeme-declairage-integre\/#primaryimage","url":"https:\/\/staging.belleflamme.ca\/wp-content\/uploads\/2023\/05\/4lte-grill-top.webp","contentUrl":"https:\/\/staging.belleflamme.ca\/wp-content\/uploads\/2023\/05\/4lte-grill-top.webp","width":1008,"height":1080,"caption":"Gril \u00e0 gaz Blaze 32 pouces \u00e0 4 br\u00fbleurs LTE avec br\u00fbleur arri\u00e8re et syst\u00e8me d'\u00e9clairage int\u00e9gr\u00e9"},{"@type":"BreadcrumbList","@id":"https:\/\/staging.belleflamme.ca\/fr\/produit\/gril-a-gaz-blaze-32-pouces-a-4-bruleurs-lte-avec-bruleur-arriere-et-systeme-declairage-integre\/#breadcrumb","itemListElement":[{"@type":"ListItem","position":1,"name":"Accueil","item":"https:\/\/www.belleflamme.ca\/fr\/"},{"@type":"ListItem","position":2,"name":"Boutique","item":"https:\/\/www.belleflamme.ca\/fr\/boutique\/"},{"@type":"ListItem","position":3,"name":"BBQ &amp; Produits Ext\u00e9rieurs","item":"https:\/\/staging.belleflamme.ca\/fr\/categories\/bbq-produits-exterieurs\/"},{"@type":"ListItem","position":4,"name":"Cuisine Ext\u00e9rieure","item":"https:\/\/staging.belleflamme.ca\/fr\/categories\/bbq-produits-exterieurs\/cuisine-exterieure\/"},{"@type":"ListItem","position":5,"name":"BBQ Ext\u00e9rieurs","item":"https:\/\/staging.belleflamme.ca\/fr\/categories\/bbq-produits-exterieurs\/cuisine-exterieure\/bbq-exterieurs\/"},{"@type":"ListItem","position":6,"name":"Gril \u00e0 gaz Blaze 32 pouces \u00e0 4 br\u00fbleurs LTE avec br\u00fbleur arri\u00e8re et syst\u00e8me d&#8217;\u00e9clairage int\u00e9gr\u00e9"}]},{"@type":"WebSite","@id":"https:\/\/www.belleflamme.ca\/fr\/#website","url":"https:\/\/www.belleflamme.ca\/fr\/","name":"Groupe Belleflamme","description":"La m\u00e9canique du b\u00e2timent dans le sang.","publisher":{"@id":"https:\/\/www.belleflamme.ca\/fr\/#organization"},"potentialAction":[{"@type":"SearchAction","target":{"@type":"EntryPoint","urlTemplate":"https:\/\/www.belleflamme.ca\/fr\/?s={search_term_string}"},"query-input":{"@type":"PropertyValueSpecification","valueRequired":true,"valueName":"search_term_string"}}],"inLanguage":"fr-FR"},{"@type":["Organization","Place"],"@id":"https:\/\/www.belleflamme.ca\/fr\/#organization","name":"Groupe Belleflamme","alternateName":"Belleflamme","url":"https:\/\/www.belleflamme.ca\/fr\/","logo":{"@type":"ImageObject","inLanguage":"fr-FR","@id":"https:\/\/www.belleflamme.ca\/fr\/#\/schema\/logo\/image\/","url":"https:\/\/staging.belleflamme.ca\/wp-content\/uploads\/2023\/01\/og-image.jpg","contentUrl":"https:\/\/staging.belleflamme.ca\/wp-content\/uploads\/2023\/01\/og-image.jpg","width":1200,"height":630,"caption":"Groupe Belleflamme"},"image":{"@id":"https:\/\/www.belleflamme.ca\/fr\/#\/schema\/logo\/image\/"},"sameAs":["https:\/\/www.facebook.com\/belleflamme.ca\/","https:\/\/www.linkedin.com\/company\/belleflamme\/","https:\/\/www.pinterest.ca\/groupebelleflamme\/","https:\/\/www.instagram.com\/legroupebelleflamme\/"],"mainEntityOfPage":{"@id":"https:\/\/staging.belleflamme.ca\/fr\/produit\/gril-a-gaz-blaze-32-pouces-a-4-bruleurs-lte-avec-bruleur-arriere-et-systeme-declairage-integre\/"}}]},"product_brand":"Blaze","product_price_amount":"0.00","product_price_currency":"CAD","og_availability":"instock","product_availability":"instock","product_condition":"new"},"_links":{"self":[{"href":"https:\/\/staging.belleflamme.ca\/fr\/wp-json\/wp\/v2\/product\/14535","targetHints":{"allow":["GET"]}}],"collection":[{"href":"https:\/\/staging.belleflamme.ca\/fr\/wp-json\/wp\/v2\/product"}],"about":[{"href":"https:\/\/staging.belleflamme.ca\/fr\/wp-json\/wp\/v2\/types\/product"}],"version-history":[{"count":6,"href":"https:\/\/staging.belleflamme.ca\/fr\/wp-json\/wp\/v2\/product\/14535\/revisions"}],"predecessor-version":[{"id":38815,"href":"https:\/\/staging.belleflamme.ca\/fr\/wp-json\/wp\/v2\/product\/14535\/revisions\/38815"}],"wp:featuredmedia":[{"embeddable":true,"href":"https:\/\/staging.belleflamme.ca\/fr\/wp-json\/wp\/v2\/media\/14536"}],"wp:attachment":[{"href":"https:\/\/staging.belleflamme.ca\/fr\/wp-json\/wp\/v2\/media?parent=14535"}],"wp:term":[{"taxonomy":"product_brand","embeddable":true,"href":"https:\/\/staging.belleflamme.ca\/fr\/wp-json\/wp\/v2\/product_brand?post=14535"},{"taxonomy":"product_cat","embeddable":true,"href":"https:\/\/staging.belleflamme.ca\/fr\/wp-json\/wp\/v2\/product_cat?post=14535"},{"taxonomy":"product_tag","embeddable":true,"href":"https:\/\/staging.belleflamme.ca\/fr\/wp-json\/wp\/v2\/product_tag?post=14535"}],"curies":[{"name":"wp","href":"https:\/\/api.w.org\/{rel}","templated":true}]}}