{"id":14529,"date":"2023-05-16T11:26:19","date_gmt":"2023-05-16T15:26:19","guid":{"rendered":"https:\/\/www.belleflamme.ca\/?post_type=product&#038;p=14529"},"modified":"2024-05-16T12:42:12","modified_gmt":"2024-05-16T16:42:12","slug":"blaze-marine-grade-316l-4-bruleurs-premium-lte","status":"publish","type":"product","link":"https:\/\/staging.belleflamme.ca\/fr\/produit\/blaze-marine-grade-316l-4-bruleurs-premium-lte\/","title":{"rendered":"Blaze Marine Grade 316L 4 br\u00fbleurs Premium LTE"},"content":{"rendered":"\t\t<div data-elementor-type=\"product-post\" data-elementor-id=\"14529\" class=\"elementor elementor-14529\" data-elementor-post-type=\"product\">\n\t\t\t\t\t\t<section class=\"elementor-section elementor-top-section elementor-element elementor-element-23759a5a elementor-section-boxed elementor-section-height-default elementor-section-height-default\" data-id=\"23759a5a\" data-element_type=\"section\">\n\t\t\t\t\t\t<div class=\"elementor-container elementor-column-gap-default\">\n\t\t\t\t\t<div class=\"elementor-column elementor-col-100 elementor-top-column elementor-element elementor-element-280d1e2a\" data-id=\"280d1e2a\" data-element_type=\"column\">\n\t\t\t<div class=\"elementor-widget-wrap elementor-element-populated\">\n\t\t\t\t\t\t<div class=\"elementor-element elementor-element-67fa3dd elementor-widget elementor-widget-text-editor\" data-id=\"67fa3dd\" data-element_type=\"widget\" data-widget_type=\"text-editor.default\">\n\t\t\t\t<div class=\"elementor-widget-container\">\n\t\t\t\t\t\t\t\t\t<ul>\r\n \t<li>Tous les composants en acier inoxydable sont en acier inoxydable 316L de qualit\u00e9 marine<\/li>\r\n \t<li>4 br\u00fbleurs en acier inoxydable moul\u00e9 316L de qualit\u00e9 commerciale<\/li>\r\n \t<li>Disponible et approuv\u00e9 pour les applications multi-utilisateurs.\u00a0Y compris, mais sans s&#8217;y limiter\u00a0: appartements, h\u00f4tels, complexes de condominiums, casernes de pompiers, etc.<\/li>\r\n \t<li>14 000 BTU de puissance de cuisson par br\u00fbleur, pour une surface de cuisson totale de 56 000 BTU<\/li>\r\n \t<li>Br\u00fbleur de r\u00f4tissoire arri\u00e8re infrarouge de 10 000 BTU<\/li>\r\n \t<li>Les tiges de cuisson triangulaires lourdes en acier inoxydable de 9 mm maximisent la durabilit\u00e9<\/li>\r\n \t<li>Pousser et tourner le syst\u00e8me d&#8217;allumage principal du lance-flammes pour un d\u00e9marrage rapide \u00e0 chaque fois<\/li>\r\n \t<li>L&#8217;allumage du tube flash et les croisements offrent une option d&#8217;allumage alternative<\/li>\r\n \t<li>Les s\u00e9parateurs de zone de chaleur divisent la surface de cuisson en zones de temp\u00e9rature individuelles<\/li>\r\n \t<li>Les grilles stabilisatrices de flamme minimisent les flamb\u00e9es tout en ajoutant une saveur grill\u00e9e<\/li>\r\n \t<li>Bac d&#8217;\u00e9gouttement pleine largeur pour un nettoyage rapide<\/li>\r\n \t<li>Les boutons de commande \u00e9clair\u00e9s pour les soir\u00e9es cr\u00e9ent une apparence sophistiqu\u00e9e<\/li>\r\n \t<li>Les lumi\u00e8res int\u00e9rieures aident \u00e0 naviguer sur la surface de cuisson la nuit<\/li>\r\n \t<li>Le capot de gril \u00e0 double doublure prot\u00e8ge la couche ext\u00e9rieure de la d\u00e9coloration due \u00e0 la chaleur et maintient plus de chaleur.<\/li>\r\n<\/ul>\r\nBlaze est fier d&#8217;annoncer le nouveau gril LTE de qualit\u00e9 marine \u00e0 4 br\u00fbleurs Blaze. Blaze pr\u00e9sente un gril de style commercial con\u00e7u pour les d\u00e9fis du barbecue c\u00f4tier. Blaze est \u00e9galement fier d&#8217;annoncer que ce gril unique est d\u00e9sormais con\u00e7u pour les applications multi-utilisateurs\u00a0! Le Marine Grade 4-Burner LTE est maintenant disponible et approuv\u00e9 pour les habitations multifamiliales, les appartements, les h\u00f4tels et les applications similaires. Avec l&#8217;utilisation intensive de grils situ\u00e9s dans les espaces communs, nous nous sommes assur\u00e9s d&#8217;ajouter une couche de protection suppl\u00e9mentaire pour ce gril &#8211; notre pare-flammes innovant. Cette pi\u00e8ce perfor\u00e9e se trouve dans la l\u00e8chefrite du gril, ce qui r\u00e9duit le risque d&#8217;incendie de graisse dans la po\u00eale. Avec l&#8217;utilisation fr\u00e9quente des zones multi-utilisateurs, il s&#8217;agit d&#8217;une excellente fonctionnalit\u00e9 de s\u00e9curit\u00e9 suppl\u00e9mentaire \u00e0 avoir. En plus de notre garantie \u00e0 vie, Blaze couvrira d\u00e9sormais les frais de main-d&#8217;\u0153uvre dans la nouvelle garantie multifamiliale am\u00e9lior\u00e9e\u00a0!*\r\n\r\nCe gril unique est fabriqu\u00e9 en acier inoxydable 316 de qualit\u00e9 marine. Le Blaze 4 Burner Marine Grade LTE pr\u00e9sente toutes les m\u00eames caract\u00e9ristiques que les propri\u00e9taires attendent des grils de la s\u00e9rie Blaze LTE : br\u00fbleurs en acier inoxydable moul\u00e9, dompteurs de flammes en acier inoxydable, s\u00e9parateurs de zone de chaleur, capot \u00e0 double doublure et nos grilles de cuisson triangulaires uniques. qui sont mis \u00e0 niveau vers l&#8217;acier inoxydable 316L. Blaze sait que les plaisirs estivaux ne s&#8217;arr\u00eatent jamais sur la c\u00f4te et que les r\u00e9sidents adorent faire des grillades toute l&#8217;ann\u00e9e, et nous avons con\u00e7u ce gril en pensant \u00e0 ces clients. Blaze propose le LTE de qualit\u00e9 marine \u00e0 4 br\u00fbleurs au gaz naturel et au propane, et est \u00e9galement disponible en mod\u00e8le de chariot.\t\t\t\t\t\t\t\t<\/div>\n\t\t\t\t<\/div>\n\t\t\t\t\t<\/div>\n\t\t<\/div>\n\t\t\t\t\t<\/div>\n\t\t<\/section>\n\t\t\t\t<section class=\"elementor-section elementor-top-section elementor-element elementor-element-02889d1 elementor-section-boxed elementor-section-height-default elementor-section-height-default\" data-id=\"02889d1\" data-element_type=\"section\">\n\t\t\t\t\t\t<div class=\"elementor-container elementor-column-gap-default\">\n\t\t\t\t\t<div class=\"elementor-column elementor-col-100 elementor-top-column elementor-element elementor-element-a8155d4\" data-id=\"a8155d4\" data-element_type=\"column\">\n\t\t\t<div class=\"elementor-widget-wrap elementor-element-populated\">\n\t\t\t\t\t\t<div class=\"elementor-element elementor-element-42faa5c elementor-tabs-view-horizontal elementor-widget elementor-widget-tabs\" data-id=\"42faa5c\" data-element_type=\"widget\" data-widget_type=\"tabs.default\">\n\t\t\t\t<div class=\"elementor-widget-container\">\n\t\t\t\t\t\t\t<div class=\"elementor-tabs\">\n\t\t\t<div class=\"elementor-tabs-wrapper\" role=\"tablist\" >\n\t\t\t\t\t\t\t\t\t<div id=\"elementor-tab-title-7021\" class=\"elementor-tab-title elementor-tab-desktop-title\" aria-selected=\"true\" data-tab=\"1\" role=\"tab\" tabindex=\"0\" aria-controls=\"elementor-tab-content-7021\" aria-expanded=\"false\">Fichiers<\/div>\n\t\t\t\t\t\t\t<\/div>\n\t\t\t<div class=\"elementor-tabs-content-wrapper\" role=\"tablist\" aria-orientation=\"vertical\">\n\t\t\t\t\t\t\t\t\t<div class=\"elementor-tab-title elementor-tab-mobile-title\" aria-selected=\"true\" data-tab=\"1\" role=\"tab\" tabindex=\"0\" aria-controls=\"elementor-tab-content-7021\" aria-expanded=\"false\">Fichiers<\/div>\n\t\t\t\t\t<div id=\"elementor-tab-content-7021\" class=\"elementor-tab-content elementor-clearfix\" data-tab=\"1\" role=\"tabpanel\" aria-labelledby=\"elementor-tab-title-7021\" tabindex=\"0\" hidden=\"false\"><i class=\"far fa-file-pdf fa-xl\" style=\"font-size:35px\"><\/i><a href=\"https:\/\/www.belleflamme.ca\/wp-content\/uploads\/2023\/07\/Blaze-LTE2MG-User-Manual-2-1.pdf\"> Manuel<\/a><\/br><\/div>\n\t\t\t\t\t\t\t<\/div>\n\t\t<\/div>\n\t\t\t\t\t\t<\/div>\n\t\t\t\t<\/div>\n\t\t\t\t\t<\/div>\n\t\t<\/div>\n\t\t\t\t\t<\/div>\n\t\t<\/section>\n\t\t\t\t<\/div>\n\t\t","protected":false},"excerpt":{"rendered":"<p>Tous les composants en acier inoxydable sont en acier inoxydable 316L de qualit\u00e9 marine 4 br\u00fbleurs en acier inoxydable moul\u00e9 316L de qualit\u00e9 commerciale Disponible et approuv\u00e9 pour les applications multi-utilisateurs.\u00a0Y compris, mais sans s&#8217;y limiter\u00a0: appartements, h\u00f4tels, complexes de condominiums, casernes de pompiers, etc. 14 000 BTU de puissance de cuisson par br\u00fbleur, pour [&hellip;]<\/p>\n","protected":false},"featured_media":14530,"template":"","meta":{"inline_featured_image":false},"product_brand":[346],"product_cat":[113,114,351,116],"product_tag":[],"class_list":{"0":"post-14529","1":"product","2":"type-product","3":"status-publish","4":"has-post-thumbnail","6":"product_brand-blaze","7":"product_cat-bbq-produits-exterieurs","8":"product_cat-bbq-au-gaz","9":"product_cat-bbq-exterieurs","10":"product_cat-cuisine-exterieure","12":"first","13":"instock","14":"taxable","15":"shipping-taxable","16":"product-type-simple"},"yoast_head":"<!-- This site is optimized with the Yoast SEO Premium plugin v24.2 (Yoast SEO v24.2) - https:\/\/yoast.com\/wordpress\/plugins\/seo\/ -->\n<title>Blaze Marine Grade 316L 4 br\u00fbleurs Premium LTE - Groupe BelleFlamme<\/title>\n<meta name=\"description\" content=\"Blaze Marine Grade 316L 4 br\u00fbleurs Premium LTE vendu et install\u00e9 par le Groupe Belleflamme. Laval, Montr\u00e9al, Gatineau, Drummondville et Saint-Sauveur.\" \/>\n<meta name=\"robots\" content=\"index, follow, max-snippet:-1, max-image-preview:large, max-video-preview:-1\" \/>\n<link rel=\"canonical\" href=\"https:\/\/staging.belleflamme.ca\/fr\/produit\/blaze-marine-grade-316l-4-bruleurs-premium-lte\/\" \/>\n<meta property=\"og:locale\" content=\"fr_FR\" \/>\n<meta property=\"og:type\" content=\"article\" \/>\n<meta property=\"og:title\" content=\"Blaze Marine Grade 316L 4 br\u00fbleurs Premium LTE\" \/>\n<meta property=\"og:description\" content=\"Blaze Marine Grade 316L 4 br\u00fbleurs Premium LTE vendu et install\u00e9 par le Groupe Belleflamme. Laval, Montr\u00e9al, Gatineau, Drummondville et Saint-Sauveur.\" \/>\n<meta property=\"og:url\" content=\"https:\/\/staging.belleflamme.ca\/fr\/produit\/blaze-marine-grade-316l-4-bruleurs-premium-lte\/\" \/>\n<meta property=\"og:site_name\" content=\"Groupe BelleFlamme\" \/>\n<meta property=\"article:publisher\" content=\"https:\/\/www.facebook.com\/belleflamme.ca\/\" \/>\n<meta property=\"article:modified_time\" content=\"2024-05-16T16:42:12+00:00\" \/>\n<meta property=\"og:image\" content=\"https:\/\/www.belleflamme.ca\/wp-content\/uploads\/2023\/05\/Blaze-LTE-Marine-1-1-1.webp\" \/>\n\t<meta property=\"og:image:width\" content=\"1000\" \/>\n\t<meta property=\"og:image:height\" content=\"1000\" \/>\n\t<meta property=\"og:image:type\" content=\"image\/webp\" \/>\n<meta name=\"twitter:card\" content=\"summary_large_image\" \/>\n<meta name=\"twitter:label1\" content=\"Prix\" \/>\n\t<meta name=\"twitter:data1\" content=\"\" \/>\n\t<meta name=\"twitter:label2\" content=\"Disponibilit\u00e9\" \/>\n\t<meta name=\"twitter:data2\" content=\"En stock\" \/>\n<script type=\"application\/ld+json\" class=\"yoast-schema-graph\">{\"@context\":\"https:\/\/schema.org\",\"@graph\":[{\"@type\":[\"WebPage\",\"ItemPage\"],\"@id\":\"https:\/\/staging.belleflamme.ca\/fr\/produit\/blaze-marine-grade-316l-4-bruleurs-premium-lte\/\",\"url\":\"https:\/\/staging.belleflamme.ca\/fr\/produit\/blaze-marine-grade-316l-4-bruleurs-premium-lte\/\",\"name\":\"Blaze Marine Grade 316L 4 br\u00fbleurs Premium LTE - Groupe BelleFlamme\",\"isPartOf\":{\"@id\":\"https:\/\/www.belleflamme.ca\/fr\/#website\"},\"primaryImageOfPage\":{\"@id\":\"https:\/\/staging.belleflamme.ca\/fr\/produit\/blaze-marine-grade-316l-4-bruleurs-premium-lte\/#primaryimage\"},\"image\":{\"@id\":\"https:\/\/staging.belleflamme.ca\/fr\/produit\/blaze-marine-grade-316l-4-bruleurs-premium-lte\/#primaryimage\"},\"thumbnailUrl\":\"https:\/\/staging.belleflamme.ca\/wp-content\/uploads\/2023\/05\/Blaze-LTE-Marine-1-1-1.webp\",\"datePublished\":\"2023-05-16T15:26:19+00:00\",\"dateModified\":\"2024-05-16T16:42:12+00:00\",\"description\":\"Blaze Marine Grade 316L 4 br\u00fbleurs Premium LTE [get_meta_en_fr]\",\"breadcrumb\":{\"@id\":\"https:\/\/staging.belleflamme.ca\/fr\/produit\/blaze-marine-grade-316l-4-bruleurs-premium-lte\/#breadcrumb\"},\"inLanguage\":\"fr-FR\",\"potentialAction\":[{\"@type\":\"ReadAction\",\"target\":[\"https:\/\/staging.belleflamme.ca\/fr\/produit\/blaze-marine-grade-316l-4-bruleurs-premium-lte\/\"]}]},{\"@type\":\"ImageObject\",\"inLanguage\":\"fr-FR\",\"@id\":\"https:\/\/staging.belleflamme.ca\/fr\/produit\/blaze-marine-grade-316l-4-bruleurs-premium-lte\/#primaryimage\",\"url\":\"https:\/\/staging.belleflamme.ca\/wp-content\/uploads\/2023\/05\/Blaze-LTE-Marine-1-1-1.webp\",\"contentUrl\":\"https:\/\/staging.belleflamme.ca\/wp-content\/uploads\/2023\/05\/Blaze-LTE-Marine-1-1-1.webp\",\"width\":1000,\"height\":1000,\"caption\":\"Blaze Marine Grade 316L 4 br\u00fbleurs Premium LTE\"},{\"@type\":\"BreadcrumbList\",\"@id\":\"https:\/\/staging.belleflamme.ca\/fr\/produit\/blaze-marine-grade-316l-4-bruleurs-premium-lte\/#breadcrumb\",\"itemListElement\":[{\"@type\":\"ListItem\",\"position\":1,\"name\":\"Accueil\",\"item\":\"https:\/\/www.belleflamme.ca\/fr\/\"},{\"@type\":\"ListItem\",\"position\":2,\"name\":\"Boutique\",\"item\":\"https:\/\/www.belleflamme.ca\/fr\/boutique\/\"},{\"@type\":\"ListItem\",\"position\":3,\"name\":\"BBQ &amp; Produits Ext\u00e9rieurs\",\"item\":\"https:\/\/staging.belleflamme.ca\/fr\/categories\/bbq-produits-exterieurs\/\"},{\"@type\":\"ListItem\",\"position\":4,\"name\":\"Cuisine Ext\u00e9rieure\",\"item\":\"https:\/\/staging.belleflamme.ca\/fr\/categories\/bbq-produits-exterieurs\/cuisine-exterieure\/\"},{\"@type\":\"ListItem\",\"position\":5,\"name\":\"BBQ Ext\u00e9rieurs\",\"item\":\"https:\/\/staging.belleflamme.ca\/fr\/categories\/bbq-produits-exterieurs\/cuisine-exterieure\/bbq-exterieurs\/\"},{\"@type\":\"ListItem\",\"position\":6,\"name\":\"Blaze Marine Grade 316L 4 br\u00fbleurs Premium LTE\"}]},{\"@type\":\"WebSite\",\"@id\":\"https:\/\/www.belleflamme.ca\/fr\/#website\",\"url\":\"https:\/\/www.belleflamme.ca\/fr\/\",\"name\":\"Groupe Belleflamme\",\"description\":\"La m\u00e9canique du b\u00e2timent dans le sang.\",\"publisher\":{\"@id\":\"https:\/\/www.belleflamme.ca\/fr\/#organization\"},\"potentialAction\":[{\"@type\":\"SearchAction\",\"target\":{\"@type\":\"EntryPoint\",\"urlTemplate\":\"https:\/\/www.belleflamme.ca\/fr\/?s={search_term_string}\"},\"query-input\":{\"@type\":\"PropertyValueSpecification\",\"valueRequired\":true,\"valueName\":\"search_term_string\"}}],\"inLanguage\":\"fr-FR\"},{\"@type\":[\"Organization\",\"Place\"],\"@id\":\"https:\/\/www.belleflamme.ca\/fr\/#organization\",\"name\":\"Groupe Belleflamme\",\"alternateName\":\"Belleflamme\",\"url\":\"https:\/\/www.belleflamme.ca\/fr\/\",\"logo\":{\"@type\":\"ImageObject\",\"inLanguage\":\"fr-FR\",\"@id\":\"https:\/\/www.belleflamme.ca\/fr\/#\/schema\/logo\/image\/\",\"url\":\"https:\/\/staging.belleflamme.ca\/wp-content\/uploads\/2023\/01\/og-image.jpg\",\"contentUrl\":\"https:\/\/staging.belleflamme.ca\/wp-content\/uploads\/2023\/01\/og-image.jpg\",\"width\":1200,\"height\":630,\"caption\":\"Groupe Belleflamme\"},\"image\":{\"@id\":\"https:\/\/www.belleflamme.ca\/fr\/#\/schema\/logo\/image\/\"},\"sameAs\":[\"https:\/\/www.facebook.com\/belleflamme.ca\/\",\"https:\/\/www.linkedin.com\/company\/belleflamme\/\",\"https:\/\/www.pinterest.ca\/groupebelleflamme\/\",\"https:\/\/www.instagram.com\/legroupebelleflamme\/\"],\"mainEntityOfPage\":{\"@id\":\"https:\/\/staging.belleflamme.ca\/fr\/produit\/blaze-marine-grade-316l-4-bruleurs-premium-lte\/\"}}]}<\/script>\n<meta property=\"product:brand\" content=\"Blaze\" \/>\n<meta property=\"product:price:amount\" content=\"0.00\" \/>\n<meta property=\"product:price:currency\" content=\"CAD\" \/>\n<meta property=\"og:availability\" content=\"instock\" \/>\n<meta property=\"product:availability\" content=\"instock\" \/>\n<meta property=\"product:condition\" content=\"new\" \/>\n<!-- \/ Yoast SEO Premium plugin. -->","yoast_head_json":{"title":"Blaze Marine Grade 316L 4 br\u00fbleurs Premium LTE - Groupe BelleFlamme","description":"Blaze Marine Grade 316L 4 br\u00fbleurs Premium LTE vendu et install\u00e9 par le Groupe Belleflamme. Laval, Montr\u00e9al, Gatineau, Drummondville et Saint-Sauveur.","robots":{"index":"index","follow":"follow","max-snippet":"max-snippet:-1","max-image-preview":"max-image-preview:large","max-video-preview":"max-video-preview:-1"},"canonical":"https:\/\/staging.belleflamme.ca\/fr\/produit\/blaze-marine-grade-316l-4-bruleurs-premium-lte\/","og_locale":"fr_FR","og_type":"article","og_title":"Blaze Marine Grade 316L 4 br\u00fbleurs Premium LTE","og_description":"Blaze Marine Grade 316L 4 br\u00fbleurs Premium LTE vendu et install\u00e9 par le Groupe Belleflamme. Laval, Montr\u00e9al, Gatineau, Drummondville et Saint-Sauveur.","og_url":"https:\/\/staging.belleflamme.ca\/fr\/produit\/blaze-marine-grade-316l-4-bruleurs-premium-lte\/","og_site_name":"Groupe BelleFlamme","article_publisher":"https:\/\/www.facebook.com\/belleflamme.ca\/","article_modified_time":"2024-05-16T16:42:12+00:00","og_image":[{"width":1000,"height":1000,"url":"https:\/\/www.belleflamme.ca\/wp-content\/uploads\/2023\/05\/Blaze-LTE-Marine-1-1-1.webp","type":"image\/webp"}],"twitter_card":"summary_large_image","twitter_misc":{"Prix":"","Disponibilit\u00e9":"En stock"},"schema":{"@context":"https:\/\/schema.org","@graph":[{"@type":["WebPage","ItemPage"],"@id":"https:\/\/staging.belleflamme.ca\/fr\/produit\/blaze-marine-grade-316l-4-bruleurs-premium-lte\/","url":"https:\/\/staging.belleflamme.ca\/fr\/produit\/blaze-marine-grade-316l-4-bruleurs-premium-lte\/","name":"Blaze Marine Grade 316L 4 br\u00fbleurs Premium LTE - Groupe BelleFlamme","isPartOf":{"@id":"https:\/\/www.belleflamme.ca\/fr\/#website"},"primaryImageOfPage":{"@id":"https:\/\/staging.belleflamme.ca\/fr\/produit\/blaze-marine-grade-316l-4-bruleurs-premium-lte\/#primaryimage"},"image":{"@id":"https:\/\/staging.belleflamme.ca\/fr\/produit\/blaze-marine-grade-316l-4-bruleurs-premium-lte\/#primaryimage"},"thumbnailUrl":"https:\/\/staging.belleflamme.ca\/wp-content\/uploads\/2023\/05\/Blaze-LTE-Marine-1-1-1.webp","datePublished":"2023-05-16T15:26:19+00:00","dateModified":"2024-05-16T16:42:12+00:00","description":"Blaze Marine Grade 316L 4 br\u00fbleurs Premium LTE [get_meta_en_fr]","breadcrumb":{"@id":"https:\/\/staging.belleflamme.ca\/fr\/produit\/blaze-marine-grade-316l-4-bruleurs-premium-lte\/#breadcrumb"},"inLanguage":"fr-FR","potentialAction":[{"@type":"ReadAction","target":["https:\/\/staging.belleflamme.ca\/fr\/produit\/blaze-marine-grade-316l-4-bruleurs-premium-lte\/"]}]},{"@type":"ImageObject","inLanguage":"fr-FR","@id":"https:\/\/staging.belleflamme.ca\/fr\/produit\/blaze-marine-grade-316l-4-bruleurs-premium-lte\/#primaryimage","url":"https:\/\/staging.belleflamme.ca\/wp-content\/uploads\/2023\/05\/Blaze-LTE-Marine-1-1-1.webp","contentUrl":"https:\/\/staging.belleflamme.ca\/wp-content\/uploads\/2023\/05\/Blaze-LTE-Marine-1-1-1.webp","width":1000,"height":1000,"caption":"Blaze Marine Grade 316L 4 br\u00fbleurs Premium LTE"},{"@type":"BreadcrumbList","@id":"https:\/\/staging.belleflamme.ca\/fr\/produit\/blaze-marine-grade-316l-4-bruleurs-premium-lte\/#breadcrumb","itemListElement":[{"@type":"ListItem","position":1,"name":"Accueil","item":"https:\/\/www.belleflamme.ca\/fr\/"},{"@type":"ListItem","position":2,"name":"Boutique","item":"https:\/\/www.belleflamme.ca\/fr\/boutique\/"},{"@type":"ListItem","position":3,"name":"BBQ &amp; Produits Ext\u00e9rieurs","item":"https:\/\/staging.belleflamme.ca\/fr\/categories\/bbq-produits-exterieurs\/"},{"@type":"ListItem","position":4,"name":"Cuisine Ext\u00e9rieure","item":"https:\/\/staging.belleflamme.ca\/fr\/categories\/bbq-produits-exterieurs\/cuisine-exterieure\/"},{"@type":"ListItem","position":5,"name":"BBQ Ext\u00e9rieurs","item":"https:\/\/staging.belleflamme.ca\/fr\/categories\/bbq-produits-exterieurs\/cuisine-exterieure\/bbq-exterieurs\/"},{"@type":"ListItem","position":6,"name":"Blaze Marine Grade 316L 4 br\u00fbleurs Premium LTE"}]},{"@type":"WebSite","@id":"https:\/\/www.belleflamme.ca\/fr\/#website","url":"https:\/\/www.belleflamme.ca\/fr\/","name":"Groupe Belleflamme","description":"La m\u00e9canique du b\u00e2timent dans le sang.","publisher":{"@id":"https:\/\/www.belleflamme.ca\/fr\/#organization"},"potentialAction":[{"@type":"SearchAction","target":{"@type":"EntryPoint","urlTemplate":"https:\/\/www.belleflamme.ca\/fr\/?s={search_term_string}"},"query-input":{"@type":"PropertyValueSpecification","valueRequired":true,"valueName":"search_term_string"}}],"inLanguage":"fr-FR"},{"@type":["Organization","Place"],"@id":"https:\/\/www.belleflamme.ca\/fr\/#organization","name":"Groupe Belleflamme","alternateName":"Belleflamme","url":"https:\/\/www.belleflamme.ca\/fr\/","logo":{"@type":"ImageObject","inLanguage":"fr-FR","@id":"https:\/\/www.belleflamme.ca\/fr\/#\/schema\/logo\/image\/","url":"https:\/\/staging.belleflamme.ca\/wp-content\/uploads\/2023\/01\/og-image.jpg","contentUrl":"https:\/\/staging.belleflamme.ca\/wp-content\/uploads\/2023\/01\/og-image.jpg","width":1200,"height":630,"caption":"Groupe Belleflamme"},"image":{"@id":"https:\/\/www.belleflamme.ca\/fr\/#\/schema\/logo\/image\/"},"sameAs":["https:\/\/www.facebook.com\/belleflamme.ca\/","https:\/\/www.linkedin.com\/company\/belleflamme\/","https:\/\/www.pinterest.ca\/groupebelleflamme\/","https:\/\/www.instagram.com\/legroupebelleflamme\/"],"mainEntityOfPage":{"@id":"https:\/\/staging.belleflamme.ca\/fr\/produit\/blaze-marine-grade-316l-4-bruleurs-premium-lte\/"}}]},"product_brand":"Blaze","product_price_amount":"0.00","product_price_currency":"CAD","og_availability":"instock","product_availability":"instock","product_condition":"new"},"_links":{"self":[{"href":"https:\/\/staging.belleflamme.ca\/fr\/wp-json\/wp\/v2\/product\/14529","targetHints":{"allow":["GET"]}}],"collection":[{"href":"https:\/\/staging.belleflamme.ca\/fr\/wp-json\/wp\/v2\/product"}],"about":[{"href":"https:\/\/staging.belleflamme.ca\/fr\/wp-json\/wp\/v2\/types\/product"}],"version-history":[{"count":6,"href":"https:\/\/staging.belleflamme.ca\/fr\/wp-json\/wp\/v2\/product\/14529\/revisions"}],"predecessor-version":[{"id":38798,"href":"https:\/\/staging.belleflamme.ca\/fr\/wp-json\/wp\/v2\/product\/14529\/revisions\/38798"}],"wp:featuredmedia":[{"embeddable":true,"href":"https:\/\/staging.belleflamme.ca\/fr\/wp-json\/wp\/v2\/media\/14530"}],"wp:attachment":[{"href":"https:\/\/staging.belleflamme.ca\/fr\/wp-json\/wp\/v2\/media?parent=14529"}],"wp:term":[{"taxonomy":"product_brand","embeddable":true,"href":"https:\/\/staging.belleflamme.ca\/fr\/wp-json\/wp\/v2\/product_brand?post=14529"},{"taxonomy":"product_cat","embeddable":true,"href":"https:\/\/staging.belleflamme.ca\/fr\/wp-json\/wp\/v2\/product_cat?post=14529"},{"taxonomy":"product_tag","embeddable":true,"href":"https:\/\/staging.belleflamme.ca\/fr\/wp-json\/wp\/v2\/product_tag?post=14529"}],"curies":[{"name":"wp","href":"https:\/\/api.w.org\/{rel}","templated":true}]}}