{"id":14516,"date":"2023-05-16T11:09:22","date_gmt":"2023-05-16T15:09:22","guid":{"rendered":"https:\/\/www.belleflamme.ca\/?post_type=product&#038;p=14516"},"modified":"2024-05-16T13:00:25","modified_gmt":"2024-05-16T17:00:25","slug":"gril-a-gaz-integre-blaze-professional-lux-34-pouces-a-3-bruleurs-avec-bruleur-infrarouge-arriere","status":"publish","type":"product","link":"https:\/\/staging.belleflamme.ca\/fr\/produit\/gril-a-gaz-integre-blaze-professional-lux-34-pouces-a-3-bruleurs-avec-bruleur-infrarouge-arriere\/","title":{"rendered":"Gril \u00e0 gaz int\u00e9gr\u00e9 Blaze Professional LUX 34 pouces \u00e0 3 br\u00fbleurs avec br\u00fbleur infrarouge arri\u00e8re"},"content":{"rendered":"\t\t<div data-elementor-type=\"product-post\" data-elementor-id=\"14516\" class=\"elementor elementor-14516\" data-elementor-post-type=\"product\">\n\t\t\t\t\t\t<section class=\"elementor-section elementor-top-section elementor-element elementor-element-6f229e84 elementor-section-boxed elementor-section-height-default elementor-section-height-default\" data-id=\"6f229e84\" data-element_type=\"section\">\n\t\t\t\t\t\t<div class=\"elementor-container elementor-column-gap-default\">\n\t\t\t\t\t<div class=\"elementor-column elementor-col-100 elementor-top-column elementor-element elementor-element-78b7d355\" data-id=\"78b7d355\" data-element_type=\"column\">\n\t\t\t<div class=\"elementor-widget-wrap elementor-element-populated\">\n\t\t\t\t\t\t<div class=\"elementor-element elementor-element-3efffe20 elementor-widget elementor-widget-text-editor\" data-id=\"3efffe20\" data-element_type=\"widget\" data-widget_type=\"text-editor.default\">\n\t\t\t\t<div class=\"elementor-widget-container\">\n\t\t\t\t\t\t\t\t\t<ul>\n \t<li><span class=\"\">Blaze Grills offre une impressionnante garantie \u00e0 vie<\/span><\/li>\n \t<li>3 br\u00fbleurs H en fonte d&#8217;inox 304 de qualit\u00e9 commerciale<\/li>\n \t<li>18 000 BTU de puissance de cuisson par br\u00fbleur, pour un total de 54 000 BTU<\/li>\n \t<li>Br\u00fbleur de r\u00f4tissoire arri\u00e8re infrarouge de 10 000 BTU avec ensemble de r\u00f4tisserie inclus<\/li>\n \t<li>Le kit de r\u00f4tisserie comprend un moteur \u00e9tanche<\/li>\n \t<li>Les tiges de cuisson hexagonales lourdes en acier inoxydable de 12 mm maximisent la durabilit\u00e9<\/li>\n \t<li>816 pouces carr\u00e9s d&#8217;espace de cuisson total<\/li>\n \t<li>Pousser et tourner le syst\u00e8me d&#8217;allumage principal du lance-flammes pour un d\u00e9marrage rapide \u00e0 chaque fois<\/li>\n \t<li>Allumage secondaire du tube \u00e9clair individuel<\/li>\n \t<li>Grille chauffante amovible<\/li>\n \t<li>Les s\u00e9parateurs de zone de chaleur divisent la surface de cuisson en zones de temp\u00e9rature individuelles<\/li>\n \t<li>Les grilles stabilisatrices de flamme minimisent les flamb\u00e9es tout en ajoutant une saveur grill\u00e9e<\/li>\n \t<li>Bac d&#8217;\u00e9gouttement pleine largeur pour un nettoyage rapide<\/li>\n \t<li>Les boutons de commande \u00e9clair\u00e9s pour les soir\u00e9es cr\u00e9ent une apparence sophistiqu\u00e9e<\/li>\n \t<li>Les lumi\u00e8res int\u00e9rieures aident \u00e0 naviguer sur la surface de cuisson la nuit<\/li>\n \t<li>Le capot de gril \u00e0 double doublure prot\u00e8ge la couche ext\u00e9rieure de la d\u00e9coloration due \u00e0 la chaleur et maintient plus de chaleur.<\/li>\n<\/ul>\nBlaze pr\u00e9sente le Blaze Professional LUX Grill un chef de file de l&#8217;industrie en ce qui concerne l&#8217;\u00e9paisseur de ses composants, ce qui lui conf\u00e8re une durabilit\u00e9 irr\u00e9futable tout en offrant un syst\u00e8me de cuisson efficace. Gr\u00e2ce au m\u00e9lange pr\u00e9cis de carburant et d&#8217;oxyg\u00e8ne, Blaze Professional LUX atteint des temp\u00e9ratures de cuisson extraordinaires tout en maintenant une faible consommation de gaz par br\u00fbleur par rapport aux marques de gril les plus performantes. Le syst\u00e8me d&#8217;\u00e9clairage du professionnel compl\u00e8te son style incomparable en donnant une apparence pour attirer tous les regards admiratifs ! Depuis le 15 mars 2016, les grils \u00e0 gaz Blaze b\u00e9n\u00e9ficient d&#8217;une garantie \u00e0 vie contre tout d\u00e9faut de fabrication et de fabrication des br\u00fbleurs principaux, des grilles de cuisson, du corps, des dompteurs de flamme, des s\u00e9parateurs de zone de chaleur, de la grille de r\u00e9chaud et des vannes de contr\u00f4le. Les syst\u00e8mes d&#8217;allumage, \u00e9lectroniques et d&#8217;\u00e9clairage sont couverts pendant un (1) an apr\u00e8s la date d&#8217;achat. Les grils doivent \u00eatre enregistr\u00e9s dans les trente jours pour que la garantie s&#8217;applique.\n<table class=\"woocommerce-product-attributes shop_attributes\">\n<tbody>\n<tr class=\"woocommerce-product-attributes-item woocommerce-product-attributes-item--attribute_dimensions\">\n<th class=\"woocommerce-product-attributes-item__label\">Dimensions<\/th>\n<td class=\"woocommerce-product-attributes-item__value\">24\u00bc\u2033 H \u00d7 34\u2033 L \u00d7 28\u215c\u2033 P<\/td>\n<\/tr>\n<tr class=\"woocommerce-product-attributes-item woocommerce-product-attributes-item--attribute_cut-out-dimensions\">\n<th class=\"woocommerce-product-attributes-item__label\">Dimensions de d\u00e9coupe<\/th>\n<td class=\"woocommerce-product-attributes-item__value\">10\u00bd\u2033 H \u00d7 32\u00bc\u2033 L \u00d7 23\u215d\u2033 P<\/td>\n<\/tr>\n<\/tbody>\n<\/table>\t\t\t\t\t\t\t\t<\/div>\n\t\t\t\t<\/div>\n\t\t\t\t\t<\/div>\n\t\t<\/div>\n\t\t\t\t\t<\/div>\n\t\t<\/section>\n\t\t\t\t<section class=\"elementor-section elementor-top-section elementor-element elementor-element-bfa44bd elementor-section-boxed elementor-section-height-default elementor-section-height-default\" data-id=\"bfa44bd\" data-element_type=\"section\">\n\t\t\t\t\t\t<div class=\"elementor-container elementor-column-gap-default\">\n\t\t\t\t\t<div class=\"elementor-column elementor-col-100 elementor-top-column elementor-element elementor-element-6ea11fe\" data-id=\"6ea11fe\" data-element_type=\"column\">\n\t\t\t<div class=\"elementor-widget-wrap elementor-element-populated\">\n\t\t\t\t\t\t<div class=\"elementor-element elementor-element-66490de elementor-tabs-view-horizontal elementor-widget elementor-widget-tabs\" data-id=\"66490de\" data-element_type=\"widget\" data-widget_type=\"tabs.default\">\n\t\t\t\t<div class=\"elementor-widget-container\">\n\t\t\t\t\t\t\t<div class=\"elementor-tabs\">\n\t\t\t<div class=\"elementor-tabs-wrapper\" role=\"tablist\" >\n\t\t\t\t\t\t\t\t\t<div id=\"elementor-tab-title-1071\" class=\"elementor-tab-title elementor-tab-desktop-title\" aria-selected=\"true\" data-tab=\"1\" role=\"tab\" tabindex=\"0\" aria-controls=\"elementor-tab-content-1071\" aria-expanded=\"false\">Fichiers<\/div>\n\t\t\t\t\t\t\t<\/div>\n\t\t\t<div class=\"elementor-tabs-content-wrapper\" role=\"tablist\" aria-orientation=\"vertical\">\n\t\t\t\t\t\t\t\t\t<div class=\"elementor-tab-title elementor-tab-mobile-title\" aria-selected=\"true\" data-tab=\"1\" role=\"tab\" tabindex=\"0\" aria-controls=\"elementor-tab-content-1071\" aria-expanded=\"false\">Fichiers<\/div>\n\t\t\t\t\t<div id=\"elementor-tab-content-1071\" class=\"elementor-tab-content elementor-clearfix\" data-tab=\"1\" role=\"tabpanel\" aria-labelledby=\"elementor-tab-title-1071\" tabindex=\"0\" hidden=\"false\"><i class=\"far fa-file-pdf fa-xl\" style=\"font-size:35px\"><\/i><a href=\"https:\/\/www.belleflamme.ca\/wp-content\/uploads\/2023\/07\/Blaze-Professional-Grill-Manual-1.pdf\"> Manuel<\/a><\/br><\/div>\n\t\t\t\t\t\t\t<\/div>\n\t\t<\/div>\n\t\t\t\t\t\t<\/div>\n\t\t\t\t<\/div>\n\t\t\t\t\t<\/div>\n\t\t<\/div>\n\t\t\t\t\t<\/div>\n\t\t<\/section>\n\t\t\t\t<\/div>\n\t\t","protected":false},"excerpt":{"rendered":"<p>Blaze Grills offre une impressionnante garantie \u00e0 vie 3 br\u00fbleurs H en fonte d&#8217;inox 304 de qualit\u00e9 commerciale 18 000 BTU de puissance de cuisson par br\u00fbleur, pour un total de 54 000 BTU Br\u00fbleur de r\u00f4tissoire arri\u00e8re infrarouge de 10 000 BTU avec ensemble de r\u00f4tisserie inclus Le kit de r\u00f4tisserie comprend un moteur [&hellip;]<\/p>\n","protected":false},"featured_media":14517,"template":"","meta":{"inline_featured_image":false},"product_brand":[346],"product_cat":[113,114,351,116],"product_tag":[],"class_list":{"0":"post-14516","1":"product","2":"type-product","3":"status-publish","4":"has-post-thumbnail","6":"product_brand-blaze","7":"product_cat-bbq-produits-exterieurs","8":"product_cat-bbq-au-gaz","9":"product_cat-bbq-exterieurs","10":"product_cat-cuisine-exterieure","12":"first","13":"instock","14":"taxable","15":"shipping-taxable","16":"product-type-simple"},"yoast_head":"<!-- This site is optimized with the Yoast SEO Premium plugin v24.2 (Yoast SEO v24.2) - https:\/\/yoast.com\/wordpress\/plugins\/seo\/ -->\n<title>Gril \u00e0 gaz int\u00e9gr\u00e9 Blaze Professional LUX 34 pouces \u00e0 3 br\u00fbleurs avec br\u00fbleur infrarouge arri\u00e8re - Groupe BelleFlamme<\/title>\n<meta name=\"description\" content=\"Gril \u00e0 gaz int\u00e9gr\u00e9 Blaze Professional LUX 34 pouces \u00e0 3 br\u00fbleurs avec br\u00fbleur infrarouge arri\u00e8re vendu et install\u00e9 par le Groupe Belleflamme. Laval, Montr\u00e9al, Gatineau, Drummondville et Saint-Sauveur.\" \/>\n<meta name=\"robots\" content=\"index, follow, max-snippet:-1, max-image-preview:large, max-video-preview:-1\" \/>\n<link rel=\"canonical\" href=\"https:\/\/staging.belleflamme.ca\/fr\/produit\/gril-a-gaz-integre-blaze-professional-lux-34-pouces-a-3-bruleurs-avec-bruleur-infrarouge-arriere\/\" \/>\n<meta property=\"og:locale\" content=\"fr_FR\" \/>\n<meta property=\"og:type\" content=\"article\" \/>\n<meta property=\"og:title\" content=\"Gril \u00e0 gaz int\u00e9gr\u00e9 Blaze Professional LUX 34 pouces \u00e0 3 br\u00fbleurs avec br\u00fbleur infrarouge arri\u00e8re\" \/>\n<meta property=\"og:description\" content=\"Gril \u00e0 gaz int\u00e9gr\u00e9 Blaze Professional LUX 34 pouces \u00e0 3 br\u00fbleurs avec br\u00fbleur infrarouge arri\u00e8re vendu et install\u00e9 par le Groupe Belleflamme. Laval, Montr\u00e9al, Gatineau, Drummondville et Saint-Sauveur.\" \/>\n<meta property=\"og:url\" content=\"https:\/\/staging.belleflamme.ca\/fr\/produit\/gril-a-gaz-integre-blaze-professional-lux-34-pouces-a-3-bruleurs-avec-bruleur-infrarouge-arriere\/\" \/>\n<meta property=\"og:site_name\" content=\"Groupe BelleFlamme\" \/>\n<meta property=\"article:publisher\" content=\"https:\/\/www.facebook.com\/belleflamme.ca\/\" \/>\n<meta property=\"article:modified_time\" content=\"2024-05-16T17:00:25+00:00\" \/>\n<meta property=\"og:image\" content=\"https:\/\/www.belleflamme.ca\/wp-content\/uploads\/2023\/05\/BLZ-3PRO_BuiltInOpen.webp\" \/>\n\t<meta property=\"og:image:width\" content=\"1080\" \/>\n\t<meta property=\"og:image:height\" content=\"1080\" \/>\n\t<meta property=\"og:image:type\" content=\"image\/webp\" \/>\n<meta name=\"twitter:card\" content=\"summary_large_image\" \/>\n<meta name=\"twitter:label1\" content=\"Prix\" \/>\n\t<meta name=\"twitter:data1\" content=\"\" \/>\n\t<meta name=\"twitter:label2\" content=\"Disponibilit\u00e9\" \/>\n\t<meta name=\"twitter:data2\" content=\"En stock\" \/>\n<script type=\"application\/ld+json\" class=\"yoast-schema-graph\">{\"@context\":\"https:\/\/schema.org\",\"@graph\":[{\"@type\":[\"WebPage\",\"ItemPage\"],\"@id\":\"https:\/\/staging.belleflamme.ca\/fr\/produit\/gril-a-gaz-integre-blaze-professional-lux-34-pouces-a-3-bruleurs-avec-bruleur-infrarouge-arriere\/\",\"url\":\"https:\/\/staging.belleflamme.ca\/fr\/produit\/gril-a-gaz-integre-blaze-professional-lux-34-pouces-a-3-bruleurs-avec-bruleur-infrarouge-arriere\/\",\"name\":\"Gril \u00e0 gaz int\u00e9gr\u00e9 Blaze Professional LUX 34 pouces \u00e0 3 br\u00fbleurs avec br\u00fbleur infrarouge arri\u00e8re - Groupe BelleFlamme\",\"isPartOf\":{\"@id\":\"https:\/\/www.belleflamme.ca\/fr\/#website\"},\"primaryImageOfPage\":{\"@id\":\"https:\/\/staging.belleflamme.ca\/fr\/produit\/gril-a-gaz-integre-blaze-professional-lux-34-pouces-a-3-bruleurs-avec-bruleur-infrarouge-arriere\/#primaryimage\"},\"image\":{\"@id\":\"https:\/\/staging.belleflamme.ca\/fr\/produit\/gril-a-gaz-integre-blaze-professional-lux-34-pouces-a-3-bruleurs-avec-bruleur-infrarouge-arriere\/#primaryimage\"},\"thumbnailUrl\":\"https:\/\/staging.belleflamme.ca\/wp-content\/uploads\/2023\/05\/BLZ-3PRO_BuiltInOpen.webp\",\"datePublished\":\"2023-05-16T15:09:22+00:00\",\"dateModified\":\"2024-05-16T17:00:25+00:00\",\"description\":\"Gril \u00e0 gaz int\u00e9gr\u00e9 Blaze Professional LUX 34 pouces \u00e0 3 br\u00fbleurs avec br\u00fbleur infrarouge arri\u00e8re [get_meta_en_fr]\",\"breadcrumb\":{\"@id\":\"https:\/\/staging.belleflamme.ca\/fr\/produit\/gril-a-gaz-integre-blaze-professional-lux-34-pouces-a-3-bruleurs-avec-bruleur-infrarouge-arriere\/#breadcrumb\"},\"inLanguage\":\"fr-FR\",\"potentialAction\":[{\"@type\":\"ReadAction\",\"target\":[\"https:\/\/staging.belleflamme.ca\/fr\/produit\/gril-a-gaz-integre-blaze-professional-lux-34-pouces-a-3-bruleurs-avec-bruleur-infrarouge-arriere\/\"]}]},{\"@type\":\"ImageObject\",\"inLanguage\":\"fr-FR\",\"@id\":\"https:\/\/staging.belleflamme.ca\/fr\/produit\/gril-a-gaz-integre-blaze-professional-lux-34-pouces-a-3-bruleurs-avec-bruleur-infrarouge-arriere\/#primaryimage\",\"url\":\"https:\/\/staging.belleflamme.ca\/wp-content\/uploads\/2023\/05\/BLZ-3PRO_BuiltInOpen.webp\",\"contentUrl\":\"https:\/\/staging.belleflamme.ca\/wp-content\/uploads\/2023\/05\/BLZ-3PRO_BuiltInOpen.webp\",\"width\":1080,\"height\":1080,\"caption\":\"Gril \u00e0 gaz int\u00e9gr\u00e9 Blaze Professional LUX 34\"},{\"@type\":\"BreadcrumbList\",\"@id\":\"https:\/\/staging.belleflamme.ca\/fr\/produit\/gril-a-gaz-integre-blaze-professional-lux-34-pouces-a-3-bruleurs-avec-bruleur-infrarouge-arriere\/#breadcrumb\",\"itemListElement\":[{\"@type\":\"ListItem\",\"position\":1,\"name\":\"Accueil\",\"item\":\"https:\/\/www.belleflamme.ca\/fr\/\"},{\"@type\":\"ListItem\",\"position\":2,\"name\":\"Boutique\",\"item\":\"https:\/\/www.belleflamme.ca\/fr\/boutique\/\"},{\"@type\":\"ListItem\",\"position\":3,\"name\":\"BBQ &amp; Produits Ext\u00e9rieurs\",\"item\":\"https:\/\/staging.belleflamme.ca\/fr\/categories\/bbq-produits-exterieurs\/\"},{\"@type\":\"ListItem\",\"position\":4,\"name\":\"Cuisine Ext\u00e9rieure\",\"item\":\"https:\/\/staging.belleflamme.ca\/fr\/categories\/bbq-produits-exterieurs\/cuisine-exterieure\/\"},{\"@type\":\"ListItem\",\"position\":5,\"name\":\"BBQ Ext\u00e9rieurs\",\"item\":\"https:\/\/staging.belleflamme.ca\/fr\/categories\/bbq-produits-exterieurs\/cuisine-exterieure\/bbq-exterieurs\/\"},{\"@type\":\"ListItem\",\"position\":6,\"name\":\"Gril \u00e0 gaz int\u00e9gr\u00e9 Blaze Professional LUX 34 pouces \u00e0 3 br\u00fbleurs avec br\u00fbleur infrarouge arri\u00e8re\"}]},{\"@type\":\"WebSite\",\"@id\":\"https:\/\/www.belleflamme.ca\/fr\/#website\",\"url\":\"https:\/\/www.belleflamme.ca\/fr\/\",\"name\":\"Groupe Belleflamme\",\"description\":\"La m\u00e9canique du b\u00e2timent dans le sang.\",\"publisher\":{\"@id\":\"https:\/\/www.belleflamme.ca\/fr\/#organization\"},\"potentialAction\":[{\"@type\":\"SearchAction\",\"target\":{\"@type\":\"EntryPoint\",\"urlTemplate\":\"https:\/\/www.belleflamme.ca\/fr\/?s={search_term_string}\"},\"query-input\":{\"@type\":\"PropertyValueSpecification\",\"valueRequired\":true,\"valueName\":\"search_term_string\"}}],\"inLanguage\":\"fr-FR\"},{\"@type\":[\"Organization\",\"Place\"],\"@id\":\"https:\/\/www.belleflamme.ca\/fr\/#organization\",\"name\":\"Groupe Belleflamme\",\"alternateName\":\"Belleflamme\",\"url\":\"https:\/\/www.belleflamme.ca\/fr\/\",\"logo\":{\"@type\":\"ImageObject\",\"inLanguage\":\"fr-FR\",\"@id\":\"https:\/\/www.belleflamme.ca\/fr\/#\/schema\/logo\/image\/\",\"url\":\"https:\/\/staging.belleflamme.ca\/wp-content\/uploads\/2023\/01\/og-image.jpg\",\"contentUrl\":\"https:\/\/staging.belleflamme.ca\/wp-content\/uploads\/2023\/01\/og-image.jpg\",\"width\":1200,\"height\":630,\"caption\":\"Groupe Belleflamme\"},\"image\":{\"@id\":\"https:\/\/www.belleflamme.ca\/fr\/#\/schema\/logo\/image\/\"},\"sameAs\":[\"https:\/\/www.facebook.com\/belleflamme.ca\/\",\"https:\/\/www.linkedin.com\/company\/belleflamme\/\",\"https:\/\/www.pinterest.ca\/groupebelleflamme\/\",\"https:\/\/www.instagram.com\/legroupebelleflamme\/\"],\"mainEntityOfPage\":{\"@id\":\"https:\/\/staging.belleflamme.ca\/fr\/produit\/gril-a-gaz-integre-blaze-professional-lux-34-pouces-a-3-bruleurs-avec-bruleur-infrarouge-arriere\/\"}}]}<\/script>\n<meta property=\"product:brand\" content=\"Blaze\" \/>\n<meta property=\"product:price:amount\" content=\"0.00\" \/>\n<meta property=\"product:price:currency\" content=\"CAD\" \/>\n<meta property=\"og:availability\" content=\"instock\" \/>\n<meta property=\"product:availability\" content=\"instock\" \/>\n<meta property=\"product:condition\" content=\"new\" \/>\n<!-- \/ Yoast SEO Premium plugin. -->","yoast_head_json":{"title":"Gril \u00e0 gaz int\u00e9gr\u00e9 Blaze Professional LUX 34 pouces \u00e0 3 br\u00fbleurs avec br\u00fbleur infrarouge arri\u00e8re - Groupe BelleFlamme","description":"Gril \u00e0 gaz int\u00e9gr\u00e9 Blaze Professional LUX 34 pouces \u00e0 3 br\u00fbleurs avec br\u00fbleur infrarouge arri\u00e8re vendu et install\u00e9 par le Groupe Belleflamme. Laval, Montr\u00e9al, Gatineau, Drummondville et Saint-Sauveur.","robots":{"index":"index","follow":"follow","max-snippet":"max-snippet:-1","max-image-preview":"max-image-preview:large","max-video-preview":"max-video-preview:-1"},"canonical":"https:\/\/staging.belleflamme.ca\/fr\/produit\/gril-a-gaz-integre-blaze-professional-lux-34-pouces-a-3-bruleurs-avec-bruleur-infrarouge-arriere\/","og_locale":"fr_FR","og_type":"article","og_title":"Gril \u00e0 gaz int\u00e9gr\u00e9 Blaze Professional LUX 34 pouces \u00e0 3 br\u00fbleurs avec br\u00fbleur infrarouge arri\u00e8re","og_description":"Gril \u00e0 gaz int\u00e9gr\u00e9 Blaze Professional LUX 34 pouces \u00e0 3 br\u00fbleurs avec br\u00fbleur infrarouge arri\u00e8re vendu et install\u00e9 par le Groupe Belleflamme. Laval, Montr\u00e9al, Gatineau, Drummondville et Saint-Sauveur.","og_url":"https:\/\/staging.belleflamme.ca\/fr\/produit\/gril-a-gaz-integre-blaze-professional-lux-34-pouces-a-3-bruleurs-avec-bruleur-infrarouge-arriere\/","og_site_name":"Groupe BelleFlamme","article_publisher":"https:\/\/www.facebook.com\/belleflamme.ca\/","article_modified_time":"2024-05-16T17:00:25+00:00","og_image":[{"width":1080,"height":1080,"url":"https:\/\/www.belleflamme.ca\/wp-content\/uploads\/2023\/05\/BLZ-3PRO_BuiltInOpen.webp","type":"image\/webp"}],"twitter_card":"summary_large_image","twitter_misc":{"Prix":"","Disponibilit\u00e9":"En stock"},"schema":{"@context":"https:\/\/schema.org","@graph":[{"@type":["WebPage","ItemPage"],"@id":"https:\/\/staging.belleflamme.ca\/fr\/produit\/gril-a-gaz-integre-blaze-professional-lux-34-pouces-a-3-bruleurs-avec-bruleur-infrarouge-arriere\/","url":"https:\/\/staging.belleflamme.ca\/fr\/produit\/gril-a-gaz-integre-blaze-professional-lux-34-pouces-a-3-bruleurs-avec-bruleur-infrarouge-arriere\/","name":"Gril \u00e0 gaz int\u00e9gr\u00e9 Blaze Professional LUX 34 pouces \u00e0 3 br\u00fbleurs avec br\u00fbleur infrarouge arri\u00e8re - Groupe BelleFlamme","isPartOf":{"@id":"https:\/\/www.belleflamme.ca\/fr\/#website"},"primaryImageOfPage":{"@id":"https:\/\/staging.belleflamme.ca\/fr\/produit\/gril-a-gaz-integre-blaze-professional-lux-34-pouces-a-3-bruleurs-avec-bruleur-infrarouge-arriere\/#primaryimage"},"image":{"@id":"https:\/\/staging.belleflamme.ca\/fr\/produit\/gril-a-gaz-integre-blaze-professional-lux-34-pouces-a-3-bruleurs-avec-bruleur-infrarouge-arriere\/#primaryimage"},"thumbnailUrl":"https:\/\/staging.belleflamme.ca\/wp-content\/uploads\/2023\/05\/BLZ-3PRO_BuiltInOpen.webp","datePublished":"2023-05-16T15:09:22+00:00","dateModified":"2024-05-16T17:00:25+00:00","description":"Gril \u00e0 gaz int\u00e9gr\u00e9 Blaze Professional LUX 34 pouces \u00e0 3 br\u00fbleurs avec br\u00fbleur infrarouge arri\u00e8re [get_meta_en_fr]","breadcrumb":{"@id":"https:\/\/staging.belleflamme.ca\/fr\/produit\/gril-a-gaz-integre-blaze-professional-lux-34-pouces-a-3-bruleurs-avec-bruleur-infrarouge-arriere\/#breadcrumb"},"inLanguage":"fr-FR","potentialAction":[{"@type":"ReadAction","target":["https:\/\/staging.belleflamme.ca\/fr\/produit\/gril-a-gaz-integre-blaze-professional-lux-34-pouces-a-3-bruleurs-avec-bruleur-infrarouge-arriere\/"]}]},{"@type":"ImageObject","inLanguage":"fr-FR","@id":"https:\/\/staging.belleflamme.ca\/fr\/produit\/gril-a-gaz-integre-blaze-professional-lux-34-pouces-a-3-bruleurs-avec-bruleur-infrarouge-arriere\/#primaryimage","url":"https:\/\/staging.belleflamme.ca\/wp-content\/uploads\/2023\/05\/BLZ-3PRO_BuiltInOpen.webp","contentUrl":"https:\/\/staging.belleflamme.ca\/wp-content\/uploads\/2023\/05\/BLZ-3PRO_BuiltInOpen.webp","width":1080,"height":1080,"caption":"Gril \u00e0 gaz int\u00e9gr\u00e9 Blaze Professional LUX 34"},{"@type":"BreadcrumbList","@id":"https:\/\/staging.belleflamme.ca\/fr\/produit\/gril-a-gaz-integre-blaze-professional-lux-34-pouces-a-3-bruleurs-avec-bruleur-infrarouge-arriere\/#breadcrumb","itemListElement":[{"@type":"ListItem","position":1,"name":"Accueil","item":"https:\/\/www.belleflamme.ca\/fr\/"},{"@type":"ListItem","position":2,"name":"Boutique","item":"https:\/\/www.belleflamme.ca\/fr\/boutique\/"},{"@type":"ListItem","position":3,"name":"BBQ &amp; Produits Ext\u00e9rieurs","item":"https:\/\/staging.belleflamme.ca\/fr\/categories\/bbq-produits-exterieurs\/"},{"@type":"ListItem","position":4,"name":"Cuisine Ext\u00e9rieure","item":"https:\/\/staging.belleflamme.ca\/fr\/categories\/bbq-produits-exterieurs\/cuisine-exterieure\/"},{"@type":"ListItem","position":5,"name":"BBQ Ext\u00e9rieurs","item":"https:\/\/staging.belleflamme.ca\/fr\/categories\/bbq-produits-exterieurs\/cuisine-exterieure\/bbq-exterieurs\/"},{"@type":"ListItem","position":6,"name":"Gril \u00e0 gaz int\u00e9gr\u00e9 Blaze Professional LUX 34 pouces \u00e0 3 br\u00fbleurs avec br\u00fbleur infrarouge arri\u00e8re"}]},{"@type":"WebSite","@id":"https:\/\/www.belleflamme.ca\/fr\/#website","url":"https:\/\/www.belleflamme.ca\/fr\/","name":"Groupe Belleflamme","description":"La m\u00e9canique du b\u00e2timent dans le sang.","publisher":{"@id":"https:\/\/www.belleflamme.ca\/fr\/#organization"},"potentialAction":[{"@type":"SearchAction","target":{"@type":"EntryPoint","urlTemplate":"https:\/\/www.belleflamme.ca\/fr\/?s={search_term_string}"},"query-input":{"@type":"PropertyValueSpecification","valueRequired":true,"valueName":"search_term_string"}}],"inLanguage":"fr-FR"},{"@type":["Organization","Place"],"@id":"https:\/\/www.belleflamme.ca\/fr\/#organization","name":"Groupe Belleflamme","alternateName":"Belleflamme","url":"https:\/\/www.belleflamme.ca\/fr\/","logo":{"@type":"ImageObject","inLanguage":"fr-FR","@id":"https:\/\/www.belleflamme.ca\/fr\/#\/schema\/logo\/image\/","url":"https:\/\/staging.belleflamme.ca\/wp-content\/uploads\/2023\/01\/og-image.jpg","contentUrl":"https:\/\/staging.belleflamme.ca\/wp-content\/uploads\/2023\/01\/og-image.jpg","width":1200,"height":630,"caption":"Groupe Belleflamme"},"image":{"@id":"https:\/\/www.belleflamme.ca\/fr\/#\/schema\/logo\/image\/"},"sameAs":["https:\/\/www.facebook.com\/belleflamme.ca\/","https:\/\/www.linkedin.com\/company\/belleflamme\/","https:\/\/www.pinterest.ca\/groupebelleflamme\/","https:\/\/www.instagram.com\/legroupebelleflamme\/"],"mainEntityOfPage":{"@id":"https:\/\/staging.belleflamme.ca\/fr\/produit\/gril-a-gaz-integre-blaze-professional-lux-34-pouces-a-3-bruleurs-avec-bruleur-infrarouge-arriere\/"}}]},"product_brand":"Blaze","product_price_amount":"0.00","product_price_currency":"CAD","og_availability":"instock","product_availability":"instock","product_condition":"new"},"_links":{"self":[{"href":"https:\/\/staging.belleflamme.ca\/fr\/wp-json\/wp\/v2\/product\/14516","targetHints":{"allow":["GET"]}}],"collection":[{"href":"https:\/\/staging.belleflamme.ca\/fr\/wp-json\/wp\/v2\/product"}],"about":[{"href":"https:\/\/staging.belleflamme.ca\/fr\/wp-json\/wp\/v2\/types\/product"}],"version-history":[{"count":6,"href":"https:\/\/staging.belleflamme.ca\/fr\/wp-json\/wp\/v2\/product\/14516\/revisions"}],"predecessor-version":[{"id":38819,"href":"https:\/\/staging.belleflamme.ca\/fr\/wp-json\/wp\/v2\/product\/14516\/revisions\/38819"}],"wp:featuredmedia":[{"embeddable":true,"href":"https:\/\/staging.belleflamme.ca\/fr\/wp-json\/wp\/v2\/media\/14517"}],"wp:attachment":[{"href":"https:\/\/staging.belleflamme.ca\/fr\/wp-json\/wp\/v2\/media?parent=14516"}],"wp:term":[{"taxonomy":"product_brand","embeddable":true,"href":"https:\/\/staging.belleflamme.ca\/fr\/wp-json\/wp\/v2\/product_brand?post=14516"},{"taxonomy":"product_cat","embeddable":true,"href":"https:\/\/staging.belleflamme.ca\/fr\/wp-json\/wp\/v2\/product_cat?post=14516"},{"taxonomy":"product_tag","embeddable":true,"href":"https:\/\/staging.belleflamme.ca\/fr\/wp-json\/wp\/v2\/product_tag?post=14516"}],"curies":[{"name":"wp","href":"https:\/\/api.w.org\/{rel}","templated":true}]}}