{"id":14204,"date":"2023-05-08T15:49:34","date_gmt":"2023-05-08T19:49:34","guid":{"rendered":"https:\/\/www.belleflamme.ca\/?post_type=product&#038;p=14204"},"modified":"2023-05-08T15:52:33","modified_gmt":"2023-05-08T19:52:33","slug":"chauffe-eau-sans-reservoir-a-condensation-a-haut-rendement-npe-180a2","status":"publish","type":"product","link":"https:\/\/staging.belleflamme.ca\/fr\/produit\/chauffe-eau-sans-reservoir-a-condensation-a-haut-rendement-npe-180a2\/","title":{"rendered":"CHAUFFE-EAU SANS R\u00c9SERVOIR \u00c0 CONDENSATION \u00c0 HAUT RENDEMENT NPE-180A2"},"content":{"rendered":"<ul class=\"section__list section__list--leftFlush\">\n<li class=\"section__listItem\"><span>Conduite de gaz de \u00bd&#8221; capable jusqu&#8217;\u00e0 24&#8242;<\/span><\/li>\n<li class=\"section__listItem\"><span>Syst\u00e8me de gaz convertible sur place<\/span><\/li>\n<li class=\"section__listItem\"><span>Efficacit\u00e9 ultra-condensante<\/span><\/li>\n<li class=\"section__listItem\"><span>Deux \u00e9changeurs de chaleur en acier inoxydable<\/span><\/li>\n<li class=\"section__listItem\"><span>Faibles \u00e9missions de NOx (20\u00a0ppm)<\/span><\/li>\n<li class=\"section__listItem\"><span>SCH 40, 2&#8243; ventilation jusqu&#8217;\u00e0 75&#8242;<\/span><\/li>\n<li class=\"section__listItem\"><span>Capacit\u00e9 en cascade<\/span><\/li>\n<li class=\"section__listItem\"><span>Panneau de commande multiligne EZNav<\/span><\/li>\n<li class=\"section__listItem\"><span>Panneau de contr\u00f4le HotButton int\u00e9gr\u00e9<\/span><\/li>\n<li class=\"section__listItem\"><span>Ventilation commune jusqu&#8217;\u00e0 12 unit\u00e9s<\/span><\/li>\n<\/ul>\n<h2 class=\"product__sectionTitle\"><span>Caract\u00e9ristiques et avantages premium du NPE-180A2<\/span><\/h2>\n<p>&nbsp;<\/p>\n<p><img fetchpriority=\"high\" decoding=\"async\" class=\"float- \" src=\"https:\/\/navien-production-3.s3-us-west-2.amazonaws.com\/2023\/01\/05\/03\/41\/28\/57128c1a-b9d7-4899-8e84-5b32ae336979\/NPE-A2-InsideStory-opened-sm.png\" width=\"586\" height=\"1057\" data-alchemy-element=\"43617\" \/><\/p>\n<div class=\"row row--gutter- align-items-center justify-content-start\" data-alchemy-element=\"43600\">\n<div id=\"col_43603\" class=\"col-12 col-md-3  justify-content-start align-self-start   text-center\" data-alchemy-element=\"43603\">\n<div class=\"div_view\" data-alchemy-element=\"43604\"><img decoding=\"async\" class=\"float- \" src=\"https:\/\/navien-production-3.s3-us-west-2.amazonaws.com\/pictures\/1831\/0f64a8a8f155297889381305d73715eaed4e4c58\/A.png\" data-alchemy-element=\"43605\" \/><\/p>\n<hr \/>\n<div class=\"section__text section__text--small \">\n<p><strong><span>Ventilation en PVC de 2 po jusqu&#8217;\u00e0 75 pieds<\/span><br \/>\n<\/strong><span>Les basses temp\u00e9ratures des gaz d&#8217;\u00e9chappement permettent l&#8217;utilisation de PVC (y compris le PVC Schedule 40), le CPVC, le polypropyl\u00e8ne (rigide et flexible) et l&#8217;acier inoxydable, ce qui permet d&#8217;\u00e9conomiser du temps et de l&#8217;argent.<\/span><strong><span>D\u00e9tecteur d&#8217;installation de ventilation (VID)<\/span><\/strong><span>\u00a0pour plus de s\u00e9curit\u00e9.<\/span><\/p>\n<\/div>\n<\/div>\n<div class=\"div_view\" data-alchemy-element=\"43608\"><img decoding=\"async\" class=\"float- \" src=\"https:\/\/navien-production-3.s3-us-west-2.amazonaws.com\/pictures\/1837\/f2311afc554cdcc612e236a4dcd9a00d104c025a\/B.png\" data-alchemy-element=\"43609\" \/><\/p>\n<hr \/>\n<div class=\"section__text section__text--small \">\n<p><strong><span>Venturi double pour les conversions de gaz sur le terrain.\u00a0<\/span><\/strong><span>Le syst\u00e8me \u00e0 double venturi cr\u00e9e un meilleur contr\u00f4le de la combustion et un meilleur rapport de r\u00e9duction.<\/span><\/p>\n<\/div>\n<\/div>\n<div class=\"div_view\" data-alchemy-element=\"43612\"><img decoding=\"async\" class=\"float- \" src=\"https:\/\/navien-production-3.s3-us-west-2.amazonaws.com\/pictures\/1833\/f27f89de294206a7db38840acc7746adb8f82298\/C.png\" data-alchemy-element=\"43613\" \/><\/p>\n<hr \/>\n<div class=\"section__text section__text--small \">\n<p><span>Syst\u00e8me de recirculation int\u00e9gr\u00e9\u00a0<strong>ComfortFlow\u00ae<\/strong><\/span><br \/>\n<span>NPE-A2 Le syst\u00e8me brevet\u00e9 ComfortFlow\u00ae est le premier \u00e0 inclure un r\u00e9servoir tampon, une pompe de recirculation et des commandes pr\u00e9cises dans un chauffe-eau sans r\u00e9servoir.<\/span><\/p>\n<\/div>\n<\/div>\n<\/div>\n<div id=\"col_43616\" class=\"col-12 col-md-6  justify-content-start align-self-center d-none d-sm-block  text-center\" data-alchemy-element=\"43616\"><\/div>\n<div id=\"col_43618\" class=\"col-12 col-md-3  justify-content-start align-self-start   text-center\" data-alchemy-element=\"43618\">\n<div class=\"div_view\" data-alchemy-element=\"43619\"><img decoding=\"async\" class=\"float- \" src=\"https:\/\/navien-production-3.s3-us-west-2.amazonaws.com\/pictures\/1860\/49b6dee57e3dc1a2265aa3c469e06a381e053072\/D.png\" data-alchemy-element=\"43620\" \/><\/p>\n<hr \/>\n<div class=\"section__text section__text--small \">\n<p><strong><span>Deux \u00e9changeurs de chaleur en acier inoxydable<\/span><\/strong><span>\u00a0pour une durabilit\u00e9 accrue.<\/span><\/p>\n<div id=\"gtx-trans\">\n<div class=\"gtx-trans-icon\"><\/div>\n<\/div>\n<\/div>\n<\/div>\n<div class=\"div_view\" data-alchemy-element=\"43623\"><img decoding=\"async\" class=\"float- \" src=\"https:\/\/navien-production-3.s3-us-west-2.amazonaws.com\/pictures\/1836\/2b53db5cda0a79b7db5fcb18c703cd4fb5cd6e38\/E.png\" data-alchemy-element=\"43624\" \/><\/p>\n<hr \/>\n<div class=\"section__text section__text--small \">\n<p><span><strong>Commande multiligne<\/strong>\u00a0EZNav\u2122\u00a0 avec logiciel intuitif int\u00e9gr\u00e9.<\/span><\/p>\n<\/div>\n<\/div>\n<div class=\"div_view\" data-alchemy-element=\"43627\"><img decoding=\"async\" class=\"float- \" src=\"https:\/\/navien-production-3.s3-us-west-2.amazonaws.com\/pictures\/1832\/6810e7276b622de2ad4f55d3edfebeb63cc31260\/F.png\" data-alchemy-element=\"43628\" \/><\/p>\n<hr \/>\n<div class=\"section__text section__text--small \">\n<p><strong><span>Capacit\u00e9 de tuyau de gaz de 1\/2&#8243; jusqu&#8217;\u00e0 24&#8242;<\/span><\/strong><span>\u00a0(sous r\u00e9serve des codes locaux). R\u00e9duit le temps d&#8217;installation, pas besoin d&#8217;installer de nouvelles conduites de gaz pour les applications de r\u00e9novation.<\/span><\/p>\n<\/div>\n<\/div>\n<\/div>\n<\/div>\n","protected":false},"excerpt":{"rendered":"<p>Conduite de gaz de \u00bd&#8221; capable jusqu&#8217;\u00e0 24&#8242; Syst\u00e8me de gaz convertible sur place Efficacit\u00e9 ultra-condensante Deux \u00e9changeurs de chaleur en acier inoxydable Faibles \u00e9missions de NOx (20\u00a0ppm) SCH 40, 2&#8243; ventilation jusqu&#8217;\u00e0 75&#8242; Capacit\u00e9 en cascade Panneau de commande multiligne EZNav Panneau de contr\u00f4le HotButton int\u00e9gr\u00e9 Ventilation commune jusqu&#8217;\u00e0 12 unit\u00e9s Caract\u00e9ristiques et avantages [&hellip;]<\/p>\n","protected":false},"featured_media":14205,"template":"","meta":{"inline_featured_image":false},"product_brand":[507],"product_cat":[104,108,97],"product_tag":[],"class_list":{"0":"post-14204","1":"product","2":"type-product","3":"status-publish","4":"has-post-thumbnail","6":"product_brand-navien","7":"product_cat-chauffe-eau","8":"product_cat-chauffe-eau-gaz","9":"product_cat-plomberie-gaz","11":"first","12":"instock","13":"taxable","14":"shipping-taxable","15":"product-type-simple"},"yoast_head":"<!-- This site is optimized with the Yoast SEO Premium plugin v24.2 (Yoast SEO v24.2) - https:\/\/yoast.com\/wordpress\/plugins\/seo\/ -->\n<title>CHAUFFE-EAU SANS R\u00c9SERVOIR \u00c0 CONDENSATION \u00c0 HAUT RENDEMENT NPE-180A2 - Groupe BelleFlamme<\/title>\n<meta name=\"description\" content=\"CHAUFFE-EAU SANS R\u00c9SERVOIR \u00c0 CONDENSATION \u00c0 HAUT RENDEMENT NPE-180A2 vendu et install\u00e9 par le Groupe Belleflamme. Laval, Montr\u00e9al, Gatineau, Drummondville et Saint-Sauveur.\" \/>\n<meta name=\"robots\" content=\"index, follow, max-snippet:-1, max-image-preview:large, max-video-preview:-1\" \/>\n<link rel=\"canonical\" href=\"https:\/\/staging.belleflamme.ca\/fr\/produit\/chauffe-eau-sans-reservoir-a-condensation-a-haut-rendement-npe-180a2\/\" \/>\n<meta property=\"og:locale\" content=\"fr_FR\" \/>\n<meta property=\"og:type\" content=\"article\" \/>\n<meta property=\"og:title\" content=\"CHAUFFE-EAU SANS R\u00c9SERVOIR \u00c0 CONDENSATION \u00c0 HAUT RENDEMENT NPE-180A2\" \/>\n<meta property=\"og:description\" content=\"CHAUFFE-EAU SANS R\u00c9SERVOIR \u00c0 CONDENSATION \u00c0 HAUT RENDEMENT NPE-180A2 vendu et install\u00e9 par le Groupe Belleflamme. Laval, Montr\u00e9al, Gatineau, Drummondville et Saint-Sauveur.\" \/>\n<meta property=\"og:url\" content=\"https:\/\/staging.belleflamme.ca\/fr\/produit\/chauffe-eau-sans-reservoir-a-condensation-a-haut-rendement-npe-180a2\/\" \/>\n<meta property=\"og:site_name\" content=\"Groupe BelleFlamme\" \/>\n<meta property=\"article:publisher\" content=\"https:\/\/www.facebook.com\/belleflamme.ca\/\" \/>\n<meta property=\"article:modified_time\" content=\"2023-05-08T19:52:33+00:00\" \/>\n<meta property=\"og:image\" content=\"https:\/\/www.belleflamme.ca\/wp-content\/uploads\/2023\/05\/NPE-A2-Navien.webp\" \/>\n\t<meta property=\"og:image:width\" content=\"600\" \/>\n\t<meta property=\"og:image:height\" content=\"600\" \/>\n\t<meta property=\"og:image:type\" content=\"image\/webp\" \/>\n<meta name=\"twitter:card\" content=\"summary_large_image\" \/>\n<meta name=\"twitter:label1\" content=\"Prix\" \/>\n\t<meta name=\"twitter:data1\" content=\"\" \/>\n\t<meta name=\"twitter:label2\" content=\"Disponibilit\u00e9\" \/>\n\t<meta name=\"twitter:data2\" content=\"En stock\" \/>\n<script type=\"application\/ld+json\" class=\"yoast-schema-graph\">{\"@context\":\"https:\/\/schema.org\",\"@graph\":[{\"@type\":[\"WebPage\",\"ItemPage\"],\"@id\":\"https:\/\/staging.belleflamme.ca\/fr\/produit\/chauffe-eau-sans-reservoir-a-condensation-a-haut-rendement-npe-180a2\/\",\"url\":\"https:\/\/staging.belleflamme.ca\/fr\/produit\/chauffe-eau-sans-reservoir-a-condensation-a-haut-rendement-npe-180a2\/\",\"name\":\"CHAUFFE-EAU SANS R\u00c9SERVOIR \u00c0 CONDENSATION \u00c0 HAUT RENDEMENT NPE-180A2 - Groupe BelleFlamme\",\"isPartOf\":{\"@id\":\"https:\/\/www.belleflamme.ca\/fr\/#website\"},\"primaryImageOfPage\":{\"@id\":\"https:\/\/staging.belleflamme.ca\/fr\/produit\/chauffe-eau-sans-reservoir-a-condensation-a-haut-rendement-npe-180a2\/#primaryimage\"},\"image\":{\"@id\":\"https:\/\/staging.belleflamme.ca\/fr\/produit\/chauffe-eau-sans-reservoir-a-condensation-a-haut-rendement-npe-180a2\/#primaryimage\"},\"thumbnailUrl\":\"https:\/\/staging.belleflamme.ca\/wp-content\/uploads\/2023\/05\/NPE-A2-Navien.webp\",\"datePublished\":\"2023-05-08T19:49:34+00:00\",\"dateModified\":\"2023-05-08T19:52:33+00:00\",\"description\":\"CHAUFFE-EAU SANS R\u00c9SERVOIR \u00c0 CONDENSATION \u00c0 HAUT RENDEMENT NPE-180A2 [get_meta_en_fr]\",\"breadcrumb\":{\"@id\":\"https:\/\/staging.belleflamme.ca\/fr\/produit\/chauffe-eau-sans-reservoir-a-condensation-a-haut-rendement-npe-180a2\/#breadcrumb\"},\"inLanguage\":\"fr-FR\",\"potentialAction\":[{\"@type\":\"ReadAction\",\"target\":[\"https:\/\/staging.belleflamme.ca\/fr\/produit\/chauffe-eau-sans-reservoir-a-condensation-a-haut-rendement-npe-180a2\/\"]}]},{\"@type\":\"ImageObject\",\"inLanguage\":\"fr-FR\",\"@id\":\"https:\/\/staging.belleflamme.ca\/fr\/produit\/chauffe-eau-sans-reservoir-a-condensation-a-haut-rendement-npe-180a2\/#primaryimage\",\"url\":\"https:\/\/staging.belleflamme.ca\/wp-content\/uploads\/2023\/05\/NPE-A2-Navien.webp\",\"contentUrl\":\"https:\/\/staging.belleflamme.ca\/wp-content\/uploads\/2023\/05\/NPE-A2-Navien.webp\",\"width\":600,\"height\":600,\"caption\":\"NPE-A2 Navien\"},{\"@type\":\"BreadcrumbList\",\"@id\":\"https:\/\/staging.belleflamme.ca\/fr\/produit\/chauffe-eau-sans-reservoir-a-condensation-a-haut-rendement-npe-180a2\/#breadcrumb\",\"itemListElement\":[{\"@type\":\"ListItem\",\"position\":1,\"name\":\"Accueil\",\"item\":\"https:\/\/www.belleflamme.ca\/fr\/\"},{\"@type\":\"ListItem\",\"position\":2,\"name\":\"Boutique\",\"item\":\"https:\/\/www.belleflamme.ca\/fr\/boutique\/\"},{\"@type\":\"ListItem\",\"position\":3,\"name\":\"Plomberie &amp; Gaz\",\"item\":\"https:\/\/staging.belleflamme.ca\/fr\/categories\/plomberie-gaz\/\"},{\"@type\":\"ListItem\",\"position\":4,\"name\":\"Chauffe Eau\",\"item\":\"https:\/\/staging.belleflamme.ca\/fr\/categories\/plomberie-gaz\/chauffe-eau\/\"},{\"@type\":\"ListItem\",\"position\":5,\"name\":\"Chauffe eau au Gaz\",\"item\":\"https:\/\/staging.belleflamme.ca\/fr\/categories\/plomberie-gaz\/chauffe-eau\/chauffe-eau-gaz\/\"},{\"@type\":\"ListItem\",\"position\":6,\"name\":\"CHAUFFE-EAU SANS R\u00c9SERVOIR \u00c0 CONDENSATION \u00c0 HAUT RENDEMENT NPE-180A2\"}]},{\"@type\":\"WebSite\",\"@id\":\"https:\/\/www.belleflamme.ca\/fr\/#website\",\"url\":\"https:\/\/www.belleflamme.ca\/fr\/\",\"name\":\"Groupe Belleflamme\",\"description\":\"La m\u00e9canique du b\u00e2timent dans le sang.\",\"publisher\":{\"@id\":\"https:\/\/www.belleflamme.ca\/fr\/#organization\"},\"potentialAction\":[{\"@type\":\"SearchAction\",\"target\":{\"@type\":\"EntryPoint\",\"urlTemplate\":\"https:\/\/www.belleflamme.ca\/fr\/?s={search_term_string}\"},\"query-input\":{\"@type\":\"PropertyValueSpecification\",\"valueRequired\":true,\"valueName\":\"search_term_string\"}}],\"inLanguage\":\"fr-FR\"},{\"@type\":[\"Organization\",\"Place\"],\"@id\":\"https:\/\/www.belleflamme.ca\/fr\/#organization\",\"name\":\"Groupe Belleflamme\",\"alternateName\":\"Belleflamme\",\"url\":\"https:\/\/www.belleflamme.ca\/fr\/\",\"logo\":{\"@type\":\"ImageObject\",\"inLanguage\":\"fr-FR\",\"@id\":\"https:\/\/www.belleflamme.ca\/fr\/#\/schema\/logo\/image\/\",\"url\":\"https:\/\/staging.belleflamme.ca\/wp-content\/uploads\/2023\/01\/og-image.jpg\",\"contentUrl\":\"https:\/\/staging.belleflamme.ca\/wp-content\/uploads\/2023\/01\/og-image.jpg\",\"width\":1200,\"height\":630,\"caption\":\"Groupe Belleflamme\"},\"image\":{\"@id\":\"https:\/\/www.belleflamme.ca\/fr\/#\/schema\/logo\/image\/\"},\"sameAs\":[\"https:\/\/www.facebook.com\/belleflamme.ca\/\",\"https:\/\/www.linkedin.com\/company\/belleflamme\/\",\"https:\/\/www.pinterest.ca\/groupebelleflamme\/\",\"https:\/\/www.instagram.com\/legroupebelleflamme\/\"],\"mainEntityOfPage\":{\"@id\":\"https:\/\/staging.belleflamme.ca\/fr\/produit\/chauffe-eau-sans-reservoir-a-condensation-a-haut-rendement-npe-180a2\/\"}}]}<\/script>\n<meta property=\"product:brand\" content=\"Navien\" \/>\n<meta property=\"product:price:amount\" content=\"0.00\" \/>\n<meta property=\"product:price:currency\" content=\"CAD\" \/>\n<meta property=\"og:availability\" content=\"instock\" \/>\n<meta property=\"product:availability\" content=\"instock\" \/>\n<meta property=\"product:condition\" content=\"new\" \/>\n<!-- \/ Yoast SEO Premium plugin. -->","yoast_head_json":{"title":"CHAUFFE-EAU SANS R\u00c9SERVOIR \u00c0 CONDENSATION \u00c0 HAUT RENDEMENT NPE-180A2 - Groupe BelleFlamme","description":"CHAUFFE-EAU SANS R\u00c9SERVOIR \u00c0 CONDENSATION \u00c0 HAUT RENDEMENT NPE-180A2 vendu et install\u00e9 par le Groupe Belleflamme. Laval, Montr\u00e9al, Gatineau, Drummondville et Saint-Sauveur.","robots":{"index":"index","follow":"follow","max-snippet":"max-snippet:-1","max-image-preview":"max-image-preview:large","max-video-preview":"max-video-preview:-1"},"canonical":"https:\/\/staging.belleflamme.ca\/fr\/produit\/chauffe-eau-sans-reservoir-a-condensation-a-haut-rendement-npe-180a2\/","og_locale":"fr_FR","og_type":"article","og_title":"CHAUFFE-EAU SANS R\u00c9SERVOIR \u00c0 CONDENSATION \u00c0 HAUT RENDEMENT NPE-180A2","og_description":"CHAUFFE-EAU SANS R\u00c9SERVOIR \u00c0 CONDENSATION \u00c0 HAUT RENDEMENT NPE-180A2 vendu et install\u00e9 par le Groupe Belleflamme. Laval, Montr\u00e9al, Gatineau, Drummondville et Saint-Sauveur.","og_url":"https:\/\/staging.belleflamme.ca\/fr\/produit\/chauffe-eau-sans-reservoir-a-condensation-a-haut-rendement-npe-180a2\/","og_site_name":"Groupe BelleFlamme","article_publisher":"https:\/\/www.facebook.com\/belleflamme.ca\/","article_modified_time":"2023-05-08T19:52:33+00:00","og_image":[{"width":600,"height":600,"url":"https:\/\/www.belleflamme.ca\/wp-content\/uploads\/2023\/05\/NPE-A2-Navien.webp","type":"image\/webp"}],"twitter_card":"summary_large_image","twitter_misc":{"Prix":"","Disponibilit\u00e9":"En stock"},"schema":{"@context":"https:\/\/schema.org","@graph":[{"@type":["WebPage","ItemPage"],"@id":"https:\/\/staging.belleflamme.ca\/fr\/produit\/chauffe-eau-sans-reservoir-a-condensation-a-haut-rendement-npe-180a2\/","url":"https:\/\/staging.belleflamme.ca\/fr\/produit\/chauffe-eau-sans-reservoir-a-condensation-a-haut-rendement-npe-180a2\/","name":"CHAUFFE-EAU SANS R\u00c9SERVOIR \u00c0 CONDENSATION \u00c0 HAUT RENDEMENT NPE-180A2 - Groupe BelleFlamme","isPartOf":{"@id":"https:\/\/www.belleflamme.ca\/fr\/#website"},"primaryImageOfPage":{"@id":"https:\/\/staging.belleflamme.ca\/fr\/produit\/chauffe-eau-sans-reservoir-a-condensation-a-haut-rendement-npe-180a2\/#primaryimage"},"image":{"@id":"https:\/\/staging.belleflamme.ca\/fr\/produit\/chauffe-eau-sans-reservoir-a-condensation-a-haut-rendement-npe-180a2\/#primaryimage"},"thumbnailUrl":"https:\/\/staging.belleflamme.ca\/wp-content\/uploads\/2023\/05\/NPE-A2-Navien.webp","datePublished":"2023-05-08T19:49:34+00:00","dateModified":"2023-05-08T19:52:33+00:00","description":"CHAUFFE-EAU SANS R\u00c9SERVOIR \u00c0 CONDENSATION \u00c0 HAUT RENDEMENT NPE-180A2 [get_meta_en_fr]","breadcrumb":{"@id":"https:\/\/staging.belleflamme.ca\/fr\/produit\/chauffe-eau-sans-reservoir-a-condensation-a-haut-rendement-npe-180a2\/#breadcrumb"},"inLanguage":"fr-FR","potentialAction":[{"@type":"ReadAction","target":["https:\/\/staging.belleflamme.ca\/fr\/produit\/chauffe-eau-sans-reservoir-a-condensation-a-haut-rendement-npe-180a2\/"]}]},{"@type":"ImageObject","inLanguage":"fr-FR","@id":"https:\/\/staging.belleflamme.ca\/fr\/produit\/chauffe-eau-sans-reservoir-a-condensation-a-haut-rendement-npe-180a2\/#primaryimage","url":"https:\/\/staging.belleflamme.ca\/wp-content\/uploads\/2023\/05\/NPE-A2-Navien.webp","contentUrl":"https:\/\/staging.belleflamme.ca\/wp-content\/uploads\/2023\/05\/NPE-A2-Navien.webp","width":600,"height":600,"caption":"NPE-A2 Navien"},{"@type":"BreadcrumbList","@id":"https:\/\/staging.belleflamme.ca\/fr\/produit\/chauffe-eau-sans-reservoir-a-condensation-a-haut-rendement-npe-180a2\/#breadcrumb","itemListElement":[{"@type":"ListItem","position":1,"name":"Accueil","item":"https:\/\/www.belleflamme.ca\/fr\/"},{"@type":"ListItem","position":2,"name":"Boutique","item":"https:\/\/www.belleflamme.ca\/fr\/boutique\/"},{"@type":"ListItem","position":3,"name":"Plomberie &amp; Gaz","item":"https:\/\/staging.belleflamme.ca\/fr\/categories\/plomberie-gaz\/"},{"@type":"ListItem","position":4,"name":"Chauffe Eau","item":"https:\/\/staging.belleflamme.ca\/fr\/categories\/plomberie-gaz\/chauffe-eau\/"},{"@type":"ListItem","position":5,"name":"Chauffe eau au Gaz","item":"https:\/\/staging.belleflamme.ca\/fr\/categories\/plomberie-gaz\/chauffe-eau\/chauffe-eau-gaz\/"},{"@type":"ListItem","position":6,"name":"CHAUFFE-EAU SANS R\u00c9SERVOIR \u00c0 CONDENSATION \u00c0 HAUT RENDEMENT NPE-180A2"}]},{"@type":"WebSite","@id":"https:\/\/www.belleflamme.ca\/fr\/#website","url":"https:\/\/www.belleflamme.ca\/fr\/","name":"Groupe Belleflamme","description":"La m\u00e9canique du b\u00e2timent dans le sang.","publisher":{"@id":"https:\/\/www.belleflamme.ca\/fr\/#organization"},"potentialAction":[{"@type":"SearchAction","target":{"@type":"EntryPoint","urlTemplate":"https:\/\/www.belleflamme.ca\/fr\/?s={search_term_string}"},"query-input":{"@type":"PropertyValueSpecification","valueRequired":true,"valueName":"search_term_string"}}],"inLanguage":"fr-FR"},{"@type":["Organization","Place"],"@id":"https:\/\/www.belleflamme.ca\/fr\/#organization","name":"Groupe Belleflamme","alternateName":"Belleflamme","url":"https:\/\/www.belleflamme.ca\/fr\/","logo":{"@type":"ImageObject","inLanguage":"fr-FR","@id":"https:\/\/www.belleflamme.ca\/fr\/#\/schema\/logo\/image\/","url":"https:\/\/staging.belleflamme.ca\/wp-content\/uploads\/2023\/01\/og-image.jpg","contentUrl":"https:\/\/staging.belleflamme.ca\/wp-content\/uploads\/2023\/01\/og-image.jpg","width":1200,"height":630,"caption":"Groupe Belleflamme"},"image":{"@id":"https:\/\/www.belleflamme.ca\/fr\/#\/schema\/logo\/image\/"},"sameAs":["https:\/\/www.facebook.com\/belleflamme.ca\/","https:\/\/www.linkedin.com\/company\/belleflamme\/","https:\/\/www.pinterest.ca\/groupebelleflamme\/","https:\/\/www.instagram.com\/legroupebelleflamme\/"],"mainEntityOfPage":{"@id":"https:\/\/staging.belleflamme.ca\/fr\/produit\/chauffe-eau-sans-reservoir-a-condensation-a-haut-rendement-npe-180a2\/"}}]},"product_brand":"Navien","product_price_amount":"0.00","product_price_currency":"CAD","og_availability":"instock","product_availability":"instock","product_condition":"new"},"_links":{"self":[{"href":"https:\/\/staging.belleflamme.ca\/fr\/wp-json\/wp\/v2\/product\/14204","targetHints":{"allow":["GET"]}}],"collection":[{"href":"https:\/\/staging.belleflamme.ca\/fr\/wp-json\/wp\/v2\/product"}],"about":[{"href":"https:\/\/staging.belleflamme.ca\/fr\/wp-json\/wp\/v2\/types\/product"}],"version-history":[{"count":1,"href":"https:\/\/staging.belleflamme.ca\/fr\/wp-json\/wp\/v2\/product\/14204\/revisions"}],"predecessor-version":[{"id":14207,"href":"https:\/\/staging.belleflamme.ca\/fr\/wp-json\/wp\/v2\/product\/14204\/revisions\/14207"}],"wp:featuredmedia":[{"embeddable":true,"href":"https:\/\/staging.belleflamme.ca\/fr\/wp-json\/wp\/v2\/media\/14205"}],"wp:attachment":[{"href":"https:\/\/staging.belleflamme.ca\/fr\/wp-json\/wp\/v2\/media?parent=14204"}],"wp:term":[{"taxonomy":"product_brand","embeddable":true,"href":"https:\/\/staging.belleflamme.ca\/fr\/wp-json\/wp\/v2\/product_brand?post=14204"},{"taxonomy":"product_cat","embeddable":true,"href":"https:\/\/staging.belleflamme.ca\/fr\/wp-json\/wp\/v2\/product_cat?post=14204"},{"taxonomy":"product_tag","embeddable":true,"href":"https:\/\/staging.belleflamme.ca\/fr\/wp-json\/wp\/v2\/product_tag?post=14204"}],"curies":[{"name":"wp","href":"https:\/\/api.w.org\/{rel}","templated":true}]}}