{"id":14190,"date":"2023-05-08T15:35:36","date_gmt":"2023-05-08T19:35:36","guid":{"rendered":"https:\/\/www.belleflamme.ca\/?post_type=product&#038;p=14190"},"modified":"2023-05-08T15:39:40","modified_gmt":"2023-05-08T19:39:40","slug":"chauffe-eau-sans-reservoir-sans-condensation-haut-de-gamme-npn-160e","status":"publish","type":"product","link":"https:\/\/staging.belleflamme.ca\/fr\/produit\/chauffe-eau-sans-reservoir-sans-condensation-haut-de-gamme-npn-160e\/","title":{"rendered":"CHAUFFE-EAU SANS R\u00c9SERVOIR SANS CONDENSATION HAUT DE GAMME NPN-160E"},"content":{"rendered":"<ul class=\"section__list section__list--leftFlush\">\n<li class=\"section__listItem\"><span>\u00c9changeur de chaleur et br\u00fbleur en acier inoxydable NaviTech<\/span><\/li>\n<li class=\"section__listItem\"><span>Unit\u00e9 ext\u00e9rieure pour installations ext\u00e9rieures<\/span><\/li>\n<li class=\"section__listItem\"><span>Disponible en NG ou LP<\/span><\/li>\n<li class=\"section__listItem\"><span>Capacit\u00e9 en cascade<\/span><\/li>\n<li class=\"section__listItem\"><span>Faibles \u00e9missions de NOx (20\u00a0ppm)<\/span><\/li>\n<\/ul>\n<h2 class=\"product__sectionTitle\"><span>Caract\u00e9ristiques et avantages premium du NPN-160E<\/span><\/h2>\n<p>&nbsp;<\/p>\n<p><img decoding=\"async\" class=\"float- \" src=\"https:\/\/navien-production-3.s3-us-west-2.amazonaws.com\/2022\/04\/27\/22\/09\/46\/448b2d8b-a591-414a-89b6-4fa49f41dda2\/NPN-E.png\" data-alchemy-element=\"43750\" \/><\/p>\n<div class=\"row row--gutter- align-items-center justify-content-start\" data-alchemy-element=\"43733\">\n<div id=\"col_43736\" class=\"col-12 col-md-3  justify-content-start align-self-start   text-center\" data-alchemy-element=\"43736\">\n<div class=\"div_view\" data-alchemy-element=\"43737\"><img decoding=\"async\" class=\"float- \" src=\"https:\/\/navien-production-3.s3-us-west-2.amazonaws.com\/pictures\/1916\/453409a34f650ba76b8a6e1188c0f01dd7ce8028\/exchanger.png\" data-alchemy-element=\"43738\" \/><\/p>\n<hr \/>\n<div class=\"section__text section__text--small \">\n<p><strong><span>\u00c9changeur de chaleur exclusif NaviTech\u2122 en acier inoxydable.\u00a0<\/span><\/strong><span>La s\u00e9rie NPN est le premier et le seul chauffe-eau sans r\u00e9servoir sans condensation avec un \u00e9changeur de chaleur en acier inoxydable pour offrir une durabilit\u00e9 et des performances in\u00e9gal\u00e9es.<\/span><\/p>\n<\/div>\n<\/div>\n<div class=\"div_view\" data-alchemy-element=\"43741\"><img decoding=\"async\" class=\"float- \" src=\"https:\/\/navien-production-3.s3-us-west-2.amazonaws.com\/pictures\/1849\/96f9796111f70f9242c25e92f38bbd9acbdf25f0\/B4.png\" data-alchemy-element=\"43742\" \/><\/p>\n<hr \/>\n<div class=\"section__text section__text--small \">\n<p><strong><span>NPN &#8211; Le panneau de commande ext\u00e9rieur<\/span><\/strong><span>\u00a0vous permet de r\u00e9gler la temp\u00e9rature de l&#8217;eau, l&#8217;\u00e9tat de fonctionnement et le d\u00e9pannage.<\/span><\/p>\n<\/div>\n<\/div>\n<div class=\"div_view\" data-alchemy-element=\"43745\"><img decoding=\"async\" class=\"float- \" src=\"https:\/\/navien-production-3.s3-us-west-2.amazonaws.com\/pictures\/1847\/6b2f3542fa47d6382075a23dd1e837d9d2649ad4\/C2.png\" data-alchemy-element=\"43746\" \/><\/p>\n<hr \/>\n<div class=\"section__text section__text--small \">\n<p><strong><span>Le capteur de pression d&#8217;air int\u00e9gr\u00e9 (APS)<\/span><\/strong><span>\u00a0surveille le blocage du syst\u00e8me de ventilation, compense automatiquement la plage de longueurs de ventilation, aide \u00e0 maintenir un rapport air\/gaz appropri\u00e9 pendant le fonctionnement et assure une sortie d&#8217;eau chaude domestique constante pendant les conditions changeantes.<\/span><\/p>\n<\/div>\n<\/div>\n<\/div>\n<div id=\"col_43749\" class=\"col-12 col-md-6  justify-content-start align-self-center d-none d-sm-block  text-center\" data-alchemy-element=\"43749\"><\/div>\n<div id=\"col_43751\" class=\"col-12 col-md-3  justify-content-start align-self-center   text-center\" data-alchemy-element=\"43751\">\n<div class=\"div_view\" data-alchemy-element=\"43752\"><img decoding=\"async\" class=\"float- \" src=\"https:\/\/navien-production-3.s3-us-west-2.amazonaws.com\/pictures\/1914\/81af2a64c10b79f254a54148d8b4d18a90edd3d4\/burner.png\" data-alchemy-element=\"43753\" \/><\/p>\n<hr \/>\n<div class=\"section__text section__text--small \">\n<p><strong><span>Br\u00fbleur en acier inoxydable brevet\u00e9 NaviTech\u2122.\u00a0<\/span><\/strong><span>Con\u00e7u et fabriqu\u00e9 par Navien pour br\u00fbler du gaz avec une efficacit\u00e9 sup\u00e9rieure \u00e0 celle des autres syst\u00e8mes sur le march\u00e9.<\/span><\/p>\n<\/div>\n<\/div>\n<div class=\"div_view\" data-alchemy-element=\"43756\"><img decoding=\"async\" class=\"float- \" src=\"https:\/\/navien-production-3.s3-us-west-2.amazonaws.com\/pictures\/1845\/9bb58dd467b27cc3c9506e5f25e3066002dbd689\/E2.png\" data-alchemy-element=\"43757\" \/><\/p>\n<hr \/>\n<div class=\"section__text section__text--small \">\n<p><strong><span>Contr\u00f4le de recirculation int\u00e9gr\u00e9 au circuit imprim\u00e9.\u00a0<\/span><\/strong><span>Assure une configuration correcte du syst\u00e8me et r\u00e9duit le besoin de composants suppl\u00e9mentaires, ce qui permet d&#8217;\u00e9conomiser du temps et des co\u00fbts d&#8217;installation.<\/span><\/p>\n<\/div>\n<\/div>\n<div class=\"div_view\" data-alchemy-element=\"43760\"><img decoding=\"async\" class=\"float- \" src=\"https:\/\/navien-production-3.s3-us-west-2.amazonaws.com\/pictures\/1846\/d9f269a877e2092672ede60fad037ba86ce33217\/F3.png\" data-alchemy-element=\"43761\" \/><\/p>\n<hr \/>\n<div class=\"section__text section__text--small \">\n<p><strong><span>La vanne de r\u00e9glage de l&#8217;eau int\u00e9gr\u00e9e (WAV) et la vanne de m\u00e9lange<\/span><\/strong><span>\u00a0contr\u00f4lent le d\u00e9bit pour maintenir le point de consigne et stabiliser la temp\u00e9rature de l&#8217;eau pendant les changements de d\u00e9bit.<\/span><\/p>\n<\/div>\n<\/div>\n<\/div>\n<\/div>\n","protected":false},"excerpt":{"rendered":"<p>\u00c9changeur de chaleur et br\u00fbleur en acier inoxydable NaviTech Unit\u00e9 ext\u00e9rieure pour installations ext\u00e9rieures Disponible en NG ou LP Capacit\u00e9 en cascade Faibles \u00e9missions de NOx (20\u00a0ppm) Caract\u00e9ristiques et avantages premium du NPN-160E &nbsp; \u00c9changeur de chaleur exclusif NaviTech\u2122 en acier inoxydable.\u00a0La s\u00e9rie NPN est le premier et le seul chauffe-eau sans r\u00e9servoir sans condensation [&hellip;]<\/p>\n","protected":false},"featured_media":14191,"template":"","meta":{"inline_featured_image":false},"product_brand":[507],"product_cat":[104,108,97],"product_tag":[],"class_list":{"0":"post-14190","1":"product","2":"type-product","3":"status-publish","4":"has-post-thumbnail","6":"product_brand-navien","7":"product_cat-chauffe-eau","8":"product_cat-chauffe-eau-gaz","9":"product_cat-plomberie-gaz","11":"first","12":"instock","13":"taxable","14":"shipping-taxable","15":"product-type-simple"},"yoast_head":"<!-- This site is optimized with the Yoast SEO Premium plugin v24.2 (Yoast SEO v24.2) - https:\/\/yoast.com\/wordpress\/plugins\/seo\/ -->\n<title>CHAUFFE-EAU SANS R\u00c9SERVOIR SANS CONDENSATION HAUT DE GAMME NPN-160E - Groupe BelleFlamme<\/title>\n<meta name=\"description\" content=\"CHAUFFE-EAU SANS R\u00c9SERVOIR SANS CONDENSATION HAUT DE GAMME NPN-160E vendu et install\u00e9 par le Groupe Belleflamme. Laval, Montr\u00e9al, Gatineau, Drummondville et Saint-Sauveur.\" \/>\n<meta name=\"robots\" content=\"index, follow, max-snippet:-1, max-image-preview:large, max-video-preview:-1\" \/>\n<link rel=\"canonical\" href=\"https:\/\/staging.belleflamme.ca\/fr\/produit\/chauffe-eau-sans-reservoir-sans-condensation-haut-de-gamme-npn-160e\/\" \/>\n<meta property=\"og:locale\" content=\"fr_FR\" \/>\n<meta property=\"og:type\" content=\"article\" \/>\n<meta property=\"og:title\" content=\"CHAUFFE-EAU SANS R\u00c9SERVOIR SANS CONDENSATION HAUT DE GAMME NPN-160E\" \/>\n<meta property=\"og:description\" content=\"CHAUFFE-EAU SANS R\u00c9SERVOIR SANS CONDENSATION HAUT DE GAMME NPN-160E vendu et install\u00e9 par le Groupe Belleflamme. Laval, Montr\u00e9al, Gatineau, Drummondville et Saint-Sauveur.\" \/>\n<meta property=\"og:url\" content=\"https:\/\/staging.belleflamme.ca\/fr\/produit\/chauffe-eau-sans-reservoir-sans-condensation-haut-de-gamme-npn-160e\/\" \/>\n<meta property=\"og:site_name\" content=\"Groupe BelleFlamme\" \/>\n<meta property=\"article:publisher\" content=\"https:\/\/www.facebook.com\/belleflamme.ca\/\" \/>\n<meta property=\"article:modified_time\" content=\"2023-05-08T19:39:40+00:00\" \/>\n<meta property=\"og:image\" content=\"https:\/\/www.belleflamme.ca\/wp-content\/uploads\/2023\/05\/NPN-E-navien.webp\" \/>\n\t<meta property=\"og:image:width\" content=\"600\" \/>\n\t<meta property=\"og:image:height\" content=\"600\" \/>\n\t<meta property=\"og:image:type\" content=\"image\/webp\" \/>\n<meta name=\"twitter:card\" content=\"summary_large_image\" \/>\n<meta name=\"twitter:label1\" content=\"Prix\" \/>\n\t<meta name=\"twitter:data1\" content=\"\" \/>\n\t<meta name=\"twitter:label2\" content=\"Disponibilit\u00e9\" \/>\n\t<meta name=\"twitter:data2\" content=\"En stock\" \/>\n<script type=\"application\/ld+json\" class=\"yoast-schema-graph\">{\"@context\":\"https:\/\/schema.org\",\"@graph\":[{\"@type\":[\"WebPage\",\"ItemPage\"],\"@id\":\"https:\/\/staging.belleflamme.ca\/fr\/produit\/chauffe-eau-sans-reservoir-sans-condensation-haut-de-gamme-npn-160e\/\",\"url\":\"https:\/\/staging.belleflamme.ca\/fr\/produit\/chauffe-eau-sans-reservoir-sans-condensation-haut-de-gamme-npn-160e\/\",\"name\":\"CHAUFFE-EAU SANS R\u00c9SERVOIR SANS CONDENSATION HAUT DE GAMME NPN-160E - Groupe BelleFlamme\",\"isPartOf\":{\"@id\":\"https:\/\/www.belleflamme.ca\/fr\/#website\"},\"primaryImageOfPage\":{\"@id\":\"https:\/\/staging.belleflamme.ca\/fr\/produit\/chauffe-eau-sans-reservoir-sans-condensation-haut-de-gamme-npn-160e\/#primaryimage\"},\"image\":{\"@id\":\"https:\/\/staging.belleflamme.ca\/fr\/produit\/chauffe-eau-sans-reservoir-sans-condensation-haut-de-gamme-npn-160e\/#primaryimage\"},\"thumbnailUrl\":\"https:\/\/staging.belleflamme.ca\/wp-content\/uploads\/2023\/05\/NPN-E-navien.webp\",\"datePublished\":\"2023-05-08T19:35:36+00:00\",\"dateModified\":\"2023-05-08T19:39:40+00:00\",\"description\":\"CHAUFFE-EAU SANS R\u00c9SERVOIR SANS CONDENSATION HAUT DE GAMME NPN-160E [get_meta_en_fr]\",\"breadcrumb\":{\"@id\":\"https:\/\/staging.belleflamme.ca\/fr\/produit\/chauffe-eau-sans-reservoir-sans-condensation-haut-de-gamme-npn-160e\/#breadcrumb\"},\"inLanguage\":\"fr-FR\",\"potentialAction\":[{\"@type\":\"ReadAction\",\"target\":[\"https:\/\/staging.belleflamme.ca\/fr\/produit\/chauffe-eau-sans-reservoir-sans-condensation-haut-de-gamme-npn-160e\/\"]}]},{\"@type\":\"ImageObject\",\"inLanguage\":\"fr-FR\",\"@id\":\"https:\/\/staging.belleflamme.ca\/fr\/produit\/chauffe-eau-sans-reservoir-sans-condensation-haut-de-gamme-npn-160e\/#primaryimage\",\"url\":\"https:\/\/staging.belleflamme.ca\/wp-content\/uploads\/2023\/05\/NPN-E-navien.webp\",\"contentUrl\":\"https:\/\/staging.belleflamme.ca\/wp-content\/uploads\/2023\/05\/NPN-E-navien.webp\",\"width\":600,\"height\":600,\"caption\":\"NPN-E navien\"},{\"@type\":\"BreadcrumbList\",\"@id\":\"https:\/\/staging.belleflamme.ca\/fr\/produit\/chauffe-eau-sans-reservoir-sans-condensation-haut-de-gamme-npn-160e\/#breadcrumb\",\"itemListElement\":[{\"@type\":\"ListItem\",\"position\":1,\"name\":\"Accueil\",\"item\":\"https:\/\/www.belleflamme.ca\/fr\/\"},{\"@type\":\"ListItem\",\"position\":2,\"name\":\"Boutique\",\"item\":\"https:\/\/www.belleflamme.ca\/fr\/boutique\/\"},{\"@type\":\"ListItem\",\"position\":3,\"name\":\"Plomberie &amp; Gaz\",\"item\":\"https:\/\/staging.belleflamme.ca\/fr\/categories\/plomberie-gaz\/\"},{\"@type\":\"ListItem\",\"position\":4,\"name\":\"Chauffe Eau\",\"item\":\"https:\/\/staging.belleflamme.ca\/fr\/categories\/plomberie-gaz\/chauffe-eau\/\"},{\"@type\":\"ListItem\",\"position\":5,\"name\":\"Chauffe eau au Gaz\",\"item\":\"https:\/\/staging.belleflamme.ca\/fr\/categories\/plomberie-gaz\/chauffe-eau\/chauffe-eau-gaz\/\"},{\"@type\":\"ListItem\",\"position\":6,\"name\":\"CHAUFFE-EAU SANS R\u00c9SERVOIR SANS CONDENSATION HAUT DE GAMME NPN-160E\"}]},{\"@type\":\"WebSite\",\"@id\":\"https:\/\/www.belleflamme.ca\/fr\/#website\",\"url\":\"https:\/\/www.belleflamme.ca\/fr\/\",\"name\":\"Groupe Belleflamme\",\"description\":\"La m\u00e9canique du b\u00e2timent dans le sang.\",\"publisher\":{\"@id\":\"https:\/\/www.belleflamme.ca\/fr\/#organization\"},\"potentialAction\":[{\"@type\":\"SearchAction\",\"target\":{\"@type\":\"EntryPoint\",\"urlTemplate\":\"https:\/\/www.belleflamme.ca\/fr\/?s={search_term_string}\"},\"query-input\":{\"@type\":\"PropertyValueSpecification\",\"valueRequired\":true,\"valueName\":\"search_term_string\"}}],\"inLanguage\":\"fr-FR\"},{\"@type\":[\"Organization\",\"Place\"],\"@id\":\"https:\/\/www.belleflamme.ca\/fr\/#organization\",\"name\":\"Groupe Belleflamme\",\"alternateName\":\"Belleflamme\",\"url\":\"https:\/\/www.belleflamme.ca\/fr\/\",\"logo\":{\"@type\":\"ImageObject\",\"inLanguage\":\"fr-FR\",\"@id\":\"https:\/\/www.belleflamme.ca\/fr\/#\/schema\/logo\/image\/\",\"url\":\"https:\/\/staging.belleflamme.ca\/wp-content\/uploads\/2023\/01\/og-image.jpg\",\"contentUrl\":\"https:\/\/staging.belleflamme.ca\/wp-content\/uploads\/2023\/01\/og-image.jpg\",\"width\":1200,\"height\":630,\"caption\":\"Groupe Belleflamme\"},\"image\":{\"@id\":\"https:\/\/www.belleflamme.ca\/fr\/#\/schema\/logo\/image\/\"},\"sameAs\":[\"https:\/\/www.facebook.com\/belleflamme.ca\/\",\"https:\/\/www.linkedin.com\/company\/belleflamme\/\",\"https:\/\/www.pinterest.ca\/groupebelleflamme\/\",\"https:\/\/www.instagram.com\/legroupebelleflamme\/\"],\"mainEntityOfPage\":{\"@id\":\"https:\/\/staging.belleflamme.ca\/fr\/produit\/chauffe-eau-sans-reservoir-sans-condensation-haut-de-gamme-npn-160e\/\"}}]}<\/script>\n<meta property=\"product:brand\" content=\"Navien\" \/>\n<meta property=\"product:price:amount\" content=\"0.00\" \/>\n<meta property=\"product:price:currency\" content=\"CAD\" \/>\n<meta property=\"og:availability\" content=\"instock\" \/>\n<meta property=\"product:availability\" content=\"instock\" \/>\n<meta property=\"product:condition\" content=\"new\" \/>\n<!-- \/ Yoast SEO Premium plugin. -->","yoast_head_json":{"title":"CHAUFFE-EAU SANS R\u00c9SERVOIR SANS CONDENSATION HAUT DE GAMME NPN-160E - Groupe BelleFlamme","description":"CHAUFFE-EAU SANS R\u00c9SERVOIR SANS CONDENSATION HAUT DE GAMME NPN-160E vendu et install\u00e9 par le Groupe Belleflamme. Laval, Montr\u00e9al, Gatineau, Drummondville et Saint-Sauveur.","robots":{"index":"index","follow":"follow","max-snippet":"max-snippet:-1","max-image-preview":"max-image-preview:large","max-video-preview":"max-video-preview:-1"},"canonical":"https:\/\/staging.belleflamme.ca\/fr\/produit\/chauffe-eau-sans-reservoir-sans-condensation-haut-de-gamme-npn-160e\/","og_locale":"fr_FR","og_type":"article","og_title":"CHAUFFE-EAU SANS R\u00c9SERVOIR SANS CONDENSATION HAUT DE GAMME NPN-160E","og_description":"CHAUFFE-EAU SANS R\u00c9SERVOIR SANS CONDENSATION HAUT DE GAMME NPN-160E vendu et install\u00e9 par le Groupe Belleflamme. Laval, Montr\u00e9al, Gatineau, Drummondville et Saint-Sauveur.","og_url":"https:\/\/staging.belleflamme.ca\/fr\/produit\/chauffe-eau-sans-reservoir-sans-condensation-haut-de-gamme-npn-160e\/","og_site_name":"Groupe BelleFlamme","article_publisher":"https:\/\/www.facebook.com\/belleflamme.ca\/","article_modified_time":"2023-05-08T19:39:40+00:00","og_image":[{"width":600,"height":600,"url":"https:\/\/www.belleflamme.ca\/wp-content\/uploads\/2023\/05\/NPN-E-navien.webp","type":"image\/webp"}],"twitter_card":"summary_large_image","twitter_misc":{"Prix":"","Disponibilit\u00e9":"En stock"},"schema":{"@context":"https:\/\/schema.org","@graph":[{"@type":["WebPage","ItemPage"],"@id":"https:\/\/staging.belleflamme.ca\/fr\/produit\/chauffe-eau-sans-reservoir-sans-condensation-haut-de-gamme-npn-160e\/","url":"https:\/\/staging.belleflamme.ca\/fr\/produit\/chauffe-eau-sans-reservoir-sans-condensation-haut-de-gamme-npn-160e\/","name":"CHAUFFE-EAU SANS R\u00c9SERVOIR SANS CONDENSATION HAUT DE GAMME NPN-160E - Groupe BelleFlamme","isPartOf":{"@id":"https:\/\/www.belleflamme.ca\/fr\/#website"},"primaryImageOfPage":{"@id":"https:\/\/staging.belleflamme.ca\/fr\/produit\/chauffe-eau-sans-reservoir-sans-condensation-haut-de-gamme-npn-160e\/#primaryimage"},"image":{"@id":"https:\/\/staging.belleflamme.ca\/fr\/produit\/chauffe-eau-sans-reservoir-sans-condensation-haut-de-gamme-npn-160e\/#primaryimage"},"thumbnailUrl":"https:\/\/staging.belleflamme.ca\/wp-content\/uploads\/2023\/05\/NPN-E-navien.webp","datePublished":"2023-05-08T19:35:36+00:00","dateModified":"2023-05-08T19:39:40+00:00","description":"CHAUFFE-EAU SANS R\u00c9SERVOIR SANS CONDENSATION HAUT DE GAMME NPN-160E [get_meta_en_fr]","breadcrumb":{"@id":"https:\/\/staging.belleflamme.ca\/fr\/produit\/chauffe-eau-sans-reservoir-sans-condensation-haut-de-gamme-npn-160e\/#breadcrumb"},"inLanguage":"fr-FR","potentialAction":[{"@type":"ReadAction","target":["https:\/\/staging.belleflamme.ca\/fr\/produit\/chauffe-eau-sans-reservoir-sans-condensation-haut-de-gamme-npn-160e\/"]}]},{"@type":"ImageObject","inLanguage":"fr-FR","@id":"https:\/\/staging.belleflamme.ca\/fr\/produit\/chauffe-eau-sans-reservoir-sans-condensation-haut-de-gamme-npn-160e\/#primaryimage","url":"https:\/\/staging.belleflamme.ca\/wp-content\/uploads\/2023\/05\/NPN-E-navien.webp","contentUrl":"https:\/\/staging.belleflamme.ca\/wp-content\/uploads\/2023\/05\/NPN-E-navien.webp","width":600,"height":600,"caption":"NPN-E navien"},{"@type":"BreadcrumbList","@id":"https:\/\/staging.belleflamme.ca\/fr\/produit\/chauffe-eau-sans-reservoir-sans-condensation-haut-de-gamme-npn-160e\/#breadcrumb","itemListElement":[{"@type":"ListItem","position":1,"name":"Accueil","item":"https:\/\/www.belleflamme.ca\/fr\/"},{"@type":"ListItem","position":2,"name":"Boutique","item":"https:\/\/www.belleflamme.ca\/fr\/boutique\/"},{"@type":"ListItem","position":3,"name":"Plomberie &amp; Gaz","item":"https:\/\/staging.belleflamme.ca\/fr\/categories\/plomberie-gaz\/"},{"@type":"ListItem","position":4,"name":"Chauffe Eau","item":"https:\/\/staging.belleflamme.ca\/fr\/categories\/plomberie-gaz\/chauffe-eau\/"},{"@type":"ListItem","position":5,"name":"Chauffe eau au Gaz","item":"https:\/\/staging.belleflamme.ca\/fr\/categories\/plomberie-gaz\/chauffe-eau\/chauffe-eau-gaz\/"},{"@type":"ListItem","position":6,"name":"CHAUFFE-EAU SANS R\u00c9SERVOIR SANS CONDENSATION HAUT DE GAMME NPN-160E"}]},{"@type":"WebSite","@id":"https:\/\/www.belleflamme.ca\/fr\/#website","url":"https:\/\/www.belleflamme.ca\/fr\/","name":"Groupe Belleflamme","description":"La m\u00e9canique du b\u00e2timent dans le sang.","publisher":{"@id":"https:\/\/www.belleflamme.ca\/fr\/#organization"},"potentialAction":[{"@type":"SearchAction","target":{"@type":"EntryPoint","urlTemplate":"https:\/\/www.belleflamme.ca\/fr\/?s={search_term_string}"},"query-input":{"@type":"PropertyValueSpecification","valueRequired":true,"valueName":"search_term_string"}}],"inLanguage":"fr-FR"},{"@type":["Organization","Place"],"@id":"https:\/\/www.belleflamme.ca\/fr\/#organization","name":"Groupe Belleflamme","alternateName":"Belleflamme","url":"https:\/\/www.belleflamme.ca\/fr\/","logo":{"@type":"ImageObject","inLanguage":"fr-FR","@id":"https:\/\/www.belleflamme.ca\/fr\/#\/schema\/logo\/image\/","url":"https:\/\/staging.belleflamme.ca\/wp-content\/uploads\/2023\/01\/og-image.jpg","contentUrl":"https:\/\/staging.belleflamme.ca\/wp-content\/uploads\/2023\/01\/og-image.jpg","width":1200,"height":630,"caption":"Groupe Belleflamme"},"image":{"@id":"https:\/\/www.belleflamme.ca\/fr\/#\/schema\/logo\/image\/"},"sameAs":["https:\/\/www.facebook.com\/belleflamme.ca\/","https:\/\/www.linkedin.com\/company\/belleflamme\/","https:\/\/www.pinterest.ca\/groupebelleflamme\/","https:\/\/www.instagram.com\/legroupebelleflamme\/"],"mainEntityOfPage":{"@id":"https:\/\/staging.belleflamme.ca\/fr\/produit\/chauffe-eau-sans-reservoir-sans-condensation-haut-de-gamme-npn-160e\/"}}]},"product_brand":"Navien","product_price_amount":"0.00","product_price_currency":"CAD","og_availability":"instock","product_availability":"instock","product_condition":"new"},"_links":{"self":[{"href":"https:\/\/staging.belleflamme.ca\/fr\/wp-json\/wp\/v2\/product\/14190","targetHints":{"allow":["GET"]}}],"collection":[{"href":"https:\/\/staging.belleflamme.ca\/fr\/wp-json\/wp\/v2\/product"}],"about":[{"href":"https:\/\/staging.belleflamme.ca\/fr\/wp-json\/wp\/v2\/types\/product"}],"version-history":[{"count":1,"href":"https:\/\/staging.belleflamme.ca\/fr\/wp-json\/wp\/v2\/product\/14190\/revisions"}],"predecessor-version":[{"id":14193,"href":"https:\/\/staging.belleflamme.ca\/fr\/wp-json\/wp\/v2\/product\/14190\/revisions\/14193"}],"wp:featuredmedia":[{"embeddable":true,"href":"https:\/\/staging.belleflamme.ca\/fr\/wp-json\/wp\/v2\/media\/14191"}],"wp:attachment":[{"href":"https:\/\/staging.belleflamme.ca\/fr\/wp-json\/wp\/v2\/media?parent=14190"}],"wp:term":[{"taxonomy":"product_brand","embeddable":true,"href":"https:\/\/staging.belleflamme.ca\/fr\/wp-json\/wp\/v2\/product_brand?post=14190"},{"taxonomy":"product_cat","embeddable":true,"href":"https:\/\/staging.belleflamme.ca\/fr\/wp-json\/wp\/v2\/product_cat?post=14190"},{"taxonomy":"product_tag","embeddable":true,"href":"https:\/\/staging.belleflamme.ca\/fr\/wp-json\/wp\/v2\/product_tag?post=14190"}],"curies":[{"name":"wp","href":"https:\/\/api.w.org\/{rel}","templated":true}]}}