{"id":14173,"date":"2023-05-08T14:57:38","date_gmt":"2023-05-08T18:57:38","guid":{"rendered":"https:\/\/www.belleflamme.ca\/?post_type=product&#038;p=14173"},"modified":"2023-05-08T15:20:07","modified_gmt":"2023-05-08T19:20:07","slug":"chauffe-eau-sans-reservoir-sans-condensation-haut-de-gamme-npn-160u","status":"publish","type":"product","link":"https:\/\/staging.belleflamme.ca\/fr\/produit\/chauffe-eau-sans-reservoir-sans-condensation-haut-de-gamme-npn-160u\/","title":{"rendered":"CHAUFFE-EAU SANS R\u00c9SERVOIR SANS CONDENSATION HAUT DE GAMME NPN-160U"},"content":{"rendered":"<ul class=\"section__list section__list--leftFlush\">\n<li class=\"section__listItem\">\u00c9changeur de chaleur et br\u00fbleur en acier inoxydable NaviTech<\/li>\n<li class=\"section__listItem\">Unit\u00e9 universelle pour installations int\u00e9rieures ou ext\u00e9rieures<\/li>\n<li class=\"section__listItem\">\u00c9vacuation concentrique NaviVent 3&#8243; x 5&#8243;<\/li>\n<li class=\"section__listItem\">Disponible en NG ou LP<\/li>\n<li class=\"section__listItem\">Capacit\u00e9 en cascade<\/li>\n<li class=\"section__listItem\">Faibles \u00e9missions de NOx (20\u00a0ppm)<\/li>\n<\/ul>\n<h2 class=\"product__sectionTitle\">Caract\u00e9ristiques et avantages premium du NPN-160U<\/h2>\n<p>&nbsp;<\/p>\n<p><img decoding=\"async\" class=\"float- \" src=\"https:\/\/navien-production-3.s3-us-west-2.amazonaws.com\/2022\/04\/27\/22\/10\/04\/94485371-f392-4b46-a02b-be4f3d7a61be\/NPN-U.png\" data-alchemy-element=\"43719\" \/><\/p>\n<p>&nbsp;<\/p>\n<div class=\"row row--gutter- align-items-start justify-content-start\" data-alchemy-element=\"43702\">\n<div id=\"col_43705\" class=\"col-12 col-md-3 justify-content-start align-self-start text-center\" data-alchemy-element=\"43705\">\n<div class=\"div_view\" data-alchemy-element=\"43706\">\n<p><img decoding=\"async\" class=\"float- \" src=\"https:\/\/navien-production-3.s3-us-west-2.amazonaws.com\/pictures\/1916\/453409a34f650ba76b8a6e1188c0f01dd7ce8028\/exchanger.png\" data-alchemy-element=\"43707\" \/><\/p>\n<hr \/>\n<div class=\"section__text section__text--small \">\n<p><strong>\u00c9changeur de chaleur exclusif en acier inoxydable.\u00a0<\/strong>La s\u00e9rie NPN est le premier et le seul chauffe-eau sans r\u00e9servoir sans condensation avec un \u00e9changeur de chaleur en acier inoxydable pour offrir une durabilit\u00e9 et des performances in\u00e9gal\u00e9es.<\/p>\n<\/div>\n<\/div>\n<div class=\"div_view\" data-alchemy-element=\"43710\">\n<p><img decoding=\"async\" class=\"float- \" src=\"https:\/\/navien-production-3.s3-us-west-2.amazonaws.com\/pictures\/1848\/767f62b6b231d80f727ea05390853a1cd8177227\/B5.png\" data-alchemy-element=\"43711\" \/><\/p>\n<hr \/>\n<div class=\"section__text section__text--small \">\n<p><strong>NPN &#8211; Le panneau de commande int\u00e9gr\u00e9 universel<\/strong>\u00a0vous permet de r\u00e9gler la temp\u00e9rature de l&#8217;eau, l&#8217;\u00e9tat de fonctionnement et le d\u00e9pannage.<\/p>\n<\/div>\n<\/div>\n<div class=\"div_view\" data-alchemy-element=\"43714\">\n<p><img decoding=\"async\" class=\"float- \" src=\"https:\/\/navien-production-3.s3-us-west-2.amazonaws.com\/pictures\/1847\/6b2f3542fa47d6382075a23dd1e837d9d2649ad4\/C2.png\" data-alchemy-element=\"43715\" \/><\/p>\n<hr \/>\n<div class=\"section__text section__text--small \">\n<p><strong>Le capteur de pression d&#8217;air int\u00e9gr\u00e9 (APS)<\/strong>\u00a0surveille le blocage du syst\u00e8me de ventilation, compense automatiquement la plage de longueurs de ventilation, aide \u00e0 maintenir un rapport air\/gaz appropri\u00e9 pendant le fonctionnement et assure une sortie d&#8217;eau chaude domestique constante pendant les conditions changeantes.<\/p>\n<\/div>\n<\/div>\n<\/div>\n<div id=\"col_43718\" class=\"col-12 col-md-6 justify-content-start align-self-center d-none d-sm-block text-center\" data-alchemy-element=\"43718\"><\/div>\n<div id=\"col_43720\" class=\"col-12 col-md-3 justify-content-start align-self- text-center\" data-alchemy-element=\"43720\">\n<div class=\"div_view\" data-alchemy-element=\"43721\">\n<p><img decoding=\"async\" class=\"float- \" src=\"https:\/\/navien-production-3.s3-us-west-2.amazonaws.com\/pictures\/1914\/81af2a64c10b79f254a54148d8b4d18a90edd3d4\/burner.png\" data-alchemy-element=\"43722\" \/><\/p>\n<hr \/>\n<div class=\"section__text section__text--small \">\n<p><strong>Br\u00fbleur en acier inoxydable brevet\u00e9 NaviTech\u2122.\u00a0<\/strong>Con\u00e7u et fabriqu\u00e9 par Navien pour br\u00fbler du gaz avec une efficacit\u00e9 sup\u00e9rieure \u00e0 celle des autres syst\u00e8mes sur le march\u00e9.<\/p>\n<\/div>\n<\/div>\n<div class=\"div_view\" data-alchemy-element=\"43725\">\n<p><img decoding=\"async\" class=\"float- \" src=\"https:\/\/navien-production-3.s3-us-west-2.amazonaws.com\/pictures\/1853\/b0f83a39aa6c670e6c7ad1a1e078dfc553cc7874\/E2.png\" data-alchemy-element=\"43726\" \/><\/p>\n<hr \/>\n<div class=\"section__text section__text--small \">\n<p><strong>Contr\u00f4le de recirculation int\u00e9gr\u00e9 au circuit imprim\u00e9.\u00a0<\/strong>Assure une configuration correcte du syst\u00e8me et r\u00e9duit le besoin de composants suppl\u00e9mentaires, ce qui permet d&#8217;\u00e9conomiser du temps et des co\u00fbts d&#8217;installation.<\/p>\n<\/div>\n<\/div>\n<div class=\"div_view\" data-alchemy-element=\"43729\">\n<p><img decoding=\"async\" class=\"float- \" src=\"https:\/\/navien-production-3.s3-us-west-2.amazonaws.com\/pictures\/1846\/d9f269a877e2092672ede60fad037ba86ce33217\/F3.png\" data-alchemy-element=\"43730\" \/><\/p>\n<hr \/>\n<div class=\"section__text section__text--small \">\n<p><strong>La vanne de r\u00e9glage de l&#8217;eau int\u00e9gr\u00e9e (WAV) et la vanne de m\u00e9lange<\/strong>\u00a0contr\u00f4lent le d\u00e9bit pour maintenir le point de consigne et stabiliser la temp\u00e9rature de l&#8217;eau pendant les changements de d\u00e9bit<\/p>\n<\/div>\n<\/div>\n<\/div>\n<\/div>\n","protected":false},"excerpt":{"rendered":"<p>\u00c9changeur de chaleur et br\u00fbleur en acier inoxydable NaviTech Unit\u00e9 universelle pour installations int\u00e9rieures ou ext\u00e9rieures \u00c9vacuation concentrique NaviVent 3&#8243; x 5&#8243; Disponible en NG ou LP Capacit\u00e9 en cascade Faibles \u00e9missions de NOx (20\u00a0ppm) Caract\u00e9ristiques et avantages premium du NPN-160U &nbsp; &nbsp; \u00c9changeur de chaleur exclusif en acier inoxydable.\u00a0La s\u00e9rie NPN est le premier [&hellip;]<\/p>\n","protected":false},"featured_media":14174,"template":"","meta":{"inline_featured_image":false},"product_brand":[507],"product_cat":[104,108,97],"product_tag":[],"class_list":{"0":"post-14173","1":"product","2":"type-product","3":"status-publish","4":"has-post-thumbnail","6":"product_brand-navien","7":"product_cat-chauffe-eau","8":"product_cat-chauffe-eau-gaz","9":"product_cat-plomberie-gaz","11":"first","12":"instock","13":"taxable","14":"shipping-taxable","15":"product-type-simple"},"yoast_head":"<!-- This site is optimized with the Yoast SEO Premium plugin v24.2 (Yoast SEO v24.2) - https:\/\/yoast.com\/wordpress\/plugins\/seo\/ -->\n<title>CHAUFFE-EAU SANS R\u00c9SERVOIR SANS CONDENSATION HAUT DE GAMME NPN-160U - Groupe BelleFlamme<\/title>\n<meta name=\"description\" content=\"CHAUFFE-EAU SANS R\u00c9SERVOIR SANS CONDENSATION HAUT DE GAMME NPN-160U vendu et install\u00e9 par le Groupe Belleflamme. Laval, Montr\u00e9al, Gatineau, Drummondville et Saint-Sauveur.\" \/>\n<meta name=\"robots\" content=\"index, follow, max-snippet:-1, max-image-preview:large, max-video-preview:-1\" \/>\n<link rel=\"canonical\" href=\"https:\/\/staging.belleflamme.ca\/fr\/produit\/chauffe-eau-sans-reservoir-sans-condensation-haut-de-gamme-npn-160u\/\" \/>\n<meta property=\"og:locale\" content=\"fr_FR\" \/>\n<meta property=\"og:type\" content=\"article\" \/>\n<meta property=\"og:title\" content=\"CHAUFFE-EAU SANS R\u00c9SERVOIR SANS CONDENSATION HAUT DE GAMME NPN-160U\" \/>\n<meta property=\"og:description\" content=\"CHAUFFE-EAU SANS R\u00c9SERVOIR SANS CONDENSATION HAUT DE GAMME NPN-160U vendu et install\u00e9 par le Groupe Belleflamme. Laval, Montr\u00e9al, Gatineau, Drummondville et Saint-Sauveur.\" \/>\n<meta property=\"og:url\" content=\"https:\/\/staging.belleflamme.ca\/fr\/produit\/chauffe-eau-sans-reservoir-sans-condensation-haut-de-gamme-npn-160u\/\" \/>\n<meta property=\"og:site_name\" content=\"Groupe BelleFlamme\" \/>\n<meta property=\"article:publisher\" content=\"https:\/\/www.facebook.com\/belleflamme.ca\/\" \/>\n<meta property=\"article:modified_time\" content=\"2023-05-08T19:20:07+00:00\" \/>\n<meta property=\"og:image\" content=\"https:\/\/www.belleflamme.ca\/wp-content\/uploads\/2023\/05\/NPN-160U-navien.webp\" \/>\n\t<meta property=\"og:image:width\" content=\"600\" \/>\n\t<meta property=\"og:image:height\" content=\"600\" \/>\n\t<meta property=\"og:image:type\" content=\"image\/webp\" \/>\n<meta name=\"twitter:card\" content=\"summary_large_image\" \/>\n<meta name=\"twitter:label1\" content=\"Prix\" \/>\n\t<meta name=\"twitter:data1\" content=\"\" \/>\n\t<meta name=\"twitter:label2\" content=\"Disponibilit\u00e9\" \/>\n\t<meta name=\"twitter:data2\" content=\"En stock\" \/>\n<script type=\"application\/ld+json\" class=\"yoast-schema-graph\">{\"@context\":\"https:\/\/schema.org\",\"@graph\":[{\"@type\":[\"WebPage\",\"ItemPage\"],\"@id\":\"https:\/\/staging.belleflamme.ca\/fr\/produit\/chauffe-eau-sans-reservoir-sans-condensation-haut-de-gamme-npn-160u\/\",\"url\":\"https:\/\/staging.belleflamme.ca\/fr\/produit\/chauffe-eau-sans-reservoir-sans-condensation-haut-de-gamme-npn-160u\/\",\"name\":\"CHAUFFE-EAU SANS R\u00c9SERVOIR SANS CONDENSATION HAUT DE GAMME NPN-160U - Groupe BelleFlamme\",\"isPartOf\":{\"@id\":\"https:\/\/www.belleflamme.ca\/fr\/#website\"},\"primaryImageOfPage\":{\"@id\":\"https:\/\/staging.belleflamme.ca\/fr\/produit\/chauffe-eau-sans-reservoir-sans-condensation-haut-de-gamme-npn-160u\/#primaryimage\"},\"image\":{\"@id\":\"https:\/\/staging.belleflamme.ca\/fr\/produit\/chauffe-eau-sans-reservoir-sans-condensation-haut-de-gamme-npn-160u\/#primaryimage\"},\"thumbnailUrl\":\"https:\/\/staging.belleflamme.ca\/wp-content\/uploads\/2023\/05\/NPN-160U-navien.webp\",\"datePublished\":\"2023-05-08T18:57:38+00:00\",\"dateModified\":\"2023-05-08T19:20:07+00:00\",\"description\":\"CHAUFFE-EAU SANS R\u00c9SERVOIR SANS CONDENSATION HAUT DE GAMME NPN-160U [get_meta_en_fr]\",\"breadcrumb\":{\"@id\":\"https:\/\/staging.belleflamme.ca\/fr\/produit\/chauffe-eau-sans-reservoir-sans-condensation-haut-de-gamme-npn-160u\/#breadcrumb\"},\"inLanguage\":\"fr-FR\",\"potentialAction\":[{\"@type\":\"ReadAction\",\"target\":[\"https:\/\/staging.belleflamme.ca\/fr\/produit\/chauffe-eau-sans-reservoir-sans-condensation-haut-de-gamme-npn-160u\/\"]}]},{\"@type\":\"ImageObject\",\"inLanguage\":\"fr-FR\",\"@id\":\"https:\/\/staging.belleflamme.ca\/fr\/produit\/chauffe-eau-sans-reservoir-sans-condensation-haut-de-gamme-npn-160u\/#primaryimage\",\"url\":\"https:\/\/staging.belleflamme.ca\/wp-content\/uploads\/2023\/05\/NPN-160U-navien.webp\",\"contentUrl\":\"https:\/\/staging.belleflamme.ca\/wp-content\/uploads\/2023\/05\/NPN-160U-navien.webp\",\"width\":600,\"height\":600,\"caption\":\"NPN-160U navien\"},{\"@type\":\"BreadcrumbList\",\"@id\":\"https:\/\/staging.belleflamme.ca\/fr\/produit\/chauffe-eau-sans-reservoir-sans-condensation-haut-de-gamme-npn-160u\/#breadcrumb\",\"itemListElement\":[{\"@type\":\"ListItem\",\"position\":1,\"name\":\"Accueil\",\"item\":\"https:\/\/www.belleflamme.ca\/fr\/\"},{\"@type\":\"ListItem\",\"position\":2,\"name\":\"Boutique\",\"item\":\"https:\/\/www.belleflamme.ca\/fr\/boutique\/\"},{\"@type\":\"ListItem\",\"position\":3,\"name\":\"Plomberie &amp; Gaz\",\"item\":\"https:\/\/staging.belleflamme.ca\/fr\/categories\/plomberie-gaz\/\"},{\"@type\":\"ListItem\",\"position\":4,\"name\":\"Chauffe Eau\",\"item\":\"https:\/\/staging.belleflamme.ca\/fr\/categories\/plomberie-gaz\/chauffe-eau\/\"},{\"@type\":\"ListItem\",\"position\":5,\"name\":\"Chauffe eau au Gaz\",\"item\":\"https:\/\/staging.belleflamme.ca\/fr\/categories\/plomberie-gaz\/chauffe-eau\/chauffe-eau-gaz\/\"},{\"@type\":\"ListItem\",\"position\":6,\"name\":\"CHAUFFE-EAU SANS R\u00c9SERVOIR SANS CONDENSATION HAUT DE GAMME NPN-160U\"}]},{\"@type\":\"WebSite\",\"@id\":\"https:\/\/www.belleflamme.ca\/fr\/#website\",\"url\":\"https:\/\/www.belleflamme.ca\/fr\/\",\"name\":\"Groupe Belleflamme\",\"description\":\"La m\u00e9canique du b\u00e2timent dans le sang.\",\"publisher\":{\"@id\":\"https:\/\/www.belleflamme.ca\/fr\/#organization\"},\"potentialAction\":[{\"@type\":\"SearchAction\",\"target\":{\"@type\":\"EntryPoint\",\"urlTemplate\":\"https:\/\/www.belleflamme.ca\/fr\/?s={search_term_string}\"},\"query-input\":{\"@type\":\"PropertyValueSpecification\",\"valueRequired\":true,\"valueName\":\"search_term_string\"}}],\"inLanguage\":\"fr-FR\"},{\"@type\":[\"Organization\",\"Place\"],\"@id\":\"https:\/\/www.belleflamme.ca\/fr\/#organization\",\"name\":\"Groupe Belleflamme\",\"alternateName\":\"Belleflamme\",\"url\":\"https:\/\/www.belleflamme.ca\/fr\/\",\"logo\":{\"@type\":\"ImageObject\",\"inLanguage\":\"fr-FR\",\"@id\":\"https:\/\/www.belleflamme.ca\/fr\/#\/schema\/logo\/image\/\",\"url\":\"https:\/\/staging.belleflamme.ca\/wp-content\/uploads\/2023\/01\/og-image.jpg\",\"contentUrl\":\"https:\/\/staging.belleflamme.ca\/wp-content\/uploads\/2023\/01\/og-image.jpg\",\"width\":1200,\"height\":630,\"caption\":\"Groupe Belleflamme\"},\"image\":{\"@id\":\"https:\/\/www.belleflamme.ca\/fr\/#\/schema\/logo\/image\/\"},\"sameAs\":[\"https:\/\/www.facebook.com\/belleflamme.ca\/\",\"https:\/\/www.linkedin.com\/company\/belleflamme\/\",\"https:\/\/www.pinterest.ca\/groupebelleflamme\/\",\"https:\/\/www.instagram.com\/legroupebelleflamme\/\"],\"mainEntityOfPage\":{\"@id\":\"https:\/\/staging.belleflamme.ca\/fr\/produit\/chauffe-eau-sans-reservoir-sans-condensation-haut-de-gamme-npn-160u\/\"}}]}<\/script>\n<meta property=\"product:brand\" content=\"Navien\" \/>\n<meta property=\"product:price:amount\" content=\"0.00\" \/>\n<meta property=\"product:price:currency\" content=\"CAD\" \/>\n<meta property=\"og:availability\" content=\"instock\" \/>\n<meta property=\"product:availability\" content=\"instock\" \/>\n<meta property=\"product:condition\" content=\"new\" \/>\n<!-- \/ Yoast SEO Premium plugin. -->","yoast_head_json":{"title":"CHAUFFE-EAU SANS R\u00c9SERVOIR SANS CONDENSATION HAUT DE GAMME NPN-160U - Groupe BelleFlamme","description":"CHAUFFE-EAU SANS R\u00c9SERVOIR SANS CONDENSATION HAUT DE GAMME NPN-160U vendu et install\u00e9 par le Groupe Belleflamme. Laval, Montr\u00e9al, Gatineau, Drummondville et Saint-Sauveur.","robots":{"index":"index","follow":"follow","max-snippet":"max-snippet:-1","max-image-preview":"max-image-preview:large","max-video-preview":"max-video-preview:-1"},"canonical":"https:\/\/staging.belleflamme.ca\/fr\/produit\/chauffe-eau-sans-reservoir-sans-condensation-haut-de-gamme-npn-160u\/","og_locale":"fr_FR","og_type":"article","og_title":"CHAUFFE-EAU SANS R\u00c9SERVOIR SANS CONDENSATION HAUT DE GAMME NPN-160U","og_description":"CHAUFFE-EAU SANS R\u00c9SERVOIR SANS CONDENSATION HAUT DE GAMME NPN-160U vendu et install\u00e9 par le Groupe Belleflamme. Laval, Montr\u00e9al, Gatineau, Drummondville et Saint-Sauveur.","og_url":"https:\/\/staging.belleflamme.ca\/fr\/produit\/chauffe-eau-sans-reservoir-sans-condensation-haut-de-gamme-npn-160u\/","og_site_name":"Groupe BelleFlamme","article_publisher":"https:\/\/www.facebook.com\/belleflamme.ca\/","article_modified_time":"2023-05-08T19:20:07+00:00","og_image":[{"width":600,"height":600,"url":"https:\/\/www.belleflamme.ca\/wp-content\/uploads\/2023\/05\/NPN-160U-navien.webp","type":"image\/webp"}],"twitter_card":"summary_large_image","twitter_misc":{"Prix":"","Disponibilit\u00e9":"En stock"},"schema":{"@context":"https:\/\/schema.org","@graph":[{"@type":["WebPage","ItemPage"],"@id":"https:\/\/staging.belleflamme.ca\/fr\/produit\/chauffe-eau-sans-reservoir-sans-condensation-haut-de-gamme-npn-160u\/","url":"https:\/\/staging.belleflamme.ca\/fr\/produit\/chauffe-eau-sans-reservoir-sans-condensation-haut-de-gamme-npn-160u\/","name":"CHAUFFE-EAU SANS R\u00c9SERVOIR SANS CONDENSATION HAUT DE GAMME NPN-160U - Groupe BelleFlamme","isPartOf":{"@id":"https:\/\/www.belleflamme.ca\/fr\/#website"},"primaryImageOfPage":{"@id":"https:\/\/staging.belleflamme.ca\/fr\/produit\/chauffe-eau-sans-reservoir-sans-condensation-haut-de-gamme-npn-160u\/#primaryimage"},"image":{"@id":"https:\/\/staging.belleflamme.ca\/fr\/produit\/chauffe-eau-sans-reservoir-sans-condensation-haut-de-gamme-npn-160u\/#primaryimage"},"thumbnailUrl":"https:\/\/staging.belleflamme.ca\/wp-content\/uploads\/2023\/05\/NPN-160U-navien.webp","datePublished":"2023-05-08T18:57:38+00:00","dateModified":"2023-05-08T19:20:07+00:00","description":"CHAUFFE-EAU SANS R\u00c9SERVOIR SANS CONDENSATION HAUT DE GAMME NPN-160U [get_meta_en_fr]","breadcrumb":{"@id":"https:\/\/staging.belleflamme.ca\/fr\/produit\/chauffe-eau-sans-reservoir-sans-condensation-haut-de-gamme-npn-160u\/#breadcrumb"},"inLanguage":"fr-FR","potentialAction":[{"@type":"ReadAction","target":["https:\/\/staging.belleflamme.ca\/fr\/produit\/chauffe-eau-sans-reservoir-sans-condensation-haut-de-gamme-npn-160u\/"]}]},{"@type":"ImageObject","inLanguage":"fr-FR","@id":"https:\/\/staging.belleflamme.ca\/fr\/produit\/chauffe-eau-sans-reservoir-sans-condensation-haut-de-gamme-npn-160u\/#primaryimage","url":"https:\/\/staging.belleflamme.ca\/wp-content\/uploads\/2023\/05\/NPN-160U-navien.webp","contentUrl":"https:\/\/staging.belleflamme.ca\/wp-content\/uploads\/2023\/05\/NPN-160U-navien.webp","width":600,"height":600,"caption":"NPN-160U navien"},{"@type":"BreadcrumbList","@id":"https:\/\/staging.belleflamme.ca\/fr\/produit\/chauffe-eau-sans-reservoir-sans-condensation-haut-de-gamme-npn-160u\/#breadcrumb","itemListElement":[{"@type":"ListItem","position":1,"name":"Accueil","item":"https:\/\/www.belleflamme.ca\/fr\/"},{"@type":"ListItem","position":2,"name":"Boutique","item":"https:\/\/www.belleflamme.ca\/fr\/boutique\/"},{"@type":"ListItem","position":3,"name":"Plomberie &amp; Gaz","item":"https:\/\/staging.belleflamme.ca\/fr\/categories\/plomberie-gaz\/"},{"@type":"ListItem","position":4,"name":"Chauffe Eau","item":"https:\/\/staging.belleflamme.ca\/fr\/categories\/plomberie-gaz\/chauffe-eau\/"},{"@type":"ListItem","position":5,"name":"Chauffe eau au Gaz","item":"https:\/\/staging.belleflamme.ca\/fr\/categories\/plomberie-gaz\/chauffe-eau\/chauffe-eau-gaz\/"},{"@type":"ListItem","position":6,"name":"CHAUFFE-EAU SANS R\u00c9SERVOIR SANS CONDENSATION HAUT DE GAMME NPN-160U"}]},{"@type":"WebSite","@id":"https:\/\/www.belleflamme.ca\/fr\/#website","url":"https:\/\/www.belleflamme.ca\/fr\/","name":"Groupe Belleflamme","description":"La m\u00e9canique du b\u00e2timent dans le sang.","publisher":{"@id":"https:\/\/www.belleflamme.ca\/fr\/#organization"},"potentialAction":[{"@type":"SearchAction","target":{"@type":"EntryPoint","urlTemplate":"https:\/\/www.belleflamme.ca\/fr\/?s={search_term_string}"},"query-input":{"@type":"PropertyValueSpecification","valueRequired":true,"valueName":"search_term_string"}}],"inLanguage":"fr-FR"},{"@type":["Organization","Place"],"@id":"https:\/\/www.belleflamme.ca\/fr\/#organization","name":"Groupe Belleflamme","alternateName":"Belleflamme","url":"https:\/\/www.belleflamme.ca\/fr\/","logo":{"@type":"ImageObject","inLanguage":"fr-FR","@id":"https:\/\/www.belleflamme.ca\/fr\/#\/schema\/logo\/image\/","url":"https:\/\/staging.belleflamme.ca\/wp-content\/uploads\/2023\/01\/og-image.jpg","contentUrl":"https:\/\/staging.belleflamme.ca\/wp-content\/uploads\/2023\/01\/og-image.jpg","width":1200,"height":630,"caption":"Groupe Belleflamme"},"image":{"@id":"https:\/\/www.belleflamme.ca\/fr\/#\/schema\/logo\/image\/"},"sameAs":["https:\/\/www.facebook.com\/belleflamme.ca\/","https:\/\/www.linkedin.com\/company\/belleflamme\/","https:\/\/www.pinterest.ca\/groupebelleflamme\/","https:\/\/www.instagram.com\/legroupebelleflamme\/"],"mainEntityOfPage":{"@id":"https:\/\/staging.belleflamme.ca\/fr\/produit\/chauffe-eau-sans-reservoir-sans-condensation-haut-de-gamme-npn-160u\/"}}]},"product_brand":"Navien","product_price_amount":"0.00","product_price_currency":"CAD","og_availability":"instock","product_availability":"instock","product_condition":"new"},"_links":{"self":[{"href":"https:\/\/staging.belleflamme.ca\/fr\/wp-json\/wp\/v2\/product\/14173","targetHints":{"allow":["GET"]}}],"collection":[{"href":"https:\/\/staging.belleflamme.ca\/fr\/wp-json\/wp\/v2\/product"}],"about":[{"href":"https:\/\/staging.belleflamme.ca\/fr\/wp-json\/wp\/v2\/types\/product"}],"version-history":[{"count":3,"href":"https:\/\/staging.belleflamme.ca\/fr\/wp-json\/wp\/v2\/product\/14173\/revisions"}],"predecessor-version":[{"id":14182,"href":"https:\/\/staging.belleflamme.ca\/fr\/wp-json\/wp\/v2\/product\/14173\/revisions\/14182"}],"wp:featuredmedia":[{"embeddable":true,"href":"https:\/\/staging.belleflamme.ca\/fr\/wp-json\/wp\/v2\/media\/14174"}],"wp:attachment":[{"href":"https:\/\/staging.belleflamme.ca\/fr\/wp-json\/wp\/v2\/media?parent=14173"}],"wp:term":[{"taxonomy":"product_brand","embeddable":true,"href":"https:\/\/staging.belleflamme.ca\/fr\/wp-json\/wp\/v2\/product_brand?post=14173"},{"taxonomy":"product_cat","embeddable":true,"href":"https:\/\/staging.belleflamme.ca\/fr\/wp-json\/wp\/v2\/product_cat?post=14173"},{"taxonomy":"product_tag","embeddable":true,"href":"https:\/\/staging.belleflamme.ca\/fr\/wp-json\/wp\/v2\/product_tag?post=14173"}],"curies":[{"name":"wp","href":"https:\/\/api.w.org\/{rel}","templated":true}]}}