{"id":14159,"date":"2023-05-08T14:38:31","date_gmt":"2023-05-08T18:38:31","guid":{"rendered":"https:\/\/www.belleflamme.ca\/?post_type=product&#038;p=14159"},"modified":"2023-05-08T14:47:55","modified_gmt":"2023-05-08T18:47:55","slug":"prolinemd-prolinemd-master-electriques","status":"publish","type":"product","link":"https:\/\/staging.belleflamme.ca\/fr\/produit\/prolinemd-prolinemd-master-electriques\/","title":{"rendered":"ProLineMD &#038; ProLineMD Master \u00e9lectriques"},"content":{"rendered":"<p>Les chauffe-eau r\u00e9sidentiels \u00e9lectriques de John Wood font usage de notre technologie exclusive TankSaver<sup>MD<\/sup>, une innovation qui bloque la formation de corrosion autour des raccords et qui allonge la dur\u00e9e de vie du r\u00e9servoir.<\/p>\n<p><strong>Principales caract\u00e9ristiques<\/strong><\/p>\n<ul>\n<li>Les chauffe-eau r\u00e9sidentiels ProLine<sup>MD<\/sup>\u00a0et ProLine<sup>MD<\/sup>\u00a0Master se distinguent par leur construction digne de mod\u00e8les commerciaux<\/li>\n<li>R\u00e9servoir \u00e9maill\u00e9: protection sup\u00e9rieure contre les effets corrosifs de l\u2019eau chaude.<\/li>\n<li>Anode rempla\u00e7able: protection accrue du r\u00e9servoir contre la corrosion.<\/li>\n<li>Raccords d\u2019eau munis de clapets anticonvection et base isol\u00e9e en Styropour brevet\u00e9: efficacit\u00e9 \u00e9nerg\u00e9tique sup\u00e9rieure.<\/li>\n<li>Robinet de vidange \u00e0 l\u2019\u00e9preuve des enfants: pr\u00e9vient des situations f\u00e2cheuses.<\/li>\n<li>\u00c9l\u00e9ments longue dur\u00e9e \u00e0 contr\u00f4le thermostatique: fiabilit\u00e9 sup\u00e9rieure.<\/li>\n<li>Facilit\u00e9 d\u2019installation et d\u2019entretien.<\/li>\n<li>Raccords du r\u00e9servoir muni des rondelles anticorrosion TankSaver<sup>MD<\/sup>; parois internes du r\u00e9servoir enduites d\u2019un enduit \u00e9maill\u00e9 anticorrosion: raccordements \u00e9tanches.<\/li>\n<\/ul>\n","protected":false},"excerpt":{"rendered":"<p>Les chauffe-eau r\u00e9sidentiels \u00e9lectriques de John Wood font usage de notre technologie exclusive TankSaverMD, une innovation qui bloque la formation de corrosion autour des raccords et qui allonge la dur\u00e9e de vie du r\u00e9servoir. Principales caract\u00e9ristiques Les chauffe-eau r\u00e9sidentiels ProLineMD\u00a0et ProLineMD\u00a0Master se distinguent par leur construction digne de mod\u00e8les commerciaux R\u00e9servoir \u00e9maill\u00e9: protection sup\u00e9rieure contre [&hellip;]<\/p>\n","protected":false},"featured_media":14163,"template":"","meta":{"inline_featured_image":false},"product_brand":[503],"product_cat":[104,111,97],"product_tag":[],"class_list":{"0":"post-14159","1":"product","2":"type-product","3":"status-publish","4":"has-post-thumbnail","6":"product_brand-john-wood","7":"product_cat-chauffe-eau","8":"product_cat-chauffe-eau-electrique","9":"product_cat-plomberie-gaz","11":"first","12":"instock","13":"taxable","14":"shipping-taxable","15":"product-type-variable"},"yoast_head":"<!-- This site is optimized with the Yoast SEO Premium plugin v24.2 (Yoast SEO v24.2) - https:\/\/yoast.com\/wordpress\/plugins\/seo\/ -->\n<title>ProLineMD &amp; ProLineMD Master \u00e9lectriques - Groupe BelleFlamme<\/title>\n<meta name=\"description\" content=\"ProLineMD &amp; ProLineMD Master \u00e9lectriques vendu et install\u00e9 par le Groupe Belleflamme. Laval, Montr\u00e9al, Gatineau, Drummondville et Saint-Sauveur.\" \/>\n<meta name=\"robots\" content=\"index, follow, max-snippet:-1, max-image-preview:large, max-video-preview:-1\" \/>\n<link rel=\"canonical\" href=\"https:\/\/staging.belleflamme.ca\/fr\/produit\/prolinemd-prolinemd-master-electriques\/\" \/>\n<meta property=\"og:locale\" content=\"fr_FR\" \/>\n<meta property=\"og:type\" content=\"article\" \/>\n<meta property=\"og:title\" content=\"ProLineMD &amp; ProLineMD Master \u00e9lectriques\" \/>\n<meta property=\"og:description\" content=\"ProLineMD &amp; ProLineMD Master \u00e9lectriques vendu et install\u00e9 par le Groupe Belleflamme. Laval, Montr\u00e9al, Gatineau, Drummondville et Saint-Sauveur.\" \/>\n<meta property=\"og:url\" content=\"https:\/\/staging.belleflamme.ca\/fr\/produit\/prolinemd-prolinemd-master-electriques\/\" \/>\n<meta property=\"og:site_name\" content=\"Groupe BelleFlamme\" \/>\n<meta property=\"article:publisher\" content=\"https:\/\/www.facebook.com\/belleflamme.ca\/\" \/>\n<meta property=\"article:modified_time\" content=\"2023-05-08T18:47:55+00:00\" \/>\n<meta property=\"og:image\" content=\"https:\/\/www.belleflamme.ca\/wp-content\/uploads\/2023\/05\/ProLineMD-ProLineMD-Master-electriques-jonh-wood.webp\" \/>\n\t<meta property=\"og:image:width\" content=\"1000\" \/>\n\t<meta property=\"og:image:height\" content=\"1000\" \/>\n\t<meta property=\"og:image:type\" content=\"image\/webp\" \/>\n<meta name=\"twitter:card\" content=\"summary_large_image\" \/>\n<meta name=\"twitter:label1\" content=\"Disponibilit\u00e9\" \/>\n\t<meta name=\"twitter:data1\" content=\"En stock\" \/>\n<script type=\"application\/ld+json\" class=\"yoast-schema-graph\">{\"@context\":\"https:\/\/schema.org\",\"@graph\":[{\"@type\":[\"WebPage\",\"ItemPage\"],\"@id\":\"https:\/\/staging.belleflamme.ca\/fr\/produit\/prolinemd-prolinemd-master-electriques\/\",\"url\":\"https:\/\/staging.belleflamme.ca\/fr\/produit\/prolinemd-prolinemd-master-electriques\/\",\"name\":\"ProLineMD & ProLineMD Master \u00e9lectriques - Groupe BelleFlamme\",\"isPartOf\":{\"@id\":\"https:\/\/www.belleflamme.ca\/fr\/#website\"},\"primaryImageOfPage\":{\"@id\":\"https:\/\/staging.belleflamme.ca\/fr\/produit\/prolinemd-prolinemd-master-electriques\/#primaryimage\"},\"image\":{\"@id\":\"https:\/\/staging.belleflamme.ca\/fr\/produit\/prolinemd-prolinemd-master-electriques\/#primaryimage\"},\"thumbnailUrl\":\"https:\/\/staging.belleflamme.ca\/wp-content\/uploads\/2023\/05\/ProLineMD-ProLineMD-Master-electriques-jonh-wood.webp\",\"datePublished\":\"2023-05-08T18:38:31+00:00\",\"dateModified\":\"2023-05-08T18:47:55+00:00\",\"description\":\"ProLineMD & ProLineMD Master \u00e9lectriques [get_meta_en_fr]\",\"breadcrumb\":{\"@id\":\"https:\/\/staging.belleflamme.ca\/fr\/produit\/prolinemd-prolinemd-master-electriques\/#breadcrumb\"},\"inLanguage\":\"fr-FR\",\"potentialAction\":[{\"@type\":\"ReadAction\",\"target\":[\"https:\/\/staging.belleflamme.ca\/fr\/produit\/prolinemd-prolinemd-master-electriques\/\"]}]},{\"@type\":\"ImageObject\",\"inLanguage\":\"fr-FR\",\"@id\":\"https:\/\/staging.belleflamme.ca\/fr\/produit\/prolinemd-prolinemd-master-electriques\/#primaryimage\",\"url\":\"https:\/\/staging.belleflamme.ca\/wp-content\/uploads\/2023\/05\/ProLineMD-ProLineMD-Master-electriques-jonh-wood.webp\",\"contentUrl\":\"https:\/\/staging.belleflamme.ca\/wp-content\/uploads\/2023\/05\/ProLineMD-ProLineMD-Master-electriques-jonh-wood.webp\",\"width\":1000,\"height\":1000,\"caption\":\"ProLineMD & ProLineMD Master \u00e9lectriques jonh wood\"},{\"@type\":\"BreadcrumbList\",\"@id\":\"https:\/\/staging.belleflamme.ca\/fr\/produit\/prolinemd-prolinemd-master-electriques\/#breadcrumb\",\"itemListElement\":[{\"@type\":\"ListItem\",\"position\":1,\"name\":\"Accueil\",\"item\":\"https:\/\/www.belleflamme.ca\/fr\/\"},{\"@type\":\"ListItem\",\"position\":2,\"name\":\"Boutique\",\"item\":\"https:\/\/www.belleflamme.ca\/fr\/boutique\/\"},{\"@type\":\"ListItem\",\"position\":3,\"name\":\"Plomberie &amp; Gaz\",\"item\":\"https:\/\/staging.belleflamme.ca\/fr\/categories\/plomberie-gaz\/\"},{\"@type\":\"ListItem\",\"position\":4,\"name\":\"Chauffe Eau\",\"item\":\"https:\/\/staging.belleflamme.ca\/fr\/categories\/plomberie-gaz\/chauffe-eau\/\"},{\"@type\":\"ListItem\",\"position\":5,\"name\":\"Chauffe eau \u00c9lectrique\",\"item\":\"https:\/\/staging.belleflamme.ca\/fr\/categories\/plomberie-gaz\/chauffe-eau\/chauffe-eau-electrique\/\"},{\"@type\":\"ListItem\",\"position\":6,\"name\":\"ProLineMD &#038; ProLineMD Master \u00e9lectriques\"}]},{\"@type\":\"WebSite\",\"@id\":\"https:\/\/www.belleflamme.ca\/fr\/#website\",\"url\":\"https:\/\/www.belleflamme.ca\/fr\/\",\"name\":\"Groupe Belleflamme\",\"description\":\"La m\u00e9canique du b\u00e2timent dans le sang.\",\"publisher\":{\"@id\":\"https:\/\/www.belleflamme.ca\/fr\/#organization\"},\"potentialAction\":[{\"@type\":\"SearchAction\",\"target\":{\"@type\":\"EntryPoint\",\"urlTemplate\":\"https:\/\/www.belleflamme.ca\/fr\/?s={search_term_string}\"},\"query-input\":{\"@type\":\"PropertyValueSpecification\",\"valueRequired\":true,\"valueName\":\"search_term_string\"}}],\"inLanguage\":\"fr-FR\"},{\"@type\":[\"Organization\",\"Place\"],\"@id\":\"https:\/\/www.belleflamme.ca\/fr\/#organization\",\"name\":\"Groupe Belleflamme\",\"alternateName\":\"Belleflamme\",\"url\":\"https:\/\/www.belleflamme.ca\/fr\/\",\"logo\":{\"@type\":\"ImageObject\",\"inLanguage\":\"fr-FR\",\"@id\":\"https:\/\/www.belleflamme.ca\/fr\/#\/schema\/logo\/image\/\",\"url\":\"https:\/\/staging.belleflamme.ca\/wp-content\/uploads\/2023\/01\/og-image.jpg\",\"contentUrl\":\"https:\/\/staging.belleflamme.ca\/wp-content\/uploads\/2023\/01\/og-image.jpg\",\"width\":1200,\"height\":630,\"caption\":\"Groupe Belleflamme\"},\"image\":{\"@id\":\"https:\/\/www.belleflamme.ca\/fr\/#\/schema\/logo\/image\/\"},\"sameAs\":[\"https:\/\/www.facebook.com\/belleflamme.ca\/\",\"https:\/\/www.linkedin.com\/company\/belleflamme\/\",\"https:\/\/www.pinterest.ca\/groupebelleflamme\/\",\"https:\/\/www.instagram.com\/legroupebelleflamme\/\"],\"mainEntityOfPage\":{\"@id\":\"https:\/\/staging.belleflamme.ca\/fr\/produit\/prolinemd-prolinemd-master-electriques\/\"}}]}<\/script>\n<meta property=\"product:brand\" content=\"John Wood\" \/>\n<meta property=\"og:availability\" content=\"instock\" \/>\n<meta property=\"product:availability\" content=\"instock\" \/>\n<meta property=\"product:condition\" content=\"new\" \/>\n<!-- \/ Yoast SEO Premium plugin. -->","yoast_head_json":{"title":"ProLineMD & ProLineMD Master \u00e9lectriques - Groupe BelleFlamme","description":"ProLineMD & ProLineMD Master \u00e9lectriques vendu et install\u00e9 par le Groupe Belleflamme. Laval, Montr\u00e9al, Gatineau, Drummondville et Saint-Sauveur.","robots":{"index":"index","follow":"follow","max-snippet":"max-snippet:-1","max-image-preview":"max-image-preview:large","max-video-preview":"max-video-preview:-1"},"canonical":"https:\/\/staging.belleflamme.ca\/fr\/produit\/prolinemd-prolinemd-master-electriques\/","og_locale":"fr_FR","og_type":"article","og_title":"ProLineMD & ProLineMD Master \u00e9lectriques","og_description":"ProLineMD & ProLineMD Master \u00e9lectriques vendu et install\u00e9 par le Groupe Belleflamme. Laval, Montr\u00e9al, Gatineau, Drummondville et Saint-Sauveur.","og_url":"https:\/\/staging.belleflamme.ca\/fr\/produit\/prolinemd-prolinemd-master-electriques\/","og_site_name":"Groupe BelleFlamme","article_publisher":"https:\/\/www.facebook.com\/belleflamme.ca\/","article_modified_time":"2023-05-08T18:47:55+00:00","og_image":[{"width":1000,"height":1000,"url":"https:\/\/www.belleflamme.ca\/wp-content\/uploads\/2023\/05\/ProLineMD-ProLineMD-Master-electriques-jonh-wood.webp","type":"image\/webp"}],"twitter_card":"summary_large_image","twitter_misc":{"Disponibilit\u00e9":"En stock"},"schema":{"@context":"https:\/\/schema.org","@graph":[{"@type":["WebPage","ItemPage"],"@id":"https:\/\/staging.belleflamme.ca\/fr\/produit\/prolinemd-prolinemd-master-electriques\/","url":"https:\/\/staging.belleflamme.ca\/fr\/produit\/prolinemd-prolinemd-master-electriques\/","name":"ProLineMD & ProLineMD Master \u00e9lectriques - Groupe BelleFlamme","isPartOf":{"@id":"https:\/\/www.belleflamme.ca\/fr\/#website"},"primaryImageOfPage":{"@id":"https:\/\/staging.belleflamme.ca\/fr\/produit\/prolinemd-prolinemd-master-electriques\/#primaryimage"},"image":{"@id":"https:\/\/staging.belleflamme.ca\/fr\/produit\/prolinemd-prolinemd-master-electriques\/#primaryimage"},"thumbnailUrl":"https:\/\/staging.belleflamme.ca\/wp-content\/uploads\/2023\/05\/ProLineMD-ProLineMD-Master-electriques-jonh-wood.webp","datePublished":"2023-05-08T18:38:31+00:00","dateModified":"2023-05-08T18:47:55+00:00","description":"ProLineMD & ProLineMD Master \u00e9lectriques [get_meta_en_fr]","breadcrumb":{"@id":"https:\/\/staging.belleflamme.ca\/fr\/produit\/prolinemd-prolinemd-master-electriques\/#breadcrumb"},"inLanguage":"fr-FR","potentialAction":[{"@type":"ReadAction","target":["https:\/\/staging.belleflamme.ca\/fr\/produit\/prolinemd-prolinemd-master-electriques\/"]}]},{"@type":"ImageObject","inLanguage":"fr-FR","@id":"https:\/\/staging.belleflamme.ca\/fr\/produit\/prolinemd-prolinemd-master-electriques\/#primaryimage","url":"https:\/\/staging.belleflamme.ca\/wp-content\/uploads\/2023\/05\/ProLineMD-ProLineMD-Master-electriques-jonh-wood.webp","contentUrl":"https:\/\/staging.belleflamme.ca\/wp-content\/uploads\/2023\/05\/ProLineMD-ProLineMD-Master-electriques-jonh-wood.webp","width":1000,"height":1000,"caption":"ProLineMD & ProLineMD Master \u00e9lectriques jonh wood"},{"@type":"BreadcrumbList","@id":"https:\/\/staging.belleflamme.ca\/fr\/produit\/prolinemd-prolinemd-master-electriques\/#breadcrumb","itemListElement":[{"@type":"ListItem","position":1,"name":"Accueil","item":"https:\/\/www.belleflamme.ca\/fr\/"},{"@type":"ListItem","position":2,"name":"Boutique","item":"https:\/\/www.belleflamme.ca\/fr\/boutique\/"},{"@type":"ListItem","position":3,"name":"Plomberie &amp; Gaz","item":"https:\/\/staging.belleflamme.ca\/fr\/categories\/plomberie-gaz\/"},{"@type":"ListItem","position":4,"name":"Chauffe Eau","item":"https:\/\/staging.belleflamme.ca\/fr\/categories\/plomberie-gaz\/chauffe-eau\/"},{"@type":"ListItem","position":5,"name":"Chauffe eau \u00c9lectrique","item":"https:\/\/staging.belleflamme.ca\/fr\/categories\/plomberie-gaz\/chauffe-eau\/chauffe-eau-electrique\/"},{"@type":"ListItem","position":6,"name":"ProLineMD &#038; ProLineMD Master \u00e9lectriques"}]},{"@type":"WebSite","@id":"https:\/\/www.belleflamme.ca\/fr\/#website","url":"https:\/\/www.belleflamme.ca\/fr\/","name":"Groupe Belleflamme","description":"La m\u00e9canique du b\u00e2timent dans le sang.","publisher":{"@id":"https:\/\/www.belleflamme.ca\/fr\/#organization"},"potentialAction":[{"@type":"SearchAction","target":{"@type":"EntryPoint","urlTemplate":"https:\/\/www.belleflamme.ca\/fr\/?s={search_term_string}"},"query-input":{"@type":"PropertyValueSpecification","valueRequired":true,"valueName":"search_term_string"}}],"inLanguage":"fr-FR"},{"@type":["Organization","Place"],"@id":"https:\/\/www.belleflamme.ca\/fr\/#organization","name":"Groupe Belleflamme","alternateName":"Belleflamme","url":"https:\/\/www.belleflamme.ca\/fr\/","logo":{"@type":"ImageObject","inLanguage":"fr-FR","@id":"https:\/\/www.belleflamme.ca\/fr\/#\/schema\/logo\/image\/","url":"https:\/\/staging.belleflamme.ca\/wp-content\/uploads\/2023\/01\/og-image.jpg","contentUrl":"https:\/\/staging.belleflamme.ca\/wp-content\/uploads\/2023\/01\/og-image.jpg","width":1200,"height":630,"caption":"Groupe Belleflamme"},"image":{"@id":"https:\/\/www.belleflamme.ca\/fr\/#\/schema\/logo\/image\/"},"sameAs":["https:\/\/www.facebook.com\/belleflamme.ca\/","https:\/\/www.linkedin.com\/company\/belleflamme\/","https:\/\/www.pinterest.ca\/groupebelleflamme\/","https:\/\/www.instagram.com\/legroupebelleflamme\/"],"mainEntityOfPage":{"@id":"https:\/\/staging.belleflamme.ca\/fr\/produit\/prolinemd-prolinemd-master-electriques\/"}}]},"product_brand":"John Wood","og_availability":"instock","product_availability":"instock","product_condition":"new"},"_links":{"self":[{"href":"https:\/\/staging.belleflamme.ca\/fr\/wp-json\/wp\/v2\/product\/14159","targetHints":{"allow":["GET"]}}],"collection":[{"href":"https:\/\/staging.belleflamme.ca\/fr\/wp-json\/wp\/v2\/product"}],"about":[{"href":"https:\/\/staging.belleflamme.ca\/fr\/wp-json\/wp\/v2\/types\/product"}],"version-history":[{"count":1,"href":"https:\/\/staging.belleflamme.ca\/fr\/wp-json\/wp\/v2\/product\/14159\/revisions"}],"predecessor-version":[{"id":14165,"href":"https:\/\/staging.belleflamme.ca\/fr\/wp-json\/wp\/v2\/product\/14159\/revisions\/14165"}],"wp:featuredmedia":[{"embeddable":true,"href":"https:\/\/staging.belleflamme.ca\/fr\/wp-json\/wp\/v2\/media\/14163"}],"wp:attachment":[{"href":"https:\/\/staging.belleflamme.ca\/fr\/wp-json\/wp\/v2\/media?parent=14159"}],"wp:term":[{"taxonomy":"product_brand","embeddable":true,"href":"https:\/\/staging.belleflamme.ca\/fr\/wp-json\/wp\/v2\/product_brand?post=14159"},{"taxonomy":"product_cat","embeddable":true,"href":"https:\/\/staging.belleflamme.ca\/fr\/wp-json\/wp\/v2\/product_cat?post=14159"},{"taxonomy":"product_tag","embeddable":true,"href":"https:\/\/staging.belleflamme.ca\/fr\/wp-json\/wp\/v2\/product_tag?post=14159"}],"curies":[{"name":"wp","href":"https:\/\/api.w.org\/{rel}","templated":true}]}}