{"id":14052,"date":"2023-05-08T12:59:07","date_gmt":"2023-05-08T16:59:07","guid":{"rendered":"https:\/\/www.belleflamme.ca\/?post_type=product&#038;p=14052"},"modified":"2023-05-08T13:29:49","modified_gmt":"2023-05-08T17:29:49","slug":"chauffe-eau-residentiel-au-gaz-atmospherique-ug60","status":"publish","type":"product","link":"https:\/\/staging.belleflamme.ca\/fr\/produit\/chauffe-eau-residentiel-au-gaz-atmospherique-ug60\/","title":{"rendered":"Chauffe-eau R\u00e9sidentiel au Gaz \u2013 Atmosph\u00e9rique UG60"},"content":{"rendered":"<div class=\"et_pb_module et_pb_blurb et_pb_blurb_12 et_pb_text_align_left et_pb_blurb_position_left et_pb_bg_layout_light\">\n<div class=\"et_pb_blurb_content\">\n<div class=\"et_pb_blurb_container\">\n<h4>Ce chauffe-eau au gaz est muni d\u2019un br\u00fbleur \u00e9cologique (LOW NOx) pour une combustion efficace et non polluante. \u00c9quip\u00e9 de la technologie FVIR, il est con\u00e7u pour pr\u00e9venir l\u2019ignition de vapeurs inflammables, tels les a\u00e9rosols, les solvants, l\u2019essence, les peintures, les diluants \u00e0 peinture et \u00e0 laque, \u00e0 l\u2019ext\u00e9rieur des chauffe-eau.<\/h4>\n<p>Ce chauffe-eau n\u00e9cessite une chemin\u00e9e.<\/p>\n<h4 class=\"et_pb_module_header\">Capacit\u00e9<\/h4>\n<div class=\"et_pb_blurb_description\">60 gal. U.S.<\/div>\n<\/div>\n<\/div>\n<\/div>\n<div class=\"et_pb_module et_pb_blurb et_pb_blurb_13 et_pb_text_align_left et_pb_blurb_position_left et_pb_bg_layout_light\">\n<div class=\"et_pb_blurb_content\">\n<div class=\"et_pb_blurb_container\">\n<h4 class=\"et_pb_module_header\">Type de gaz<\/h4>\n<div class=\"et_pb_blurb_description\">Naturel (N)<br \/>\nPropane (LP)<br \/>\nConvertible (N &amp; LP)<\/div>\n<\/div>\n<\/div>\n<\/div>\n<div class=\"et_pb_module et_pb_blurb et_pb_blurb_14 et_pb_text_align_left et_pb_blurb_position_left et_pb_bg_layout_light\">\n<div class=\"et_pb_blurb_content\">\n<div class=\"et_pb_blurb_container\">\n<h4 class=\"et_pb_module_header\">Puissance<\/h4>\n<div class=\"et_pb_blurb_description\">45 000 BTU (N)<br \/>\n42 000 BTU (LP)<br \/>\n50 000 BTU (N)<br \/>\n47 000 BTU (LP)<strong>Convertible<\/strong><br \/>\n45 000 BTU (N)<br \/>\n42 000 BTU (LP)<\/div>\n<\/div>\n<\/div>\n<\/div>\n<div class=\"et_pb_module et_pb_blurb et_pb_blurb_15 et_pb_text_align_left et_pb_blurb_position_left et_pb_bg_layout_light\">\n<div class=\"et_pb_blurb_content\">\n<div class=\"et_pb_blurb_container\">\n<h4 class=\"et_pb_module_header\">Garantie*<\/h4>\n<div class=\"et_pb_blurb_description\"><strong>6 ans<\/strong>\u00a0contre la perforation de la cuve<br \/>\n<strong>6 ans<\/strong>\u00a0sur les pi\u00e8ces<\/div>\n<\/div>\n<div>\n<div class=\"et_pb_row et_pb_row_5\">\n<div class=\"et_pb_column et_pb_column_4_4 et_pb_column_9 et_pb_css_mix_blend_mode_passthrough et-last-child\">\n<div class=\"et_pb_module et_pb_text et_pb_text_7 et_pb_text_align_left et_pb_bg_layout_light\">\n<div class=\"et_pb_text_inner\">\n<h3>APER\u00c7U DES AVANTAGES<\/h3>\n<\/div>\n<\/div>\n<\/div>\n<\/div>\n<div class=\"et_pb_row et_pb_row_6\">\n<div class=\"et_pb_column et_pb_column_1_2 et_pb_column_10 et_pb_css_mix_blend_mode_passthrough\">\n<div class=\"et_pb_module et_pb_text et_pb_text_8 et_pb_text_align_left et_pb_bg_layout_light\">\n<div class=\"et_pb_text_inner\">\n<p><strong>CONTR\u00d4LEUR DE FLAMME EN ACIER INOXYDABLE<\/strong><br \/>\nConception sup\u00e9rieure anti-corrosion emp\u00eachant les vapeurs inflammables de prendre feu \u00e0 l\u2019ext\u00e9rieur de la chambre \u00e0 combustion scell\u00e9e.<\/p>\n<p><strong>CHAMBRE \u00c0 COMBUSTION SCELL\u00c9E<\/strong><br \/>\nPr\u00e9vient l\u2019infiltration d\u2019air de l\u2019ext\u00e9rieur et force tout l\u2019air de combustion \u00e0 p\u00e9n\u00e9trer dans la chambre \u00e0 combustion par le contr\u00f4leur de flamme.<\/p>\n<p><strong>INTERRUPTEUR THERMIQUE \u00c0 R\u00c9-ENCLENCHEMENT MANUEL<\/strong><br \/>\nFerme l\u2019arriv\u00e9e du gaz \u00e0 la veilleuse ainsi qu\u2019au br\u00fbleur dans l\u2019\u00e9ventualit\u00e9 ou des vapeurs inflammables p\u00e9n\u00e9treraient et s\u2019enflammeraient dans la chambre \u00e0 combustion. Simple et facile \u00e0 remettre en service, appuyer simplement sur le bouton de remise en fonction.<\/p>\n<p><strong>FEN\u00caTRE D\u2019OBSERVATION<\/strong><br \/>\nPermet de voir \u00e0 l\u2019int\u00e9rieur de la chambre \u00e0 combustion afin de v\u00e9rifier le fonctionnement de la veilleuse et du br\u00fbleur.<\/p>\n<p><strong>BR\u00dbLEUR \u00c0 FAIBLES \u00c9MISSIONS D&#8217;OXYDES D&#8217;AZOTE \u00abLOW NOx\u00bb<\/strong><br \/>\n\u00c9cologique, il offre une combustion plus efficace, tout en r\u00e9duisant la pollution.<\/p>\n<p><strong>DISPOSITIF D\u2019ALLUMAGE PI\u00c9ZO-\u00c9LECTRIQUE<\/strong><br \/>\nFacilite l\u2019allumage de la veilleuse.<\/p>\n<p><strong>N\u00c9CESSITE PEU D\u2019ENTRETIEN<\/strong><br \/>\nLes prises d\u2019air ainsi que le contr\u00f4leur de flamme sont con\u00e7us pour minimiser l\u2019accumulation de poussi\u00e8res et de salet\u00e9s.<\/p>\n<p><strong>ROBINET DE VIDANGE<\/strong><br \/>\nFacilit\u00e9 d\u2019\u00e9coulement gr\u00e2ce \u00e0 un robinet de vidange s\u00e9curis\u00e9 en laiton.<\/p>\n<p><strong>ISOLANT<\/strong><br \/>\nUne \u00e9paisseur uniforme de mousse isolante \u00e9cologique\u00a0<img decoding=\"async\" class=\"alignnone wp-image-28101\" src=\"https:\/\/giantinc.com\/wp-content\/uploads\/2018\/03\/logo-greenfoam-200px.png\" alt=\"GREENFOAM\u00ae\" width=\"100\" height=\"20\" \/>\u00a0conserve l\u2019eau plus chaude sur des p\u00e9riodes plus longues, r\u00e9duisant les pertes de chaleur et vos co\u00fbts \u00e9nerg\u00e9tiques.\u00a0<img decoding=\"async\" class=\"alignnone wp-image-28101\" src=\"https:\/\/giantinc.com\/wp-content\/uploads\/2018\/03\/logo-greenfoam-200px.png\" alt=\"GREENFOAM\u00ae\" width=\"100\" height=\"20\" \/>\u00a0ne contient aucun HCFC (hydrochlorofluorocarbures), CFC (chlorofluorocarbures), HFC (hydrofluorocarbures) ni COV (compos\u00e9s organiques volatiles).<\/p>\n<\/div>\n<\/div>\n<\/div>\n<div class=\"et_pb_column et_pb_column_1_2 et_pb_column_11 et_pb_css_mix_blend_mode_passthrough et-last-child\">\n<div class=\"et_pb_module et_pb_text et_pb_text_9 et_pb_text_align_left et_pb_bg_layout_light\">\n<div class=\"et_pb_text_inner\"><strong>CHICANE DE CHEMIN\u00c9E \u00abPOWER TWIST<sup>MD<\/sup>\u00bb<\/strong><br \/>\nOffre un rendement sup\u00e9rieur aux chicanes de chemin\u00e9es traditionnelles. Pour la m\u00eame consommation de gaz, vous obtiendrez encore plus d\u2019eau chaude !<strong>SOUPAPE DE S\u00dbRET\u00c9 INSTALL\u00c9E EN USINE<\/strong><br \/>\nProt\u00e8ge la cuve contre les effets dommageables qui peuvent \u00eatre caus\u00e9s par un exc\u00e8s de temp\u00e9rature et de pression.<strong>RACCORDS DI-\u00c9LECTRIQUES 3\/4&#8243; NPT INSTALL\u00c9S EN USINE<\/strong><br \/>\nProlongent la dur\u00e9e de vie de la cuve, tout en fournissant une excellente protection contre la corrosion.<\/p>\n<p><strong>INT\u00c9RIEUR DE LA CUVE VITRIFI\u00c9E<\/strong><br \/>\nUn verre au cobalt bleu, enrichi de zircon, unique \u00e0 Giant est fusionn\u00e9 \u00e0 un acier sp\u00e9cial \u00e0 1 600\u00b0F (871\u00b0C). Il repr\u00e9sente la meilleure protection contre la rouille pour plusieurs ann\u00e9es. Cette cuve est certifi\u00e9e \u00e0 300 PSI (2 068 kPa) et peut supporter une pression d\u2019op\u00e9ration de 150 PSI (1 035 kPa).<\/p>\n<p><strong>ANODE DE MAGN\u00c9SIUM DE HAUTE QUALIT\u00c9<\/strong><br \/>\nOffre une excellente protection contre les effets corrosifs de l\u2019eau et prolonge la dur\u00e9e de vie de la cuve.<\/p>\n<p><strong>CONTR\u00d4LE DE TEMP\u00c9RATURE AUTOMATIQUE<\/strong><br \/>\nUn thermostat ajustable \u00e0 vos besoins en tout temps vous donnera satisfaction pour plusieurs ann\u00e9es. Un limiteur de temp\u00e9rature (E.C.O.) vous prot\u00e8ge contre les situations anormales.<\/p>\n<p><strong>SUPPORT CIRCULAIRE<\/strong><br \/>\nFacilite la manutention du chauffe-eau sans endommager votre plancher lors de l\u2019installation.<\/p>\n<\/div>\n<\/div>\n<\/div>\n<\/div>\n<div class=\"et_pb_row et_pb_row_7\">\n<div class=\"et_pb_column et_pb_column_4_4 et_pb_column_12 et_pb_css_mix_blend_mode_passthrough et-last-child\">\n<div class=\"et_pb_module et_pb_text et_pb_text_10 et_pb_text_align_left et_pb_bg_layout_light\">\n<div class=\"et_pb_text_inner\">\n<h3>TECHNOLOGIE FVIR<\/h3>\n<\/div>\n<\/div>\n<\/div>\n<\/div>\n<div class=\"et_pb_row et_pb_row_8\">\n<div class=\"et_pb_column et_pb_column_4_4 et_pb_column_13 et_pb_css_mix_blend_mode_passthrough et-last-child\">\n<div class=\"et_pb_module et_pb_text et_pb_text_11 et_pb_text_align_left et_pb_bg_layout_light\">\n<div class=\"et_pb_text_inner\">Tous les chauffe-eau r\u00e9sidentiels au gaz sont fabriqu\u00e9s avec la technologie FVIR et respectent la derni\u00e8re version de la norme nord-am\u00e9ricaine ANSI Z21.10.1\/CSA 4.1.<\/div>\n<\/div>\n<\/div>\n<\/div>\n<\/div>\n<\/div>\n<\/div>\n","protected":false},"excerpt":{"rendered":"<p>Ce chauffe-eau au gaz est muni d\u2019un br\u00fbleur \u00e9cologique (LOW NOx) pour une combustion efficace et non polluante. \u00c9quip\u00e9 de la technologie FVIR, il est con\u00e7u pour pr\u00e9venir l\u2019ignition de vapeurs inflammables, tels les a\u00e9rosols, les solvants, l\u2019essence, les peintures, les diluants \u00e0 peinture et \u00e0 laque, \u00e0 l\u2019ext\u00e9rieur des chauffe-eau. Ce chauffe-eau n\u00e9cessite une [&hellip;]<\/p>\n","protected":false},"featured_media":14053,"template":"","meta":{"inline_featured_image":false},"product_brand":[467],"product_cat":[104,108,97],"product_tag":[],"class_list":{"0":"post-14052","1":"product","2":"type-product","3":"status-publish","4":"has-post-thumbnail","6":"product_brand-giant","7":"product_cat-chauffe-eau","8":"product_cat-chauffe-eau-gaz","9":"product_cat-plomberie-gaz","11":"first","12":"instock","13":"taxable","14":"shipping-taxable","15":"product-type-simple"},"yoast_head":"<!-- This site is optimized with the Yoast SEO Premium plugin v24.2 (Yoast SEO v24.2) - https:\/\/yoast.com\/wordpress\/plugins\/seo\/ -->\n<title>Chauffe-eau R\u00e9sidentiel au Gaz \u2013 Atmosph\u00e9rique UG60 - Groupe BelleFlamme<\/title>\n<meta name=\"description\" content=\"Chauffe-eau R\u00e9sidentiel au Gaz \u2013 Atmosph\u00e9rique UG60 vendu et install\u00e9 par le Groupe Belleflamme. Laval, Montr\u00e9al, Gatineau, Drummondville et Saint-Sauveur.\" \/>\n<meta name=\"robots\" content=\"index, follow, max-snippet:-1, max-image-preview:large, max-video-preview:-1\" \/>\n<link rel=\"canonical\" href=\"https:\/\/staging.belleflamme.ca\/fr\/produit\/chauffe-eau-residentiel-au-gaz-atmospherique-ug60\/\" \/>\n<meta property=\"og:locale\" content=\"fr_FR\" \/>\n<meta property=\"og:type\" content=\"article\" \/>\n<meta property=\"og:title\" content=\"Chauffe-eau R\u00e9sidentiel au Gaz \u2013 Atmosph\u00e9rique UG60\" \/>\n<meta property=\"og:description\" content=\"Chauffe-eau R\u00e9sidentiel au Gaz \u2013 Atmosph\u00e9rique UG60 vendu et install\u00e9 par le Groupe Belleflamme. Laval, Montr\u00e9al, Gatineau, Drummondville et Saint-Sauveur.\" \/>\n<meta property=\"og:url\" content=\"https:\/\/staging.belleflamme.ca\/fr\/produit\/chauffe-eau-residentiel-au-gaz-atmospherique-ug60\/\" \/>\n<meta property=\"og:site_name\" content=\"Groupe BelleFlamme\" \/>\n<meta property=\"article:publisher\" content=\"https:\/\/www.facebook.com\/belleflamme.ca\/\" \/>\n<meta property=\"article:modified_time\" content=\"2023-05-08T17:29:49+00:00\" \/>\n<meta property=\"og:image\" content=\"https:\/\/www.belleflamme.ca\/wp-content\/uploads\/2023\/05\/ATM-UG60.png\" \/>\n\t<meta property=\"og:image:width\" content=\"1000\" \/>\n\t<meta property=\"og:image:height\" content=\"1000\" \/>\n\t<meta property=\"og:image:type\" content=\"image\/png\" \/>\n<meta name=\"twitter:card\" content=\"summary_large_image\" \/>\n<meta name=\"twitter:label1\" content=\"Prix\" \/>\n\t<meta name=\"twitter:data1\" content=\"\" \/>\n\t<meta name=\"twitter:label2\" content=\"Disponibilit\u00e9\" \/>\n\t<meta name=\"twitter:data2\" content=\"En stock\" \/>\n<script type=\"application\/ld+json\" class=\"yoast-schema-graph\">{\"@context\":\"https:\/\/schema.org\",\"@graph\":[{\"@type\":[\"WebPage\",\"ItemPage\"],\"@id\":\"https:\/\/staging.belleflamme.ca\/fr\/produit\/chauffe-eau-residentiel-au-gaz-atmospherique-ug60\/\",\"url\":\"https:\/\/staging.belleflamme.ca\/fr\/produit\/chauffe-eau-residentiel-au-gaz-atmospherique-ug60\/\",\"name\":\"Chauffe-eau R\u00e9sidentiel au Gaz \u2013 Atmosph\u00e9rique UG60 - Groupe BelleFlamme\",\"isPartOf\":{\"@id\":\"https:\/\/www.belleflamme.ca\/fr\/#website\"},\"primaryImageOfPage\":{\"@id\":\"https:\/\/staging.belleflamme.ca\/fr\/produit\/chauffe-eau-residentiel-au-gaz-atmospherique-ug60\/#primaryimage\"},\"image\":{\"@id\":\"https:\/\/staging.belleflamme.ca\/fr\/produit\/chauffe-eau-residentiel-au-gaz-atmospherique-ug60\/#primaryimage\"},\"thumbnailUrl\":\"https:\/\/staging.belleflamme.ca\/wp-content\/uploads\/2023\/05\/ATM-UG60.png\",\"datePublished\":\"2023-05-08T16:59:07+00:00\",\"dateModified\":\"2023-05-08T17:29:49+00:00\",\"description\":\"Chauffe-eau R\u00e9sidentiel au Gaz \u2013 Atmosph\u00e9rique UG60 [get_meta_en_fr]\",\"breadcrumb\":{\"@id\":\"https:\/\/staging.belleflamme.ca\/fr\/produit\/chauffe-eau-residentiel-au-gaz-atmospherique-ug60\/#breadcrumb\"},\"inLanguage\":\"fr-FR\",\"potentialAction\":[{\"@type\":\"ReadAction\",\"target\":[\"https:\/\/staging.belleflamme.ca\/fr\/produit\/chauffe-eau-residentiel-au-gaz-atmospherique-ug60\/\"]}]},{\"@type\":\"ImageObject\",\"inLanguage\":\"fr-FR\",\"@id\":\"https:\/\/staging.belleflamme.ca\/fr\/produit\/chauffe-eau-residentiel-au-gaz-atmospherique-ug60\/#primaryimage\",\"url\":\"https:\/\/staging.belleflamme.ca\/wp-content\/uploads\/2023\/05\/ATM-UG60.png\",\"contentUrl\":\"https:\/\/staging.belleflamme.ca\/wp-content\/uploads\/2023\/05\/ATM-UG60.png\",\"width\":1000,\"height\":1000,\"caption\":\"ATM-UG60 Chauffe-eau R\u00e9sidentiel au Gaz \u2013 Atmosph\u00e9rique Giant\"},{\"@type\":\"BreadcrumbList\",\"@id\":\"https:\/\/staging.belleflamme.ca\/fr\/produit\/chauffe-eau-residentiel-au-gaz-atmospherique-ug60\/#breadcrumb\",\"itemListElement\":[{\"@type\":\"ListItem\",\"position\":1,\"name\":\"Accueil\",\"item\":\"https:\/\/www.belleflamme.ca\/fr\/\"},{\"@type\":\"ListItem\",\"position\":2,\"name\":\"Boutique\",\"item\":\"https:\/\/www.belleflamme.ca\/fr\/boutique\/\"},{\"@type\":\"ListItem\",\"position\":3,\"name\":\"Plomberie &amp; Gaz\",\"item\":\"https:\/\/staging.belleflamme.ca\/fr\/categories\/plomberie-gaz\/\"},{\"@type\":\"ListItem\",\"position\":4,\"name\":\"Chauffe Eau\",\"item\":\"https:\/\/staging.belleflamme.ca\/fr\/categories\/plomberie-gaz\/chauffe-eau\/\"},{\"@type\":\"ListItem\",\"position\":5,\"name\":\"Chauffe eau au Gaz\",\"item\":\"https:\/\/staging.belleflamme.ca\/fr\/categories\/plomberie-gaz\/chauffe-eau\/chauffe-eau-gaz\/\"},{\"@type\":\"ListItem\",\"position\":6,\"name\":\"Chauffe-eau R\u00e9sidentiel au Gaz \u2013 Atmosph\u00e9rique UG60\"}]},{\"@type\":\"WebSite\",\"@id\":\"https:\/\/www.belleflamme.ca\/fr\/#website\",\"url\":\"https:\/\/www.belleflamme.ca\/fr\/\",\"name\":\"Groupe Belleflamme\",\"description\":\"La m\u00e9canique du b\u00e2timent dans le sang.\",\"publisher\":{\"@id\":\"https:\/\/www.belleflamme.ca\/fr\/#organization\"},\"potentialAction\":[{\"@type\":\"SearchAction\",\"target\":{\"@type\":\"EntryPoint\",\"urlTemplate\":\"https:\/\/www.belleflamme.ca\/fr\/?s={search_term_string}\"},\"query-input\":{\"@type\":\"PropertyValueSpecification\",\"valueRequired\":true,\"valueName\":\"search_term_string\"}}],\"inLanguage\":\"fr-FR\"},{\"@type\":[\"Organization\",\"Place\"],\"@id\":\"https:\/\/www.belleflamme.ca\/fr\/#organization\",\"name\":\"Groupe Belleflamme\",\"alternateName\":\"Belleflamme\",\"url\":\"https:\/\/www.belleflamme.ca\/fr\/\",\"logo\":{\"@type\":\"ImageObject\",\"inLanguage\":\"fr-FR\",\"@id\":\"https:\/\/www.belleflamme.ca\/fr\/#\/schema\/logo\/image\/\",\"url\":\"https:\/\/staging.belleflamme.ca\/wp-content\/uploads\/2023\/01\/og-image.jpg\",\"contentUrl\":\"https:\/\/staging.belleflamme.ca\/wp-content\/uploads\/2023\/01\/og-image.jpg\",\"width\":1200,\"height\":630,\"caption\":\"Groupe Belleflamme\"},\"image\":{\"@id\":\"https:\/\/www.belleflamme.ca\/fr\/#\/schema\/logo\/image\/\"},\"sameAs\":[\"https:\/\/www.facebook.com\/belleflamme.ca\/\",\"https:\/\/www.linkedin.com\/company\/belleflamme\/\",\"https:\/\/www.pinterest.ca\/groupebelleflamme\/\",\"https:\/\/www.instagram.com\/legroupebelleflamme\/\"],\"mainEntityOfPage\":{\"@id\":\"https:\/\/staging.belleflamme.ca\/fr\/produit\/chauffe-eau-residentiel-au-gaz-atmospherique-ug60\/\"}}]}<\/script>\n<meta property=\"product:brand\" content=\"Giant\" \/>\n<meta property=\"product:price:amount\" content=\"0.00\" \/>\n<meta property=\"product:price:currency\" content=\"CAD\" \/>\n<meta property=\"og:availability\" content=\"instock\" \/>\n<meta property=\"product:availability\" content=\"instock\" \/>\n<meta property=\"product:condition\" content=\"new\" \/>\n<!-- \/ Yoast SEO Premium plugin. -->","yoast_head_json":{"title":"Chauffe-eau R\u00e9sidentiel au Gaz \u2013 Atmosph\u00e9rique UG60 - Groupe BelleFlamme","description":"Chauffe-eau R\u00e9sidentiel au Gaz \u2013 Atmosph\u00e9rique UG60 vendu et install\u00e9 par le Groupe Belleflamme. Laval, Montr\u00e9al, Gatineau, Drummondville et Saint-Sauveur.","robots":{"index":"index","follow":"follow","max-snippet":"max-snippet:-1","max-image-preview":"max-image-preview:large","max-video-preview":"max-video-preview:-1"},"canonical":"https:\/\/staging.belleflamme.ca\/fr\/produit\/chauffe-eau-residentiel-au-gaz-atmospherique-ug60\/","og_locale":"fr_FR","og_type":"article","og_title":"Chauffe-eau R\u00e9sidentiel au Gaz \u2013 Atmosph\u00e9rique UG60","og_description":"Chauffe-eau R\u00e9sidentiel au Gaz \u2013 Atmosph\u00e9rique UG60 vendu et install\u00e9 par le Groupe Belleflamme. Laval, Montr\u00e9al, Gatineau, Drummondville et Saint-Sauveur.","og_url":"https:\/\/staging.belleflamme.ca\/fr\/produit\/chauffe-eau-residentiel-au-gaz-atmospherique-ug60\/","og_site_name":"Groupe BelleFlamme","article_publisher":"https:\/\/www.facebook.com\/belleflamme.ca\/","article_modified_time":"2023-05-08T17:29:49+00:00","og_image":[{"width":1000,"height":1000,"url":"https:\/\/www.belleflamme.ca\/wp-content\/uploads\/2023\/05\/ATM-UG60.png","type":"image\/png"}],"twitter_card":"summary_large_image","twitter_misc":{"Prix":"","Disponibilit\u00e9":"En stock"},"schema":{"@context":"https:\/\/schema.org","@graph":[{"@type":["WebPage","ItemPage"],"@id":"https:\/\/staging.belleflamme.ca\/fr\/produit\/chauffe-eau-residentiel-au-gaz-atmospherique-ug60\/","url":"https:\/\/staging.belleflamme.ca\/fr\/produit\/chauffe-eau-residentiel-au-gaz-atmospherique-ug60\/","name":"Chauffe-eau R\u00e9sidentiel au Gaz \u2013 Atmosph\u00e9rique UG60 - Groupe BelleFlamme","isPartOf":{"@id":"https:\/\/www.belleflamme.ca\/fr\/#website"},"primaryImageOfPage":{"@id":"https:\/\/staging.belleflamme.ca\/fr\/produit\/chauffe-eau-residentiel-au-gaz-atmospherique-ug60\/#primaryimage"},"image":{"@id":"https:\/\/staging.belleflamme.ca\/fr\/produit\/chauffe-eau-residentiel-au-gaz-atmospherique-ug60\/#primaryimage"},"thumbnailUrl":"https:\/\/staging.belleflamme.ca\/wp-content\/uploads\/2023\/05\/ATM-UG60.png","datePublished":"2023-05-08T16:59:07+00:00","dateModified":"2023-05-08T17:29:49+00:00","description":"Chauffe-eau R\u00e9sidentiel au Gaz \u2013 Atmosph\u00e9rique UG60 [get_meta_en_fr]","breadcrumb":{"@id":"https:\/\/staging.belleflamme.ca\/fr\/produit\/chauffe-eau-residentiel-au-gaz-atmospherique-ug60\/#breadcrumb"},"inLanguage":"fr-FR","potentialAction":[{"@type":"ReadAction","target":["https:\/\/staging.belleflamme.ca\/fr\/produit\/chauffe-eau-residentiel-au-gaz-atmospherique-ug60\/"]}]},{"@type":"ImageObject","inLanguage":"fr-FR","@id":"https:\/\/staging.belleflamme.ca\/fr\/produit\/chauffe-eau-residentiel-au-gaz-atmospherique-ug60\/#primaryimage","url":"https:\/\/staging.belleflamme.ca\/wp-content\/uploads\/2023\/05\/ATM-UG60.png","contentUrl":"https:\/\/staging.belleflamme.ca\/wp-content\/uploads\/2023\/05\/ATM-UG60.png","width":1000,"height":1000,"caption":"ATM-UG60 Chauffe-eau R\u00e9sidentiel au Gaz \u2013 Atmosph\u00e9rique Giant"},{"@type":"BreadcrumbList","@id":"https:\/\/staging.belleflamme.ca\/fr\/produit\/chauffe-eau-residentiel-au-gaz-atmospherique-ug60\/#breadcrumb","itemListElement":[{"@type":"ListItem","position":1,"name":"Accueil","item":"https:\/\/www.belleflamme.ca\/fr\/"},{"@type":"ListItem","position":2,"name":"Boutique","item":"https:\/\/www.belleflamme.ca\/fr\/boutique\/"},{"@type":"ListItem","position":3,"name":"Plomberie &amp; Gaz","item":"https:\/\/staging.belleflamme.ca\/fr\/categories\/plomberie-gaz\/"},{"@type":"ListItem","position":4,"name":"Chauffe Eau","item":"https:\/\/staging.belleflamme.ca\/fr\/categories\/plomberie-gaz\/chauffe-eau\/"},{"@type":"ListItem","position":5,"name":"Chauffe eau au Gaz","item":"https:\/\/staging.belleflamme.ca\/fr\/categories\/plomberie-gaz\/chauffe-eau\/chauffe-eau-gaz\/"},{"@type":"ListItem","position":6,"name":"Chauffe-eau R\u00e9sidentiel au Gaz \u2013 Atmosph\u00e9rique UG60"}]},{"@type":"WebSite","@id":"https:\/\/www.belleflamme.ca\/fr\/#website","url":"https:\/\/www.belleflamme.ca\/fr\/","name":"Groupe Belleflamme","description":"La m\u00e9canique du b\u00e2timent dans le sang.","publisher":{"@id":"https:\/\/www.belleflamme.ca\/fr\/#organization"},"potentialAction":[{"@type":"SearchAction","target":{"@type":"EntryPoint","urlTemplate":"https:\/\/www.belleflamme.ca\/fr\/?s={search_term_string}"},"query-input":{"@type":"PropertyValueSpecification","valueRequired":true,"valueName":"search_term_string"}}],"inLanguage":"fr-FR"},{"@type":["Organization","Place"],"@id":"https:\/\/www.belleflamme.ca\/fr\/#organization","name":"Groupe Belleflamme","alternateName":"Belleflamme","url":"https:\/\/www.belleflamme.ca\/fr\/","logo":{"@type":"ImageObject","inLanguage":"fr-FR","@id":"https:\/\/www.belleflamme.ca\/fr\/#\/schema\/logo\/image\/","url":"https:\/\/staging.belleflamme.ca\/wp-content\/uploads\/2023\/01\/og-image.jpg","contentUrl":"https:\/\/staging.belleflamme.ca\/wp-content\/uploads\/2023\/01\/og-image.jpg","width":1200,"height":630,"caption":"Groupe Belleflamme"},"image":{"@id":"https:\/\/www.belleflamme.ca\/fr\/#\/schema\/logo\/image\/"},"sameAs":["https:\/\/www.facebook.com\/belleflamme.ca\/","https:\/\/www.linkedin.com\/company\/belleflamme\/","https:\/\/www.pinterest.ca\/groupebelleflamme\/","https:\/\/www.instagram.com\/legroupebelleflamme\/"],"mainEntityOfPage":{"@id":"https:\/\/staging.belleflamme.ca\/fr\/produit\/chauffe-eau-residentiel-au-gaz-atmospherique-ug60\/"}}]},"product_brand":"Giant","product_price_amount":"0.00","product_price_currency":"CAD","og_availability":"instock","product_availability":"instock","product_condition":"new"},"_links":{"self":[{"href":"https:\/\/staging.belleflamme.ca\/fr\/wp-json\/wp\/v2\/product\/14052","targetHints":{"allow":["GET"]}}],"collection":[{"href":"https:\/\/staging.belleflamme.ca\/fr\/wp-json\/wp\/v2\/product"}],"about":[{"href":"https:\/\/staging.belleflamme.ca\/fr\/wp-json\/wp\/v2\/types\/product"}],"version-history":[{"count":2,"href":"https:\/\/staging.belleflamme.ca\/fr\/wp-json\/wp\/v2\/product\/14052\/revisions"}],"predecessor-version":[{"id":14065,"href":"https:\/\/staging.belleflamme.ca\/fr\/wp-json\/wp\/v2\/product\/14052\/revisions\/14065"}],"wp:featuredmedia":[{"embeddable":true,"href":"https:\/\/staging.belleflamme.ca\/fr\/wp-json\/wp\/v2\/media\/14053"}],"wp:attachment":[{"href":"https:\/\/staging.belleflamme.ca\/fr\/wp-json\/wp\/v2\/media?parent=14052"}],"wp:term":[{"taxonomy":"product_brand","embeddable":true,"href":"https:\/\/staging.belleflamme.ca\/fr\/wp-json\/wp\/v2\/product_brand?post=14052"},{"taxonomy":"product_cat","embeddable":true,"href":"https:\/\/staging.belleflamme.ca\/fr\/wp-json\/wp\/v2\/product_cat?post=14052"},{"taxonomy":"product_tag","embeddable":true,"href":"https:\/\/staging.belleflamme.ca\/fr\/wp-json\/wp\/v2\/product_tag?post=14052"}],"curies":[{"name":"wp","href":"https:\/\/api.w.org\/{rel}","templated":true}]}}