{"id":14023,"date":"2023-05-08T11:38:07","date_gmt":"2023-05-08T15:38:07","guid":{"rendered":"https:\/\/www.belleflamme.ca\/?post_type=product&#038;p=14023"},"modified":"2023-05-08T13:50:01","modified_gmt":"2023-05-08T17:50:01","slug":"serie-performance-atmospherique","status":"publish","type":"product","link":"https:\/\/staging.belleflamme.ca\/fr\/produit\/serie-performance-atmospherique\/","title":{"rendered":"S\u00e9rie Performance : Atmosph\u00e9rique"},"content":{"rendered":"<p>Les chauffe-eau atmosph\u00e9riques au gaz PERFORMANCE\u2122 sont dot\u00e9s d&#8217;une vanne de gaz de diagnostic et d&#8217;une garantie de six ans<\/p>\n<p><strong>Efficacit\u00e9<\/strong><\/p>\n<ul>\n<li>.61 &#8211; .62 EF<\/li>\n<\/ul>\n<p><strong>Performance<\/strong><\/p>\n<ul>\n<li>FHR : 52 &#8211; 94 gallons<\/li>\n<li>R\u00e9cup\u00e9ration\u00a0: jusqu&#8217;\u00e0 51\u00a0GPH \u00e0 une \u00e9l\u00e9vation de 90\u00a0\u00b0F, selon le mod\u00e8le<\/li>\n<\/ul>\n<p><strong>Vanne diagnostique<\/strong><\/p>\n<ul>\n<li>Vanne de contr\u00f4le de gaz de diagnostic auto-aliment\u00e9e pour une surveillance et un service am\u00e9lior\u00e9s<\/li>\n<\/ul>\n<p><strong>Faibles \u00e9missions<\/strong><\/p>\n<ul>\n<li>Br\u00fbleur \u00e9cologique, conception \u00e0 faible NOx<\/li>\n<li>R\u00e9pond aux exigences de 40 ng\/J de NOx<\/li>\n<\/ul>\n<p><strong>Syst\u00e8me de br\u00fbleur sans entretien<\/strong><\/p>\n<ul>\n<li>Dispositif exclusif d&#8217;arr\u00eat air\/carburant<\/li>\n<li>Sans entretien &#8211; pas de filtre \u00e0 nettoyer<\/li>\n<li>D\u00e9sactive le chauffage en pr\u00e9sence d&#8217;accumulation de vapeurs inflammables<\/li>\n<\/ul>\n<p><strong>Longue vie<\/strong><\/p>\n<ul>\n<li>La tige d&#8217;anode de qualit\u00e9 sup\u00e9rieure offre une protection durable du r\u00e9servoir<\/li>\n<\/ul>\n<p><strong>Plus\u2026<\/strong><\/p>\n<ul>\n<li>Facile \u00e0 allumer &#8211; aucune allumette requise<\/li>\n<li><span class=\"\">Soupape de d\u00e9charge de temp\u00e9rature et de pression incluse<\/span><\/li>\n<li>Conforme \u00e0 faible teneur en plomb<\/li>\n<li>Pi\u00e8ces de rechange standards<\/li>\n<\/ul>\n<table>\n<tbody>\n<tr>\n<td><strong>MOD\u00c8LES ATMOSPH\u00c9RIQUES PERFORMANTS<\/strong><\/td>\n<\/tr>\n<tr>\n<td><strong>TYPE DE CARBURANT<\/strong><\/td>\n<td><strong>DESCRIPTION\u00a0<\/strong><\/td>\n<td><strong>CAP. GAL.<\/strong><\/td>\n<td><strong>NUM\u00c9RO DE MOD\u00c8LE<\/strong><\/td>\n<td><strong><br \/>\nFACTEUR\u00a0\u00c9NERG\u00c9TIQUE<\/strong><\/td>\n<td><strong>ENERGY STAR\u00ae<\/strong><\/td>\n<\/tr>\n<tr>\n<td><strong>PERFORMANCE &#8211; CONTR\u00d4LE DE DIAGNOSTIC AUTO-ALIMENT\u00c9 &#8211; HAUTE EFFICACIT\u00c9<\/strong><\/td>\n<\/tr>\n<tr>\n<td>\u00a0Gaz naturel<\/td>\n<td>Grand<\/td>\n<td>50<\/td>\n<td>&nbsp;<\/p>\n<p>XG50T06HE40U0<\/td>\n<td>0,62<\/td>\n<td>&#8212;<\/td>\n<\/tr>\n<tr>\n<td>Gaz naturel<\/td>\n<td>Court<\/td>\n<td>40<\/td>\n<td>XG40S06HE38U0<\/td>\n<td>0,62<\/td>\n<td>&#8212;<\/td>\n<\/tr>\n<tr>\n<td>\u00a0Propane liquide<\/td>\n<td>Grand<\/td>\n<td>50<\/td>\n<td>XP50T06HE36U0<\/td>\n<td>0,62<\/td>\n<td>&#8212;<\/td>\n<\/tr>\n<tr>\n<td>\u00a0Propane liquide<\/td>\n<td>Court<\/td>\n<td>40<\/td>\n<td><span class=\"\">XP40S06HE36U0<\/span><\/td>\n<td>0,62<\/td>\n<td>&#8212;<\/td>\n<\/tr>\n<tr>\n<td><strong>PERFORMANCE &#8211; CONTR\u00d4LE DE DIAGNOSTIC AUTO-ALIMENT\u00c9<\/strong><\/td>\n<\/tr>\n<tr>\n<td>Gaz naturel<\/td>\n<td>Grand<\/td>\n<td>50<\/td>\n<td>XG50T06EC38U1<\/td>\n<td>0,60<\/td>\n<td>&#8212;<\/td>\n<\/tr>\n<tr>\n<td>Gaz naturel<\/td>\n<td>Court<\/td>\n<td>50<\/td>\n<td>XG50S06EC40U1<\/td>\n<td>0,61<\/td>\n<td>\u00a0&#8212;<\/td>\n<\/tr>\n<tr>\n<td>Gaz naturel<\/td>\n<td>Grand<\/td>\n<td>40<\/td>\n<td>XG40T06EC36U1<\/td>\n<td>0,62<\/td>\n<td>\u00a0&#8212;<\/td>\n<\/tr>\n<tr>\n<td>Gaz naturel<\/td>\n<td>Court<\/td>\n<td>40<\/td>\n<td>&nbsp;<\/p>\n<p>XG40S06EC34U0<\/td>\n<td>0,62<\/td>\n<td>\u00a0&#8212;<\/td>\n<\/tr>\n<tr>\n<td>Gaz naturel<\/td>\n<td>Court<\/td>\n<td>30<\/td>\n<td>XG230S06EC30U1<\/td>\n<td>0,63<\/td>\n<td>\u00a0&#8212;<\/td>\n<\/tr>\n<tr>\n<td>Gaz naturel<\/td>\n<td>Grand<\/td>\n<td>29<\/td>\n<td>XP29T06EC32U1<\/td>\n<td>0,63<\/td>\n<td>\u00a0&#8212;<\/td>\n<\/tr>\n<tr>\n<td>Propane liquide<\/td>\n<td>Grand<\/td>\n<td>50<\/td>\n<td>XP50T06EC36U1<\/td>\n<td>0,60<\/td>\n<td>\u00a0&#8212;<\/td>\n<\/tr>\n<tr>\n<td>Propane liquide<\/td>\n<td>Grand<\/td>\n<td>40<\/td>\n<td>XP40T06EC32U1<\/td>\n<td>0,62<\/td>\n<td>\u00a0&#8212;<\/td>\n<\/tr>\n<tr>\n<td>Propane liquide<\/td>\n<td>Grand<\/td>\n<td>29<\/td>\n<td>XP29T06EC30U1<\/td>\n<td>0,63<\/td>\n<td>\u00a0&#8212;<\/td>\n<\/tr>\n<tr>\n<td><strong>PERFORMANCE &#8211; CONTR\u00d4LE DE DIAGNOSTIC AUTO-ALIMENT\u00c9 &#8211; HAUTE DEMANDE<\/strong><\/td>\n<\/tr>\n<tr>\n<td>Gaz naturel<\/td>\n<td>Grand<\/td>\n<td>\u00a055<\/td>\n<td>\u00a0XG55T06EC50U0<\/td>\n<td>0,59<\/td>\n<td>\u00a0&#8212;<\/td>\n<\/tr>\n<tr>\n<td>Propane liquide<\/td>\n<td>Grand<\/td>\n<td>\u00a055<\/td>\n<td>XP55T06EC45U0<\/td>\n<td>0,59<\/td>\n<td>\u00a0&#8212;<\/td>\n<\/tr>\n<\/tbody>\n<\/table>\n","protected":false},"excerpt":{"rendered":"<p>Les chauffe-eau atmosph\u00e9riques au gaz PERFORMANCE\u2122 sont dot\u00e9s d&#8217;une vanne de gaz de diagnostic et d&#8217;une garantie de six ans Efficacit\u00e9 .61 &#8211; .62 EF Performance FHR : 52 &#8211; 94 gallons R\u00e9cup\u00e9ration\u00a0: jusqu&#8217;\u00e0 51\u00a0GPH \u00e0 une \u00e9l\u00e9vation de 90\u00a0\u00b0F, selon le mod\u00e8le Vanne diagnostique Vanne de contr\u00f4le de gaz de diagnostic auto-aliment\u00e9e pour une [&hellip;]<\/p>\n","protected":false},"featured_media":14024,"template":"","meta":{"inline_featured_image":false},"product_brand":[325],"product_cat":[104,108,97],"product_tag":[],"class_list":{"0":"post-14023","1":"product","2":"type-product","3":"status-publish","4":"has-post-thumbnail","6":"product_brand-rheem","7":"product_cat-chauffe-eau","8":"product_cat-chauffe-eau-gaz","9":"product_cat-plomberie-gaz","11":"first","12":"instock","13":"taxable","14":"shipping-taxable","15":"product-type-variable"},"yoast_head":"<!-- This site is optimized with the Yoast SEO Premium plugin v24.2 (Yoast SEO v24.2) - https:\/\/yoast.com\/wordpress\/plugins\/seo\/ -->\n<title>S\u00e9rie Performance : Atmosph\u00e9rique - Groupe BelleFlamme<\/title>\n<meta name=\"description\" content=\"S\u00e9rie Performance : Atmosph\u00e9rique vendu et install\u00e9 par le Groupe Belleflamme. Laval, Montr\u00e9al, Gatineau, Drummondville et Saint-Sauveur.\" \/>\n<meta name=\"robots\" content=\"index, follow, max-snippet:-1, max-image-preview:large, max-video-preview:-1\" \/>\n<link rel=\"canonical\" href=\"https:\/\/staging.belleflamme.ca\/fr\/produit\/serie-performance-atmospherique\/\" \/>\n<meta property=\"og:locale\" content=\"fr_FR\" \/>\n<meta property=\"og:type\" content=\"article\" \/>\n<meta property=\"og:title\" content=\"S\u00e9rie Performance : Atmosph\u00e9rique\" \/>\n<meta property=\"og:description\" content=\"S\u00e9rie Performance : Atmosph\u00e9rique vendu et install\u00e9 par le Groupe Belleflamme. Laval, Montr\u00e9al, Gatineau, Drummondville et Saint-Sauveur.\" \/>\n<meta property=\"og:url\" content=\"https:\/\/staging.belleflamme.ca\/fr\/produit\/serie-performance-atmospherique\/\" \/>\n<meta property=\"og:site_name\" content=\"Groupe BelleFlamme\" \/>\n<meta property=\"article:publisher\" content=\"https:\/\/www.facebook.com\/belleflamme.ca\/\" \/>\n<meta property=\"article:modified_time\" content=\"2023-05-08T17:50:01+00:00\" \/>\n<meta property=\"og:image\" content=\"https:\/\/www.belleflamme.ca\/wp-content\/uploads\/2023\/05\/Rheem-Serie-Performance-Atmospherique.webp\" \/>\n\t<meta property=\"og:image:width\" content=\"1000\" \/>\n\t<meta property=\"og:image:height\" content=\"1000\" \/>\n\t<meta property=\"og:image:type\" content=\"image\/webp\" \/>\n<meta name=\"twitter:card\" content=\"summary_large_image\" \/>\n<meta name=\"twitter:label1\" content=\"Disponibilit\u00e9\" \/>\n\t<meta name=\"twitter:data1\" content=\"En stock\" \/>\n<script type=\"application\/ld+json\" class=\"yoast-schema-graph\">{\"@context\":\"https:\/\/schema.org\",\"@graph\":[{\"@type\":[\"WebPage\",\"ItemPage\"],\"@id\":\"https:\/\/staging.belleflamme.ca\/fr\/produit\/serie-performance-atmospherique\/\",\"url\":\"https:\/\/staging.belleflamme.ca\/fr\/produit\/serie-performance-atmospherique\/\",\"name\":\"S\u00e9rie Performance : Atmosph\u00e9rique - Groupe BelleFlamme\",\"isPartOf\":{\"@id\":\"https:\/\/www.belleflamme.ca\/fr\/#website\"},\"primaryImageOfPage\":{\"@id\":\"https:\/\/staging.belleflamme.ca\/fr\/produit\/serie-performance-atmospherique\/#primaryimage\"},\"image\":{\"@id\":\"https:\/\/staging.belleflamme.ca\/fr\/produit\/serie-performance-atmospherique\/#primaryimage\"},\"thumbnailUrl\":\"https:\/\/staging.belleflamme.ca\/wp-content\/uploads\/2023\/05\/Rheem-Serie-Performance-Atmospherique.webp\",\"datePublished\":\"2023-05-08T15:38:07+00:00\",\"dateModified\":\"2023-05-08T17:50:01+00:00\",\"description\":\"S\u00e9rie Performance : Atmosph\u00e9rique [get_meta_en_fr]\",\"breadcrumb\":{\"@id\":\"https:\/\/staging.belleflamme.ca\/fr\/produit\/serie-performance-atmospherique\/#breadcrumb\"},\"inLanguage\":\"fr-FR\",\"potentialAction\":[{\"@type\":\"ReadAction\",\"target\":[\"https:\/\/staging.belleflamme.ca\/fr\/produit\/serie-performance-atmospherique\/\"]}]},{\"@type\":\"ImageObject\",\"inLanguage\":\"fr-FR\",\"@id\":\"https:\/\/staging.belleflamme.ca\/fr\/produit\/serie-performance-atmospherique\/#primaryimage\",\"url\":\"https:\/\/staging.belleflamme.ca\/wp-content\/uploads\/2023\/05\/Rheem-Serie-Performance-Atmospherique.webp\",\"contentUrl\":\"https:\/\/staging.belleflamme.ca\/wp-content\/uploads\/2023\/05\/Rheem-Serie-Performance-Atmospherique.webp\",\"width\":1000,\"height\":1000,\"caption\":\"Rheem S\u00e9rie Performance Atmosph\u00e9rique\"},{\"@type\":\"BreadcrumbList\",\"@id\":\"https:\/\/staging.belleflamme.ca\/fr\/produit\/serie-performance-atmospherique\/#breadcrumb\",\"itemListElement\":[{\"@type\":\"ListItem\",\"position\":1,\"name\":\"Accueil\",\"item\":\"https:\/\/www.belleflamme.ca\/fr\/\"},{\"@type\":\"ListItem\",\"position\":2,\"name\":\"Boutique\",\"item\":\"https:\/\/www.belleflamme.ca\/fr\/boutique\/\"},{\"@type\":\"ListItem\",\"position\":3,\"name\":\"Plomberie &amp; Gaz\",\"item\":\"https:\/\/staging.belleflamme.ca\/fr\/categories\/plomberie-gaz\/\"},{\"@type\":\"ListItem\",\"position\":4,\"name\":\"Chauffe Eau\",\"item\":\"https:\/\/staging.belleflamme.ca\/fr\/categories\/plomberie-gaz\/chauffe-eau\/\"},{\"@type\":\"ListItem\",\"position\":5,\"name\":\"Chauffe eau au Gaz\",\"item\":\"https:\/\/staging.belleflamme.ca\/fr\/categories\/plomberie-gaz\/chauffe-eau\/chauffe-eau-gaz\/\"},{\"@type\":\"ListItem\",\"position\":6,\"name\":\"S\u00e9rie Performance : Atmosph\u00e9rique\"}]},{\"@type\":\"WebSite\",\"@id\":\"https:\/\/www.belleflamme.ca\/fr\/#website\",\"url\":\"https:\/\/www.belleflamme.ca\/fr\/\",\"name\":\"Groupe Belleflamme\",\"description\":\"La m\u00e9canique du b\u00e2timent dans le sang.\",\"publisher\":{\"@id\":\"https:\/\/www.belleflamme.ca\/fr\/#organization\"},\"potentialAction\":[{\"@type\":\"SearchAction\",\"target\":{\"@type\":\"EntryPoint\",\"urlTemplate\":\"https:\/\/www.belleflamme.ca\/fr\/?s={search_term_string}\"},\"query-input\":{\"@type\":\"PropertyValueSpecification\",\"valueRequired\":true,\"valueName\":\"search_term_string\"}}],\"inLanguage\":\"fr-FR\"},{\"@type\":[\"Organization\",\"Place\"],\"@id\":\"https:\/\/www.belleflamme.ca\/fr\/#organization\",\"name\":\"Groupe Belleflamme\",\"alternateName\":\"Belleflamme\",\"url\":\"https:\/\/www.belleflamme.ca\/fr\/\",\"logo\":{\"@type\":\"ImageObject\",\"inLanguage\":\"fr-FR\",\"@id\":\"https:\/\/www.belleflamme.ca\/fr\/#\/schema\/logo\/image\/\",\"url\":\"https:\/\/staging.belleflamme.ca\/wp-content\/uploads\/2023\/01\/og-image.jpg\",\"contentUrl\":\"https:\/\/staging.belleflamme.ca\/wp-content\/uploads\/2023\/01\/og-image.jpg\",\"width\":1200,\"height\":630,\"caption\":\"Groupe Belleflamme\"},\"image\":{\"@id\":\"https:\/\/www.belleflamme.ca\/fr\/#\/schema\/logo\/image\/\"},\"sameAs\":[\"https:\/\/www.facebook.com\/belleflamme.ca\/\",\"https:\/\/www.linkedin.com\/company\/belleflamme\/\",\"https:\/\/www.pinterest.ca\/groupebelleflamme\/\",\"https:\/\/www.instagram.com\/legroupebelleflamme\/\"],\"mainEntityOfPage\":{\"@id\":\"https:\/\/staging.belleflamme.ca\/fr\/produit\/serie-performance-atmospherique\/\"}}]}<\/script>\n<meta property=\"product:brand\" content=\"Rheem\" \/>\n<meta property=\"og:availability\" content=\"instock\" \/>\n<meta property=\"product:availability\" content=\"instock\" \/>\n<meta property=\"product:condition\" content=\"new\" \/>\n<!-- \/ Yoast SEO Premium plugin. -->","yoast_head_json":{"title":"S\u00e9rie Performance : Atmosph\u00e9rique - Groupe BelleFlamme","description":"S\u00e9rie Performance : Atmosph\u00e9rique vendu et install\u00e9 par le Groupe Belleflamme. Laval, Montr\u00e9al, Gatineau, Drummondville et Saint-Sauveur.","robots":{"index":"index","follow":"follow","max-snippet":"max-snippet:-1","max-image-preview":"max-image-preview:large","max-video-preview":"max-video-preview:-1"},"canonical":"https:\/\/staging.belleflamme.ca\/fr\/produit\/serie-performance-atmospherique\/","og_locale":"fr_FR","og_type":"article","og_title":"S\u00e9rie Performance : Atmosph\u00e9rique","og_description":"S\u00e9rie Performance : Atmosph\u00e9rique vendu et install\u00e9 par le Groupe Belleflamme. Laval, Montr\u00e9al, Gatineau, Drummondville et Saint-Sauveur.","og_url":"https:\/\/staging.belleflamme.ca\/fr\/produit\/serie-performance-atmospherique\/","og_site_name":"Groupe BelleFlamme","article_publisher":"https:\/\/www.facebook.com\/belleflamme.ca\/","article_modified_time":"2023-05-08T17:50:01+00:00","og_image":[{"width":1000,"height":1000,"url":"https:\/\/www.belleflamme.ca\/wp-content\/uploads\/2023\/05\/Rheem-Serie-Performance-Atmospherique.webp","type":"image\/webp"}],"twitter_card":"summary_large_image","twitter_misc":{"Disponibilit\u00e9":"En stock"},"schema":{"@context":"https:\/\/schema.org","@graph":[{"@type":["WebPage","ItemPage"],"@id":"https:\/\/staging.belleflamme.ca\/fr\/produit\/serie-performance-atmospherique\/","url":"https:\/\/staging.belleflamme.ca\/fr\/produit\/serie-performance-atmospherique\/","name":"S\u00e9rie Performance : Atmosph\u00e9rique - Groupe BelleFlamme","isPartOf":{"@id":"https:\/\/www.belleflamme.ca\/fr\/#website"},"primaryImageOfPage":{"@id":"https:\/\/staging.belleflamme.ca\/fr\/produit\/serie-performance-atmospherique\/#primaryimage"},"image":{"@id":"https:\/\/staging.belleflamme.ca\/fr\/produit\/serie-performance-atmospherique\/#primaryimage"},"thumbnailUrl":"https:\/\/staging.belleflamme.ca\/wp-content\/uploads\/2023\/05\/Rheem-Serie-Performance-Atmospherique.webp","datePublished":"2023-05-08T15:38:07+00:00","dateModified":"2023-05-08T17:50:01+00:00","description":"S\u00e9rie Performance : Atmosph\u00e9rique [get_meta_en_fr]","breadcrumb":{"@id":"https:\/\/staging.belleflamme.ca\/fr\/produit\/serie-performance-atmospherique\/#breadcrumb"},"inLanguage":"fr-FR","potentialAction":[{"@type":"ReadAction","target":["https:\/\/staging.belleflamme.ca\/fr\/produit\/serie-performance-atmospherique\/"]}]},{"@type":"ImageObject","inLanguage":"fr-FR","@id":"https:\/\/staging.belleflamme.ca\/fr\/produit\/serie-performance-atmospherique\/#primaryimage","url":"https:\/\/staging.belleflamme.ca\/wp-content\/uploads\/2023\/05\/Rheem-Serie-Performance-Atmospherique.webp","contentUrl":"https:\/\/staging.belleflamme.ca\/wp-content\/uploads\/2023\/05\/Rheem-Serie-Performance-Atmospherique.webp","width":1000,"height":1000,"caption":"Rheem S\u00e9rie Performance Atmosph\u00e9rique"},{"@type":"BreadcrumbList","@id":"https:\/\/staging.belleflamme.ca\/fr\/produit\/serie-performance-atmospherique\/#breadcrumb","itemListElement":[{"@type":"ListItem","position":1,"name":"Accueil","item":"https:\/\/www.belleflamme.ca\/fr\/"},{"@type":"ListItem","position":2,"name":"Boutique","item":"https:\/\/www.belleflamme.ca\/fr\/boutique\/"},{"@type":"ListItem","position":3,"name":"Plomberie &amp; Gaz","item":"https:\/\/staging.belleflamme.ca\/fr\/categories\/plomberie-gaz\/"},{"@type":"ListItem","position":4,"name":"Chauffe Eau","item":"https:\/\/staging.belleflamme.ca\/fr\/categories\/plomberie-gaz\/chauffe-eau\/"},{"@type":"ListItem","position":5,"name":"Chauffe eau au Gaz","item":"https:\/\/staging.belleflamme.ca\/fr\/categories\/plomberie-gaz\/chauffe-eau\/chauffe-eau-gaz\/"},{"@type":"ListItem","position":6,"name":"S\u00e9rie Performance : Atmosph\u00e9rique"}]},{"@type":"WebSite","@id":"https:\/\/www.belleflamme.ca\/fr\/#website","url":"https:\/\/www.belleflamme.ca\/fr\/","name":"Groupe Belleflamme","description":"La m\u00e9canique du b\u00e2timent dans le sang.","publisher":{"@id":"https:\/\/www.belleflamme.ca\/fr\/#organization"},"potentialAction":[{"@type":"SearchAction","target":{"@type":"EntryPoint","urlTemplate":"https:\/\/www.belleflamme.ca\/fr\/?s={search_term_string}"},"query-input":{"@type":"PropertyValueSpecification","valueRequired":true,"valueName":"search_term_string"}}],"inLanguage":"fr-FR"},{"@type":["Organization","Place"],"@id":"https:\/\/www.belleflamme.ca\/fr\/#organization","name":"Groupe Belleflamme","alternateName":"Belleflamme","url":"https:\/\/www.belleflamme.ca\/fr\/","logo":{"@type":"ImageObject","inLanguage":"fr-FR","@id":"https:\/\/www.belleflamme.ca\/fr\/#\/schema\/logo\/image\/","url":"https:\/\/staging.belleflamme.ca\/wp-content\/uploads\/2023\/01\/og-image.jpg","contentUrl":"https:\/\/staging.belleflamme.ca\/wp-content\/uploads\/2023\/01\/og-image.jpg","width":1200,"height":630,"caption":"Groupe Belleflamme"},"image":{"@id":"https:\/\/www.belleflamme.ca\/fr\/#\/schema\/logo\/image\/"},"sameAs":["https:\/\/www.facebook.com\/belleflamme.ca\/","https:\/\/www.linkedin.com\/company\/belleflamme\/","https:\/\/www.pinterest.ca\/groupebelleflamme\/","https:\/\/www.instagram.com\/legroupebelleflamme\/"],"mainEntityOfPage":{"@id":"https:\/\/staging.belleflamme.ca\/fr\/produit\/serie-performance-atmospherique\/"}}]},"product_brand":"Rheem","og_availability":"instock","product_availability":"instock","product_condition":"new"},"_links":{"self":[{"href":"https:\/\/staging.belleflamme.ca\/fr\/wp-json\/wp\/v2\/product\/14023","targetHints":{"allow":["GET"]}}],"collection":[{"href":"https:\/\/staging.belleflamme.ca\/fr\/wp-json\/wp\/v2\/product"}],"about":[{"href":"https:\/\/staging.belleflamme.ca\/fr\/wp-json\/wp\/v2\/types\/product"}],"version-history":[{"count":2,"href":"https:\/\/staging.belleflamme.ca\/fr\/wp-json\/wp\/v2\/product\/14023\/revisions"}],"predecessor-version":[{"id":14076,"href":"https:\/\/staging.belleflamme.ca\/fr\/wp-json\/wp\/v2\/product\/14023\/revisions\/14076"}],"wp:featuredmedia":[{"embeddable":true,"href":"https:\/\/staging.belleflamme.ca\/fr\/wp-json\/wp\/v2\/media\/14024"}],"wp:attachment":[{"href":"https:\/\/staging.belleflamme.ca\/fr\/wp-json\/wp\/v2\/media?parent=14023"}],"wp:term":[{"taxonomy":"product_brand","embeddable":true,"href":"https:\/\/staging.belleflamme.ca\/fr\/wp-json\/wp\/v2\/product_brand?post=14023"},{"taxonomy":"product_cat","embeddable":true,"href":"https:\/\/staging.belleflamme.ca\/fr\/wp-json\/wp\/v2\/product_cat?post=14023"},{"taxonomy":"product_tag","embeddable":true,"href":"https:\/\/staging.belleflamme.ca\/fr\/wp-json\/wp\/v2\/product_tag?post=14023"}],"curies":[{"name":"wp","href":"https:\/\/api.w.org\/{rel}","templated":true}]}}