{"id":14017,"date":"2023-05-08T11:35:49","date_gmt":"2023-05-08T15:35:49","guid":{"rendered":"https:\/\/www.belleflamme.ca\/?post_type=product&#038;p=14017"},"modified":"2023-07-01T17:08:44","modified_gmt":"2023-07-01T21:08:44","slug":"serie-performance-plus-atmospherique","status":"publish","type":"product","link":"https:\/\/staging.belleflamme.ca\/fr\/produit\/serie-performance-plus-atmospherique\/","title":{"rendered":"S\u00e9rie Performance Plus : Atmosph\u00e9rique"},"content":{"rendered":"\t\t<div data-elementor-type=\"product-post\" data-elementor-id=\"14017\" class=\"elementor elementor-14017\" data-elementor-post-type=\"product\">\n\t\t\t\t\t\t<section class=\"elementor-section elementor-top-section elementor-element elementor-element-39ec5574 elementor-section-boxed elementor-section-height-default elementor-section-height-default\" data-id=\"39ec5574\" data-element_type=\"section\">\n\t\t\t\t\t\t<div class=\"elementor-container elementor-column-gap-default\">\n\t\t\t\t\t<div class=\"elementor-column elementor-col-100 elementor-top-column elementor-element elementor-element-6254b954\" data-id=\"6254b954\" data-element_type=\"column\">\n\t\t\t<div class=\"elementor-widget-wrap elementor-element-populated\">\n\t\t\t\t\t\t<div class=\"elementor-element elementor-element-116b62cf elementor-widget elementor-widget-text-editor\" data-id=\"116b62cf\" data-element_type=\"widget\" data-widget_type=\"text-editor.default\">\n\t\t\t\t<div class=\"elementor-widget-container\">\n\t\t\t\t\t\t\t\t\tLes\u00a0chauffe-eau atmosph\u00e9riques au gaz\u00a0<em>Performance Plus \u00ae sont con\u00e7us pour produire plus d&#8217;eau chaude \u00e0 un faible co\u00fbt d&#8217;exploitation<\/em>\r\n\r\n<strong>Efficacit\u00e9<\/strong>\r\n<ul>\r\n \t<li>.61 &#8211; 62 EF<\/li>\r\n<\/ul>\r\n<strong>Performance<\/strong>\r\n<ul>\r\n \t<li>R\u00e9cup\u00e9ration de la premi\u00e8re heure (FHR): 70 &#8211; 81 gallons<\/li>\r\n \t<li>Le taux de r\u00e9cup\u00e9ration peut atteindre 40,4 gallons \u00e0 une \u00e9l\u00e9vation de 90 degr\u00e9s, selon le mod\u00e8le<\/li>\r\n<\/ul>\r\n<strong>Vanne diagnostique<\/strong>\r\n<ul>\r\n \t<li>Vanne de contr\u00f4le de gaz de diagnostic auto-aliment\u00e9e pour une surveillance et un service am\u00e9lior\u00e9s<\/li>\r\n<\/ul>\r\n<strong>Faibles \u00e9missions<\/strong>\r\n<ul>\r\n \t<li>Br\u00fbleur \u00e9cologique, conception \u00e0 faible NOx<\/li>\r\n \t<li>R\u00e9pond aux exigences de 40 ng\/J de NOx<\/li>\r\n<\/ul>\r\n<strong>Autonettoyant<\/strong>\r\n<ul>\r\n \t<li>Combat l&#8217;accumulation de s\u00e9diments et de min\u00e9raux<\/li>\r\n \t<li>R\u00e9duit les co\u00fbts de carburant<\/li>\r\n<\/ul>\r\n<strong>Syst\u00e8me de br\u00fbleur\u00a0<\/strong><strong>sans entretien\u00a0<\/strong>\r\n<ul>\r\n \t<li>Dispositif exclusif d&#8217;arr\u00eat air\/carburant<\/li>\r\n \t<li>Sans entretien &#8211; pas de filtre \u00e0 nettoyer<\/li>\r\n<\/ul>\r\n<strong>Faibles \u00e9missions<\/strong>\r\n<ul>\r\n \t<li>Br\u00fbleur \u00e9cologique, conception \u00e0 faible NOx<\/li>\r\n \t<li>R\u00e9pond aux exigences de 40 ng\/J de NOx<\/li>\r\n<\/ul>\r\n<strong>Longue vie<\/strong>\r\n<ul>\r\n \t<li>La tige d&#8217;anode de qualit\u00e9 sup\u00e9rieure offre une protection durable du r\u00e9servoir<\/li>\r\n<\/ul>\r\n<strong>Conforme \u00e0 la haute altitude<\/strong>\r\n<ul>\r\n \t<li>Tous les mod\u00e8les certifi\u00e9s jusqu&#8217;\u00e0 6 000 pieds au-dessus du niveau de la mer<\/li>\r\n \t<li>Certains mod\u00e8les sont certifi\u00e9s jusqu&#8217;\u00e0 10 200 pieds au-dessus du niveau de la mer, v\u00e9rifiez l&#8217;usine pour les listes<\/li>\r\n<\/ul>\r\n<strong>Plus\u2026<\/strong>\r\n<ul>\r\n \t<li>Facile \u00e0 allumer &#8211; aucune allumette requise<\/li>\r\n \t<li>Soupape de d\u00e9charge de temp\u00e9rature et de pression incluse<\/li>\r\n \t<li>Conforme \u00e0 faible teneur en plomb<\/li>\r\n \t<li>Pi\u00e8ces de rechange standards<\/li>\r\n<\/ul>\t\t\t\t\t\t\t\t<\/div>\n\t\t\t\t<\/div>\n\t\t\t\t\t<\/div>\n\t\t<\/div>\n\t\t\t\t\t<\/div>\n\t\t<\/section>\n\t\t\t\t<section class=\"elementor-section elementor-top-section elementor-element elementor-element-b09dca0 elementor-section-boxed elementor-section-height-default elementor-section-height-default\" data-id=\"b09dca0\" data-element_type=\"section\">\n\t\t\t\t\t\t<div class=\"elementor-container elementor-column-gap-default\">\n\t\t\t\t\t<div class=\"elementor-column elementor-col-100 elementor-top-column elementor-element elementor-element-6f22af7\" data-id=\"6f22af7\" data-element_type=\"column\">\n\t\t\t<div class=\"elementor-widget-wrap elementor-element-populated\">\n\t\t\t\t\t\t<div class=\"elementor-element elementor-element-89161c8 elementor-tabs-view-horizontal elementor-widget elementor-widget-tabs\" data-id=\"89161c8\" data-element_type=\"widget\" data-widget_type=\"tabs.default\">\n\t\t\t\t<div class=\"elementor-widget-container\">\n\t\t\t\t\t\t\t<div class=\"elementor-tabs\">\n\t\t\t<div class=\"elementor-tabs-wrapper\" role=\"tablist\" >\n\t\t\t\t\t\t\t\t\t<div id=\"elementor-tab-title-1431\" class=\"elementor-tab-title elementor-tab-desktop-title\" aria-selected=\"true\" data-tab=\"1\" role=\"tab\" tabindex=\"0\" aria-controls=\"elementor-tab-content-1431\" aria-expanded=\"false\">Fichiers<\/div>\n\t\t\t\t\t\t\t<\/div>\n\t\t\t<div class=\"elementor-tabs-content-wrapper\" role=\"tablist\" aria-orientation=\"vertical\">\n\t\t\t\t\t\t\t\t\t<div class=\"elementor-tab-title elementor-tab-mobile-title\" aria-selected=\"true\" data-tab=\"1\" role=\"tab\" tabindex=\"0\" aria-controls=\"elementor-tab-content-1431\" aria-expanded=\"false\">Fichiers<\/div>\n\t\t\t\t\t<div id=\"elementor-tab-content-1431\" class=\"elementor-tab-content elementor-clearfix\" data-tab=\"1\" role=\"tabpanel\" aria-labelledby=\"elementor-tab-title-1431\" tabindex=\"0\" hidden=\"false\"><i class=\"far fa-file-pdf fa-xl\" style=\"font-size:35px\"><\/i><a href=\"https:\/\/www.belleflamme.ca\/wp-content\/uploads\/2023\/07\/AP16801-2_01-15_Manual_Atmos_Gas_HW.pdf\"> Brochure<\/a><\/br><\/div>\n\t\t\t\t\t\t\t<\/div>\n\t\t<\/div>\n\t\t\t\t\t\t<\/div>\n\t\t\t\t<\/div>\n\t\t\t\t\t<\/div>\n\t\t<\/div>\n\t\t\t\t\t<\/div>\n\t\t<\/section>\n\t\t\t\t<\/div>\n\t\t","protected":false},"excerpt":{"rendered":"<p>Les\u00a0chauffe-eau atmosph\u00e9riques au gaz\u00a0Performance Plus \u00ae sont con\u00e7us pour produire plus d&#8217;eau chaude \u00e0 un faible co\u00fbt d&#8217;exploitation Efficacit\u00e9 .61 &#8211; 62 EF Performance R\u00e9cup\u00e9ration de la premi\u00e8re heure (FHR): 70 &#8211; 81 gallons Le taux de r\u00e9cup\u00e9ration peut atteindre 40,4 gallons \u00e0 une \u00e9l\u00e9vation de 90 degr\u00e9s, selon le mod\u00e8le Vanne diagnostique Vanne de [&hellip;]<\/p>\n","protected":false},"featured_media":14018,"template":"","meta":{"inline_featured_image":false},"product_brand":[325],"product_cat":[104,108,97],"product_tag":[],"class_list":{"0":"post-14017","1":"product","2":"type-product","3":"status-publish","4":"has-post-thumbnail","6":"product_brand-rheem","7":"product_cat-chauffe-eau","8":"product_cat-chauffe-eau-gaz","9":"product_cat-plomberie-gaz","11":"first","12":"instock","13":"taxable","14":"shipping-taxable","15":"product-type-variable"},"yoast_head":"<!-- This site is optimized with the Yoast SEO Premium plugin v24.2 (Yoast SEO v24.2) - https:\/\/yoast.com\/wordpress\/plugins\/seo\/ -->\n<title>S\u00e9rie Performance Plus : Atmosph\u00e9rique - Groupe BelleFlamme<\/title>\n<meta name=\"description\" content=\"S\u00e9rie Performance Plus : Atmosph\u00e9rique vendu et install\u00e9 par le Groupe Belleflamme. Laval, Montr\u00e9al, Gatineau, Drummondville et Saint-Sauveur.\" \/>\n<meta name=\"robots\" content=\"index, follow, max-snippet:-1, max-image-preview:large, max-video-preview:-1\" \/>\n<link rel=\"canonical\" href=\"https:\/\/staging.belleflamme.ca\/fr\/produit\/serie-performance-plus-atmospherique\/\" \/>\n<meta property=\"og:locale\" content=\"fr_FR\" \/>\n<meta property=\"og:type\" content=\"article\" \/>\n<meta property=\"og:title\" content=\"S\u00e9rie Performance Plus : Atmosph\u00e9rique\" \/>\n<meta property=\"og:description\" content=\"S\u00e9rie Performance Plus : Atmosph\u00e9rique vendu et install\u00e9 par le Groupe Belleflamme. Laval, Montr\u00e9al, Gatineau, Drummondville et Saint-Sauveur.\" \/>\n<meta property=\"og:url\" content=\"https:\/\/staging.belleflamme.ca\/fr\/produit\/serie-performance-plus-atmospherique\/\" \/>\n<meta property=\"og:site_name\" content=\"Groupe BelleFlamme\" \/>\n<meta property=\"article:publisher\" content=\"https:\/\/www.facebook.com\/belleflamme.ca\/\" \/>\n<meta property=\"article:modified_time\" content=\"2023-07-01T21:08:44+00:00\" \/>\n<meta property=\"og:image\" content=\"https:\/\/www.belleflamme.ca\/wp-content\/uploads\/2023\/05\/Rheem-Serie-Performance-Plus-Atmospherique.webp\" \/>\n\t<meta property=\"og:image:width\" content=\"1000\" \/>\n\t<meta property=\"og:image:height\" content=\"1000\" \/>\n\t<meta property=\"og:image:type\" content=\"image\/webp\" \/>\n<meta name=\"twitter:card\" content=\"summary_large_image\" \/>\n<meta name=\"twitter:label1\" content=\"Disponibilit\u00e9\" \/>\n\t<meta name=\"twitter:data1\" content=\"En stock\" \/>\n<script type=\"application\/ld+json\" class=\"yoast-schema-graph\">{\"@context\":\"https:\/\/schema.org\",\"@graph\":[{\"@type\":[\"WebPage\",\"ItemPage\"],\"@id\":\"https:\/\/staging.belleflamme.ca\/fr\/produit\/serie-performance-plus-atmospherique\/\",\"url\":\"https:\/\/staging.belleflamme.ca\/fr\/produit\/serie-performance-plus-atmospherique\/\",\"name\":\"S\u00e9rie Performance Plus : Atmosph\u00e9rique - Groupe BelleFlamme\",\"isPartOf\":{\"@id\":\"https:\/\/www.belleflamme.ca\/fr\/#website\"},\"primaryImageOfPage\":{\"@id\":\"https:\/\/staging.belleflamme.ca\/fr\/produit\/serie-performance-plus-atmospherique\/#primaryimage\"},\"image\":{\"@id\":\"https:\/\/staging.belleflamme.ca\/fr\/produit\/serie-performance-plus-atmospherique\/#primaryimage\"},\"thumbnailUrl\":\"https:\/\/staging.belleflamme.ca\/wp-content\/uploads\/2023\/05\/Rheem-Serie-Performance-Plus-Atmospherique.webp\",\"datePublished\":\"2023-05-08T15:35:49+00:00\",\"dateModified\":\"2023-07-01T21:08:44+00:00\",\"description\":\"S\u00e9rie Performance Plus : Atmosph\u00e9rique [get_meta_en_fr]\",\"breadcrumb\":{\"@id\":\"https:\/\/staging.belleflamme.ca\/fr\/produit\/serie-performance-plus-atmospherique\/#breadcrumb\"},\"inLanguage\":\"fr-FR\",\"potentialAction\":[{\"@type\":\"ReadAction\",\"target\":[\"https:\/\/staging.belleflamme.ca\/fr\/produit\/serie-performance-plus-atmospherique\/\"]}]},{\"@type\":\"ImageObject\",\"inLanguage\":\"fr-FR\",\"@id\":\"https:\/\/staging.belleflamme.ca\/fr\/produit\/serie-performance-plus-atmospherique\/#primaryimage\",\"url\":\"https:\/\/staging.belleflamme.ca\/wp-content\/uploads\/2023\/05\/Rheem-Serie-Performance-Plus-Atmospherique.webp\",\"contentUrl\":\"https:\/\/staging.belleflamme.ca\/wp-content\/uploads\/2023\/05\/Rheem-Serie-Performance-Plus-Atmospherique.webp\",\"width\":1000,\"height\":1000,\"caption\":\"Rheem S\u00e9rie Performance Plus Atmosph\u00e9rique\"},{\"@type\":\"BreadcrumbList\",\"@id\":\"https:\/\/staging.belleflamme.ca\/fr\/produit\/serie-performance-plus-atmospherique\/#breadcrumb\",\"itemListElement\":[{\"@type\":\"ListItem\",\"position\":1,\"name\":\"Accueil\",\"item\":\"https:\/\/www.belleflamme.ca\/fr\/\"},{\"@type\":\"ListItem\",\"position\":2,\"name\":\"Boutique\",\"item\":\"https:\/\/www.belleflamme.ca\/fr\/boutique\/\"},{\"@type\":\"ListItem\",\"position\":3,\"name\":\"Plomberie &amp; Gaz\",\"item\":\"https:\/\/staging.belleflamme.ca\/fr\/categories\/plomberie-gaz\/\"},{\"@type\":\"ListItem\",\"position\":4,\"name\":\"Chauffe Eau\",\"item\":\"https:\/\/staging.belleflamme.ca\/fr\/categories\/plomberie-gaz\/chauffe-eau\/\"},{\"@type\":\"ListItem\",\"position\":5,\"name\":\"Chauffe eau au Gaz\",\"item\":\"https:\/\/staging.belleflamme.ca\/fr\/categories\/plomberie-gaz\/chauffe-eau\/chauffe-eau-gaz\/\"},{\"@type\":\"ListItem\",\"position\":6,\"name\":\"S\u00e9rie Performance Plus : Atmosph\u00e9rique\"}]},{\"@type\":\"WebSite\",\"@id\":\"https:\/\/www.belleflamme.ca\/fr\/#website\",\"url\":\"https:\/\/www.belleflamme.ca\/fr\/\",\"name\":\"Groupe Belleflamme\",\"description\":\"La m\u00e9canique du b\u00e2timent dans le sang.\",\"publisher\":{\"@id\":\"https:\/\/www.belleflamme.ca\/fr\/#organization\"},\"potentialAction\":[{\"@type\":\"SearchAction\",\"target\":{\"@type\":\"EntryPoint\",\"urlTemplate\":\"https:\/\/www.belleflamme.ca\/fr\/?s={search_term_string}\"},\"query-input\":{\"@type\":\"PropertyValueSpecification\",\"valueRequired\":true,\"valueName\":\"search_term_string\"}}],\"inLanguage\":\"fr-FR\"},{\"@type\":[\"Organization\",\"Place\"],\"@id\":\"https:\/\/www.belleflamme.ca\/fr\/#organization\",\"name\":\"Groupe Belleflamme\",\"alternateName\":\"Belleflamme\",\"url\":\"https:\/\/www.belleflamme.ca\/fr\/\",\"logo\":{\"@type\":\"ImageObject\",\"inLanguage\":\"fr-FR\",\"@id\":\"https:\/\/www.belleflamme.ca\/fr\/#\/schema\/logo\/image\/\",\"url\":\"https:\/\/staging.belleflamme.ca\/wp-content\/uploads\/2023\/01\/og-image.jpg\",\"contentUrl\":\"https:\/\/staging.belleflamme.ca\/wp-content\/uploads\/2023\/01\/og-image.jpg\",\"width\":1200,\"height\":630,\"caption\":\"Groupe Belleflamme\"},\"image\":{\"@id\":\"https:\/\/www.belleflamme.ca\/fr\/#\/schema\/logo\/image\/\"},\"sameAs\":[\"https:\/\/www.facebook.com\/belleflamme.ca\/\",\"https:\/\/www.linkedin.com\/company\/belleflamme\/\",\"https:\/\/www.pinterest.ca\/groupebelleflamme\/\",\"https:\/\/www.instagram.com\/legroupebelleflamme\/\"],\"mainEntityOfPage\":{\"@id\":\"https:\/\/staging.belleflamme.ca\/fr\/produit\/serie-performance-plus-atmospherique\/\"}}]}<\/script>\n<meta property=\"product:brand\" content=\"Rheem\" \/>\n<meta property=\"og:availability\" content=\"instock\" \/>\n<meta property=\"product:availability\" content=\"instock\" \/>\n<meta property=\"product:condition\" content=\"new\" \/>\n<!-- \/ Yoast SEO Premium plugin. -->","yoast_head_json":{"title":"S\u00e9rie Performance Plus : Atmosph\u00e9rique - Groupe BelleFlamme","description":"S\u00e9rie Performance Plus : Atmosph\u00e9rique vendu et install\u00e9 par le Groupe Belleflamme. Laval, Montr\u00e9al, Gatineau, Drummondville et Saint-Sauveur.","robots":{"index":"index","follow":"follow","max-snippet":"max-snippet:-1","max-image-preview":"max-image-preview:large","max-video-preview":"max-video-preview:-1"},"canonical":"https:\/\/staging.belleflamme.ca\/fr\/produit\/serie-performance-plus-atmospherique\/","og_locale":"fr_FR","og_type":"article","og_title":"S\u00e9rie Performance Plus : Atmosph\u00e9rique","og_description":"S\u00e9rie Performance Plus : Atmosph\u00e9rique vendu et install\u00e9 par le Groupe Belleflamme. Laval, Montr\u00e9al, Gatineau, Drummondville et Saint-Sauveur.","og_url":"https:\/\/staging.belleflamme.ca\/fr\/produit\/serie-performance-plus-atmospherique\/","og_site_name":"Groupe BelleFlamme","article_publisher":"https:\/\/www.facebook.com\/belleflamme.ca\/","article_modified_time":"2023-07-01T21:08:44+00:00","og_image":[{"width":1000,"height":1000,"url":"https:\/\/www.belleflamme.ca\/wp-content\/uploads\/2023\/05\/Rheem-Serie-Performance-Plus-Atmospherique.webp","type":"image\/webp"}],"twitter_card":"summary_large_image","twitter_misc":{"Disponibilit\u00e9":"En stock"},"schema":{"@context":"https:\/\/schema.org","@graph":[{"@type":["WebPage","ItemPage"],"@id":"https:\/\/staging.belleflamme.ca\/fr\/produit\/serie-performance-plus-atmospherique\/","url":"https:\/\/staging.belleflamme.ca\/fr\/produit\/serie-performance-plus-atmospherique\/","name":"S\u00e9rie Performance Plus : Atmosph\u00e9rique - Groupe BelleFlamme","isPartOf":{"@id":"https:\/\/www.belleflamme.ca\/fr\/#website"},"primaryImageOfPage":{"@id":"https:\/\/staging.belleflamme.ca\/fr\/produit\/serie-performance-plus-atmospherique\/#primaryimage"},"image":{"@id":"https:\/\/staging.belleflamme.ca\/fr\/produit\/serie-performance-plus-atmospherique\/#primaryimage"},"thumbnailUrl":"https:\/\/staging.belleflamme.ca\/wp-content\/uploads\/2023\/05\/Rheem-Serie-Performance-Plus-Atmospherique.webp","datePublished":"2023-05-08T15:35:49+00:00","dateModified":"2023-07-01T21:08:44+00:00","description":"S\u00e9rie Performance Plus : Atmosph\u00e9rique [get_meta_en_fr]","breadcrumb":{"@id":"https:\/\/staging.belleflamme.ca\/fr\/produit\/serie-performance-plus-atmospherique\/#breadcrumb"},"inLanguage":"fr-FR","potentialAction":[{"@type":"ReadAction","target":["https:\/\/staging.belleflamme.ca\/fr\/produit\/serie-performance-plus-atmospherique\/"]}]},{"@type":"ImageObject","inLanguage":"fr-FR","@id":"https:\/\/staging.belleflamme.ca\/fr\/produit\/serie-performance-plus-atmospherique\/#primaryimage","url":"https:\/\/staging.belleflamme.ca\/wp-content\/uploads\/2023\/05\/Rheem-Serie-Performance-Plus-Atmospherique.webp","contentUrl":"https:\/\/staging.belleflamme.ca\/wp-content\/uploads\/2023\/05\/Rheem-Serie-Performance-Plus-Atmospherique.webp","width":1000,"height":1000,"caption":"Rheem S\u00e9rie Performance Plus Atmosph\u00e9rique"},{"@type":"BreadcrumbList","@id":"https:\/\/staging.belleflamme.ca\/fr\/produit\/serie-performance-plus-atmospherique\/#breadcrumb","itemListElement":[{"@type":"ListItem","position":1,"name":"Accueil","item":"https:\/\/www.belleflamme.ca\/fr\/"},{"@type":"ListItem","position":2,"name":"Boutique","item":"https:\/\/www.belleflamme.ca\/fr\/boutique\/"},{"@type":"ListItem","position":3,"name":"Plomberie &amp; Gaz","item":"https:\/\/staging.belleflamme.ca\/fr\/categories\/plomberie-gaz\/"},{"@type":"ListItem","position":4,"name":"Chauffe Eau","item":"https:\/\/staging.belleflamme.ca\/fr\/categories\/plomberie-gaz\/chauffe-eau\/"},{"@type":"ListItem","position":5,"name":"Chauffe eau au Gaz","item":"https:\/\/staging.belleflamme.ca\/fr\/categories\/plomberie-gaz\/chauffe-eau\/chauffe-eau-gaz\/"},{"@type":"ListItem","position":6,"name":"S\u00e9rie Performance Plus : Atmosph\u00e9rique"}]},{"@type":"WebSite","@id":"https:\/\/www.belleflamme.ca\/fr\/#website","url":"https:\/\/www.belleflamme.ca\/fr\/","name":"Groupe Belleflamme","description":"La m\u00e9canique du b\u00e2timent dans le sang.","publisher":{"@id":"https:\/\/www.belleflamme.ca\/fr\/#organization"},"potentialAction":[{"@type":"SearchAction","target":{"@type":"EntryPoint","urlTemplate":"https:\/\/www.belleflamme.ca\/fr\/?s={search_term_string}"},"query-input":{"@type":"PropertyValueSpecification","valueRequired":true,"valueName":"search_term_string"}}],"inLanguage":"fr-FR"},{"@type":["Organization","Place"],"@id":"https:\/\/www.belleflamme.ca\/fr\/#organization","name":"Groupe Belleflamme","alternateName":"Belleflamme","url":"https:\/\/www.belleflamme.ca\/fr\/","logo":{"@type":"ImageObject","inLanguage":"fr-FR","@id":"https:\/\/www.belleflamme.ca\/fr\/#\/schema\/logo\/image\/","url":"https:\/\/staging.belleflamme.ca\/wp-content\/uploads\/2023\/01\/og-image.jpg","contentUrl":"https:\/\/staging.belleflamme.ca\/wp-content\/uploads\/2023\/01\/og-image.jpg","width":1200,"height":630,"caption":"Groupe Belleflamme"},"image":{"@id":"https:\/\/www.belleflamme.ca\/fr\/#\/schema\/logo\/image\/"},"sameAs":["https:\/\/www.facebook.com\/belleflamme.ca\/","https:\/\/www.linkedin.com\/company\/belleflamme\/","https:\/\/www.pinterest.ca\/groupebelleflamme\/","https:\/\/www.instagram.com\/legroupebelleflamme\/"],"mainEntityOfPage":{"@id":"https:\/\/staging.belleflamme.ca\/fr\/produit\/serie-performance-plus-atmospherique\/"}}]},"product_brand":"Rheem","og_availability":"instock","product_availability":"instock","product_condition":"new"},"_links":{"self":[{"href":"https:\/\/staging.belleflamme.ca\/fr\/wp-json\/wp\/v2\/product\/14017","targetHints":{"allow":["GET"]}}],"collection":[{"href":"https:\/\/staging.belleflamme.ca\/fr\/wp-json\/wp\/v2\/product"}],"about":[{"href":"https:\/\/staging.belleflamme.ca\/fr\/wp-json\/wp\/v2\/types\/product"}],"version-history":[{"count":5,"href":"https:\/\/staging.belleflamme.ca\/fr\/wp-json\/wp\/v2\/product\/14017\/revisions"}],"predecessor-version":[{"id":16049,"href":"https:\/\/staging.belleflamme.ca\/fr\/wp-json\/wp\/v2\/product\/14017\/revisions\/16049"}],"wp:featuredmedia":[{"embeddable":true,"href":"https:\/\/staging.belleflamme.ca\/fr\/wp-json\/wp\/v2\/media\/14018"}],"wp:attachment":[{"href":"https:\/\/staging.belleflamme.ca\/fr\/wp-json\/wp\/v2\/media?parent=14017"}],"wp:term":[{"taxonomy":"product_brand","embeddable":true,"href":"https:\/\/staging.belleflamme.ca\/fr\/wp-json\/wp\/v2\/product_brand?post=14017"},{"taxonomy":"product_cat","embeddable":true,"href":"https:\/\/staging.belleflamme.ca\/fr\/wp-json\/wp\/v2\/product_cat?post=14017"},{"taxonomy":"product_tag","embeddable":true,"href":"https:\/\/staging.belleflamme.ca\/fr\/wp-json\/wp\/v2\/product_tag?post=14017"}],"curies":[{"name":"wp","href":"https:\/\/api.w.org\/{rel}","templated":true}]}}