{"id":13992,"date":"2023-05-08T11:21:34","date_gmt":"2023-05-08T15:21:34","guid":{"rendered":"https:\/\/www.belleflamme.ca\/?post_type=product&#038;p=13992"},"modified":"2023-07-01T17:31:58","modified_gmt":"2023-07-01T21:31:58","slug":"serie-professionnelle-classique-evacuation-directe","status":"publish","type":"product","link":"https:\/\/staging.belleflamme.ca\/fr\/produit\/serie-professionnelle-classique-evacuation-directe\/","title":{"rendered":"S\u00e9rie professionnelle classique : \u00e9vacuation directe"},"content":{"rendered":"\t\t<div data-elementor-type=\"product-post\" data-elementor-id=\"13992\" class=\"elementor elementor-13992\" data-elementor-post-type=\"product\">\n\t\t\t\t\t\t<section class=\"elementor-section elementor-top-section elementor-element elementor-element-7afb4fd4 elementor-section-boxed elementor-section-height-default elementor-section-height-default\" data-id=\"7afb4fd4\" data-element_type=\"section\">\n\t\t\t\t\t\t<div class=\"elementor-container elementor-column-gap-default\">\n\t\t\t\t\t<div class=\"elementor-column elementor-col-100 elementor-top-column elementor-element elementor-element-701b7342\" data-id=\"701b7342\" data-element_type=\"column\">\n\t\t\t<div class=\"elementor-widget-wrap elementor-element-populated\">\n\t\t\t\t\t\t<div class=\"elementor-element elementor-element-7d5d0e2f elementor-widget elementor-widget-text-editor\" data-id=\"7d5d0e2f\" data-element_type=\"widget\" data-widget_type=\"text-editor.default\">\n\t\t\t\t<div class=\"elementor-widget-container\">\n\t\t\t\t\t\t\t\t\tLes chauffe-eau au gaz Professional Classic\u2122 \u00e0 \u00e9vacuation directe utilisent l&#8217;air ext\u00e9rieur pour la combustion, offrent des options de ventilation plus longues et un \u00e9vent coaxial pour une installation facile\r\n\r\n<strong>Efficacit\u00e9<\/strong>\r\n<ul>\r\n \t<li>.61 EF<\/li>\r\n \t<li>\u00a0Bien isol\u00e9 pour r\u00e9duire les pertes de chaleur en veille<\/li>\r\n<\/ul>\r\n<strong>Performance<\/strong>\r\n<ul>\r\n \t<li>FHR\u00a0: 78 gallons pour le mod\u00e8le de 50 gallons et 66 gallons pour le mod\u00e8le de 40 gallons<\/li>\r\n \t<li>R\u00e9cup\u00e9ration : 30,3 \u00e0 36,4 GPH \u00e0 une \u00e9l\u00e9vation de 90 \u00b0F, selon le mod\u00e8le<\/li>\r\n<\/ul>\r\n<strong>Technologie<\/strong>\r\n<ul>\r\n \t<li>L&#8217;\u00e9vent coaxial r\u00e9glable permet une flexibilit\u00e9 d&#8217;installation, peut pivoter \u00e0 360 degr\u00e9s et utilise l&#8217;air ext\u00e9rieur pour la combustion et ne n\u00e9cessite aucune alimentation \u00e9lectrique.<\/li>\r\n \t<li>Ventilation en aluminium et base du capuchon pour \u00e9viter de tacher l&#8217;ext\u00e9rieur du b\u00e2timent<\/li>\r\n<\/ul>\r\n<strong>Ventilation plus longue<\/strong>\r\n<ul>\r\n \t<li>Options de ventilation plus longues disponibles, voir le tableau au verso<\/li>\r\n \t<li>Commandez le kit d&#8217;\u00e9vent horizontal : #SP20131<\/li>\r\n \t<li>Commandez le kit de ventilation verticale\u00a0: #SP20132<\/li>\r\n<\/ul>\r\n<strong>Guardian System\u2122 et capteur<\/strong>\r\n<ul>\r\n \t<li>Dispositif exclusif d&#8217;arr\u00eat air\/carburant<\/li>\r\n \t<li>Sans entretien &#8211; pas de filtre \u00e0 nettoyer<\/li>\r\n \t<li>D\u00e9sactive le chauffage en pr\u00e9sence d&#8217;accumulation de vapeurs inflammables<\/li>\r\n<\/ul>\r\n<strong>Faibles \u00e9missions<\/strong>\r\n<ul>\r\n \t<li>R\u00e9pond aux exigences de 40 ng\/J de NOx<\/li>\r\n<\/ul>\r\n<strong>Longue vie<\/strong>\r\n<ul>\r\n \t<li>La tige d&#8217;anode de qualit\u00e9 sup\u00e9rieure offre une protection durable du r\u00e9servoir<\/li>\r\n<\/ul>\r\n<strong>Plus\u2026<\/strong>\r\n<ul>\r\n \t<li>Vanne de vidange en laiton \u00e0 d\u00e9bit am\u00e9lior\u00e9<\/li>\r\n \t<li>Soupape de d\u00e9charge de temp\u00e9rature et de pression incluse<\/li>\r\n \t<li>Conforme \u00e0 faible teneur en plomb<\/li>\r\n \t<li>Le rev\u00eatement exclusif du r\u00e9servoir Rheemglas\u00ae r\u00e9siste \u00e0 la corrosion et prolonge la dur\u00e9e de vie du r\u00e9servoir<\/li>\r\n \t<li>Conception de d\u00e9flecteur de fum\u00e9e \u00e0 \u00e9conomie de chaleur<\/li>\r\n \t<li>Commande de gaz et thermostat combin\u00e9<\/li>\r\n \t<li>Allumage pi\u00e9zo<\/li>\r\n \t<li>Les bandes de silicone haute temp\u00e9rature r\u00e9duisent le temps d&#8217;installation de la ventilation<\/li>\r\n \t<li>Tube \u00e0 air interne pour un encombrement r\u00e9duit<\/li>\r\n \t<li>Le syst\u00e8me brevet\u00e9 EverKleen\u2122 combat l&#8217;accumulation de s\u00e9diments<\/li>\r\n<\/ul>\t\t\t\t\t\t\t\t<\/div>\n\t\t\t\t<\/div>\n\t\t\t\t\t<\/div>\n\t\t<\/div>\n\t\t\t\t\t<\/div>\n\t\t<\/section>\n\t\t\t\t<section class=\"elementor-section elementor-top-section elementor-element elementor-element-7de3245 elementor-section-boxed elementor-section-height-default elementor-section-height-default\" data-id=\"7de3245\" data-element_type=\"section\">\n\t\t\t\t\t\t<div class=\"elementor-container elementor-column-gap-default\">\n\t\t\t\t\t<div class=\"elementor-column elementor-col-100 elementor-top-column elementor-element elementor-element-b9da639\" data-id=\"b9da639\" data-element_type=\"column\">\n\t\t\t<div class=\"elementor-widget-wrap elementor-element-populated\">\n\t\t\t\t\t\t<div class=\"elementor-element elementor-element-acd2a79 elementor-tabs-view-horizontal elementor-widget elementor-widget-tabs\" data-id=\"acd2a79\" data-element_type=\"widget\" data-widget_type=\"tabs.default\">\n\t\t\t\t<div class=\"elementor-widget-container\">\n\t\t\t\t\t\t\t<div class=\"elementor-tabs\">\n\t\t\t<div class=\"elementor-tabs-wrapper\" role=\"tablist\" >\n\t\t\t\t\t\t\t\t\t<div id=\"elementor-tab-title-1811\" class=\"elementor-tab-title elementor-tab-desktop-title\" aria-selected=\"true\" data-tab=\"1\" role=\"tab\" tabindex=\"0\" aria-controls=\"elementor-tab-content-1811\" aria-expanded=\"false\">Fichiers<\/div>\n\t\t\t\t\t\t\t<\/div>\n\t\t\t<div class=\"elementor-tabs-content-wrapper\" role=\"tablist\" aria-orientation=\"vertical\">\n\t\t\t\t\t\t\t\t\t<div class=\"elementor-tab-title elementor-tab-mobile-title\" aria-selected=\"true\" data-tab=\"1\" role=\"tab\" tabindex=\"0\" aria-controls=\"elementor-tab-content-1811\" aria-expanded=\"false\">Fichiers<\/div>\n\t\t\t\t\t<div id=\"elementor-tab-content-1811\" class=\"elementor-tab-content elementor-clearfix\" data-tab=\"1\" role=\"tabpanel\" aria-labelledby=\"elementor-tab-title-1811\" tabindex=\"0\" hidden=\"false\"><i class=\"far fa-file-pdf fa-xl\" style=\"font-size:35px\"><\/i><a href=\"https:\/\/www.belleflamme.ca\/wp-content\/uploads\/2023\/07\/7B6FBF57-514F-4540-A00F-4338B8F70161.pdf\"> Brochure<\/a><\/br>\n\n<i class=\"far fa-file-pdf fa-xl\" style=\"font-size:35px\"><\/i><a href=\"https:\/\/www.belleflamme.ca\/wp-content\/uploads\/2023\/07\/AP15744-1_Canadian_Warranty_ResGasElec_6yrTank_6yrParts_Eng.pdf\"> Garantie<\/a><\/br><\/div>\n\t\t\t\t\t\t\t<\/div>\n\t\t<\/div>\n\t\t\t\t\t\t<\/div>\n\t\t\t\t<\/div>\n\t\t\t\t\t<\/div>\n\t\t<\/div>\n\t\t\t\t\t<\/div>\n\t\t<\/section>\n\t\t\t\t<\/div>\n\t\t","protected":false},"excerpt":{"rendered":"<p>Les chauffe-eau au gaz Professional Classic\u2122 \u00e0 \u00e9vacuation directe utilisent l&#8217;air ext\u00e9rieur pour la combustion, offrent des options de ventilation plus longues et un \u00e9vent coaxial pour une installation facile Efficacit\u00e9 .61 EF \u00a0Bien isol\u00e9 pour r\u00e9duire les pertes de chaleur en veille Performance FHR\u00a0: 78 gallons pour le mod\u00e8le de 50 gallons et 66 [&hellip;]<\/p>\n","protected":false},"featured_media":13993,"template":"","meta":{"inline_featured_image":false},"product_brand":[325],"product_cat":[104,108,97],"product_tag":[],"class_list":{"0":"post-13992","1":"product","2":"type-product","3":"status-publish","4":"has-post-thumbnail","6":"product_brand-rheem","7":"product_cat-chauffe-eau","8":"product_cat-chauffe-eau-gaz","9":"product_cat-plomberie-gaz","11":"first","12":"instock","13":"taxable","14":"shipping-taxable","15":"product-type-simple"},"yoast_head":"<!-- This site is optimized with the Yoast SEO Premium plugin v24.2 (Yoast SEO v24.2) - https:\/\/yoast.com\/wordpress\/plugins\/seo\/ -->\n<title>S\u00e9rie professionnelle classique : \u00e9vacuation directe - Groupe BelleFlamme<\/title>\n<meta name=\"description\" content=\"S\u00e9rie professionnelle classique : \u00e9vacuation directe vendu et install\u00e9 par le Groupe Belleflamme. Laval, Montr\u00e9al, Gatineau, Drummondville et Saint-Sauveur.\" \/>\n<meta name=\"robots\" content=\"index, follow, max-snippet:-1, max-image-preview:large, max-video-preview:-1\" \/>\n<link rel=\"canonical\" href=\"https:\/\/staging.belleflamme.ca\/fr\/produit\/serie-professionnelle-classique-evacuation-directe\/\" \/>\n<meta property=\"og:locale\" content=\"fr_FR\" \/>\n<meta property=\"og:type\" content=\"article\" \/>\n<meta property=\"og:title\" content=\"S\u00e9rie professionnelle classique : \u00e9vacuation directe\" \/>\n<meta property=\"og:description\" content=\"S\u00e9rie professionnelle classique : \u00e9vacuation directe vendu et install\u00e9 par le Groupe Belleflamme. Laval, Montr\u00e9al, Gatineau, Drummondville et Saint-Sauveur.\" \/>\n<meta property=\"og:url\" content=\"https:\/\/staging.belleflamme.ca\/fr\/produit\/serie-professionnelle-classique-evacuation-directe\/\" \/>\n<meta property=\"og:site_name\" content=\"Groupe BelleFlamme\" \/>\n<meta property=\"article:publisher\" content=\"https:\/\/www.facebook.com\/belleflamme.ca\/\" \/>\n<meta property=\"article:modified_time\" content=\"2023-07-01T21:31:58+00:00\" \/>\n<meta property=\"og:image\" content=\"https:\/\/www.belleflamme.ca\/wp-content\/uploads\/2023\/05\/rheem-Serie-professionnelle-classique-evacuation-directe.webp\" \/>\n\t<meta property=\"og:image:width\" content=\"1000\" \/>\n\t<meta property=\"og:image:height\" content=\"1000\" \/>\n\t<meta property=\"og:image:type\" content=\"image\/webp\" \/>\n<meta name=\"twitter:card\" content=\"summary_large_image\" \/>\n<meta name=\"twitter:label1\" content=\"Prix\" \/>\n\t<meta name=\"twitter:data1\" content=\"\" \/>\n\t<meta name=\"twitter:label2\" content=\"Disponibilit\u00e9\" \/>\n\t<meta name=\"twitter:data2\" content=\"En stock\" \/>\n<script type=\"application\/ld+json\" class=\"yoast-schema-graph\">{\"@context\":\"https:\/\/schema.org\",\"@graph\":[{\"@type\":[\"WebPage\",\"ItemPage\"],\"@id\":\"https:\/\/staging.belleflamme.ca\/fr\/produit\/serie-professionnelle-classique-evacuation-directe\/\",\"url\":\"https:\/\/staging.belleflamme.ca\/fr\/produit\/serie-professionnelle-classique-evacuation-directe\/\",\"name\":\"S\u00e9rie professionnelle classique : \u00e9vacuation directe - Groupe BelleFlamme\",\"isPartOf\":{\"@id\":\"https:\/\/www.belleflamme.ca\/fr\/#website\"},\"primaryImageOfPage\":{\"@id\":\"https:\/\/staging.belleflamme.ca\/fr\/produit\/serie-professionnelle-classique-evacuation-directe\/#primaryimage\"},\"image\":{\"@id\":\"https:\/\/staging.belleflamme.ca\/fr\/produit\/serie-professionnelle-classique-evacuation-directe\/#primaryimage\"},\"thumbnailUrl\":\"https:\/\/staging.belleflamme.ca\/wp-content\/uploads\/2023\/05\/rheem-Serie-professionnelle-classique-evacuation-directe.webp\",\"datePublished\":\"2023-05-08T15:21:34+00:00\",\"dateModified\":\"2023-07-01T21:31:58+00:00\",\"description\":\"S\u00e9rie professionnelle classique : \u00e9vacuation directe [get_meta_en_fr]\",\"breadcrumb\":{\"@id\":\"https:\/\/staging.belleflamme.ca\/fr\/produit\/serie-professionnelle-classique-evacuation-directe\/#breadcrumb\"},\"inLanguage\":\"fr-FR\",\"potentialAction\":[{\"@type\":\"ReadAction\",\"target\":[\"https:\/\/staging.belleflamme.ca\/fr\/produit\/serie-professionnelle-classique-evacuation-directe\/\"]}]},{\"@type\":\"ImageObject\",\"inLanguage\":\"fr-FR\",\"@id\":\"https:\/\/staging.belleflamme.ca\/fr\/produit\/serie-professionnelle-classique-evacuation-directe\/#primaryimage\",\"url\":\"https:\/\/staging.belleflamme.ca\/wp-content\/uploads\/2023\/05\/rheem-Serie-professionnelle-classique-evacuation-directe.webp\",\"contentUrl\":\"https:\/\/staging.belleflamme.ca\/wp-content\/uploads\/2023\/05\/rheem-Serie-professionnelle-classique-evacuation-directe.webp\",\"width\":1000,\"height\":1000,\"caption\":\"rheem S\u00e9rie professionnelle classique \u00e9vacuation directe\"},{\"@type\":\"BreadcrumbList\",\"@id\":\"https:\/\/staging.belleflamme.ca\/fr\/produit\/serie-professionnelle-classique-evacuation-directe\/#breadcrumb\",\"itemListElement\":[{\"@type\":\"ListItem\",\"position\":1,\"name\":\"Accueil\",\"item\":\"https:\/\/www.belleflamme.ca\/fr\/\"},{\"@type\":\"ListItem\",\"position\":2,\"name\":\"Boutique\",\"item\":\"https:\/\/www.belleflamme.ca\/fr\/boutique\/\"},{\"@type\":\"ListItem\",\"position\":3,\"name\":\"Plomberie &amp; Gaz\",\"item\":\"https:\/\/staging.belleflamme.ca\/fr\/categories\/plomberie-gaz\/\"},{\"@type\":\"ListItem\",\"position\":4,\"name\":\"Chauffe Eau\",\"item\":\"https:\/\/staging.belleflamme.ca\/fr\/categories\/plomberie-gaz\/chauffe-eau\/\"},{\"@type\":\"ListItem\",\"position\":5,\"name\":\"Chauffe eau au Gaz\",\"item\":\"https:\/\/staging.belleflamme.ca\/fr\/categories\/plomberie-gaz\/chauffe-eau\/chauffe-eau-gaz\/\"},{\"@type\":\"ListItem\",\"position\":6,\"name\":\"S\u00e9rie professionnelle classique : \u00e9vacuation directe\"}]},{\"@type\":\"WebSite\",\"@id\":\"https:\/\/www.belleflamme.ca\/fr\/#website\",\"url\":\"https:\/\/www.belleflamme.ca\/fr\/\",\"name\":\"Groupe Belleflamme\",\"description\":\"La m\u00e9canique du b\u00e2timent dans le sang.\",\"publisher\":{\"@id\":\"https:\/\/www.belleflamme.ca\/fr\/#organization\"},\"potentialAction\":[{\"@type\":\"SearchAction\",\"target\":{\"@type\":\"EntryPoint\",\"urlTemplate\":\"https:\/\/www.belleflamme.ca\/fr\/?s={search_term_string}\"},\"query-input\":{\"@type\":\"PropertyValueSpecification\",\"valueRequired\":true,\"valueName\":\"search_term_string\"}}],\"inLanguage\":\"fr-FR\"},{\"@type\":[\"Organization\",\"Place\"],\"@id\":\"https:\/\/www.belleflamme.ca\/fr\/#organization\",\"name\":\"Groupe Belleflamme\",\"alternateName\":\"Belleflamme\",\"url\":\"https:\/\/www.belleflamme.ca\/fr\/\",\"logo\":{\"@type\":\"ImageObject\",\"inLanguage\":\"fr-FR\",\"@id\":\"https:\/\/www.belleflamme.ca\/fr\/#\/schema\/logo\/image\/\",\"url\":\"https:\/\/staging.belleflamme.ca\/wp-content\/uploads\/2023\/01\/og-image.jpg\",\"contentUrl\":\"https:\/\/staging.belleflamme.ca\/wp-content\/uploads\/2023\/01\/og-image.jpg\",\"width\":1200,\"height\":630,\"caption\":\"Groupe Belleflamme\"},\"image\":{\"@id\":\"https:\/\/www.belleflamme.ca\/fr\/#\/schema\/logo\/image\/\"},\"sameAs\":[\"https:\/\/www.facebook.com\/belleflamme.ca\/\",\"https:\/\/www.linkedin.com\/company\/belleflamme\/\",\"https:\/\/www.pinterest.ca\/groupebelleflamme\/\",\"https:\/\/www.instagram.com\/legroupebelleflamme\/\"],\"mainEntityOfPage\":{\"@id\":\"https:\/\/staging.belleflamme.ca\/fr\/produit\/serie-professionnelle-classique-evacuation-directe\/\"}}]}<\/script>\n<meta property=\"product:brand\" content=\"Rheem\" \/>\n<meta property=\"product:price:amount\" content=\"0.00\" \/>\n<meta property=\"product:price:currency\" content=\"CAD\" \/>\n<meta property=\"og:availability\" content=\"instock\" \/>\n<meta property=\"product:availability\" content=\"instock\" \/>\n<meta property=\"product:condition\" content=\"new\" \/>\n<!-- \/ Yoast SEO Premium plugin. -->","yoast_head_json":{"title":"S\u00e9rie professionnelle classique : \u00e9vacuation directe - Groupe BelleFlamme","description":"S\u00e9rie professionnelle classique : \u00e9vacuation directe vendu et install\u00e9 par le Groupe Belleflamme. Laval, Montr\u00e9al, Gatineau, Drummondville et Saint-Sauveur.","robots":{"index":"index","follow":"follow","max-snippet":"max-snippet:-1","max-image-preview":"max-image-preview:large","max-video-preview":"max-video-preview:-1"},"canonical":"https:\/\/staging.belleflamme.ca\/fr\/produit\/serie-professionnelle-classique-evacuation-directe\/","og_locale":"fr_FR","og_type":"article","og_title":"S\u00e9rie professionnelle classique : \u00e9vacuation directe","og_description":"S\u00e9rie professionnelle classique : \u00e9vacuation directe vendu et install\u00e9 par le Groupe Belleflamme. Laval, Montr\u00e9al, Gatineau, Drummondville et Saint-Sauveur.","og_url":"https:\/\/staging.belleflamme.ca\/fr\/produit\/serie-professionnelle-classique-evacuation-directe\/","og_site_name":"Groupe BelleFlamme","article_publisher":"https:\/\/www.facebook.com\/belleflamme.ca\/","article_modified_time":"2023-07-01T21:31:58+00:00","og_image":[{"width":1000,"height":1000,"url":"https:\/\/www.belleflamme.ca\/wp-content\/uploads\/2023\/05\/rheem-Serie-professionnelle-classique-evacuation-directe.webp","type":"image\/webp"}],"twitter_card":"summary_large_image","twitter_misc":{"Prix":"","Disponibilit\u00e9":"En stock"},"schema":{"@context":"https:\/\/schema.org","@graph":[{"@type":["WebPage","ItemPage"],"@id":"https:\/\/staging.belleflamme.ca\/fr\/produit\/serie-professionnelle-classique-evacuation-directe\/","url":"https:\/\/staging.belleflamme.ca\/fr\/produit\/serie-professionnelle-classique-evacuation-directe\/","name":"S\u00e9rie professionnelle classique : \u00e9vacuation directe - Groupe BelleFlamme","isPartOf":{"@id":"https:\/\/www.belleflamme.ca\/fr\/#website"},"primaryImageOfPage":{"@id":"https:\/\/staging.belleflamme.ca\/fr\/produit\/serie-professionnelle-classique-evacuation-directe\/#primaryimage"},"image":{"@id":"https:\/\/staging.belleflamme.ca\/fr\/produit\/serie-professionnelle-classique-evacuation-directe\/#primaryimage"},"thumbnailUrl":"https:\/\/staging.belleflamme.ca\/wp-content\/uploads\/2023\/05\/rheem-Serie-professionnelle-classique-evacuation-directe.webp","datePublished":"2023-05-08T15:21:34+00:00","dateModified":"2023-07-01T21:31:58+00:00","description":"S\u00e9rie professionnelle classique : \u00e9vacuation directe [get_meta_en_fr]","breadcrumb":{"@id":"https:\/\/staging.belleflamme.ca\/fr\/produit\/serie-professionnelle-classique-evacuation-directe\/#breadcrumb"},"inLanguage":"fr-FR","potentialAction":[{"@type":"ReadAction","target":["https:\/\/staging.belleflamme.ca\/fr\/produit\/serie-professionnelle-classique-evacuation-directe\/"]}]},{"@type":"ImageObject","inLanguage":"fr-FR","@id":"https:\/\/staging.belleflamme.ca\/fr\/produit\/serie-professionnelle-classique-evacuation-directe\/#primaryimage","url":"https:\/\/staging.belleflamme.ca\/wp-content\/uploads\/2023\/05\/rheem-Serie-professionnelle-classique-evacuation-directe.webp","contentUrl":"https:\/\/staging.belleflamme.ca\/wp-content\/uploads\/2023\/05\/rheem-Serie-professionnelle-classique-evacuation-directe.webp","width":1000,"height":1000,"caption":"rheem S\u00e9rie professionnelle classique \u00e9vacuation directe"},{"@type":"BreadcrumbList","@id":"https:\/\/staging.belleflamme.ca\/fr\/produit\/serie-professionnelle-classique-evacuation-directe\/#breadcrumb","itemListElement":[{"@type":"ListItem","position":1,"name":"Accueil","item":"https:\/\/www.belleflamme.ca\/fr\/"},{"@type":"ListItem","position":2,"name":"Boutique","item":"https:\/\/www.belleflamme.ca\/fr\/boutique\/"},{"@type":"ListItem","position":3,"name":"Plomberie &amp; Gaz","item":"https:\/\/staging.belleflamme.ca\/fr\/categories\/plomberie-gaz\/"},{"@type":"ListItem","position":4,"name":"Chauffe Eau","item":"https:\/\/staging.belleflamme.ca\/fr\/categories\/plomberie-gaz\/chauffe-eau\/"},{"@type":"ListItem","position":5,"name":"Chauffe eau au Gaz","item":"https:\/\/staging.belleflamme.ca\/fr\/categories\/plomberie-gaz\/chauffe-eau\/chauffe-eau-gaz\/"},{"@type":"ListItem","position":6,"name":"S\u00e9rie professionnelle classique : \u00e9vacuation directe"}]},{"@type":"WebSite","@id":"https:\/\/www.belleflamme.ca\/fr\/#website","url":"https:\/\/www.belleflamme.ca\/fr\/","name":"Groupe Belleflamme","description":"La m\u00e9canique du b\u00e2timent dans le sang.","publisher":{"@id":"https:\/\/www.belleflamme.ca\/fr\/#organization"},"potentialAction":[{"@type":"SearchAction","target":{"@type":"EntryPoint","urlTemplate":"https:\/\/www.belleflamme.ca\/fr\/?s={search_term_string}"},"query-input":{"@type":"PropertyValueSpecification","valueRequired":true,"valueName":"search_term_string"}}],"inLanguage":"fr-FR"},{"@type":["Organization","Place"],"@id":"https:\/\/www.belleflamme.ca\/fr\/#organization","name":"Groupe Belleflamme","alternateName":"Belleflamme","url":"https:\/\/www.belleflamme.ca\/fr\/","logo":{"@type":"ImageObject","inLanguage":"fr-FR","@id":"https:\/\/www.belleflamme.ca\/fr\/#\/schema\/logo\/image\/","url":"https:\/\/staging.belleflamme.ca\/wp-content\/uploads\/2023\/01\/og-image.jpg","contentUrl":"https:\/\/staging.belleflamme.ca\/wp-content\/uploads\/2023\/01\/og-image.jpg","width":1200,"height":630,"caption":"Groupe Belleflamme"},"image":{"@id":"https:\/\/www.belleflamme.ca\/fr\/#\/schema\/logo\/image\/"},"sameAs":["https:\/\/www.facebook.com\/belleflamme.ca\/","https:\/\/www.linkedin.com\/company\/belleflamme\/","https:\/\/www.pinterest.ca\/groupebelleflamme\/","https:\/\/www.instagram.com\/legroupebelleflamme\/"],"mainEntityOfPage":{"@id":"https:\/\/staging.belleflamme.ca\/fr\/produit\/serie-professionnelle-classique-evacuation-directe\/"}}]},"product_brand":"Rheem","product_price_amount":"0.00","product_price_currency":"CAD","og_availability":"instock","product_availability":"instock","product_condition":"new"},"_links":{"self":[{"href":"https:\/\/staging.belleflamme.ca\/fr\/wp-json\/wp\/v2\/product\/13992","targetHints":{"allow":["GET"]}}],"collection":[{"href":"https:\/\/staging.belleflamme.ca\/fr\/wp-json\/wp\/v2\/product"}],"about":[{"href":"https:\/\/staging.belleflamme.ca\/fr\/wp-json\/wp\/v2\/types\/product"}],"version-history":[{"count":5,"href":"https:\/\/staging.belleflamme.ca\/fr\/wp-json\/wp\/v2\/product\/13992\/revisions"}],"predecessor-version":[{"id":16078,"href":"https:\/\/staging.belleflamme.ca\/fr\/wp-json\/wp\/v2\/product\/13992\/revisions\/16078"}],"wp:featuredmedia":[{"embeddable":true,"href":"https:\/\/staging.belleflamme.ca\/fr\/wp-json\/wp\/v2\/media\/13993"}],"wp:attachment":[{"href":"https:\/\/staging.belleflamme.ca\/fr\/wp-json\/wp\/v2\/media?parent=13992"}],"wp:term":[{"taxonomy":"product_brand","embeddable":true,"href":"https:\/\/staging.belleflamme.ca\/fr\/wp-json\/wp\/v2\/product_brand?post=13992"},{"taxonomy":"product_cat","embeddable":true,"href":"https:\/\/staging.belleflamme.ca\/fr\/wp-json\/wp\/v2\/product_cat?post=13992"},{"taxonomy":"product_tag","embeddable":true,"href":"https:\/\/staging.belleflamme.ca\/fr\/wp-json\/wp\/v2\/product_tag?post=13992"}],"curies":[{"name":"wp","href":"https:\/\/api.w.org\/{rel}","templated":true}]}}