{"id":13968,"date":"2023-05-08T11:03:41","date_gmt":"2023-05-08T15:03:41","guid":{"rendered":"https:\/\/www.belleflamme.ca\/?post_type=product&#038;p=13968"},"modified":"2023-07-01T19:04:34","modified_gmt":"2023-07-01T23:04:34","slug":"serie-professional-classic-plus-amortisseur-motorise","status":"publish","type":"product","link":"https:\/\/staging.belleflamme.ca\/fr\/produit\/serie-professional-classic-plus-amortisseur-motorise\/","title":{"rendered":"S\u00e9rie Professional Classic Plus : Amortisseur motoris\u00e9"},"content":{"rendered":"\t\t<div data-elementor-type=\"product-post\" data-elementor-id=\"13968\" class=\"elementor elementor-13968\" data-elementor-post-type=\"product\">\n\t\t\t\t\t\t<section class=\"elementor-section elementor-top-section elementor-element elementor-element-2d7f2da2 elementor-section-boxed elementor-section-height-default elementor-section-height-default\" data-id=\"2d7f2da2\" data-element_type=\"section\">\n\t\t\t\t\t\t<div class=\"elementor-container elementor-column-gap-default\">\n\t\t\t\t\t<div class=\"elementor-column elementor-col-100 elementor-top-column elementor-element elementor-element-6d64d4ed\" data-id=\"6d64d4ed\" data-element_type=\"column\">\n\t\t\t<div class=\"elementor-widget-wrap elementor-element-populated\">\n\t\t\t\t\t\t<div class=\"elementor-element elementor-element-6858ff78 elementor-widget elementor-widget-text-editor\" data-id=\"6858ff78\" data-element_type=\"widget\" data-widget_type=\"text-editor.default\">\n\t\t\t\t<div class=\"elementor-widget-container\">\n\t\t\t\t\t\t\t\t\t<strong>Efficacit\u00e9<\/strong>\r\n<ul>\r\n \t<li>.67 -.69 EF<\/li>\r\n<\/ul>\r\n<strong>Performance<\/strong>\r\n<ul>\r\n \t<li>FHR : 69 &#8211; 85 gallons<\/li>\r\n \t<li>R\u00e9cup\u00e9ration\u00a0: jusqu&#8217;\u00e0 50,5\u00a0GPH \u00e0 une \u00e9l\u00e9vation de 90\u00a0\u00b0F, selon le mod\u00e8le<\/li>\r\n<\/ul>\r\n<strong>Syst\u00e8me d&#8217;autodiagnostic<\/strong>\r\n<ul>\r\n \t<li>Contr\u00f4le \u00e9lectronique du gaz pour une surveillance et un service am\u00e9lior\u00e9s<\/li>\r\n<\/ul>\r\n<strong>Faibles \u00e9missions<\/strong>\r\n<ul>\r\n \t<li>Br\u00fbleur \u00e9cologique, conception \u00e0 faible NOx<\/li>\r\n \t<li>R\u00e9pond aux exigences de 40 ng\/J de NOx<\/li>\r\n<\/ul>\r\n<strong>\u00c9coNet<\/strong>\r\n<ul>\r\n \t<li>La technologie EcoNet\u00ae Wi-Fi et l&#8217;application mobile gratuite permettent aux utilisateurs de contr\u00f4ler les syst\u00e8mes d&#8217;eau, permettant de personnaliser la temp\u00e9rature, les param\u00e8tres de vacances, les \u00e9conomies d&#8217;\u00e9nergie et la surveillance du syst\u00e8me \u00e0 la maison ou \u00e0 l&#8217;ext\u00e9rieur.<\/li>\r\n<\/ul>\r\n<ul>\r\n \t<li>Le capteur d&#8217;eau d\u00e9tecte l&#8217;eau \u00e0 l&#8217;ext\u00e9rieur de l&#8217;appareil et envoie une alerte via l&#8217;application mobile gratuite EcoNet\u2122 au propri\u00e9taire<\/li>\r\n \t<li>Kit Wi-Fi EcoNet\u00ae disponible<\/li>\r\n<\/ul>\r\n<strong>Technologie<\/strong>\r\n<ul>\r\n \t<li>Clapet de fum\u00e9e 24 VAC, prise 110 VAC requise<\/li>\r\n \t<li>Comprend un cordon de 19 pieds, une prise \u00e0 3 broches<\/li>\r\n \t<li>Chat standard.\u00a0I, double paroi, \u00e9vent B, 3&#8243; (adaptateur 4&#8243; inclus)<\/li>\r\n<\/ul>\r\n<strong>Guardian System\u2122 et capteur<\/strong>\r\n<ul>\r\n \t<li>Dispositif exclusif d&#8217;arr\u00eat air\/carburant<\/li>\r\n \t<li>Sans entretien &#8211; pas de filtre \u00e0 nettoyer<\/li>\r\n \t<li>D\u00e9sactive le chauffage en pr\u00e9sence d&#8217;accumulation de vapeurs inflammables<\/li>\r\n<\/ul>\r\n<strong>Longue vie<\/strong>\r\n<ul>\r\n \t<li>La tige d&#8217;anode de qualit\u00e9 sup\u00e9rieure offre une protection durable du r\u00e9servoir<\/li>\r\n<\/ul>\r\n<strong>Conforme \u00e0 la haute altitude<\/strong>\r\n<ul>\r\n \t<li>Certifi\u00e9 \u00e0 10 100 pieds au-dessus du niveau de la mer (mod\u00e8le de 50 gallons 50K Btu\/h certifi\u00e9 \u00e0 5 999 pieds au-dessus du niveau de la mer)<\/li>\r\n<\/ul>\r\n<strong>Plus\u2026<\/strong>\r\n<ul>\r\n \t<li>Double certification pour l&#8217;eau potable et le chauffage des locaux<\/li>\r\n \t<li>Vanne de vidange en laiton \u00e0 d\u00e9bit am\u00e9lior\u00e9<\/li>\r\n \t<li>Soupape de d\u00e9charge de temp\u00e9rature et de pression incluse<\/li>\r\n \t<li>Conforme \u00e0 faible teneur en plomb<\/li>\r\n \t<li>Pi\u00e8ces de rechange standards<\/li>\r\n<\/ul>\t\t\t\t\t\t\t\t<\/div>\n\t\t\t\t<\/div>\n\t\t\t\t\t<\/div>\n\t\t<\/div>\n\t\t\t\t\t<\/div>\n\t\t<\/section>\n\t\t\t\t<section class=\"elementor-section elementor-top-section elementor-element elementor-element-af5ffea elementor-section-boxed elementor-section-height-default elementor-section-height-default\" data-id=\"af5ffea\" data-element_type=\"section\">\n\t\t\t\t\t\t<div class=\"elementor-container elementor-column-gap-default\">\n\t\t\t\t\t<div class=\"elementor-column elementor-col-100 elementor-top-column elementor-element elementor-element-603e254\" data-id=\"603e254\" data-element_type=\"column\">\n\t\t\t<div class=\"elementor-widget-wrap elementor-element-populated\">\n\t\t\t\t\t\t<div class=\"elementor-element elementor-element-a331eb8 elementor-tabs-view-horizontal elementor-widget elementor-widget-tabs\" data-id=\"a331eb8\" data-element_type=\"widget\" data-widget_type=\"tabs.default\">\n\t\t\t\t<div class=\"elementor-widget-container\">\n\t\t\t\t\t\t\t<div class=\"elementor-tabs\">\n\t\t\t<div class=\"elementor-tabs-wrapper\" role=\"tablist\" >\n\t\t\t\t\t\t\t\t\t<div id=\"elementor-tab-title-1711\" class=\"elementor-tab-title elementor-tab-desktop-title\" aria-selected=\"true\" data-tab=\"1\" role=\"tab\" tabindex=\"0\" aria-controls=\"elementor-tab-content-1711\" aria-expanded=\"false\">Fichiers<\/div>\n\t\t\t\t\t\t\t<\/div>\n\t\t\t<div class=\"elementor-tabs-content-wrapper\" role=\"tablist\" aria-orientation=\"vertical\">\n\t\t\t\t\t\t\t\t\t<div class=\"elementor-tab-title elementor-tab-mobile-title\" aria-selected=\"true\" data-tab=\"1\" role=\"tab\" tabindex=\"0\" aria-controls=\"elementor-tab-content-1711\" aria-expanded=\"false\">Fichiers<\/div>\n\t\t\t\t\t<div id=\"elementor-tab-content-1711\" class=\"elementor-tab-content elementor-clearfix\" data-tab=\"1\" role=\"tabpanel\" aria-labelledby=\"elementor-tab-title-1711\" tabindex=\"0\" hidden=\"false\"><i class=\"far fa-file-pdf fa-xl\" style=\"font-size:35px\"><\/i><a href=\"https:\/\/www.belleflamme.ca\/wp-content\/uploads\/2023\/07\/02886081-AC37-4077-8ABC-F0394A9DDA98.pdf\"> Brochure<\/a><\/br>\n\n<i class=\"far fa-file-pdf fa-xl\" style=\"font-size:35px\"><\/i><a href=\"https:\/\/www.belleflamme.ca\/wp-content\/uploads\/2023\/07\/CAN_ResGas_Damper_UC_AP15875_05-19-11.pdf\"> Manuel<\/a><\/br><\/div>\n\t\t\t\t\t\t\t<\/div>\n\t\t<\/div>\n\t\t\t\t\t\t<\/div>\n\t\t\t\t<\/div>\n\t\t\t\t\t<\/div>\n\t\t<\/div>\n\t\t\t\t\t<\/div>\n\t\t<\/section>\n\t\t\t\t<\/div>\n\t\t","protected":false},"excerpt":{"rendered":"<p>Efficacit\u00e9 .67 -.69 EF Performance FHR : 69 &#8211; 85 gallons R\u00e9cup\u00e9ration\u00a0: jusqu&#8217;\u00e0 50,5\u00a0GPH \u00e0 une \u00e9l\u00e9vation de 90\u00a0\u00b0F, selon le mod\u00e8le Syst\u00e8me d&#8217;autodiagnostic Contr\u00f4le \u00e9lectronique du gaz pour une surveillance et un service am\u00e9lior\u00e9s Faibles \u00e9missions Br\u00fbleur \u00e9cologique, conception \u00e0 faible NOx R\u00e9pond aux exigences de 40 ng\/J de NOx \u00c9coNet La technologie EcoNet\u00ae [&hellip;]<\/p>\n","protected":false},"featured_media":13969,"template":"","meta":{"inline_featured_image":false},"product_brand":[325],"product_cat":[104,108,97],"product_tag":[],"class_list":{"0":"post-13968","1":"product","2":"type-product","3":"status-publish","4":"has-post-thumbnail","6":"product_brand-rheem","7":"product_cat-chauffe-eau","8":"product_cat-chauffe-eau-gaz","9":"product_cat-plomberie-gaz","11":"first","12":"instock","13":"taxable","14":"shipping-taxable","15":"product-type-variable"},"yoast_head":"<!-- This site is optimized with the Yoast SEO Premium plugin v24.2 (Yoast SEO v24.2) - https:\/\/yoast.com\/wordpress\/plugins\/seo\/ -->\n<title>S\u00e9rie Professional Classic Plus : Amortisseur motoris\u00e9 - Groupe BelleFlamme<\/title>\n<meta name=\"description\" content=\"S\u00e9rie Professional Classic Plus : Amortisseur motoris\u00e9 vendu et install\u00e9 par le Groupe Belleflamme. Laval, Montr\u00e9al, Gatineau, Drummondville et Saint-Sauveur.\" \/>\n<meta name=\"robots\" content=\"index, follow, max-snippet:-1, max-image-preview:large, max-video-preview:-1\" \/>\n<link rel=\"canonical\" href=\"https:\/\/staging.belleflamme.ca\/fr\/produit\/serie-professional-classic-plus-amortisseur-motorise\/\" \/>\n<meta property=\"og:locale\" content=\"fr_FR\" \/>\n<meta property=\"og:type\" content=\"article\" \/>\n<meta property=\"og:title\" content=\"S\u00e9rie Professional Classic Plus : Amortisseur motoris\u00e9\" \/>\n<meta property=\"og:description\" content=\"S\u00e9rie Professional Classic Plus : Amortisseur motoris\u00e9 vendu et install\u00e9 par le Groupe Belleflamme. Laval, Montr\u00e9al, Gatineau, Drummondville et Saint-Sauveur.\" \/>\n<meta property=\"og:url\" content=\"https:\/\/staging.belleflamme.ca\/fr\/produit\/serie-professional-classic-plus-amortisseur-motorise\/\" \/>\n<meta property=\"og:site_name\" content=\"Groupe BelleFlamme\" \/>\n<meta property=\"article:publisher\" content=\"https:\/\/www.facebook.com\/belleflamme.ca\/\" \/>\n<meta property=\"article:modified_time\" content=\"2023-07-01T23:04:34+00:00\" \/>\n<meta property=\"og:image\" content=\"https:\/\/www.belleflamme.ca\/wp-content\/uploads\/2023\/05\/rheem-Serie-Professional-Classic-Plus-Amortisseur-motorise.webp\" \/>\n\t<meta property=\"og:image:width\" content=\"1000\" \/>\n\t<meta property=\"og:image:height\" content=\"1000\" \/>\n\t<meta property=\"og:image:type\" content=\"image\/webp\" \/>\n<meta name=\"twitter:card\" content=\"summary_large_image\" \/>\n<meta name=\"twitter:label1\" content=\"Disponibilit\u00e9\" \/>\n\t<meta name=\"twitter:data1\" content=\"En stock\" \/>\n<script type=\"application\/ld+json\" class=\"yoast-schema-graph\">{\"@context\":\"https:\/\/schema.org\",\"@graph\":[{\"@type\":[\"WebPage\",\"ItemPage\"],\"@id\":\"https:\/\/staging.belleflamme.ca\/fr\/produit\/serie-professional-classic-plus-amortisseur-motorise\/\",\"url\":\"https:\/\/staging.belleflamme.ca\/fr\/produit\/serie-professional-classic-plus-amortisseur-motorise\/\",\"name\":\"S\u00e9rie Professional Classic Plus : Amortisseur motoris\u00e9 - Groupe BelleFlamme\",\"isPartOf\":{\"@id\":\"https:\/\/www.belleflamme.ca\/fr\/#website\"},\"primaryImageOfPage\":{\"@id\":\"https:\/\/staging.belleflamme.ca\/fr\/produit\/serie-professional-classic-plus-amortisseur-motorise\/#primaryimage\"},\"image\":{\"@id\":\"https:\/\/staging.belleflamme.ca\/fr\/produit\/serie-professional-classic-plus-amortisseur-motorise\/#primaryimage\"},\"thumbnailUrl\":\"https:\/\/staging.belleflamme.ca\/wp-content\/uploads\/2023\/05\/rheem-Serie-Professional-Classic-Plus-Amortisseur-motorise.webp\",\"datePublished\":\"2023-05-08T15:03:41+00:00\",\"dateModified\":\"2023-07-01T23:04:34+00:00\",\"description\":\"S\u00e9rie Professional Classic Plus : Amortisseur motoris\u00e9 [get_meta_en_fr]\",\"breadcrumb\":{\"@id\":\"https:\/\/staging.belleflamme.ca\/fr\/produit\/serie-professional-classic-plus-amortisseur-motorise\/#breadcrumb\"},\"inLanguage\":\"fr-FR\",\"potentialAction\":[{\"@type\":\"ReadAction\",\"target\":[\"https:\/\/staging.belleflamme.ca\/fr\/produit\/serie-professional-classic-plus-amortisseur-motorise\/\"]}]},{\"@type\":\"ImageObject\",\"inLanguage\":\"fr-FR\",\"@id\":\"https:\/\/staging.belleflamme.ca\/fr\/produit\/serie-professional-classic-plus-amortisseur-motorise\/#primaryimage\",\"url\":\"https:\/\/staging.belleflamme.ca\/wp-content\/uploads\/2023\/05\/rheem-Serie-Professional-Classic-Plus-Amortisseur-motorise.webp\",\"contentUrl\":\"https:\/\/staging.belleflamme.ca\/wp-content\/uploads\/2023\/05\/rheem-Serie-Professional-Classic-Plus-Amortisseur-motorise.webp\",\"width\":1000,\"height\":1000,\"caption\":\"rheem S\u00e9rie Professional Classic Plus Amortisseur motoris\u00e9\"},{\"@type\":\"BreadcrumbList\",\"@id\":\"https:\/\/staging.belleflamme.ca\/fr\/produit\/serie-professional-classic-plus-amortisseur-motorise\/#breadcrumb\",\"itemListElement\":[{\"@type\":\"ListItem\",\"position\":1,\"name\":\"Accueil\",\"item\":\"https:\/\/www.belleflamme.ca\/fr\/\"},{\"@type\":\"ListItem\",\"position\":2,\"name\":\"Boutique\",\"item\":\"https:\/\/www.belleflamme.ca\/fr\/boutique\/\"},{\"@type\":\"ListItem\",\"position\":3,\"name\":\"Plomberie &amp; Gaz\",\"item\":\"https:\/\/staging.belleflamme.ca\/fr\/categories\/plomberie-gaz\/\"},{\"@type\":\"ListItem\",\"position\":4,\"name\":\"Chauffe Eau\",\"item\":\"https:\/\/staging.belleflamme.ca\/fr\/categories\/plomberie-gaz\/chauffe-eau\/\"},{\"@type\":\"ListItem\",\"position\":5,\"name\":\"Chauffe eau au Gaz\",\"item\":\"https:\/\/staging.belleflamme.ca\/fr\/categories\/plomberie-gaz\/chauffe-eau\/chauffe-eau-gaz\/\"},{\"@type\":\"ListItem\",\"position\":6,\"name\":\"S\u00e9rie Professional Classic Plus : Amortisseur motoris\u00e9\"}]},{\"@type\":\"WebSite\",\"@id\":\"https:\/\/www.belleflamme.ca\/fr\/#website\",\"url\":\"https:\/\/www.belleflamme.ca\/fr\/\",\"name\":\"Groupe Belleflamme\",\"description\":\"La m\u00e9canique du b\u00e2timent dans le sang.\",\"publisher\":{\"@id\":\"https:\/\/www.belleflamme.ca\/fr\/#organization\"},\"potentialAction\":[{\"@type\":\"SearchAction\",\"target\":{\"@type\":\"EntryPoint\",\"urlTemplate\":\"https:\/\/www.belleflamme.ca\/fr\/?s={search_term_string}\"},\"query-input\":{\"@type\":\"PropertyValueSpecification\",\"valueRequired\":true,\"valueName\":\"search_term_string\"}}],\"inLanguage\":\"fr-FR\"},{\"@type\":[\"Organization\",\"Place\"],\"@id\":\"https:\/\/www.belleflamme.ca\/fr\/#organization\",\"name\":\"Groupe Belleflamme\",\"alternateName\":\"Belleflamme\",\"url\":\"https:\/\/www.belleflamme.ca\/fr\/\",\"logo\":{\"@type\":\"ImageObject\",\"inLanguage\":\"fr-FR\",\"@id\":\"https:\/\/www.belleflamme.ca\/fr\/#\/schema\/logo\/image\/\",\"url\":\"https:\/\/staging.belleflamme.ca\/wp-content\/uploads\/2023\/01\/og-image.jpg\",\"contentUrl\":\"https:\/\/staging.belleflamme.ca\/wp-content\/uploads\/2023\/01\/og-image.jpg\",\"width\":1200,\"height\":630,\"caption\":\"Groupe Belleflamme\"},\"image\":{\"@id\":\"https:\/\/www.belleflamme.ca\/fr\/#\/schema\/logo\/image\/\"},\"sameAs\":[\"https:\/\/www.facebook.com\/belleflamme.ca\/\",\"https:\/\/www.linkedin.com\/company\/belleflamme\/\",\"https:\/\/www.pinterest.ca\/groupebelleflamme\/\",\"https:\/\/www.instagram.com\/legroupebelleflamme\/\"],\"mainEntityOfPage\":{\"@id\":\"https:\/\/staging.belleflamme.ca\/fr\/produit\/serie-professional-classic-plus-amortisseur-motorise\/\"}}]}<\/script>\n<meta property=\"product:brand\" content=\"Rheem\" \/>\n<meta property=\"og:availability\" content=\"instock\" \/>\n<meta property=\"product:availability\" content=\"instock\" \/>\n<meta property=\"product:condition\" content=\"new\" \/>\n<!-- \/ Yoast SEO Premium plugin. -->","yoast_head_json":{"title":"S\u00e9rie Professional Classic Plus : Amortisseur motoris\u00e9 - Groupe BelleFlamme","description":"S\u00e9rie Professional Classic Plus : Amortisseur motoris\u00e9 vendu et install\u00e9 par le Groupe Belleflamme. Laval, Montr\u00e9al, Gatineau, Drummondville et Saint-Sauveur.","robots":{"index":"index","follow":"follow","max-snippet":"max-snippet:-1","max-image-preview":"max-image-preview:large","max-video-preview":"max-video-preview:-1"},"canonical":"https:\/\/staging.belleflamme.ca\/fr\/produit\/serie-professional-classic-plus-amortisseur-motorise\/","og_locale":"fr_FR","og_type":"article","og_title":"S\u00e9rie Professional Classic Plus : Amortisseur motoris\u00e9","og_description":"S\u00e9rie Professional Classic Plus : Amortisseur motoris\u00e9 vendu et install\u00e9 par le Groupe Belleflamme. Laval, Montr\u00e9al, Gatineau, Drummondville et Saint-Sauveur.","og_url":"https:\/\/staging.belleflamme.ca\/fr\/produit\/serie-professional-classic-plus-amortisseur-motorise\/","og_site_name":"Groupe BelleFlamme","article_publisher":"https:\/\/www.facebook.com\/belleflamme.ca\/","article_modified_time":"2023-07-01T23:04:34+00:00","og_image":[{"width":1000,"height":1000,"url":"https:\/\/www.belleflamme.ca\/wp-content\/uploads\/2023\/05\/rheem-Serie-Professional-Classic-Plus-Amortisseur-motorise.webp","type":"image\/webp"}],"twitter_card":"summary_large_image","twitter_misc":{"Disponibilit\u00e9":"En stock"},"schema":{"@context":"https:\/\/schema.org","@graph":[{"@type":["WebPage","ItemPage"],"@id":"https:\/\/staging.belleflamme.ca\/fr\/produit\/serie-professional-classic-plus-amortisseur-motorise\/","url":"https:\/\/staging.belleflamme.ca\/fr\/produit\/serie-professional-classic-plus-amortisseur-motorise\/","name":"S\u00e9rie Professional Classic Plus : Amortisseur motoris\u00e9 - Groupe BelleFlamme","isPartOf":{"@id":"https:\/\/www.belleflamme.ca\/fr\/#website"},"primaryImageOfPage":{"@id":"https:\/\/staging.belleflamme.ca\/fr\/produit\/serie-professional-classic-plus-amortisseur-motorise\/#primaryimage"},"image":{"@id":"https:\/\/staging.belleflamme.ca\/fr\/produit\/serie-professional-classic-plus-amortisseur-motorise\/#primaryimage"},"thumbnailUrl":"https:\/\/staging.belleflamme.ca\/wp-content\/uploads\/2023\/05\/rheem-Serie-Professional-Classic-Plus-Amortisseur-motorise.webp","datePublished":"2023-05-08T15:03:41+00:00","dateModified":"2023-07-01T23:04:34+00:00","description":"S\u00e9rie Professional Classic Plus : Amortisseur motoris\u00e9 [get_meta_en_fr]","breadcrumb":{"@id":"https:\/\/staging.belleflamme.ca\/fr\/produit\/serie-professional-classic-plus-amortisseur-motorise\/#breadcrumb"},"inLanguage":"fr-FR","potentialAction":[{"@type":"ReadAction","target":["https:\/\/staging.belleflamme.ca\/fr\/produit\/serie-professional-classic-plus-amortisseur-motorise\/"]}]},{"@type":"ImageObject","inLanguage":"fr-FR","@id":"https:\/\/staging.belleflamme.ca\/fr\/produit\/serie-professional-classic-plus-amortisseur-motorise\/#primaryimage","url":"https:\/\/staging.belleflamme.ca\/wp-content\/uploads\/2023\/05\/rheem-Serie-Professional-Classic-Plus-Amortisseur-motorise.webp","contentUrl":"https:\/\/staging.belleflamme.ca\/wp-content\/uploads\/2023\/05\/rheem-Serie-Professional-Classic-Plus-Amortisseur-motorise.webp","width":1000,"height":1000,"caption":"rheem S\u00e9rie Professional Classic Plus Amortisseur motoris\u00e9"},{"@type":"BreadcrumbList","@id":"https:\/\/staging.belleflamme.ca\/fr\/produit\/serie-professional-classic-plus-amortisseur-motorise\/#breadcrumb","itemListElement":[{"@type":"ListItem","position":1,"name":"Accueil","item":"https:\/\/www.belleflamme.ca\/fr\/"},{"@type":"ListItem","position":2,"name":"Boutique","item":"https:\/\/www.belleflamme.ca\/fr\/boutique\/"},{"@type":"ListItem","position":3,"name":"Plomberie &amp; Gaz","item":"https:\/\/staging.belleflamme.ca\/fr\/categories\/plomberie-gaz\/"},{"@type":"ListItem","position":4,"name":"Chauffe Eau","item":"https:\/\/staging.belleflamme.ca\/fr\/categories\/plomberie-gaz\/chauffe-eau\/"},{"@type":"ListItem","position":5,"name":"Chauffe eau au Gaz","item":"https:\/\/staging.belleflamme.ca\/fr\/categories\/plomberie-gaz\/chauffe-eau\/chauffe-eau-gaz\/"},{"@type":"ListItem","position":6,"name":"S\u00e9rie Professional Classic Plus : Amortisseur motoris\u00e9"}]},{"@type":"WebSite","@id":"https:\/\/www.belleflamme.ca\/fr\/#website","url":"https:\/\/www.belleflamme.ca\/fr\/","name":"Groupe Belleflamme","description":"La m\u00e9canique du b\u00e2timent dans le sang.","publisher":{"@id":"https:\/\/www.belleflamme.ca\/fr\/#organization"},"potentialAction":[{"@type":"SearchAction","target":{"@type":"EntryPoint","urlTemplate":"https:\/\/www.belleflamme.ca\/fr\/?s={search_term_string}"},"query-input":{"@type":"PropertyValueSpecification","valueRequired":true,"valueName":"search_term_string"}}],"inLanguage":"fr-FR"},{"@type":["Organization","Place"],"@id":"https:\/\/www.belleflamme.ca\/fr\/#organization","name":"Groupe Belleflamme","alternateName":"Belleflamme","url":"https:\/\/www.belleflamme.ca\/fr\/","logo":{"@type":"ImageObject","inLanguage":"fr-FR","@id":"https:\/\/www.belleflamme.ca\/fr\/#\/schema\/logo\/image\/","url":"https:\/\/staging.belleflamme.ca\/wp-content\/uploads\/2023\/01\/og-image.jpg","contentUrl":"https:\/\/staging.belleflamme.ca\/wp-content\/uploads\/2023\/01\/og-image.jpg","width":1200,"height":630,"caption":"Groupe Belleflamme"},"image":{"@id":"https:\/\/www.belleflamme.ca\/fr\/#\/schema\/logo\/image\/"},"sameAs":["https:\/\/www.facebook.com\/belleflamme.ca\/","https:\/\/www.linkedin.com\/company\/belleflamme\/","https:\/\/www.pinterest.ca\/groupebelleflamme\/","https:\/\/www.instagram.com\/legroupebelleflamme\/"],"mainEntityOfPage":{"@id":"https:\/\/staging.belleflamme.ca\/fr\/produit\/serie-professional-classic-plus-amortisseur-motorise\/"}}]},"product_brand":"Rheem","og_availability":"instock","product_availability":"instock","product_condition":"new"},"_links":{"self":[{"href":"https:\/\/staging.belleflamme.ca\/fr\/wp-json\/wp\/v2\/product\/13968","targetHints":{"allow":["GET"]}}],"collection":[{"href":"https:\/\/staging.belleflamme.ca\/fr\/wp-json\/wp\/v2\/product"}],"about":[{"href":"https:\/\/staging.belleflamme.ca\/fr\/wp-json\/wp\/v2\/types\/product"}],"version-history":[{"count":5,"href":"https:\/\/staging.belleflamme.ca\/fr\/wp-json\/wp\/v2\/product\/13968\/revisions"}],"predecessor-version":[{"id":16141,"href":"https:\/\/staging.belleflamme.ca\/fr\/wp-json\/wp\/v2\/product\/13968\/revisions\/16141"}],"wp:featuredmedia":[{"embeddable":true,"href":"https:\/\/staging.belleflamme.ca\/fr\/wp-json\/wp\/v2\/media\/13969"}],"wp:attachment":[{"href":"https:\/\/staging.belleflamme.ca\/fr\/wp-json\/wp\/v2\/media?parent=13968"}],"wp:term":[{"taxonomy":"product_brand","embeddable":true,"href":"https:\/\/staging.belleflamme.ca\/fr\/wp-json\/wp\/v2\/product_brand?post=13968"},{"taxonomy":"product_cat","embeddable":true,"href":"https:\/\/staging.belleflamme.ca\/fr\/wp-json\/wp\/v2\/product_cat?post=13968"},{"taxonomy":"product_tag","embeddable":true,"href":"https:\/\/staging.belleflamme.ca\/fr\/wp-json\/wp\/v2\/product_tag?post=13968"}],"curies":[{"name":"wp","href":"https:\/\/api.w.org\/{rel}","templated":true}]}}