{"id":13961,"date":"2023-05-08T11:00:14","date_gmt":"2023-05-08T15:00:14","guid":{"rendered":"https:\/\/www.belleflamme.ca\/?post_type=product&#038;p=13961"},"modified":"2023-07-01T19:14:56","modified_gmt":"2023-07-01T23:14:56","slug":"serie-professional-classic-plus-event-motorise-robuste","status":"publish","type":"product","link":"https:\/\/staging.belleflamme.ca\/fr\/produit\/serie-professional-classic-plus-event-motorise-robuste\/","title":{"rendered":"S\u00e9rie Professional Classic Plus : \u00e9vent motoris\u00e9 robuste"},"content":{"rendered":"\t\t<div data-elementor-type=\"product-post\" data-elementor-id=\"13961\" class=\"elementor elementor-13961\" data-elementor-post-type=\"product\">\n\t\t\t\t\t\t<section class=\"elementor-section elementor-top-section elementor-element elementor-element-10ad6357 elementor-section-boxed elementor-section-height-default elementor-section-height-default\" data-id=\"10ad6357\" data-element_type=\"section\">\n\t\t\t\t\t\t<div class=\"elementor-container elementor-column-gap-default\">\n\t\t\t\t\t<div class=\"elementor-column elementor-col-100 elementor-top-column elementor-element elementor-element-3815c873\" data-id=\"3815c873\" data-element_type=\"column\">\n\t\t\t<div class=\"elementor-widget-wrap elementor-element-populated\">\n\t\t\t\t\t\t<div class=\"elementor-element elementor-element-207a78a elementor-widget elementor-widget-text-editor\" data-id=\"207a78a\" data-element_type=\"widget\" data-widget_type=\"text-editor.default\">\n\t\t\t\t<div class=\"elementor-widget-container\">\n\t\t\t\t\t\t\t\t\tLe chauffe-eau au gaz Professional Classic Plus\u00ae Heavy Duty Power Vent offre une plus grande capacit\u00e9, une option de ventilation flexible et le syst\u00e8me Guardian\r\n\r\nEfficacit\u00e9\r\n<ul>\r\n \t<li>.57 EF<\/li>\r\n<\/ul>\r\n<strong>Performance<\/strong>\r\n<ul>\r\n \t<li>Capacit\u00e9 de r\u00e9cup\u00e9ration : 72,8 gallons par heure (fournit environ 110 gallons d&#8217;eau chaude au cours de la premi\u00e8re heure)**<\/li>\r\n<\/ul>\r\n<strong>Syst\u00e8me d&#8217;autodiagnostic<\/strong>\r\n<ul>\r\n \t<li>Contr\u00f4le \u00e9lectronique du gaz pour une surveillance et un service am\u00e9lior\u00e9s<\/li>\r\n<\/ul>\r\n<strong>Faibles \u00e9missions<\/strong>\r\n<ul>\r\n \t<li>Br\u00fbleur \u00e9cologique, conception \u00e0 faible NOx<\/li>\r\n<\/ul>\r\n<strong>Caract\u00e9ristiques<\/strong>\r\n<ul>\r\n \t<li>Utilise l&#8217;air int\u00e9rieur pour la combustion\u00a0;\u00a0le ventilateur \u00e9vacue les gaz de combustion<\/li>\r\n \t<li>Connexion \u00e9lectrique standard de 110 VCA<\/li>\r\n \t<li>Offre de plus grandes capacit\u00e9s que le Power Vent standard<\/li>\r\n<\/ul>\r\n<strong>Guardian System\u2122 et capteur<\/strong>\r\n<ul>\r\n \t<li>Dispositif exclusif d&#8217;arr\u00eat air\/carburant<\/li>\r\n \t<li>Sans entretien &#8211; pas de filtre \u00e0 nettoyer<\/li>\r\n \t<li>D\u00e9sactive le chauffage en pr\u00e9sence d&#8217;accumulation de vapeurs inflammables<\/li>\r\n<\/ul>\r\n<strong>Options de ventilation flexibles<\/strong>\r\n<ul>\r\n \t<li>Longues longueurs de ventilation jusqu&#8217;\u00e0 100 pieds \u00e9quivalents<\/li>\r\n \t<li>Options de tuyau d&#8217;\u00e9vent en PVC, ABS ou CPVC<\/li>\r\n \t<li>Terminaison verticale ou horizontale<\/li>\r\n<\/ul>\r\n<strong>Longue vie<\/strong>\r\n<ul>\r\n \t<li>La tige d&#8217;anode de qualit\u00e9 sup\u00e9rieure offre une protection durable du r\u00e9servoir<\/li>\r\n<\/ul>\r\n<strong>Plus\u2026<\/strong>\r\n<ul>\r\n \t<li>Vanne de vidange en laiton \u00e0 d\u00e9bit am\u00e9lior\u00e9<\/li>\r\n \t<li>Soupape de d\u00e9charge de temp\u00e9rature et de pression incluse<\/li>\r\n \t<li>Conforme \u00e0 faible teneur en plomb<\/li>\r\n \t<li>Allumeur en nitrure de silicium durable (HSI)<\/li>\r\n \t<li>Le syst\u00e8me brevet\u00e9 EverKleen\u2122 combat l&#8217;accumulation de s\u00e9diments<\/li>\r\n \t<li>Pi\u00e8ces de rechange standards<\/li>\r\n<\/ul>\t\t\t\t\t\t\t\t<\/div>\n\t\t\t\t<\/div>\n\t\t\t\t\t<\/div>\n\t\t<\/div>\n\t\t\t\t\t<\/div>\n\t\t<\/section>\n\t\t\t\t<section class=\"elementor-section elementor-top-section elementor-element elementor-element-58cf482 elementor-section-boxed elementor-section-height-default elementor-section-height-default\" data-id=\"58cf482\" data-element_type=\"section\">\n\t\t\t\t\t\t<div class=\"elementor-container elementor-column-gap-default\">\n\t\t\t\t\t<div class=\"elementor-column elementor-col-100 elementor-top-column elementor-element elementor-element-3b7fbe8\" data-id=\"3b7fbe8\" data-element_type=\"column\">\n\t\t\t<div class=\"elementor-widget-wrap elementor-element-populated\">\n\t\t\t\t\t\t<div class=\"elementor-element elementor-element-771dc42 elementor-tabs-view-horizontal elementor-widget elementor-widget-tabs\" data-id=\"771dc42\" data-element_type=\"widget\" data-widget_type=\"tabs.default\">\n\t\t\t\t<div class=\"elementor-widget-container\">\n\t\t\t\t\t\t\t<div class=\"elementor-tabs\">\n\t\t\t<div class=\"elementor-tabs-wrapper\" role=\"tablist\" >\n\t\t\t\t\t\t\t\t\t<div id=\"elementor-tab-title-1241\" class=\"elementor-tab-title elementor-tab-desktop-title\" aria-selected=\"true\" data-tab=\"1\" role=\"tab\" tabindex=\"0\" aria-controls=\"elementor-tab-content-1241\" aria-expanded=\"false\">Fichiers<\/div>\n\t\t\t\t\t\t\t<\/div>\n\t\t\t<div class=\"elementor-tabs-content-wrapper\" role=\"tablist\" aria-orientation=\"vertical\">\n\t\t\t\t\t\t\t\t\t<div class=\"elementor-tab-title elementor-tab-mobile-title\" aria-selected=\"true\" data-tab=\"1\" role=\"tab\" tabindex=\"0\" aria-controls=\"elementor-tab-content-1241\" aria-expanded=\"false\">Fichiers<\/div>\n\t\t\t\t\t<div id=\"elementor-tab-content-1241\" class=\"elementor-tab-content elementor-clearfix\" data-tab=\"1\" role=\"tabpanel\" aria-labelledby=\"elementor-tab-title-1241\" tabindex=\"0\" hidden=\"false\"><i class=\"far fa-file-pdf fa-xl\" style=\"font-size:35px\"><\/i><a href=\"https:\/\/www.belleflamme.ca\/wp-content\/uploads\/2023\/07\/0D14F7D2-1290-4892-964F-4FC559ECB1EF.pdf\"> Brochure<\/a><\/br>\n\n<i class=\"far fa-file-pdf fa-xl\" style=\"font-size:35px\"><\/i><a href=\"https:\/\/www.belleflamme.ca\/wp-content\/uploads\/2023\/07\/CF2EF36D-E9B5-4CAC-B731-B49545C73BD4-1.pdf\"> Manuel<\/a><\/br><\/div>\n\t\t\t\t\t\t\t<\/div>\n\t\t<\/div>\n\t\t\t\t\t\t<\/div>\n\t\t\t\t<\/div>\n\t\t\t\t\t<\/div>\n\t\t<\/div>\n\t\t\t\t\t<\/div>\n\t\t<\/section>\n\t\t\t\t<\/div>\n\t\t","protected":false},"excerpt":{"rendered":"<p>Le chauffe-eau au gaz Professional Classic Plus\u00ae Heavy Duty Power Vent offre une plus grande capacit\u00e9, une option de ventilation flexible et le syst\u00e8me Guardian Efficacit\u00e9 .57 EF Performance Capacit\u00e9 de r\u00e9cup\u00e9ration : 72,8 gallons par heure (fournit environ 110 gallons d&#8217;eau chaude au cours de la premi\u00e8re heure)** Syst\u00e8me d&#8217;autodiagnostic Contr\u00f4le \u00e9lectronique du gaz [&hellip;]<\/p>\n","protected":false},"featured_media":13963,"template":"","meta":{"inline_featured_image":false},"product_brand":[325],"product_cat":[104,108,97],"product_tag":[],"class_list":{"0":"post-13961","1":"product","2":"type-product","3":"status-publish","4":"has-post-thumbnail","6":"product_brand-rheem","7":"product_cat-chauffe-eau","8":"product_cat-chauffe-eau-gaz","9":"product_cat-plomberie-gaz","11":"first","12":"instock","13":"taxable","14":"shipping-taxable","15":"product-type-simple"},"yoast_head":"<!-- This site is optimized with the Yoast SEO Premium plugin v24.2 (Yoast SEO v24.2) - https:\/\/yoast.com\/wordpress\/plugins\/seo\/ -->\n<title>S\u00e9rie Professional Classic Plus : \u00e9vent motoris\u00e9 robuste - Groupe BelleFlamme<\/title>\n<meta name=\"description\" content=\"S\u00e9rie Professional Classic Plus : \u00e9vent motoris\u00e9 robuste vendu et install\u00e9 par le Groupe Belleflamme. Laval, Montr\u00e9al, Gatineau, Drummondville et Saint-Sauveur.\" \/>\n<meta name=\"robots\" content=\"index, follow, max-snippet:-1, max-image-preview:large, max-video-preview:-1\" \/>\n<link rel=\"canonical\" href=\"https:\/\/staging.belleflamme.ca\/fr\/produit\/serie-professional-classic-plus-event-motorise-robuste\/\" \/>\n<meta property=\"og:locale\" content=\"fr_FR\" \/>\n<meta property=\"og:type\" content=\"article\" \/>\n<meta property=\"og:title\" content=\"S\u00e9rie Professional Classic Plus : \u00e9vent motoris\u00e9 robuste\" \/>\n<meta property=\"og:description\" content=\"S\u00e9rie Professional Classic Plus : \u00e9vent motoris\u00e9 robuste vendu et install\u00e9 par le Groupe Belleflamme. Laval, Montr\u00e9al, Gatineau, Drummondville et Saint-Sauveur.\" \/>\n<meta property=\"og:url\" content=\"https:\/\/staging.belleflamme.ca\/fr\/produit\/serie-professional-classic-plus-event-motorise-robuste\/\" \/>\n<meta property=\"og:site_name\" content=\"Groupe BelleFlamme\" \/>\n<meta property=\"article:publisher\" content=\"https:\/\/www.facebook.com\/belleflamme.ca\/\" \/>\n<meta property=\"article:modified_time\" content=\"2023-07-01T23:14:56+00:00\" \/>\n<meta property=\"og:image\" content=\"https:\/\/www.belleflamme.ca\/wp-content\/uploads\/2023\/05\/rheem-Serie-Professional-Classic-Plus-event-motorise-robuste.webp\" \/>\n\t<meta property=\"og:image:width\" content=\"1000\" \/>\n\t<meta property=\"og:image:height\" content=\"1000\" \/>\n\t<meta property=\"og:image:type\" content=\"image\/webp\" \/>\n<meta name=\"twitter:card\" content=\"summary_large_image\" \/>\n<meta name=\"twitter:label1\" content=\"Prix\" \/>\n\t<meta name=\"twitter:data1\" content=\"\" \/>\n\t<meta name=\"twitter:label2\" content=\"Disponibilit\u00e9\" \/>\n\t<meta name=\"twitter:data2\" content=\"En stock\" \/>\n<script type=\"application\/ld+json\" class=\"yoast-schema-graph\">{\"@context\":\"https:\/\/schema.org\",\"@graph\":[{\"@type\":[\"WebPage\",\"ItemPage\"],\"@id\":\"https:\/\/staging.belleflamme.ca\/fr\/produit\/serie-professional-classic-plus-event-motorise-robuste\/\",\"url\":\"https:\/\/staging.belleflamme.ca\/fr\/produit\/serie-professional-classic-plus-event-motorise-robuste\/\",\"name\":\"S\u00e9rie Professional Classic Plus : \u00e9vent motoris\u00e9 robuste - Groupe BelleFlamme\",\"isPartOf\":{\"@id\":\"https:\/\/www.belleflamme.ca\/fr\/#website\"},\"primaryImageOfPage\":{\"@id\":\"https:\/\/staging.belleflamme.ca\/fr\/produit\/serie-professional-classic-plus-event-motorise-robuste\/#primaryimage\"},\"image\":{\"@id\":\"https:\/\/staging.belleflamme.ca\/fr\/produit\/serie-professional-classic-plus-event-motorise-robuste\/#primaryimage\"},\"thumbnailUrl\":\"https:\/\/staging.belleflamme.ca\/wp-content\/uploads\/2023\/05\/rheem-Serie-Professional-Classic-Plus-event-motorise-robuste.webp\",\"datePublished\":\"2023-05-08T15:00:14+00:00\",\"dateModified\":\"2023-07-01T23:14:56+00:00\",\"description\":\"S\u00e9rie Professional Classic Plus : \u00e9vent motoris\u00e9 robuste [get_meta_en_fr]\",\"breadcrumb\":{\"@id\":\"https:\/\/staging.belleflamme.ca\/fr\/produit\/serie-professional-classic-plus-event-motorise-robuste\/#breadcrumb\"},\"inLanguage\":\"fr-FR\",\"potentialAction\":[{\"@type\":\"ReadAction\",\"target\":[\"https:\/\/staging.belleflamme.ca\/fr\/produit\/serie-professional-classic-plus-event-motorise-robuste\/\"]}]},{\"@type\":\"ImageObject\",\"inLanguage\":\"fr-FR\",\"@id\":\"https:\/\/staging.belleflamme.ca\/fr\/produit\/serie-professional-classic-plus-event-motorise-robuste\/#primaryimage\",\"url\":\"https:\/\/staging.belleflamme.ca\/wp-content\/uploads\/2023\/05\/rheem-Serie-Professional-Classic-Plus-event-motorise-robuste.webp\",\"contentUrl\":\"https:\/\/staging.belleflamme.ca\/wp-content\/uploads\/2023\/05\/rheem-Serie-Professional-Classic-Plus-event-motorise-robuste.webp\",\"width\":1000,\"height\":1000,\"caption\":\"rheem S\u00e9rie Professional Classic Plus \u00e9vent motoris\u00e9 robuste\"},{\"@type\":\"BreadcrumbList\",\"@id\":\"https:\/\/staging.belleflamme.ca\/fr\/produit\/serie-professional-classic-plus-event-motorise-robuste\/#breadcrumb\",\"itemListElement\":[{\"@type\":\"ListItem\",\"position\":1,\"name\":\"Accueil\",\"item\":\"https:\/\/www.belleflamme.ca\/fr\/\"},{\"@type\":\"ListItem\",\"position\":2,\"name\":\"Boutique\",\"item\":\"https:\/\/www.belleflamme.ca\/fr\/boutique\/\"},{\"@type\":\"ListItem\",\"position\":3,\"name\":\"Plomberie &amp; Gaz\",\"item\":\"https:\/\/staging.belleflamme.ca\/fr\/categories\/plomberie-gaz\/\"},{\"@type\":\"ListItem\",\"position\":4,\"name\":\"Chauffe Eau\",\"item\":\"https:\/\/staging.belleflamme.ca\/fr\/categories\/plomberie-gaz\/chauffe-eau\/\"},{\"@type\":\"ListItem\",\"position\":5,\"name\":\"Chauffe eau au Gaz\",\"item\":\"https:\/\/staging.belleflamme.ca\/fr\/categories\/plomberie-gaz\/chauffe-eau\/chauffe-eau-gaz\/\"},{\"@type\":\"ListItem\",\"position\":6,\"name\":\"S\u00e9rie Professional Classic Plus : \u00e9vent motoris\u00e9 robuste\"}]},{\"@type\":\"WebSite\",\"@id\":\"https:\/\/www.belleflamme.ca\/fr\/#website\",\"url\":\"https:\/\/www.belleflamme.ca\/fr\/\",\"name\":\"Groupe Belleflamme\",\"description\":\"La m\u00e9canique du b\u00e2timent dans le sang.\",\"publisher\":{\"@id\":\"https:\/\/www.belleflamme.ca\/fr\/#organization\"},\"potentialAction\":[{\"@type\":\"SearchAction\",\"target\":{\"@type\":\"EntryPoint\",\"urlTemplate\":\"https:\/\/www.belleflamme.ca\/fr\/?s={search_term_string}\"},\"query-input\":{\"@type\":\"PropertyValueSpecification\",\"valueRequired\":true,\"valueName\":\"search_term_string\"}}],\"inLanguage\":\"fr-FR\"},{\"@type\":[\"Organization\",\"Place\"],\"@id\":\"https:\/\/www.belleflamme.ca\/fr\/#organization\",\"name\":\"Groupe Belleflamme\",\"alternateName\":\"Belleflamme\",\"url\":\"https:\/\/www.belleflamme.ca\/fr\/\",\"logo\":{\"@type\":\"ImageObject\",\"inLanguage\":\"fr-FR\",\"@id\":\"https:\/\/www.belleflamme.ca\/fr\/#\/schema\/logo\/image\/\",\"url\":\"https:\/\/staging.belleflamme.ca\/wp-content\/uploads\/2023\/01\/og-image.jpg\",\"contentUrl\":\"https:\/\/staging.belleflamme.ca\/wp-content\/uploads\/2023\/01\/og-image.jpg\",\"width\":1200,\"height\":630,\"caption\":\"Groupe Belleflamme\"},\"image\":{\"@id\":\"https:\/\/www.belleflamme.ca\/fr\/#\/schema\/logo\/image\/\"},\"sameAs\":[\"https:\/\/www.facebook.com\/belleflamme.ca\/\",\"https:\/\/www.linkedin.com\/company\/belleflamme\/\",\"https:\/\/www.pinterest.ca\/groupebelleflamme\/\",\"https:\/\/www.instagram.com\/legroupebelleflamme\/\"],\"mainEntityOfPage\":{\"@id\":\"https:\/\/staging.belleflamme.ca\/fr\/produit\/serie-professional-classic-plus-event-motorise-robuste\/\"}}]}<\/script>\n<meta property=\"product:brand\" content=\"Rheem\" \/>\n<meta property=\"product:price:amount\" content=\"0.00\" \/>\n<meta property=\"product:price:currency\" content=\"CAD\" \/>\n<meta property=\"og:availability\" content=\"instock\" \/>\n<meta property=\"product:availability\" content=\"instock\" \/>\n<meta property=\"product:condition\" content=\"new\" \/>\n<!-- \/ Yoast SEO Premium plugin. -->","yoast_head_json":{"title":"S\u00e9rie Professional Classic Plus : \u00e9vent motoris\u00e9 robuste - Groupe BelleFlamme","description":"S\u00e9rie Professional Classic Plus : \u00e9vent motoris\u00e9 robuste vendu et install\u00e9 par le Groupe Belleflamme. Laval, Montr\u00e9al, Gatineau, Drummondville et Saint-Sauveur.","robots":{"index":"index","follow":"follow","max-snippet":"max-snippet:-1","max-image-preview":"max-image-preview:large","max-video-preview":"max-video-preview:-1"},"canonical":"https:\/\/staging.belleflamme.ca\/fr\/produit\/serie-professional-classic-plus-event-motorise-robuste\/","og_locale":"fr_FR","og_type":"article","og_title":"S\u00e9rie Professional Classic Plus : \u00e9vent motoris\u00e9 robuste","og_description":"S\u00e9rie Professional Classic Plus : \u00e9vent motoris\u00e9 robuste vendu et install\u00e9 par le Groupe Belleflamme. Laval, Montr\u00e9al, Gatineau, Drummondville et Saint-Sauveur.","og_url":"https:\/\/staging.belleflamme.ca\/fr\/produit\/serie-professional-classic-plus-event-motorise-robuste\/","og_site_name":"Groupe BelleFlamme","article_publisher":"https:\/\/www.facebook.com\/belleflamme.ca\/","article_modified_time":"2023-07-01T23:14:56+00:00","og_image":[{"width":1000,"height":1000,"url":"https:\/\/www.belleflamme.ca\/wp-content\/uploads\/2023\/05\/rheem-Serie-Professional-Classic-Plus-event-motorise-robuste.webp","type":"image\/webp"}],"twitter_card":"summary_large_image","twitter_misc":{"Prix":"","Disponibilit\u00e9":"En stock"},"schema":{"@context":"https:\/\/schema.org","@graph":[{"@type":["WebPage","ItemPage"],"@id":"https:\/\/staging.belleflamme.ca\/fr\/produit\/serie-professional-classic-plus-event-motorise-robuste\/","url":"https:\/\/staging.belleflamme.ca\/fr\/produit\/serie-professional-classic-plus-event-motorise-robuste\/","name":"S\u00e9rie Professional Classic Plus : \u00e9vent motoris\u00e9 robuste - Groupe BelleFlamme","isPartOf":{"@id":"https:\/\/www.belleflamme.ca\/fr\/#website"},"primaryImageOfPage":{"@id":"https:\/\/staging.belleflamme.ca\/fr\/produit\/serie-professional-classic-plus-event-motorise-robuste\/#primaryimage"},"image":{"@id":"https:\/\/staging.belleflamme.ca\/fr\/produit\/serie-professional-classic-plus-event-motorise-robuste\/#primaryimage"},"thumbnailUrl":"https:\/\/staging.belleflamme.ca\/wp-content\/uploads\/2023\/05\/rheem-Serie-Professional-Classic-Plus-event-motorise-robuste.webp","datePublished":"2023-05-08T15:00:14+00:00","dateModified":"2023-07-01T23:14:56+00:00","description":"S\u00e9rie Professional Classic Plus : \u00e9vent motoris\u00e9 robuste [get_meta_en_fr]","breadcrumb":{"@id":"https:\/\/staging.belleflamme.ca\/fr\/produit\/serie-professional-classic-plus-event-motorise-robuste\/#breadcrumb"},"inLanguage":"fr-FR","potentialAction":[{"@type":"ReadAction","target":["https:\/\/staging.belleflamme.ca\/fr\/produit\/serie-professional-classic-plus-event-motorise-robuste\/"]}]},{"@type":"ImageObject","inLanguage":"fr-FR","@id":"https:\/\/staging.belleflamme.ca\/fr\/produit\/serie-professional-classic-plus-event-motorise-robuste\/#primaryimage","url":"https:\/\/staging.belleflamme.ca\/wp-content\/uploads\/2023\/05\/rheem-Serie-Professional-Classic-Plus-event-motorise-robuste.webp","contentUrl":"https:\/\/staging.belleflamme.ca\/wp-content\/uploads\/2023\/05\/rheem-Serie-Professional-Classic-Plus-event-motorise-robuste.webp","width":1000,"height":1000,"caption":"rheem S\u00e9rie Professional Classic Plus \u00e9vent motoris\u00e9 robuste"},{"@type":"BreadcrumbList","@id":"https:\/\/staging.belleflamme.ca\/fr\/produit\/serie-professional-classic-plus-event-motorise-robuste\/#breadcrumb","itemListElement":[{"@type":"ListItem","position":1,"name":"Accueil","item":"https:\/\/www.belleflamme.ca\/fr\/"},{"@type":"ListItem","position":2,"name":"Boutique","item":"https:\/\/www.belleflamme.ca\/fr\/boutique\/"},{"@type":"ListItem","position":3,"name":"Plomberie &amp; Gaz","item":"https:\/\/staging.belleflamme.ca\/fr\/categories\/plomberie-gaz\/"},{"@type":"ListItem","position":4,"name":"Chauffe Eau","item":"https:\/\/staging.belleflamme.ca\/fr\/categories\/plomberie-gaz\/chauffe-eau\/"},{"@type":"ListItem","position":5,"name":"Chauffe eau au Gaz","item":"https:\/\/staging.belleflamme.ca\/fr\/categories\/plomberie-gaz\/chauffe-eau\/chauffe-eau-gaz\/"},{"@type":"ListItem","position":6,"name":"S\u00e9rie Professional Classic Plus : \u00e9vent motoris\u00e9 robuste"}]},{"@type":"WebSite","@id":"https:\/\/www.belleflamme.ca\/fr\/#website","url":"https:\/\/www.belleflamme.ca\/fr\/","name":"Groupe Belleflamme","description":"La m\u00e9canique du b\u00e2timent dans le sang.","publisher":{"@id":"https:\/\/www.belleflamme.ca\/fr\/#organization"},"potentialAction":[{"@type":"SearchAction","target":{"@type":"EntryPoint","urlTemplate":"https:\/\/www.belleflamme.ca\/fr\/?s={search_term_string}"},"query-input":{"@type":"PropertyValueSpecification","valueRequired":true,"valueName":"search_term_string"}}],"inLanguage":"fr-FR"},{"@type":["Organization","Place"],"@id":"https:\/\/www.belleflamme.ca\/fr\/#organization","name":"Groupe Belleflamme","alternateName":"Belleflamme","url":"https:\/\/www.belleflamme.ca\/fr\/","logo":{"@type":"ImageObject","inLanguage":"fr-FR","@id":"https:\/\/www.belleflamme.ca\/fr\/#\/schema\/logo\/image\/","url":"https:\/\/staging.belleflamme.ca\/wp-content\/uploads\/2023\/01\/og-image.jpg","contentUrl":"https:\/\/staging.belleflamme.ca\/wp-content\/uploads\/2023\/01\/og-image.jpg","width":1200,"height":630,"caption":"Groupe Belleflamme"},"image":{"@id":"https:\/\/www.belleflamme.ca\/fr\/#\/schema\/logo\/image\/"},"sameAs":["https:\/\/www.facebook.com\/belleflamme.ca\/","https:\/\/www.linkedin.com\/company\/belleflamme\/","https:\/\/www.pinterest.ca\/groupebelleflamme\/","https:\/\/www.instagram.com\/legroupebelleflamme\/"],"mainEntityOfPage":{"@id":"https:\/\/staging.belleflamme.ca\/fr\/produit\/serie-professional-classic-plus-event-motorise-robuste\/"}}]},"product_brand":"Rheem","product_price_amount":"0.00","product_price_currency":"CAD","og_availability":"instock","product_availability":"instock","product_condition":"new"},"_links":{"self":[{"href":"https:\/\/staging.belleflamme.ca\/fr\/wp-json\/wp\/v2\/product\/13961","targetHints":{"allow":["GET"]}}],"collection":[{"href":"https:\/\/staging.belleflamme.ca\/fr\/wp-json\/wp\/v2\/product"}],"about":[{"href":"https:\/\/staging.belleflamme.ca\/fr\/wp-json\/wp\/v2\/types\/product"}],"version-history":[{"count":5,"href":"https:\/\/staging.belleflamme.ca\/fr\/wp-json\/wp\/v2\/product\/13961\/revisions"}],"predecessor-version":[{"id":16163,"href":"https:\/\/staging.belleflamme.ca\/fr\/wp-json\/wp\/v2\/product\/13961\/revisions\/16163"}],"wp:featuredmedia":[{"embeddable":true,"href":"https:\/\/staging.belleflamme.ca\/fr\/wp-json\/wp\/v2\/media\/13963"}],"wp:attachment":[{"href":"https:\/\/staging.belleflamme.ca\/fr\/wp-json\/wp\/v2\/media?parent=13961"}],"wp:term":[{"taxonomy":"product_brand","embeddable":true,"href":"https:\/\/staging.belleflamme.ca\/fr\/wp-json\/wp\/v2\/product_brand?post=13961"},{"taxonomy":"product_cat","embeddable":true,"href":"https:\/\/staging.belleflamme.ca\/fr\/wp-json\/wp\/v2\/product_cat?post=13961"},{"taxonomy":"product_tag","embeddable":true,"href":"https:\/\/staging.belleflamme.ca\/fr\/wp-json\/wp\/v2\/product_tag?post=13961"}],"curies":[{"name":"wp","href":"https:\/\/api.w.org\/{rel}","templated":true}]}}