{"id":13949,"date":"2023-05-08T10:53:41","date_gmt":"2023-05-08T14:53:41","guid":{"rendered":"https:\/\/www.belleflamme.ca\/?post_type=product&#038;p=13949"},"modified":"2023-05-08T14:08:28","modified_gmt":"2023-05-08T18:08:28","slug":"serie-professional-classic-plus-tirage-induit","status":"publish","type":"product","link":"https:\/\/staging.belleflamme.ca\/fr\/produit\/serie-professional-classic-plus-tirage-induit\/","title":{"rendered":"S\u00e9rie Professional Classic Plus tirage induit"},"content":{"rendered":"<p><strong>Efficacit\u00e9<\/strong><\/p>\n<ul>\n<li>.70 EF<\/li>\n<li>Bien isol\u00e9 pour r\u00e9duire les pertes de chaleur en veille<\/li>\n<\/ul>\n<p><strong>Performance<\/strong><\/p>\n<ul>\n<li>Capacit\u00e9 de 29 gallons avec une performance FHR de 87 gallons<\/li>\n<li>Taux de r\u00e9cup\u00e9ration de 61 GPH \u00e0 une \u00e9l\u00e9vation de 90 degr\u00e9s, d\u00e9passe la norme de 50 gallons jusqu&#8217;\u00e0 34 %<\/li>\n<\/ul>\n<p><strong>Format compact<\/strong><\/p>\n<ul>\n<li>Petite empreinte, 17-3\/4 pouces de diam\u00e8tre<\/li>\n<li>Installation rapide par une seule personne, compacte et l\u00e9g\u00e8re<\/li>\n<\/ul>\n<p><strong>Syst\u00e8me d&#8217;autodiagnostic<\/strong><\/p>\n<ul>\n<li>Contr\u00f4le du syst\u00e8me d&#8217;autodiagnostic int\u00e9gr\u00e9 pour une installation et un entretien faciles<\/li>\n<\/ul>\n<p><strong>Faibles \u00e9missions<\/strong><\/p>\n<ul>\n<li>Br\u00fbleur \u00e9cologique, conception \u00e0 faible NOx<\/li>\n<li>R\u00e9pond aux exigences de 40 ng\/J de NOx<\/li>\n<\/ul>\n<p><strong>Technologie<\/strong><\/p>\n<ul>\n<li>Inducteur de tirage 110 VAC (comprend un cordon de 8 pieds avec prise \u00e0 3 broches)<\/li>\n<li>Cat\u00e9gorie atmosph\u00e9rique standard I, double paroi, \u00e9vent B, 3&#8243; ou 4&#8243; (adaptateur 4&#8243; inclus)<\/li>\n<li>L&#8217;inducteur de tirage assist\u00e9 par ventilateur cr\u00e9e le bon tirage pour expulser les gaz de combustion<\/li>\n<\/ul>\n<p><strong>Guardian System\u2122 et capteur<\/strong><\/p>\n<ul>\n<li>Dispositif exclusif d&#8217;arr\u00eat air\/carburant pour une double protection<\/li>\n<li>Sans entretien &#8211; pas de filtre \u00e0 nettoyer<\/li>\n<li>Syst\u00e8me de contr\u00f4le de protection qui d\u00e9sactive le r\u00e9chauffeur en pr\u00e9sence d&#8217;accumulation de vapeurs inflammables<\/li>\n<\/ul>\n<p><strong>Longue vie<\/strong><\/p>\n<ul>\n<li>La tige d&#8217;anode R-Tech (r\u00e9sistante) exclusive de Rheem offre une protection durable du r\u00e9servoir<\/li>\n<\/ul>\n<p><strong>Conforme \u00e0 la haute altitude<\/strong><\/p>\n<ul>\n<li>Certifi\u00e9 pour des applications jusqu&#8217;\u00e0 10 100 pieds au-dessus du niveau de la mer<\/li>\n<\/ul>\n<p><strong>Plus\u2026<\/strong><\/p>\n<ul>\n<li>Double certification pour l&#8217;eau potable et le chauffage des locaux<\/li>\n<li>Vanne de vidange en laiton \u00e0 d\u00e9bit am\u00e9lior\u00e9<\/li>\n<li>Soupape de d\u00e9charge de temp\u00e9rature et de pression incluse<\/li>\n<li>Conforme \u00e0 faible teneur en plomb<\/li>\n<li>Le syst\u00e8me brevet\u00e9 EverKleen\u2122 combat l&#8217;accumulation de s\u00e9diments<\/li>\n<li>Pi\u00e8ces de rechange standards<\/li>\n<\/ul>\n","protected":false},"excerpt":{"rendered":"<p>Efficacit\u00e9 .70 EF Bien isol\u00e9 pour r\u00e9duire les pertes de chaleur en veille Performance Capacit\u00e9 de 29 gallons avec une performance FHR de 87 gallons Taux de r\u00e9cup\u00e9ration de 61 GPH \u00e0 une \u00e9l\u00e9vation de 90 degr\u00e9s, d\u00e9passe la norme de 50 gallons jusqu&#8217;\u00e0 34 % Format compact Petite empreinte, 17-3\/4 pouces de diam\u00e8tre Installation [&hellip;]<\/p>\n","protected":false},"featured_media":13950,"template":"","meta":{"inline_featured_image":false},"product_brand":[325],"product_cat":[104,108,97],"product_tag":[],"class_list":{"0":"post-13949","1":"product","2":"type-product","3":"status-publish","4":"has-post-thumbnail","6":"product_brand-rheem","7":"product_cat-chauffe-eau","8":"product_cat-chauffe-eau-gaz","9":"product_cat-plomberie-gaz","11":"first","12":"instock","13":"taxable","14":"shipping-taxable","15":"product-type-simple"},"yoast_head":"<!-- This site is optimized with the Yoast SEO Premium plugin v24.2 (Yoast SEO v24.2) - https:\/\/yoast.com\/wordpress\/plugins\/seo\/ -->\n<title>S\u00e9rie Professional Classic Plus tirage induit - Groupe BelleFlamme<\/title>\n<meta name=\"description\" content=\"S\u00e9rie Professional Classic Plus tirage induit vendu et install\u00e9 par le Groupe Belleflamme. Laval, Montr\u00e9al, Gatineau, Drummondville et Saint-Sauveur.\" \/>\n<meta name=\"robots\" content=\"index, follow, max-snippet:-1, max-image-preview:large, max-video-preview:-1\" \/>\n<link rel=\"canonical\" href=\"https:\/\/staging.belleflamme.ca\/fr\/produit\/serie-professional-classic-plus-tirage-induit\/\" \/>\n<meta property=\"og:locale\" content=\"fr_FR\" \/>\n<meta property=\"og:type\" content=\"article\" \/>\n<meta property=\"og:title\" content=\"S\u00e9rie Professional Classic Plus tirage induit\" \/>\n<meta property=\"og:description\" content=\"S\u00e9rie Professional Classic Plus tirage induit vendu et install\u00e9 par le Groupe Belleflamme. Laval, Montr\u00e9al, Gatineau, Drummondville et Saint-Sauveur.\" \/>\n<meta property=\"og:url\" content=\"https:\/\/staging.belleflamme.ca\/fr\/produit\/serie-professional-classic-plus-tirage-induit\/\" \/>\n<meta property=\"og:site_name\" content=\"Groupe BelleFlamme\" \/>\n<meta property=\"article:publisher\" content=\"https:\/\/www.facebook.com\/belleflamme.ca\/\" \/>\n<meta property=\"article:modified_time\" content=\"2023-05-08T18:08:28+00:00\" \/>\n<meta property=\"og:image\" content=\"https:\/\/www.belleflamme.ca\/wp-content\/uploads\/2023\/05\/Serie-Professional-Classic-Plus-tirage-induit-.webp\" \/>\n\t<meta property=\"og:image:width\" content=\"1000\" \/>\n\t<meta property=\"og:image:height\" content=\"1000\" \/>\n\t<meta property=\"og:image:type\" content=\"image\/webp\" \/>\n<meta name=\"twitter:card\" content=\"summary_large_image\" \/>\n<meta name=\"twitter:label1\" content=\"Prix\" \/>\n\t<meta name=\"twitter:data1\" content=\"\" \/>\n\t<meta name=\"twitter:label2\" content=\"Disponibilit\u00e9\" \/>\n\t<meta name=\"twitter:data2\" content=\"En stock\" \/>\n<script type=\"application\/ld+json\" class=\"yoast-schema-graph\">{\"@context\":\"https:\/\/schema.org\",\"@graph\":[{\"@type\":[\"WebPage\",\"ItemPage\"],\"@id\":\"https:\/\/staging.belleflamme.ca\/fr\/produit\/serie-professional-classic-plus-tirage-induit\/\",\"url\":\"https:\/\/staging.belleflamme.ca\/fr\/produit\/serie-professional-classic-plus-tirage-induit\/\",\"name\":\"S\u00e9rie Professional Classic Plus tirage induit - Groupe BelleFlamme\",\"isPartOf\":{\"@id\":\"https:\/\/www.belleflamme.ca\/fr\/#website\"},\"primaryImageOfPage\":{\"@id\":\"https:\/\/staging.belleflamme.ca\/fr\/produit\/serie-professional-classic-plus-tirage-induit\/#primaryimage\"},\"image\":{\"@id\":\"https:\/\/staging.belleflamme.ca\/fr\/produit\/serie-professional-classic-plus-tirage-induit\/#primaryimage\"},\"thumbnailUrl\":\"https:\/\/staging.belleflamme.ca\/wp-content\/uploads\/2023\/05\/Serie-Professional-Classic-Plus-tirage-induit-.webp\",\"datePublished\":\"2023-05-08T14:53:41+00:00\",\"dateModified\":\"2023-05-08T18:08:28+00:00\",\"description\":\"S\u00e9rie Professional Classic Plus tirage induit [get_meta_en_fr]\",\"breadcrumb\":{\"@id\":\"https:\/\/staging.belleflamme.ca\/fr\/produit\/serie-professional-classic-plus-tirage-induit\/#breadcrumb\"},\"inLanguage\":\"fr-FR\",\"potentialAction\":[{\"@type\":\"ReadAction\",\"target\":[\"https:\/\/staging.belleflamme.ca\/fr\/produit\/serie-professional-classic-plus-tirage-induit\/\"]}]},{\"@type\":\"ImageObject\",\"inLanguage\":\"fr-FR\",\"@id\":\"https:\/\/staging.belleflamme.ca\/fr\/produit\/serie-professional-classic-plus-tirage-induit\/#primaryimage\",\"url\":\"https:\/\/staging.belleflamme.ca\/wp-content\/uploads\/2023\/05\/Serie-Professional-Classic-Plus-tirage-induit-.webp\",\"contentUrl\":\"https:\/\/staging.belleflamme.ca\/wp-content\/uploads\/2023\/05\/Serie-Professional-Classic-Plus-tirage-induit-.webp\",\"width\":1000,\"height\":1000,\"caption\":\"S\u00e9rie Professional Classic Plus tirage induit\"},{\"@type\":\"BreadcrumbList\",\"@id\":\"https:\/\/staging.belleflamme.ca\/fr\/produit\/serie-professional-classic-plus-tirage-induit\/#breadcrumb\",\"itemListElement\":[{\"@type\":\"ListItem\",\"position\":1,\"name\":\"Accueil\",\"item\":\"https:\/\/www.belleflamme.ca\/fr\/\"},{\"@type\":\"ListItem\",\"position\":2,\"name\":\"Boutique\",\"item\":\"https:\/\/www.belleflamme.ca\/fr\/boutique\/\"},{\"@type\":\"ListItem\",\"position\":3,\"name\":\"Plomberie &amp; Gaz\",\"item\":\"https:\/\/staging.belleflamme.ca\/fr\/categories\/plomberie-gaz\/\"},{\"@type\":\"ListItem\",\"position\":4,\"name\":\"Chauffe Eau\",\"item\":\"https:\/\/staging.belleflamme.ca\/fr\/categories\/plomberie-gaz\/chauffe-eau\/\"},{\"@type\":\"ListItem\",\"position\":5,\"name\":\"Chauffe eau au Gaz\",\"item\":\"https:\/\/staging.belleflamme.ca\/fr\/categories\/plomberie-gaz\/chauffe-eau\/chauffe-eau-gaz\/\"},{\"@type\":\"ListItem\",\"position\":6,\"name\":\"S\u00e9rie Professional Classic Plus tirage induit\"}]},{\"@type\":\"WebSite\",\"@id\":\"https:\/\/www.belleflamme.ca\/fr\/#website\",\"url\":\"https:\/\/www.belleflamme.ca\/fr\/\",\"name\":\"Groupe Belleflamme\",\"description\":\"La m\u00e9canique du b\u00e2timent dans le sang.\",\"publisher\":{\"@id\":\"https:\/\/www.belleflamme.ca\/fr\/#organization\"},\"potentialAction\":[{\"@type\":\"SearchAction\",\"target\":{\"@type\":\"EntryPoint\",\"urlTemplate\":\"https:\/\/www.belleflamme.ca\/fr\/?s={search_term_string}\"},\"query-input\":{\"@type\":\"PropertyValueSpecification\",\"valueRequired\":true,\"valueName\":\"search_term_string\"}}],\"inLanguage\":\"fr-FR\"},{\"@type\":[\"Organization\",\"Place\"],\"@id\":\"https:\/\/www.belleflamme.ca\/fr\/#organization\",\"name\":\"Groupe Belleflamme\",\"alternateName\":\"Belleflamme\",\"url\":\"https:\/\/www.belleflamme.ca\/fr\/\",\"logo\":{\"@type\":\"ImageObject\",\"inLanguage\":\"fr-FR\",\"@id\":\"https:\/\/www.belleflamme.ca\/fr\/#\/schema\/logo\/image\/\",\"url\":\"https:\/\/staging.belleflamme.ca\/wp-content\/uploads\/2023\/01\/og-image.jpg\",\"contentUrl\":\"https:\/\/staging.belleflamme.ca\/wp-content\/uploads\/2023\/01\/og-image.jpg\",\"width\":1200,\"height\":630,\"caption\":\"Groupe Belleflamme\"},\"image\":{\"@id\":\"https:\/\/www.belleflamme.ca\/fr\/#\/schema\/logo\/image\/\"},\"sameAs\":[\"https:\/\/www.facebook.com\/belleflamme.ca\/\",\"https:\/\/www.linkedin.com\/company\/belleflamme\/\",\"https:\/\/www.pinterest.ca\/groupebelleflamme\/\",\"https:\/\/www.instagram.com\/legroupebelleflamme\/\"],\"mainEntityOfPage\":{\"@id\":\"https:\/\/staging.belleflamme.ca\/fr\/produit\/serie-professional-classic-plus-tirage-induit\/\"}}]}<\/script>\n<meta property=\"product:brand\" content=\"Rheem\" \/>\n<meta property=\"product:price:amount\" content=\"0.00\" \/>\n<meta property=\"product:price:currency\" content=\"CAD\" \/>\n<meta property=\"og:availability\" content=\"instock\" \/>\n<meta property=\"product:availability\" content=\"instock\" \/>\n<meta property=\"product:condition\" content=\"new\" \/>\n<!-- \/ Yoast SEO Premium plugin. -->","yoast_head_json":{"title":"S\u00e9rie Professional Classic Plus tirage induit - Groupe BelleFlamme","description":"S\u00e9rie Professional Classic Plus tirage induit vendu et install\u00e9 par le Groupe Belleflamme. Laval, Montr\u00e9al, Gatineau, Drummondville et Saint-Sauveur.","robots":{"index":"index","follow":"follow","max-snippet":"max-snippet:-1","max-image-preview":"max-image-preview:large","max-video-preview":"max-video-preview:-1"},"canonical":"https:\/\/staging.belleflamme.ca\/fr\/produit\/serie-professional-classic-plus-tirage-induit\/","og_locale":"fr_FR","og_type":"article","og_title":"S\u00e9rie Professional Classic Plus tirage induit","og_description":"S\u00e9rie Professional Classic Plus tirage induit vendu et install\u00e9 par le Groupe Belleflamme. Laval, Montr\u00e9al, Gatineau, Drummondville et Saint-Sauveur.","og_url":"https:\/\/staging.belleflamme.ca\/fr\/produit\/serie-professional-classic-plus-tirage-induit\/","og_site_name":"Groupe BelleFlamme","article_publisher":"https:\/\/www.facebook.com\/belleflamme.ca\/","article_modified_time":"2023-05-08T18:08:28+00:00","og_image":[{"width":1000,"height":1000,"url":"https:\/\/www.belleflamme.ca\/wp-content\/uploads\/2023\/05\/Serie-Professional-Classic-Plus-tirage-induit-.webp","type":"image\/webp"}],"twitter_card":"summary_large_image","twitter_misc":{"Prix":"","Disponibilit\u00e9":"En stock"},"schema":{"@context":"https:\/\/schema.org","@graph":[{"@type":["WebPage","ItemPage"],"@id":"https:\/\/staging.belleflamme.ca\/fr\/produit\/serie-professional-classic-plus-tirage-induit\/","url":"https:\/\/staging.belleflamme.ca\/fr\/produit\/serie-professional-classic-plus-tirage-induit\/","name":"S\u00e9rie Professional Classic Plus tirage induit - Groupe BelleFlamme","isPartOf":{"@id":"https:\/\/www.belleflamme.ca\/fr\/#website"},"primaryImageOfPage":{"@id":"https:\/\/staging.belleflamme.ca\/fr\/produit\/serie-professional-classic-plus-tirage-induit\/#primaryimage"},"image":{"@id":"https:\/\/staging.belleflamme.ca\/fr\/produit\/serie-professional-classic-plus-tirage-induit\/#primaryimage"},"thumbnailUrl":"https:\/\/staging.belleflamme.ca\/wp-content\/uploads\/2023\/05\/Serie-Professional-Classic-Plus-tirage-induit-.webp","datePublished":"2023-05-08T14:53:41+00:00","dateModified":"2023-05-08T18:08:28+00:00","description":"S\u00e9rie Professional Classic Plus tirage induit [get_meta_en_fr]","breadcrumb":{"@id":"https:\/\/staging.belleflamme.ca\/fr\/produit\/serie-professional-classic-plus-tirage-induit\/#breadcrumb"},"inLanguage":"fr-FR","potentialAction":[{"@type":"ReadAction","target":["https:\/\/staging.belleflamme.ca\/fr\/produit\/serie-professional-classic-plus-tirage-induit\/"]}]},{"@type":"ImageObject","inLanguage":"fr-FR","@id":"https:\/\/staging.belleflamme.ca\/fr\/produit\/serie-professional-classic-plus-tirage-induit\/#primaryimage","url":"https:\/\/staging.belleflamme.ca\/wp-content\/uploads\/2023\/05\/Serie-Professional-Classic-Plus-tirage-induit-.webp","contentUrl":"https:\/\/staging.belleflamme.ca\/wp-content\/uploads\/2023\/05\/Serie-Professional-Classic-Plus-tirage-induit-.webp","width":1000,"height":1000,"caption":"S\u00e9rie Professional Classic Plus tirage induit"},{"@type":"BreadcrumbList","@id":"https:\/\/staging.belleflamme.ca\/fr\/produit\/serie-professional-classic-plus-tirage-induit\/#breadcrumb","itemListElement":[{"@type":"ListItem","position":1,"name":"Accueil","item":"https:\/\/www.belleflamme.ca\/fr\/"},{"@type":"ListItem","position":2,"name":"Boutique","item":"https:\/\/www.belleflamme.ca\/fr\/boutique\/"},{"@type":"ListItem","position":3,"name":"Plomberie &amp; Gaz","item":"https:\/\/staging.belleflamme.ca\/fr\/categories\/plomberie-gaz\/"},{"@type":"ListItem","position":4,"name":"Chauffe Eau","item":"https:\/\/staging.belleflamme.ca\/fr\/categories\/plomberie-gaz\/chauffe-eau\/"},{"@type":"ListItem","position":5,"name":"Chauffe eau au Gaz","item":"https:\/\/staging.belleflamme.ca\/fr\/categories\/plomberie-gaz\/chauffe-eau\/chauffe-eau-gaz\/"},{"@type":"ListItem","position":6,"name":"S\u00e9rie Professional Classic Plus tirage induit"}]},{"@type":"WebSite","@id":"https:\/\/www.belleflamme.ca\/fr\/#website","url":"https:\/\/www.belleflamme.ca\/fr\/","name":"Groupe Belleflamme","description":"La m\u00e9canique du b\u00e2timent dans le sang.","publisher":{"@id":"https:\/\/www.belleflamme.ca\/fr\/#organization"},"potentialAction":[{"@type":"SearchAction","target":{"@type":"EntryPoint","urlTemplate":"https:\/\/www.belleflamme.ca\/fr\/?s={search_term_string}"},"query-input":{"@type":"PropertyValueSpecification","valueRequired":true,"valueName":"search_term_string"}}],"inLanguage":"fr-FR"},{"@type":["Organization","Place"],"@id":"https:\/\/www.belleflamme.ca\/fr\/#organization","name":"Groupe Belleflamme","alternateName":"Belleflamme","url":"https:\/\/www.belleflamme.ca\/fr\/","logo":{"@type":"ImageObject","inLanguage":"fr-FR","@id":"https:\/\/www.belleflamme.ca\/fr\/#\/schema\/logo\/image\/","url":"https:\/\/staging.belleflamme.ca\/wp-content\/uploads\/2023\/01\/og-image.jpg","contentUrl":"https:\/\/staging.belleflamme.ca\/wp-content\/uploads\/2023\/01\/og-image.jpg","width":1200,"height":630,"caption":"Groupe Belleflamme"},"image":{"@id":"https:\/\/www.belleflamme.ca\/fr\/#\/schema\/logo\/image\/"},"sameAs":["https:\/\/www.facebook.com\/belleflamme.ca\/","https:\/\/www.linkedin.com\/company\/belleflamme\/","https:\/\/www.pinterest.ca\/groupebelleflamme\/","https:\/\/www.instagram.com\/legroupebelleflamme\/"],"mainEntityOfPage":{"@id":"https:\/\/staging.belleflamme.ca\/fr\/produit\/serie-professional-classic-plus-tirage-induit\/"}}]},"product_brand":"Rheem","product_price_amount":"0.00","product_price_currency":"CAD","og_availability":"instock","product_availability":"instock","product_condition":"new"},"_links":{"self":[{"href":"https:\/\/staging.belleflamme.ca\/fr\/wp-json\/wp\/v2\/product\/13949","targetHints":{"allow":["GET"]}}],"collection":[{"href":"https:\/\/staging.belleflamme.ca\/fr\/wp-json\/wp\/v2\/product"}],"about":[{"href":"https:\/\/staging.belleflamme.ca\/fr\/wp-json\/wp\/v2\/types\/product"}],"version-history":[{"count":2,"href":"https:\/\/staging.belleflamme.ca\/fr\/wp-json\/wp\/v2\/product\/13949\/revisions"}],"predecessor-version":[{"id":14116,"href":"https:\/\/staging.belleflamme.ca\/fr\/wp-json\/wp\/v2\/product\/13949\/revisions\/14116"}],"wp:featuredmedia":[{"embeddable":true,"href":"https:\/\/staging.belleflamme.ca\/fr\/wp-json\/wp\/v2\/media\/13950"}],"wp:attachment":[{"href":"https:\/\/staging.belleflamme.ca\/fr\/wp-json\/wp\/v2\/media?parent=13949"}],"wp:term":[{"taxonomy":"product_brand","embeddable":true,"href":"https:\/\/staging.belleflamme.ca\/fr\/wp-json\/wp\/v2\/product_brand?post=13949"},{"taxonomy":"product_cat","embeddable":true,"href":"https:\/\/staging.belleflamme.ca\/fr\/wp-json\/wp\/v2\/product_cat?post=13949"},{"taxonomy":"product_tag","embeddable":true,"href":"https:\/\/staging.belleflamme.ca\/fr\/wp-json\/wp\/v2\/product_tag?post=13949"}],"curies":[{"name":"wp","href":"https:\/\/api.w.org\/{rel}","templated":true}]}}