{"id":13943,"date":"2023-05-08T10:45:36","date_gmt":"2023-05-08T14:45:36","guid":{"rendered":"https:\/\/www.belleflamme.ca\/?post_type=product&#038;p=13943"},"modified":"2023-05-08T14:10:10","modified_gmt":"2023-05-08T18:10:10","slug":"chauffe-eau-au-gaz-professionnel-prestige-maximus","status":"publish","type":"product","link":"https:\/\/staging.belleflamme.ca\/fr\/produit\/chauffe-eau-au-gaz-professionnel-prestige-maximus\/","title":{"rendered":"Chauffe-eau au gaz professionnel Prestige\u00ae Maximus"},"content":{"rendered":"<p>Le chauffe-eau au gaz professionnel Prestige\u00ae Maximus offre une efficacit\u00e9 maximale et un d\u00e9bit continu<\/p>\n<p>Efficacit\u00e9<\/p>\n<ul>\n<li>Jusqu&#8217;\u00e0 0,90 UEF r\u00e9duit les co\u00fbts d&#8217;exploitation<\/li>\n<li>Certifi\u00e9 ENERGY STAR\u00ae<\/li>\n<\/ul>\n<p>Performance<\/p>\n<ul>\n<li>Jusqu&#8217;\u00e0 3,8 GPM de d\u00e9bit continu d&#8217;eau chaude \u00e0 la temp\u00e9rature de consigne<\/li>\n<li>D\u00e9bit d&#8217;eau chaude le plus \u00e9lev\u00e9 (FHR) de 192 gallons en MaxMode<\/li>\n<\/ul>\n<p>Installation facile<\/p>\n<ul>\n<li>Neutraliseur de condensat int\u00e9gr\u00e9<\/li>\n<li>Certifi\u00e9 pour plusieurs configurations de terminaison<\/li>\n<li>Acc\u00e8s frontal facile aux connexions et aux composants<\/li>\n<li>Z\u00e9ro d\u00e9gagement sur les c\u00f4t\u00e9s et \u00e0 l&#8217;arri\u00e8re<\/li>\n<li>Les plus longues courses de ventilation, s&#8217;installe comme PV ou PDV avec la m\u00eame unit\u00e9<\/li>\n<li>Centres de 20,3 cm sur les connexions d&#8217;eau sup\u00e9rieures pour un remplacement facile des chauffe-eau \u00e0 gaz standard.<\/li>\n<li>Raccordement gaz 1\/2&#8243; NPT<\/li>\n<li>Entr\u00e9e et sortie d&#8217;eau 3\/4&#8243; NPT\u00a0; raccords de vidange de condensat 3\/4&#8243;<\/li>\n<li>Robinets lat\u00e9raux bouch\u00e9s<\/li>\n<li>Soupape de d\u00e9charge de temp\u00e9rature et de pression install\u00e9e<\/li>\n<\/ul>\n<p>L&#8217;int\u00e9gration<\/p>\n<ul>\n<li>\u00c9cran LCD avec capteur de fuite d&#8217;eau int\u00e9gr\u00e9 et alerte de sant\u00e9 du syst\u00e8me avec alarme sonore<\/li>\n<li>La technologie int\u00e9gr\u00e9e EcoNet\u00ae Wi-Fi et l&#8217;application mobile gratuite permettent aux utilisateurs de contr\u00f4ler les syst\u00e8mes d&#8217;eau, permettant de personnaliser la temp\u00e9rature, les param\u00e8tres de vacances, les \u00e9conomies d&#8217;\u00e9nergie et la surveillance du syst\u00e8me \u00e0 la maison ou \u00e0 l&#8217;ext\u00e9rieur.\u00a0Visitez Rheem.com\/maximus<\/li>\n<li>Le syst\u00e8me de d\u00e9tection de fuite int\u00e9gr\u00e9 LeakSense\u2122 d\u00e9tecte toute fuite grande ou petite, interne ou externe<\/li>\n<li>L&#8217;accessoire de valve d&#8217;arr\u00eat automatique de l&#8217;eau en option limite les fuites \u00e0 pas plus de 20 onces d&#8217;eau<\/li>\n<\/ul>\n<p>Modes de fonctionnement<\/p>\n<ul>\n<li>MaxMode\u2122 pour jusqu&#8217;\u00e0 15 % d&#8217;eau chaude en plus \u00e0 la demande<\/li>\n<li>Mode vacances\/absent pour \u00e9conomiser de l&#8217;\u00e9nergie pendant les p\u00e9riodes de non-utilisation<\/li>\n<\/ul>\n<p>Conforme \u00e0 la haute altitude<\/p>\n<ul>\n<li>Certifi\u00e9 \u00e0 10 100 pieds au-dessus du niveau de la mer &#8211; Des mod\u00e8les LP \u00e0 haute altitude sont requis pour 2 000 \u00e0 7 800 pieds<\/li>\n<\/ul>\n<p>Plus&#8230;<\/p>\n<ul>\n<li>Les tiges \u00e0 double anode prolongent la dur\u00e9e de vie du r\u00e9servoir<\/li>\n<li>Vanne de vidange en laiton \u00e0 d\u00e9bit am\u00e9lior\u00e9 pour une vidange plus rapide<\/li>\n<li>Contr\u00f4les avanc\u00e9s et v\u00e9rification du d\u00e9marrage pour de meilleurs diagnostics, une installation plus rapide et un entretien plus facile<\/li>\n<li>Conception certifi\u00e9e NSF\/ANSI 372 (sans plomb)<\/li>\n<\/ul>\n","protected":false},"excerpt":{"rendered":"<p>Le chauffe-eau au gaz professionnel Prestige\u00ae Maximus offre une efficacit\u00e9 maximale et un d\u00e9bit continu Efficacit\u00e9 Jusqu&#8217;\u00e0 0,90 UEF r\u00e9duit les co\u00fbts d&#8217;exploitation Certifi\u00e9 ENERGY STAR\u00ae Performance Jusqu&#8217;\u00e0 3,8 GPM de d\u00e9bit continu d&#8217;eau chaude \u00e0 la temp\u00e9rature de consigne D\u00e9bit d&#8217;eau chaude le plus \u00e9lev\u00e9 (FHR) de 192 gallons en MaxMode Installation facile Neutraliseur [&hellip;]<\/p>\n","protected":false},"featured_media":13944,"template":"","meta":{"inline_featured_image":false},"product_brand":[325],"product_cat":[104,108,97],"product_tag":[],"class_list":{"0":"post-13943","1":"product","2":"type-product","3":"status-publish","4":"has-post-thumbnail","6":"product_brand-rheem","7":"product_cat-chauffe-eau","8":"product_cat-chauffe-eau-gaz","9":"product_cat-plomberie-gaz","11":"first","12":"instock","13":"taxable","14":"shipping-taxable","15":"product-type-variable"},"yoast_head":"<!-- This site is optimized with the Yoast SEO Premium plugin v24.2 (Yoast SEO v24.2) - https:\/\/yoast.com\/wordpress\/plugins\/seo\/ -->\n<title>Chauffe-eau au gaz professionnel Prestige\u00ae Maximus - Groupe BelleFlamme<\/title>\n<meta name=\"description\" content=\"Chauffe-eau au gaz professionnel Prestige\u00ae Maximus vendu et install\u00e9 par le Groupe Belleflamme. Laval, Montr\u00e9al, Gatineau, Drummondville et Saint-Sauveur.\" \/>\n<meta name=\"robots\" content=\"index, follow, max-snippet:-1, max-image-preview:large, max-video-preview:-1\" \/>\n<link rel=\"canonical\" href=\"https:\/\/staging.belleflamme.ca\/fr\/produit\/chauffe-eau-au-gaz-professionnel-prestige-maximus\/\" \/>\n<meta property=\"og:locale\" content=\"fr_FR\" \/>\n<meta property=\"og:type\" content=\"article\" \/>\n<meta property=\"og:title\" content=\"Chauffe-eau au gaz professionnel Prestige\u00ae Maximus\" \/>\n<meta property=\"og:description\" content=\"Chauffe-eau au gaz professionnel Prestige\u00ae Maximus vendu et install\u00e9 par le Groupe Belleflamme. Laval, Montr\u00e9al, Gatineau, Drummondville et Saint-Sauveur.\" \/>\n<meta property=\"og:url\" content=\"https:\/\/staging.belleflamme.ca\/fr\/produit\/chauffe-eau-au-gaz-professionnel-prestige-maximus\/\" \/>\n<meta property=\"og:site_name\" content=\"Groupe BelleFlamme\" \/>\n<meta property=\"article:publisher\" content=\"https:\/\/www.facebook.com\/belleflamme.ca\/\" \/>\n<meta property=\"article:modified_time\" content=\"2023-05-08T18:10:10+00:00\" \/>\n<meta property=\"og:image\" content=\"https:\/\/www.belleflamme.ca\/wp-content\/uploads\/2023\/05\/Chauffe-eau-au-gaz-professionnel-Prestige-Maximus.webp\" \/>\n\t<meta property=\"og:image:width\" content=\"1000\" \/>\n\t<meta property=\"og:image:height\" content=\"1000\" \/>\n\t<meta property=\"og:image:type\" content=\"image\/webp\" \/>\n<meta name=\"twitter:card\" content=\"summary_large_image\" \/>\n<meta name=\"twitter:label1\" content=\"Disponibilit\u00e9\" \/>\n\t<meta name=\"twitter:data1\" content=\"En stock\" \/>\n<script type=\"application\/ld+json\" class=\"yoast-schema-graph\">{\"@context\":\"https:\/\/schema.org\",\"@graph\":[{\"@type\":[\"WebPage\",\"ItemPage\"],\"@id\":\"https:\/\/staging.belleflamme.ca\/fr\/produit\/chauffe-eau-au-gaz-professionnel-prestige-maximus\/\",\"url\":\"https:\/\/staging.belleflamme.ca\/fr\/produit\/chauffe-eau-au-gaz-professionnel-prestige-maximus\/\",\"name\":\"Chauffe-eau au gaz professionnel Prestige\u00ae Maximus - Groupe BelleFlamme\",\"isPartOf\":{\"@id\":\"https:\/\/www.belleflamme.ca\/fr\/#website\"},\"primaryImageOfPage\":{\"@id\":\"https:\/\/staging.belleflamme.ca\/fr\/produit\/chauffe-eau-au-gaz-professionnel-prestige-maximus\/#primaryimage\"},\"image\":{\"@id\":\"https:\/\/staging.belleflamme.ca\/fr\/produit\/chauffe-eau-au-gaz-professionnel-prestige-maximus\/#primaryimage\"},\"thumbnailUrl\":\"https:\/\/staging.belleflamme.ca\/wp-content\/uploads\/2023\/05\/Chauffe-eau-au-gaz-professionnel-Prestige-Maximus.webp\",\"datePublished\":\"2023-05-08T14:45:36+00:00\",\"dateModified\":\"2023-05-08T18:10:10+00:00\",\"description\":\"Chauffe-eau au gaz professionnel Prestige\u00ae Maximus [get_meta_en_fr]\",\"breadcrumb\":{\"@id\":\"https:\/\/staging.belleflamme.ca\/fr\/produit\/chauffe-eau-au-gaz-professionnel-prestige-maximus\/#breadcrumb\"},\"inLanguage\":\"fr-FR\",\"potentialAction\":[{\"@type\":\"ReadAction\",\"target\":[\"https:\/\/staging.belleflamme.ca\/fr\/produit\/chauffe-eau-au-gaz-professionnel-prestige-maximus\/\"]}]},{\"@type\":\"ImageObject\",\"inLanguage\":\"fr-FR\",\"@id\":\"https:\/\/staging.belleflamme.ca\/fr\/produit\/chauffe-eau-au-gaz-professionnel-prestige-maximus\/#primaryimage\",\"url\":\"https:\/\/staging.belleflamme.ca\/wp-content\/uploads\/2023\/05\/Chauffe-eau-au-gaz-professionnel-Prestige-Maximus.webp\",\"contentUrl\":\"https:\/\/staging.belleflamme.ca\/wp-content\/uploads\/2023\/05\/Chauffe-eau-au-gaz-professionnel-Prestige-Maximus.webp\",\"width\":1000,\"height\":1000,\"caption\":\"Chauffe-eau au gaz professionnel Prestige Maximus rheem\"},{\"@type\":\"BreadcrumbList\",\"@id\":\"https:\/\/staging.belleflamme.ca\/fr\/produit\/chauffe-eau-au-gaz-professionnel-prestige-maximus\/#breadcrumb\",\"itemListElement\":[{\"@type\":\"ListItem\",\"position\":1,\"name\":\"Accueil\",\"item\":\"https:\/\/www.belleflamme.ca\/fr\/\"},{\"@type\":\"ListItem\",\"position\":2,\"name\":\"Boutique\",\"item\":\"https:\/\/www.belleflamme.ca\/fr\/boutique\/\"},{\"@type\":\"ListItem\",\"position\":3,\"name\":\"Plomberie &amp; Gaz\",\"item\":\"https:\/\/staging.belleflamme.ca\/fr\/categories\/plomberie-gaz\/\"},{\"@type\":\"ListItem\",\"position\":4,\"name\":\"Chauffe Eau\",\"item\":\"https:\/\/staging.belleflamme.ca\/fr\/categories\/plomberie-gaz\/chauffe-eau\/\"},{\"@type\":\"ListItem\",\"position\":5,\"name\":\"Chauffe eau au Gaz\",\"item\":\"https:\/\/staging.belleflamme.ca\/fr\/categories\/plomberie-gaz\/chauffe-eau\/chauffe-eau-gaz\/\"},{\"@type\":\"ListItem\",\"position\":6,\"name\":\"Chauffe-eau au gaz professionnel Prestige\u00ae Maximus\"}]},{\"@type\":\"WebSite\",\"@id\":\"https:\/\/www.belleflamme.ca\/fr\/#website\",\"url\":\"https:\/\/www.belleflamme.ca\/fr\/\",\"name\":\"Groupe Belleflamme\",\"description\":\"La m\u00e9canique du b\u00e2timent dans le sang.\",\"publisher\":{\"@id\":\"https:\/\/www.belleflamme.ca\/fr\/#organization\"},\"potentialAction\":[{\"@type\":\"SearchAction\",\"target\":{\"@type\":\"EntryPoint\",\"urlTemplate\":\"https:\/\/www.belleflamme.ca\/fr\/?s={search_term_string}\"},\"query-input\":{\"@type\":\"PropertyValueSpecification\",\"valueRequired\":true,\"valueName\":\"search_term_string\"}}],\"inLanguage\":\"fr-FR\"},{\"@type\":[\"Organization\",\"Place\"],\"@id\":\"https:\/\/www.belleflamme.ca\/fr\/#organization\",\"name\":\"Groupe Belleflamme\",\"alternateName\":\"Belleflamme\",\"url\":\"https:\/\/www.belleflamme.ca\/fr\/\",\"logo\":{\"@type\":\"ImageObject\",\"inLanguage\":\"fr-FR\",\"@id\":\"https:\/\/www.belleflamme.ca\/fr\/#\/schema\/logo\/image\/\",\"url\":\"https:\/\/staging.belleflamme.ca\/wp-content\/uploads\/2023\/01\/og-image.jpg\",\"contentUrl\":\"https:\/\/staging.belleflamme.ca\/wp-content\/uploads\/2023\/01\/og-image.jpg\",\"width\":1200,\"height\":630,\"caption\":\"Groupe Belleflamme\"},\"image\":{\"@id\":\"https:\/\/www.belleflamme.ca\/fr\/#\/schema\/logo\/image\/\"},\"sameAs\":[\"https:\/\/www.facebook.com\/belleflamme.ca\/\",\"https:\/\/www.linkedin.com\/company\/belleflamme\/\",\"https:\/\/www.pinterest.ca\/groupebelleflamme\/\",\"https:\/\/www.instagram.com\/legroupebelleflamme\/\"],\"mainEntityOfPage\":{\"@id\":\"https:\/\/staging.belleflamme.ca\/fr\/produit\/chauffe-eau-au-gaz-professionnel-prestige-maximus\/\"}}]}<\/script>\n<meta property=\"product:brand\" content=\"Rheem\" \/>\n<meta property=\"og:availability\" content=\"instock\" \/>\n<meta property=\"product:availability\" content=\"instock\" \/>\n<meta property=\"product:condition\" content=\"new\" \/>\n<!-- \/ Yoast SEO Premium plugin. -->","yoast_head_json":{"title":"Chauffe-eau au gaz professionnel Prestige\u00ae Maximus - Groupe BelleFlamme","description":"Chauffe-eau au gaz professionnel Prestige\u00ae Maximus vendu et install\u00e9 par le Groupe Belleflamme. Laval, Montr\u00e9al, Gatineau, Drummondville et Saint-Sauveur.","robots":{"index":"index","follow":"follow","max-snippet":"max-snippet:-1","max-image-preview":"max-image-preview:large","max-video-preview":"max-video-preview:-1"},"canonical":"https:\/\/staging.belleflamme.ca\/fr\/produit\/chauffe-eau-au-gaz-professionnel-prestige-maximus\/","og_locale":"fr_FR","og_type":"article","og_title":"Chauffe-eau au gaz professionnel Prestige\u00ae Maximus","og_description":"Chauffe-eau au gaz professionnel Prestige\u00ae Maximus vendu et install\u00e9 par le Groupe Belleflamme. Laval, Montr\u00e9al, Gatineau, Drummondville et Saint-Sauveur.","og_url":"https:\/\/staging.belleflamme.ca\/fr\/produit\/chauffe-eau-au-gaz-professionnel-prestige-maximus\/","og_site_name":"Groupe BelleFlamme","article_publisher":"https:\/\/www.facebook.com\/belleflamme.ca\/","article_modified_time":"2023-05-08T18:10:10+00:00","og_image":[{"width":1000,"height":1000,"url":"https:\/\/www.belleflamme.ca\/wp-content\/uploads\/2023\/05\/Chauffe-eau-au-gaz-professionnel-Prestige-Maximus.webp","type":"image\/webp"}],"twitter_card":"summary_large_image","twitter_misc":{"Disponibilit\u00e9":"En stock"},"schema":{"@context":"https:\/\/schema.org","@graph":[{"@type":["WebPage","ItemPage"],"@id":"https:\/\/staging.belleflamme.ca\/fr\/produit\/chauffe-eau-au-gaz-professionnel-prestige-maximus\/","url":"https:\/\/staging.belleflamme.ca\/fr\/produit\/chauffe-eau-au-gaz-professionnel-prestige-maximus\/","name":"Chauffe-eau au gaz professionnel Prestige\u00ae Maximus - Groupe BelleFlamme","isPartOf":{"@id":"https:\/\/www.belleflamme.ca\/fr\/#website"},"primaryImageOfPage":{"@id":"https:\/\/staging.belleflamme.ca\/fr\/produit\/chauffe-eau-au-gaz-professionnel-prestige-maximus\/#primaryimage"},"image":{"@id":"https:\/\/staging.belleflamme.ca\/fr\/produit\/chauffe-eau-au-gaz-professionnel-prestige-maximus\/#primaryimage"},"thumbnailUrl":"https:\/\/staging.belleflamme.ca\/wp-content\/uploads\/2023\/05\/Chauffe-eau-au-gaz-professionnel-Prestige-Maximus.webp","datePublished":"2023-05-08T14:45:36+00:00","dateModified":"2023-05-08T18:10:10+00:00","description":"Chauffe-eau au gaz professionnel Prestige\u00ae Maximus [get_meta_en_fr]","breadcrumb":{"@id":"https:\/\/staging.belleflamme.ca\/fr\/produit\/chauffe-eau-au-gaz-professionnel-prestige-maximus\/#breadcrumb"},"inLanguage":"fr-FR","potentialAction":[{"@type":"ReadAction","target":["https:\/\/staging.belleflamme.ca\/fr\/produit\/chauffe-eau-au-gaz-professionnel-prestige-maximus\/"]}]},{"@type":"ImageObject","inLanguage":"fr-FR","@id":"https:\/\/staging.belleflamme.ca\/fr\/produit\/chauffe-eau-au-gaz-professionnel-prestige-maximus\/#primaryimage","url":"https:\/\/staging.belleflamme.ca\/wp-content\/uploads\/2023\/05\/Chauffe-eau-au-gaz-professionnel-Prestige-Maximus.webp","contentUrl":"https:\/\/staging.belleflamme.ca\/wp-content\/uploads\/2023\/05\/Chauffe-eau-au-gaz-professionnel-Prestige-Maximus.webp","width":1000,"height":1000,"caption":"Chauffe-eau au gaz professionnel Prestige Maximus rheem"},{"@type":"BreadcrumbList","@id":"https:\/\/staging.belleflamme.ca\/fr\/produit\/chauffe-eau-au-gaz-professionnel-prestige-maximus\/#breadcrumb","itemListElement":[{"@type":"ListItem","position":1,"name":"Accueil","item":"https:\/\/www.belleflamme.ca\/fr\/"},{"@type":"ListItem","position":2,"name":"Boutique","item":"https:\/\/www.belleflamme.ca\/fr\/boutique\/"},{"@type":"ListItem","position":3,"name":"Plomberie &amp; Gaz","item":"https:\/\/staging.belleflamme.ca\/fr\/categories\/plomberie-gaz\/"},{"@type":"ListItem","position":4,"name":"Chauffe Eau","item":"https:\/\/staging.belleflamme.ca\/fr\/categories\/plomberie-gaz\/chauffe-eau\/"},{"@type":"ListItem","position":5,"name":"Chauffe eau au Gaz","item":"https:\/\/staging.belleflamme.ca\/fr\/categories\/plomberie-gaz\/chauffe-eau\/chauffe-eau-gaz\/"},{"@type":"ListItem","position":6,"name":"Chauffe-eau au gaz professionnel Prestige\u00ae Maximus"}]},{"@type":"WebSite","@id":"https:\/\/www.belleflamme.ca\/fr\/#website","url":"https:\/\/www.belleflamme.ca\/fr\/","name":"Groupe Belleflamme","description":"La m\u00e9canique du b\u00e2timent dans le sang.","publisher":{"@id":"https:\/\/www.belleflamme.ca\/fr\/#organization"},"potentialAction":[{"@type":"SearchAction","target":{"@type":"EntryPoint","urlTemplate":"https:\/\/www.belleflamme.ca\/fr\/?s={search_term_string}"},"query-input":{"@type":"PropertyValueSpecification","valueRequired":true,"valueName":"search_term_string"}}],"inLanguage":"fr-FR"},{"@type":["Organization","Place"],"@id":"https:\/\/www.belleflamme.ca\/fr\/#organization","name":"Groupe Belleflamme","alternateName":"Belleflamme","url":"https:\/\/www.belleflamme.ca\/fr\/","logo":{"@type":"ImageObject","inLanguage":"fr-FR","@id":"https:\/\/www.belleflamme.ca\/fr\/#\/schema\/logo\/image\/","url":"https:\/\/staging.belleflamme.ca\/wp-content\/uploads\/2023\/01\/og-image.jpg","contentUrl":"https:\/\/staging.belleflamme.ca\/wp-content\/uploads\/2023\/01\/og-image.jpg","width":1200,"height":630,"caption":"Groupe Belleflamme"},"image":{"@id":"https:\/\/www.belleflamme.ca\/fr\/#\/schema\/logo\/image\/"},"sameAs":["https:\/\/www.facebook.com\/belleflamme.ca\/","https:\/\/www.linkedin.com\/company\/belleflamme\/","https:\/\/www.pinterest.ca\/groupebelleflamme\/","https:\/\/www.instagram.com\/legroupebelleflamme\/"],"mainEntityOfPage":{"@id":"https:\/\/staging.belleflamme.ca\/fr\/produit\/chauffe-eau-au-gaz-professionnel-prestige-maximus\/"}}]},"product_brand":"Rheem","og_availability":"instock","product_availability":"instock","product_condition":"new"},"_links":{"self":[{"href":"https:\/\/staging.belleflamme.ca\/fr\/wp-json\/wp\/v2\/product\/13943","targetHints":{"allow":["GET"]}}],"collection":[{"href":"https:\/\/staging.belleflamme.ca\/fr\/wp-json\/wp\/v2\/product"}],"about":[{"href":"https:\/\/staging.belleflamme.ca\/fr\/wp-json\/wp\/v2\/types\/product"}],"version-history":[{"count":2,"href":"https:\/\/staging.belleflamme.ca\/fr\/wp-json\/wp\/v2\/product\/13943\/revisions"}],"predecessor-version":[{"id":14119,"href":"https:\/\/staging.belleflamme.ca\/fr\/wp-json\/wp\/v2\/product\/13943\/revisions\/14119"}],"wp:featuredmedia":[{"embeddable":true,"href":"https:\/\/staging.belleflamme.ca\/fr\/wp-json\/wp\/v2\/media\/13944"}],"wp:attachment":[{"href":"https:\/\/staging.belleflamme.ca\/fr\/wp-json\/wp\/v2\/media?parent=13943"}],"wp:term":[{"taxonomy":"product_brand","embeddable":true,"href":"https:\/\/staging.belleflamme.ca\/fr\/wp-json\/wp\/v2\/product_brand?post=13943"},{"taxonomy":"product_cat","embeddable":true,"href":"https:\/\/staging.belleflamme.ca\/fr\/wp-json\/wp\/v2\/product_cat?post=13943"},{"taxonomy":"product_tag","embeddable":true,"href":"https:\/\/staging.belleflamme.ca\/fr\/wp-json\/wp\/v2\/product_tag?post=13943"}],"curies":[{"name":"wp","href":"https:\/\/api.w.org\/{rel}","templated":true}]}}