{"id":13853,"date":"2023-05-07T13:01:13","date_gmt":"2023-05-07T17:01:13","guid":{"rendered":"https:\/\/www.belleflamme.ca\/?post_type=product&#038;p=13853"},"modified":"2024-02-07T13:44:58","modified_gmt":"2024-02-07T18:44:58","slug":"robinet-pour-baignoire-douche-avec-garniture-de-valve-a-pression-equilibree-t-p-sou90tpvtcp","status":"publish","type":"product","link":"https:\/\/staging.belleflamme.ca\/fr\/produit\/robinet-pour-baignoire-douche-avec-garniture-de-valve-a-pression-equilibree-t-p-sou90tpvtcp\/","title":{"rendered":"Robinet pour baignoire \/ douche avec garniture de valve \u00e0 pression \u00e9quilibr\u00e9e (T\/P) SOU90TPVTCP"},"content":{"rendered":"<h3>Caract\u00e9ristiques<\/h3>\n<p>\u2022 Garniture compatible avec les<br \/>\ninstallations primaires de la s\u00e9rie 90TPVSR<br \/>\n\u2022 D\u00e9bit contr\u00f4l\u00e9<br \/>\n\u2022 Pression \u00e9quilibr\u00e9e int\u00e9gr\u00e9e<br \/>\n\u00e0 la cartouche thermostatique<br \/>\n\u2022 Limiteur de temp\u00e9rature ajustable<br \/>\n\u2022 Temp\u00e9rature limit\u00e9e \u00e0 43\u00b0C<br \/>\n\u2022 Fermeture automatique du<br \/>\nd\u00e9bit si l\u2019alimentation d\u2019eau froide est<br \/>\ninterrompue<br \/>\n\u2022 Bec de baignoire :<br \/>\n&#8211; Bec de baignoire de type Slip-on avec<br \/>\ninverseur int\u00e9gr\u00e9<br \/>\n&#8211; D\u00e9bit de l\u2019installation primaire<br \/>\n\u2022 Pomme de douche :<br \/>\n&#8211; Pivotante<br \/>\n&#8211; Surdimensionn\u00e9e<br \/>\n&#8211; Buses souples faciles \u00e0 nettoyer<br \/>\n&#8211; D\u00e9bit maximal de 6,8 L\/min<br \/>\n(1,8 gpm) \u00e0 80 psi<\/p>\n<h3>Cartouche<\/h3>\n<p>\u2022 Thermostatique \/ pression \u00e9quilibr\u00e9e<\/p>\n<p>(FCCART008)<\/p>\n<h3>Fini<\/h3>\n<p>\u2022 Chrome poli<\/p>\n","protected":false},"excerpt":{"rendered":"<p>Caract\u00e9ristiques \u2022 Garniture compatible avec les installations primaires de la s\u00e9rie 90TPVSR \u2022 D\u00e9bit contr\u00f4l\u00e9 \u2022 Pression \u00e9quilibr\u00e9e int\u00e9gr\u00e9e \u00e0 la cartouche thermostatique \u2022 Limiteur de temp\u00e9rature ajustable \u2022 Temp\u00e9rature limit\u00e9e \u00e0 43\u00b0C \u2022 Fermeture automatique du d\u00e9bit si l\u2019alimentation d\u2019eau froide est interrompue \u2022 Bec de baignoire : &#8211; Bec de baignoire de type [&hellip;]<\/p>\n","protected":false},"featured_media":13854,"template":"","meta":{"inline_featured_image":false},"product_brand":[364],"product_cat":[97,102],"product_tag":[],"class_list":{"0":"post-13853","1":"product","2":"type-product","3":"status-publish","4":"has-post-thumbnail","6":"product_brand-belanger","7":"product_cat-plomberie-gaz","8":"product_cat-robinetterie-accessoires","10":"first","11":"instock","12":"taxable","13":"shipping-taxable","14":"product-type-simple"},"yoast_head":"<!-- This site is optimized with the Yoast SEO Premium plugin v24.2 (Yoast SEO v24.2) - https:\/\/yoast.com\/wordpress\/plugins\/seo\/ -->\n<title>Robinet pour baignoire \/ douche avec garniture de valve \u00e0 pression \u00e9quilibr\u00e9e (T\/P) SOU90TPVTCP - Groupe BelleFlamme<\/title>\n<meta name=\"description\" content=\"Robinet pour baignoire \/ douche avec garniture de valve \u00e0 pression \u00e9quilibr\u00e9e (T\/P) SOU90TPVTCP vendu et install\u00e9 par le Groupe Belleflamme. Laval, Montr\u00e9al, Gatineau, Drummondville et Saint-Sauveur.\" \/>\n<meta name=\"robots\" content=\"index, follow, max-snippet:-1, max-image-preview:large, max-video-preview:-1\" \/>\n<link rel=\"canonical\" href=\"https:\/\/staging.belleflamme.ca\/fr\/produit\/robinet-pour-baignoire-douche-avec-garniture-de-valve-a-pression-equilibree-t-p-sou90tpvtcp\/\" \/>\n<meta property=\"og:locale\" content=\"fr_FR\" \/>\n<meta property=\"og:type\" content=\"article\" \/>\n<meta property=\"og:title\" content=\"Robinet pour baignoire \/ douche avec garniture de valve \u00e0 pression \u00e9quilibr\u00e9e (T\/P) SOU90TPVTCP\" \/>\n<meta property=\"og:description\" content=\"Robinet pour baignoire \/ douche avec garniture de valve \u00e0 pression \u00e9quilibr\u00e9e (T\/P) SOU90TPVTCP vendu et install\u00e9 par le Groupe Belleflamme. Laval, Montr\u00e9al, Gatineau, Drummondville et Saint-Sauveur.\" \/>\n<meta property=\"og:url\" content=\"https:\/\/staging.belleflamme.ca\/fr\/produit\/robinet-pour-baignoire-douche-avec-garniture-de-valve-a-pression-equilibree-t-p-sou90tpvtcp\/\" \/>\n<meta property=\"og:site_name\" content=\"Groupe BelleFlamme\" \/>\n<meta property=\"article:publisher\" content=\"https:\/\/www.facebook.com\/belleflamme.ca\/\" \/>\n<meta property=\"article:modified_time\" content=\"2024-02-07T18:44:58+00:00\" \/>\n<meta property=\"og:image\" content=\"https:\/\/www.belleflamme.ca\/wp-content\/uploads\/2023\/05\/SOU90VTCP2_room.jpg\" \/>\n\t<meta property=\"og:image:width\" content=\"2347\" \/>\n\t<meta property=\"og:image:height\" content=\"2000\" \/>\n\t<meta property=\"og:image:type\" content=\"image\/jpeg\" \/>\n<meta name=\"twitter:card\" content=\"summary_large_image\" \/>\n<meta name=\"twitter:label1\" content=\"Prix\" \/>\n\t<meta name=\"twitter:data1\" content=\"\" \/>\n\t<meta name=\"twitter:label2\" content=\"Disponibilit\u00e9\" \/>\n\t<meta name=\"twitter:data2\" content=\"En stock\" \/>\n<script type=\"application\/ld+json\" class=\"yoast-schema-graph\">{\"@context\":\"https:\/\/schema.org\",\"@graph\":[{\"@type\":[\"WebPage\",\"ItemPage\"],\"@id\":\"https:\/\/staging.belleflamme.ca\/fr\/produit\/robinet-pour-baignoire-douche-avec-garniture-de-valve-a-pression-equilibree-t-p-sou90tpvtcp\/\",\"url\":\"https:\/\/staging.belleflamme.ca\/fr\/produit\/robinet-pour-baignoire-douche-avec-garniture-de-valve-a-pression-equilibree-t-p-sou90tpvtcp\/\",\"name\":\"Robinet pour baignoire \/ douche avec garniture de valve \u00e0 pression \u00e9quilibr\u00e9e (T\/P) SOU90TPVTCP - Groupe BelleFlamme\",\"isPartOf\":{\"@id\":\"https:\/\/www.belleflamme.ca\/fr\/#website\"},\"primaryImageOfPage\":{\"@id\":\"https:\/\/staging.belleflamme.ca\/fr\/produit\/robinet-pour-baignoire-douche-avec-garniture-de-valve-a-pression-equilibree-t-p-sou90tpvtcp\/#primaryimage\"},\"image\":{\"@id\":\"https:\/\/staging.belleflamme.ca\/fr\/produit\/robinet-pour-baignoire-douche-avec-garniture-de-valve-a-pression-equilibree-t-p-sou90tpvtcp\/#primaryimage\"},\"thumbnailUrl\":\"https:\/\/staging.belleflamme.ca\/wp-content\/uploads\/2023\/05\/SOU90VTCP2_room.jpg\",\"datePublished\":\"2023-05-07T17:01:13+00:00\",\"dateModified\":\"2024-02-07T18:44:58+00:00\",\"description\":\"Robinet pour baignoire \/ douche avec garniture de valve \u00e0 pression \u00e9quilibr\u00e9e (T\/P) SOU90TPVTCP [get_meta_en_fr]\",\"breadcrumb\":{\"@id\":\"https:\/\/staging.belleflamme.ca\/fr\/produit\/robinet-pour-baignoire-douche-avec-garniture-de-valve-a-pression-equilibree-t-p-sou90tpvtcp\/#breadcrumb\"},\"inLanguage\":\"fr-FR\",\"potentialAction\":[{\"@type\":\"ReadAction\",\"target\":[\"https:\/\/staging.belleflamme.ca\/fr\/produit\/robinet-pour-baignoire-douche-avec-garniture-de-valve-a-pression-equilibree-t-p-sou90tpvtcp\/\"]}]},{\"@type\":\"ImageObject\",\"inLanguage\":\"fr-FR\",\"@id\":\"https:\/\/staging.belleflamme.ca\/fr\/produit\/robinet-pour-baignoire-douche-avec-garniture-de-valve-a-pression-equilibree-t-p-sou90tpvtcp\/#primaryimage\",\"url\":\"https:\/\/staging.belleflamme.ca\/wp-content\/uploads\/2023\/05\/SOU90VTCP2_room.jpg\",\"contentUrl\":\"https:\/\/staging.belleflamme.ca\/wp-content\/uploads\/2023\/05\/SOU90VTCP2_room.jpg\",\"width\":2347,\"height\":2000,\"caption\":\"SOU90VTCP2 b\u00e9langer\"},{\"@type\":\"BreadcrumbList\",\"@id\":\"https:\/\/staging.belleflamme.ca\/fr\/produit\/robinet-pour-baignoire-douche-avec-garniture-de-valve-a-pression-equilibree-t-p-sou90tpvtcp\/#breadcrumb\",\"itemListElement\":[{\"@type\":\"ListItem\",\"position\":1,\"name\":\"Accueil\",\"item\":\"https:\/\/www.belleflamme.ca\/fr\/\"},{\"@type\":\"ListItem\",\"position\":2,\"name\":\"Boutique\",\"item\":\"https:\/\/www.belleflamme.ca\/fr\/boutique\/\"},{\"@type\":\"ListItem\",\"position\":3,\"name\":\"Plomberie &amp; Gaz\",\"item\":\"https:\/\/staging.belleflamme.ca\/fr\/categories\/plomberie-gaz\/\"},{\"@type\":\"ListItem\",\"position\":4,\"name\":\"Robinetterie &amp; Accessoires\",\"item\":\"https:\/\/staging.belleflamme.ca\/fr\/categories\/plomberie-gaz\/robinetterie-accessoires\/\"},{\"@type\":\"ListItem\",\"position\":5,\"name\":\"Robinet pour baignoire \/ douche avec garniture de valve \u00e0 pression \u00e9quilibr\u00e9e (T\/P) SOU90TPVTCP\"}]},{\"@type\":\"WebSite\",\"@id\":\"https:\/\/www.belleflamme.ca\/fr\/#website\",\"url\":\"https:\/\/www.belleflamme.ca\/fr\/\",\"name\":\"Groupe Belleflamme\",\"description\":\"La m\u00e9canique du b\u00e2timent dans le sang.\",\"publisher\":{\"@id\":\"https:\/\/www.belleflamme.ca\/fr\/#organization\"},\"potentialAction\":[{\"@type\":\"SearchAction\",\"target\":{\"@type\":\"EntryPoint\",\"urlTemplate\":\"https:\/\/www.belleflamme.ca\/fr\/?s={search_term_string}\"},\"query-input\":{\"@type\":\"PropertyValueSpecification\",\"valueRequired\":true,\"valueName\":\"search_term_string\"}}],\"inLanguage\":\"fr-FR\"},{\"@type\":[\"Organization\",\"Place\"],\"@id\":\"https:\/\/www.belleflamme.ca\/fr\/#organization\",\"name\":\"Groupe Belleflamme\",\"alternateName\":\"Belleflamme\",\"url\":\"https:\/\/www.belleflamme.ca\/fr\/\",\"logo\":{\"@type\":\"ImageObject\",\"inLanguage\":\"fr-FR\",\"@id\":\"https:\/\/www.belleflamme.ca\/fr\/#\/schema\/logo\/image\/\",\"url\":\"https:\/\/staging.belleflamme.ca\/wp-content\/uploads\/2023\/01\/og-image.jpg\",\"contentUrl\":\"https:\/\/staging.belleflamme.ca\/wp-content\/uploads\/2023\/01\/og-image.jpg\",\"width\":1200,\"height\":630,\"caption\":\"Groupe Belleflamme\"},\"image\":{\"@id\":\"https:\/\/www.belleflamme.ca\/fr\/#\/schema\/logo\/image\/\"},\"sameAs\":[\"https:\/\/www.facebook.com\/belleflamme.ca\/\",\"https:\/\/www.linkedin.com\/company\/belleflamme\/\",\"https:\/\/www.pinterest.ca\/groupebelleflamme\/\",\"https:\/\/www.instagram.com\/legroupebelleflamme\/\"],\"mainEntityOfPage\":{\"@id\":\"https:\/\/staging.belleflamme.ca\/fr\/produit\/robinet-pour-baignoire-douche-avec-garniture-de-valve-a-pression-equilibree-t-p-sou90tpvtcp\/\"}}]}<\/script>\n<meta property=\"product:brand\" content=\"B\u00e9langer\" \/>\n<meta property=\"product:price:amount\" content=\"0.00\" \/>\n<meta property=\"product:price:currency\" content=\"CAD\" \/>\n<meta property=\"og:availability\" content=\"instock\" \/>\n<meta property=\"product:availability\" content=\"instock\" \/>\n<meta property=\"product:condition\" content=\"new\" \/>\n<!-- \/ Yoast SEO Premium plugin. -->","yoast_head_json":{"title":"Robinet pour baignoire \/ douche avec garniture de valve \u00e0 pression \u00e9quilibr\u00e9e (T\/P) SOU90TPVTCP - Groupe BelleFlamme","description":"Robinet pour baignoire \/ douche avec garniture de valve \u00e0 pression \u00e9quilibr\u00e9e (T\/P) SOU90TPVTCP vendu et install\u00e9 par le Groupe Belleflamme. Laval, Montr\u00e9al, Gatineau, Drummondville et Saint-Sauveur.","robots":{"index":"index","follow":"follow","max-snippet":"max-snippet:-1","max-image-preview":"max-image-preview:large","max-video-preview":"max-video-preview:-1"},"canonical":"https:\/\/staging.belleflamme.ca\/fr\/produit\/robinet-pour-baignoire-douche-avec-garniture-de-valve-a-pression-equilibree-t-p-sou90tpvtcp\/","og_locale":"fr_FR","og_type":"article","og_title":"Robinet pour baignoire \/ douche avec garniture de valve \u00e0 pression \u00e9quilibr\u00e9e (T\/P) SOU90TPVTCP","og_description":"Robinet pour baignoire \/ douche avec garniture de valve \u00e0 pression \u00e9quilibr\u00e9e (T\/P) SOU90TPVTCP vendu et install\u00e9 par le Groupe Belleflamme. Laval, Montr\u00e9al, Gatineau, Drummondville et Saint-Sauveur.","og_url":"https:\/\/staging.belleflamme.ca\/fr\/produit\/robinet-pour-baignoire-douche-avec-garniture-de-valve-a-pression-equilibree-t-p-sou90tpvtcp\/","og_site_name":"Groupe BelleFlamme","article_publisher":"https:\/\/www.facebook.com\/belleflamme.ca\/","article_modified_time":"2024-02-07T18:44:58+00:00","og_image":[{"width":2347,"height":2000,"url":"https:\/\/www.belleflamme.ca\/wp-content\/uploads\/2023\/05\/SOU90VTCP2_room.jpg","type":"image\/jpeg"}],"twitter_card":"summary_large_image","twitter_misc":{"Prix":"","Disponibilit\u00e9":"En stock"},"schema":{"@context":"https:\/\/schema.org","@graph":[{"@type":["WebPage","ItemPage"],"@id":"https:\/\/staging.belleflamme.ca\/fr\/produit\/robinet-pour-baignoire-douche-avec-garniture-de-valve-a-pression-equilibree-t-p-sou90tpvtcp\/","url":"https:\/\/staging.belleflamme.ca\/fr\/produit\/robinet-pour-baignoire-douche-avec-garniture-de-valve-a-pression-equilibree-t-p-sou90tpvtcp\/","name":"Robinet pour baignoire \/ douche avec garniture de valve \u00e0 pression \u00e9quilibr\u00e9e (T\/P) SOU90TPVTCP - Groupe BelleFlamme","isPartOf":{"@id":"https:\/\/www.belleflamme.ca\/fr\/#website"},"primaryImageOfPage":{"@id":"https:\/\/staging.belleflamme.ca\/fr\/produit\/robinet-pour-baignoire-douche-avec-garniture-de-valve-a-pression-equilibree-t-p-sou90tpvtcp\/#primaryimage"},"image":{"@id":"https:\/\/staging.belleflamme.ca\/fr\/produit\/robinet-pour-baignoire-douche-avec-garniture-de-valve-a-pression-equilibree-t-p-sou90tpvtcp\/#primaryimage"},"thumbnailUrl":"https:\/\/staging.belleflamme.ca\/wp-content\/uploads\/2023\/05\/SOU90VTCP2_room.jpg","datePublished":"2023-05-07T17:01:13+00:00","dateModified":"2024-02-07T18:44:58+00:00","description":"Robinet pour baignoire \/ douche avec garniture de valve \u00e0 pression \u00e9quilibr\u00e9e (T\/P) SOU90TPVTCP [get_meta_en_fr]","breadcrumb":{"@id":"https:\/\/staging.belleflamme.ca\/fr\/produit\/robinet-pour-baignoire-douche-avec-garniture-de-valve-a-pression-equilibree-t-p-sou90tpvtcp\/#breadcrumb"},"inLanguage":"fr-FR","potentialAction":[{"@type":"ReadAction","target":["https:\/\/staging.belleflamme.ca\/fr\/produit\/robinet-pour-baignoire-douche-avec-garniture-de-valve-a-pression-equilibree-t-p-sou90tpvtcp\/"]}]},{"@type":"ImageObject","inLanguage":"fr-FR","@id":"https:\/\/staging.belleflamme.ca\/fr\/produit\/robinet-pour-baignoire-douche-avec-garniture-de-valve-a-pression-equilibree-t-p-sou90tpvtcp\/#primaryimage","url":"https:\/\/staging.belleflamme.ca\/wp-content\/uploads\/2023\/05\/SOU90VTCP2_room.jpg","contentUrl":"https:\/\/staging.belleflamme.ca\/wp-content\/uploads\/2023\/05\/SOU90VTCP2_room.jpg","width":2347,"height":2000,"caption":"SOU90VTCP2 b\u00e9langer"},{"@type":"BreadcrumbList","@id":"https:\/\/staging.belleflamme.ca\/fr\/produit\/robinet-pour-baignoire-douche-avec-garniture-de-valve-a-pression-equilibree-t-p-sou90tpvtcp\/#breadcrumb","itemListElement":[{"@type":"ListItem","position":1,"name":"Accueil","item":"https:\/\/www.belleflamme.ca\/fr\/"},{"@type":"ListItem","position":2,"name":"Boutique","item":"https:\/\/www.belleflamme.ca\/fr\/boutique\/"},{"@type":"ListItem","position":3,"name":"Plomberie &amp; Gaz","item":"https:\/\/staging.belleflamme.ca\/fr\/categories\/plomberie-gaz\/"},{"@type":"ListItem","position":4,"name":"Robinetterie &amp; Accessoires","item":"https:\/\/staging.belleflamme.ca\/fr\/categories\/plomberie-gaz\/robinetterie-accessoires\/"},{"@type":"ListItem","position":5,"name":"Robinet pour baignoire \/ douche avec garniture de valve \u00e0 pression \u00e9quilibr\u00e9e (T\/P) SOU90TPVTCP"}]},{"@type":"WebSite","@id":"https:\/\/www.belleflamme.ca\/fr\/#website","url":"https:\/\/www.belleflamme.ca\/fr\/","name":"Groupe Belleflamme","description":"La m\u00e9canique du b\u00e2timent dans le sang.","publisher":{"@id":"https:\/\/www.belleflamme.ca\/fr\/#organization"},"potentialAction":[{"@type":"SearchAction","target":{"@type":"EntryPoint","urlTemplate":"https:\/\/www.belleflamme.ca\/fr\/?s={search_term_string}"},"query-input":{"@type":"PropertyValueSpecification","valueRequired":true,"valueName":"search_term_string"}}],"inLanguage":"fr-FR"},{"@type":["Organization","Place"],"@id":"https:\/\/www.belleflamme.ca\/fr\/#organization","name":"Groupe Belleflamme","alternateName":"Belleflamme","url":"https:\/\/www.belleflamme.ca\/fr\/","logo":{"@type":"ImageObject","inLanguage":"fr-FR","@id":"https:\/\/www.belleflamme.ca\/fr\/#\/schema\/logo\/image\/","url":"https:\/\/staging.belleflamme.ca\/wp-content\/uploads\/2023\/01\/og-image.jpg","contentUrl":"https:\/\/staging.belleflamme.ca\/wp-content\/uploads\/2023\/01\/og-image.jpg","width":1200,"height":630,"caption":"Groupe Belleflamme"},"image":{"@id":"https:\/\/www.belleflamme.ca\/fr\/#\/schema\/logo\/image\/"},"sameAs":["https:\/\/www.facebook.com\/belleflamme.ca\/","https:\/\/www.linkedin.com\/company\/belleflamme\/","https:\/\/www.pinterest.ca\/groupebelleflamme\/","https:\/\/www.instagram.com\/legroupebelleflamme\/"],"mainEntityOfPage":{"@id":"https:\/\/staging.belleflamme.ca\/fr\/produit\/robinet-pour-baignoire-douche-avec-garniture-de-valve-a-pression-equilibree-t-p-sou90tpvtcp\/"}}]},"product_brand":"B\u00e9langer","product_price_amount":"0.00","product_price_currency":"CAD","og_availability":"instock","product_availability":"instock","product_condition":"new"},"_links":{"self":[{"href":"https:\/\/staging.belleflamme.ca\/fr\/wp-json\/wp\/v2\/product\/13853","targetHints":{"allow":["GET"]}}],"collection":[{"href":"https:\/\/staging.belleflamme.ca\/fr\/wp-json\/wp\/v2\/product"}],"about":[{"href":"https:\/\/staging.belleflamme.ca\/fr\/wp-json\/wp\/v2\/types\/product"}],"version-history":[{"count":1,"href":"https:\/\/staging.belleflamme.ca\/fr\/wp-json\/wp\/v2\/product\/13853\/revisions"}],"predecessor-version":[{"id":13856,"href":"https:\/\/staging.belleflamme.ca\/fr\/wp-json\/wp\/v2\/product\/13853\/revisions\/13856"}],"wp:featuredmedia":[{"embeddable":true,"href":"https:\/\/staging.belleflamme.ca\/fr\/wp-json\/wp\/v2\/media\/13854"}],"wp:attachment":[{"href":"https:\/\/staging.belleflamme.ca\/fr\/wp-json\/wp\/v2\/media?parent=13853"}],"wp:term":[{"taxonomy":"product_brand","embeddable":true,"href":"https:\/\/staging.belleflamme.ca\/fr\/wp-json\/wp\/v2\/product_brand?post=13853"},{"taxonomy":"product_cat","embeddable":true,"href":"https:\/\/staging.belleflamme.ca\/fr\/wp-json\/wp\/v2\/product_cat?post=13853"},{"taxonomy":"product_tag","embeddable":true,"href":"https:\/\/staging.belleflamme.ca\/fr\/wp-json\/wp\/v2\/product_tag?post=13853"}],"curies":[{"name":"wp","href":"https:\/\/api.w.org\/{rel}","templated":true}]}}