{"id":13841,"date":"2023-05-07T12:51:44","date_gmt":"2023-05-07T16:51:44","guid":{"rendered":"https:\/\/www.belleflamme.ca\/?post_type=product&#038;p=13841"},"modified":"2024-02-07T13:45:54","modified_gmt":"2024-02-07T18:45:54","slug":"garniture-pour-baignoire-romaine-sou43tmb","status":"publish","type":"product","link":"https:\/\/staging.belleflamme.ca\/fr\/produit\/garniture-pour-baignoire-romaine-sou43tmb\/","title":{"rendered":"Garniture pour baignoire romaine SOU43TMB"},"content":{"rendered":"<h3>Caract\u00e9ristiques<\/h3>\n<p>\u2022 Installation \u00e0 entraxe ajustable variant<br \/>\nde 8 \u00e0 14 pouces c\/c<br \/>\n\u2022 Garniture compatible avec l\u2019installation<br \/>\nprimaire 43RBR<br \/>\n\u2022 Pression \u00e9quilibr\u00e9e int\u00e9gr\u00e9e \u00e0 la cartouche<br \/>\n\u2022 Limiteur de temp\u00e9rature<br \/>\n\u2022 Fermeture automatique du d\u00e9bit si<br \/>\nl\u2019alimentation d\u2019eau froide est interrompue<br \/>\n\u2022 Bec de baignoire :<br \/>\n&#8211; De type Slip-on avec inverseur int\u00e9gr\u00e9<br \/>\n&#8211; D\u00e9bit maximal de 22,5 L\/min (6 gpm)<br \/>\n\u00e0 60 psi<br \/>\n\u2022 Douche \u00e0 main :<br \/>\n&#8211; \u00c0 1 type de jet<br \/>\n&#8211; Buses souples faciles \u00e0 nettoyer<br \/>\n&#8211; Boyau de 59 pouces en m\u00e9tal chrom\u00e9<br \/>\ninclus avec l&#8217;installation primaire<br \/>\n&#8211; D\u00e9bit maximal de 6,8 L\/min<br \/>\n(1,8 gpm) \u00e0 80 psi<br \/>\n\u2022 Corps en laiton<\/p>\n<h3>Cartouche<\/h3>\n<p>\u2022 C\u00e9ramique (FC9AC010)<\/p>\n<h3>Fini<\/h3>\n<p>\u2022 Noir mat<\/p>\n","protected":false},"excerpt":{"rendered":"<p>Caract\u00e9ristiques \u2022 Installation \u00e0 entraxe ajustable variant de 8 \u00e0 14 pouces c\/c \u2022 Garniture compatible avec l\u2019installation primaire 43RBR \u2022 Pression \u00e9quilibr\u00e9e int\u00e9gr\u00e9e \u00e0 la cartouche \u2022 Limiteur de temp\u00e9rature \u2022 Fermeture automatique du d\u00e9bit si l\u2019alimentation d\u2019eau froide est interrompue \u2022 Bec de baignoire : &#8211; De type Slip-on avec inverseur int\u00e9gr\u00e9 &#8211; [&hellip;]<\/p>\n","protected":false},"featured_media":13842,"template":"","meta":{"inline_featured_image":false},"product_brand":[364],"product_cat":[97,102],"product_tag":[],"class_list":{"0":"post-13841","1":"product","2":"type-product","3":"status-publish","4":"has-post-thumbnail","6":"product_brand-belanger","7":"product_cat-plomberie-gaz","8":"product_cat-robinetterie-accessoires","10":"first","11":"instock","12":"taxable","13":"shipping-taxable","14":"product-type-simple"},"yoast_head":"<!-- This site is optimized with the Yoast SEO Premium plugin v24.2 (Yoast SEO v24.2) - https:\/\/yoast.com\/wordpress\/plugins\/seo\/ -->\n<title>Garniture pour baignoire romaine SOU43TMB - Groupe BelleFlamme<\/title>\n<meta name=\"description\" content=\"Garniture pour baignoire romaine SOU43TMB vendu et install\u00e9 par le Groupe Belleflamme. Laval, Montr\u00e9al, Gatineau, Drummondville et Saint-Sauveur.\" \/>\n<meta name=\"robots\" content=\"index, follow, max-snippet:-1, max-image-preview:large, max-video-preview:-1\" \/>\n<link rel=\"canonical\" href=\"https:\/\/staging.belleflamme.ca\/fr\/produit\/garniture-pour-baignoire-romaine-sou43tmb\/\" \/>\n<meta property=\"og:locale\" content=\"fr_FR\" \/>\n<meta property=\"og:type\" content=\"article\" \/>\n<meta property=\"og:title\" content=\"Garniture pour baignoire romaine SOU43TMB\" \/>\n<meta property=\"og:description\" content=\"Garniture pour baignoire romaine SOU43TMB vendu et install\u00e9 par le Groupe Belleflamme. Laval, Montr\u00e9al, Gatineau, Drummondville et Saint-Sauveur.\" \/>\n<meta property=\"og:url\" content=\"https:\/\/staging.belleflamme.ca\/fr\/produit\/garniture-pour-baignoire-romaine-sou43tmb\/\" \/>\n<meta property=\"og:site_name\" content=\"Groupe BelleFlamme\" \/>\n<meta property=\"article:publisher\" content=\"https:\/\/www.facebook.com\/belleflamme.ca\/\" \/>\n<meta property=\"article:modified_time\" content=\"2024-02-07T18:45:54+00:00\" \/>\n<meta property=\"og:image\" content=\"https:\/\/www.belleflamme.ca\/wp-content\/uploads\/2023\/05\/SOU43TMB-scaled.jpg\" \/>\n\t<meta property=\"og:image:width\" content=\"2560\" \/>\n\t<meta property=\"og:image:height\" content=\"2560\" \/>\n\t<meta property=\"og:image:type\" content=\"image\/jpeg\" \/>\n<meta name=\"twitter:card\" content=\"summary_large_image\" \/>\n<meta name=\"twitter:label1\" content=\"Prix\" \/>\n\t<meta name=\"twitter:data1\" content=\"\" \/>\n\t<meta name=\"twitter:label2\" content=\"Disponibilit\u00e9\" \/>\n\t<meta name=\"twitter:data2\" content=\"En stock\" \/>\n<script type=\"application\/ld+json\" class=\"yoast-schema-graph\">{\"@context\":\"https:\/\/schema.org\",\"@graph\":[{\"@type\":[\"WebPage\",\"ItemPage\"],\"@id\":\"https:\/\/staging.belleflamme.ca\/fr\/produit\/garniture-pour-baignoire-romaine-sou43tmb\/\",\"url\":\"https:\/\/staging.belleflamme.ca\/fr\/produit\/garniture-pour-baignoire-romaine-sou43tmb\/\",\"name\":\"Garniture pour baignoire romaine SOU43TMB - Groupe BelleFlamme\",\"isPartOf\":{\"@id\":\"https:\/\/www.belleflamme.ca\/fr\/#website\"},\"primaryImageOfPage\":{\"@id\":\"https:\/\/staging.belleflamme.ca\/fr\/produit\/garniture-pour-baignoire-romaine-sou43tmb\/#primaryimage\"},\"image\":{\"@id\":\"https:\/\/staging.belleflamme.ca\/fr\/produit\/garniture-pour-baignoire-romaine-sou43tmb\/#primaryimage\"},\"thumbnailUrl\":\"https:\/\/staging.belleflamme.ca\/wp-content\/uploads\/2023\/05\/SOU43TMB-scaled.jpg\",\"datePublished\":\"2023-05-07T16:51:44+00:00\",\"dateModified\":\"2024-02-07T18:45:54+00:00\",\"description\":\"Garniture pour baignoire romaine SOU43TMB [get_meta_en_fr]\",\"breadcrumb\":{\"@id\":\"https:\/\/staging.belleflamme.ca\/fr\/produit\/garniture-pour-baignoire-romaine-sou43tmb\/#breadcrumb\"},\"inLanguage\":\"fr-FR\",\"potentialAction\":[{\"@type\":\"ReadAction\",\"target\":[\"https:\/\/staging.belleflamme.ca\/fr\/produit\/garniture-pour-baignoire-romaine-sou43tmb\/\"]}]},{\"@type\":\"ImageObject\",\"inLanguage\":\"fr-FR\",\"@id\":\"https:\/\/staging.belleflamme.ca\/fr\/produit\/garniture-pour-baignoire-romaine-sou43tmb\/#primaryimage\",\"url\":\"https:\/\/staging.belleflamme.ca\/wp-content\/uploads\/2023\/05\/SOU43TMB-scaled.jpg\",\"contentUrl\":\"https:\/\/staging.belleflamme.ca\/wp-content\/uploads\/2023\/05\/SOU43TMB-scaled.jpg\",\"width\":2560,\"height\":2560,\"caption\":\"SOU43TMB b\u00e9langer\"},{\"@type\":\"BreadcrumbList\",\"@id\":\"https:\/\/staging.belleflamme.ca\/fr\/produit\/garniture-pour-baignoire-romaine-sou43tmb\/#breadcrumb\",\"itemListElement\":[{\"@type\":\"ListItem\",\"position\":1,\"name\":\"Accueil\",\"item\":\"https:\/\/www.belleflamme.ca\/fr\/\"},{\"@type\":\"ListItem\",\"position\":2,\"name\":\"Boutique\",\"item\":\"https:\/\/www.belleflamme.ca\/fr\/boutique\/\"},{\"@type\":\"ListItem\",\"position\":3,\"name\":\"Plomberie &amp; Gaz\",\"item\":\"https:\/\/staging.belleflamme.ca\/fr\/categories\/plomberie-gaz\/\"},{\"@type\":\"ListItem\",\"position\":4,\"name\":\"Robinetterie &amp; Accessoires\",\"item\":\"https:\/\/staging.belleflamme.ca\/fr\/categories\/plomberie-gaz\/robinetterie-accessoires\/\"},{\"@type\":\"ListItem\",\"position\":5,\"name\":\"Garniture pour baignoire romaine SOU43TMB\"}]},{\"@type\":\"WebSite\",\"@id\":\"https:\/\/www.belleflamme.ca\/fr\/#website\",\"url\":\"https:\/\/www.belleflamme.ca\/fr\/\",\"name\":\"Groupe Belleflamme\",\"description\":\"La m\u00e9canique du b\u00e2timent dans le sang.\",\"publisher\":{\"@id\":\"https:\/\/www.belleflamme.ca\/fr\/#organization\"},\"potentialAction\":[{\"@type\":\"SearchAction\",\"target\":{\"@type\":\"EntryPoint\",\"urlTemplate\":\"https:\/\/www.belleflamme.ca\/fr\/?s={search_term_string}\"},\"query-input\":{\"@type\":\"PropertyValueSpecification\",\"valueRequired\":true,\"valueName\":\"search_term_string\"}}],\"inLanguage\":\"fr-FR\"},{\"@type\":[\"Organization\",\"Place\"],\"@id\":\"https:\/\/www.belleflamme.ca\/fr\/#organization\",\"name\":\"Groupe Belleflamme\",\"alternateName\":\"Belleflamme\",\"url\":\"https:\/\/www.belleflamme.ca\/fr\/\",\"logo\":{\"@type\":\"ImageObject\",\"inLanguage\":\"fr-FR\",\"@id\":\"https:\/\/www.belleflamme.ca\/fr\/#\/schema\/logo\/image\/\",\"url\":\"https:\/\/staging.belleflamme.ca\/wp-content\/uploads\/2023\/01\/og-image.jpg\",\"contentUrl\":\"https:\/\/staging.belleflamme.ca\/wp-content\/uploads\/2023\/01\/og-image.jpg\",\"width\":1200,\"height\":630,\"caption\":\"Groupe Belleflamme\"},\"image\":{\"@id\":\"https:\/\/www.belleflamme.ca\/fr\/#\/schema\/logo\/image\/\"},\"sameAs\":[\"https:\/\/www.facebook.com\/belleflamme.ca\/\",\"https:\/\/www.linkedin.com\/company\/belleflamme\/\",\"https:\/\/www.pinterest.ca\/groupebelleflamme\/\",\"https:\/\/www.instagram.com\/legroupebelleflamme\/\"],\"mainEntityOfPage\":{\"@id\":\"https:\/\/staging.belleflamme.ca\/fr\/produit\/garniture-pour-baignoire-romaine-sou43tmb\/\"}}]}<\/script>\n<meta property=\"product:brand\" content=\"B\u00e9langer\" \/>\n<meta property=\"product:price:amount\" content=\"0.00\" \/>\n<meta property=\"product:price:currency\" content=\"CAD\" \/>\n<meta property=\"og:availability\" content=\"instock\" \/>\n<meta property=\"product:availability\" content=\"instock\" \/>\n<meta property=\"product:condition\" content=\"new\" \/>\n<!-- \/ Yoast SEO Premium plugin. -->","yoast_head_json":{"title":"Garniture pour baignoire romaine SOU43TMB - Groupe BelleFlamme","description":"Garniture pour baignoire romaine SOU43TMB vendu et install\u00e9 par le Groupe Belleflamme. Laval, Montr\u00e9al, Gatineau, Drummondville et Saint-Sauveur.","robots":{"index":"index","follow":"follow","max-snippet":"max-snippet:-1","max-image-preview":"max-image-preview:large","max-video-preview":"max-video-preview:-1"},"canonical":"https:\/\/staging.belleflamme.ca\/fr\/produit\/garniture-pour-baignoire-romaine-sou43tmb\/","og_locale":"fr_FR","og_type":"article","og_title":"Garniture pour baignoire romaine SOU43TMB","og_description":"Garniture pour baignoire romaine SOU43TMB vendu et install\u00e9 par le Groupe Belleflamme. Laval, Montr\u00e9al, Gatineau, Drummondville et Saint-Sauveur.","og_url":"https:\/\/staging.belleflamme.ca\/fr\/produit\/garniture-pour-baignoire-romaine-sou43tmb\/","og_site_name":"Groupe BelleFlamme","article_publisher":"https:\/\/www.facebook.com\/belleflamme.ca\/","article_modified_time":"2024-02-07T18:45:54+00:00","og_image":[{"width":2560,"height":2560,"url":"https:\/\/www.belleflamme.ca\/wp-content\/uploads\/2023\/05\/SOU43TMB-scaled.jpg","type":"image\/jpeg"}],"twitter_card":"summary_large_image","twitter_misc":{"Prix":"","Disponibilit\u00e9":"En stock"},"schema":{"@context":"https:\/\/schema.org","@graph":[{"@type":["WebPage","ItemPage"],"@id":"https:\/\/staging.belleflamme.ca\/fr\/produit\/garniture-pour-baignoire-romaine-sou43tmb\/","url":"https:\/\/staging.belleflamme.ca\/fr\/produit\/garniture-pour-baignoire-romaine-sou43tmb\/","name":"Garniture pour baignoire romaine SOU43TMB - Groupe BelleFlamme","isPartOf":{"@id":"https:\/\/www.belleflamme.ca\/fr\/#website"},"primaryImageOfPage":{"@id":"https:\/\/staging.belleflamme.ca\/fr\/produit\/garniture-pour-baignoire-romaine-sou43tmb\/#primaryimage"},"image":{"@id":"https:\/\/staging.belleflamme.ca\/fr\/produit\/garniture-pour-baignoire-romaine-sou43tmb\/#primaryimage"},"thumbnailUrl":"https:\/\/staging.belleflamme.ca\/wp-content\/uploads\/2023\/05\/SOU43TMB-scaled.jpg","datePublished":"2023-05-07T16:51:44+00:00","dateModified":"2024-02-07T18:45:54+00:00","description":"Garniture pour baignoire romaine SOU43TMB [get_meta_en_fr]","breadcrumb":{"@id":"https:\/\/staging.belleflamme.ca\/fr\/produit\/garniture-pour-baignoire-romaine-sou43tmb\/#breadcrumb"},"inLanguage":"fr-FR","potentialAction":[{"@type":"ReadAction","target":["https:\/\/staging.belleflamme.ca\/fr\/produit\/garniture-pour-baignoire-romaine-sou43tmb\/"]}]},{"@type":"ImageObject","inLanguage":"fr-FR","@id":"https:\/\/staging.belleflamme.ca\/fr\/produit\/garniture-pour-baignoire-romaine-sou43tmb\/#primaryimage","url":"https:\/\/staging.belleflamme.ca\/wp-content\/uploads\/2023\/05\/SOU43TMB-scaled.jpg","contentUrl":"https:\/\/staging.belleflamme.ca\/wp-content\/uploads\/2023\/05\/SOU43TMB-scaled.jpg","width":2560,"height":2560,"caption":"SOU43TMB b\u00e9langer"},{"@type":"BreadcrumbList","@id":"https:\/\/staging.belleflamme.ca\/fr\/produit\/garniture-pour-baignoire-romaine-sou43tmb\/#breadcrumb","itemListElement":[{"@type":"ListItem","position":1,"name":"Accueil","item":"https:\/\/www.belleflamme.ca\/fr\/"},{"@type":"ListItem","position":2,"name":"Boutique","item":"https:\/\/www.belleflamme.ca\/fr\/boutique\/"},{"@type":"ListItem","position":3,"name":"Plomberie &amp; Gaz","item":"https:\/\/staging.belleflamme.ca\/fr\/categories\/plomberie-gaz\/"},{"@type":"ListItem","position":4,"name":"Robinetterie &amp; Accessoires","item":"https:\/\/staging.belleflamme.ca\/fr\/categories\/plomberie-gaz\/robinetterie-accessoires\/"},{"@type":"ListItem","position":5,"name":"Garniture pour baignoire romaine SOU43TMB"}]},{"@type":"WebSite","@id":"https:\/\/www.belleflamme.ca\/fr\/#website","url":"https:\/\/www.belleflamme.ca\/fr\/","name":"Groupe Belleflamme","description":"La m\u00e9canique du b\u00e2timent dans le sang.","publisher":{"@id":"https:\/\/www.belleflamme.ca\/fr\/#organization"},"potentialAction":[{"@type":"SearchAction","target":{"@type":"EntryPoint","urlTemplate":"https:\/\/www.belleflamme.ca\/fr\/?s={search_term_string}"},"query-input":{"@type":"PropertyValueSpecification","valueRequired":true,"valueName":"search_term_string"}}],"inLanguage":"fr-FR"},{"@type":["Organization","Place"],"@id":"https:\/\/www.belleflamme.ca\/fr\/#organization","name":"Groupe Belleflamme","alternateName":"Belleflamme","url":"https:\/\/www.belleflamme.ca\/fr\/","logo":{"@type":"ImageObject","inLanguage":"fr-FR","@id":"https:\/\/www.belleflamme.ca\/fr\/#\/schema\/logo\/image\/","url":"https:\/\/staging.belleflamme.ca\/wp-content\/uploads\/2023\/01\/og-image.jpg","contentUrl":"https:\/\/staging.belleflamme.ca\/wp-content\/uploads\/2023\/01\/og-image.jpg","width":1200,"height":630,"caption":"Groupe Belleflamme"},"image":{"@id":"https:\/\/www.belleflamme.ca\/fr\/#\/schema\/logo\/image\/"},"sameAs":["https:\/\/www.facebook.com\/belleflamme.ca\/","https:\/\/www.linkedin.com\/company\/belleflamme\/","https:\/\/www.pinterest.ca\/groupebelleflamme\/","https:\/\/www.instagram.com\/legroupebelleflamme\/"],"mainEntityOfPage":{"@id":"https:\/\/staging.belleflamme.ca\/fr\/produit\/garniture-pour-baignoire-romaine-sou43tmb\/"}}]},"product_brand":"B\u00e9langer","product_price_amount":"0.00","product_price_currency":"CAD","og_availability":"instock","product_availability":"instock","product_condition":"new"},"_links":{"self":[{"href":"https:\/\/staging.belleflamme.ca\/fr\/wp-json\/wp\/v2\/product\/13841","targetHints":{"allow":["GET"]}}],"collection":[{"href":"https:\/\/staging.belleflamme.ca\/fr\/wp-json\/wp\/v2\/product"}],"about":[{"href":"https:\/\/staging.belleflamme.ca\/fr\/wp-json\/wp\/v2\/types\/product"}],"version-history":[{"count":1,"href":"https:\/\/staging.belleflamme.ca\/fr\/wp-json\/wp\/v2\/product\/13841\/revisions"}],"predecessor-version":[{"id":13844,"href":"https:\/\/staging.belleflamme.ca\/fr\/wp-json\/wp\/v2\/product\/13841\/revisions\/13844"}],"wp:featuredmedia":[{"embeddable":true,"href":"https:\/\/staging.belleflamme.ca\/fr\/wp-json\/wp\/v2\/media\/13842"}],"wp:attachment":[{"href":"https:\/\/staging.belleflamme.ca\/fr\/wp-json\/wp\/v2\/media?parent=13841"}],"wp:term":[{"taxonomy":"product_brand","embeddable":true,"href":"https:\/\/staging.belleflamme.ca\/fr\/wp-json\/wp\/v2\/product_brand?post=13841"},{"taxonomy":"product_cat","embeddable":true,"href":"https:\/\/staging.belleflamme.ca\/fr\/wp-json\/wp\/v2\/product_cat?post=13841"},{"taxonomy":"product_tag","embeddable":true,"href":"https:\/\/staging.belleflamme.ca\/fr\/wp-json\/wp\/v2\/product_tag?post=13841"}],"curies":[{"name":"wp","href":"https:\/\/api.w.org\/{rel}","templated":true}]}}