{"id":13800,"date":"2023-05-07T12:23:36","date_gmt":"2023-05-07T16:23:36","guid":{"rendered":"https:\/\/www.belleflamme.ca\/?post_type=product&#038;p=13800"},"modified":"2024-02-07T13:50:30","modified_gmt":"2024-02-07T18:50:30","slug":"robinet-pour-lavabo-de-salle-de-bain-avec-controle-de-volume-sou22cp2","status":"publish","type":"product","link":"https:\/\/staging.belleflamme.ca\/fr\/produit\/robinet-pour-lavabo-de-salle-de-bain-avec-controle-de-volume-sou22cp2\/","title":{"rendered":"Robinet pour lavabo de salle de bain avec contr\u00f4le de volume SOU22CP2"},"content":{"rendered":"<h3>Caract\u00e9ristiques<\/h3>\n<p>\u2022 Installation monotrou<br \/>\n(trou min. 1-1\/8 pouces)<br \/>\n\u2022 A\u00e9rateur pivotant<br \/>\n\u2022 Plaque de recouvrement optionnelle<br \/>\n(FCKTS3050 vendue s\u00e9par\u00e9ment)<br \/>\n\u2022 Drain presto inclus<br \/>\n\u2022 D\u00e9bit maximal de 4,5 L\/min<br \/>\n(1,2 gpm) \u00e0 60 psi<br \/>\n\u2022 Corps en laiton<br \/>\n\u2022 Faible teneur en plomb (moins de 0,25%)<br \/>\n\u2022 Raccordements 3\/8 pouce<br \/>\n(9\/16-24 UNEF) avec connecteurs<br \/>\nflexibles tress\u00e9s en nylon<\/p>\n<h3>Cartouche<\/h3>\n<p>\u2022 C\u00e9ramique (FC9M5)<\/p>\n<h3>Fini<\/h3>\n<p>\u2022 Chrome poli<\/p>\n","protected":false},"excerpt":{"rendered":"<p>Caract\u00e9ristiques \u2022 Installation monotrou (trou min. 1-1\/8 pouces) \u2022 A\u00e9rateur pivotant \u2022 Plaque de recouvrement optionnelle (FCKTS3050 vendue s\u00e9par\u00e9ment) \u2022 Drain presto inclus \u2022 D\u00e9bit maximal de 4,5 L\/min (1,2 gpm) \u00e0 60 psi \u2022 Corps en laiton \u2022 Faible teneur en plomb (moins de 0,25%) \u2022 Raccordements 3\/8 pouce (9\/16-24 UNEF) avec connecteurs flexibles [&hellip;]<\/p>\n","protected":false},"featured_media":13801,"template":"","meta":{"inline_featured_image":false},"product_brand":[364],"product_cat":[97,102],"product_tag":[],"class_list":{"0":"post-13800","1":"product","2":"type-product","3":"status-publish","4":"has-post-thumbnail","6":"product_brand-belanger","7":"product_cat-plomberie-gaz","8":"product_cat-robinetterie-accessoires","10":"first","11":"instock","12":"taxable","13":"shipping-taxable","14":"product-type-simple"},"yoast_head":"<!-- This site is optimized with the Yoast SEO Premium plugin v24.2 (Yoast SEO v24.2) - https:\/\/yoast.com\/wordpress\/plugins\/seo\/ -->\n<title>Robinet pour lavabo de salle de bain avec contr\u00f4le de volume SOU22CP2 - Groupe BelleFlamme<\/title>\n<meta name=\"description\" content=\"Robinet pour lavabo de salle de bain avec contr\u00f4le de volume SOU22CP2 vendu et install\u00e9 par le Groupe Belleflamme. Laval, Montr\u00e9al, Gatineau, Drummondville et Saint-Sauveur.\" \/>\n<meta name=\"robots\" content=\"index, follow, max-snippet:-1, max-image-preview:large, max-video-preview:-1\" \/>\n<link rel=\"canonical\" href=\"https:\/\/staging.belleflamme.ca\/fr\/produit\/robinet-pour-lavabo-de-salle-de-bain-avec-controle-de-volume-sou22cp2\/\" \/>\n<meta property=\"og:locale\" content=\"fr_FR\" \/>\n<meta property=\"og:type\" content=\"article\" \/>\n<meta property=\"og:title\" content=\"Robinet pour lavabo de salle de bain avec contr\u00f4le de volume SOU22CP2\" \/>\n<meta property=\"og:description\" content=\"Robinet pour lavabo de salle de bain avec contr\u00f4le de volume SOU22CP2 vendu et install\u00e9 par le Groupe Belleflamme. Laval, Montr\u00e9al, Gatineau, Drummondville et Saint-Sauveur.\" \/>\n<meta property=\"og:url\" content=\"https:\/\/staging.belleflamme.ca\/fr\/produit\/robinet-pour-lavabo-de-salle-de-bain-avec-controle-de-volume-sou22cp2\/\" \/>\n<meta property=\"og:site_name\" content=\"Groupe BelleFlamme\" \/>\n<meta property=\"article:publisher\" content=\"https:\/\/www.facebook.com\/belleflamme.ca\/\" \/>\n<meta property=\"article:modified_time\" content=\"2024-02-07T18:50:30+00:00\" \/>\n<meta property=\"og:image\" content=\"https:\/\/www.belleflamme.ca\/wp-content\/uploads\/2023\/05\/SOU22CP2_room.jpg\" \/>\n\t<meta property=\"og:image:width\" content=\"2000\" \/>\n\t<meta property=\"og:image:height\" content=\"2000\" \/>\n\t<meta property=\"og:image:type\" content=\"image\/jpeg\" \/>\n<meta name=\"twitter:card\" content=\"summary_large_image\" \/>\n<meta name=\"twitter:label1\" content=\"Prix\" \/>\n\t<meta name=\"twitter:data1\" content=\"\" \/>\n\t<meta name=\"twitter:label2\" content=\"Disponibilit\u00e9\" \/>\n\t<meta name=\"twitter:data2\" content=\"En stock\" \/>\n<script type=\"application\/ld+json\" class=\"yoast-schema-graph\">{\"@context\":\"https:\/\/schema.org\",\"@graph\":[{\"@type\":[\"WebPage\",\"ItemPage\"],\"@id\":\"https:\/\/staging.belleflamme.ca\/fr\/produit\/robinet-pour-lavabo-de-salle-de-bain-avec-controle-de-volume-sou22cp2\/\",\"url\":\"https:\/\/staging.belleflamme.ca\/fr\/produit\/robinet-pour-lavabo-de-salle-de-bain-avec-controle-de-volume-sou22cp2\/\",\"name\":\"Robinet pour lavabo de salle de bain avec contr\u00f4le de volume SOU22CP2 - Groupe BelleFlamme\",\"isPartOf\":{\"@id\":\"https:\/\/www.belleflamme.ca\/fr\/#website\"},\"primaryImageOfPage\":{\"@id\":\"https:\/\/staging.belleflamme.ca\/fr\/produit\/robinet-pour-lavabo-de-salle-de-bain-avec-controle-de-volume-sou22cp2\/#primaryimage\"},\"image\":{\"@id\":\"https:\/\/staging.belleflamme.ca\/fr\/produit\/robinet-pour-lavabo-de-salle-de-bain-avec-controle-de-volume-sou22cp2\/#primaryimage\"},\"thumbnailUrl\":\"https:\/\/staging.belleflamme.ca\/wp-content\/uploads\/2023\/05\/SOU22CP2_room.jpg\",\"datePublished\":\"2023-05-07T16:23:36+00:00\",\"dateModified\":\"2024-02-07T18:50:30+00:00\",\"description\":\"Robinet pour lavabo de salle de bain avec contr\u00f4le de volume SOU22CP2 [get_meta_en_fr]\",\"breadcrumb\":{\"@id\":\"https:\/\/staging.belleflamme.ca\/fr\/produit\/robinet-pour-lavabo-de-salle-de-bain-avec-controle-de-volume-sou22cp2\/#breadcrumb\"},\"inLanguage\":\"fr-FR\",\"potentialAction\":[{\"@type\":\"ReadAction\",\"target\":[\"https:\/\/staging.belleflamme.ca\/fr\/produit\/robinet-pour-lavabo-de-salle-de-bain-avec-controle-de-volume-sou22cp2\/\"]}]},{\"@type\":\"ImageObject\",\"inLanguage\":\"fr-FR\",\"@id\":\"https:\/\/staging.belleflamme.ca\/fr\/produit\/robinet-pour-lavabo-de-salle-de-bain-avec-controle-de-volume-sou22cp2\/#primaryimage\",\"url\":\"https:\/\/staging.belleflamme.ca\/wp-content\/uploads\/2023\/05\/SOU22CP2_room.jpg\",\"contentUrl\":\"https:\/\/staging.belleflamme.ca\/wp-content\/uploads\/2023\/05\/SOU22CP2_room.jpg\",\"width\":2000,\"height\":2000,\"caption\":\"SOU22CP2 b\u00e9langer\"},{\"@type\":\"BreadcrumbList\",\"@id\":\"https:\/\/staging.belleflamme.ca\/fr\/produit\/robinet-pour-lavabo-de-salle-de-bain-avec-controle-de-volume-sou22cp2\/#breadcrumb\",\"itemListElement\":[{\"@type\":\"ListItem\",\"position\":1,\"name\":\"Accueil\",\"item\":\"https:\/\/www.belleflamme.ca\/fr\/\"},{\"@type\":\"ListItem\",\"position\":2,\"name\":\"Boutique\",\"item\":\"https:\/\/www.belleflamme.ca\/fr\/boutique\/\"},{\"@type\":\"ListItem\",\"position\":3,\"name\":\"Plomberie &amp; Gaz\",\"item\":\"https:\/\/staging.belleflamme.ca\/fr\/categories\/plomberie-gaz\/\"},{\"@type\":\"ListItem\",\"position\":4,\"name\":\"Robinetterie &amp; Accessoires\",\"item\":\"https:\/\/staging.belleflamme.ca\/fr\/categories\/plomberie-gaz\/robinetterie-accessoires\/\"},{\"@type\":\"ListItem\",\"position\":5,\"name\":\"Robinet pour lavabo de salle de bain avec contr\u00f4le de volume SOU22CP2\"}]},{\"@type\":\"WebSite\",\"@id\":\"https:\/\/www.belleflamme.ca\/fr\/#website\",\"url\":\"https:\/\/www.belleflamme.ca\/fr\/\",\"name\":\"Groupe Belleflamme\",\"description\":\"La m\u00e9canique du b\u00e2timent dans le sang.\",\"publisher\":{\"@id\":\"https:\/\/www.belleflamme.ca\/fr\/#organization\"},\"potentialAction\":[{\"@type\":\"SearchAction\",\"target\":{\"@type\":\"EntryPoint\",\"urlTemplate\":\"https:\/\/www.belleflamme.ca\/fr\/?s={search_term_string}\"},\"query-input\":{\"@type\":\"PropertyValueSpecification\",\"valueRequired\":true,\"valueName\":\"search_term_string\"}}],\"inLanguage\":\"fr-FR\"},{\"@type\":[\"Organization\",\"Place\"],\"@id\":\"https:\/\/www.belleflamme.ca\/fr\/#organization\",\"name\":\"Groupe Belleflamme\",\"alternateName\":\"Belleflamme\",\"url\":\"https:\/\/www.belleflamme.ca\/fr\/\",\"logo\":{\"@type\":\"ImageObject\",\"inLanguage\":\"fr-FR\",\"@id\":\"https:\/\/www.belleflamme.ca\/fr\/#\/schema\/logo\/image\/\",\"url\":\"https:\/\/staging.belleflamme.ca\/wp-content\/uploads\/2023\/01\/og-image.jpg\",\"contentUrl\":\"https:\/\/staging.belleflamme.ca\/wp-content\/uploads\/2023\/01\/og-image.jpg\",\"width\":1200,\"height\":630,\"caption\":\"Groupe Belleflamme\"},\"image\":{\"@id\":\"https:\/\/www.belleflamme.ca\/fr\/#\/schema\/logo\/image\/\"},\"sameAs\":[\"https:\/\/www.facebook.com\/belleflamme.ca\/\",\"https:\/\/www.linkedin.com\/company\/belleflamme\/\",\"https:\/\/www.pinterest.ca\/groupebelleflamme\/\",\"https:\/\/www.instagram.com\/legroupebelleflamme\/\"],\"mainEntityOfPage\":{\"@id\":\"https:\/\/staging.belleflamme.ca\/fr\/produit\/robinet-pour-lavabo-de-salle-de-bain-avec-controle-de-volume-sou22cp2\/\"}}]}<\/script>\n<meta property=\"product:brand\" content=\"B\u00e9langer\" \/>\n<meta property=\"product:price:amount\" content=\"0.00\" \/>\n<meta property=\"product:price:currency\" content=\"CAD\" \/>\n<meta property=\"og:availability\" content=\"instock\" \/>\n<meta property=\"product:availability\" content=\"instock\" \/>\n<meta property=\"product:condition\" content=\"new\" \/>\n<!-- \/ Yoast SEO Premium plugin. -->","yoast_head_json":{"title":"Robinet pour lavabo de salle de bain avec contr\u00f4le de volume SOU22CP2 - Groupe BelleFlamme","description":"Robinet pour lavabo de salle de bain avec contr\u00f4le de volume SOU22CP2 vendu et install\u00e9 par le Groupe Belleflamme. Laval, Montr\u00e9al, Gatineau, Drummondville et Saint-Sauveur.","robots":{"index":"index","follow":"follow","max-snippet":"max-snippet:-1","max-image-preview":"max-image-preview:large","max-video-preview":"max-video-preview:-1"},"canonical":"https:\/\/staging.belleflamme.ca\/fr\/produit\/robinet-pour-lavabo-de-salle-de-bain-avec-controle-de-volume-sou22cp2\/","og_locale":"fr_FR","og_type":"article","og_title":"Robinet pour lavabo de salle de bain avec contr\u00f4le de volume SOU22CP2","og_description":"Robinet pour lavabo de salle de bain avec contr\u00f4le de volume SOU22CP2 vendu et install\u00e9 par le Groupe Belleflamme. Laval, Montr\u00e9al, Gatineau, Drummondville et Saint-Sauveur.","og_url":"https:\/\/staging.belleflamme.ca\/fr\/produit\/robinet-pour-lavabo-de-salle-de-bain-avec-controle-de-volume-sou22cp2\/","og_site_name":"Groupe BelleFlamme","article_publisher":"https:\/\/www.facebook.com\/belleflamme.ca\/","article_modified_time":"2024-02-07T18:50:30+00:00","og_image":[{"width":2000,"height":2000,"url":"https:\/\/www.belleflamme.ca\/wp-content\/uploads\/2023\/05\/SOU22CP2_room.jpg","type":"image\/jpeg"}],"twitter_card":"summary_large_image","twitter_misc":{"Prix":"","Disponibilit\u00e9":"En stock"},"schema":{"@context":"https:\/\/schema.org","@graph":[{"@type":["WebPage","ItemPage"],"@id":"https:\/\/staging.belleflamme.ca\/fr\/produit\/robinet-pour-lavabo-de-salle-de-bain-avec-controle-de-volume-sou22cp2\/","url":"https:\/\/staging.belleflamme.ca\/fr\/produit\/robinet-pour-lavabo-de-salle-de-bain-avec-controle-de-volume-sou22cp2\/","name":"Robinet pour lavabo de salle de bain avec contr\u00f4le de volume SOU22CP2 - Groupe BelleFlamme","isPartOf":{"@id":"https:\/\/www.belleflamme.ca\/fr\/#website"},"primaryImageOfPage":{"@id":"https:\/\/staging.belleflamme.ca\/fr\/produit\/robinet-pour-lavabo-de-salle-de-bain-avec-controle-de-volume-sou22cp2\/#primaryimage"},"image":{"@id":"https:\/\/staging.belleflamme.ca\/fr\/produit\/robinet-pour-lavabo-de-salle-de-bain-avec-controle-de-volume-sou22cp2\/#primaryimage"},"thumbnailUrl":"https:\/\/staging.belleflamme.ca\/wp-content\/uploads\/2023\/05\/SOU22CP2_room.jpg","datePublished":"2023-05-07T16:23:36+00:00","dateModified":"2024-02-07T18:50:30+00:00","description":"Robinet pour lavabo de salle de bain avec contr\u00f4le de volume SOU22CP2 [get_meta_en_fr]","breadcrumb":{"@id":"https:\/\/staging.belleflamme.ca\/fr\/produit\/robinet-pour-lavabo-de-salle-de-bain-avec-controle-de-volume-sou22cp2\/#breadcrumb"},"inLanguage":"fr-FR","potentialAction":[{"@type":"ReadAction","target":["https:\/\/staging.belleflamme.ca\/fr\/produit\/robinet-pour-lavabo-de-salle-de-bain-avec-controle-de-volume-sou22cp2\/"]}]},{"@type":"ImageObject","inLanguage":"fr-FR","@id":"https:\/\/staging.belleflamme.ca\/fr\/produit\/robinet-pour-lavabo-de-salle-de-bain-avec-controle-de-volume-sou22cp2\/#primaryimage","url":"https:\/\/staging.belleflamme.ca\/wp-content\/uploads\/2023\/05\/SOU22CP2_room.jpg","contentUrl":"https:\/\/staging.belleflamme.ca\/wp-content\/uploads\/2023\/05\/SOU22CP2_room.jpg","width":2000,"height":2000,"caption":"SOU22CP2 b\u00e9langer"},{"@type":"BreadcrumbList","@id":"https:\/\/staging.belleflamme.ca\/fr\/produit\/robinet-pour-lavabo-de-salle-de-bain-avec-controle-de-volume-sou22cp2\/#breadcrumb","itemListElement":[{"@type":"ListItem","position":1,"name":"Accueil","item":"https:\/\/www.belleflamme.ca\/fr\/"},{"@type":"ListItem","position":2,"name":"Boutique","item":"https:\/\/www.belleflamme.ca\/fr\/boutique\/"},{"@type":"ListItem","position":3,"name":"Plomberie &amp; Gaz","item":"https:\/\/staging.belleflamme.ca\/fr\/categories\/plomberie-gaz\/"},{"@type":"ListItem","position":4,"name":"Robinetterie &amp; Accessoires","item":"https:\/\/staging.belleflamme.ca\/fr\/categories\/plomberie-gaz\/robinetterie-accessoires\/"},{"@type":"ListItem","position":5,"name":"Robinet pour lavabo de salle de bain avec contr\u00f4le de volume SOU22CP2"}]},{"@type":"WebSite","@id":"https:\/\/www.belleflamme.ca\/fr\/#website","url":"https:\/\/www.belleflamme.ca\/fr\/","name":"Groupe Belleflamme","description":"La m\u00e9canique du b\u00e2timent dans le sang.","publisher":{"@id":"https:\/\/www.belleflamme.ca\/fr\/#organization"},"potentialAction":[{"@type":"SearchAction","target":{"@type":"EntryPoint","urlTemplate":"https:\/\/www.belleflamme.ca\/fr\/?s={search_term_string}"},"query-input":{"@type":"PropertyValueSpecification","valueRequired":true,"valueName":"search_term_string"}}],"inLanguage":"fr-FR"},{"@type":["Organization","Place"],"@id":"https:\/\/www.belleflamme.ca\/fr\/#organization","name":"Groupe Belleflamme","alternateName":"Belleflamme","url":"https:\/\/www.belleflamme.ca\/fr\/","logo":{"@type":"ImageObject","inLanguage":"fr-FR","@id":"https:\/\/www.belleflamme.ca\/fr\/#\/schema\/logo\/image\/","url":"https:\/\/staging.belleflamme.ca\/wp-content\/uploads\/2023\/01\/og-image.jpg","contentUrl":"https:\/\/staging.belleflamme.ca\/wp-content\/uploads\/2023\/01\/og-image.jpg","width":1200,"height":630,"caption":"Groupe Belleflamme"},"image":{"@id":"https:\/\/www.belleflamme.ca\/fr\/#\/schema\/logo\/image\/"},"sameAs":["https:\/\/www.facebook.com\/belleflamme.ca\/","https:\/\/www.linkedin.com\/company\/belleflamme\/","https:\/\/www.pinterest.ca\/groupebelleflamme\/","https:\/\/www.instagram.com\/legroupebelleflamme\/"],"mainEntityOfPage":{"@id":"https:\/\/staging.belleflamme.ca\/fr\/produit\/robinet-pour-lavabo-de-salle-de-bain-avec-controle-de-volume-sou22cp2\/"}}]},"product_brand":"B\u00e9langer","product_price_amount":"0.00","product_price_currency":"CAD","og_availability":"instock","product_availability":"instock","product_condition":"new"},"_links":{"self":[{"href":"https:\/\/staging.belleflamme.ca\/fr\/wp-json\/wp\/v2\/product\/13800","targetHints":{"allow":["GET"]}}],"collection":[{"href":"https:\/\/staging.belleflamme.ca\/fr\/wp-json\/wp\/v2\/product"}],"about":[{"href":"https:\/\/staging.belleflamme.ca\/fr\/wp-json\/wp\/v2\/types\/product"}],"version-history":[{"count":1,"href":"https:\/\/staging.belleflamme.ca\/fr\/wp-json\/wp\/v2\/product\/13800\/revisions"}],"predecessor-version":[{"id":13803,"href":"https:\/\/staging.belleflamme.ca\/fr\/wp-json\/wp\/v2\/product\/13800\/revisions\/13803"}],"wp:featuredmedia":[{"embeddable":true,"href":"https:\/\/staging.belleflamme.ca\/fr\/wp-json\/wp\/v2\/media\/13801"}],"wp:attachment":[{"href":"https:\/\/staging.belleflamme.ca\/fr\/wp-json\/wp\/v2\/media?parent=13800"}],"wp:term":[{"taxonomy":"product_brand","embeddable":true,"href":"https:\/\/staging.belleflamme.ca\/fr\/wp-json\/wp\/v2\/product_brand?post=13800"},{"taxonomy":"product_cat","embeddable":true,"href":"https:\/\/staging.belleflamme.ca\/fr\/wp-json\/wp\/v2\/product_cat?post=13800"},{"taxonomy":"product_tag","embeddable":true,"href":"https:\/\/staging.belleflamme.ca\/fr\/wp-json\/wp\/v2\/product_tag?post=13800"}],"curies":[{"name":"wp","href":"https:\/\/api.w.org\/{rel}","templated":true}]}}