{"id":13575,"date":"2023-05-06T14:05:57","date_gmt":"2023-05-06T18:05:57","guid":{"rendered":"https:\/\/www.belleflamme.ca\/?post_type=product&#038;p=13575"},"modified":"2024-02-07T14:13:24","modified_gmt":"2024-02-07T19:13:24","slug":"kit-robinet-pour-douche-garniture-pour-valve-thermostatique-deviatrice-2-voies","status":"publish","type":"product","link":"https:\/\/staging.belleflamme.ca\/fr\/produit\/kit-robinet-pour-douche-garniture-pour-valve-thermostatique-deviatrice-2-voies\/","title":{"rendered":"Kit : Robinet pour douche &#8211; Garniture pour valve thermostatique, d\u00e9viatrice 2 voies"},"content":{"rendered":"<h3>Caract\u00e9ristiques<\/h3>\n<p>\u2022 Garniture compatible avec les installations primaires 98TSR2<br \/>\net 98TSR2PEX<br \/>\n\u2022 Limiteur de temp\u00e9rature ajustable<br \/>\n\u2022 Indicateur de temp\u00e9rature \u00e0 38\u00b0C sur la plaque de finition<br \/>\n\u2022 Temp\u00e9rature ajustable de 34 \u00e0 43\u00b0C par la poign\u00e9e<br \/>\n\u2022 Fermeture automatique du d\u00e9bit si l\u2019alimentation d\u2019eau froide<br \/>\nest interrompue<br \/>\n\u2022 Poign\u00e9es de contr\u00f4le de volume et de temp\u00e9rature<br \/>\nind\u00e9pendantes<br \/>\n\u2022 Barre \u00e0 glissi\u00e8re:<br \/>\n&#8211; Installation avec per\u00e7age requis<br \/>\n&#8211; Ensemble de barre \u00e0 glissi\u00e8re de 30 pouces hors tout<br \/>\n\u2022 Douche \u00e0 main:<br \/>\n&#8211; Type de jets: diffus, concentr\u00e9<br \/>\n&#8211; Buses souples faciles \u00e0 nettoyer<br \/>\n&#8211; Boyau de 69 pouces en PVC noir mat<br \/>\n&#8211; D\u00e9bit maximal de 6,8 L\/min<br \/>\n(1,8 gpm) \u00e0 80 psi ( )<br \/>\n\u2022 Pomme de douche:<br \/>\n&#8211; Pivotante<br \/>\n&#8211; Surdimensionn\u00e9e<br \/>\n&#8211; Type de jets: Effet de pluie<br \/>\n&#8211; Buses souples faciles \u00e0 nettoyer<br \/>\n&#8211; D\u00e9bit maximal de 6,8 L\/min<br \/>\n(1,8 gpm) \u00e0 80 psi ( )<br \/>\n\u2022 Bras de douche:<br \/>\n&#8211; Bras de douche de 18 pouces de long<br \/>\n\u2022 Coude d\u2019alimentation mural en laiton massif<br \/>\navec bride ajustable<\/p>\n<h3>Fini<\/h3>\n<p>\u2022 Noir mat<\/p>\n","protected":false},"excerpt":{"rendered":"<p>Caract\u00e9ristiques \u2022 Garniture compatible avec les installations primaires 98TSR2 et 98TSR2PEX \u2022 Limiteur de temp\u00e9rature ajustable \u2022 Indicateur de temp\u00e9rature \u00e0 38\u00b0C sur la plaque de finition \u2022 Temp\u00e9rature ajustable de 34 \u00e0 43\u00b0C par la poign\u00e9e \u2022 Fermeture automatique du d\u00e9bit si l\u2019alimentation d\u2019eau froide est interrompue \u2022 Poign\u00e9es de contr\u00f4le de volume et [&hellip;]<\/p>\n","protected":false},"featured_media":13578,"template":"","meta":{"inline_featured_image":false},"product_brand":[364],"product_cat":[97,102],"product_tag":[],"class_list":{"0":"post-13575","1":"product","2":"type-product","3":"status-publish","4":"has-post-thumbnail","6":"product_brand-belanger","7":"product_cat-plomberie-gaz","8":"product_cat-robinetterie-accessoires","10":"first","11":"instock","12":"taxable","13":"shipping-taxable","14":"product-type-simple"},"yoast_head":"<!-- This site is optimized with the Yoast SEO Premium plugin v24.2 (Yoast SEO v24.2) - https:\/\/yoast.com\/wordpress\/plugins\/seo\/ -->\n<title>Kit : Robinet pour douche - Garniture pour valve thermostatique, d\u00e9viatrice 2 voies - Groupe BelleFlamme<\/title>\n<meta name=\"description\" content=\"Kit : Robinet pour douche - Garniture pour valve thermostatique, d\u00e9viatrice 2 voies vendu et install\u00e9 par le Groupe Belleflamme. Laval, Montr\u00e9al, Gatineau, Drummondville et Saint-Sauveur.\" \/>\n<meta name=\"robots\" content=\"index, follow, max-snippet:-1, max-image-preview:large, max-video-preview:-1\" \/>\n<link rel=\"canonical\" href=\"https:\/\/staging.belleflamme.ca\/fr\/produit\/kit-robinet-pour-douche-garniture-pour-valve-thermostatique-deviatrice-2-voies\/\" \/>\n<meta property=\"og:locale\" content=\"fr_FR\" \/>\n<meta property=\"og:type\" content=\"article\" \/>\n<meta property=\"og:title\" content=\"Kit : Robinet pour douche - Garniture pour valve thermostatique, d\u00e9viatrice 2 voies\" \/>\n<meta property=\"og:description\" content=\"Kit : Robinet pour douche - Garniture pour valve thermostatique, d\u00e9viatrice 2 voies vendu et install\u00e9 par le Groupe Belleflamme. Laval, Montr\u00e9al, Gatineau, Drummondville et Saint-Sauveur.\" \/>\n<meta property=\"og:url\" content=\"https:\/\/staging.belleflamme.ca\/fr\/produit\/kit-robinet-pour-douche-garniture-pour-valve-thermostatique-deviatrice-2-voies\/\" \/>\n<meta property=\"og:site_name\" content=\"Groupe BelleFlamme\" \/>\n<meta property=\"article:publisher\" content=\"https:\/\/www.facebook.com\/belleflamme.ca\/\" \/>\n<meta property=\"article:modified_time\" content=\"2024-02-07T19:13:24+00:00\" \/>\n<meta property=\"og:image\" content=\"https:\/\/www.belleflamme.ca\/wp-content\/uploads\/2023\/05\/KIT-KAR140TS2TMB_beauty_room.jpg\" \/>\n\t<meta property=\"og:image:width\" content=\"2000\" \/>\n\t<meta property=\"og:image:height\" content=\"2000\" \/>\n\t<meta property=\"og:image:type\" content=\"image\/jpeg\" \/>\n<meta name=\"twitter:card\" content=\"summary_large_image\" \/>\n<meta name=\"twitter:label1\" content=\"Prix\" \/>\n\t<meta name=\"twitter:data1\" content=\"\" \/>\n\t<meta name=\"twitter:label2\" content=\"Disponibilit\u00e9\" \/>\n\t<meta name=\"twitter:data2\" content=\"En stock\" \/>\n<script type=\"application\/ld+json\" class=\"yoast-schema-graph\">{\"@context\":\"https:\/\/schema.org\",\"@graph\":[{\"@type\":[\"WebPage\",\"ItemPage\"],\"@id\":\"https:\/\/staging.belleflamme.ca\/fr\/produit\/kit-robinet-pour-douche-garniture-pour-valve-thermostatique-deviatrice-2-voies\/\",\"url\":\"https:\/\/staging.belleflamme.ca\/fr\/produit\/kit-robinet-pour-douche-garniture-pour-valve-thermostatique-deviatrice-2-voies\/\",\"name\":\"Kit : Robinet pour douche - Garniture pour valve thermostatique, d\u00e9viatrice 2 voies - Groupe BelleFlamme\",\"isPartOf\":{\"@id\":\"https:\/\/www.belleflamme.ca\/fr\/#website\"},\"primaryImageOfPage\":{\"@id\":\"https:\/\/staging.belleflamme.ca\/fr\/produit\/kit-robinet-pour-douche-garniture-pour-valve-thermostatique-deviatrice-2-voies\/#primaryimage\"},\"image\":{\"@id\":\"https:\/\/staging.belleflamme.ca\/fr\/produit\/kit-robinet-pour-douche-garniture-pour-valve-thermostatique-deviatrice-2-voies\/#primaryimage\"},\"thumbnailUrl\":\"https:\/\/staging.belleflamme.ca\/wp-content\/uploads\/2023\/05\/KIT-KAR140TS2TMB_beauty_room.jpg\",\"datePublished\":\"2023-05-06T18:05:57+00:00\",\"dateModified\":\"2024-02-07T19:13:24+00:00\",\"description\":\"Kit : Robinet pour douche - Garniture pour valve thermostatique, d\u00e9viatrice 2 voies [get_meta_en_fr]\",\"breadcrumb\":{\"@id\":\"https:\/\/staging.belleflamme.ca\/fr\/produit\/kit-robinet-pour-douche-garniture-pour-valve-thermostatique-deviatrice-2-voies\/#breadcrumb\"},\"inLanguage\":\"fr-FR\",\"potentialAction\":[{\"@type\":\"ReadAction\",\"target\":[\"https:\/\/staging.belleflamme.ca\/fr\/produit\/kit-robinet-pour-douche-garniture-pour-valve-thermostatique-deviatrice-2-voies\/\"]}]},{\"@type\":\"ImageObject\",\"inLanguage\":\"fr-FR\",\"@id\":\"https:\/\/staging.belleflamme.ca\/fr\/produit\/kit-robinet-pour-douche-garniture-pour-valve-thermostatique-deviatrice-2-voies\/#primaryimage\",\"url\":\"https:\/\/staging.belleflamme.ca\/wp-content\/uploads\/2023\/05\/KIT-KAR140TS2TMB_beauty_room.jpg\",\"contentUrl\":\"https:\/\/staging.belleflamme.ca\/wp-content\/uploads\/2023\/05\/KIT-KAR140TS2TMB_beauty_room.jpg\",\"width\":2000,\"height\":2000,\"caption\":\"KIT-KAR140TS2TMB\"},{\"@type\":\"BreadcrumbList\",\"@id\":\"https:\/\/staging.belleflamme.ca\/fr\/produit\/kit-robinet-pour-douche-garniture-pour-valve-thermostatique-deviatrice-2-voies\/#breadcrumb\",\"itemListElement\":[{\"@type\":\"ListItem\",\"position\":1,\"name\":\"Accueil\",\"item\":\"https:\/\/www.belleflamme.ca\/fr\/\"},{\"@type\":\"ListItem\",\"position\":2,\"name\":\"Boutique\",\"item\":\"https:\/\/www.belleflamme.ca\/fr\/boutique\/\"},{\"@type\":\"ListItem\",\"position\":3,\"name\":\"Plomberie &amp; Gaz\",\"item\":\"https:\/\/staging.belleflamme.ca\/fr\/categories\/plomberie-gaz\/\"},{\"@type\":\"ListItem\",\"position\":4,\"name\":\"Robinetterie &amp; Accessoires\",\"item\":\"https:\/\/staging.belleflamme.ca\/fr\/categories\/plomberie-gaz\/robinetterie-accessoires\/\"},{\"@type\":\"ListItem\",\"position\":5,\"name\":\"Kit : Robinet pour douche &#8211; Garniture pour valve thermostatique, d\u00e9viatrice 2 voies\"}]},{\"@type\":\"WebSite\",\"@id\":\"https:\/\/www.belleflamme.ca\/fr\/#website\",\"url\":\"https:\/\/www.belleflamme.ca\/fr\/\",\"name\":\"Groupe Belleflamme\",\"description\":\"La m\u00e9canique du b\u00e2timent dans le sang.\",\"publisher\":{\"@id\":\"https:\/\/www.belleflamme.ca\/fr\/#organization\"},\"potentialAction\":[{\"@type\":\"SearchAction\",\"target\":{\"@type\":\"EntryPoint\",\"urlTemplate\":\"https:\/\/www.belleflamme.ca\/fr\/?s={search_term_string}\"},\"query-input\":{\"@type\":\"PropertyValueSpecification\",\"valueRequired\":true,\"valueName\":\"search_term_string\"}}],\"inLanguage\":\"fr-FR\"},{\"@type\":[\"Organization\",\"Place\"],\"@id\":\"https:\/\/www.belleflamme.ca\/fr\/#organization\",\"name\":\"Groupe Belleflamme\",\"alternateName\":\"Belleflamme\",\"url\":\"https:\/\/www.belleflamme.ca\/fr\/\",\"logo\":{\"@type\":\"ImageObject\",\"inLanguage\":\"fr-FR\",\"@id\":\"https:\/\/www.belleflamme.ca\/fr\/#\/schema\/logo\/image\/\",\"url\":\"https:\/\/staging.belleflamme.ca\/wp-content\/uploads\/2023\/01\/og-image.jpg\",\"contentUrl\":\"https:\/\/staging.belleflamme.ca\/wp-content\/uploads\/2023\/01\/og-image.jpg\",\"width\":1200,\"height\":630,\"caption\":\"Groupe Belleflamme\"},\"image\":{\"@id\":\"https:\/\/www.belleflamme.ca\/fr\/#\/schema\/logo\/image\/\"},\"sameAs\":[\"https:\/\/www.facebook.com\/belleflamme.ca\/\",\"https:\/\/www.linkedin.com\/company\/belleflamme\/\",\"https:\/\/www.pinterest.ca\/groupebelleflamme\/\",\"https:\/\/www.instagram.com\/legroupebelleflamme\/\"],\"mainEntityOfPage\":{\"@id\":\"https:\/\/staging.belleflamme.ca\/fr\/produit\/kit-robinet-pour-douche-garniture-pour-valve-thermostatique-deviatrice-2-voies\/\"}}]}<\/script>\n<meta property=\"product:brand\" content=\"B\u00e9langer\" \/>\n<meta property=\"product:price:amount\" content=\"0.00\" \/>\n<meta property=\"product:price:currency\" content=\"CAD\" \/>\n<meta property=\"og:availability\" content=\"instock\" \/>\n<meta property=\"product:availability\" content=\"instock\" \/>\n<meta property=\"product:condition\" content=\"new\" \/>\n<!-- \/ Yoast SEO Premium plugin. -->","yoast_head_json":{"title":"Kit : Robinet pour douche - Garniture pour valve thermostatique, d\u00e9viatrice 2 voies - Groupe BelleFlamme","description":"Kit : Robinet pour douche - Garniture pour valve thermostatique, d\u00e9viatrice 2 voies vendu et install\u00e9 par le Groupe Belleflamme. Laval, Montr\u00e9al, Gatineau, Drummondville et Saint-Sauveur.","robots":{"index":"index","follow":"follow","max-snippet":"max-snippet:-1","max-image-preview":"max-image-preview:large","max-video-preview":"max-video-preview:-1"},"canonical":"https:\/\/staging.belleflamme.ca\/fr\/produit\/kit-robinet-pour-douche-garniture-pour-valve-thermostatique-deviatrice-2-voies\/","og_locale":"fr_FR","og_type":"article","og_title":"Kit : Robinet pour douche - Garniture pour valve thermostatique, d\u00e9viatrice 2 voies","og_description":"Kit : Robinet pour douche - Garniture pour valve thermostatique, d\u00e9viatrice 2 voies vendu et install\u00e9 par le Groupe Belleflamme. Laval, Montr\u00e9al, Gatineau, Drummondville et Saint-Sauveur.","og_url":"https:\/\/staging.belleflamme.ca\/fr\/produit\/kit-robinet-pour-douche-garniture-pour-valve-thermostatique-deviatrice-2-voies\/","og_site_name":"Groupe BelleFlamme","article_publisher":"https:\/\/www.facebook.com\/belleflamme.ca\/","article_modified_time":"2024-02-07T19:13:24+00:00","og_image":[{"width":2000,"height":2000,"url":"https:\/\/www.belleflamme.ca\/wp-content\/uploads\/2023\/05\/KIT-KAR140TS2TMB_beauty_room.jpg","type":"image\/jpeg"}],"twitter_card":"summary_large_image","twitter_misc":{"Prix":"","Disponibilit\u00e9":"En stock"},"schema":{"@context":"https:\/\/schema.org","@graph":[{"@type":["WebPage","ItemPage"],"@id":"https:\/\/staging.belleflamme.ca\/fr\/produit\/kit-robinet-pour-douche-garniture-pour-valve-thermostatique-deviatrice-2-voies\/","url":"https:\/\/staging.belleflamme.ca\/fr\/produit\/kit-robinet-pour-douche-garniture-pour-valve-thermostatique-deviatrice-2-voies\/","name":"Kit : Robinet pour douche - Garniture pour valve thermostatique, d\u00e9viatrice 2 voies - Groupe BelleFlamme","isPartOf":{"@id":"https:\/\/www.belleflamme.ca\/fr\/#website"},"primaryImageOfPage":{"@id":"https:\/\/staging.belleflamme.ca\/fr\/produit\/kit-robinet-pour-douche-garniture-pour-valve-thermostatique-deviatrice-2-voies\/#primaryimage"},"image":{"@id":"https:\/\/staging.belleflamme.ca\/fr\/produit\/kit-robinet-pour-douche-garniture-pour-valve-thermostatique-deviatrice-2-voies\/#primaryimage"},"thumbnailUrl":"https:\/\/staging.belleflamme.ca\/wp-content\/uploads\/2023\/05\/KIT-KAR140TS2TMB_beauty_room.jpg","datePublished":"2023-05-06T18:05:57+00:00","dateModified":"2024-02-07T19:13:24+00:00","description":"Kit : Robinet pour douche - Garniture pour valve thermostatique, d\u00e9viatrice 2 voies [get_meta_en_fr]","breadcrumb":{"@id":"https:\/\/staging.belleflamme.ca\/fr\/produit\/kit-robinet-pour-douche-garniture-pour-valve-thermostatique-deviatrice-2-voies\/#breadcrumb"},"inLanguage":"fr-FR","potentialAction":[{"@type":"ReadAction","target":["https:\/\/staging.belleflamme.ca\/fr\/produit\/kit-robinet-pour-douche-garniture-pour-valve-thermostatique-deviatrice-2-voies\/"]}]},{"@type":"ImageObject","inLanguage":"fr-FR","@id":"https:\/\/staging.belleflamme.ca\/fr\/produit\/kit-robinet-pour-douche-garniture-pour-valve-thermostatique-deviatrice-2-voies\/#primaryimage","url":"https:\/\/staging.belleflamme.ca\/wp-content\/uploads\/2023\/05\/KIT-KAR140TS2TMB_beauty_room.jpg","contentUrl":"https:\/\/staging.belleflamme.ca\/wp-content\/uploads\/2023\/05\/KIT-KAR140TS2TMB_beauty_room.jpg","width":2000,"height":2000,"caption":"KIT-KAR140TS2TMB"},{"@type":"BreadcrumbList","@id":"https:\/\/staging.belleflamme.ca\/fr\/produit\/kit-robinet-pour-douche-garniture-pour-valve-thermostatique-deviatrice-2-voies\/#breadcrumb","itemListElement":[{"@type":"ListItem","position":1,"name":"Accueil","item":"https:\/\/www.belleflamme.ca\/fr\/"},{"@type":"ListItem","position":2,"name":"Boutique","item":"https:\/\/www.belleflamme.ca\/fr\/boutique\/"},{"@type":"ListItem","position":3,"name":"Plomberie &amp; Gaz","item":"https:\/\/staging.belleflamme.ca\/fr\/categories\/plomberie-gaz\/"},{"@type":"ListItem","position":4,"name":"Robinetterie &amp; Accessoires","item":"https:\/\/staging.belleflamme.ca\/fr\/categories\/plomberie-gaz\/robinetterie-accessoires\/"},{"@type":"ListItem","position":5,"name":"Kit : Robinet pour douche &#8211; Garniture pour valve thermostatique, d\u00e9viatrice 2 voies"}]},{"@type":"WebSite","@id":"https:\/\/www.belleflamme.ca\/fr\/#website","url":"https:\/\/www.belleflamme.ca\/fr\/","name":"Groupe Belleflamme","description":"La m\u00e9canique du b\u00e2timent dans le sang.","publisher":{"@id":"https:\/\/www.belleflamme.ca\/fr\/#organization"},"potentialAction":[{"@type":"SearchAction","target":{"@type":"EntryPoint","urlTemplate":"https:\/\/www.belleflamme.ca\/fr\/?s={search_term_string}"},"query-input":{"@type":"PropertyValueSpecification","valueRequired":true,"valueName":"search_term_string"}}],"inLanguage":"fr-FR"},{"@type":["Organization","Place"],"@id":"https:\/\/www.belleflamme.ca\/fr\/#organization","name":"Groupe Belleflamme","alternateName":"Belleflamme","url":"https:\/\/www.belleflamme.ca\/fr\/","logo":{"@type":"ImageObject","inLanguage":"fr-FR","@id":"https:\/\/www.belleflamme.ca\/fr\/#\/schema\/logo\/image\/","url":"https:\/\/staging.belleflamme.ca\/wp-content\/uploads\/2023\/01\/og-image.jpg","contentUrl":"https:\/\/staging.belleflamme.ca\/wp-content\/uploads\/2023\/01\/og-image.jpg","width":1200,"height":630,"caption":"Groupe Belleflamme"},"image":{"@id":"https:\/\/www.belleflamme.ca\/fr\/#\/schema\/logo\/image\/"},"sameAs":["https:\/\/www.facebook.com\/belleflamme.ca\/","https:\/\/www.linkedin.com\/company\/belleflamme\/","https:\/\/www.pinterest.ca\/groupebelleflamme\/","https:\/\/www.instagram.com\/legroupebelleflamme\/"],"mainEntityOfPage":{"@id":"https:\/\/staging.belleflamme.ca\/fr\/produit\/kit-robinet-pour-douche-garniture-pour-valve-thermostatique-deviatrice-2-voies\/"}}]},"product_brand":"B\u00e9langer","product_price_amount":"0.00","product_price_currency":"CAD","og_availability":"instock","product_availability":"instock","product_condition":"new"},"_links":{"self":[{"href":"https:\/\/staging.belleflamme.ca\/fr\/wp-json\/wp\/v2\/product\/13575","targetHints":{"allow":["GET"]}}],"collection":[{"href":"https:\/\/staging.belleflamme.ca\/fr\/wp-json\/wp\/v2\/product"}],"about":[{"href":"https:\/\/staging.belleflamme.ca\/fr\/wp-json\/wp\/v2\/types\/product"}],"version-history":[{"count":1,"href":"https:\/\/staging.belleflamme.ca\/fr\/wp-json\/wp\/v2\/product\/13575\/revisions"}],"predecessor-version":[{"id":13580,"href":"https:\/\/staging.belleflamme.ca\/fr\/wp-json\/wp\/v2\/product\/13575\/revisions\/13580"}],"wp:featuredmedia":[{"embeddable":true,"href":"https:\/\/staging.belleflamme.ca\/fr\/wp-json\/wp\/v2\/media\/13578"}],"wp:attachment":[{"href":"https:\/\/staging.belleflamme.ca\/fr\/wp-json\/wp\/v2\/media?parent=13575"}],"wp:term":[{"taxonomy":"product_brand","embeddable":true,"href":"https:\/\/staging.belleflamme.ca\/fr\/wp-json\/wp\/v2\/product_brand?post=13575"},{"taxonomy":"product_cat","embeddable":true,"href":"https:\/\/staging.belleflamme.ca\/fr\/wp-json\/wp\/v2\/product_cat?post=13575"},{"taxonomy":"product_tag","embeddable":true,"href":"https:\/\/staging.belleflamme.ca\/fr\/wp-json\/wp\/v2\/product_tag?post=13575"}],"curies":[{"name":"wp","href":"https:\/\/api.w.org\/{rel}","templated":true}]}}