{"id":13491,"date":"2023-05-06T13:13:05","date_gmt":"2023-05-06T17:13:05","guid":{"rendered":"https:\/\/www.belleflamme.ca\/?post_type=product&#038;p=13491"},"modified":"2024-02-07T14:18:51","modified_gmt":"2024-02-07T19:18:51","slug":"robinet-pour-baignoire-douche-avec-garniture-de-valve-a-pression-equilibree-t-p-kar90tpvtcp","status":"publish","type":"product","link":"https:\/\/staging.belleflamme.ca\/fr\/produit\/robinet-pour-baignoire-douche-avec-garniture-de-valve-a-pression-equilibree-t-p-kar90tpvtcp\/","title":{"rendered":"Robinet pour baignoire \/ douche avec garniture de valve \u00e0 pression \u00e9quilibr\u00e9e (T\/P) KAR90TPVTCP"},"content":{"rendered":"\t\t<div data-elementor-type=\"product-post\" data-elementor-id=\"13491\" class=\"elementor elementor-13491\" data-elementor-post-type=\"product\">\n\t\t\t\t\t\t<section class=\"elementor-section elementor-top-section elementor-element elementor-element-4197b609 elementor-section-boxed elementor-section-height-default elementor-section-height-default\" data-id=\"4197b609\" data-element_type=\"section\">\n\t\t\t\t\t\t<div class=\"elementor-container elementor-column-gap-default\">\n\t\t\t\t\t<div class=\"elementor-column elementor-col-100 elementor-top-column elementor-element elementor-element-7f287497\" data-id=\"7f287497\" data-element_type=\"column\">\n\t\t\t<div class=\"elementor-widget-wrap elementor-element-populated\">\n\t\t\t\t\t\t<div class=\"elementor-element elementor-element-36a73dd2 elementor-widget elementor-widget-text-editor\" data-id=\"36a73dd2\" data-element_type=\"widget\" data-widget_type=\"text-editor.default\">\n\t\t\t\t<div class=\"elementor-widget-container\">\n\t\t\t\t\t\t\t\t\t<h3>Caract\u00e9ristiques<\/h3>\r\n\u2022 Garniture compatible avec les\r\ninstallations primaires de la s\u00e9rie 90TPVSR\r\n\u2022 D\u00e9bit contr\u00f4l\u00e9\r\n\u2022 Pression \u00e9quilibr\u00e9e int\u00e9gr\u00e9e \u00e0\r\nla cartouche thermostatique\r\n\u2022 Limiteur de temp\u00e9rature ajustable\r\n\u2022 Temp\u00e9rature limit\u00e9e \u00e0 43\u00b0C\r\n\u2022 Bec de baignoire :\r\n&#8211; Bec de baignoire de type Slip-on\r\navec inverseur int\u00e9gr\u00e9\r\n&#8211; D\u00e9bit de l\u2019installation primaire\r\n\u2022 Pomme de douche :\r\n&#8211; Pivotante\r\n&#8211; Buses souples faciles \u00e0 nettoyer\r\n&#8211; D\u00e9bit maximal de 6,8 L\/min\r\n(1,8 gpm) \u00e0 80 psi (ecologiq)\r\n<h3>Cartouche(s)<\/h3>\r\n\u2022 Thermostatique \/ pression \u00e9quilibr\u00e9e\r\n(FCCART008)\r\n<h3>Fini<\/h3>\r\n\u2022 Chrome poli\t\t\t\t\t\t\t\t<\/div>\n\t\t\t\t<\/div>\n\t\t\t\t\t<\/div>\n\t\t<\/div>\n\t\t\t\t\t<\/div>\n\t\t<\/section>\n\t\t\t\t<section class=\"elementor-section elementor-top-section elementor-element elementor-element-64bd11b elementor-section-boxed elementor-section-height-default elementor-section-height-default\" data-id=\"64bd11b\" data-element_type=\"section\">\n\t\t\t\t\t\t<div class=\"elementor-container elementor-column-gap-default\">\n\t\t\t\t\t<div class=\"elementor-column elementor-col-100 elementor-top-column elementor-element elementor-element-f6de276\" data-id=\"f6de276\" data-element_type=\"column\">\n\t\t\t<div class=\"elementor-widget-wrap elementor-element-populated\">\n\t\t\t\t\t\t<div class=\"elementor-element elementor-element-822252c elementor-tabs-view-horizontal elementor-widget elementor-widget-tabs\" data-id=\"822252c\" data-element_type=\"widget\" data-widget_type=\"tabs.default\">\n\t\t\t\t<div class=\"elementor-widget-container\">\n\t\t\t\t\t\t\t<div class=\"elementor-tabs\">\n\t\t\t<div class=\"elementor-tabs-wrapper\" role=\"tablist\" >\n\t\t\t\t\t\t\t\t\t<div id=\"elementor-tab-title-1361\" class=\"elementor-tab-title elementor-tab-desktop-title\" aria-selected=\"true\" data-tab=\"1\" role=\"tab\" tabindex=\"0\" aria-controls=\"elementor-tab-content-1361\" aria-expanded=\"false\">Fichiers<\/div>\n\t\t\t\t\t\t\t<\/div>\n\t\t\t<div class=\"elementor-tabs-content-wrapper\" role=\"tablist\" aria-orientation=\"vertical\">\n\t\t\t\t\t\t\t\t\t<div class=\"elementor-tab-title elementor-tab-mobile-title\" aria-selected=\"true\" data-tab=\"1\" role=\"tab\" tabindex=\"0\" aria-controls=\"elementor-tab-content-1361\" aria-expanded=\"false\">Fichiers<\/div>\n\t\t\t\t\t<div id=\"elementor-tab-content-1361\" class=\"elementor-tab-content elementor-clearfix\" data-tab=\"1\" role=\"tabpanel\" aria-labelledby=\"elementor-tab-title-1361\" tabindex=\"0\" hidden=\"false\"><i class=\"far fa-file-pdf fa-xl\" style=\"font-size:35px\"><\/i><a href=\"https:\/\/www.belleflamme.ca\/wp-content\/uploads\/2023\/06\/SPEC_KAR90TPVTCP.pdf\"> Brochure<\/a><\/br><\/div>\n\t\t\t\t\t\t\t<\/div>\n\t\t<\/div>\n\t\t\t\t\t\t<\/div>\n\t\t\t\t<\/div>\n\t\t\t\t\t<\/div>\n\t\t<\/div>\n\t\t\t\t\t<\/div>\n\t\t<\/section>\n\t\t\t\t<\/div>\n\t\t","protected":false},"excerpt":{"rendered":"<p>Caract\u00e9ristiques \u2022 Garniture compatible avec les installations primaires de la s\u00e9rie 90TPVSR \u2022 D\u00e9bit contr\u00f4l\u00e9 \u2022 Pression \u00e9quilibr\u00e9e int\u00e9gr\u00e9e \u00e0 la cartouche thermostatique \u2022 Limiteur de temp\u00e9rature ajustable \u2022 Temp\u00e9rature limit\u00e9e \u00e0 43\u00b0C \u2022 Bec de baignoire : &#8211; Bec de baignoire de type Slip-on avec inverseur int\u00e9gr\u00e9 &#8211; D\u00e9bit de l\u2019installation primaire \u2022 Pomme [&hellip;]<\/p>\n","protected":false},"featured_media":13492,"template":"","meta":{"inline_featured_image":false},"product_brand":[364],"product_cat":[97,102],"product_tag":[],"class_list":{"0":"post-13491","1":"product","2":"type-product","3":"status-publish","4":"has-post-thumbnail","6":"product_brand-belanger","7":"product_cat-plomberie-gaz","8":"product_cat-robinetterie-accessoires","10":"first","11":"instock","12":"taxable","13":"shipping-taxable","14":"product-type-simple"},"yoast_head":"<!-- This site is optimized with the Yoast SEO Premium plugin v24.2 (Yoast SEO v24.2) - https:\/\/yoast.com\/wordpress\/plugins\/seo\/ -->\n<title>Robinet pour baignoire \/ douche avec garniture de valve \u00e0 pression \u00e9quilibr\u00e9e (T\/P) KAR90TPVTCP - Groupe BelleFlamme<\/title>\n<meta name=\"description\" content=\"Robinet pour baignoire \/ douche avec garniture de valve \u00e0 pression \u00e9quilibr\u00e9e (T\/P) KAR90TPVTCP vendu et install\u00e9 par le Groupe Belleflamme. Laval, Montr\u00e9al, Gatineau, Drummondville et Saint-Sauveur.\" \/>\n<meta name=\"robots\" content=\"index, follow, max-snippet:-1, max-image-preview:large, max-video-preview:-1\" \/>\n<link rel=\"canonical\" href=\"https:\/\/staging.belleflamme.ca\/fr\/produit\/robinet-pour-baignoire-douche-avec-garniture-de-valve-a-pression-equilibree-t-p-kar90tpvtcp\/\" \/>\n<meta property=\"og:locale\" content=\"fr_FR\" \/>\n<meta property=\"og:type\" content=\"article\" \/>\n<meta property=\"og:title\" content=\"Robinet pour baignoire \/ douche avec garniture de valve \u00e0 pression \u00e9quilibr\u00e9e (T\/P) KAR90TPVTCP\" \/>\n<meta property=\"og:description\" content=\"Robinet pour baignoire \/ douche avec garniture de valve \u00e0 pression \u00e9quilibr\u00e9e (T\/P) KAR90TPVTCP vendu et install\u00e9 par le Groupe Belleflamme. Laval, Montr\u00e9al, Gatineau, Drummondville et Saint-Sauveur.\" \/>\n<meta property=\"og:url\" content=\"https:\/\/staging.belleflamme.ca\/fr\/produit\/robinet-pour-baignoire-douche-avec-garniture-de-valve-a-pression-equilibree-t-p-kar90tpvtcp\/\" \/>\n<meta property=\"og:site_name\" content=\"Groupe BelleFlamme\" \/>\n<meta property=\"article:publisher\" content=\"https:\/\/www.facebook.com\/belleflamme.ca\/\" \/>\n<meta property=\"article:modified_time\" content=\"2024-02-07T19:18:51+00:00\" \/>\n<meta property=\"og:image\" content=\"https:\/\/www.belleflamme.ca\/wp-content\/uploads\/2023\/05\/KAR90TPVTCP_room.jpg\" \/>\n\t<meta property=\"og:image:width\" content=\"1920\" \/>\n\t<meta property=\"og:image:height\" content=\"1920\" \/>\n\t<meta property=\"og:image:type\" content=\"image\/jpeg\" \/>\n<meta name=\"twitter:card\" content=\"summary_large_image\" \/>\n<meta name=\"twitter:label1\" content=\"Prix\" \/>\n\t<meta name=\"twitter:data1\" content=\"\" \/>\n\t<meta name=\"twitter:label2\" content=\"Disponibilit\u00e9\" \/>\n\t<meta name=\"twitter:data2\" content=\"En stock\" \/>\n<script type=\"application\/ld+json\" class=\"yoast-schema-graph\">{\"@context\":\"https:\/\/schema.org\",\"@graph\":[{\"@type\":[\"WebPage\",\"ItemPage\"],\"@id\":\"https:\/\/staging.belleflamme.ca\/fr\/produit\/robinet-pour-baignoire-douche-avec-garniture-de-valve-a-pression-equilibree-t-p-kar90tpvtcp\/\",\"url\":\"https:\/\/staging.belleflamme.ca\/fr\/produit\/robinet-pour-baignoire-douche-avec-garniture-de-valve-a-pression-equilibree-t-p-kar90tpvtcp\/\",\"name\":\"Robinet pour baignoire \/ douche avec garniture de valve \u00e0 pression \u00e9quilibr\u00e9e (T\/P) KAR90TPVTCP - Groupe BelleFlamme\",\"isPartOf\":{\"@id\":\"https:\/\/www.belleflamme.ca\/fr\/#website\"},\"primaryImageOfPage\":{\"@id\":\"https:\/\/staging.belleflamme.ca\/fr\/produit\/robinet-pour-baignoire-douche-avec-garniture-de-valve-a-pression-equilibree-t-p-kar90tpvtcp\/#primaryimage\"},\"image\":{\"@id\":\"https:\/\/staging.belleflamme.ca\/fr\/produit\/robinet-pour-baignoire-douche-avec-garniture-de-valve-a-pression-equilibree-t-p-kar90tpvtcp\/#primaryimage\"},\"thumbnailUrl\":\"https:\/\/staging.belleflamme.ca\/wp-content\/uploads\/2023\/05\/KAR90TPVTCP_room.jpg\",\"datePublished\":\"2023-05-06T17:13:05+00:00\",\"dateModified\":\"2024-02-07T19:18:51+00:00\",\"description\":\"Robinet pour baignoire \/ douche avec garniture de valve \u00e0 pression \u00e9quilibr\u00e9e (T\/P) KAR90TPVTCP [get_meta_en_fr]\",\"breadcrumb\":{\"@id\":\"https:\/\/staging.belleflamme.ca\/fr\/produit\/robinet-pour-baignoire-douche-avec-garniture-de-valve-a-pression-equilibree-t-p-kar90tpvtcp\/#breadcrumb\"},\"inLanguage\":\"fr-FR\",\"potentialAction\":[{\"@type\":\"ReadAction\",\"target\":[\"https:\/\/staging.belleflamme.ca\/fr\/produit\/robinet-pour-baignoire-douche-avec-garniture-de-valve-a-pression-equilibree-t-p-kar90tpvtcp\/\"]}]},{\"@type\":\"ImageObject\",\"inLanguage\":\"fr-FR\",\"@id\":\"https:\/\/staging.belleflamme.ca\/fr\/produit\/robinet-pour-baignoire-douche-avec-garniture-de-valve-a-pression-equilibree-t-p-kar90tpvtcp\/#primaryimage\",\"url\":\"https:\/\/staging.belleflamme.ca\/wp-content\/uploads\/2023\/05\/KAR90TPVTCP_room.jpg\",\"contentUrl\":\"https:\/\/staging.belleflamme.ca\/wp-content\/uploads\/2023\/05\/KAR90TPVTCP_room.jpg\",\"width\":1920,\"height\":1920,\"caption\":\"KAR90TPVTCP b\u00e9langer\"},{\"@type\":\"BreadcrumbList\",\"@id\":\"https:\/\/staging.belleflamme.ca\/fr\/produit\/robinet-pour-baignoire-douche-avec-garniture-de-valve-a-pression-equilibree-t-p-kar90tpvtcp\/#breadcrumb\",\"itemListElement\":[{\"@type\":\"ListItem\",\"position\":1,\"name\":\"Accueil\",\"item\":\"https:\/\/www.belleflamme.ca\/fr\/\"},{\"@type\":\"ListItem\",\"position\":2,\"name\":\"Boutique\",\"item\":\"https:\/\/www.belleflamme.ca\/fr\/boutique\/\"},{\"@type\":\"ListItem\",\"position\":3,\"name\":\"Plomberie &amp; Gaz\",\"item\":\"https:\/\/staging.belleflamme.ca\/fr\/categories\/plomberie-gaz\/\"},{\"@type\":\"ListItem\",\"position\":4,\"name\":\"Robinetterie &amp; Accessoires\",\"item\":\"https:\/\/staging.belleflamme.ca\/fr\/categories\/plomberie-gaz\/robinetterie-accessoires\/\"},{\"@type\":\"ListItem\",\"position\":5,\"name\":\"Robinet pour baignoire \/ douche avec garniture de valve \u00e0 pression \u00e9quilibr\u00e9e (T\/P) KAR90TPVTCP\"}]},{\"@type\":\"WebSite\",\"@id\":\"https:\/\/www.belleflamme.ca\/fr\/#website\",\"url\":\"https:\/\/www.belleflamme.ca\/fr\/\",\"name\":\"Groupe Belleflamme\",\"description\":\"La m\u00e9canique du b\u00e2timent dans le sang.\",\"publisher\":{\"@id\":\"https:\/\/www.belleflamme.ca\/fr\/#organization\"},\"potentialAction\":[{\"@type\":\"SearchAction\",\"target\":{\"@type\":\"EntryPoint\",\"urlTemplate\":\"https:\/\/www.belleflamme.ca\/fr\/?s={search_term_string}\"},\"query-input\":{\"@type\":\"PropertyValueSpecification\",\"valueRequired\":true,\"valueName\":\"search_term_string\"}}],\"inLanguage\":\"fr-FR\"},{\"@type\":[\"Organization\",\"Place\"],\"@id\":\"https:\/\/www.belleflamme.ca\/fr\/#organization\",\"name\":\"Groupe Belleflamme\",\"alternateName\":\"Belleflamme\",\"url\":\"https:\/\/www.belleflamme.ca\/fr\/\",\"logo\":{\"@type\":\"ImageObject\",\"inLanguage\":\"fr-FR\",\"@id\":\"https:\/\/www.belleflamme.ca\/fr\/#\/schema\/logo\/image\/\",\"url\":\"https:\/\/staging.belleflamme.ca\/wp-content\/uploads\/2023\/01\/og-image.jpg\",\"contentUrl\":\"https:\/\/staging.belleflamme.ca\/wp-content\/uploads\/2023\/01\/og-image.jpg\",\"width\":1200,\"height\":630,\"caption\":\"Groupe Belleflamme\"},\"image\":{\"@id\":\"https:\/\/www.belleflamme.ca\/fr\/#\/schema\/logo\/image\/\"},\"sameAs\":[\"https:\/\/www.facebook.com\/belleflamme.ca\/\",\"https:\/\/www.linkedin.com\/company\/belleflamme\/\",\"https:\/\/www.pinterest.ca\/groupebelleflamme\/\",\"https:\/\/www.instagram.com\/legroupebelleflamme\/\"],\"mainEntityOfPage\":{\"@id\":\"https:\/\/staging.belleflamme.ca\/fr\/produit\/robinet-pour-baignoire-douche-avec-garniture-de-valve-a-pression-equilibree-t-p-kar90tpvtcp\/\"}}]}<\/script>\n<meta property=\"product:brand\" content=\"B\u00e9langer\" \/>\n<meta property=\"product:price:amount\" content=\"0.00\" \/>\n<meta property=\"product:price:currency\" content=\"CAD\" \/>\n<meta property=\"og:availability\" content=\"instock\" \/>\n<meta property=\"product:availability\" content=\"instock\" \/>\n<meta property=\"product:condition\" content=\"new\" \/>\n<!-- \/ Yoast SEO Premium plugin. -->","yoast_head_json":{"title":"Robinet pour baignoire \/ douche avec garniture de valve \u00e0 pression \u00e9quilibr\u00e9e (T\/P) KAR90TPVTCP - Groupe BelleFlamme","description":"Robinet pour baignoire \/ douche avec garniture de valve \u00e0 pression \u00e9quilibr\u00e9e (T\/P) KAR90TPVTCP vendu et install\u00e9 par le Groupe Belleflamme. Laval, Montr\u00e9al, Gatineau, Drummondville et Saint-Sauveur.","robots":{"index":"index","follow":"follow","max-snippet":"max-snippet:-1","max-image-preview":"max-image-preview:large","max-video-preview":"max-video-preview:-1"},"canonical":"https:\/\/staging.belleflamme.ca\/fr\/produit\/robinet-pour-baignoire-douche-avec-garniture-de-valve-a-pression-equilibree-t-p-kar90tpvtcp\/","og_locale":"fr_FR","og_type":"article","og_title":"Robinet pour baignoire \/ douche avec garniture de valve \u00e0 pression \u00e9quilibr\u00e9e (T\/P) KAR90TPVTCP","og_description":"Robinet pour baignoire \/ douche avec garniture de valve \u00e0 pression \u00e9quilibr\u00e9e (T\/P) KAR90TPVTCP vendu et install\u00e9 par le Groupe Belleflamme. Laval, Montr\u00e9al, Gatineau, Drummondville et Saint-Sauveur.","og_url":"https:\/\/staging.belleflamme.ca\/fr\/produit\/robinet-pour-baignoire-douche-avec-garniture-de-valve-a-pression-equilibree-t-p-kar90tpvtcp\/","og_site_name":"Groupe BelleFlamme","article_publisher":"https:\/\/www.facebook.com\/belleflamme.ca\/","article_modified_time":"2024-02-07T19:18:51+00:00","og_image":[{"width":1920,"height":1920,"url":"https:\/\/www.belleflamme.ca\/wp-content\/uploads\/2023\/05\/KAR90TPVTCP_room.jpg","type":"image\/jpeg"}],"twitter_card":"summary_large_image","twitter_misc":{"Prix":"","Disponibilit\u00e9":"En stock"},"schema":{"@context":"https:\/\/schema.org","@graph":[{"@type":["WebPage","ItemPage"],"@id":"https:\/\/staging.belleflamme.ca\/fr\/produit\/robinet-pour-baignoire-douche-avec-garniture-de-valve-a-pression-equilibree-t-p-kar90tpvtcp\/","url":"https:\/\/staging.belleflamme.ca\/fr\/produit\/robinet-pour-baignoire-douche-avec-garniture-de-valve-a-pression-equilibree-t-p-kar90tpvtcp\/","name":"Robinet pour baignoire \/ douche avec garniture de valve \u00e0 pression \u00e9quilibr\u00e9e (T\/P) KAR90TPVTCP - Groupe BelleFlamme","isPartOf":{"@id":"https:\/\/www.belleflamme.ca\/fr\/#website"},"primaryImageOfPage":{"@id":"https:\/\/staging.belleflamme.ca\/fr\/produit\/robinet-pour-baignoire-douche-avec-garniture-de-valve-a-pression-equilibree-t-p-kar90tpvtcp\/#primaryimage"},"image":{"@id":"https:\/\/staging.belleflamme.ca\/fr\/produit\/robinet-pour-baignoire-douche-avec-garniture-de-valve-a-pression-equilibree-t-p-kar90tpvtcp\/#primaryimage"},"thumbnailUrl":"https:\/\/staging.belleflamme.ca\/wp-content\/uploads\/2023\/05\/KAR90TPVTCP_room.jpg","datePublished":"2023-05-06T17:13:05+00:00","dateModified":"2024-02-07T19:18:51+00:00","description":"Robinet pour baignoire \/ douche avec garniture de valve \u00e0 pression \u00e9quilibr\u00e9e (T\/P) KAR90TPVTCP [get_meta_en_fr]","breadcrumb":{"@id":"https:\/\/staging.belleflamme.ca\/fr\/produit\/robinet-pour-baignoire-douche-avec-garniture-de-valve-a-pression-equilibree-t-p-kar90tpvtcp\/#breadcrumb"},"inLanguage":"fr-FR","potentialAction":[{"@type":"ReadAction","target":["https:\/\/staging.belleflamme.ca\/fr\/produit\/robinet-pour-baignoire-douche-avec-garniture-de-valve-a-pression-equilibree-t-p-kar90tpvtcp\/"]}]},{"@type":"ImageObject","inLanguage":"fr-FR","@id":"https:\/\/staging.belleflamme.ca\/fr\/produit\/robinet-pour-baignoire-douche-avec-garniture-de-valve-a-pression-equilibree-t-p-kar90tpvtcp\/#primaryimage","url":"https:\/\/staging.belleflamme.ca\/wp-content\/uploads\/2023\/05\/KAR90TPVTCP_room.jpg","contentUrl":"https:\/\/staging.belleflamme.ca\/wp-content\/uploads\/2023\/05\/KAR90TPVTCP_room.jpg","width":1920,"height":1920,"caption":"KAR90TPVTCP b\u00e9langer"},{"@type":"BreadcrumbList","@id":"https:\/\/staging.belleflamme.ca\/fr\/produit\/robinet-pour-baignoire-douche-avec-garniture-de-valve-a-pression-equilibree-t-p-kar90tpvtcp\/#breadcrumb","itemListElement":[{"@type":"ListItem","position":1,"name":"Accueil","item":"https:\/\/www.belleflamme.ca\/fr\/"},{"@type":"ListItem","position":2,"name":"Boutique","item":"https:\/\/www.belleflamme.ca\/fr\/boutique\/"},{"@type":"ListItem","position":3,"name":"Plomberie &amp; Gaz","item":"https:\/\/staging.belleflamme.ca\/fr\/categories\/plomberie-gaz\/"},{"@type":"ListItem","position":4,"name":"Robinetterie &amp; Accessoires","item":"https:\/\/staging.belleflamme.ca\/fr\/categories\/plomberie-gaz\/robinetterie-accessoires\/"},{"@type":"ListItem","position":5,"name":"Robinet pour baignoire \/ douche avec garniture de valve \u00e0 pression \u00e9quilibr\u00e9e (T\/P) KAR90TPVTCP"}]},{"@type":"WebSite","@id":"https:\/\/www.belleflamme.ca\/fr\/#website","url":"https:\/\/www.belleflamme.ca\/fr\/","name":"Groupe Belleflamme","description":"La m\u00e9canique du b\u00e2timent dans le sang.","publisher":{"@id":"https:\/\/www.belleflamme.ca\/fr\/#organization"},"potentialAction":[{"@type":"SearchAction","target":{"@type":"EntryPoint","urlTemplate":"https:\/\/www.belleflamme.ca\/fr\/?s={search_term_string}"},"query-input":{"@type":"PropertyValueSpecification","valueRequired":true,"valueName":"search_term_string"}}],"inLanguage":"fr-FR"},{"@type":["Organization","Place"],"@id":"https:\/\/www.belleflamme.ca\/fr\/#organization","name":"Groupe Belleflamme","alternateName":"Belleflamme","url":"https:\/\/www.belleflamme.ca\/fr\/","logo":{"@type":"ImageObject","inLanguage":"fr-FR","@id":"https:\/\/www.belleflamme.ca\/fr\/#\/schema\/logo\/image\/","url":"https:\/\/staging.belleflamme.ca\/wp-content\/uploads\/2023\/01\/og-image.jpg","contentUrl":"https:\/\/staging.belleflamme.ca\/wp-content\/uploads\/2023\/01\/og-image.jpg","width":1200,"height":630,"caption":"Groupe Belleflamme"},"image":{"@id":"https:\/\/www.belleflamme.ca\/fr\/#\/schema\/logo\/image\/"},"sameAs":["https:\/\/www.facebook.com\/belleflamme.ca\/","https:\/\/www.linkedin.com\/company\/belleflamme\/","https:\/\/www.pinterest.ca\/groupebelleflamme\/","https:\/\/www.instagram.com\/legroupebelleflamme\/"],"mainEntityOfPage":{"@id":"https:\/\/staging.belleflamme.ca\/fr\/produit\/robinet-pour-baignoire-douche-avec-garniture-de-valve-a-pression-equilibree-t-p-kar90tpvtcp\/"}}]},"product_brand":"B\u00e9langer","product_price_amount":"0.00","product_price_currency":"CAD","og_availability":"instock","product_availability":"instock","product_condition":"new"},"_links":{"self":[{"href":"https:\/\/staging.belleflamme.ca\/fr\/wp-json\/wp\/v2\/product\/13491","targetHints":{"allow":["GET"]}}],"collection":[{"href":"https:\/\/staging.belleflamme.ca\/fr\/wp-json\/wp\/v2\/product"}],"about":[{"href":"https:\/\/staging.belleflamme.ca\/fr\/wp-json\/wp\/v2\/types\/product"}],"version-history":[{"count":4,"href":"https:\/\/staging.belleflamme.ca\/fr\/wp-json\/wp\/v2\/product\/13491\/revisions"}],"predecessor-version":[{"id":15127,"href":"https:\/\/staging.belleflamme.ca\/fr\/wp-json\/wp\/v2\/product\/13491\/revisions\/15127"}],"wp:featuredmedia":[{"embeddable":true,"href":"https:\/\/staging.belleflamme.ca\/fr\/wp-json\/wp\/v2\/media\/13492"}],"wp:attachment":[{"href":"https:\/\/staging.belleflamme.ca\/fr\/wp-json\/wp\/v2\/media?parent=13491"}],"wp:term":[{"taxonomy":"product_brand","embeddable":true,"href":"https:\/\/staging.belleflamme.ca\/fr\/wp-json\/wp\/v2\/product_brand?post=13491"},{"taxonomy":"product_cat","embeddable":true,"href":"https:\/\/staging.belleflamme.ca\/fr\/wp-json\/wp\/v2\/product_cat?post=13491"},{"taxonomy":"product_tag","embeddable":true,"href":"https:\/\/staging.belleflamme.ca\/fr\/wp-json\/wp\/v2\/product_tag?post=13491"}],"curies":[{"name":"wp","href":"https:\/\/api.w.org\/{rel}","templated":true}]}}