{"id":12858,"date":"2023-05-03T16:02:52","date_gmt":"2023-05-03T20:02:52","guid":{"rendered":"https:\/\/www.belleflamme.ca\/?post_type=product&#038;p=12858"},"modified":"2023-05-03T16:09:21","modified_gmt":"2023-05-03T20:09:21","slug":"balai-sebo-et-1","status":"publish","type":"product","link":"https:\/\/staging.belleflamme.ca\/fr\/produit\/balai-sebo-et-1\/","title":{"rendered":"Balai SEBO ET-1"},"content":{"rendered":"<h3>Caract\u00e9ristiques<\/h3>\n<ul>\n<li>4 niveaux d\u2019ajustement de la hauteur<\/li>\n<li>Profil bas de 8,5 cm, capacit\u00e9 de rotation 180\u00b0<\/li>\n<li>Bouton arr\u00eat-d\u00e9part pour le rouleau-brosse<\/li>\n<li>Retrait rapide et facile du rouleau-brosse<\/li>\n<li>Brosses de caoutchouc haute qualit\u00e9<\/li>\n<li>T\u00e9moin lumineux en cas d\u2019obstruction<\/li>\n<li>Garantie de 5 ans<\/li>\n<\/ul>\n<p>Le balai \u00e9lectrique SEBO ET-1, garanti 5 ans, offre de nombreux avantages qui rendront le nettoyage de chaque coin de votre maison encore plus facile! Ses 4 niveaux d\u2019ajustement de la hauteur vous permettront d\u2019obtenir une performance optimale sur diff\u00e9rents types de tapis. Vous pourrez m\u00eame utiliser le balai ET-1 sur le plancher de bois franc en \u00e9teignant simplement le rouleau-brosse \u00e0 l\u2019aide du bouton pr\u00e9vu \u00e0 cet effet. Son profil bas de 8,5 cm et sa capacit\u00e9 de rotation 180\u00b0 vous permettront de nettoyer ais\u00e9ment en-dessous et autour des meubles. Un t\u00e9moin lumineux s\u2019allumera en cas de d\u2019obstruction et vous pourrez retirer l\u2019item bloqu\u00e9 par la porte d\u2019acc\u00e8s sous le balai. Vous pourrez \u00e9galement retirer le rouleau-brosse en toute facilit\u00e9 afin de le nettoyer en cas de besoin. Finalement, ses roues en caoutchouc de haute qualit\u00e9 prot\u00e9geront vos planchers et faciliteront l\u2019utilisation en douceur de votre balai \u00e9lectrique SEBO ET-1.<\/p>\n","protected":false},"excerpt":{"rendered":"<p>Caract\u00e9ristiques 4 niveaux d\u2019ajustement de la hauteur Profil bas de 8,5 cm, capacit\u00e9 de rotation 180\u00b0 Bouton arr\u00eat-d\u00e9part pour le rouleau-brosse Retrait rapide et facile du rouleau-brosse Brosses de caoutchouc haute qualit\u00e9 T\u00e9moin lumineux en cas d\u2019obstruction Garantie de 5 ans Le balai \u00e9lectrique SEBO ET-1, garanti 5 ans, offre de nombreux avantages qui rendront [&hellip;]<\/p>\n","protected":false},"featured_media":12859,"template":"","meta":{"inline_featured_image":false},"product_brand":[270],"product_cat":[122,125],"product_tag":[],"class_list":{"0":"post-12858","1":"product","2":"type-product","3":"status-publish","4":"has-post-thumbnail","6":"product_brand-mvac","7":"product_cat-aspirateur","8":"product_cat-brosses-et-balais","10":"first","11":"instock","12":"taxable","13":"shipping-taxable","14":"purchasable","15":"product-type-simple"},"yoast_head":"<!-- This site is optimized with the Yoast SEO Premium plugin v24.2 (Yoast SEO v24.2) - https:\/\/yoast.com\/wordpress\/plugins\/seo\/ -->\n<title>Balai SEBO ET-1 - Groupe BelleFlamme<\/title>\n<meta name=\"description\" content=\"Balai SEBO ET-1 vendu et install\u00e9 par le Groupe Belleflamme. Laval, Montr\u00e9al, Gatineau, Drummondville et Saint-Sauveur.\" \/>\n<meta name=\"robots\" content=\"index, follow, max-snippet:-1, max-image-preview:large, max-video-preview:-1\" \/>\n<link rel=\"canonical\" href=\"https:\/\/staging.belleflamme.ca\/fr\/produit\/balai-sebo-et-1\/\" \/>\n<meta property=\"og:locale\" content=\"fr_FR\" \/>\n<meta property=\"og:type\" content=\"article\" \/>\n<meta property=\"og:title\" content=\"Balai SEBO ET-1\" \/>\n<meta property=\"og:description\" content=\"Balai SEBO ET-1 vendu et install\u00e9 par le Groupe Belleflamme. Laval, Montr\u00e9al, Gatineau, Drummondville et Saint-Sauveur.\" \/>\n<meta property=\"og:url\" content=\"https:\/\/staging.belleflamme.ca\/fr\/produit\/balai-sebo-et-1\/\" \/>\n<meta property=\"og:site_name\" content=\"Groupe BelleFlamme\" \/>\n<meta property=\"article:publisher\" content=\"https:\/\/www.facebook.com\/belleflamme.ca\/\" \/>\n<meta property=\"article:modified_time\" content=\"2023-05-03T20:09:21+00:00\" \/>\n<meta property=\"og:image\" content=\"https:\/\/www.belleflamme.ca\/wp-content\/uploads\/2023\/05\/Balai-SEBO-ET-1.webp\" \/>\n\t<meta property=\"og:image:width\" content=\"600\" \/>\n\t<meta property=\"og:image:height\" content=\"600\" \/>\n\t<meta property=\"og:image:type\" content=\"image\/webp\" \/>\n<meta name=\"twitter:card\" content=\"summary_large_image\" \/>\n<meta name=\"twitter:label1\" content=\"Prix\" \/>\n\t<meta name=\"twitter:data1\" content=\"&#036;341.00\" \/>\n\t<meta name=\"twitter:label2\" content=\"Disponibilit\u00e9\" \/>\n\t<meta name=\"twitter:data2\" content=\"En stock\" \/>\n<script type=\"application\/ld+json\" class=\"yoast-schema-graph\">{\"@context\":\"https:\/\/schema.org\",\"@graph\":[{\"@type\":[\"WebPage\",\"ItemPage\"],\"@id\":\"https:\/\/staging.belleflamme.ca\/fr\/produit\/balai-sebo-et-1\/\",\"url\":\"https:\/\/staging.belleflamme.ca\/fr\/produit\/balai-sebo-et-1\/\",\"name\":\"Balai SEBO ET-1 - Groupe BelleFlamme\",\"isPartOf\":{\"@id\":\"https:\/\/www.belleflamme.ca\/fr\/#website\"},\"primaryImageOfPage\":{\"@id\":\"https:\/\/staging.belleflamme.ca\/fr\/produit\/balai-sebo-et-1\/#primaryimage\"},\"image\":{\"@id\":\"https:\/\/staging.belleflamme.ca\/fr\/produit\/balai-sebo-et-1\/#primaryimage\"},\"thumbnailUrl\":\"https:\/\/staging.belleflamme.ca\/wp-content\/uploads\/2023\/05\/Balai-SEBO-ET-1.webp\",\"datePublished\":\"2023-05-03T20:02:52+00:00\",\"dateModified\":\"2023-05-03T20:09:21+00:00\",\"description\":\"Balai SEBO ET-1 [get_meta_en_fr]\",\"breadcrumb\":{\"@id\":\"https:\/\/staging.belleflamme.ca\/fr\/produit\/balai-sebo-et-1\/#breadcrumb\"},\"inLanguage\":\"fr-FR\",\"potentialAction\":[{\"@type\":\"ReadAction\",\"target\":[\"https:\/\/staging.belleflamme.ca\/fr\/produit\/balai-sebo-et-1\/\"]}]},{\"@type\":\"ImageObject\",\"inLanguage\":\"fr-FR\",\"@id\":\"https:\/\/staging.belleflamme.ca\/fr\/produit\/balai-sebo-et-1\/#primaryimage\",\"url\":\"https:\/\/staging.belleflamme.ca\/wp-content\/uploads\/2023\/05\/Balai-SEBO-ET-1.webp\",\"contentUrl\":\"https:\/\/staging.belleflamme.ca\/wp-content\/uploads\/2023\/05\/Balai-SEBO-ET-1.webp\",\"width\":600,\"height\":600},{\"@type\":\"BreadcrumbList\",\"@id\":\"https:\/\/staging.belleflamme.ca\/fr\/produit\/balai-sebo-et-1\/#breadcrumb\",\"itemListElement\":[{\"@type\":\"ListItem\",\"position\":1,\"name\":\"Accueil\",\"item\":\"https:\/\/www.belleflamme.ca\/fr\/\"},{\"@type\":\"ListItem\",\"position\":2,\"name\":\"Boutique\",\"item\":\"https:\/\/www.belleflamme.ca\/fr\/boutique\/\"},{\"@type\":\"ListItem\",\"position\":3,\"name\":\"Aspirateur\",\"item\":\"https:\/\/staging.belleflamme.ca\/fr\/categories\/aspirateur\/\"},{\"@type\":\"ListItem\",\"position\":4,\"name\":\"Brosses &amp; Balais\",\"item\":\"https:\/\/staging.belleflamme.ca\/fr\/categories\/aspirateur\/brosses-et-balais\/\"},{\"@type\":\"ListItem\",\"position\":5,\"name\":\"Balai SEBO ET-1\"}]},{\"@type\":\"WebSite\",\"@id\":\"https:\/\/www.belleflamme.ca\/fr\/#website\",\"url\":\"https:\/\/www.belleflamme.ca\/fr\/\",\"name\":\"Groupe Belleflamme\",\"description\":\"La m\u00e9canique du b\u00e2timent dans le sang.\",\"publisher\":{\"@id\":\"https:\/\/www.belleflamme.ca\/fr\/#organization\"},\"potentialAction\":[{\"@type\":\"SearchAction\",\"target\":{\"@type\":\"EntryPoint\",\"urlTemplate\":\"https:\/\/www.belleflamme.ca\/fr\/?s={search_term_string}\"},\"query-input\":{\"@type\":\"PropertyValueSpecification\",\"valueRequired\":true,\"valueName\":\"search_term_string\"}}],\"inLanguage\":\"fr-FR\"},{\"@type\":[\"Organization\",\"Place\"],\"@id\":\"https:\/\/www.belleflamme.ca\/fr\/#organization\",\"name\":\"Groupe Belleflamme\",\"alternateName\":\"Belleflamme\",\"url\":\"https:\/\/www.belleflamme.ca\/fr\/\",\"logo\":{\"@type\":\"ImageObject\",\"inLanguage\":\"fr-FR\",\"@id\":\"https:\/\/www.belleflamme.ca\/fr\/#\/schema\/logo\/image\/\",\"url\":\"https:\/\/staging.belleflamme.ca\/wp-content\/uploads\/2023\/01\/og-image.jpg\",\"contentUrl\":\"https:\/\/staging.belleflamme.ca\/wp-content\/uploads\/2023\/01\/og-image.jpg\",\"width\":1200,\"height\":630,\"caption\":\"Groupe Belleflamme\"},\"image\":{\"@id\":\"https:\/\/www.belleflamme.ca\/fr\/#\/schema\/logo\/image\/\"},\"sameAs\":[\"https:\/\/www.facebook.com\/belleflamme.ca\/\",\"https:\/\/www.linkedin.com\/company\/belleflamme\/\",\"https:\/\/www.pinterest.ca\/groupebelleflamme\/\",\"https:\/\/www.instagram.com\/legroupebelleflamme\/\"],\"mainEntityOfPage\":{\"@id\":\"https:\/\/staging.belleflamme.ca\/fr\/produit\/balai-sebo-et-1\/\"}}]}<\/script>\n<meta property=\"product:brand\" content=\"Mvac\" \/>\n<meta property=\"product:price:amount\" content=\"341.00\" \/>\n<meta property=\"product:price:currency\" content=\"CAD\" \/>\n<meta property=\"og:availability\" content=\"instock\" \/>\n<meta property=\"product:availability\" content=\"instock\" \/>\n<meta property=\"product:condition\" content=\"new\" \/>\n<!-- \/ Yoast SEO Premium plugin. -->","yoast_head_json":{"title":"Balai SEBO ET-1 - Groupe BelleFlamme","description":"Balai SEBO ET-1 vendu et install\u00e9 par le Groupe Belleflamme. Laval, Montr\u00e9al, Gatineau, Drummondville et Saint-Sauveur.","robots":{"index":"index","follow":"follow","max-snippet":"max-snippet:-1","max-image-preview":"max-image-preview:large","max-video-preview":"max-video-preview:-1"},"canonical":"https:\/\/staging.belleflamme.ca\/fr\/produit\/balai-sebo-et-1\/","og_locale":"fr_FR","og_type":"article","og_title":"Balai SEBO ET-1","og_description":"Balai SEBO ET-1 vendu et install\u00e9 par le Groupe Belleflamme. Laval, Montr\u00e9al, Gatineau, Drummondville et Saint-Sauveur.","og_url":"https:\/\/staging.belleflamme.ca\/fr\/produit\/balai-sebo-et-1\/","og_site_name":"Groupe BelleFlamme","article_publisher":"https:\/\/www.facebook.com\/belleflamme.ca\/","article_modified_time":"2023-05-03T20:09:21+00:00","og_image":[{"width":600,"height":600,"url":"https:\/\/www.belleflamme.ca\/wp-content\/uploads\/2023\/05\/Balai-SEBO-ET-1.webp","type":"image\/webp"}],"twitter_card":"summary_large_image","twitter_misc":{"Prix":"&#36;341.00","Disponibilit\u00e9":"En stock"},"schema":{"@context":"https:\/\/schema.org","@graph":[{"@type":["WebPage","ItemPage"],"@id":"https:\/\/staging.belleflamme.ca\/fr\/produit\/balai-sebo-et-1\/","url":"https:\/\/staging.belleflamme.ca\/fr\/produit\/balai-sebo-et-1\/","name":"Balai SEBO ET-1 - Groupe BelleFlamme","isPartOf":{"@id":"https:\/\/www.belleflamme.ca\/fr\/#website"},"primaryImageOfPage":{"@id":"https:\/\/staging.belleflamme.ca\/fr\/produit\/balai-sebo-et-1\/#primaryimage"},"image":{"@id":"https:\/\/staging.belleflamme.ca\/fr\/produit\/balai-sebo-et-1\/#primaryimage"},"thumbnailUrl":"https:\/\/staging.belleflamme.ca\/wp-content\/uploads\/2023\/05\/Balai-SEBO-ET-1.webp","datePublished":"2023-05-03T20:02:52+00:00","dateModified":"2023-05-03T20:09:21+00:00","description":"Balai SEBO ET-1 [get_meta_en_fr]","breadcrumb":{"@id":"https:\/\/staging.belleflamme.ca\/fr\/produit\/balai-sebo-et-1\/#breadcrumb"},"inLanguage":"fr-FR","potentialAction":[{"@type":"ReadAction","target":["https:\/\/staging.belleflamme.ca\/fr\/produit\/balai-sebo-et-1\/"]}]},{"@type":"ImageObject","inLanguage":"fr-FR","@id":"https:\/\/staging.belleflamme.ca\/fr\/produit\/balai-sebo-et-1\/#primaryimage","url":"https:\/\/staging.belleflamme.ca\/wp-content\/uploads\/2023\/05\/Balai-SEBO-ET-1.webp","contentUrl":"https:\/\/staging.belleflamme.ca\/wp-content\/uploads\/2023\/05\/Balai-SEBO-ET-1.webp","width":600,"height":600},{"@type":"BreadcrumbList","@id":"https:\/\/staging.belleflamme.ca\/fr\/produit\/balai-sebo-et-1\/#breadcrumb","itemListElement":[{"@type":"ListItem","position":1,"name":"Accueil","item":"https:\/\/www.belleflamme.ca\/fr\/"},{"@type":"ListItem","position":2,"name":"Boutique","item":"https:\/\/www.belleflamme.ca\/fr\/boutique\/"},{"@type":"ListItem","position":3,"name":"Aspirateur","item":"https:\/\/staging.belleflamme.ca\/fr\/categories\/aspirateur\/"},{"@type":"ListItem","position":4,"name":"Brosses &amp; Balais","item":"https:\/\/staging.belleflamme.ca\/fr\/categories\/aspirateur\/brosses-et-balais\/"},{"@type":"ListItem","position":5,"name":"Balai SEBO ET-1"}]},{"@type":"WebSite","@id":"https:\/\/www.belleflamme.ca\/fr\/#website","url":"https:\/\/www.belleflamme.ca\/fr\/","name":"Groupe Belleflamme","description":"La m\u00e9canique du b\u00e2timent dans le sang.","publisher":{"@id":"https:\/\/www.belleflamme.ca\/fr\/#organization"},"potentialAction":[{"@type":"SearchAction","target":{"@type":"EntryPoint","urlTemplate":"https:\/\/www.belleflamme.ca\/fr\/?s={search_term_string}"},"query-input":{"@type":"PropertyValueSpecification","valueRequired":true,"valueName":"search_term_string"}}],"inLanguage":"fr-FR"},{"@type":["Organization","Place"],"@id":"https:\/\/www.belleflamme.ca\/fr\/#organization","name":"Groupe Belleflamme","alternateName":"Belleflamme","url":"https:\/\/www.belleflamme.ca\/fr\/","logo":{"@type":"ImageObject","inLanguage":"fr-FR","@id":"https:\/\/www.belleflamme.ca\/fr\/#\/schema\/logo\/image\/","url":"https:\/\/staging.belleflamme.ca\/wp-content\/uploads\/2023\/01\/og-image.jpg","contentUrl":"https:\/\/staging.belleflamme.ca\/wp-content\/uploads\/2023\/01\/og-image.jpg","width":1200,"height":630,"caption":"Groupe Belleflamme"},"image":{"@id":"https:\/\/www.belleflamme.ca\/fr\/#\/schema\/logo\/image\/"},"sameAs":["https:\/\/www.facebook.com\/belleflamme.ca\/","https:\/\/www.linkedin.com\/company\/belleflamme\/","https:\/\/www.pinterest.ca\/groupebelleflamme\/","https:\/\/www.instagram.com\/legroupebelleflamme\/"],"mainEntityOfPage":{"@id":"https:\/\/staging.belleflamme.ca\/fr\/produit\/balai-sebo-et-1\/"}}]},"product_brand":"Mvac","product_price_amount":"341.00","product_price_currency":"CAD","og_availability":"instock","product_availability":"instock","product_condition":"new"},"_links":{"self":[{"href":"https:\/\/staging.belleflamme.ca\/fr\/wp-json\/wp\/v2\/product\/12858","targetHints":{"allow":["GET"]}}],"collection":[{"href":"https:\/\/staging.belleflamme.ca\/fr\/wp-json\/wp\/v2\/product"}],"about":[{"href":"https:\/\/staging.belleflamme.ca\/fr\/wp-json\/wp\/v2\/types\/product"}],"version-history":[{"count":1,"href":"https:\/\/staging.belleflamme.ca\/fr\/wp-json\/wp\/v2\/product\/12858\/revisions"}],"predecessor-version":[{"id":12861,"href":"https:\/\/staging.belleflamme.ca\/fr\/wp-json\/wp\/v2\/product\/12858\/revisions\/12861"}],"wp:featuredmedia":[{"embeddable":true,"href":"https:\/\/staging.belleflamme.ca\/fr\/wp-json\/wp\/v2\/media\/12859"}],"wp:attachment":[{"href":"https:\/\/staging.belleflamme.ca\/fr\/wp-json\/wp\/v2\/media?parent=12858"}],"wp:term":[{"taxonomy":"product_brand","embeddable":true,"href":"https:\/\/staging.belleflamme.ca\/fr\/wp-json\/wp\/v2\/product_brand?post=12858"},{"taxonomy":"product_cat","embeddable":true,"href":"https:\/\/staging.belleflamme.ca\/fr\/wp-json\/wp\/v2\/product_cat?post=12858"},{"taxonomy":"product_tag","embeddable":true,"href":"https:\/\/staging.belleflamme.ca\/fr\/wp-json\/wp\/v2\/product_tag?post=12858"}],"curies":[{"name":"wp","href":"https:\/\/api.w.org\/{rel}","templated":true}]}}