{"id":12636,"date":"2023-05-03T09:56:36","date_gmt":"2023-05-03T13:56:36","guid":{"rendered":"https:\/\/www.belleflamme.ca\/?post_type=product&#038;p=12636"},"modified":"2023-05-03T10:01:06","modified_gmt":"2023-05-03T14:01:06","slug":"poignee-de-controle-sans-fil-sans-recepteur","status":"publish","type":"product","link":"https:\/\/staging.belleflamme.ca\/fr\/produit\/poignee-de-controle-sans-fil-sans-recepteur\/","title":{"rendered":"Poign\u00e9e de contr\u00f4le sans fil (sans r\u00e9cepteur)"},"content":{"rendered":"<h3>Caract\u00e9ristiques<\/h3>\n<ul>\n<li>Pour jumelage sur le r\u00e9cepteur d\u2019une poign\u00e9es de contr\u00f4le sans fil compl\u00e8te<\/li>\n<li>Jumelez jusqu\u2019\u00e0 5 poign\u00e9es sur le m\u00eame r\u00e9cepteur<\/li>\n<li>D\u00e9marre et arr\u00eate le syst\u00e8me \u00e0 distance<\/li>\n<li>Signal puissant<\/li>\n<\/ul>\n<p>La poign\u00e9e de contr\u00f4le sans fil vous permet de d\u00e9marrer et d\u2019arr\u00eater le syst\u00e8me d\u2019o\u00f9 vous \u00eates, vous \u00e9vitant ainsi de devoir retourner \u00e0 la prise. Son signal peut atteindre au-del\u00e0 de 300 m de distance. En cas de d\u00e9part accidentel, la poign\u00e9e arr\u00eatera le syst\u00e8me automatiquement apr\u00e8s 20 minutes d\u2019utilisation ininterrompue. Pour red\u00e9marrer l\u2019appareil, il suffit d\u2019appuyer sur l\u2019interrupteur \u00e0 nouveau.<\/p>\n","protected":false},"excerpt":{"rendered":"<p>Caract\u00e9ristiques Pour jumelage sur le r\u00e9cepteur d\u2019une poign\u00e9es de contr\u00f4le sans fil compl\u00e8te Jumelez jusqu\u2019\u00e0 5 poign\u00e9es sur le m\u00eame r\u00e9cepteur D\u00e9marre et arr\u00eate le syst\u00e8me \u00e0 distance Signal puissant La poign\u00e9e de contr\u00f4le sans fil vous permet de d\u00e9marrer et d\u2019arr\u00eater le syst\u00e8me d\u2019o\u00f9 vous \u00eates, vous \u00e9vitant ainsi de devoir retourner \u00e0 la [&hellip;]<\/p>\n","protected":false},"featured_media":12638,"template":"","meta":{"inline_featured_image":false},"product_brand":[270],"product_cat":[122,124],"product_tag":[],"class_list":{"0":"post-12636","1":"product","2":"type-product","3":"status-publish","4":"has-post-thumbnail","6":"product_brand-mvac","7":"product_cat-aspirateur","8":"product_cat-ensemble-daccessoires","10":"first","11":"instock","12":"taxable","13":"shipping-taxable","14":"purchasable","15":"product-type-simple"},"yoast_head":"<!-- This site is optimized with the Yoast SEO Premium plugin v24.2 (Yoast SEO v24.2) - https:\/\/yoast.com\/wordpress\/plugins\/seo\/ -->\n<title>Poign\u00e9e de contr\u00f4le sans fil (sans r\u00e9cepteur) - Groupe BelleFlamme<\/title>\n<meta name=\"description\" content=\"Poign\u00e9e de contr\u00f4le sans fil (sans r\u00e9cepteur) vendu et install\u00e9 par le Groupe Belleflamme. Laval, Montr\u00e9al, Gatineau, Drummondville et Saint-Sauveur.\" \/>\n<meta name=\"robots\" content=\"index, follow, max-snippet:-1, max-image-preview:large, max-video-preview:-1\" \/>\n<link rel=\"canonical\" href=\"https:\/\/staging.belleflamme.ca\/fr\/produit\/poignee-de-controle-sans-fil-sans-recepteur\/\" \/>\n<meta property=\"og:locale\" content=\"fr_FR\" \/>\n<meta property=\"og:type\" content=\"article\" \/>\n<meta property=\"og:title\" content=\"Poign\u00e9e de contr\u00f4le sans fil (sans r\u00e9cepteur)\" \/>\n<meta property=\"og:description\" content=\"Poign\u00e9e de contr\u00f4le sans fil (sans r\u00e9cepteur) vendu et install\u00e9 par le Groupe Belleflamme. Laval, Montr\u00e9al, Gatineau, Drummondville et Saint-Sauveur.\" \/>\n<meta property=\"og:url\" content=\"https:\/\/staging.belleflamme.ca\/fr\/produit\/poignee-de-controle-sans-fil-sans-recepteur\/\" \/>\n<meta property=\"og:site_name\" content=\"Groupe BelleFlamme\" \/>\n<meta property=\"article:publisher\" content=\"https:\/\/www.facebook.com\/belleflamme.ca\/\" \/>\n<meta property=\"article:modified_time\" content=\"2023-05-03T14:01:06+00:00\" \/>\n<meta property=\"og:image\" content=\"https:\/\/www.belleflamme.ca\/wp-content\/uploads\/2023\/05\/Poignee-de-controle-sans-fil-sans-recepteur.webp\" \/>\n\t<meta property=\"og:image:width\" content=\"600\" \/>\n\t<meta property=\"og:image:height\" content=\"600\" \/>\n\t<meta property=\"og:image:type\" content=\"image\/webp\" \/>\n<meta name=\"twitter:card\" content=\"summary_large_image\" \/>\n<meta name=\"twitter:label1\" content=\"Prix\" \/>\n\t<meta name=\"twitter:data1\" content=\"&#036;161.00\" \/>\n\t<meta name=\"twitter:label2\" content=\"Disponibilit\u00e9\" \/>\n\t<meta name=\"twitter:data2\" content=\"En stock\" \/>\n<script type=\"application\/ld+json\" class=\"yoast-schema-graph\">{\"@context\":\"https:\/\/schema.org\",\"@graph\":[{\"@type\":[\"WebPage\",\"ItemPage\"],\"@id\":\"https:\/\/staging.belleflamme.ca\/fr\/produit\/poignee-de-controle-sans-fil-sans-recepteur\/\",\"url\":\"https:\/\/staging.belleflamme.ca\/fr\/produit\/poignee-de-controle-sans-fil-sans-recepteur\/\",\"name\":\"Poign\u00e9e de contr\u00f4le sans fil (sans r\u00e9cepteur) - Groupe BelleFlamme\",\"isPartOf\":{\"@id\":\"https:\/\/www.belleflamme.ca\/fr\/#website\"},\"primaryImageOfPage\":{\"@id\":\"https:\/\/staging.belleflamme.ca\/fr\/produit\/poignee-de-controle-sans-fil-sans-recepteur\/#primaryimage\"},\"image\":{\"@id\":\"https:\/\/staging.belleflamme.ca\/fr\/produit\/poignee-de-controle-sans-fil-sans-recepteur\/#primaryimage\"},\"thumbnailUrl\":\"https:\/\/staging.belleflamme.ca\/wp-content\/uploads\/2023\/05\/Poignee-de-controle-sans-fil-sans-recepteur.webp\",\"datePublished\":\"2023-05-03T13:56:36+00:00\",\"dateModified\":\"2023-05-03T14:01:06+00:00\",\"description\":\"Poign\u00e9e de contr\u00f4le sans fil (sans r\u00e9cepteur) [get_meta_en_fr]\",\"breadcrumb\":{\"@id\":\"https:\/\/staging.belleflamme.ca\/fr\/produit\/poignee-de-controle-sans-fil-sans-recepteur\/#breadcrumb\"},\"inLanguage\":\"fr-FR\",\"potentialAction\":[{\"@type\":\"ReadAction\",\"target\":[\"https:\/\/staging.belleflamme.ca\/fr\/produit\/poignee-de-controle-sans-fil-sans-recepteur\/\"]}]},{\"@type\":\"ImageObject\",\"inLanguage\":\"fr-FR\",\"@id\":\"https:\/\/staging.belleflamme.ca\/fr\/produit\/poignee-de-controle-sans-fil-sans-recepteur\/#primaryimage\",\"url\":\"https:\/\/staging.belleflamme.ca\/wp-content\/uploads\/2023\/05\/Poignee-de-controle-sans-fil-sans-recepteur.webp\",\"contentUrl\":\"https:\/\/staging.belleflamme.ca\/wp-content\/uploads\/2023\/05\/Poignee-de-controle-sans-fil-sans-recepteur.webp\",\"width\":600,\"height\":600,\"caption\":\"Poign\u00e9e de contr\u00f4le sans fil sans r\u00e9cepteur\"},{\"@type\":\"BreadcrumbList\",\"@id\":\"https:\/\/staging.belleflamme.ca\/fr\/produit\/poignee-de-controle-sans-fil-sans-recepteur\/#breadcrumb\",\"itemListElement\":[{\"@type\":\"ListItem\",\"position\":1,\"name\":\"Accueil\",\"item\":\"https:\/\/www.belleflamme.ca\/fr\/\"},{\"@type\":\"ListItem\",\"position\":2,\"name\":\"Boutique\",\"item\":\"https:\/\/www.belleflamme.ca\/fr\/boutique\/\"},{\"@type\":\"ListItem\",\"position\":3,\"name\":\"Aspirateur\",\"item\":\"https:\/\/staging.belleflamme.ca\/fr\/categories\/aspirateur\/\"},{\"@type\":\"ListItem\",\"position\":4,\"name\":\"Ensemble d'Accessoires\",\"item\":\"https:\/\/staging.belleflamme.ca\/fr\/categories\/aspirateur\/ensemble-daccessoires\/\"},{\"@type\":\"ListItem\",\"position\":5,\"name\":\"Poign\u00e9e de contr\u00f4le sans fil (sans r\u00e9cepteur)\"}]},{\"@type\":\"WebSite\",\"@id\":\"https:\/\/www.belleflamme.ca\/fr\/#website\",\"url\":\"https:\/\/www.belleflamme.ca\/fr\/\",\"name\":\"Groupe Belleflamme\",\"description\":\"La m\u00e9canique du b\u00e2timent dans le sang.\",\"publisher\":{\"@id\":\"https:\/\/www.belleflamme.ca\/fr\/#organization\"},\"potentialAction\":[{\"@type\":\"SearchAction\",\"target\":{\"@type\":\"EntryPoint\",\"urlTemplate\":\"https:\/\/www.belleflamme.ca\/fr\/?s={search_term_string}\"},\"query-input\":{\"@type\":\"PropertyValueSpecification\",\"valueRequired\":true,\"valueName\":\"search_term_string\"}}],\"inLanguage\":\"fr-FR\"},{\"@type\":[\"Organization\",\"Place\"],\"@id\":\"https:\/\/www.belleflamme.ca\/fr\/#organization\",\"name\":\"Groupe Belleflamme\",\"alternateName\":\"Belleflamme\",\"url\":\"https:\/\/www.belleflamme.ca\/fr\/\",\"logo\":{\"@type\":\"ImageObject\",\"inLanguage\":\"fr-FR\",\"@id\":\"https:\/\/www.belleflamme.ca\/fr\/#\/schema\/logo\/image\/\",\"url\":\"https:\/\/staging.belleflamme.ca\/wp-content\/uploads\/2023\/01\/og-image.jpg\",\"contentUrl\":\"https:\/\/staging.belleflamme.ca\/wp-content\/uploads\/2023\/01\/og-image.jpg\",\"width\":1200,\"height\":630,\"caption\":\"Groupe Belleflamme\"},\"image\":{\"@id\":\"https:\/\/www.belleflamme.ca\/fr\/#\/schema\/logo\/image\/\"},\"sameAs\":[\"https:\/\/www.facebook.com\/belleflamme.ca\/\",\"https:\/\/www.linkedin.com\/company\/belleflamme\/\",\"https:\/\/www.pinterest.ca\/groupebelleflamme\/\",\"https:\/\/www.instagram.com\/legroupebelleflamme\/\"],\"mainEntityOfPage\":{\"@id\":\"https:\/\/staging.belleflamme.ca\/fr\/produit\/poignee-de-controle-sans-fil-sans-recepteur\/\"}}]}<\/script>\n<meta property=\"product:brand\" content=\"Mvac\" \/>\n<meta property=\"product:price:amount\" content=\"161.00\" \/>\n<meta property=\"product:price:currency\" content=\"CAD\" \/>\n<meta property=\"og:availability\" content=\"instock\" \/>\n<meta property=\"product:availability\" content=\"instock\" \/>\n<meta property=\"product:condition\" content=\"new\" \/>\n<!-- \/ Yoast SEO Premium plugin. -->","yoast_head_json":{"title":"Poign\u00e9e de contr\u00f4le sans fil (sans r\u00e9cepteur) - Groupe BelleFlamme","description":"Poign\u00e9e de contr\u00f4le sans fil (sans r\u00e9cepteur) vendu et install\u00e9 par le Groupe Belleflamme. Laval, Montr\u00e9al, Gatineau, Drummondville et Saint-Sauveur.","robots":{"index":"index","follow":"follow","max-snippet":"max-snippet:-1","max-image-preview":"max-image-preview:large","max-video-preview":"max-video-preview:-1"},"canonical":"https:\/\/staging.belleflamme.ca\/fr\/produit\/poignee-de-controle-sans-fil-sans-recepteur\/","og_locale":"fr_FR","og_type":"article","og_title":"Poign\u00e9e de contr\u00f4le sans fil (sans r\u00e9cepteur)","og_description":"Poign\u00e9e de contr\u00f4le sans fil (sans r\u00e9cepteur) vendu et install\u00e9 par le Groupe Belleflamme. Laval, Montr\u00e9al, Gatineau, Drummondville et Saint-Sauveur.","og_url":"https:\/\/staging.belleflamme.ca\/fr\/produit\/poignee-de-controle-sans-fil-sans-recepteur\/","og_site_name":"Groupe BelleFlamme","article_publisher":"https:\/\/www.facebook.com\/belleflamme.ca\/","article_modified_time":"2023-05-03T14:01:06+00:00","og_image":[{"width":600,"height":600,"url":"https:\/\/www.belleflamme.ca\/wp-content\/uploads\/2023\/05\/Poignee-de-controle-sans-fil-sans-recepteur.webp","type":"image\/webp"}],"twitter_card":"summary_large_image","twitter_misc":{"Prix":"&#36;161.00","Disponibilit\u00e9":"En stock"},"schema":{"@context":"https:\/\/schema.org","@graph":[{"@type":["WebPage","ItemPage"],"@id":"https:\/\/staging.belleflamme.ca\/fr\/produit\/poignee-de-controle-sans-fil-sans-recepteur\/","url":"https:\/\/staging.belleflamme.ca\/fr\/produit\/poignee-de-controle-sans-fil-sans-recepteur\/","name":"Poign\u00e9e de contr\u00f4le sans fil (sans r\u00e9cepteur) - Groupe BelleFlamme","isPartOf":{"@id":"https:\/\/www.belleflamme.ca\/fr\/#website"},"primaryImageOfPage":{"@id":"https:\/\/staging.belleflamme.ca\/fr\/produit\/poignee-de-controle-sans-fil-sans-recepteur\/#primaryimage"},"image":{"@id":"https:\/\/staging.belleflamme.ca\/fr\/produit\/poignee-de-controle-sans-fil-sans-recepteur\/#primaryimage"},"thumbnailUrl":"https:\/\/staging.belleflamme.ca\/wp-content\/uploads\/2023\/05\/Poignee-de-controle-sans-fil-sans-recepteur.webp","datePublished":"2023-05-03T13:56:36+00:00","dateModified":"2023-05-03T14:01:06+00:00","description":"Poign\u00e9e de contr\u00f4le sans fil (sans r\u00e9cepteur) [get_meta_en_fr]","breadcrumb":{"@id":"https:\/\/staging.belleflamme.ca\/fr\/produit\/poignee-de-controle-sans-fil-sans-recepteur\/#breadcrumb"},"inLanguage":"fr-FR","potentialAction":[{"@type":"ReadAction","target":["https:\/\/staging.belleflamme.ca\/fr\/produit\/poignee-de-controle-sans-fil-sans-recepteur\/"]}]},{"@type":"ImageObject","inLanguage":"fr-FR","@id":"https:\/\/staging.belleflamme.ca\/fr\/produit\/poignee-de-controle-sans-fil-sans-recepteur\/#primaryimage","url":"https:\/\/staging.belleflamme.ca\/wp-content\/uploads\/2023\/05\/Poignee-de-controle-sans-fil-sans-recepteur.webp","contentUrl":"https:\/\/staging.belleflamme.ca\/wp-content\/uploads\/2023\/05\/Poignee-de-controle-sans-fil-sans-recepteur.webp","width":600,"height":600,"caption":"Poign\u00e9e de contr\u00f4le sans fil sans r\u00e9cepteur"},{"@type":"BreadcrumbList","@id":"https:\/\/staging.belleflamme.ca\/fr\/produit\/poignee-de-controle-sans-fil-sans-recepteur\/#breadcrumb","itemListElement":[{"@type":"ListItem","position":1,"name":"Accueil","item":"https:\/\/www.belleflamme.ca\/fr\/"},{"@type":"ListItem","position":2,"name":"Boutique","item":"https:\/\/www.belleflamme.ca\/fr\/boutique\/"},{"@type":"ListItem","position":3,"name":"Aspirateur","item":"https:\/\/staging.belleflamme.ca\/fr\/categories\/aspirateur\/"},{"@type":"ListItem","position":4,"name":"Ensemble d'Accessoires","item":"https:\/\/staging.belleflamme.ca\/fr\/categories\/aspirateur\/ensemble-daccessoires\/"},{"@type":"ListItem","position":5,"name":"Poign\u00e9e de contr\u00f4le sans fil (sans r\u00e9cepteur)"}]},{"@type":"WebSite","@id":"https:\/\/www.belleflamme.ca\/fr\/#website","url":"https:\/\/www.belleflamme.ca\/fr\/","name":"Groupe Belleflamme","description":"La m\u00e9canique du b\u00e2timent dans le sang.","publisher":{"@id":"https:\/\/www.belleflamme.ca\/fr\/#organization"},"potentialAction":[{"@type":"SearchAction","target":{"@type":"EntryPoint","urlTemplate":"https:\/\/www.belleflamme.ca\/fr\/?s={search_term_string}"},"query-input":{"@type":"PropertyValueSpecification","valueRequired":true,"valueName":"search_term_string"}}],"inLanguage":"fr-FR"},{"@type":["Organization","Place"],"@id":"https:\/\/www.belleflamme.ca\/fr\/#organization","name":"Groupe Belleflamme","alternateName":"Belleflamme","url":"https:\/\/www.belleflamme.ca\/fr\/","logo":{"@type":"ImageObject","inLanguage":"fr-FR","@id":"https:\/\/www.belleflamme.ca\/fr\/#\/schema\/logo\/image\/","url":"https:\/\/staging.belleflamme.ca\/wp-content\/uploads\/2023\/01\/og-image.jpg","contentUrl":"https:\/\/staging.belleflamme.ca\/wp-content\/uploads\/2023\/01\/og-image.jpg","width":1200,"height":630,"caption":"Groupe Belleflamme"},"image":{"@id":"https:\/\/www.belleflamme.ca\/fr\/#\/schema\/logo\/image\/"},"sameAs":["https:\/\/www.facebook.com\/belleflamme.ca\/","https:\/\/www.linkedin.com\/company\/belleflamme\/","https:\/\/www.pinterest.ca\/groupebelleflamme\/","https:\/\/www.instagram.com\/legroupebelleflamme\/"],"mainEntityOfPage":{"@id":"https:\/\/staging.belleflamme.ca\/fr\/produit\/poignee-de-controle-sans-fil-sans-recepteur\/"}}]},"product_brand":"Mvac","product_price_amount":"161.00","product_price_currency":"CAD","og_availability":"instock","product_availability":"instock","product_condition":"new"},"_links":{"self":[{"href":"https:\/\/staging.belleflamme.ca\/fr\/wp-json\/wp\/v2\/product\/12636","targetHints":{"allow":["GET"]}}],"collection":[{"href":"https:\/\/staging.belleflamme.ca\/fr\/wp-json\/wp\/v2\/product"}],"about":[{"href":"https:\/\/staging.belleflamme.ca\/fr\/wp-json\/wp\/v2\/types\/product"}],"version-history":[{"count":1,"href":"https:\/\/staging.belleflamme.ca\/fr\/wp-json\/wp\/v2\/product\/12636\/revisions"}],"predecessor-version":[{"id":12640,"href":"https:\/\/staging.belleflamme.ca\/fr\/wp-json\/wp\/v2\/product\/12636\/revisions\/12640"}],"wp:featuredmedia":[{"embeddable":true,"href":"https:\/\/staging.belleflamme.ca\/fr\/wp-json\/wp\/v2\/media\/12638"}],"wp:attachment":[{"href":"https:\/\/staging.belleflamme.ca\/fr\/wp-json\/wp\/v2\/media?parent=12636"}],"wp:term":[{"taxonomy":"product_brand","embeddable":true,"href":"https:\/\/staging.belleflamme.ca\/fr\/wp-json\/wp\/v2\/product_brand?post=12636"},{"taxonomy":"product_cat","embeddable":true,"href":"https:\/\/staging.belleflamme.ca\/fr\/wp-json\/wp\/v2\/product_cat?post=12636"},{"taxonomy":"product_tag","embeddable":true,"href":"https:\/\/staging.belleflamme.ca\/fr\/wp-json\/wp\/v2\/product_tag?post=12636"}],"curies":[{"name":"wp","href":"https:\/\/api.w.org\/{rel}","templated":true}]}}