{"id":12616,"date":"2023-05-03T09:48:16","date_gmt":"2023-05-03T13:48:16","guid":{"rendered":"https:\/\/www.belleflamme.ca\/?post_type=product&#038;p=12616"},"modified":"2023-05-03T09:54:25","modified_gmt":"2023-05-03T13:54:25","slug":"ensemble-daccessoires-retraflex-poignee-standard","status":"publish","type":"product","link":"https:\/\/staging.belleflamme.ca\/fr\/produit\/ensemble-daccessoires-retraflex-poignee-standard\/","title":{"rendered":"Ensemble d&#8217;accessoires R\u00e9traflex + Poign\u00e9e standard"},"content":{"rendered":"<h3>Caract\u00e9ristiques<\/h3>\n<ul>\n<li>Porte blanche au design soign\u00e9<\/li>\n<li>Dimension de la porte :<br \/>\n7.4&#8243;(H) x 5&#8243;(L) | 18.7 cm (H) x 12.8 cm (L)<\/li>\n<li>Poign\u00e9e standard (sans interrupteur)<\/li>\n<li>Boyau au choix : avec ou sans housse<\/li>\n<li>Disponible en 4 longueurs de boyau<\/li>\n<\/ul>\n<p>Cet ensemble d\u2019accessoires pour syst\u00e8me de flexible r\u00e9tractable R\u00e9traflex<sup>\u00ae<\/sup>\u00a0inclut une porte blanche au design soign\u00e9 qui s\u2019int\u00e8gre \u00e0 tous les d\u00e9cors, un flexible R\u00e9traflex<sup>\u00ae<\/sup>\u00a0(au choix :avec ou sans housse), une poign\u00e9e standard (sans interrupteur), un manchon t\u00e9lescopique, un support \u00e0 manchon, un tablier \u00e0 accessoires, ainsi qu\u2019un ensemble de brosses Grand luxe comprenant une brosse \u00e0 plancher 30,5 cm, un outil rectangulaire, une brosse \u00e0 \u00e9pousseter et un outil de coin.<\/p>\n","protected":false},"excerpt":{"rendered":"<p>Caract\u00e9ristiques Porte blanche au design soign\u00e9 Dimension de la porte : 7.4&#8243;(H) x 5&#8243;(L) | 18.7 cm (H) x 12.8 cm (L) Poign\u00e9e standard (sans interrupteur) Boyau au choix : avec ou sans housse Disponible en 4 longueurs de boyau Cet ensemble d\u2019accessoires pour syst\u00e8me de flexible r\u00e9tractable R\u00e9traflex\u00ae\u00a0inclut une porte blanche au design soign\u00e9 [&hellip;]<\/p>\n","protected":false},"featured_media":12617,"template":"","meta":{"inline_featured_image":false},"product_brand":[270],"product_cat":[122,124],"product_tag":[],"class_list":{"0":"post-12616","1":"product","2":"type-product","3":"status-publish","4":"has-post-thumbnail","6":"product_brand-mvac","7":"product_cat-aspirateur","8":"product_cat-ensemble-daccessoires","10":"first","11":"instock","12":"taxable","13":"shipping-taxable","14":"purchasable","15":"product-type-variable"},"yoast_head":"<!-- This site is optimized with the Yoast SEO Premium plugin v24.2 (Yoast SEO v24.2) - https:\/\/yoast.com\/wordpress\/plugins\/seo\/ -->\n<title>Ensemble d&#039;accessoires R\u00e9traflex + Poign\u00e9e standard - Groupe BelleFlamme<\/title>\n<meta name=\"description\" content=\"Ensemble d&#039;accessoires R\u00e9traflex + Poign\u00e9e standard vendu et install\u00e9 par le Groupe Belleflamme. Laval, Montr\u00e9al, Gatineau, Drummondville et Saint-Sauveur.\" \/>\n<meta name=\"robots\" content=\"index, follow, max-snippet:-1, max-image-preview:large, max-video-preview:-1\" \/>\n<link rel=\"canonical\" href=\"https:\/\/staging.belleflamme.ca\/fr\/produit\/ensemble-daccessoires-retraflex-poignee-standard\/\" \/>\n<meta property=\"og:locale\" content=\"fr_FR\" \/>\n<meta property=\"og:type\" content=\"article\" \/>\n<meta property=\"og:title\" content=\"Ensemble d&#039;accessoires R\u00e9traflex + Poign\u00e9e standard\" \/>\n<meta property=\"og:description\" content=\"Ensemble d&#039;accessoires R\u00e9traflex + Poign\u00e9e standard vendu et install\u00e9 par le Groupe Belleflamme. Laval, Montr\u00e9al, Gatineau, Drummondville et Saint-Sauveur.\" \/>\n<meta property=\"og:url\" content=\"https:\/\/staging.belleflamme.ca\/fr\/produit\/ensemble-daccessoires-retraflex-poignee-standard\/\" \/>\n<meta property=\"og:site_name\" content=\"Groupe BelleFlamme\" \/>\n<meta property=\"article:publisher\" content=\"https:\/\/www.facebook.com\/belleflamme.ca\/\" \/>\n<meta property=\"article:modified_time\" content=\"2023-05-03T13:54:25+00:00\" \/>\n<meta property=\"og:image\" content=\"https:\/\/www.belleflamme.ca\/wp-content\/uploads\/2023\/05\/Ensemble-daccessoires-Retraflex-ET-Poignee-standard.webp\" \/>\n\t<meta property=\"og:image:width\" content=\"600\" \/>\n\t<meta property=\"og:image:height\" content=\"600\" \/>\n\t<meta property=\"og:image:type\" content=\"image\/webp\" \/>\n<meta name=\"twitter:card\" content=\"summary_large_image\" \/>\n<meta name=\"twitter:label1\" content=\"Disponibilit\u00e9\" \/>\n\t<meta name=\"twitter:data1\" content=\"En stock\" \/>\n<script type=\"application\/ld+json\" class=\"yoast-schema-graph\">{\"@context\":\"https:\/\/schema.org\",\"@graph\":[{\"@type\":[\"WebPage\",\"ItemPage\"],\"@id\":\"https:\/\/staging.belleflamme.ca\/fr\/produit\/ensemble-daccessoires-retraflex-poignee-standard\/\",\"url\":\"https:\/\/staging.belleflamme.ca\/fr\/produit\/ensemble-daccessoires-retraflex-poignee-standard\/\",\"name\":\"Ensemble d'accessoires R\u00e9traflex + Poign\u00e9e standard - Groupe BelleFlamme\",\"isPartOf\":{\"@id\":\"https:\/\/www.belleflamme.ca\/fr\/#website\"},\"primaryImageOfPage\":{\"@id\":\"https:\/\/staging.belleflamme.ca\/fr\/produit\/ensemble-daccessoires-retraflex-poignee-standard\/#primaryimage\"},\"image\":{\"@id\":\"https:\/\/staging.belleflamme.ca\/fr\/produit\/ensemble-daccessoires-retraflex-poignee-standard\/#primaryimage\"},\"thumbnailUrl\":\"https:\/\/staging.belleflamme.ca\/wp-content\/uploads\/2023\/05\/Ensemble-daccessoires-Retraflex-ET-Poignee-standard.webp\",\"datePublished\":\"2023-05-03T13:48:16+00:00\",\"dateModified\":\"2023-05-03T13:54:25+00:00\",\"description\":\"Ensemble d'accessoires R\u00e9traflex + Poign\u00e9e standard [get_meta_en_fr]\",\"breadcrumb\":{\"@id\":\"https:\/\/staging.belleflamme.ca\/fr\/produit\/ensemble-daccessoires-retraflex-poignee-standard\/#breadcrumb\"},\"inLanguage\":\"fr-FR\",\"potentialAction\":[{\"@type\":\"ReadAction\",\"target\":[\"https:\/\/staging.belleflamme.ca\/fr\/produit\/ensemble-daccessoires-retraflex-poignee-standard\/\"]}]},{\"@type\":\"ImageObject\",\"inLanguage\":\"fr-FR\",\"@id\":\"https:\/\/staging.belleflamme.ca\/fr\/produit\/ensemble-daccessoires-retraflex-poignee-standard\/#primaryimage\",\"url\":\"https:\/\/staging.belleflamme.ca\/wp-content\/uploads\/2023\/05\/Ensemble-daccessoires-Retraflex-ET-Poignee-standard.webp\",\"contentUrl\":\"https:\/\/staging.belleflamme.ca\/wp-content\/uploads\/2023\/05\/Ensemble-daccessoires-Retraflex-ET-Poignee-standard.webp\",\"width\":600,\"height\":600,\"caption\":\"Ensemble d'accessoires R\u00e9traflex ET Poign\u00e9e standard\"},{\"@type\":\"BreadcrumbList\",\"@id\":\"https:\/\/staging.belleflamme.ca\/fr\/produit\/ensemble-daccessoires-retraflex-poignee-standard\/#breadcrumb\",\"itemListElement\":[{\"@type\":\"ListItem\",\"position\":1,\"name\":\"Accueil\",\"item\":\"https:\/\/www.belleflamme.ca\/fr\/\"},{\"@type\":\"ListItem\",\"position\":2,\"name\":\"Boutique\",\"item\":\"https:\/\/www.belleflamme.ca\/fr\/boutique\/\"},{\"@type\":\"ListItem\",\"position\":3,\"name\":\"Aspirateur\",\"item\":\"https:\/\/staging.belleflamme.ca\/fr\/categories\/aspirateur\/\"},{\"@type\":\"ListItem\",\"position\":4,\"name\":\"Ensemble d'Accessoires\",\"item\":\"https:\/\/staging.belleflamme.ca\/fr\/categories\/aspirateur\/ensemble-daccessoires\/\"},{\"@type\":\"ListItem\",\"position\":5,\"name\":\"Ensemble d&#8217;accessoires R\u00e9traflex + Poign\u00e9e standard\"}]},{\"@type\":\"WebSite\",\"@id\":\"https:\/\/www.belleflamme.ca\/fr\/#website\",\"url\":\"https:\/\/www.belleflamme.ca\/fr\/\",\"name\":\"Groupe Belleflamme\",\"description\":\"La m\u00e9canique du b\u00e2timent dans le sang.\",\"publisher\":{\"@id\":\"https:\/\/www.belleflamme.ca\/fr\/#organization\"},\"potentialAction\":[{\"@type\":\"SearchAction\",\"target\":{\"@type\":\"EntryPoint\",\"urlTemplate\":\"https:\/\/www.belleflamme.ca\/fr\/?s={search_term_string}\"},\"query-input\":{\"@type\":\"PropertyValueSpecification\",\"valueRequired\":true,\"valueName\":\"search_term_string\"}}],\"inLanguage\":\"fr-FR\"},{\"@type\":[\"Organization\",\"Place\"],\"@id\":\"https:\/\/www.belleflamme.ca\/fr\/#organization\",\"name\":\"Groupe Belleflamme\",\"alternateName\":\"Belleflamme\",\"url\":\"https:\/\/www.belleflamme.ca\/fr\/\",\"logo\":{\"@type\":\"ImageObject\",\"inLanguage\":\"fr-FR\",\"@id\":\"https:\/\/www.belleflamme.ca\/fr\/#\/schema\/logo\/image\/\",\"url\":\"https:\/\/staging.belleflamme.ca\/wp-content\/uploads\/2023\/01\/og-image.jpg\",\"contentUrl\":\"https:\/\/staging.belleflamme.ca\/wp-content\/uploads\/2023\/01\/og-image.jpg\",\"width\":1200,\"height\":630,\"caption\":\"Groupe Belleflamme\"},\"image\":{\"@id\":\"https:\/\/www.belleflamme.ca\/fr\/#\/schema\/logo\/image\/\"},\"sameAs\":[\"https:\/\/www.facebook.com\/belleflamme.ca\/\",\"https:\/\/www.linkedin.com\/company\/belleflamme\/\",\"https:\/\/www.pinterest.ca\/groupebelleflamme\/\",\"https:\/\/www.instagram.com\/legroupebelleflamme\/\"],\"mainEntityOfPage\":{\"@id\":\"https:\/\/staging.belleflamme.ca\/fr\/produit\/ensemble-daccessoires-retraflex-poignee-standard\/\"}}]}<\/script>\n<meta property=\"product:brand\" content=\"Mvac\" \/>\n<meta property=\"og:availability\" content=\"instock\" \/>\n<meta property=\"product:availability\" content=\"instock\" \/>\n<meta property=\"product:condition\" content=\"new\" \/>\n<!-- \/ Yoast SEO Premium plugin. -->","yoast_head_json":{"title":"Ensemble d'accessoires R\u00e9traflex + Poign\u00e9e standard - Groupe BelleFlamme","description":"Ensemble d'accessoires R\u00e9traflex + Poign\u00e9e standard vendu et install\u00e9 par le Groupe Belleflamme. Laval, Montr\u00e9al, Gatineau, Drummondville et Saint-Sauveur.","robots":{"index":"index","follow":"follow","max-snippet":"max-snippet:-1","max-image-preview":"max-image-preview:large","max-video-preview":"max-video-preview:-1"},"canonical":"https:\/\/staging.belleflamme.ca\/fr\/produit\/ensemble-daccessoires-retraflex-poignee-standard\/","og_locale":"fr_FR","og_type":"article","og_title":"Ensemble d'accessoires R\u00e9traflex + Poign\u00e9e standard","og_description":"Ensemble d'accessoires R\u00e9traflex + Poign\u00e9e standard vendu et install\u00e9 par le Groupe Belleflamme. Laval, Montr\u00e9al, Gatineau, Drummondville et Saint-Sauveur.","og_url":"https:\/\/staging.belleflamme.ca\/fr\/produit\/ensemble-daccessoires-retraflex-poignee-standard\/","og_site_name":"Groupe BelleFlamme","article_publisher":"https:\/\/www.facebook.com\/belleflamme.ca\/","article_modified_time":"2023-05-03T13:54:25+00:00","og_image":[{"width":600,"height":600,"url":"https:\/\/www.belleflamme.ca\/wp-content\/uploads\/2023\/05\/Ensemble-daccessoires-Retraflex-ET-Poignee-standard.webp","type":"image\/webp"}],"twitter_card":"summary_large_image","twitter_misc":{"Disponibilit\u00e9":"En stock"},"schema":{"@context":"https:\/\/schema.org","@graph":[{"@type":["WebPage","ItemPage"],"@id":"https:\/\/staging.belleflamme.ca\/fr\/produit\/ensemble-daccessoires-retraflex-poignee-standard\/","url":"https:\/\/staging.belleflamme.ca\/fr\/produit\/ensemble-daccessoires-retraflex-poignee-standard\/","name":"Ensemble d'accessoires R\u00e9traflex + Poign\u00e9e standard - Groupe BelleFlamme","isPartOf":{"@id":"https:\/\/www.belleflamme.ca\/fr\/#website"},"primaryImageOfPage":{"@id":"https:\/\/staging.belleflamme.ca\/fr\/produit\/ensemble-daccessoires-retraflex-poignee-standard\/#primaryimage"},"image":{"@id":"https:\/\/staging.belleflamme.ca\/fr\/produit\/ensemble-daccessoires-retraflex-poignee-standard\/#primaryimage"},"thumbnailUrl":"https:\/\/staging.belleflamme.ca\/wp-content\/uploads\/2023\/05\/Ensemble-daccessoires-Retraflex-ET-Poignee-standard.webp","datePublished":"2023-05-03T13:48:16+00:00","dateModified":"2023-05-03T13:54:25+00:00","description":"Ensemble d'accessoires R\u00e9traflex + Poign\u00e9e standard [get_meta_en_fr]","breadcrumb":{"@id":"https:\/\/staging.belleflamme.ca\/fr\/produit\/ensemble-daccessoires-retraflex-poignee-standard\/#breadcrumb"},"inLanguage":"fr-FR","potentialAction":[{"@type":"ReadAction","target":["https:\/\/staging.belleflamme.ca\/fr\/produit\/ensemble-daccessoires-retraflex-poignee-standard\/"]}]},{"@type":"ImageObject","inLanguage":"fr-FR","@id":"https:\/\/staging.belleflamme.ca\/fr\/produit\/ensemble-daccessoires-retraflex-poignee-standard\/#primaryimage","url":"https:\/\/staging.belleflamme.ca\/wp-content\/uploads\/2023\/05\/Ensemble-daccessoires-Retraflex-ET-Poignee-standard.webp","contentUrl":"https:\/\/staging.belleflamme.ca\/wp-content\/uploads\/2023\/05\/Ensemble-daccessoires-Retraflex-ET-Poignee-standard.webp","width":600,"height":600,"caption":"Ensemble d'accessoires R\u00e9traflex ET Poign\u00e9e standard"},{"@type":"BreadcrumbList","@id":"https:\/\/staging.belleflamme.ca\/fr\/produit\/ensemble-daccessoires-retraflex-poignee-standard\/#breadcrumb","itemListElement":[{"@type":"ListItem","position":1,"name":"Accueil","item":"https:\/\/www.belleflamme.ca\/fr\/"},{"@type":"ListItem","position":2,"name":"Boutique","item":"https:\/\/www.belleflamme.ca\/fr\/boutique\/"},{"@type":"ListItem","position":3,"name":"Aspirateur","item":"https:\/\/staging.belleflamme.ca\/fr\/categories\/aspirateur\/"},{"@type":"ListItem","position":4,"name":"Ensemble d'Accessoires","item":"https:\/\/staging.belleflamme.ca\/fr\/categories\/aspirateur\/ensemble-daccessoires\/"},{"@type":"ListItem","position":5,"name":"Ensemble d&#8217;accessoires R\u00e9traflex + Poign\u00e9e standard"}]},{"@type":"WebSite","@id":"https:\/\/www.belleflamme.ca\/fr\/#website","url":"https:\/\/www.belleflamme.ca\/fr\/","name":"Groupe Belleflamme","description":"La m\u00e9canique du b\u00e2timent dans le sang.","publisher":{"@id":"https:\/\/www.belleflamme.ca\/fr\/#organization"},"potentialAction":[{"@type":"SearchAction","target":{"@type":"EntryPoint","urlTemplate":"https:\/\/www.belleflamme.ca\/fr\/?s={search_term_string}"},"query-input":{"@type":"PropertyValueSpecification","valueRequired":true,"valueName":"search_term_string"}}],"inLanguage":"fr-FR"},{"@type":["Organization","Place"],"@id":"https:\/\/www.belleflamme.ca\/fr\/#organization","name":"Groupe Belleflamme","alternateName":"Belleflamme","url":"https:\/\/www.belleflamme.ca\/fr\/","logo":{"@type":"ImageObject","inLanguage":"fr-FR","@id":"https:\/\/www.belleflamme.ca\/fr\/#\/schema\/logo\/image\/","url":"https:\/\/staging.belleflamme.ca\/wp-content\/uploads\/2023\/01\/og-image.jpg","contentUrl":"https:\/\/staging.belleflamme.ca\/wp-content\/uploads\/2023\/01\/og-image.jpg","width":1200,"height":630,"caption":"Groupe Belleflamme"},"image":{"@id":"https:\/\/www.belleflamme.ca\/fr\/#\/schema\/logo\/image\/"},"sameAs":["https:\/\/www.facebook.com\/belleflamme.ca\/","https:\/\/www.linkedin.com\/company\/belleflamme\/","https:\/\/www.pinterest.ca\/groupebelleflamme\/","https:\/\/www.instagram.com\/legroupebelleflamme\/"],"mainEntityOfPage":{"@id":"https:\/\/staging.belleflamme.ca\/fr\/produit\/ensemble-daccessoires-retraflex-poignee-standard\/"}}]},"product_brand":"Mvac","og_availability":"instock","product_availability":"instock","product_condition":"new"},"_links":{"self":[{"href":"https:\/\/staging.belleflamme.ca\/fr\/wp-json\/wp\/v2\/product\/12616","targetHints":{"allow":["GET"]}}],"collection":[{"href":"https:\/\/staging.belleflamme.ca\/fr\/wp-json\/wp\/v2\/product"}],"about":[{"href":"https:\/\/staging.belleflamme.ca\/fr\/wp-json\/wp\/v2\/types\/product"}],"version-history":[{"count":1,"href":"https:\/\/staging.belleflamme.ca\/fr\/wp-json\/wp\/v2\/product\/12616\/revisions"}],"predecessor-version":[{"id":12627,"href":"https:\/\/staging.belleflamme.ca\/fr\/wp-json\/wp\/v2\/product\/12616\/revisions\/12627"}],"wp:featuredmedia":[{"embeddable":true,"href":"https:\/\/staging.belleflamme.ca\/fr\/wp-json\/wp\/v2\/media\/12617"}],"wp:attachment":[{"href":"https:\/\/staging.belleflamme.ca\/fr\/wp-json\/wp\/v2\/media?parent=12616"}],"wp:term":[{"taxonomy":"product_brand","embeddable":true,"href":"https:\/\/staging.belleflamme.ca\/fr\/wp-json\/wp\/v2\/product_brand?post=12616"},{"taxonomy":"product_cat","embeddable":true,"href":"https:\/\/staging.belleflamme.ca\/fr\/wp-json\/wp\/v2\/product_cat?post=12616"},{"taxonomy":"product_tag","embeddable":true,"href":"https:\/\/staging.belleflamme.ca\/fr\/wp-json\/wp\/v2\/product_tag?post=12616"}],"curies":[{"name":"wp","href":"https:\/\/api.w.org\/{rel}","templated":true}]}}