{"id":12373,"date":"2023-05-02T17:43:51","date_gmt":"2023-05-02T21:43:51","guid":{"rendered":"https:\/\/www.belleflamme.ca\/?post_type=product&#038;p=12373"},"modified":"2023-05-02T17:47:55","modified_gmt":"2023-05-02T21:47:55","slug":"recuperateur-a-poussiere-a-sac","status":"publish","type":"product","link":"https:\/\/staging.belleflamme.ca\/fr\/produit\/recuperateur-a-poussiere-a-sac\/","title":{"rendered":"R\u00e9cup\u00e9rateur \u00e0 poussi\u00e8re \u00e0 sac"},"content":{"rendered":"<h3>Caract\u00e9ristiques<\/h3>\n<ul>\n<li>Avec sac<\/li>\n<li>Capacit\u00e9 de 3.95\u00a0gal. \/ 17.4\u00a0L<\/li>\n<li>Id\u00e9al pour aspirer de grandes quantit\u00e9s de poussi\u00e8re et d\u00e9bris<\/li>\n<li>Garantie 3 ans<\/li>\n<\/ul>\n<h3>Informations techniques<\/h3>\n<table class=\"product_specifications\">\n<tbody>\n<tr>\n<th colspan=\"2\">R\u00e9cup\u00e9rateur \u00e0 poussi\u00e8re \u00e0 sac<\/th>\n<\/tr>\n<tr class=\"odd\">\n<td>Airwatts<\/td>\n<td class=\"value\">Non applicable<\/td>\n<\/tr>\n<tr class=\"even\">\n<td>D\u00e9cibels<\/td>\n<td class=\"value\">Non applicable<\/td>\n<\/tr>\n<tr class=\"odd\">\n<td>D\u00e9bit d&#8217;air<\/td>\n<td class=\"value\">0 PCM \/ 0 MCH<\/td>\n<\/tr>\n<tr class=\"even\">\n<td>Puissance d&#8217;aspiration H<sub>2<\/sub>0<\/td>\n<td class=\"value\">0 &#8221; \/ 0 mm<\/td>\n<\/tr>\n<tr class=\"odd\">\n<td>Amp\u00e8res<\/td>\n<td class=\"value\">0 A<\/td>\n<\/tr>\n<tr class=\"even\">\n<td>Tension (voltage)<\/td>\n<td class=\"value\">0 V<\/td>\n<\/tr>\n<tr class=\"odd\">\n<td>Turbines<\/td>\n<td class=\"value\">Non applicable<\/td>\n<\/tr>\n<tr class=\"even\">\n<td>Capacit\u00e9 du sac<\/td>\n<td class=\"value\">Non applicable<\/td>\n<\/tr>\n<tr class=\"odd\">\n<td>Capacit\u00e9 de la cuve<\/td>\n<td class=\"value\">3.95 IMP gal \/ 17.4 l<\/td>\n<\/tr>\n<tr class=\"even\">\n<td>Hauteur<\/td>\n<td class=\"value\">22.13 &#8221; \/ 56.19 cm<\/td>\n<\/tr>\n<tr class=\"odd\">\n<td>Diam\u00e8tre<\/td>\n<td class=\"value\">11.9 &#8221; \/ 30.22 cm<\/td>\n<\/tr>\n<tr class=\"even\">\n<td>Poids<\/td>\n<td class=\"value\">10.6 lb \/ 4.81 kg<\/td>\n<\/tr>\n<tr class=\"odd\">\n<td>Principe<\/td>\n<td class=\"value\">Non applicable<\/td>\n<\/tr>\n<tr class=\"even\">\n<td>Filtration<\/td>\n<td class=\"value\">Non applicable<\/td>\n<\/tr>\n<\/tbody>\n<\/table>\n","protected":false},"excerpt":{"rendered":"<p>Caract\u00e9ristiques Avec sac Capacit\u00e9 de 3.95\u00a0gal. \/ 17.4\u00a0L Id\u00e9al pour aspirer de grandes quantit\u00e9s de poussi\u00e8re et d\u00e9bris Garantie 3 ans Informations techniques R\u00e9cup\u00e9rateur \u00e0 poussi\u00e8re \u00e0 sac Airwatts Non applicable D\u00e9cibels Non applicable D\u00e9bit d&#8217;air 0 PCM \/ 0 MCH Puissance d&#8217;aspiration H20 0 &#8221; \/ 0 mm Amp\u00e8res 0 A Tension (voltage) 0 [&hellip;]<\/p>\n","protected":false},"featured_media":12374,"template":"","meta":{"inline_featured_image":false},"product_brand":[270],"product_cat":[122,123],"product_tag":[],"class_list":{"0":"post-12373","1":"product","2":"type-product","3":"status-publish","4":"has-post-thumbnail","6":"product_brand-mvac","7":"product_cat-aspirateur","8":"product_cat-aspirateurs","10":"first","11":"instock","12":"taxable","13":"shipping-taxable","14":"purchasable","15":"product-type-simple"},"yoast_head":"<!-- This site is optimized with the Yoast SEO Premium plugin v24.2 (Yoast SEO v24.2) - https:\/\/yoast.com\/wordpress\/plugins\/seo\/ -->\n<title>R\u00e9cup\u00e9rateur \u00e0 poussi\u00e8re \u00e0 sac - Groupe BelleFlamme<\/title>\n<meta name=\"description\" content=\"R\u00e9cup\u00e9rateur \u00e0 poussi\u00e8re \u00e0 sac vendu et install\u00e9 par le Groupe Belleflamme. Laval, Montr\u00e9al, Gatineau, Drummondville et Saint-Sauveur.\" \/>\n<meta name=\"robots\" content=\"index, follow, max-snippet:-1, max-image-preview:large, max-video-preview:-1\" \/>\n<link rel=\"canonical\" href=\"https:\/\/staging.belleflamme.ca\/fr\/produit\/recuperateur-a-poussiere-a-sac\/\" \/>\n<meta property=\"og:locale\" content=\"fr_FR\" \/>\n<meta property=\"og:type\" content=\"article\" \/>\n<meta property=\"og:title\" content=\"R\u00e9cup\u00e9rateur \u00e0 poussi\u00e8re \u00e0 sac\" \/>\n<meta property=\"og:description\" content=\"R\u00e9cup\u00e9rateur \u00e0 poussi\u00e8re \u00e0 sac vendu et install\u00e9 par le Groupe Belleflamme. Laval, Montr\u00e9al, Gatineau, Drummondville et Saint-Sauveur.\" \/>\n<meta property=\"og:url\" content=\"https:\/\/staging.belleflamme.ca\/fr\/produit\/recuperateur-a-poussiere-a-sac\/\" \/>\n<meta property=\"og:site_name\" content=\"Groupe BelleFlamme\" \/>\n<meta property=\"article:publisher\" content=\"https:\/\/www.facebook.com\/belleflamme.ca\/\" \/>\n<meta property=\"article:modified_time\" content=\"2023-05-02T21:47:55+00:00\" \/>\n<meta property=\"og:image\" content=\"https:\/\/www.belleflamme.ca\/wp-content\/uploads\/2023\/05\/Recuperateur-a-poussiere-a-sac.webp\" \/>\n\t<meta property=\"og:image:width\" content=\"600\" \/>\n\t<meta property=\"og:image:height\" content=\"600\" \/>\n\t<meta property=\"og:image:type\" content=\"image\/webp\" \/>\n<meta name=\"twitter:card\" content=\"summary_large_image\" \/>\n<meta name=\"twitter:label1\" content=\"Prix\" \/>\n\t<meta name=\"twitter:data1\" content=\"&#036;182.00\" \/>\n\t<meta name=\"twitter:label2\" content=\"Disponibilit\u00e9\" \/>\n\t<meta name=\"twitter:data2\" content=\"En stock\" \/>\n<script type=\"application\/ld+json\" class=\"yoast-schema-graph\">{\"@context\":\"https:\/\/schema.org\",\"@graph\":[{\"@type\":[\"WebPage\",\"ItemPage\"],\"@id\":\"https:\/\/staging.belleflamme.ca\/fr\/produit\/recuperateur-a-poussiere-a-sac\/\",\"url\":\"https:\/\/staging.belleflamme.ca\/fr\/produit\/recuperateur-a-poussiere-a-sac\/\",\"name\":\"R\u00e9cup\u00e9rateur \u00e0 poussi\u00e8re \u00e0 sac - Groupe BelleFlamme\",\"isPartOf\":{\"@id\":\"https:\/\/www.belleflamme.ca\/fr\/#website\"},\"primaryImageOfPage\":{\"@id\":\"https:\/\/staging.belleflamme.ca\/fr\/produit\/recuperateur-a-poussiere-a-sac\/#primaryimage\"},\"image\":{\"@id\":\"https:\/\/staging.belleflamme.ca\/fr\/produit\/recuperateur-a-poussiere-a-sac\/#primaryimage\"},\"thumbnailUrl\":\"https:\/\/staging.belleflamme.ca\/wp-content\/uploads\/2023\/05\/Recuperateur-a-poussiere-a-sac.webp\",\"datePublished\":\"2023-05-02T21:43:51+00:00\",\"dateModified\":\"2023-05-02T21:47:55+00:00\",\"description\":\"R\u00e9cup\u00e9rateur \u00e0 poussi\u00e8re \u00e0 sac [get_meta_en_fr]\",\"breadcrumb\":{\"@id\":\"https:\/\/staging.belleflamme.ca\/fr\/produit\/recuperateur-a-poussiere-a-sac\/#breadcrumb\"},\"inLanguage\":\"fr-FR\",\"potentialAction\":[{\"@type\":\"ReadAction\",\"target\":[\"https:\/\/staging.belleflamme.ca\/fr\/produit\/recuperateur-a-poussiere-a-sac\/\"]}]},{\"@type\":\"ImageObject\",\"inLanguage\":\"fr-FR\",\"@id\":\"https:\/\/staging.belleflamme.ca\/fr\/produit\/recuperateur-a-poussiere-a-sac\/#primaryimage\",\"url\":\"https:\/\/staging.belleflamme.ca\/wp-content\/uploads\/2023\/05\/Recuperateur-a-poussiere-a-sac.webp\",\"contentUrl\":\"https:\/\/staging.belleflamme.ca\/wp-content\/uploads\/2023\/05\/Recuperateur-a-poussiere-a-sac.webp\",\"width\":600,\"height\":600,\"caption\":\"R\u00e9cup\u00e9rateur \u00e0 poussi\u00e8re \u00e0 sac\"},{\"@type\":\"BreadcrumbList\",\"@id\":\"https:\/\/staging.belleflamme.ca\/fr\/produit\/recuperateur-a-poussiere-a-sac\/#breadcrumb\",\"itemListElement\":[{\"@type\":\"ListItem\",\"position\":1,\"name\":\"Accueil\",\"item\":\"https:\/\/www.belleflamme.ca\/fr\/\"},{\"@type\":\"ListItem\",\"position\":2,\"name\":\"Boutique\",\"item\":\"https:\/\/www.belleflamme.ca\/fr\/boutique\/\"},{\"@type\":\"ListItem\",\"position\":3,\"name\":\"Aspirateur\",\"item\":\"https:\/\/staging.belleflamme.ca\/fr\/categories\/aspirateur\/\"},{\"@type\":\"ListItem\",\"position\":4,\"name\":\"Aspirateurs\",\"item\":\"https:\/\/staging.belleflamme.ca\/fr\/categories\/aspirateur\/aspirateurs\/\"},{\"@type\":\"ListItem\",\"position\":5,\"name\":\"R\u00e9cup\u00e9rateur \u00e0 poussi\u00e8re \u00e0 sac\"}]},{\"@type\":\"WebSite\",\"@id\":\"https:\/\/www.belleflamme.ca\/fr\/#website\",\"url\":\"https:\/\/www.belleflamme.ca\/fr\/\",\"name\":\"Groupe Belleflamme\",\"description\":\"La m\u00e9canique du b\u00e2timent dans le sang.\",\"publisher\":{\"@id\":\"https:\/\/www.belleflamme.ca\/fr\/#organization\"},\"potentialAction\":[{\"@type\":\"SearchAction\",\"target\":{\"@type\":\"EntryPoint\",\"urlTemplate\":\"https:\/\/www.belleflamme.ca\/fr\/?s={search_term_string}\"},\"query-input\":{\"@type\":\"PropertyValueSpecification\",\"valueRequired\":true,\"valueName\":\"search_term_string\"}}],\"inLanguage\":\"fr-FR\"},{\"@type\":[\"Organization\",\"Place\"],\"@id\":\"https:\/\/www.belleflamme.ca\/fr\/#organization\",\"name\":\"Groupe Belleflamme\",\"alternateName\":\"Belleflamme\",\"url\":\"https:\/\/www.belleflamme.ca\/fr\/\",\"logo\":{\"@type\":\"ImageObject\",\"inLanguage\":\"fr-FR\",\"@id\":\"https:\/\/www.belleflamme.ca\/fr\/#\/schema\/logo\/image\/\",\"url\":\"https:\/\/staging.belleflamme.ca\/wp-content\/uploads\/2023\/01\/og-image.jpg\",\"contentUrl\":\"https:\/\/staging.belleflamme.ca\/wp-content\/uploads\/2023\/01\/og-image.jpg\",\"width\":1200,\"height\":630,\"caption\":\"Groupe Belleflamme\"},\"image\":{\"@id\":\"https:\/\/www.belleflamme.ca\/fr\/#\/schema\/logo\/image\/\"},\"sameAs\":[\"https:\/\/www.facebook.com\/belleflamme.ca\/\",\"https:\/\/www.linkedin.com\/company\/belleflamme\/\",\"https:\/\/www.pinterest.ca\/groupebelleflamme\/\",\"https:\/\/www.instagram.com\/legroupebelleflamme\/\"],\"mainEntityOfPage\":{\"@id\":\"https:\/\/staging.belleflamme.ca\/fr\/produit\/recuperateur-a-poussiere-a-sac\/\"}}]}<\/script>\n<meta property=\"product:brand\" content=\"Mvac\" \/>\n<meta property=\"product:price:amount\" content=\"182.00\" \/>\n<meta property=\"product:price:currency\" content=\"CAD\" \/>\n<meta property=\"og:availability\" content=\"instock\" \/>\n<meta property=\"product:availability\" content=\"instock\" \/>\n<meta property=\"product:condition\" content=\"new\" \/>\n<!-- \/ Yoast SEO Premium plugin. -->","yoast_head_json":{"title":"R\u00e9cup\u00e9rateur \u00e0 poussi\u00e8re \u00e0 sac - Groupe BelleFlamme","description":"R\u00e9cup\u00e9rateur \u00e0 poussi\u00e8re \u00e0 sac vendu et install\u00e9 par le Groupe Belleflamme. Laval, Montr\u00e9al, Gatineau, Drummondville et Saint-Sauveur.","robots":{"index":"index","follow":"follow","max-snippet":"max-snippet:-1","max-image-preview":"max-image-preview:large","max-video-preview":"max-video-preview:-1"},"canonical":"https:\/\/staging.belleflamme.ca\/fr\/produit\/recuperateur-a-poussiere-a-sac\/","og_locale":"fr_FR","og_type":"article","og_title":"R\u00e9cup\u00e9rateur \u00e0 poussi\u00e8re \u00e0 sac","og_description":"R\u00e9cup\u00e9rateur \u00e0 poussi\u00e8re \u00e0 sac vendu et install\u00e9 par le Groupe Belleflamme. Laval, Montr\u00e9al, Gatineau, Drummondville et Saint-Sauveur.","og_url":"https:\/\/staging.belleflamme.ca\/fr\/produit\/recuperateur-a-poussiere-a-sac\/","og_site_name":"Groupe BelleFlamme","article_publisher":"https:\/\/www.facebook.com\/belleflamme.ca\/","article_modified_time":"2023-05-02T21:47:55+00:00","og_image":[{"width":600,"height":600,"url":"https:\/\/www.belleflamme.ca\/wp-content\/uploads\/2023\/05\/Recuperateur-a-poussiere-a-sac.webp","type":"image\/webp"}],"twitter_card":"summary_large_image","twitter_misc":{"Prix":"&#36;182.00","Disponibilit\u00e9":"En stock"},"schema":{"@context":"https:\/\/schema.org","@graph":[{"@type":["WebPage","ItemPage"],"@id":"https:\/\/staging.belleflamme.ca\/fr\/produit\/recuperateur-a-poussiere-a-sac\/","url":"https:\/\/staging.belleflamme.ca\/fr\/produit\/recuperateur-a-poussiere-a-sac\/","name":"R\u00e9cup\u00e9rateur \u00e0 poussi\u00e8re \u00e0 sac - Groupe BelleFlamme","isPartOf":{"@id":"https:\/\/www.belleflamme.ca\/fr\/#website"},"primaryImageOfPage":{"@id":"https:\/\/staging.belleflamme.ca\/fr\/produit\/recuperateur-a-poussiere-a-sac\/#primaryimage"},"image":{"@id":"https:\/\/staging.belleflamme.ca\/fr\/produit\/recuperateur-a-poussiere-a-sac\/#primaryimage"},"thumbnailUrl":"https:\/\/staging.belleflamme.ca\/wp-content\/uploads\/2023\/05\/Recuperateur-a-poussiere-a-sac.webp","datePublished":"2023-05-02T21:43:51+00:00","dateModified":"2023-05-02T21:47:55+00:00","description":"R\u00e9cup\u00e9rateur \u00e0 poussi\u00e8re \u00e0 sac [get_meta_en_fr]","breadcrumb":{"@id":"https:\/\/staging.belleflamme.ca\/fr\/produit\/recuperateur-a-poussiere-a-sac\/#breadcrumb"},"inLanguage":"fr-FR","potentialAction":[{"@type":"ReadAction","target":["https:\/\/staging.belleflamme.ca\/fr\/produit\/recuperateur-a-poussiere-a-sac\/"]}]},{"@type":"ImageObject","inLanguage":"fr-FR","@id":"https:\/\/staging.belleflamme.ca\/fr\/produit\/recuperateur-a-poussiere-a-sac\/#primaryimage","url":"https:\/\/staging.belleflamme.ca\/wp-content\/uploads\/2023\/05\/Recuperateur-a-poussiere-a-sac.webp","contentUrl":"https:\/\/staging.belleflamme.ca\/wp-content\/uploads\/2023\/05\/Recuperateur-a-poussiere-a-sac.webp","width":600,"height":600,"caption":"R\u00e9cup\u00e9rateur \u00e0 poussi\u00e8re \u00e0 sac"},{"@type":"BreadcrumbList","@id":"https:\/\/staging.belleflamme.ca\/fr\/produit\/recuperateur-a-poussiere-a-sac\/#breadcrumb","itemListElement":[{"@type":"ListItem","position":1,"name":"Accueil","item":"https:\/\/www.belleflamme.ca\/fr\/"},{"@type":"ListItem","position":2,"name":"Boutique","item":"https:\/\/www.belleflamme.ca\/fr\/boutique\/"},{"@type":"ListItem","position":3,"name":"Aspirateur","item":"https:\/\/staging.belleflamme.ca\/fr\/categories\/aspirateur\/"},{"@type":"ListItem","position":4,"name":"Aspirateurs","item":"https:\/\/staging.belleflamme.ca\/fr\/categories\/aspirateur\/aspirateurs\/"},{"@type":"ListItem","position":5,"name":"R\u00e9cup\u00e9rateur \u00e0 poussi\u00e8re \u00e0 sac"}]},{"@type":"WebSite","@id":"https:\/\/www.belleflamme.ca\/fr\/#website","url":"https:\/\/www.belleflamme.ca\/fr\/","name":"Groupe Belleflamme","description":"La m\u00e9canique du b\u00e2timent dans le sang.","publisher":{"@id":"https:\/\/www.belleflamme.ca\/fr\/#organization"},"potentialAction":[{"@type":"SearchAction","target":{"@type":"EntryPoint","urlTemplate":"https:\/\/www.belleflamme.ca\/fr\/?s={search_term_string}"},"query-input":{"@type":"PropertyValueSpecification","valueRequired":true,"valueName":"search_term_string"}}],"inLanguage":"fr-FR"},{"@type":["Organization","Place"],"@id":"https:\/\/www.belleflamme.ca\/fr\/#organization","name":"Groupe Belleflamme","alternateName":"Belleflamme","url":"https:\/\/www.belleflamme.ca\/fr\/","logo":{"@type":"ImageObject","inLanguage":"fr-FR","@id":"https:\/\/www.belleflamme.ca\/fr\/#\/schema\/logo\/image\/","url":"https:\/\/staging.belleflamme.ca\/wp-content\/uploads\/2023\/01\/og-image.jpg","contentUrl":"https:\/\/staging.belleflamme.ca\/wp-content\/uploads\/2023\/01\/og-image.jpg","width":1200,"height":630,"caption":"Groupe Belleflamme"},"image":{"@id":"https:\/\/www.belleflamme.ca\/fr\/#\/schema\/logo\/image\/"},"sameAs":["https:\/\/www.facebook.com\/belleflamme.ca\/","https:\/\/www.linkedin.com\/company\/belleflamme\/","https:\/\/www.pinterest.ca\/groupebelleflamme\/","https:\/\/www.instagram.com\/legroupebelleflamme\/"],"mainEntityOfPage":{"@id":"https:\/\/staging.belleflamme.ca\/fr\/produit\/recuperateur-a-poussiere-a-sac\/"}}]},"product_brand":"Mvac","product_price_amount":"182.00","product_price_currency":"CAD","og_availability":"instock","product_availability":"instock","product_condition":"new"},"_links":{"self":[{"href":"https:\/\/staging.belleflamme.ca\/fr\/wp-json\/wp\/v2\/product\/12373","targetHints":{"allow":["GET"]}}],"collection":[{"href":"https:\/\/staging.belleflamme.ca\/fr\/wp-json\/wp\/v2\/product"}],"about":[{"href":"https:\/\/staging.belleflamme.ca\/fr\/wp-json\/wp\/v2\/types\/product"}],"version-history":[{"count":1,"href":"https:\/\/staging.belleflamme.ca\/fr\/wp-json\/wp\/v2\/product\/12373\/revisions"}],"predecessor-version":[{"id":12376,"href":"https:\/\/staging.belleflamme.ca\/fr\/wp-json\/wp\/v2\/product\/12373\/revisions\/12376"}],"wp:featuredmedia":[{"embeddable":true,"href":"https:\/\/staging.belleflamme.ca\/fr\/wp-json\/wp\/v2\/media\/12374"}],"wp:attachment":[{"href":"https:\/\/staging.belleflamme.ca\/fr\/wp-json\/wp\/v2\/media?parent=12373"}],"wp:term":[{"taxonomy":"product_brand","embeddable":true,"href":"https:\/\/staging.belleflamme.ca\/fr\/wp-json\/wp\/v2\/product_brand?post=12373"},{"taxonomy":"product_cat","embeddable":true,"href":"https:\/\/staging.belleflamme.ca\/fr\/wp-json\/wp\/v2\/product_cat?post=12373"},{"taxonomy":"product_tag","embeddable":true,"href":"https:\/\/staging.belleflamme.ca\/fr\/wp-json\/wp\/v2\/product_tag?post=12373"}],"curies":[{"name":"wp","href":"https:\/\/api.w.org\/{rel}","templated":true}]}}