{"id":12358,"date":"2023-05-02T17:27:41","date_gmt":"2023-05-02T21:27:41","guid":{"rendered":"https:\/\/www.belleflamme.ca\/?post_type=product&#038;p=12358"},"modified":"2023-05-02T17:34:17","modified_gmt":"2023-05-02T21:34:17","slug":"airstream-handvac-aspirateur-a-main-sans-fil","status":"publish","type":"product","link":"https:\/\/staging.belleflamme.ca\/fr\/produit\/airstream-handvac-aspirateur-a-main-sans-fil\/","title":{"rendered":"Airstream Handvac, aspirateur \u00e0 main, sans fil"},"content":{"rendered":"<h3>Caract\u00e9ristiques<\/h3>\n<p>L&#8217;aspirateur \u00e0 main et sans fil, le Handvac, est l\u00e9ger et polyvalent. C&#8217;est l&#8217;outil id\u00e9al pour un usage quotidien.<\/p>\n<p>Sa puissance d&#8217;aspiration et son incroyable l\u00e9g\u00e8ret\u00e9 (1,37 lbs), le rend facile \u00e0 manier et vous permettra de l&#8217;utiliser n&#8217;importe o\u00f9, que ce soit dans votre maison, votre voiture, vote bateau, votre bureau, etc.<\/p>\n<p>Munis de 2 accesoires, vous pourrez ramasser les gros d\u00e9bris, la poussi\u00e8re, les poils d&#8217;animaux. Vous pourrez m\u00eame nettoyer vos meubles de tissus et amasser la salet\u00e9 dans les espaces les plus restreints. Enfin ! Ce n&#8217;est plus n\u00e9cessaire de sortir votre aspirateur (grand format) pour nettoyer les petits d\u00e9g\u00e2ts du quotidien.<\/p>\n<p>Caract\u00e9ristiques :<\/p>\n<ul>\n<li>Aspiration incroyable (120 AW) gr\u00e2ce \u00e0 son moteur \u00e0 induction (sans brosse) &#8211; une innovation qui augmente consid\u00e9rablement<\/li>\n<li>la durabilit\u00e9 de l&#8217;appareil<\/li>\n<li>2 vitesses d&#8217;aspiration<\/li>\n<li>Aspirateur \u00e0 main ultra-l\u00e9ger et bien \u00e9quilibr\u00e9 (seulement 1,37 lb) pour une maniabilit\u00e9 et un nettoyage facile.<\/li>\n<li>Le filtre lavable \u00e0 haute efficacit\u00e9 offre un entretien minime et pratique, sans compromettre la performance de l&#8217;appareil.<\/li>\n<li>Facile \u00e0 vider &#8211; Vidage des d\u00e9bris d\u2019une simple pression sur le bouton. Aucun contact avec la salet\u00e9.<\/li>\n<li>Le syst\u00e8me de filtration capte toute la poussi\u00e8re et les gros d\u00e9bris, pour un air int\u00e9rieur plus pur.<\/li>\n<li>Le t\u00e9moin lumineux DEL indique l\u2019\u00e9tat de charge ainsi que l\u2019autonomie restante de la batterie.<\/li>\n<li>Inclus un filtre suppl\u00e9mentaire gratuit.<\/li>\n<li>La batterie offre jusqu&#8217;\u00e0 32 minutes de puissance maximale entre les charges.<\/li>\n<li>Comprend 2 accessoires con\u00e7us pour nettoyer les poils d&#8217;animaux, les tissus d&#8217;ameublement et les espaces restreints.<\/li>\n<li>C\u00e2ble de chargement USB<\/li>\n<li>Garantie limit\u00e9e d&#8217;un 1 an<\/li>\n<\/ul>\n","protected":false},"excerpt":{"rendered":"<p>Caract\u00e9ristiques L&#8217;aspirateur \u00e0 main et sans fil, le Handvac, est l\u00e9ger et polyvalent. C&#8217;est l&#8217;outil id\u00e9al pour un usage quotidien. Sa puissance d&#8217;aspiration et son incroyable l\u00e9g\u00e8ret\u00e9 (1,37 lbs), le rend facile \u00e0 manier et vous permettra de l&#8217;utiliser n&#8217;importe o\u00f9, que ce soit dans votre maison, votre voiture, vote bateau, votre bureau, etc. Munis [&hellip;]<\/p>\n","protected":false},"featured_media":12359,"template":"","meta":{"inline_featured_image":false},"product_brand":[270],"product_cat":[122,124],"product_tag":[],"class_list":{"0":"post-12358","1":"product","2":"type-product","3":"status-publish","4":"has-post-thumbnail","6":"product_brand-mvac","7":"product_cat-aspirateur","8":"product_cat-ensemble-daccessoires","10":"first","11":"instock","12":"taxable","13":"shipping-taxable","14":"purchasable","15":"product-type-simple"},"yoast_head":"<!-- This site is optimized with the Yoast SEO Premium plugin v24.2 (Yoast SEO v24.2) - https:\/\/yoast.com\/wordpress\/plugins\/seo\/ -->\n<title>Airstream Handvac, aspirateur \u00e0 main, sans fil - Groupe BelleFlamme<\/title>\n<meta name=\"description\" content=\"Airstream Handvac, aspirateur \u00e0 main, sans fil vendu et install\u00e9 par le Groupe Belleflamme. Laval, Montr\u00e9al, Gatineau, Drummondville et Saint-Sauveur.\" \/>\n<meta name=\"robots\" content=\"index, follow, max-snippet:-1, max-image-preview:large, max-video-preview:-1\" \/>\n<link rel=\"canonical\" href=\"https:\/\/staging.belleflamme.ca\/fr\/produit\/airstream-handvac-aspirateur-a-main-sans-fil\/\" \/>\n<meta property=\"og:locale\" content=\"fr_FR\" \/>\n<meta property=\"og:type\" content=\"article\" \/>\n<meta property=\"og:title\" content=\"Airstream Handvac, aspirateur \u00e0 main, sans fil\" \/>\n<meta property=\"og:description\" content=\"Airstream Handvac, aspirateur \u00e0 main, sans fil vendu et install\u00e9 par le Groupe Belleflamme. Laval, Montr\u00e9al, Gatineau, Drummondville et Saint-Sauveur.\" \/>\n<meta property=\"og:url\" content=\"https:\/\/staging.belleflamme.ca\/fr\/produit\/airstream-handvac-aspirateur-a-main-sans-fil\/\" \/>\n<meta property=\"og:site_name\" content=\"Groupe BelleFlamme\" \/>\n<meta property=\"article:publisher\" content=\"https:\/\/www.facebook.com\/belleflamme.ca\/\" \/>\n<meta property=\"article:modified_time\" content=\"2023-05-02T21:34:17+00:00\" \/>\n<meta property=\"og:image\" content=\"https:\/\/www.belleflamme.ca\/wp-content\/uploads\/2023\/05\/Airstream-Handvac-aspirateur-a-main-sans-fil.webp\" \/>\n\t<meta property=\"og:image:width\" content=\"600\" \/>\n\t<meta property=\"og:image:height\" content=\"600\" \/>\n\t<meta property=\"og:image:type\" content=\"image\/webp\" \/>\n<meta name=\"twitter:card\" content=\"summary_large_image\" \/>\n<meta name=\"twitter:label1\" content=\"Prix\" \/>\n\t<meta name=\"twitter:data1\" content=\"&#036;149.99\" \/>\n\t<meta name=\"twitter:label2\" content=\"Disponibilit\u00e9\" \/>\n\t<meta name=\"twitter:data2\" content=\"En stock\" \/>\n<script type=\"application\/ld+json\" class=\"yoast-schema-graph\">{\"@context\":\"https:\/\/schema.org\",\"@graph\":[{\"@type\":[\"WebPage\",\"ItemPage\"],\"@id\":\"https:\/\/staging.belleflamme.ca\/fr\/produit\/airstream-handvac-aspirateur-a-main-sans-fil\/\",\"url\":\"https:\/\/staging.belleflamme.ca\/fr\/produit\/airstream-handvac-aspirateur-a-main-sans-fil\/\",\"name\":\"Airstream Handvac, aspirateur \u00e0 main, sans fil - Groupe BelleFlamme\",\"isPartOf\":{\"@id\":\"https:\/\/www.belleflamme.ca\/fr\/#website\"},\"primaryImageOfPage\":{\"@id\":\"https:\/\/staging.belleflamme.ca\/fr\/produit\/airstream-handvac-aspirateur-a-main-sans-fil\/#primaryimage\"},\"image\":{\"@id\":\"https:\/\/staging.belleflamme.ca\/fr\/produit\/airstream-handvac-aspirateur-a-main-sans-fil\/#primaryimage\"},\"thumbnailUrl\":\"https:\/\/staging.belleflamme.ca\/wp-content\/uploads\/2023\/05\/Airstream-Handvac-aspirateur-a-main-sans-fil.webp\",\"datePublished\":\"2023-05-02T21:27:41+00:00\",\"dateModified\":\"2023-05-02T21:34:17+00:00\",\"description\":\"Airstream Handvac, aspirateur \u00e0 main, sans fil [get_meta_en_fr]\",\"breadcrumb\":{\"@id\":\"https:\/\/staging.belleflamme.ca\/fr\/produit\/airstream-handvac-aspirateur-a-main-sans-fil\/#breadcrumb\"},\"inLanguage\":\"fr-FR\",\"potentialAction\":[{\"@type\":\"ReadAction\",\"target\":[\"https:\/\/staging.belleflamme.ca\/fr\/produit\/airstream-handvac-aspirateur-a-main-sans-fil\/\"]}]},{\"@type\":\"ImageObject\",\"inLanguage\":\"fr-FR\",\"@id\":\"https:\/\/staging.belleflamme.ca\/fr\/produit\/airstream-handvac-aspirateur-a-main-sans-fil\/#primaryimage\",\"url\":\"https:\/\/staging.belleflamme.ca\/wp-content\/uploads\/2023\/05\/Airstream-Handvac-aspirateur-a-main-sans-fil.webp\",\"contentUrl\":\"https:\/\/staging.belleflamme.ca\/wp-content\/uploads\/2023\/05\/Airstream-Handvac-aspirateur-a-main-sans-fil.webp\",\"width\":600,\"height\":600,\"caption\":\"Airstream Handvac, aspirateur \u00e0 main, sans fil\"},{\"@type\":\"BreadcrumbList\",\"@id\":\"https:\/\/staging.belleflamme.ca\/fr\/produit\/airstream-handvac-aspirateur-a-main-sans-fil\/#breadcrumb\",\"itemListElement\":[{\"@type\":\"ListItem\",\"position\":1,\"name\":\"Accueil\",\"item\":\"https:\/\/www.belleflamme.ca\/fr\/\"},{\"@type\":\"ListItem\",\"position\":2,\"name\":\"Boutique\",\"item\":\"https:\/\/www.belleflamme.ca\/fr\/boutique\/\"},{\"@type\":\"ListItem\",\"position\":3,\"name\":\"Aspirateur\",\"item\":\"https:\/\/staging.belleflamme.ca\/fr\/categories\/aspirateur\/\"},{\"@type\":\"ListItem\",\"position\":4,\"name\":\"Ensemble d'Accessoires\",\"item\":\"https:\/\/staging.belleflamme.ca\/fr\/categories\/aspirateur\/ensemble-daccessoires\/\"},{\"@type\":\"ListItem\",\"position\":5,\"name\":\"Airstream Handvac, aspirateur \u00e0 main, sans fil\"}]},{\"@type\":\"WebSite\",\"@id\":\"https:\/\/www.belleflamme.ca\/fr\/#website\",\"url\":\"https:\/\/www.belleflamme.ca\/fr\/\",\"name\":\"Groupe Belleflamme\",\"description\":\"La m\u00e9canique du b\u00e2timent dans le sang.\",\"publisher\":{\"@id\":\"https:\/\/www.belleflamme.ca\/fr\/#organization\"},\"potentialAction\":[{\"@type\":\"SearchAction\",\"target\":{\"@type\":\"EntryPoint\",\"urlTemplate\":\"https:\/\/www.belleflamme.ca\/fr\/?s={search_term_string}\"},\"query-input\":{\"@type\":\"PropertyValueSpecification\",\"valueRequired\":true,\"valueName\":\"search_term_string\"}}],\"inLanguage\":\"fr-FR\"},{\"@type\":[\"Organization\",\"Place\"],\"@id\":\"https:\/\/www.belleflamme.ca\/fr\/#organization\",\"name\":\"Groupe Belleflamme\",\"alternateName\":\"Belleflamme\",\"url\":\"https:\/\/www.belleflamme.ca\/fr\/\",\"logo\":{\"@type\":\"ImageObject\",\"inLanguage\":\"fr-FR\",\"@id\":\"https:\/\/www.belleflamme.ca\/fr\/#\/schema\/logo\/image\/\",\"url\":\"https:\/\/staging.belleflamme.ca\/wp-content\/uploads\/2023\/01\/og-image.jpg\",\"contentUrl\":\"https:\/\/staging.belleflamme.ca\/wp-content\/uploads\/2023\/01\/og-image.jpg\",\"width\":1200,\"height\":630,\"caption\":\"Groupe Belleflamme\"},\"image\":{\"@id\":\"https:\/\/www.belleflamme.ca\/fr\/#\/schema\/logo\/image\/\"},\"sameAs\":[\"https:\/\/www.facebook.com\/belleflamme.ca\/\",\"https:\/\/www.linkedin.com\/company\/belleflamme\/\",\"https:\/\/www.pinterest.ca\/groupebelleflamme\/\",\"https:\/\/www.instagram.com\/legroupebelleflamme\/\"],\"mainEntityOfPage\":{\"@id\":\"https:\/\/staging.belleflamme.ca\/fr\/produit\/airstream-handvac-aspirateur-a-main-sans-fil\/\"}}]}<\/script>\n<meta property=\"product:brand\" content=\"Mvac\" \/>\n<meta property=\"product:price:amount\" content=\"149.99\" \/>\n<meta property=\"product:price:currency\" content=\"CAD\" \/>\n<meta property=\"og:availability\" content=\"instock\" \/>\n<meta property=\"product:availability\" content=\"instock\" \/>\n<meta property=\"product:condition\" content=\"new\" \/>\n<!-- \/ Yoast SEO Premium plugin. -->","yoast_head_json":{"title":"Airstream Handvac, aspirateur \u00e0 main, sans fil - Groupe BelleFlamme","description":"Airstream Handvac, aspirateur \u00e0 main, sans fil vendu et install\u00e9 par le Groupe Belleflamme. Laval, Montr\u00e9al, Gatineau, Drummondville et Saint-Sauveur.","robots":{"index":"index","follow":"follow","max-snippet":"max-snippet:-1","max-image-preview":"max-image-preview:large","max-video-preview":"max-video-preview:-1"},"canonical":"https:\/\/staging.belleflamme.ca\/fr\/produit\/airstream-handvac-aspirateur-a-main-sans-fil\/","og_locale":"fr_FR","og_type":"article","og_title":"Airstream Handvac, aspirateur \u00e0 main, sans fil","og_description":"Airstream Handvac, aspirateur \u00e0 main, sans fil vendu et install\u00e9 par le Groupe Belleflamme. Laval, Montr\u00e9al, Gatineau, Drummondville et Saint-Sauveur.","og_url":"https:\/\/staging.belleflamme.ca\/fr\/produit\/airstream-handvac-aspirateur-a-main-sans-fil\/","og_site_name":"Groupe BelleFlamme","article_publisher":"https:\/\/www.facebook.com\/belleflamme.ca\/","article_modified_time":"2023-05-02T21:34:17+00:00","og_image":[{"width":600,"height":600,"url":"https:\/\/www.belleflamme.ca\/wp-content\/uploads\/2023\/05\/Airstream-Handvac-aspirateur-a-main-sans-fil.webp","type":"image\/webp"}],"twitter_card":"summary_large_image","twitter_misc":{"Prix":"&#36;149.99","Disponibilit\u00e9":"En stock"},"schema":{"@context":"https:\/\/schema.org","@graph":[{"@type":["WebPage","ItemPage"],"@id":"https:\/\/staging.belleflamme.ca\/fr\/produit\/airstream-handvac-aspirateur-a-main-sans-fil\/","url":"https:\/\/staging.belleflamme.ca\/fr\/produit\/airstream-handvac-aspirateur-a-main-sans-fil\/","name":"Airstream Handvac, aspirateur \u00e0 main, sans fil - Groupe BelleFlamme","isPartOf":{"@id":"https:\/\/www.belleflamme.ca\/fr\/#website"},"primaryImageOfPage":{"@id":"https:\/\/staging.belleflamme.ca\/fr\/produit\/airstream-handvac-aspirateur-a-main-sans-fil\/#primaryimage"},"image":{"@id":"https:\/\/staging.belleflamme.ca\/fr\/produit\/airstream-handvac-aspirateur-a-main-sans-fil\/#primaryimage"},"thumbnailUrl":"https:\/\/staging.belleflamme.ca\/wp-content\/uploads\/2023\/05\/Airstream-Handvac-aspirateur-a-main-sans-fil.webp","datePublished":"2023-05-02T21:27:41+00:00","dateModified":"2023-05-02T21:34:17+00:00","description":"Airstream Handvac, aspirateur \u00e0 main, sans fil [get_meta_en_fr]","breadcrumb":{"@id":"https:\/\/staging.belleflamme.ca\/fr\/produit\/airstream-handvac-aspirateur-a-main-sans-fil\/#breadcrumb"},"inLanguage":"fr-FR","potentialAction":[{"@type":"ReadAction","target":["https:\/\/staging.belleflamme.ca\/fr\/produit\/airstream-handvac-aspirateur-a-main-sans-fil\/"]}]},{"@type":"ImageObject","inLanguage":"fr-FR","@id":"https:\/\/staging.belleflamme.ca\/fr\/produit\/airstream-handvac-aspirateur-a-main-sans-fil\/#primaryimage","url":"https:\/\/staging.belleflamme.ca\/wp-content\/uploads\/2023\/05\/Airstream-Handvac-aspirateur-a-main-sans-fil.webp","contentUrl":"https:\/\/staging.belleflamme.ca\/wp-content\/uploads\/2023\/05\/Airstream-Handvac-aspirateur-a-main-sans-fil.webp","width":600,"height":600,"caption":"Airstream Handvac, aspirateur \u00e0 main, sans fil"},{"@type":"BreadcrumbList","@id":"https:\/\/staging.belleflamme.ca\/fr\/produit\/airstream-handvac-aspirateur-a-main-sans-fil\/#breadcrumb","itemListElement":[{"@type":"ListItem","position":1,"name":"Accueil","item":"https:\/\/www.belleflamme.ca\/fr\/"},{"@type":"ListItem","position":2,"name":"Boutique","item":"https:\/\/www.belleflamme.ca\/fr\/boutique\/"},{"@type":"ListItem","position":3,"name":"Aspirateur","item":"https:\/\/staging.belleflamme.ca\/fr\/categories\/aspirateur\/"},{"@type":"ListItem","position":4,"name":"Ensemble d'Accessoires","item":"https:\/\/staging.belleflamme.ca\/fr\/categories\/aspirateur\/ensemble-daccessoires\/"},{"@type":"ListItem","position":5,"name":"Airstream Handvac, aspirateur \u00e0 main, sans fil"}]},{"@type":"WebSite","@id":"https:\/\/www.belleflamme.ca\/fr\/#website","url":"https:\/\/www.belleflamme.ca\/fr\/","name":"Groupe Belleflamme","description":"La m\u00e9canique du b\u00e2timent dans le sang.","publisher":{"@id":"https:\/\/www.belleflamme.ca\/fr\/#organization"},"potentialAction":[{"@type":"SearchAction","target":{"@type":"EntryPoint","urlTemplate":"https:\/\/www.belleflamme.ca\/fr\/?s={search_term_string}"},"query-input":{"@type":"PropertyValueSpecification","valueRequired":true,"valueName":"search_term_string"}}],"inLanguage":"fr-FR"},{"@type":["Organization","Place"],"@id":"https:\/\/www.belleflamme.ca\/fr\/#organization","name":"Groupe Belleflamme","alternateName":"Belleflamme","url":"https:\/\/www.belleflamme.ca\/fr\/","logo":{"@type":"ImageObject","inLanguage":"fr-FR","@id":"https:\/\/www.belleflamme.ca\/fr\/#\/schema\/logo\/image\/","url":"https:\/\/staging.belleflamme.ca\/wp-content\/uploads\/2023\/01\/og-image.jpg","contentUrl":"https:\/\/staging.belleflamme.ca\/wp-content\/uploads\/2023\/01\/og-image.jpg","width":1200,"height":630,"caption":"Groupe Belleflamme"},"image":{"@id":"https:\/\/www.belleflamme.ca\/fr\/#\/schema\/logo\/image\/"},"sameAs":["https:\/\/www.facebook.com\/belleflamme.ca\/","https:\/\/www.linkedin.com\/company\/belleflamme\/","https:\/\/www.pinterest.ca\/groupebelleflamme\/","https:\/\/www.instagram.com\/legroupebelleflamme\/"],"mainEntityOfPage":{"@id":"https:\/\/staging.belleflamme.ca\/fr\/produit\/airstream-handvac-aspirateur-a-main-sans-fil\/"}}]},"product_brand":"Mvac","product_price_amount":"149.99","product_price_currency":"CAD","og_availability":"instock","product_availability":"instock","product_condition":"new"},"_links":{"self":[{"href":"https:\/\/staging.belleflamme.ca\/fr\/wp-json\/wp\/v2\/product\/12358","targetHints":{"allow":["GET"]}}],"collection":[{"href":"https:\/\/staging.belleflamme.ca\/fr\/wp-json\/wp\/v2\/product"}],"about":[{"href":"https:\/\/staging.belleflamme.ca\/fr\/wp-json\/wp\/v2\/types\/product"}],"version-history":[{"count":1,"href":"https:\/\/staging.belleflamme.ca\/fr\/wp-json\/wp\/v2\/product\/12358\/revisions"}],"predecessor-version":[{"id":12361,"href":"https:\/\/staging.belleflamme.ca\/fr\/wp-json\/wp\/v2\/product\/12358\/revisions\/12361"}],"wp:featuredmedia":[{"embeddable":true,"href":"https:\/\/staging.belleflamme.ca\/fr\/wp-json\/wp\/v2\/media\/12359"}],"wp:attachment":[{"href":"https:\/\/staging.belleflamme.ca\/fr\/wp-json\/wp\/v2\/media?parent=12358"}],"wp:term":[{"taxonomy":"product_brand","embeddable":true,"href":"https:\/\/staging.belleflamme.ca\/fr\/wp-json\/wp\/v2\/product_brand?post=12358"},{"taxonomy":"product_cat","embeddable":true,"href":"https:\/\/staging.belleflamme.ca\/fr\/wp-json\/wp\/v2\/product_cat?post=12358"},{"taxonomy":"product_tag","embeddable":true,"href":"https:\/\/staging.belleflamme.ca\/fr\/wp-json\/wp\/v2\/product_tag?post=12358"}],"curies":[{"name":"wp","href":"https:\/\/api.w.org\/{rel}","templated":true}]}}