{"id":12251,"date":"2023-05-02T16:07:57","date_gmt":"2023-05-02T20:07:57","guid":{"rendered":"https:\/\/www.belleflamme.ca\/?post_type=product&#038;p=12251"},"modified":"2023-05-02T16:31:40","modified_gmt":"2023-05-02T20:31:40","slug":"m95-combo-electrique","status":"publish","type":"product","link":"https:\/\/staging.belleflamme.ca\/fr\/produit\/m95-combo-electrique\/","title":{"rendered":"M95 &#8211; Combo \u00e9lectrique"},"content":{"rendered":"<h3>Caract\u00e9ristiques<\/h3>\n<ul>\n<li>Aspirateur compact \u00e0 sac \u2013 120 V<\/li>\n<li>659 Airwatts<\/li>\n<li>Ensemble d&#8217;accessoires \u00e9lectriques 35&#8242; inclus<\/li>\n<li>Garantie 10 ans*<\/li>\n<li>Con\u00e7u pour les r\u00e9sidences familiales<\/li>\n<\/ul>\n<p>\u2020Voir d\u00e9tails en magasin ou en ligne. Garantie pour utilisation domestique. Garantie commerciale : 90 jours.<\/p>\n<h3>Informations techniques<\/h3>\n<table class=\"product_specifications\">\n<tbody>\n<tr>\n<th colspan=\"2\">M95 &#8211; Combo \u00e9lectrique<\/th>\n<\/tr>\n<tr class=\"odd\">\n<td>Airwatts<\/td>\n<td class=\"value\">659<\/td>\n<\/tr>\n<tr class=\"even\">\n<td>D\u00e9cibels<\/td>\n<td class=\"value\">65<\/td>\n<\/tr>\n<tr class=\"odd\">\n<td>D\u00e9bit d&#8217;air<\/td>\n<td class=\"value\">135.8 PCM \/ 230.7 MCH<\/td>\n<\/tr>\n<tr class=\"even\">\n<td>Puissance d&#8217;aspiration H<sub>2<\/sub>0<\/td>\n<td class=\"value\">144.9 &#8221; \/ 3680 mm<\/td>\n<\/tr>\n<tr class=\"odd\">\n<td>Amp\u00e8res<\/td>\n<td class=\"value\">14.1 A<\/td>\n<\/tr>\n<tr class=\"even\">\n<td>Tension (voltage)<\/td>\n<td class=\"value\">120 V<\/td>\n<\/tr>\n<tr class=\"odd\">\n<td>Turbines<\/td>\n<td class=\"value\">2<\/td>\n<\/tr>\n<tr class=\"even\">\n<td>Capacit\u00e9 du sac<\/td>\n<td class=\"value\">5 IMP gal \/ 22 l<\/td>\n<\/tr>\n<tr class=\"odd\">\n<td>Capacit\u00e9 de la cuve<\/td>\n<td class=\"value\">5.3 IMP gal \/ 23.3 l<\/td>\n<\/tr>\n<tr class=\"even\">\n<td>Hauteur<\/td>\n<td class=\"value\">39.1 &#8221; \/ 99.3 cm<\/td>\n<\/tr>\n<tr class=\"odd\">\n<td>Diam\u00e8tre<\/td>\n<td class=\"value\">14.1 &#8221; \/ 35.8 cm<\/td>\n<\/tr>\n<tr class=\"even\">\n<td>Poids<\/td>\n<td class=\"value\">22.4 lb \/ 10.2 kg<\/td>\n<\/tr>\n<tr class=\"odd\">\n<td>Principe<\/td>\n<td class=\"value\">Hybride<\/td>\n<\/tr>\n<tr class=\"even\">\n<td>Filtration<\/td>\n<td class=\"value\">Sac ou filtre autonettoyant<\/td>\n<\/tr>\n<\/tbody>\n<\/table>\n","protected":false},"excerpt":{"rendered":"<p>Caract\u00e9ristiques Aspirateur compact \u00e0 sac \u2013 120 V 659 Airwatts Ensemble d&#8217;accessoires \u00e9lectriques 35&#8242; inclus Garantie 10 ans* Con\u00e7u pour les r\u00e9sidences familiales \u2020Voir d\u00e9tails en magasin ou en ligne. Garantie pour utilisation domestique. Garantie commerciale : 90 jours. Informations techniques M95 &#8211; Combo \u00e9lectrique Airwatts 659 D\u00e9cibels 65 D\u00e9bit d&#8217;air 135.8 PCM \/ 230.7 [&hellip;]<\/p>\n","protected":false},"featured_media":12255,"template":"","meta":{"inline_featured_image":false},"product_brand":[270],"product_cat":[122,123,132],"product_tag":[],"class_list":{"0":"post-12251","1":"product","2":"type-product","3":"status-publish","4":"has-post-thumbnail","6":"product_brand-mvac","7":"product_cat-aspirateur","8":"product_cat-aspirateurs","9":"product_cat-aspirateurs-en-promotions","11":"first","12":"instock","13":"sale","14":"taxable","15":"shipping-taxable","16":"purchasable","17":"product-type-simple"},"yoast_head":"<!-- This site is optimized with the Yoast SEO Premium plugin v24.2 (Yoast SEO v24.2) - https:\/\/yoast.com\/wordpress\/plugins\/seo\/ -->\n<title>M95 - Combo \u00e9lectrique - Groupe BelleFlamme<\/title>\n<meta name=\"description\" content=\"M95 - Combo \u00e9lectrique vendu et install\u00e9 par le Groupe Belleflamme. Laval, Montr\u00e9al, Gatineau, Drummondville et Saint-Sauveur.\" \/>\n<meta name=\"robots\" content=\"index, follow, max-snippet:-1, max-image-preview:large, max-video-preview:-1\" \/>\n<link rel=\"canonical\" href=\"https:\/\/staging.belleflamme.ca\/fr\/produit\/m95-combo-electrique\/\" \/>\n<meta property=\"og:locale\" content=\"fr_FR\" \/>\n<meta property=\"og:type\" content=\"article\" \/>\n<meta property=\"og:title\" content=\"M95 - Combo \u00e9lectrique\" \/>\n<meta property=\"og:description\" content=\"M95 - Combo \u00e9lectrique vendu et install\u00e9 par le Groupe Belleflamme. Laval, Montr\u00e9al, Gatineau, Drummondville et Saint-Sauveur.\" \/>\n<meta property=\"og:url\" content=\"https:\/\/staging.belleflamme.ca\/fr\/produit\/m95-combo-electrique\/\" \/>\n<meta property=\"og:site_name\" content=\"Groupe BelleFlamme\" \/>\n<meta property=\"article:publisher\" content=\"https:\/\/www.facebook.com\/belleflamme.ca\/\" \/>\n<meta property=\"article:modified_time\" content=\"2023-05-02T20:31:40+00:00\" \/>\n<meta property=\"og:image\" content=\"https:\/\/www.belleflamme.ca\/wp-content\/uploads\/2023\/05\/M80-Combo-electrique.webp\" \/>\n\t<meta property=\"og:image:width\" content=\"600\" \/>\n\t<meta property=\"og:image:height\" content=\"600\" \/>\n\t<meta property=\"og:image:type\" content=\"image\/webp\" \/>\n<meta name=\"twitter:card\" content=\"summary_large_image\" \/>\n<meta name=\"twitter:label1\" content=\"Prix\" \/>\n\t<meta name=\"twitter:data1\" content=\"&#036;1,210.29\" \/>\n\t<meta name=\"twitter:label2\" content=\"Disponibilit\u00e9\" \/>\n\t<meta name=\"twitter:data2\" content=\"En stock\" \/>\n<script type=\"application\/ld+json\" class=\"yoast-schema-graph\">{\"@context\":\"https:\/\/schema.org\",\"@graph\":[{\"@type\":[\"WebPage\",\"ItemPage\"],\"@id\":\"https:\/\/staging.belleflamme.ca\/fr\/produit\/m95-combo-electrique\/\",\"url\":\"https:\/\/staging.belleflamme.ca\/fr\/produit\/m95-combo-electrique\/\",\"name\":\"M95 - Combo \u00e9lectrique - Groupe BelleFlamme\",\"isPartOf\":{\"@id\":\"https:\/\/www.belleflamme.ca\/fr\/#website\"},\"primaryImageOfPage\":{\"@id\":\"https:\/\/staging.belleflamme.ca\/fr\/produit\/m95-combo-electrique\/#primaryimage\"},\"image\":{\"@id\":\"https:\/\/staging.belleflamme.ca\/fr\/produit\/m95-combo-electrique\/#primaryimage\"},\"thumbnailUrl\":\"https:\/\/staging.belleflamme.ca\/wp-content\/uploads\/2023\/05\/M80-Combo-electrique.webp\",\"datePublished\":\"2023-05-02T20:07:57+00:00\",\"dateModified\":\"2023-05-02T20:31:40+00:00\",\"description\":\"M95 - Combo \u00e9lectrique [get_meta_en_fr]\",\"breadcrumb\":{\"@id\":\"https:\/\/staging.belleflamme.ca\/fr\/produit\/m95-combo-electrique\/#breadcrumb\"},\"inLanguage\":\"fr-FR\",\"potentialAction\":[{\"@type\":\"ReadAction\",\"target\":[\"https:\/\/staging.belleflamme.ca\/fr\/produit\/m95-combo-electrique\/\"]}]},{\"@type\":\"ImageObject\",\"inLanguage\":\"fr-FR\",\"@id\":\"https:\/\/staging.belleflamme.ca\/fr\/produit\/m95-combo-electrique\/#primaryimage\",\"url\":\"https:\/\/staging.belleflamme.ca\/wp-content\/uploads\/2023\/05\/M80-Combo-electrique.webp\",\"contentUrl\":\"https:\/\/staging.belleflamme.ca\/wp-content\/uploads\/2023\/05\/M80-Combo-electrique.webp\",\"width\":600,\"height\":600,\"caption\":\"M80 - Combo \u00e9lectrique\"},{\"@type\":\"BreadcrumbList\",\"@id\":\"https:\/\/staging.belleflamme.ca\/fr\/produit\/m95-combo-electrique\/#breadcrumb\",\"itemListElement\":[{\"@type\":\"ListItem\",\"position\":1,\"name\":\"Accueil\",\"item\":\"https:\/\/www.belleflamme.ca\/fr\/\"},{\"@type\":\"ListItem\",\"position\":2,\"name\":\"Boutique\",\"item\":\"https:\/\/www.belleflamme.ca\/fr\/boutique\/\"},{\"@type\":\"ListItem\",\"position\":3,\"name\":\"Aspirateur\",\"item\":\"https:\/\/staging.belleflamme.ca\/fr\/categories\/aspirateur\/\"},{\"@type\":\"ListItem\",\"position\":4,\"name\":\"Aspirateurs\",\"item\":\"https:\/\/staging.belleflamme.ca\/fr\/categories\/aspirateur\/aspirateurs\/\"},{\"@type\":\"ListItem\",\"position\":5,\"name\":\"M95 &#8211; Combo \u00e9lectrique\"}]},{\"@type\":\"WebSite\",\"@id\":\"https:\/\/www.belleflamme.ca\/fr\/#website\",\"url\":\"https:\/\/www.belleflamme.ca\/fr\/\",\"name\":\"Groupe Belleflamme\",\"description\":\"La m\u00e9canique du b\u00e2timent dans le sang.\",\"publisher\":{\"@id\":\"https:\/\/www.belleflamme.ca\/fr\/#organization\"},\"potentialAction\":[{\"@type\":\"SearchAction\",\"target\":{\"@type\":\"EntryPoint\",\"urlTemplate\":\"https:\/\/www.belleflamme.ca\/fr\/?s={search_term_string}\"},\"query-input\":{\"@type\":\"PropertyValueSpecification\",\"valueRequired\":true,\"valueName\":\"search_term_string\"}}],\"inLanguage\":\"fr-FR\"},{\"@type\":[\"Organization\",\"Place\"],\"@id\":\"https:\/\/www.belleflamme.ca\/fr\/#organization\",\"name\":\"Groupe Belleflamme\",\"alternateName\":\"Belleflamme\",\"url\":\"https:\/\/www.belleflamme.ca\/fr\/\",\"logo\":{\"@type\":\"ImageObject\",\"inLanguage\":\"fr-FR\",\"@id\":\"https:\/\/www.belleflamme.ca\/fr\/#\/schema\/logo\/image\/\",\"url\":\"https:\/\/staging.belleflamme.ca\/wp-content\/uploads\/2023\/01\/og-image.jpg\",\"contentUrl\":\"https:\/\/staging.belleflamme.ca\/wp-content\/uploads\/2023\/01\/og-image.jpg\",\"width\":1200,\"height\":630,\"caption\":\"Groupe Belleflamme\"},\"image\":{\"@id\":\"https:\/\/www.belleflamme.ca\/fr\/#\/schema\/logo\/image\/\"},\"sameAs\":[\"https:\/\/www.facebook.com\/belleflamme.ca\/\",\"https:\/\/www.linkedin.com\/company\/belleflamme\/\",\"https:\/\/www.pinterest.ca\/groupebelleflamme\/\",\"https:\/\/www.instagram.com\/legroupebelleflamme\/\"],\"mainEntityOfPage\":{\"@id\":\"https:\/\/staging.belleflamme.ca\/fr\/produit\/m95-combo-electrique\/\"}}]}<\/script>\n<meta property=\"product:brand\" content=\"Mvac\" \/>\n<meta property=\"product:price:amount\" content=\"1210.29\" \/>\n<meta property=\"product:price:currency\" content=\"CAD\" \/>\n<meta property=\"og:availability\" content=\"instock\" \/>\n<meta property=\"product:availability\" content=\"instock\" \/>\n<meta property=\"product:condition\" content=\"new\" \/>\n<!-- \/ Yoast SEO Premium plugin. -->","yoast_head_json":{"title":"M95 - Combo \u00e9lectrique - Groupe BelleFlamme","description":"M95 - Combo \u00e9lectrique vendu et install\u00e9 par le Groupe Belleflamme. Laval, Montr\u00e9al, Gatineau, Drummondville et Saint-Sauveur.","robots":{"index":"index","follow":"follow","max-snippet":"max-snippet:-1","max-image-preview":"max-image-preview:large","max-video-preview":"max-video-preview:-1"},"canonical":"https:\/\/staging.belleflamme.ca\/fr\/produit\/m95-combo-electrique\/","og_locale":"fr_FR","og_type":"article","og_title":"M95 - Combo \u00e9lectrique","og_description":"M95 - Combo \u00e9lectrique vendu et install\u00e9 par le Groupe Belleflamme. Laval, Montr\u00e9al, Gatineau, Drummondville et Saint-Sauveur.","og_url":"https:\/\/staging.belleflamme.ca\/fr\/produit\/m95-combo-electrique\/","og_site_name":"Groupe BelleFlamme","article_publisher":"https:\/\/www.facebook.com\/belleflamme.ca\/","article_modified_time":"2023-05-02T20:31:40+00:00","og_image":[{"width":600,"height":600,"url":"https:\/\/www.belleflamme.ca\/wp-content\/uploads\/2023\/05\/M80-Combo-electrique.webp","type":"image\/webp"}],"twitter_card":"summary_large_image","twitter_misc":{"Prix":"&#36;1,210.29","Disponibilit\u00e9":"En stock"},"schema":{"@context":"https:\/\/schema.org","@graph":[{"@type":["WebPage","ItemPage"],"@id":"https:\/\/staging.belleflamme.ca\/fr\/produit\/m95-combo-electrique\/","url":"https:\/\/staging.belleflamme.ca\/fr\/produit\/m95-combo-electrique\/","name":"M95 - Combo \u00e9lectrique - Groupe BelleFlamme","isPartOf":{"@id":"https:\/\/www.belleflamme.ca\/fr\/#website"},"primaryImageOfPage":{"@id":"https:\/\/staging.belleflamme.ca\/fr\/produit\/m95-combo-electrique\/#primaryimage"},"image":{"@id":"https:\/\/staging.belleflamme.ca\/fr\/produit\/m95-combo-electrique\/#primaryimage"},"thumbnailUrl":"https:\/\/staging.belleflamme.ca\/wp-content\/uploads\/2023\/05\/M80-Combo-electrique.webp","datePublished":"2023-05-02T20:07:57+00:00","dateModified":"2023-05-02T20:31:40+00:00","description":"M95 - Combo \u00e9lectrique [get_meta_en_fr]","breadcrumb":{"@id":"https:\/\/staging.belleflamme.ca\/fr\/produit\/m95-combo-electrique\/#breadcrumb"},"inLanguage":"fr-FR","potentialAction":[{"@type":"ReadAction","target":["https:\/\/staging.belleflamme.ca\/fr\/produit\/m95-combo-electrique\/"]}]},{"@type":"ImageObject","inLanguage":"fr-FR","@id":"https:\/\/staging.belleflamme.ca\/fr\/produit\/m95-combo-electrique\/#primaryimage","url":"https:\/\/staging.belleflamme.ca\/wp-content\/uploads\/2023\/05\/M80-Combo-electrique.webp","contentUrl":"https:\/\/staging.belleflamme.ca\/wp-content\/uploads\/2023\/05\/M80-Combo-electrique.webp","width":600,"height":600,"caption":"M80 - Combo \u00e9lectrique"},{"@type":"BreadcrumbList","@id":"https:\/\/staging.belleflamme.ca\/fr\/produit\/m95-combo-electrique\/#breadcrumb","itemListElement":[{"@type":"ListItem","position":1,"name":"Accueil","item":"https:\/\/www.belleflamme.ca\/fr\/"},{"@type":"ListItem","position":2,"name":"Boutique","item":"https:\/\/www.belleflamme.ca\/fr\/boutique\/"},{"@type":"ListItem","position":3,"name":"Aspirateur","item":"https:\/\/staging.belleflamme.ca\/fr\/categories\/aspirateur\/"},{"@type":"ListItem","position":4,"name":"Aspirateurs","item":"https:\/\/staging.belleflamme.ca\/fr\/categories\/aspirateur\/aspirateurs\/"},{"@type":"ListItem","position":5,"name":"M95 &#8211; Combo \u00e9lectrique"}]},{"@type":"WebSite","@id":"https:\/\/www.belleflamme.ca\/fr\/#website","url":"https:\/\/www.belleflamme.ca\/fr\/","name":"Groupe Belleflamme","description":"La m\u00e9canique du b\u00e2timent dans le sang.","publisher":{"@id":"https:\/\/www.belleflamme.ca\/fr\/#organization"},"potentialAction":[{"@type":"SearchAction","target":{"@type":"EntryPoint","urlTemplate":"https:\/\/www.belleflamme.ca\/fr\/?s={search_term_string}"},"query-input":{"@type":"PropertyValueSpecification","valueRequired":true,"valueName":"search_term_string"}}],"inLanguage":"fr-FR"},{"@type":["Organization","Place"],"@id":"https:\/\/www.belleflamme.ca\/fr\/#organization","name":"Groupe Belleflamme","alternateName":"Belleflamme","url":"https:\/\/www.belleflamme.ca\/fr\/","logo":{"@type":"ImageObject","inLanguage":"fr-FR","@id":"https:\/\/www.belleflamme.ca\/fr\/#\/schema\/logo\/image\/","url":"https:\/\/staging.belleflamme.ca\/wp-content\/uploads\/2023\/01\/og-image.jpg","contentUrl":"https:\/\/staging.belleflamme.ca\/wp-content\/uploads\/2023\/01\/og-image.jpg","width":1200,"height":630,"caption":"Groupe Belleflamme"},"image":{"@id":"https:\/\/www.belleflamme.ca\/fr\/#\/schema\/logo\/image\/"},"sameAs":["https:\/\/www.facebook.com\/belleflamme.ca\/","https:\/\/www.linkedin.com\/company\/belleflamme\/","https:\/\/www.pinterest.ca\/groupebelleflamme\/","https:\/\/www.instagram.com\/legroupebelleflamme\/"],"mainEntityOfPage":{"@id":"https:\/\/staging.belleflamme.ca\/fr\/produit\/m95-combo-electrique\/"}}]},"product_brand":"Mvac","product_price_amount":"1210.29","product_price_currency":"CAD","og_availability":"instock","product_availability":"instock","product_condition":"new"},"_links":{"self":[{"href":"https:\/\/staging.belleflamme.ca\/fr\/wp-json\/wp\/v2\/product\/12251","targetHints":{"allow":["GET"]}}],"collection":[{"href":"https:\/\/staging.belleflamme.ca\/fr\/wp-json\/wp\/v2\/product"}],"about":[{"href":"https:\/\/staging.belleflamme.ca\/fr\/wp-json\/wp\/v2\/types\/product"}],"version-history":[{"count":3,"href":"https:\/\/staging.belleflamme.ca\/fr\/wp-json\/wp\/v2\/product\/12251\/revisions"}],"predecessor-version":[{"id":12282,"href":"https:\/\/staging.belleflamme.ca\/fr\/wp-json\/wp\/v2\/product\/12251\/revisions\/12282"}],"wp:featuredmedia":[{"embeddable":true,"href":"https:\/\/staging.belleflamme.ca\/fr\/wp-json\/wp\/v2\/media\/12255"}],"wp:attachment":[{"href":"https:\/\/staging.belleflamme.ca\/fr\/wp-json\/wp\/v2\/media?parent=12251"}],"wp:term":[{"taxonomy":"product_brand","embeddable":true,"href":"https:\/\/staging.belleflamme.ca\/fr\/wp-json\/wp\/v2\/product_brand?post=12251"},{"taxonomy":"product_cat","embeddable":true,"href":"https:\/\/staging.belleflamme.ca\/fr\/wp-json\/wp\/v2\/product_cat?post=12251"},{"taxonomy":"product_tag","embeddable":true,"href":"https:\/\/staging.belleflamme.ca\/fr\/wp-json\/wp\/v2\/product_tag?post=12251"}],"curies":[{"name":"wp","href":"https:\/\/api.w.org\/{rel}","templated":true}]}}