{"id":12140,"date":"2023-05-01T16:07:39","date_gmt":"2023-05-01T20:07:39","guid":{"rendered":"https:\/\/www.belleflamme.ca\/?post_type=product&#038;p=12140"},"modified":"2023-05-01T16:36:16","modified_gmt":"2023-05-01T20:36:16","slug":"wicker-parkmc-lavabo-a-rebord-integre","status":"publish","type":"product","link":"https:\/\/staging.belleflamme.ca\/fr\/produit\/wicker-parkmc-lavabo-a-rebord-integre\/","title":{"rendered":"Wicker ParkMC Lavabo \u00e0 rebord int\u00e9gr\u00e9"},"content":{"rendered":"<div data-wrapper=\"select\"><button class=\"accordion-button fw-black \" type=\"button\">Informations sur les produits<\/button><\/div>\n<div class=\"accordion-collapse fs-smaller collapse show\">\n<h2 class=\"h4 fw-normal mb-0\">Aper\u00e7u des produits<\/h2>\n<ul>\n<li>Configuration : Trou unique<\/li>\n<li>Emplacement de la vidange : Arri\u00e8re<\/li>\n<li>Emplacement du trop-plein : Avant<\/li>\n<li>Forme de l&#8217;\u00e9vier : Rectangulaire<\/li>\n<li>Marque : Gerber<\/li>\n<\/ul>\n<h2 class=\"h4 fw-normal mb-0\">Caract\u00e9ristiques<\/h2>\n<ul>\n<li>Trop-plein frontal dissimul\u00e9<\/li>\n<li>Le robinet et le drain ne sont pas inclus<\/li>\n<li>Lavabo \u00e0 profil moyen offrant le design haut de gamme d&#8217;un \u00e9vier vasque, mais s&#8217;installant facilement en tant qu&#8217;\u00e9vier \u00e0 poser.<\/li>\n<li>Emplacement du trou de vidange orient\u00e9 vers l&#8217;arri\u00e8re pour faciliter l&#8217;installation de la vidange<\/li>\n<li>Bassin de forme rectangulaire<\/li>\n<li>Accessibilit\u00e9 universelle ; conforme aux normes de l&#8217;Americans with Disabilities Act (ADA) ; voir la fiche technique pour les d\u00e9tails d&#8217;installation.<\/li>\n<\/ul>\n<\/div>\n","protected":false},"excerpt":{"rendered":"<p>Informations sur les produits Aper\u00e7u des produits Configuration : Trou unique Emplacement de la vidange : Arri\u00e8re Emplacement du trop-plein : Avant Forme de l&#8217;\u00e9vier : Rectangulaire Marque : Gerber Caract\u00e9ristiques Trop-plein frontal dissimul\u00e9 Le robinet et le drain ne sont pas inclus Lavabo \u00e0 profil moyen offrant le design haut de gamme d&#8217;un \u00e9vier [&hellip;]<\/p>\n","protected":false},"featured_media":12145,"template":"","meta":{"inline_featured_image":false},"product_brand":[421],"product_cat":[101,97],"product_tag":[],"class_list":{"0":"post-12140","1":"product","2":"type-product","3":"status-publish","4":"has-post-thumbnail","6":"product_brand-gerber","7":"product_cat-lavabos","8":"product_cat-plomberie-gaz","10":"first","11":"instock","12":"taxable","13":"shipping-taxable","14":"product-type-simple"},"yoast_head":"<!-- This site is optimized with the Yoast SEO Premium plugin v24.2 (Yoast SEO v24.2) - https:\/\/yoast.com\/wordpress\/plugins\/seo\/ -->\n<title>Wicker ParkMC Lavabo \u00e0 rebord int\u00e9gr\u00e9 - Groupe BelleFlamme<\/title>\n<meta name=\"description\" content=\"Wicker ParkMC Lavabo \u00e0 rebord int\u00e9gr\u00e9 vendu et install\u00e9 par le Groupe Belleflamme. Laval, Montr\u00e9al, Gatineau, Drummondville et Saint-Sauveur.\" \/>\n<meta name=\"robots\" content=\"index, follow, max-snippet:-1, max-image-preview:large, max-video-preview:-1\" \/>\n<link rel=\"canonical\" href=\"https:\/\/staging.belleflamme.ca\/fr\/produit\/wicker-parkmc-lavabo-a-rebord-integre\/\" \/>\n<meta property=\"og:locale\" content=\"fr_FR\" \/>\n<meta property=\"og:type\" content=\"article\" \/>\n<meta property=\"og:title\" content=\"Wicker ParkMC Lavabo \u00e0 rebord int\u00e9gr\u00e9\" \/>\n<meta property=\"og:description\" content=\"Wicker ParkMC Lavabo \u00e0 rebord int\u00e9gr\u00e9 vendu et install\u00e9 par le Groupe Belleflamme. Laval, Montr\u00e9al, Gatineau, Drummondville et Saint-Sauveur.\" \/>\n<meta property=\"og:url\" content=\"https:\/\/staging.belleflamme.ca\/fr\/produit\/wicker-parkmc-lavabo-a-rebord-integre\/\" \/>\n<meta property=\"og:site_name\" content=\"Groupe BelleFlamme\" \/>\n<meta property=\"article:publisher\" content=\"https:\/\/www.facebook.com\/belleflamme.ca\/\" \/>\n<meta property=\"article:modified_time\" content=\"2023-05-01T20:36:16+00:00\" \/>\n<meta property=\"og:image\" content=\"https:\/\/www.belleflamme.ca\/wp-content\/uploads\/2023\/05\/Wicker-Park-Lavabo-de-salle-de-bain-1-1.jpg\" \/>\n\t<meta property=\"og:image:width\" content=\"800\" \/>\n\t<meta property=\"og:image:height\" content=\"800\" \/>\n\t<meta property=\"og:image:type\" content=\"image\/jpeg\" \/>\n<meta name=\"twitter:card\" content=\"summary_large_image\" \/>\n<meta name=\"twitter:label1\" content=\"Prix\" \/>\n\t<meta name=\"twitter:data1\" content=\"\" \/>\n\t<meta name=\"twitter:label2\" content=\"Disponibilit\u00e9\" \/>\n\t<meta name=\"twitter:data2\" content=\"En stock\" \/>\n<script type=\"application\/ld+json\" class=\"yoast-schema-graph\">{\"@context\":\"https:\/\/schema.org\",\"@graph\":[{\"@type\":[\"WebPage\",\"ItemPage\"],\"@id\":\"https:\/\/staging.belleflamme.ca\/fr\/produit\/wicker-parkmc-lavabo-a-rebord-integre\/\",\"url\":\"https:\/\/staging.belleflamme.ca\/fr\/produit\/wicker-parkmc-lavabo-a-rebord-integre\/\",\"name\":\"Wicker ParkMC Lavabo \u00e0 rebord int\u00e9gr\u00e9 - Groupe BelleFlamme\",\"isPartOf\":{\"@id\":\"https:\/\/www.belleflamme.ca\/fr\/#website\"},\"primaryImageOfPage\":{\"@id\":\"https:\/\/staging.belleflamme.ca\/fr\/produit\/wicker-parkmc-lavabo-a-rebord-integre\/#primaryimage\"},\"image\":{\"@id\":\"https:\/\/staging.belleflamme.ca\/fr\/produit\/wicker-parkmc-lavabo-a-rebord-integre\/#primaryimage\"},\"thumbnailUrl\":\"https:\/\/staging.belleflamme.ca\/wp-content\/uploads\/2023\/05\/Wicker-Park-Lavabo-de-salle-de-bain-1-1.jpg\",\"datePublished\":\"2023-05-01T20:07:39+00:00\",\"dateModified\":\"2023-05-01T20:36:16+00:00\",\"description\":\"Wicker ParkMC Lavabo \u00e0 rebord int\u00e9gr\u00e9 [get_meta_en_fr]\",\"breadcrumb\":{\"@id\":\"https:\/\/staging.belleflamme.ca\/fr\/produit\/wicker-parkmc-lavabo-a-rebord-integre\/#breadcrumb\"},\"inLanguage\":\"fr-FR\",\"potentialAction\":[{\"@type\":\"ReadAction\",\"target\":[\"https:\/\/staging.belleflamme.ca\/fr\/produit\/wicker-parkmc-lavabo-a-rebord-integre\/\"]}]},{\"@type\":\"ImageObject\",\"inLanguage\":\"fr-FR\",\"@id\":\"https:\/\/staging.belleflamme.ca\/fr\/produit\/wicker-parkmc-lavabo-a-rebord-integre\/#primaryimage\",\"url\":\"https:\/\/staging.belleflamme.ca\/wp-content\/uploads\/2023\/05\/Wicker-Park-Lavabo-de-salle-de-bain-1-1.jpg\",\"contentUrl\":\"https:\/\/staging.belleflamme.ca\/wp-content\/uploads\/2023\/05\/Wicker-Park-Lavabo-de-salle-de-bain-1-1.jpg\",\"width\":800,\"height\":800,\"caption\":\"Wicker Park Lavabo de salle de bain\"},{\"@type\":\"BreadcrumbList\",\"@id\":\"https:\/\/staging.belleflamme.ca\/fr\/produit\/wicker-parkmc-lavabo-a-rebord-integre\/#breadcrumb\",\"itemListElement\":[{\"@type\":\"ListItem\",\"position\":1,\"name\":\"Accueil\",\"item\":\"https:\/\/www.belleflamme.ca\/fr\/\"},{\"@type\":\"ListItem\",\"position\":2,\"name\":\"Boutique\",\"item\":\"https:\/\/www.belleflamme.ca\/fr\/boutique\/\"},{\"@type\":\"ListItem\",\"position\":3,\"name\":\"Plomberie &amp; Gaz\",\"item\":\"https:\/\/staging.belleflamme.ca\/fr\/categories\/plomberie-gaz\/\"},{\"@type\":\"ListItem\",\"position\":4,\"name\":\"Lavabos\",\"item\":\"https:\/\/staging.belleflamme.ca\/fr\/categories\/plomberie-gaz\/lavabos\/\"},{\"@type\":\"ListItem\",\"position\":5,\"name\":\"Wicker ParkMC Lavabo \u00e0 rebord int\u00e9gr\u00e9\"}]},{\"@type\":\"WebSite\",\"@id\":\"https:\/\/www.belleflamme.ca\/fr\/#website\",\"url\":\"https:\/\/www.belleflamme.ca\/fr\/\",\"name\":\"Groupe Belleflamme\",\"description\":\"La m\u00e9canique du b\u00e2timent dans le sang.\",\"publisher\":{\"@id\":\"https:\/\/www.belleflamme.ca\/fr\/#organization\"},\"potentialAction\":[{\"@type\":\"SearchAction\",\"target\":{\"@type\":\"EntryPoint\",\"urlTemplate\":\"https:\/\/www.belleflamme.ca\/fr\/?s={search_term_string}\"},\"query-input\":{\"@type\":\"PropertyValueSpecification\",\"valueRequired\":true,\"valueName\":\"search_term_string\"}}],\"inLanguage\":\"fr-FR\"},{\"@type\":[\"Organization\",\"Place\"],\"@id\":\"https:\/\/www.belleflamme.ca\/fr\/#organization\",\"name\":\"Groupe Belleflamme\",\"alternateName\":\"Belleflamme\",\"url\":\"https:\/\/www.belleflamme.ca\/fr\/\",\"logo\":{\"@type\":\"ImageObject\",\"inLanguage\":\"fr-FR\",\"@id\":\"https:\/\/www.belleflamme.ca\/fr\/#\/schema\/logo\/image\/\",\"url\":\"https:\/\/staging.belleflamme.ca\/wp-content\/uploads\/2023\/01\/og-image.jpg\",\"contentUrl\":\"https:\/\/staging.belleflamme.ca\/wp-content\/uploads\/2023\/01\/og-image.jpg\",\"width\":1200,\"height\":630,\"caption\":\"Groupe Belleflamme\"},\"image\":{\"@id\":\"https:\/\/www.belleflamme.ca\/fr\/#\/schema\/logo\/image\/\"},\"sameAs\":[\"https:\/\/www.facebook.com\/belleflamme.ca\/\",\"https:\/\/www.linkedin.com\/company\/belleflamme\/\",\"https:\/\/www.pinterest.ca\/groupebelleflamme\/\",\"https:\/\/www.instagram.com\/legroupebelleflamme\/\"],\"mainEntityOfPage\":{\"@id\":\"https:\/\/staging.belleflamme.ca\/fr\/produit\/wicker-parkmc-lavabo-a-rebord-integre\/\"}}]}<\/script>\n<meta property=\"product:brand\" content=\"Gerber\" \/>\n<meta property=\"product:price:amount\" content=\"0.00\" \/>\n<meta property=\"product:price:currency\" content=\"CAD\" \/>\n<meta property=\"og:availability\" content=\"instock\" \/>\n<meta property=\"product:availability\" content=\"instock\" \/>\n<meta property=\"product:condition\" content=\"new\" \/>\n<!-- \/ Yoast SEO Premium plugin. -->","yoast_head_json":{"title":"Wicker ParkMC Lavabo \u00e0 rebord int\u00e9gr\u00e9 - Groupe BelleFlamme","description":"Wicker ParkMC Lavabo \u00e0 rebord int\u00e9gr\u00e9 vendu et install\u00e9 par le Groupe Belleflamme. Laval, Montr\u00e9al, Gatineau, Drummondville et Saint-Sauveur.","robots":{"index":"index","follow":"follow","max-snippet":"max-snippet:-1","max-image-preview":"max-image-preview:large","max-video-preview":"max-video-preview:-1"},"canonical":"https:\/\/staging.belleflamme.ca\/fr\/produit\/wicker-parkmc-lavabo-a-rebord-integre\/","og_locale":"fr_FR","og_type":"article","og_title":"Wicker ParkMC Lavabo \u00e0 rebord int\u00e9gr\u00e9","og_description":"Wicker ParkMC Lavabo \u00e0 rebord int\u00e9gr\u00e9 vendu et install\u00e9 par le Groupe Belleflamme. Laval, Montr\u00e9al, Gatineau, Drummondville et Saint-Sauveur.","og_url":"https:\/\/staging.belleflamme.ca\/fr\/produit\/wicker-parkmc-lavabo-a-rebord-integre\/","og_site_name":"Groupe BelleFlamme","article_publisher":"https:\/\/www.facebook.com\/belleflamme.ca\/","article_modified_time":"2023-05-01T20:36:16+00:00","og_image":[{"width":800,"height":800,"url":"https:\/\/www.belleflamme.ca\/wp-content\/uploads\/2023\/05\/Wicker-Park-Lavabo-de-salle-de-bain-1-1.jpg","type":"image\/jpeg"}],"twitter_card":"summary_large_image","twitter_misc":{"Prix":"","Disponibilit\u00e9":"En stock"},"schema":{"@context":"https:\/\/schema.org","@graph":[{"@type":["WebPage","ItemPage"],"@id":"https:\/\/staging.belleflamme.ca\/fr\/produit\/wicker-parkmc-lavabo-a-rebord-integre\/","url":"https:\/\/staging.belleflamme.ca\/fr\/produit\/wicker-parkmc-lavabo-a-rebord-integre\/","name":"Wicker ParkMC Lavabo \u00e0 rebord int\u00e9gr\u00e9 - Groupe BelleFlamme","isPartOf":{"@id":"https:\/\/www.belleflamme.ca\/fr\/#website"},"primaryImageOfPage":{"@id":"https:\/\/staging.belleflamme.ca\/fr\/produit\/wicker-parkmc-lavabo-a-rebord-integre\/#primaryimage"},"image":{"@id":"https:\/\/staging.belleflamme.ca\/fr\/produit\/wicker-parkmc-lavabo-a-rebord-integre\/#primaryimage"},"thumbnailUrl":"https:\/\/staging.belleflamme.ca\/wp-content\/uploads\/2023\/05\/Wicker-Park-Lavabo-de-salle-de-bain-1-1.jpg","datePublished":"2023-05-01T20:07:39+00:00","dateModified":"2023-05-01T20:36:16+00:00","description":"Wicker ParkMC Lavabo \u00e0 rebord int\u00e9gr\u00e9 [get_meta_en_fr]","breadcrumb":{"@id":"https:\/\/staging.belleflamme.ca\/fr\/produit\/wicker-parkmc-lavabo-a-rebord-integre\/#breadcrumb"},"inLanguage":"fr-FR","potentialAction":[{"@type":"ReadAction","target":["https:\/\/staging.belleflamme.ca\/fr\/produit\/wicker-parkmc-lavabo-a-rebord-integre\/"]}]},{"@type":"ImageObject","inLanguage":"fr-FR","@id":"https:\/\/staging.belleflamme.ca\/fr\/produit\/wicker-parkmc-lavabo-a-rebord-integre\/#primaryimage","url":"https:\/\/staging.belleflamme.ca\/wp-content\/uploads\/2023\/05\/Wicker-Park-Lavabo-de-salle-de-bain-1-1.jpg","contentUrl":"https:\/\/staging.belleflamme.ca\/wp-content\/uploads\/2023\/05\/Wicker-Park-Lavabo-de-salle-de-bain-1-1.jpg","width":800,"height":800,"caption":"Wicker Park Lavabo de salle de bain"},{"@type":"BreadcrumbList","@id":"https:\/\/staging.belleflamme.ca\/fr\/produit\/wicker-parkmc-lavabo-a-rebord-integre\/#breadcrumb","itemListElement":[{"@type":"ListItem","position":1,"name":"Accueil","item":"https:\/\/www.belleflamme.ca\/fr\/"},{"@type":"ListItem","position":2,"name":"Boutique","item":"https:\/\/www.belleflamme.ca\/fr\/boutique\/"},{"@type":"ListItem","position":3,"name":"Plomberie &amp; Gaz","item":"https:\/\/staging.belleflamme.ca\/fr\/categories\/plomberie-gaz\/"},{"@type":"ListItem","position":4,"name":"Lavabos","item":"https:\/\/staging.belleflamme.ca\/fr\/categories\/plomberie-gaz\/lavabos\/"},{"@type":"ListItem","position":5,"name":"Wicker ParkMC Lavabo \u00e0 rebord int\u00e9gr\u00e9"}]},{"@type":"WebSite","@id":"https:\/\/www.belleflamme.ca\/fr\/#website","url":"https:\/\/www.belleflamme.ca\/fr\/","name":"Groupe Belleflamme","description":"La m\u00e9canique du b\u00e2timent dans le sang.","publisher":{"@id":"https:\/\/www.belleflamme.ca\/fr\/#organization"},"potentialAction":[{"@type":"SearchAction","target":{"@type":"EntryPoint","urlTemplate":"https:\/\/www.belleflamme.ca\/fr\/?s={search_term_string}"},"query-input":{"@type":"PropertyValueSpecification","valueRequired":true,"valueName":"search_term_string"}}],"inLanguage":"fr-FR"},{"@type":["Organization","Place"],"@id":"https:\/\/www.belleflamme.ca\/fr\/#organization","name":"Groupe Belleflamme","alternateName":"Belleflamme","url":"https:\/\/www.belleflamme.ca\/fr\/","logo":{"@type":"ImageObject","inLanguage":"fr-FR","@id":"https:\/\/www.belleflamme.ca\/fr\/#\/schema\/logo\/image\/","url":"https:\/\/staging.belleflamme.ca\/wp-content\/uploads\/2023\/01\/og-image.jpg","contentUrl":"https:\/\/staging.belleflamme.ca\/wp-content\/uploads\/2023\/01\/og-image.jpg","width":1200,"height":630,"caption":"Groupe Belleflamme"},"image":{"@id":"https:\/\/www.belleflamme.ca\/fr\/#\/schema\/logo\/image\/"},"sameAs":["https:\/\/www.facebook.com\/belleflamme.ca\/","https:\/\/www.linkedin.com\/company\/belleflamme\/","https:\/\/www.pinterest.ca\/groupebelleflamme\/","https:\/\/www.instagram.com\/legroupebelleflamme\/"],"mainEntityOfPage":{"@id":"https:\/\/staging.belleflamme.ca\/fr\/produit\/wicker-parkmc-lavabo-a-rebord-integre\/"}}]},"product_brand":"Gerber","product_price_amount":"0.00","product_price_currency":"CAD","og_availability":"instock","product_availability":"instock","product_condition":"new"},"_links":{"self":[{"href":"https:\/\/staging.belleflamme.ca\/fr\/wp-json\/wp\/v2\/product\/12140","targetHints":{"allow":["GET"]}}],"collection":[{"href":"https:\/\/staging.belleflamme.ca\/fr\/wp-json\/wp\/v2\/product"}],"about":[{"href":"https:\/\/staging.belleflamme.ca\/fr\/wp-json\/wp\/v2\/types\/product"}],"version-history":[{"count":1,"href":"https:\/\/staging.belleflamme.ca\/fr\/wp-json\/wp\/v2\/product\/12140\/revisions"}],"predecessor-version":[{"id":12141,"href":"https:\/\/staging.belleflamme.ca\/fr\/wp-json\/wp\/v2\/product\/12140\/revisions\/12141"}],"wp:featuredmedia":[{"embeddable":true,"href":"https:\/\/staging.belleflamme.ca\/fr\/wp-json\/wp\/v2\/media\/12145"}],"wp:attachment":[{"href":"https:\/\/staging.belleflamme.ca\/fr\/wp-json\/wp\/v2\/media?parent=12140"}],"wp:term":[{"taxonomy":"product_brand","embeddable":true,"href":"https:\/\/staging.belleflamme.ca\/fr\/wp-json\/wp\/v2\/product_brand?post=12140"},{"taxonomy":"product_cat","embeddable":true,"href":"https:\/\/staging.belleflamme.ca\/fr\/wp-json\/wp\/v2\/product_cat?post=12140"},{"taxonomy":"product_tag","embeddable":true,"href":"https:\/\/staging.belleflamme.ca\/fr\/wp-json\/wp\/v2\/product_tag?post=12140"}],"curies":[{"name":"wp","href":"https:\/\/api.w.org\/{rel}","templated":true}]}}