{"id":12051,"date":"2023-04-28T09:21:25","date_gmt":"2023-04-28T13:21:25","guid":{"rendered":"https:\/\/www.belleflamme.ca\/?post_type=product&#038;p=12051"},"modified":"2024-02-07T14:36:15","modified_gmt":"2024-02-07T19:36:15","slug":"kit-robinet-pour-douche-garniture-pour-valve-thermostatique-deviatrice-2-voies-kit-vol140ts2tcp","status":"publish","type":"product","link":"https:\/\/staging.belleflamme.ca\/fr\/produit\/kit-robinet-pour-douche-garniture-pour-valve-thermostatique-deviatrice-2-voies-kit-vol140ts2tcp\/","title":{"rendered":"Kit Robinet pour douche &#8211; Garniture pour valve thermostatique, d\u00e9viatrice 2 voies KIT-VOL140TS2TCP"},"content":{"rendered":"\t\t<div data-elementor-type=\"product-post\" data-elementor-id=\"12051\" class=\"elementor elementor-12051\" data-elementor-post-type=\"product\">\n\t\t\t\t\t\t<section class=\"elementor-section elementor-top-section elementor-element elementor-element-2c20fca6 elementor-section-boxed elementor-section-height-default elementor-section-height-default\" data-id=\"2c20fca6\" data-element_type=\"section\">\n\t\t\t\t\t\t<div class=\"elementor-container elementor-column-gap-default\">\n\t\t\t\t\t<div class=\"elementor-column elementor-col-100 elementor-top-column elementor-element elementor-element-7c466fed\" data-id=\"7c466fed\" data-element_type=\"column\">\n\t\t\t<div class=\"elementor-widget-wrap elementor-element-populated\">\n\t\t\t\t\t\t<div class=\"elementor-element elementor-element-3e30b75b elementor-widget elementor-widget-text-editor\" data-id=\"3e30b75b\" data-element_type=\"widget\" data-widget_type=\"text-editor.default\">\n\t\t\t\t<div class=\"elementor-widget-container\">\n\t\t\t\t\t\t\t\t\t<h2>Caract\u00e9ristiques<\/h2>\r\n\u2022 Garniture compatible avec les installations primaires 98TSR2\r\net 98TSR2PEX\r\n\u2022 Indicateur de temp\u00e9rature \u00e0 38\u00b0C sur la plaque de finition\r\n\u2022 Temp\u00e9rature ajustable de 34 \u00e0 38\u00b0C par la poign\u00e9e et de 39\r\n\u00e0 43\u00b0C en maintenant la but\u00e9e de s\u00e9curit\u00e9\r\n\u2022 Poign\u00e9es de contr\u00f4le de volume\/inverseur\r\net de temp\u00e9rature ind\u00e9pendantes\r\n\u2022 Barre \u00e0 glissi\u00e8re:\r\n&#8211; Installation avec per\u00e7age requis\r\n&#8211; Ensemble de barre \u00e0 glissi\u00e8re de 31 3\/16 pouces hors tout\r\n\u2022 Douche \u00e0 main:\r\n&#8211; type de jets: Diffus\r\n&#8211; type de jets: Massage\r\n&#8211; Buses souples faciles \u00e0 nettoyer\r\n&#8211; Boyau de 69 pouces en m\u00e9tal chrom\u00e9\r\n&#8211; D\u00e9bit maximal de 6,8 L\/min (1,8 gpm) \u00e0 80 psi ( )\r\n\u2022 Pomme de douche:\r\n&#8211; Pivotante\r\n&#8211; Surdimensionn\u00e9e\r\n&#8211; type de jets: Effet de pluie\r\n&#8211; Buses souples faciles \u00e0 nettoyer\r\n&#8211; D\u00e9bit maximal de 6,8 L\/min (1,8 gpm) \u00e0 80 psi ( )\r\n\u2022 Bras de douche:\r\n&#8211; Bras de douche de 18 pouces de long\r\n\u2022 Support de douche \u00e0 angle ajustable\r\n\u2022 Coude d\u2019alimentation mural en laiton massif\r\navec bride ajustable\r\nFini\r\n\u2022 Chrome poli\t\t\t\t\t\t\t\t<\/div>\n\t\t\t\t<\/div>\n\t\t\t\t\t<\/div>\n\t\t<\/div>\n\t\t\t\t\t<\/div>\n\t\t<\/section>\n\t\t\t\t<section class=\"elementor-section elementor-top-section elementor-element elementor-element-31c7daa elementor-section-boxed elementor-section-height-default elementor-section-height-default\" data-id=\"31c7daa\" data-element_type=\"section\">\n\t\t\t\t\t\t<div class=\"elementor-container elementor-column-gap-default\">\n\t\t\t\t\t<div class=\"elementor-column elementor-col-100 elementor-top-column elementor-element elementor-element-42a10b5\" data-id=\"42a10b5\" data-element_type=\"column\">\n\t\t\t<div class=\"elementor-widget-wrap elementor-element-populated\">\n\t\t\t\t\t\t<div class=\"elementor-element elementor-element-d860738 elementor-tabs-view-horizontal elementor-widget elementor-widget-tabs\" data-id=\"d860738\" data-element_type=\"widget\" data-widget_type=\"tabs.default\">\n\t\t\t\t<div class=\"elementor-widget-container\">\n\t\t\t\t\t\t\t<div class=\"elementor-tabs\">\n\t\t\t<div class=\"elementor-tabs-wrapper\" role=\"tablist\" >\n\t\t\t\t\t\t\t\t\t<div id=\"elementor-tab-title-2261\" class=\"elementor-tab-title elementor-tab-desktop-title\" aria-selected=\"true\" data-tab=\"1\" role=\"tab\" tabindex=\"0\" aria-controls=\"elementor-tab-content-2261\" aria-expanded=\"false\">Fichiers<\/div>\n\t\t\t\t\t\t\t<\/div>\n\t\t\t<div class=\"elementor-tabs-content-wrapper\" role=\"tablist\" aria-orientation=\"vertical\">\n\t\t\t\t\t\t\t\t\t<div class=\"elementor-tab-title elementor-tab-mobile-title\" aria-selected=\"true\" data-tab=\"1\" role=\"tab\" tabindex=\"0\" aria-controls=\"elementor-tab-content-2261\" aria-expanded=\"false\">Fichiers<\/div>\n\t\t\t\t\t<div id=\"elementor-tab-content-2261\" class=\"elementor-tab-content elementor-clearfix\" data-tab=\"1\" role=\"tabpanel\" aria-labelledby=\"elementor-tab-title-2261\" tabindex=\"0\" hidden=\"false\"><i class=\"far fa-file-pdf fa-xl\" style=\"font-size:35px\"><\/i><a href=\"https:\/\/www.belleflamme.ca\/wp-content\/uploads\/2023\/04\/SPECKIT-VOL140TS2TCP.pdf\"> Brochure<\/a><\/br><\/div>\n\t\t\t\t\t\t\t<\/div>\n\t\t<\/div>\n\t\t\t\t\t\t<\/div>\n\t\t\t\t<\/div>\n\t\t\t\t\t<\/div>\n\t\t<\/div>\n\t\t\t\t\t<\/div>\n\t\t<\/section>\n\t\t\t\t<\/div>\n\t\t","protected":false},"excerpt":{"rendered":"<p>Caract\u00e9ristiques \u2022 Garniture compatible avec les installations primaires 98TSR2 et 98TSR2PEX \u2022 Indicateur de temp\u00e9rature \u00e0 38\u00b0C sur la plaque de finition \u2022 Temp\u00e9rature ajustable de 34 \u00e0 38\u00b0C par la poign\u00e9e et de 39 \u00e0 43\u00b0C en maintenant la but\u00e9e de s\u00e9curit\u00e9 \u2022 Poign\u00e9es de contr\u00f4le de volume\/inverseur et de temp\u00e9rature ind\u00e9pendantes \u2022 Barre [&hellip;]<\/p>\n","protected":false},"featured_media":12052,"template":"","meta":{"inline_featured_image":false},"product_brand":[364],"product_cat":[97,102],"product_tag":[],"class_list":{"0":"post-12051","1":"product","2":"type-product","3":"status-publish","4":"has-post-thumbnail","6":"product_brand-belanger","7":"product_cat-plomberie-gaz","8":"product_cat-robinetterie-accessoires","10":"first","11":"instock","12":"taxable","13":"shipping-taxable","14":"product-type-simple"},"yoast_head":"<!-- This site is optimized with the Yoast SEO Premium plugin v24.2 (Yoast SEO v24.2) - https:\/\/yoast.com\/wordpress\/plugins\/seo\/ -->\n<title>Kit Robinet pour douche - Garniture pour valve thermostatique, d\u00e9viatrice 2 voies KIT-VOL140TS2TCP - Groupe BelleFlamme<\/title>\n<meta name=\"description\" content=\"Kit Robinet pour douche - Garniture pour valve thermostatique, d\u00e9viatrice 2 voies KIT-VOL140TS2TCP vendu et install\u00e9 par le Groupe Belleflamme. Laval, Montr\u00e9al, Gatineau, Drummondville et Saint-Sauveur.\" \/>\n<meta name=\"robots\" content=\"index, follow, max-snippet:-1, max-image-preview:large, max-video-preview:-1\" \/>\n<link rel=\"canonical\" href=\"https:\/\/staging.belleflamme.ca\/fr\/produit\/kit-robinet-pour-douche-garniture-pour-valve-thermostatique-deviatrice-2-voies-kit-vol140ts2tcp\/\" \/>\n<meta property=\"og:locale\" content=\"fr_FR\" \/>\n<meta property=\"og:type\" content=\"article\" \/>\n<meta property=\"og:title\" content=\"Kit Robinet pour douche - Garniture pour valve thermostatique, d\u00e9viatrice 2 voies KIT-VOL140TS2TCP\" \/>\n<meta property=\"og:description\" content=\"Kit Robinet pour douche - Garniture pour valve thermostatique, d\u00e9viatrice 2 voies KIT-VOL140TS2TCP vendu et install\u00e9 par le Groupe Belleflamme. Laval, Montr\u00e9al, Gatineau, Drummondville et Saint-Sauveur.\" \/>\n<meta property=\"og:url\" content=\"https:\/\/staging.belleflamme.ca\/fr\/produit\/kit-robinet-pour-douche-garniture-pour-valve-thermostatique-deviatrice-2-voies-kit-vol140ts2tcp\/\" \/>\n<meta property=\"og:site_name\" content=\"Groupe BelleFlamme\" \/>\n<meta property=\"article:publisher\" content=\"https:\/\/www.facebook.com\/belleflamme.ca\/\" \/>\n<meta property=\"article:modified_time\" content=\"2024-02-07T19:36:15+00:00\" \/>\n<meta property=\"og:image\" content=\"https:\/\/www.belleflamme.ca\/wp-content\/uploads\/2023\/04\/KIT-VOL140TS2TCP_iso.jpg\" \/>\n\t<meta property=\"og:image:width\" content=\"2000\" \/>\n\t<meta property=\"og:image:height\" content=\"2000\" \/>\n\t<meta property=\"og:image:type\" content=\"image\/jpeg\" \/>\n<meta name=\"twitter:card\" content=\"summary_large_image\" \/>\n<meta name=\"twitter:label1\" content=\"Prix\" \/>\n\t<meta name=\"twitter:data1\" content=\"\" \/>\n\t<meta name=\"twitter:label2\" content=\"Disponibilit\u00e9\" \/>\n\t<meta name=\"twitter:data2\" content=\"En stock\" \/>\n<script type=\"application\/ld+json\" class=\"yoast-schema-graph\">{\"@context\":\"https:\/\/schema.org\",\"@graph\":[{\"@type\":[\"WebPage\",\"ItemPage\"],\"@id\":\"https:\/\/staging.belleflamme.ca\/fr\/produit\/kit-robinet-pour-douche-garniture-pour-valve-thermostatique-deviatrice-2-voies-kit-vol140ts2tcp\/\",\"url\":\"https:\/\/staging.belleflamme.ca\/fr\/produit\/kit-robinet-pour-douche-garniture-pour-valve-thermostatique-deviatrice-2-voies-kit-vol140ts2tcp\/\",\"name\":\"Kit Robinet pour douche - Garniture pour valve thermostatique, d\u00e9viatrice 2 voies KIT-VOL140TS2TCP - Groupe BelleFlamme\",\"isPartOf\":{\"@id\":\"https:\/\/www.belleflamme.ca\/fr\/#website\"},\"primaryImageOfPage\":{\"@id\":\"https:\/\/staging.belleflamme.ca\/fr\/produit\/kit-robinet-pour-douche-garniture-pour-valve-thermostatique-deviatrice-2-voies-kit-vol140ts2tcp\/#primaryimage\"},\"image\":{\"@id\":\"https:\/\/staging.belleflamme.ca\/fr\/produit\/kit-robinet-pour-douche-garniture-pour-valve-thermostatique-deviatrice-2-voies-kit-vol140ts2tcp\/#primaryimage\"},\"thumbnailUrl\":\"https:\/\/staging.belleflamme.ca\/wp-content\/uploads\/2023\/04\/KIT-VOL140TS2TCP_iso.jpg\",\"datePublished\":\"2023-04-28T13:21:25+00:00\",\"dateModified\":\"2024-02-07T19:36:15+00:00\",\"description\":\"Kit Robinet pour douche - Garniture pour valve thermostatique, d\u00e9viatrice 2 voies KIT-VOL140TS2TCP [get_meta_en_fr]\",\"breadcrumb\":{\"@id\":\"https:\/\/staging.belleflamme.ca\/fr\/produit\/kit-robinet-pour-douche-garniture-pour-valve-thermostatique-deviatrice-2-voies-kit-vol140ts2tcp\/#breadcrumb\"},\"inLanguage\":\"fr-FR\",\"potentialAction\":[{\"@type\":\"ReadAction\",\"target\":[\"https:\/\/staging.belleflamme.ca\/fr\/produit\/kit-robinet-pour-douche-garniture-pour-valve-thermostatique-deviatrice-2-voies-kit-vol140ts2tcp\/\"]}]},{\"@type\":\"ImageObject\",\"inLanguage\":\"fr-FR\",\"@id\":\"https:\/\/staging.belleflamme.ca\/fr\/produit\/kit-robinet-pour-douche-garniture-pour-valve-thermostatique-deviatrice-2-voies-kit-vol140ts2tcp\/#primaryimage\",\"url\":\"https:\/\/staging.belleflamme.ca\/wp-content\/uploads\/2023\/04\/KIT-VOL140TS2TCP_iso.jpg\",\"contentUrl\":\"https:\/\/staging.belleflamme.ca\/wp-content\/uploads\/2023\/04\/KIT-VOL140TS2TCP_iso.jpg\",\"width\":2000,\"height\":2000,\"caption\":\"KIT-VOL140TS2TCP B\u00e9langer\"},{\"@type\":\"BreadcrumbList\",\"@id\":\"https:\/\/staging.belleflamme.ca\/fr\/produit\/kit-robinet-pour-douche-garniture-pour-valve-thermostatique-deviatrice-2-voies-kit-vol140ts2tcp\/#breadcrumb\",\"itemListElement\":[{\"@type\":\"ListItem\",\"position\":1,\"name\":\"Accueil\",\"item\":\"https:\/\/www.belleflamme.ca\/fr\/\"},{\"@type\":\"ListItem\",\"position\":2,\"name\":\"Boutique\",\"item\":\"https:\/\/www.belleflamme.ca\/fr\/boutique\/\"},{\"@type\":\"ListItem\",\"position\":3,\"name\":\"Plomberie &amp; Gaz\",\"item\":\"https:\/\/staging.belleflamme.ca\/fr\/categories\/plomberie-gaz\/\"},{\"@type\":\"ListItem\",\"position\":4,\"name\":\"Robinetterie &amp; Accessoires\",\"item\":\"https:\/\/staging.belleflamme.ca\/fr\/categories\/plomberie-gaz\/robinetterie-accessoires\/\"},{\"@type\":\"ListItem\",\"position\":5,\"name\":\"Kit Robinet pour douche &#8211; Garniture pour valve thermostatique, d\u00e9viatrice 2 voies KIT-VOL140TS2TCP\"}]},{\"@type\":\"WebSite\",\"@id\":\"https:\/\/www.belleflamme.ca\/fr\/#website\",\"url\":\"https:\/\/www.belleflamme.ca\/fr\/\",\"name\":\"Groupe Belleflamme\",\"description\":\"La m\u00e9canique du b\u00e2timent dans le sang.\",\"publisher\":{\"@id\":\"https:\/\/www.belleflamme.ca\/fr\/#organization\"},\"potentialAction\":[{\"@type\":\"SearchAction\",\"target\":{\"@type\":\"EntryPoint\",\"urlTemplate\":\"https:\/\/www.belleflamme.ca\/fr\/?s={search_term_string}\"},\"query-input\":{\"@type\":\"PropertyValueSpecification\",\"valueRequired\":true,\"valueName\":\"search_term_string\"}}],\"inLanguage\":\"fr-FR\"},{\"@type\":[\"Organization\",\"Place\"],\"@id\":\"https:\/\/www.belleflamme.ca\/fr\/#organization\",\"name\":\"Groupe Belleflamme\",\"alternateName\":\"Belleflamme\",\"url\":\"https:\/\/www.belleflamme.ca\/fr\/\",\"logo\":{\"@type\":\"ImageObject\",\"inLanguage\":\"fr-FR\",\"@id\":\"https:\/\/www.belleflamme.ca\/fr\/#\/schema\/logo\/image\/\",\"url\":\"https:\/\/staging.belleflamme.ca\/wp-content\/uploads\/2023\/01\/og-image.jpg\",\"contentUrl\":\"https:\/\/staging.belleflamme.ca\/wp-content\/uploads\/2023\/01\/og-image.jpg\",\"width\":1200,\"height\":630,\"caption\":\"Groupe Belleflamme\"},\"image\":{\"@id\":\"https:\/\/www.belleflamme.ca\/fr\/#\/schema\/logo\/image\/\"},\"sameAs\":[\"https:\/\/www.facebook.com\/belleflamme.ca\/\",\"https:\/\/www.linkedin.com\/company\/belleflamme\/\",\"https:\/\/www.pinterest.ca\/groupebelleflamme\/\",\"https:\/\/www.instagram.com\/legroupebelleflamme\/\"],\"mainEntityOfPage\":{\"@id\":\"https:\/\/staging.belleflamme.ca\/fr\/produit\/kit-robinet-pour-douche-garniture-pour-valve-thermostatique-deviatrice-2-voies-kit-vol140ts2tcp\/\"}}]}<\/script>\n<meta property=\"product:brand\" content=\"B\u00e9langer\" \/>\n<meta property=\"product:price:amount\" content=\"0.00\" \/>\n<meta property=\"product:price:currency\" content=\"CAD\" \/>\n<meta property=\"og:availability\" content=\"instock\" \/>\n<meta property=\"product:availability\" content=\"instock\" \/>\n<meta property=\"product:condition\" content=\"new\" \/>\n<!-- \/ Yoast SEO Premium plugin. -->","yoast_head_json":{"title":"Kit Robinet pour douche - Garniture pour valve thermostatique, d\u00e9viatrice 2 voies KIT-VOL140TS2TCP - Groupe BelleFlamme","description":"Kit Robinet pour douche - Garniture pour valve thermostatique, d\u00e9viatrice 2 voies KIT-VOL140TS2TCP vendu et install\u00e9 par le Groupe Belleflamme. Laval, Montr\u00e9al, Gatineau, Drummondville et Saint-Sauveur.","robots":{"index":"index","follow":"follow","max-snippet":"max-snippet:-1","max-image-preview":"max-image-preview:large","max-video-preview":"max-video-preview:-1"},"canonical":"https:\/\/staging.belleflamme.ca\/fr\/produit\/kit-robinet-pour-douche-garniture-pour-valve-thermostatique-deviatrice-2-voies-kit-vol140ts2tcp\/","og_locale":"fr_FR","og_type":"article","og_title":"Kit Robinet pour douche - Garniture pour valve thermostatique, d\u00e9viatrice 2 voies KIT-VOL140TS2TCP","og_description":"Kit Robinet pour douche - Garniture pour valve thermostatique, d\u00e9viatrice 2 voies KIT-VOL140TS2TCP vendu et install\u00e9 par le Groupe Belleflamme. Laval, Montr\u00e9al, Gatineau, Drummondville et Saint-Sauveur.","og_url":"https:\/\/staging.belleflamme.ca\/fr\/produit\/kit-robinet-pour-douche-garniture-pour-valve-thermostatique-deviatrice-2-voies-kit-vol140ts2tcp\/","og_site_name":"Groupe BelleFlamme","article_publisher":"https:\/\/www.facebook.com\/belleflamme.ca\/","article_modified_time":"2024-02-07T19:36:15+00:00","og_image":[{"width":2000,"height":2000,"url":"https:\/\/www.belleflamme.ca\/wp-content\/uploads\/2023\/04\/KIT-VOL140TS2TCP_iso.jpg","type":"image\/jpeg"}],"twitter_card":"summary_large_image","twitter_misc":{"Prix":"","Disponibilit\u00e9":"En stock"},"schema":{"@context":"https:\/\/schema.org","@graph":[{"@type":["WebPage","ItemPage"],"@id":"https:\/\/staging.belleflamme.ca\/fr\/produit\/kit-robinet-pour-douche-garniture-pour-valve-thermostatique-deviatrice-2-voies-kit-vol140ts2tcp\/","url":"https:\/\/staging.belleflamme.ca\/fr\/produit\/kit-robinet-pour-douche-garniture-pour-valve-thermostatique-deviatrice-2-voies-kit-vol140ts2tcp\/","name":"Kit Robinet pour douche - Garniture pour valve thermostatique, d\u00e9viatrice 2 voies KIT-VOL140TS2TCP - Groupe BelleFlamme","isPartOf":{"@id":"https:\/\/www.belleflamme.ca\/fr\/#website"},"primaryImageOfPage":{"@id":"https:\/\/staging.belleflamme.ca\/fr\/produit\/kit-robinet-pour-douche-garniture-pour-valve-thermostatique-deviatrice-2-voies-kit-vol140ts2tcp\/#primaryimage"},"image":{"@id":"https:\/\/staging.belleflamme.ca\/fr\/produit\/kit-robinet-pour-douche-garniture-pour-valve-thermostatique-deviatrice-2-voies-kit-vol140ts2tcp\/#primaryimage"},"thumbnailUrl":"https:\/\/staging.belleflamme.ca\/wp-content\/uploads\/2023\/04\/KIT-VOL140TS2TCP_iso.jpg","datePublished":"2023-04-28T13:21:25+00:00","dateModified":"2024-02-07T19:36:15+00:00","description":"Kit Robinet pour douche - Garniture pour valve thermostatique, d\u00e9viatrice 2 voies KIT-VOL140TS2TCP [get_meta_en_fr]","breadcrumb":{"@id":"https:\/\/staging.belleflamme.ca\/fr\/produit\/kit-robinet-pour-douche-garniture-pour-valve-thermostatique-deviatrice-2-voies-kit-vol140ts2tcp\/#breadcrumb"},"inLanguage":"fr-FR","potentialAction":[{"@type":"ReadAction","target":["https:\/\/staging.belleflamme.ca\/fr\/produit\/kit-robinet-pour-douche-garniture-pour-valve-thermostatique-deviatrice-2-voies-kit-vol140ts2tcp\/"]}]},{"@type":"ImageObject","inLanguage":"fr-FR","@id":"https:\/\/staging.belleflamme.ca\/fr\/produit\/kit-robinet-pour-douche-garniture-pour-valve-thermostatique-deviatrice-2-voies-kit-vol140ts2tcp\/#primaryimage","url":"https:\/\/staging.belleflamme.ca\/wp-content\/uploads\/2023\/04\/KIT-VOL140TS2TCP_iso.jpg","contentUrl":"https:\/\/staging.belleflamme.ca\/wp-content\/uploads\/2023\/04\/KIT-VOL140TS2TCP_iso.jpg","width":2000,"height":2000,"caption":"KIT-VOL140TS2TCP B\u00e9langer"},{"@type":"BreadcrumbList","@id":"https:\/\/staging.belleflamme.ca\/fr\/produit\/kit-robinet-pour-douche-garniture-pour-valve-thermostatique-deviatrice-2-voies-kit-vol140ts2tcp\/#breadcrumb","itemListElement":[{"@type":"ListItem","position":1,"name":"Accueil","item":"https:\/\/www.belleflamme.ca\/fr\/"},{"@type":"ListItem","position":2,"name":"Boutique","item":"https:\/\/www.belleflamme.ca\/fr\/boutique\/"},{"@type":"ListItem","position":3,"name":"Plomberie &amp; Gaz","item":"https:\/\/staging.belleflamme.ca\/fr\/categories\/plomberie-gaz\/"},{"@type":"ListItem","position":4,"name":"Robinetterie &amp; Accessoires","item":"https:\/\/staging.belleflamme.ca\/fr\/categories\/plomberie-gaz\/robinetterie-accessoires\/"},{"@type":"ListItem","position":5,"name":"Kit Robinet pour douche &#8211; Garniture pour valve thermostatique, d\u00e9viatrice 2 voies KIT-VOL140TS2TCP"}]},{"@type":"WebSite","@id":"https:\/\/www.belleflamme.ca\/fr\/#website","url":"https:\/\/www.belleflamme.ca\/fr\/","name":"Groupe Belleflamme","description":"La m\u00e9canique du b\u00e2timent dans le sang.","publisher":{"@id":"https:\/\/www.belleflamme.ca\/fr\/#organization"},"potentialAction":[{"@type":"SearchAction","target":{"@type":"EntryPoint","urlTemplate":"https:\/\/www.belleflamme.ca\/fr\/?s={search_term_string}"},"query-input":{"@type":"PropertyValueSpecification","valueRequired":true,"valueName":"search_term_string"}}],"inLanguage":"fr-FR"},{"@type":["Organization","Place"],"@id":"https:\/\/www.belleflamme.ca\/fr\/#organization","name":"Groupe Belleflamme","alternateName":"Belleflamme","url":"https:\/\/www.belleflamme.ca\/fr\/","logo":{"@type":"ImageObject","inLanguage":"fr-FR","@id":"https:\/\/www.belleflamme.ca\/fr\/#\/schema\/logo\/image\/","url":"https:\/\/staging.belleflamme.ca\/wp-content\/uploads\/2023\/01\/og-image.jpg","contentUrl":"https:\/\/staging.belleflamme.ca\/wp-content\/uploads\/2023\/01\/og-image.jpg","width":1200,"height":630,"caption":"Groupe Belleflamme"},"image":{"@id":"https:\/\/www.belleflamme.ca\/fr\/#\/schema\/logo\/image\/"},"sameAs":["https:\/\/www.facebook.com\/belleflamme.ca\/","https:\/\/www.linkedin.com\/company\/belleflamme\/","https:\/\/www.pinterest.ca\/groupebelleflamme\/","https:\/\/www.instagram.com\/legroupebelleflamme\/"],"mainEntityOfPage":{"@id":"https:\/\/staging.belleflamme.ca\/fr\/produit\/kit-robinet-pour-douche-garniture-pour-valve-thermostatique-deviatrice-2-voies-kit-vol140ts2tcp\/"}}]},"product_brand":"B\u00e9langer","product_price_amount":"0.00","product_price_currency":"CAD","og_availability":"instock","product_availability":"instock","product_condition":"new"},"_links":{"self":[{"href":"https:\/\/staging.belleflamme.ca\/fr\/wp-json\/wp\/v2\/product\/12051","targetHints":{"allow":["GET"]}}],"collection":[{"href":"https:\/\/staging.belleflamme.ca\/fr\/wp-json\/wp\/v2\/product"}],"about":[{"href":"https:\/\/staging.belleflamme.ca\/fr\/wp-json\/wp\/v2\/types\/product"}],"version-history":[{"count":4,"href":"https:\/\/staging.belleflamme.ca\/fr\/wp-json\/wp\/v2\/product\/12051\/revisions"}],"predecessor-version":[{"id":12061,"href":"https:\/\/staging.belleflamme.ca\/fr\/wp-json\/wp\/v2\/product\/12051\/revisions\/12061"}],"wp:featuredmedia":[{"embeddable":true,"href":"https:\/\/staging.belleflamme.ca\/fr\/wp-json\/wp\/v2\/media\/12052"}],"wp:attachment":[{"href":"https:\/\/staging.belleflamme.ca\/fr\/wp-json\/wp\/v2\/media?parent=12051"}],"wp:term":[{"taxonomy":"product_brand","embeddable":true,"href":"https:\/\/staging.belleflamme.ca\/fr\/wp-json\/wp\/v2\/product_brand?post=12051"},{"taxonomy":"product_cat","embeddable":true,"href":"https:\/\/staging.belleflamme.ca\/fr\/wp-json\/wp\/v2\/product_cat?post=12051"},{"taxonomy":"product_tag","embeddable":true,"href":"https:\/\/staging.belleflamme.ca\/fr\/wp-json\/wp\/v2\/product_tag?post=12051"}],"curies":[{"name":"wp","href":"https:\/\/api.w.org\/{rel}","templated":true}]}}