{"id":3902,"date":"2023-02-12T15:50:16","date_gmt":"2023-02-12T20:50:16","guid":{"rendered":"https:\/\/www.belleflamme.ca\/?page_id=3902"},"modified":"2023-03-24T08:45:17","modified_gmt":"2023-03-24T12:45:17","slug":"blogue","status":"publish","type":"page","link":"https:\/\/staging.belleflamme.ca\/fr\/blogue\/","title":{"rendered":"Blogue"},"content":{"rendered":"\t\t<div data-elementor-type=\"wp-page\" data-elementor-id=\"3902\" class=\"elementor elementor-3902\" data-elementor-post-type=\"page\">\n\t\t\t\t\t\t<section class=\"elementor-section elementor-top-section elementor-element elementor-element-3c78b08 elementor-section-boxed elementor-section-height-default elementor-section-height-default\" data-id=\"3c78b08\" data-element_type=\"section\">\n\t\t\t\t\t\t<div class=\"elementor-container elementor-column-gap-default\">\n\t\t\t\t\t<div class=\"elementor-column elementor-col-100 elementor-top-column elementor-element elementor-element-2fc112d\" data-id=\"2fc112d\" data-element_type=\"column\">\n\t\t\t<div class=\"elementor-widget-wrap elementor-element-populated\">\n\t\t\t\t\t\t<div class=\"elementor-element elementor-element-1c5ea91 elementor-grid-3 elementor-grid-tablet-2 elementor-grid-mobile-1 elementor-posts--thumbnail-top elementor-widget elementor-widget-posts\" data-id=\"1c5ea91\" data-element_type=\"widget\" data-settings=\"{&quot;classic_columns&quot;:&quot;3&quot;,&quot;classic_columns_tablet&quot;:&quot;2&quot;,&quot;classic_columns_mobile&quot;:&quot;1&quot;,&quot;classic_row_gap&quot;:{&quot;unit&quot;:&quot;px&quot;,&quot;size&quot;:35,&quot;sizes&quot;:[]},&quot;classic_row_gap_tablet&quot;:{&quot;unit&quot;:&quot;px&quot;,&quot;size&quot;:&quot;&quot;,&quot;sizes&quot;:[]},&quot;classic_row_gap_mobile&quot;:{&quot;unit&quot;:&quot;px&quot;,&quot;size&quot;:&quot;&quot;,&quot;sizes&quot;:[]}}\" data-widget_type=\"posts.classic\">\n\t\t\t\t<div class=\"elementor-widget-container\">\n\t\t\t\t\t\t\t<div class=\"elementor-posts-container elementor-posts elementor-posts--skin-classic elementor-grid\">\n\t\t\t\t<article class=\"elementor-post elementor-grid-item post-37627 post type-post status-publish format-standard has-post-thumbnail hentry category-non-classifiee\">\n\t\t\t\t<a class=\"elementor-post__thumbnail__link\" href=\"https:\/\/staging.belleflamme.ca\/fr\/pourquoi-je-dois-faire-ramoner-ma-cheminee-avant-dinstaller-un-foyer-encastrable-dans-mon-foyer-de-maconnerie\/\" tabindex=\"-1\" >\n\t\t\t<div class=\"elementor-post__thumbnail\"><img fetchpriority=\"high\" decoding=\"async\" width=\"300\" height=\"200\" src=\"https:\/\/staging.belleflamme.ca\/wp-content\/uploads\/2024\/05\/ramoner-sa-cheminee-de-foyer-300x200.jpg\" class=\"attachment-medium size-medium wp-image-37629\" alt=\"ramoner sa chemin\u00e9e de foyer\" srcset=\"https:\/\/staging.belleflamme.ca\/wp-content\/uploads\/2024\/05\/ramoner-sa-cheminee-de-foyer-300x200.jpg 300w, https:\/\/staging.belleflamme.ca\/wp-content\/uploads\/2024\/05\/ramoner-sa-cheminee-de-foyer-1024x683.jpg 1024w, https:\/\/staging.belleflamme.ca\/wp-content\/uploads\/2024\/05\/ramoner-sa-cheminee-de-foyer-768x512.jpg 768w, https:\/\/staging.belleflamme.ca\/wp-content\/uploads\/2024\/05\/ramoner-sa-cheminee-de-foyer-900x600.jpg 900w, https:\/\/staging.belleflamme.ca\/wp-content\/uploads\/2024\/05\/ramoner-sa-cheminee-de-foyer.jpg 1200w\" sizes=\"(max-width: 300px) 100vw, 300px\" \/><\/div>\n\t\t<\/a>\n\t\t\t\t<div class=\"elementor-post__text\">\n\t\t\t\t<h3 class=\"elementor-post__title\">\n\t\t\t<a href=\"https:\/\/staging.belleflamme.ca\/fr\/pourquoi-je-dois-faire-ramoner-ma-cheminee-avant-dinstaller-un-foyer-encastrable-dans-mon-foyer-de-maconnerie\/\" >\n\t\t\t\tPOURQUOI JE DOIS FAIRE RAMONER MA CHEMIN\u00c9E AVANT D&#8217;INSTALLER UN FOYER ENCASTRABLE DANS MON FOYER DE MA\u00c7ONNERIE ?\t\t\t<\/a>\n\t\t<\/h3>\n\t\t\t\t<div class=\"elementor-post__meta-data\">\n\t\t\t\t\t<span class=\"elementor-post-date\">\n\t\t\t13 mai 2024\t\t<\/span>\n\t\t\t\t<\/div>\n\t\t\t\t<div class=\"elementor-post__excerpt\">\n\t\t\t<p>POURQUOI JE DOIS FAIRE RAMONER MA CHEMIN\u00c9E AVANT D&#8217;INSTALLER UN FOYER ENCASTRABLE DANS MON FOYER DE MA\u00c7ONNERIE ? Il est important de faire ramoner votre<\/p>\n\t\t<\/div>\n\t\t\n\t\t<a class=\"elementor-post__read-more\" href=\"https:\/\/staging.belleflamme.ca\/fr\/pourquoi-je-dois-faire-ramoner-ma-cheminee-avant-dinstaller-un-foyer-encastrable-dans-mon-foyer-de-maconnerie\/\" aria-label=\"En savoir plus sur POURQUOI JE DOIS FAIRE RAMONER MA CHEMIN\u00c9E AVANT D&#8217;INSTALLER UN FOYER ENCASTRABLE DANS MON FOYER DE MA\u00c7ONNERIE ?\" tabindex=\"-1\" >\n\t\t\tLire la suite \u00bb\t\t<\/a>\n\n\t\t\t\t<\/div>\n\t\t\t\t<\/article>\n\t\t\t\t<article class=\"elementor-post elementor-grid-item post-37616 post type-post status-publish format-standard has-post-thumbnail hentry category-non-classifiee\">\n\t\t\t\t<a class=\"elementor-post__thumbnail__link\" href=\"https:\/\/staging.belleflamme.ca\/fr\/pourquoi-il-est-important-de-prendre-en-compte-les-btus-versus-le-nombre-de-pieds-carres-dune-piece-lors-de-lachat-dun-foyer\/\" tabindex=\"-1\" >\n\t\t\t<div class=\"elementor-post__thumbnail\"><img decoding=\"async\" width=\"300\" height=\"186\" src=\"https:\/\/staging.belleflamme.ca\/wp-content\/uploads\/2024\/05\/nombre-de-btu-foyer-300x186.jpg\" class=\"attachment-medium size-medium wp-image-37619\" alt=\"nombre de btu foyer\" srcset=\"https:\/\/staging.belleflamme.ca\/wp-content\/uploads\/2024\/05\/nombre-de-btu-foyer-300x186.jpg 300w, https:\/\/staging.belleflamme.ca\/wp-content\/uploads\/2024\/05\/nombre-de-btu-foyer-1024x634.jpg 1024w, https:\/\/staging.belleflamme.ca\/wp-content\/uploads\/2024\/05\/nombre-de-btu-foyer-768x476.jpg 768w, https:\/\/staging.belleflamme.ca\/wp-content\/uploads\/2024\/05\/nombre-de-btu-foyer-900x557.jpg 900w, https:\/\/staging.belleflamme.ca\/wp-content\/uploads\/2024\/05\/nombre-de-btu-foyer.jpg 1240w\" sizes=\"(max-width: 300px) 100vw, 300px\" \/><\/div>\n\t\t<\/a>\n\t\t\t\t<div class=\"elementor-post__text\">\n\t\t\t\t<h3 class=\"elementor-post__title\">\n\t\t\t<a href=\"https:\/\/staging.belleflamme.ca\/fr\/pourquoi-il-est-important-de-prendre-en-compte-les-btus-versus-le-nombre-de-pieds-carres-dune-piece-lors-de-lachat-dun-foyer\/\" >\n\t\t\t\tPOURQUOI IL EST IMPORTANT DE PRENDRE EN COMPTE LES BTU\u2019S VERSUS LE NOMBRE DE PIEDS CARR\u00c9S D\u2019UNE PI\u00c8CE LORS DE L\u2019ACHAT D\u2019UN FOYER?\t\t\t<\/a>\n\t\t<\/h3>\n\t\t\t\t<div class=\"elementor-post__meta-data\">\n\t\t\t\t\t<span class=\"elementor-post-date\">\n\t\t\t13 mai 2024\t\t<\/span>\n\t\t\t\t<\/div>\n\t\t\t\t<div class=\"elementor-post__excerpt\">\n\t\t\t<p>POURQUOI IL EST IMPORTANT DE PRENDRE EN COMPTE LES BTU\u2019S VERSUS LE NOMBRE DE PIEDS CARR\u00c9S D\u2019UNE PI\u00c8CE LORS DE L\u2019ACHAT D\u2019UN FOYER\u202f? Le rapport<\/p>\n\t\t<\/div>\n\t\t\n\t\t<a class=\"elementor-post__read-more\" href=\"https:\/\/staging.belleflamme.ca\/fr\/pourquoi-il-est-important-de-prendre-en-compte-les-btus-versus-le-nombre-de-pieds-carres-dune-piece-lors-de-lachat-dun-foyer\/\" aria-label=\"En savoir plus sur POURQUOI IL EST IMPORTANT DE PRENDRE EN COMPTE LES BTU\u2019S VERSUS LE NOMBRE DE PIEDS CARR\u00c9S D\u2019UNE PI\u00c8CE LORS DE L\u2019ACHAT D\u2019UN FOYER?\" tabindex=\"-1\" >\n\t\t\tLire la suite \u00bb\t\t<\/a>\n\n\t\t\t\t<\/div>\n\t\t\t\t<\/article>\n\t\t\t\t<article class=\"elementor-post elementor-grid-item post-16332 post type-post status-publish format-standard has-post-thumbnail hentry category-non-classifiee\">\n\t\t\t\t<a class=\"elementor-post__thumbnail__link\" href=\"https:\/\/staging.belleflamme.ca\/fr\/la-difference-entre-les-vitres-de-foyer-en-pyro-ceramique-et-en-verre-trempe\/\" tabindex=\"-1\" >\n\t\t\t<div class=\"elementor-post__thumbnail\"><img decoding=\"async\" width=\"300\" height=\"239\" src=\"https:\/\/staging.belleflamme.ca\/wp-content\/uploads\/2024\/05\/FOYER-EN-PYRO-CERAMIQUE-ET-EN-VERRE-TREMPE-300x239.jpg\" class=\"attachment-medium size-medium wp-image-37603\" alt=\"FOYER EN PYRO-C\u00c9RAMIQUE ET EN VERRE TREMP\u00c9\" srcset=\"https:\/\/staging.belleflamme.ca\/wp-content\/uploads\/2024\/05\/FOYER-EN-PYRO-CERAMIQUE-ET-EN-VERRE-TREMPE-300x239.jpg 300w, https:\/\/staging.belleflamme.ca\/wp-content\/uploads\/2024\/05\/FOYER-EN-PYRO-CERAMIQUE-ET-EN-VERRE-TREMPE.jpg 735w\" sizes=\"(max-width: 300px) 100vw, 300px\" \/><\/div>\n\t\t<\/a>\n\t\t\t\t<div class=\"elementor-post__text\">\n\t\t\t\t<h3 class=\"elementor-post__title\">\n\t\t\t<a href=\"https:\/\/staging.belleflamme.ca\/fr\/la-difference-entre-les-vitres-de-foyer-en-pyro-ceramique-et-en-verre-trempe\/\" >\n\t\t\t\tLA DIFF\u00c9RENCE ENTRE LES VITRES DE FOYER EN PYRO-C\u00c9RAMIQUE ET EN VERRE TREMP\u00c9\t\t\t<\/a>\n\t\t<\/h3>\n\t\t\t\t<div class=\"elementor-post__meta-data\">\n\t\t\t\t\t<span class=\"elementor-post-date\">\n\t\t\t13 mai 2024\t\t<\/span>\n\t\t\t\t<\/div>\n\t\t\t\t<div class=\"elementor-post__excerpt\">\n\t\t\t<p>LA DIFF\u00c9RENCE ENTRE LES VITRES DE FOYER EN PYRO-C\u00c9RAMIQUE ET EN VERRE TREMP\u00c9 Les vitres en pyro-c\u00e9ramique et les vitres en verre tremp\u00e9 sont deux<\/p>\n\t\t<\/div>\n\t\t\n\t\t<a class=\"elementor-post__read-more\" href=\"https:\/\/staging.belleflamme.ca\/fr\/la-difference-entre-les-vitres-de-foyer-en-pyro-ceramique-et-en-verre-trempe\/\" aria-label=\"En savoir plus sur LA DIFF\u00c9RENCE ENTRE LES VITRES DE FOYER EN PYRO-C\u00c9RAMIQUE ET EN VERRE TREMP\u00c9\" tabindex=\"-1\" >\n\t\t\tLire la suite \u00bb\t\t<\/a>\n\n\t\t\t\t<\/div>\n\t\t\t\t<\/article>\n\t\t\t\t<article class=\"elementor-post elementor-grid-item post-37585 post type-post status-publish format-standard has-post-thumbnail hentry category-non-classifiee\">\n\t\t\t\t<a class=\"elementor-post__thumbnail__link\" href=\"https:\/\/staging.belleflamme.ca\/fr\/pourquoi-lentretiens-dun-foyer-au-gaz-est-necessaire\/\" tabindex=\"-1\" >\n\t\t\t<div class=\"elementor-post__thumbnail\"><img loading=\"lazy\" decoding=\"async\" width=\"300\" height=\"300\" src=\"https:\/\/staging.belleflamme.ca\/wp-content\/uploads\/2024\/05\/Install-9-300x300.jpg\" class=\"attachment-medium size-medium wp-image-37588\" alt=\"maintenance foyer au gaz\" srcset=\"https:\/\/staging.belleflamme.ca\/wp-content\/uploads\/2024\/05\/Install-9-300x300.jpg 300w, https:\/\/staging.belleflamme.ca\/wp-content\/uploads\/2024\/05\/Install-9-150x150.jpg 150w, https:\/\/staging.belleflamme.ca\/wp-content\/uploads\/2024\/05\/Install-9-100x100.jpg 100w, https:\/\/staging.belleflamme.ca\/wp-content\/uploads\/2024\/05\/Install-9.jpg 600w\" sizes=\"(max-width: 300px) 100vw, 300px\" \/><\/div>\n\t\t<\/a>\n\t\t\t\t<div class=\"elementor-post__text\">\n\t\t\t\t<h3 class=\"elementor-post__title\">\n\t\t\t<a href=\"https:\/\/staging.belleflamme.ca\/fr\/pourquoi-lentretiens-dun-foyer-au-gaz-est-necessaire\/\" >\n\t\t\t\tPOURQUOI L\u2019ENTRETIEN D\u2019UN FOYER AU GAZ EST N\u00c9CESSAIRE ?\t\t\t<\/a>\n\t\t<\/h3>\n\t\t\t\t<div class=\"elementor-post__meta-data\">\n\t\t\t\t\t<span class=\"elementor-post-date\">\n\t\t\t13 mai 2024\t\t<\/span>\n\t\t\t\t<\/div>\n\t\t\t\t<div class=\"elementor-post__excerpt\">\n\t\t\t<p>POURQUOI L&#8217;ENTRETIEN D\u2019UN FOYER AU GAZ EST N\u00c9CESSAIRE ? L&#8217;entretien r\u00e9gulier d&#8217;un foyer au gaz est essentiel pour plusieurs raisons importantes : S\u00e9curit\u00e9 : L&#8217;entretien<\/p>\n\t\t<\/div>\n\t\t\n\t\t<a class=\"elementor-post__read-more\" href=\"https:\/\/staging.belleflamme.ca\/fr\/pourquoi-lentretiens-dun-foyer-au-gaz-est-necessaire\/\" aria-label=\"En savoir plus sur POURQUOI L\u2019ENTRETIEN D\u2019UN FOYER AU GAZ EST N\u00c9CESSAIRE ?\" tabindex=\"-1\" >\n\t\t\tLire la suite \u00bb\t\t<\/a>\n\n\t\t\t\t<\/div>\n\t\t\t\t<\/article>\n\t\t\t\t<article class=\"elementor-post elementor-grid-item post-736 post type-post status-publish format-standard has-post-thumbnail hentry category-non-classifiee\">\n\t\t\t\t<a class=\"elementor-post__thumbnail__link\" href=\"https:\/\/staging.belleflamme.ca\/fr\/votre-condo-est-il-a-risque-dincendie\/\" tabindex=\"-1\" >\n\t\t\t<div class=\"elementor-post__thumbnail\"><img loading=\"lazy\" decoding=\"async\" width=\"300\" height=\"169\" src=\"https:\/\/staging.belleflamme.ca\/wp-content\/uploads\/2023\/01\/f2c4a3df-18fb-48d5-afce-6d458f92d185_1920x1080-300x169.jpg\" class=\"attachment-medium size-medium wp-image-3905\" alt=\"\" srcset=\"https:\/\/staging.belleflamme.ca\/wp-content\/uploads\/2023\/01\/f2c4a3df-18fb-48d5-afce-6d458f92d185_1920x1080-300x169.jpg 300w, https:\/\/staging.belleflamme.ca\/wp-content\/uploads\/2023\/01\/f2c4a3df-18fb-48d5-afce-6d458f92d185_1920x1080-900x506.jpg 900w, https:\/\/staging.belleflamme.ca\/wp-content\/uploads\/2023\/01\/f2c4a3df-18fb-48d5-afce-6d458f92d185_1920x1080-1024x576.jpg 1024w, https:\/\/staging.belleflamme.ca\/wp-content\/uploads\/2023\/01\/f2c4a3df-18fb-48d5-afce-6d458f92d185_1920x1080-768x432.jpg 768w, https:\/\/staging.belleflamme.ca\/wp-content\/uploads\/2023\/01\/f2c4a3df-18fb-48d5-afce-6d458f92d185_1920x1080-1536x864.jpg 1536w, https:\/\/staging.belleflamme.ca\/wp-content\/uploads\/2023\/01\/f2c4a3df-18fb-48d5-afce-6d458f92d185_1920x1080.jpg 1920w\" sizes=\"(max-width: 300px) 100vw, 300px\" \/><\/div>\n\t\t<\/a>\n\t\t\t\t<div class=\"elementor-post__text\">\n\t\t\t\t<h3 class=\"elementor-post__title\">\n\t\t\t<a href=\"https:\/\/staging.belleflamme.ca\/fr\/votre-condo-est-il-a-risque-dincendie\/\" >\n\t\t\t\tVotre condo est-il \u00e0 risque d\u2019incendie?\t\t\t<\/a>\n\t\t<\/h3>\n\t\t\t\t<div class=\"elementor-post__meta-data\">\n\t\t\t\t\t<span class=\"elementor-post-date\">\n\t\t\t19 janvier 2023\t\t<\/span>\n\t\t\t\t<\/div>\n\t\t\t\t<div class=\"elementor-post__excerpt\">\n\t\t\t<p>Votre condo est-il \u00e0 risque d\u2019incendie? Votre condo est-il \u00e0 risque d\u2019incendie? Les propri\u00e9taires de condos ayant \u00e9t\u00e9 construits dans les ann\u00e9es 80 sont bien<\/p>\n\t\t<\/div>\n\t\t\n\t\t<a class=\"elementor-post__read-more\" href=\"https:\/\/staging.belleflamme.ca\/fr\/votre-condo-est-il-a-risque-dincendie\/\" aria-label=\"En savoir plus sur Votre condo est-il \u00e0 risque d\u2019incendie?\" tabindex=\"-1\" >\n\t\t\tLire la suite \u00bb\t\t<\/a>\n\n\t\t\t\t<\/div>\n\t\t\t\t<\/article>\n\t\t\t\t<\/div>\n\t\t\n\t\t\t\t\t\t<\/div>\n\t\t\t\t<\/div>\n\t\t\t\t\t<\/div>\n\t\t<\/div>\n\t\t\t\t\t<\/div>\n\t\t<\/section>\n\t\t\t\t<\/div>\n\t\t","protected":false},"excerpt":{"rendered":"","protected":false},"author":1,"featured_media":0,"parent":0,"menu_order":0,"comment_status":"closed","ping_status":"closed","template":"elementor_header_footer","meta":{"inline_featured_image":false,"footnotes":""},"class_list":["post-3902","page","type-page","status-publish","hentry"],"yoast_head":"<!-- This site is optimized with the Yoast SEO Premium plugin v24.2 (Yoast SEO v24.2) - https:\/\/yoast.com\/wordpress\/plugins\/seo\/ -->\n<title>Blogue - Groupe BelleFlamme<\/title>\n<meta name=\"description\" content=\"Blogue vendu et install\u00e9 par le Groupe Belleflamme. Laval, Montr\u00e9al, Gatineau, Drummondville et Saint-Sauveur.\" \/>\n<meta name=\"robots\" content=\"index, follow, max-snippet:-1, max-image-preview:large, max-video-preview:-1\" \/>\n<link rel=\"canonical\" href=\"https:\/\/staging.belleflamme.ca\/fr\/blogue\/\" \/>\n<meta property=\"og:locale\" content=\"fr_FR\" \/>\n<meta property=\"og:type\" content=\"article\" \/>\n<meta property=\"og:title\" content=\"Blogue\" \/>\n<meta property=\"og:description\" content=\"Blogue vendu et install\u00e9 par le Groupe Belleflamme. Laval, Montr\u00e9al, Gatineau, Drummondville et Saint-Sauveur.\" \/>\n<meta property=\"og:url\" content=\"https:\/\/staging.belleflamme.ca\/fr\/blogue\/\" \/>\n<meta property=\"og:site_name\" content=\"Groupe BelleFlamme\" \/>\n<meta property=\"article:publisher\" content=\"https:\/\/www.facebook.com\/belleflamme.ca\/\" \/>\n<meta property=\"article:modified_time\" content=\"2023-03-24T12:45:17+00:00\" \/>\n<meta property=\"og:image\" content=\"https:\/\/staging.belleflamme.ca\/wp-content\/uploads\/2023\/01\/og-image.jpg\" \/>\n\t<meta property=\"og:image:width\" content=\"1200\" \/>\n\t<meta property=\"og:image:height\" content=\"630\" \/>\n\t<meta property=\"og:image:type\" content=\"image\/jpeg\" \/>\n<meta name=\"twitter:card\" content=\"summary_large_image\" \/>\n<meta name=\"twitter:label1\" content=\"Dur\u00e9e de lecture estim\u00e9e\" \/>\n\t<meta name=\"twitter:data1\" content=\"1 minute\" \/>\n<script type=\"application\/ld+json\" class=\"yoast-schema-graph\">{\"@context\":\"https:\/\/schema.org\",\"@graph\":[{\"@type\":\"WebPage\",\"@id\":\"https:\/\/staging.belleflamme.ca\/fr\/blogue\/\",\"url\":\"https:\/\/staging.belleflamme.ca\/fr\/blogue\/\",\"name\":\"Blogue - Groupe BelleFlamme\",\"isPartOf\":{\"@id\":\"https:\/\/www.belleflamme.ca\/fr\/#website\"},\"datePublished\":\"2023-02-12T20:50:16+00:00\",\"dateModified\":\"2023-03-24T12:45:17+00:00\",\"description\":\"Blogue [get_meta_en_fr]\",\"breadcrumb\":{\"@id\":\"https:\/\/staging.belleflamme.ca\/fr\/blogue\/#breadcrumb\"},\"inLanguage\":\"fr-FR\",\"potentialAction\":[{\"@type\":\"ReadAction\",\"target\":[\"https:\/\/staging.belleflamme.ca\/fr\/blogue\/\"]}]},{\"@type\":\"BreadcrumbList\",\"@id\":\"https:\/\/staging.belleflamme.ca\/fr\/blogue\/#breadcrumb\",\"itemListElement\":[{\"@type\":\"ListItem\",\"position\":1,\"name\":\"Accueil\",\"item\":\"https:\/\/www.belleflamme.ca\/fr\/\"},{\"@type\":\"ListItem\",\"position\":2,\"name\":\"Blogue\"}]},{\"@type\":\"WebSite\",\"@id\":\"https:\/\/www.belleflamme.ca\/fr\/#website\",\"url\":\"https:\/\/www.belleflamme.ca\/fr\/\",\"name\":\"Groupe Belleflamme\",\"description\":\"La m\u00e9canique du b\u00e2timent dans le sang.\",\"publisher\":{\"@id\":\"https:\/\/www.belleflamme.ca\/fr\/#organization\"},\"potentialAction\":[{\"@type\":\"SearchAction\",\"target\":{\"@type\":\"EntryPoint\",\"urlTemplate\":\"https:\/\/www.belleflamme.ca\/fr\/?s={search_term_string}\"},\"query-input\":{\"@type\":\"PropertyValueSpecification\",\"valueRequired\":true,\"valueName\":\"search_term_string\"}}],\"inLanguage\":\"fr-FR\"},{\"@type\":[\"Organization\",\"Place\"],\"@id\":\"https:\/\/www.belleflamme.ca\/fr\/#organization\",\"name\":\"Groupe Belleflamme\",\"alternateName\":\"Belleflamme\",\"url\":\"https:\/\/www.belleflamme.ca\/fr\/\",\"logo\":{\"@type\":\"ImageObject\",\"inLanguage\":\"fr-FR\",\"@id\":\"https:\/\/www.belleflamme.ca\/fr\/#\/schema\/logo\/image\/\",\"url\":\"https:\/\/staging.belleflamme.ca\/wp-content\/uploads\/2023\/01\/og-image.jpg\",\"contentUrl\":\"https:\/\/staging.belleflamme.ca\/wp-content\/uploads\/2023\/01\/og-image.jpg\",\"width\":1200,\"height\":630,\"caption\":\"Groupe Belleflamme\"},\"image\":{\"@id\":\"https:\/\/www.belleflamme.ca\/fr\/#\/schema\/logo\/image\/\"},\"sameAs\":[\"https:\/\/www.facebook.com\/belleflamme.ca\/\",\"https:\/\/www.linkedin.com\/company\/belleflamme\/\",\"https:\/\/www.pinterest.ca\/groupebelleflamme\/\",\"https:\/\/www.instagram.com\/legroupebelleflamme\/\"],\"mainEntityOfPage\":{\"@id\":\"https:\/\/staging.belleflamme.ca\/fr\/blogue\/\"}}]}<\/script>\n<!-- \/ Yoast SEO Premium plugin. -->","yoast_head_json":{"title":"Blogue - Groupe BelleFlamme","description":"Blogue vendu et install\u00e9 par le Groupe Belleflamme. Laval, Montr\u00e9al, Gatineau, Drummondville et Saint-Sauveur.","robots":{"index":"index","follow":"follow","max-snippet":"max-snippet:-1","max-image-preview":"max-image-preview:large","max-video-preview":"max-video-preview:-1"},"canonical":"https:\/\/staging.belleflamme.ca\/fr\/blogue\/","og_locale":"fr_FR","og_type":"article","og_title":"Blogue","og_description":"Blogue vendu et install\u00e9 par le Groupe Belleflamme. Laval, Montr\u00e9al, Gatineau, Drummondville et Saint-Sauveur.","og_url":"https:\/\/staging.belleflamme.ca\/fr\/blogue\/","og_site_name":"Groupe BelleFlamme","article_publisher":"https:\/\/www.facebook.com\/belleflamme.ca\/","article_modified_time":"2023-03-24T12:45:17+00:00","og_image":[{"width":1200,"height":630,"url":"https:\/\/staging.belleflamme.ca\/wp-content\/uploads\/2023\/01\/og-image.jpg","type":"image\/jpeg"}],"twitter_card":"summary_large_image","twitter_misc":{"Dur\u00e9e de lecture estim\u00e9e":"1 minute"},"schema":{"@context":"https:\/\/schema.org","@graph":[{"@type":"WebPage","@id":"https:\/\/staging.belleflamme.ca\/fr\/blogue\/","url":"https:\/\/staging.belleflamme.ca\/fr\/blogue\/","name":"Blogue - Groupe BelleFlamme","isPartOf":{"@id":"https:\/\/www.belleflamme.ca\/fr\/#website"},"datePublished":"2023-02-12T20:50:16+00:00","dateModified":"2023-03-24T12:45:17+00:00","description":"Blogue [get_meta_en_fr]","breadcrumb":{"@id":"https:\/\/staging.belleflamme.ca\/fr\/blogue\/#breadcrumb"},"inLanguage":"fr-FR","potentialAction":[{"@type":"ReadAction","target":["https:\/\/staging.belleflamme.ca\/fr\/blogue\/"]}]},{"@type":"BreadcrumbList","@id":"https:\/\/staging.belleflamme.ca\/fr\/blogue\/#breadcrumb","itemListElement":[{"@type":"ListItem","position":1,"name":"Accueil","item":"https:\/\/www.belleflamme.ca\/fr\/"},{"@type":"ListItem","position":2,"name":"Blogue"}]},{"@type":"WebSite","@id":"https:\/\/www.belleflamme.ca\/fr\/#website","url":"https:\/\/www.belleflamme.ca\/fr\/","name":"Groupe Belleflamme","description":"La m\u00e9canique du b\u00e2timent dans le sang.","publisher":{"@id":"https:\/\/www.belleflamme.ca\/fr\/#organization"},"potentialAction":[{"@type":"SearchAction","target":{"@type":"EntryPoint","urlTemplate":"https:\/\/www.belleflamme.ca\/fr\/?s={search_term_string}"},"query-input":{"@type":"PropertyValueSpecification","valueRequired":true,"valueName":"search_term_string"}}],"inLanguage":"fr-FR"},{"@type":["Organization","Place"],"@id":"https:\/\/www.belleflamme.ca\/fr\/#organization","name":"Groupe Belleflamme","alternateName":"Belleflamme","url":"https:\/\/www.belleflamme.ca\/fr\/","logo":{"@type":"ImageObject","inLanguage":"fr-FR","@id":"https:\/\/www.belleflamme.ca\/fr\/#\/schema\/logo\/image\/","url":"https:\/\/staging.belleflamme.ca\/wp-content\/uploads\/2023\/01\/og-image.jpg","contentUrl":"https:\/\/staging.belleflamme.ca\/wp-content\/uploads\/2023\/01\/og-image.jpg","width":1200,"height":630,"caption":"Groupe Belleflamme"},"image":{"@id":"https:\/\/www.belleflamme.ca\/fr\/#\/schema\/logo\/image\/"},"sameAs":["https:\/\/www.facebook.com\/belleflamme.ca\/","https:\/\/www.linkedin.com\/company\/belleflamme\/","https:\/\/www.pinterest.ca\/groupebelleflamme\/","https:\/\/www.instagram.com\/legroupebelleflamme\/"],"mainEntityOfPage":{"@id":"https:\/\/staging.belleflamme.ca\/fr\/blogue\/"}}]}},"_links":{"self":[{"href":"https:\/\/staging.belleflamme.ca\/fr\/wp-json\/wp\/v2\/pages\/3902","targetHints":{"allow":["GET"]}}],"collection":[{"href":"https:\/\/staging.belleflamme.ca\/fr\/wp-json\/wp\/v2\/pages"}],"about":[{"href":"https:\/\/staging.belleflamme.ca\/fr\/wp-json\/wp\/v2\/types\/page"}],"author":[{"embeddable":true,"href":"https:\/\/staging.belleflamme.ca\/fr\/wp-json\/wp\/v2\/users\/1"}],"replies":[{"embeddable":true,"href":"https:\/\/staging.belleflamme.ca\/fr\/wp-json\/wp\/v2\/comments?post=3902"}],"version-history":[{"count":5,"href":"https:\/\/staging.belleflamme.ca\/fr\/wp-json\/wp\/v2\/pages\/3902\/revisions"}],"predecessor-version":[{"id":8881,"href":"https:\/\/staging.belleflamme.ca\/fr\/wp-json\/wp\/v2\/pages\/3902\/revisions\/8881"}],"wp:attachment":[{"href":"https:\/\/staging.belleflamme.ca\/fr\/wp-json\/wp\/v2\/media?parent=3902"}],"curies":[{"name":"wp","href":"https:\/\/api.w.org\/{rel}","templated":true}]}}