{"id":341,"date":"2023-01-15T21:14:11","date_gmt":"2023-01-16T02:14:11","guid":{"rendered":"https:\/\/www.belleflamme.ca\/?page_id=341"},"modified":"2023-04-14T12:42:54","modified_gmt":"2023-04-14T16:42:54","slug":"histoire-belleflamme","status":"publish","type":"page","link":"https:\/\/staging.belleflamme.ca\/fr\/histoire-belleflamme\/","title":{"rendered":"Histoire"},"content":{"rendered":"\t\t<div data-elementor-type=\"wp-page\" data-elementor-id=\"341\" class=\"elementor elementor-341\" data-elementor-post-type=\"page\">\n\t\t\t\t\t\t<section class=\"elementor-section elementor-top-section elementor-element elementor-element-4761064 elementor-section-content-middle elementor-section-full_width elementor-reverse-mobile elementor-reverse-tablet elementor-section-height-default elementor-section-height-default\" data-id=\"4761064\" data-element_type=\"section\">\n\t\t\t\t\t\t<div class=\"elementor-container elementor-column-gap-no\">\n\t\t\t\t\t<div class=\"elementor-column elementor-col-50 elementor-top-column elementor-element elementor-element-239112c9\" data-id=\"239112c9\" data-element_type=\"column\">\n\t\t\t<div class=\"elementor-widget-wrap elementor-element-populated\">\n\t\t\t\t\t\t<div class=\"elementor-element elementor-element-50d75b8e elementor-widget elementor-widget-image\" data-id=\"50d75b8e\" data-element_type=\"widget\" data-widget_type=\"image.default\">\n\t\t\t\t<div class=\"elementor-widget-container\">\n\t\t\t\t\t\t\t\t\t\t\t\t\t\t\t<img fetchpriority=\"high\" decoding=\"async\" width=\"500\" height=\"625\" src=\"https:\/\/staging.belleflamme.ca\/wp-content\/uploads\/2023\/01\/histoire.webp\" class=\"attachment-large size-large wp-image-413\" alt=\"histoire\" srcset=\"https:\/\/staging.belleflamme.ca\/wp-content\/uploads\/2023\/01\/histoire.webp 500w, https:\/\/staging.belleflamme.ca\/wp-content\/uploads\/2023\/01\/histoire-240x300.webp 240w\" sizes=\"(max-width: 500px) 100vw, 500px\" \/>\t\t\t\t\t\t\t\t\t\t\t\t\t\t\t<\/div>\n\t\t\t\t<\/div>\n\t\t\t\t\t<\/div>\n\t\t<\/div>\n\t\t\t\t<div class=\"elementor-column elementor-col-50 elementor-top-column elementor-element elementor-element-1f02d5e4\" data-id=\"1f02d5e4\" data-element_type=\"column\">\n\t\t\t<div class=\"elementor-widget-wrap elementor-element-populated\">\n\t\t\t\t\t\t<div class=\"elementor-element elementor-element-159723dd elementor-widget elementor-widget-heading\" data-id=\"159723dd\" data-element_type=\"widget\" data-widget_type=\"heading.default\">\n\t\t\t\t<div class=\"elementor-widget-container\">\n\t\t\t\t\t<h1 class=\"elementor-heading-title elementor-size-default\">Une histoire de familles<\/h1>\t\t\t\t<\/div>\n\t\t\t\t<\/div>\n\t\t\t\t<div class=\"elementor-element elementor-element-146d2c04 elementor-widget elementor-widget-text-editor\" data-id=\"146d2c04\" data-element_type=\"widget\" data-widget_type=\"text-editor.default\">\n\t\t\t\t<div class=\"elementor-widget-container\">\n\t\t\t\t\t\t\t\t\t<p>Belleflamme a vu le jour il y a 10 ans dans la r\u00e9gion de Sainte-Rose, \u00e0 Laval. L&#8217;entreprise op\u00e9rait alors sous la banni\u00e8re Entreprise LG, \u00e0 ce moment-l\u00e0 sp\u00e9cialis\u00e9e uniquement dans la vente de foyers de tous genres. Ayant d&#8217;abord travaill\u00e9 pour son beau-p\u00e8re Lance Gu\u00e9vin chez Entreprise LG, Michael Maisonneuve devient associ\u00e9 en 2010 et renomme l&#8217;entreprise &#8220;Belleflamme&#8221;.<\/p><p>Son fr\u00e8re, Karl Maisonneuve, rejoint l&#8217;entreprise familiale en 2016 pour occuper le poste de contr\u00f4leur. Depuis, en plus d&#8217;offrir les services de vente et d&#8217;installation de foyers et BBQ haut de gamme, Belleflamme a d\u00e9velopp\u00e9 d&#8217;autres divisions, soit la climatisation, le chauffage et la plomberie.<\/p><p>Jean-S\u00e9bastien Doucet se joint \u00e0 l&#8217;\u00e9quipe de Belleflamme en 2016 et prend en charge le d\u00e9partement de la ventilation et de la climatisation. En janvier 2021, une nouvelle location ouvre ses portes \u00e0 Saint-Sauveur, dans les Laurentides, o\u00f9 les clients peuvent trouver des accessoires de chauffage, climatisation et de produits ext\u00e9rieurs (BBQ, foyers d&#8217;ext\u00e9rieur, etc).<\/p>\t\t\t\t\t\t\t\t<\/div>\n\t\t\t\t<\/div>\n\t\t\t\t\t<\/div>\n\t\t<\/div>\n\t\t\t\t\t<\/div>\n\t\t<\/section>\n\t\t\t\t<section class=\"elementor-section elementor-top-section elementor-element elementor-element-71469243 elementor-section-content-middle elementor-reverse-tablet elementor-reverse-mobile elementor-section-boxed elementor-section-height-default elementor-section-height-default\" data-id=\"71469243\" data-element_type=\"section\">\n\t\t\t\t\t\t<div class=\"elementor-container elementor-column-gap-no\">\n\t\t\t\t\t<div class=\"elementor-column elementor-col-100 elementor-top-column elementor-element elementor-element-481e9c05\" data-id=\"481e9c05\" data-element_type=\"column\">\n\t\t\t<div class=\"elementor-widget-wrap elementor-element-populated\">\n\t\t\t\t\t\t<div class=\"elementor-element elementor-element-3626a06 elementor-widget elementor-widget-heading\" data-id=\"3626a06\" data-element_type=\"widget\" data-widget_type=\"heading.default\">\n\t\t\t\t<div class=\"elementor-widget-container\">\n\t\t\t\t\t<h3 class=\"elementor-heading-title elementor-size-default\">Une \u00e9quipe qui a \u00e0 coeur vos besoins<\/h3>\t\t\t\t<\/div>\n\t\t\t\t<\/div>\n\t\t\t\t<div class=\"elementor-element elementor-element-7541c6dc elementor-widget elementor-widget-text-editor\" data-id=\"7541c6dc\" data-element_type=\"widget\" data-widget_type=\"text-editor.default\">\n\t\t\t\t<div class=\"elementor-widget-container\">\n\t\t\t\t\t\t\t\t\t<p>Chez BelleFlamme nous avons form\u00e9 une \u00e9quipe qui n&#8217;a qu&#8217;un seul but, vous satisfaire. Apprenez-en un peu plus sur nous.<\/p>\t\t\t\t\t\t\t\t<\/div>\n\t\t\t\t<\/div>\n\t\t\t\t<div class=\"elementor-element elementor-element-6390d6b0 elementor-align-center elementor-mobile-align-center elementor-widget elementor-widget-button\" data-id=\"6390d6b0\" data-element_type=\"widget\" data-widget_type=\"button.default\">\n\t\t\t\t<div class=\"elementor-widget-container\">\n\t\t\t\t\t\t\t\t\t<div class=\"elementor-button-wrapper\">\n\t\t\t\t\t<a class=\"elementor-button elementor-button-link elementor-size-sm\" href=\"\/equipe\/\">\n\t\t\t\t\t\t<span class=\"elementor-button-content-wrapper\">\n\t\t\t\t\t\t\t\t\t<span class=\"elementor-button-text\">Notre \u00e9quipe<\/span>\n\t\t\t\t\t<\/span>\n\t\t\t\t\t<\/a>\n\t\t\t\t<\/div>\n\t\t\t\t\t\t\t\t<\/div>\n\t\t\t\t<\/div>\n\t\t\t\t\t<\/div>\n\t\t<\/div>\n\t\t\t\t\t<\/div>\n\t\t<\/section>\n\t\t\t\t<\/div>\n\t\t","protected":false},"excerpt":{"rendered":"<p>Une histoire de familles Belleflamme a vu le jour il y a 10 ans dans la r\u00e9gion de Sainte-Rose, \u00e0 Laval. L&#8217;entreprise op\u00e9rait alors sous la banni\u00e8re Entreprise LG, \u00e0 ce moment-l\u00e0 sp\u00e9cialis\u00e9e uniquement dans la vente de foyers de tous genres. Ayant d&#8217;abord travaill\u00e9 pour son beau-p\u00e8re Lance Gu\u00e9vin chez Entreprise LG, Michael Maisonneuve [&hellip;]<\/p>\n","protected":false},"author":1,"featured_media":0,"parent":0,"menu_order":0,"comment_status":"closed","ping_status":"closed","template":"elementor_header_footer","meta":{"inline_featured_image":false,"footnotes":""},"class_list":["post-341","page","type-page","status-publish","hentry"],"yoast_head":"<!-- This site is optimized with the Yoast SEO Premium plugin v24.2 (Yoast SEO v24.2) - https:\/\/yoast.com\/wordpress\/plugins\/seo\/ -->\n<title>Histoire - Groupe BelleFlamme<\/title>\n<meta name=\"description\" content=\"BelleFlamme a vu le jour il y a 10 ans dans la r\u00e9gion de Sainte-Rose, \u00e0 Laval. L&#039;entreprise op\u00e8re sous la banni\u00e8re Entreprise LG, \u00e0 ce moment-l\u00e0 sp\u00e9cialis\u00e9e uniquement dans la vente de foyers de tous genres. Ayant d&#039;abord travaill\u00e9 pour son beau-p\u00e8re Lance Gu\u00e9vin \u00e0 Entreprise LG.\" \/>\n<meta name=\"robots\" content=\"index, follow, max-snippet:-1, max-image-preview:large, max-video-preview:-1\" \/>\n<link rel=\"canonical\" href=\"https:\/\/staging.belleflamme.ca\/fr\/histoire-belleflamme\/\" \/>\n<meta property=\"og:locale\" content=\"fr_FR\" \/>\n<meta property=\"og:type\" content=\"article\" \/>\n<meta property=\"og:title\" content=\"Histoire | BelleFlamme\" \/>\n<meta property=\"og:description\" content=\"BelleFlamme a vu le jour il y a 10 ans dans la r\u00e9gion de Sainte-Rose, \u00e0 Laval. L&#039;entreprise op\u00e8re sous la banni\u00e8re Entreprise LG, \u00e0 ce moment-l\u00e0 sp\u00e9cialis\u00e9e uniquement dans la vente de foyers de tous genres. Ayant d&#039;abord travaill\u00e9 pour son beau-p\u00e8re Lance Gu\u00e9vin \u00e0 Entreprise LG.\" \/>\n<meta property=\"og:url\" content=\"https:\/\/staging.belleflamme.ca\/fr\/histoire-belleflamme\/\" \/>\n<meta property=\"og:site_name\" content=\"Groupe BelleFlamme\" \/>\n<meta property=\"article:publisher\" content=\"https:\/\/www.facebook.com\/belleflamme.ca\/\" \/>\n<meta property=\"article:modified_time\" content=\"2023-04-14T16:42:54+00:00\" \/>\n<meta property=\"og:image\" content=\"https:\/\/www.belleflamme.ca\/wp-content\/uploads\/2023\/01\/og-image.jpg\" \/>\n\t<meta property=\"og:image:width\" content=\"1200\" \/>\n\t<meta property=\"og:image:height\" content=\"630\" \/>\n\t<meta property=\"og:image:type\" content=\"image\/jpeg\" \/>\n<meta name=\"twitter:card\" content=\"summary_large_image\" \/>\n<meta name=\"twitter:title\" content=\"Histoire | BelleFlamme\" \/>\n<meta name=\"twitter:description\" content=\"BelleFlamme a vu le jour il y a 10 ans dans la r\u00e9gion de Sainte-Rose, \u00e0 Laval. L&#039;entreprise op\u00e8re sous la banni\u00e8re Entreprise LG, \u00e0 ce moment-l\u00e0 sp\u00e9cialis\u00e9e uniquement dans la vente de foyers de tous genres. Ayant d&#039;abord travaill\u00e9 pour son beau-p\u00e8re Lance Gu\u00e9vin \u00e0 Entreprise LG.\" \/>\n<meta name=\"twitter:image\" content=\"https:\/\/staging.belleflamme.ca\/wp-content\/uploads\/2023\/01\/og-image.jpg\" \/>\n<meta name=\"twitter:label1\" content=\"Dur\u00e9e de lecture estim\u00e9e\" \/>\n\t<meta name=\"twitter:data1\" content=\"2 minutes\" \/>\n<script type=\"application\/ld+json\" class=\"yoast-schema-graph\">{\"@context\":\"https:\/\/schema.org\",\"@graph\":[{\"@type\":\"WebPage\",\"@id\":\"https:\/\/staging.belleflamme.ca\/fr\/histoire-belleflamme\/\",\"url\":\"https:\/\/staging.belleflamme.ca\/fr\/histoire-belleflamme\/\",\"name\":\"Histoire - Groupe BelleFlamme\",\"isPartOf\":{\"@id\":\"https:\/\/www.belleflamme.ca\/fr\/#website\"},\"primaryImageOfPage\":{\"@id\":\"https:\/\/staging.belleflamme.ca\/fr\/histoire-belleflamme\/#primaryimage\"},\"image\":{\"@id\":\"https:\/\/staging.belleflamme.ca\/fr\/histoire-belleflamme\/#primaryimage\"},\"thumbnailUrl\":\"https:\/\/www.belleflamme.ca\/wp-content\/uploads\/2023\/01\/histoire.webp\",\"datePublished\":\"2023-01-16T02:14:11+00:00\",\"dateModified\":\"2023-04-14T16:42:54+00:00\",\"description\":\"BelleFlamme a vu le jour il y a 10 ans dans la r\u00e9gion de Sainte-Rose, \u00e0 Laval. L'entreprise op\u00e8re sous la banni\u00e8re Entreprise LG, \u00e0 ce moment-l\u00e0 sp\u00e9cialis\u00e9e uniquement dans la vente de foyers de tous genres. Ayant d'abord travaill\u00e9 pour son beau-p\u00e8re Lance Gu\u00e9vin \u00e0 Entreprise LG.\",\"breadcrumb\":{\"@id\":\"https:\/\/staging.belleflamme.ca\/fr\/histoire-belleflamme\/#breadcrumb\"},\"inLanguage\":\"fr-FR\",\"potentialAction\":[{\"@type\":\"ReadAction\",\"target\":[\"https:\/\/staging.belleflamme.ca\/fr\/histoire-belleflamme\/\"]}]},{\"@type\":\"ImageObject\",\"inLanguage\":\"fr-FR\",\"@id\":\"https:\/\/staging.belleflamme.ca\/fr\/histoire-belleflamme\/#primaryimage\",\"url\":\"https:\/\/www.belleflamme.ca\/wp-content\/uploads\/2023\/01\/histoire.webp\",\"contentUrl\":\"https:\/\/www.belleflamme.ca\/wp-content\/uploads\/2023\/01\/histoire.webp\"},{\"@type\":\"BreadcrumbList\",\"@id\":\"https:\/\/staging.belleflamme.ca\/fr\/histoire-belleflamme\/#breadcrumb\",\"itemListElement\":[{\"@type\":\"ListItem\",\"position\":1,\"name\":\"Accueil\",\"item\":\"https:\/\/www.belleflamme.ca\/fr\/\"},{\"@type\":\"ListItem\",\"position\":2,\"name\":\"Histoire\"}]},{\"@type\":\"WebSite\",\"@id\":\"https:\/\/www.belleflamme.ca\/fr\/#website\",\"url\":\"https:\/\/www.belleflamme.ca\/fr\/\",\"name\":\"Groupe Belleflamme\",\"description\":\"La m\u00e9canique du b\u00e2timent dans le sang.\",\"publisher\":{\"@id\":\"https:\/\/www.belleflamme.ca\/fr\/#organization\"},\"potentialAction\":[{\"@type\":\"SearchAction\",\"target\":{\"@type\":\"EntryPoint\",\"urlTemplate\":\"https:\/\/www.belleflamme.ca\/fr\/?s={search_term_string}\"},\"query-input\":{\"@type\":\"PropertyValueSpecification\",\"valueRequired\":true,\"valueName\":\"search_term_string\"}}],\"inLanguage\":\"fr-FR\"},{\"@type\":[\"Organization\",\"Place\"],\"@id\":\"https:\/\/www.belleflamme.ca\/fr\/#organization\",\"name\":\"Groupe Belleflamme\",\"alternateName\":\"Belleflamme\",\"url\":\"https:\/\/www.belleflamme.ca\/fr\/\",\"logo\":{\"@type\":\"ImageObject\",\"inLanguage\":\"fr-FR\",\"@id\":\"https:\/\/www.belleflamme.ca\/fr\/#\/schema\/logo\/image\/\",\"url\":\"https:\/\/staging.belleflamme.ca\/wp-content\/uploads\/2023\/01\/og-image.jpg\",\"contentUrl\":\"https:\/\/staging.belleflamme.ca\/wp-content\/uploads\/2023\/01\/og-image.jpg\",\"width\":1200,\"height\":630,\"caption\":\"Groupe Belleflamme\"},\"image\":{\"@id\":\"https:\/\/www.belleflamme.ca\/fr\/#\/schema\/logo\/image\/\"},\"sameAs\":[\"https:\/\/www.facebook.com\/belleflamme.ca\/\",\"https:\/\/www.linkedin.com\/company\/belleflamme\/\",\"https:\/\/www.pinterest.ca\/groupebelleflamme\/\",\"https:\/\/www.instagram.com\/legroupebelleflamme\/\"],\"mainEntityOfPage\":{\"@id\":\"https:\/\/staging.belleflamme.ca\/fr\/histoire-belleflamme\/\"}}]}<\/script>\n<!-- \/ Yoast SEO Premium plugin. -->","yoast_head_json":{"title":"Histoire - Groupe BelleFlamme","description":"BelleFlamme a vu le jour il y a 10 ans dans la r\u00e9gion de Sainte-Rose, \u00e0 Laval. L'entreprise op\u00e8re sous la banni\u00e8re Entreprise LG, \u00e0 ce moment-l\u00e0 sp\u00e9cialis\u00e9e uniquement dans la vente de foyers de tous genres. Ayant d'abord travaill\u00e9 pour son beau-p\u00e8re Lance Gu\u00e9vin \u00e0 Entreprise LG.","robots":{"index":"index","follow":"follow","max-snippet":"max-snippet:-1","max-image-preview":"max-image-preview:large","max-video-preview":"max-video-preview:-1"},"canonical":"https:\/\/staging.belleflamme.ca\/fr\/histoire-belleflamme\/","og_locale":"fr_FR","og_type":"article","og_title":"Histoire | BelleFlamme","og_description":"BelleFlamme a vu le jour il y a 10 ans dans la r\u00e9gion de Sainte-Rose, \u00e0 Laval. L'entreprise op\u00e8re sous la banni\u00e8re Entreprise LG, \u00e0 ce moment-l\u00e0 sp\u00e9cialis\u00e9e uniquement dans la vente de foyers de tous genres. Ayant d'abord travaill\u00e9 pour son beau-p\u00e8re Lance Gu\u00e9vin \u00e0 Entreprise LG.","og_url":"https:\/\/staging.belleflamme.ca\/fr\/histoire-belleflamme\/","og_site_name":"Groupe BelleFlamme","article_publisher":"https:\/\/www.facebook.com\/belleflamme.ca\/","article_modified_time":"2023-04-14T16:42:54+00:00","og_image":[{"width":1200,"height":630,"url":"https:\/\/www.belleflamme.ca\/wp-content\/uploads\/2023\/01\/og-image.jpg","type":"image\/jpeg"}],"twitter_card":"summary_large_image","twitter_title":"Histoire | BelleFlamme","twitter_description":"BelleFlamme a vu le jour il y a 10 ans dans la r\u00e9gion de Sainte-Rose, \u00e0 Laval. L'entreprise op\u00e8re sous la banni\u00e8re Entreprise LG, \u00e0 ce moment-l\u00e0 sp\u00e9cialis\u00e9e uniquement dans la vente de foyers de tous genres. Ayant d'abord travaill\u00e9 pour son beau-p\u00e8re Lance Gu\u00e9vin \u00e0 Entreprise LG.","twitter_image":"https:\/\/staging.belleflamme.ca\/wp-content\/uploads\/2023\/01\/og-image.jpg","twitter_misc":{"Dur\u00e9e de lecture estim\u00e9e":"2 minutes"},"schema":{"@context":"https:\/\/schema.org","@graph":[{"@type":"WebPage","@id":"https:\/\/staging.belleflamme.ca\/fr\/histoire-belleflamme\/","url":"https:\/\/staging.belleflamme.ca\/fr\/histoire-belleflamme\/","name":"Histoire - Groupe BelleFlamme","isPartOf":{"@id":"https:\/\/www.belleflamme.ca\/fr\/#website"},"primaryImageOfPage":{"@id":"https:\/\/staging.belleflamme.ca\/fr\/histoire-belleflamme\/#primaryimage"},"image":{"@id":"https:\/\/staging.belleflamme.ca\/fr\/histoire-belleflamme\/#primaryimage"},"thumbnailUrl":"https:\/\/www.belleflamme.ca\/wp-content\/uploads\/2023\/01\/histoire.webp","datePublished":"2023-01-16T02:14:11+00:00","dateModified":"2023-04-14T16:42:54+00:00","description":"BelleFlamme a vu le jour il y a 10 ans dans la r\u00e9gion de Sainte-Rose, \u00e0 Laval. L'entreprise op\u00e8re sous la banni\u00e8re Entreprise LG, \u00e0 ce moment-l\u00e0 sp\u00e9cialis\u00e9e uniquement dans la vente de foyers de tous genres. Ayant d'abord travaill\u00e9 pour son beau-p\u00e8re Lance Gu\u00e9vin \u00e0 Entreprise LG.","breadcrumb":{"@id":"https:\/\/staging.belleflamme.ca\/fr\/histoire-belleflamme\/#breadcrumb"},"inLanguage":"fr-FR","potentialAction":[{"@type":"ReadAction","target":["https:\/\/staging.belleflamme.ca\/fr\/histoire-belleflamme\/"]}]},{"@type":"ImageObject","inLanguage":"fr-FR","@id":"https:\/\/staging.belleflamme.ca\/fr\/histoire-belleflamme\/#primaryimage","url":"https:\/\/www.belleflamme.ca\/wp-content\/uploads\/2023\/01\/histoire.webp","contentUrl":"https:\/\/www.belleflamme.ca\/wp-content\/uploads\/2023\/01\/histoire.webp"},{"@type":"BreadcrumbList","@id":"https:\/\/staging.belleflamme.ca\/fr\/histoire-belleflamme\/#breadcrumb","itemListElement":[{"@type":"ListItem","position":1,"name":"Accueil","item":"https:\/\/www.belleflamme.ca\/fr\/"},{"@type":"ListItem","position":2,"name":"Histoire"}]},{"@type":"WebSite","@id":"https:\/\/www.belleflamme.ca\/fr\/#website","url":"https:\/\/www.belleflamme.ca\/fr\/","name":"Groupe Belleflamme","description":"La m\u00e9canique du b\u00e2timent dans le sang.","publisher":{"@id":"https:\/\/www.belleflamme.ca\/fr\/#organization"},"potentialAction":[{"@type":"SearchAction","target":{"@type":"EntryPoint","urlTemplate":"https:\/\/www.belleflamme.ca\/fr\/?s={search_term_string}"},"query-input":{"@type":"PropertyValueSpecification","valueRequired":true,"valueName":"search_term_string"}}],"inLanguage":"fr-FR"},{"@type":["Organization","Place"],"@id":"https:\/\/www.belleflamme.ca\/fr\/#organization","name":"Groupe Belleflamme","alternateName":"Belleflamme","url":"https:\/\/www.belleflamme.ca\/fr\/","logo":{"@type":"ImageObject","inLanguage":"fr-FR","@id":"https:\/\/www.belleflamme.ca\/fr\/#\/schema\/logo\/image\/","url":"https:\/\/staging.belleflamme.ca\/wp-content\/uploads\/2023\/01\/og-image.jpg","contentUrl":"https:\/\/staging.belleflamme.ca\/wp-content\/uploads\/2023\/01\/og-image.jpg","width":1200,"height":630,"caption":"Groupe Belleflamme"},"image":{"@id":"https:\/\/www.belleflamme.ca\/fr\/#\/schema\/logo\/image\/"},"sameAs":["https:\/\/www.facebook.com\/belleflamme.ca\/","https:\/\/www.linkedin.com\/company\/belleflamme\/","https:\/\/www.pinterest.ca\/groupebelleflamme\/","https:\/\/www.instagram.com\/legroupebelleflamme\/"],"mainEntityOfPage":{"@id":"https:\/\/staging.belleflamme.ca\/fr\/histoire-belleflamme\/"}}]}},"_links":{"self":[{"href":"https:\/\/staging.belleflamme.ca\/fr\/wp-json\/wp\/v2\/pages\/341","targetHints":{"allow":["GET"]}}],"collection":[{"href":"https:\/\/staging.belleflamme.ca\/fr\/wp-json\/wp\/v2\/pages"}],"about":[{"href":"https:\/\/staging.belleflamme.ca\/fr\/wp-json\/wp\/v2\/types\/page"}],"author":[{"embeddable":true,"href":"https:\/\/staging.belleflamme.ca\/fr\/wp-json\/wp\/v2\/users\/1"}],"replies":[{"embeddable":true,"href":"https:\/\/staging.belleflamme.ca\/fr\/wp-json\/wp\/v2\/comments?post=341"}],"version-history":[{"count":5,"href":"https:\/\/staging.belleflamme.ca\/fr\/wp-json\/wp\/v2\/pages\/341\/revisions"}],"predecessor-version":[{"id":10801,"href":"https:\/\/staging.belleflamme.ca\/fr\/wp-json\/wp\/v2\/pages\/341\/revisions\/10801"}],"wp:attachment":[{"href":"https:\/\/staging.belleflamme.ca\/fr\/wp-json\/wp\/v2\/media?parent=341"}],"curies":[{"name":"wp","href":"https:\/\/api.w.org\/{rel}","templated":true}]}}