{"id":1375,"date":"2023-01-25T14:06:31","date_gmt":"2023-01-25T19:06:31","guid":{"rendered":"https:\/\/www.belleflamme.ca\/?page_id=1375"},"modified":"2025-03-31T14:06:05","modified_gmt":"2025-03-31T18:06:05","slug":"foyers-electriques","status":"publish","type":"page","link":"https:\/\/staging.belleflamme.ca\/fr\/foyers-electriques\/","title":{"rendered":"Foyers \u00e9lectriques"},"content":{"rendered":"\t\t<div data-elementor-type=\"wp-page\" data-elementor-id=\"1375\" class=\"elementor elementor-1375\" data-elementor-post-type=\"page\">\n\t\t\t\t\t\t<section class=\"elementor-section elementor-top-section elementor-element elementor-element-4031c9f elementor-section-full_width elementor-section-height-default elementor-section-height-default\" data-id=\"4031c9f\" data-element_type=\"section\" data-settings=\"{&quot;background_background&quot;:&quot;classic&quot;}\">\n\t\t\t\t\t\t<div class=\"elementor-container elementor-column-gap-default\">\n\t\t\t\t\t<div class=\"elementor-column elementor-col-100 elementor-top-column elementor-element elementor-element-59a37b8\" data-id=\"59a37b8\" data-element_type=\"column\">\n\t\t\t<div class=\"elementor-widget-wrap elementor-element-populated\">\n\t\t\t\t\t\t<div class=\"elementor-element elementor-element-c6a022a elementor-widget elementor-widget-heading\" data-id=\"c6a022a\" data-element_type=\"widget\" data-widget_type=\"heading.default\">\n\t\t\t\t<div class=\"elementor-widget-container\">\n\t\t\t\t\t<h2 class=\"elementor-heading-title elementor-size-default\">Foyers \u00e9lectriques<\/h2>\t\t\t\t<\/div>\n\t\t\t\t<\/div>\n\t\t\t\t\t<\/div>\n\t\t<\/div>\n\t\t\t\t\t<\/div>\n\t\t<\/section>\n\t\t\t\t<section class=\"elementor-section elementor-top-section elementor-element elementor-element-3f4b1e5 elementor-section-boxed elementor-section-height-default elementor-section-height-default\" data-id=\"3f4b1e5\" data-element_type=\"section\">\n\t\t\t\t\t\t<div class=\"elementor-container elementor-column-gap-default\">\n\t\t\t\t\t<div class=\"elementor-column elementor-col-50 elementor-top-column elementor-element elementor-element-09466b2\" data-id=\"09466b2\" data-element_type=\"column\">\n\t\t\t<div class=\"elementor-widget-wrap elementor-element-populated\">\n\t\t\t\t\t\t<div class=\"elementor-element elementor-element-eed3497 elementor-widget elementor-widget-image\" data-id=\"eed3497\" data-element_type=\"widget\" data-widget_type=\"image.default\">\n\t\t\t\t<div class=\"elementor-widget-container\">\n\t\t\t\t\t\t\t\t\t\t\t\t\t\t\t<img fetchpriority=\"high\" decoding=\"async\" width=\"500\" height=\"496\" src=\"https:\/\/staging.belleflamme.ca\/wp-content\/uploads\/2023\/01\/Foyer-Electrique2-2.webp\" class=\"attachment-large size-large wp-image-1396\" alt=\"Foyer-Electrique\" srcset=\"https:\/\/staging.belleflamme.ca\/wp-content\/uploads\/2023\/01\/Foyer-Electrique2-2.webp 500w, https:\/\/staging.belleflamme.ca\/wp-content\/uploads\/2023\/01\/Foyer-Electrique2-2-100x100.webp 100w, https:\/\/staging.belleflamme.ca\/wp-content\/uploads\/2023\/01\/Foyer-Electrique2-2-300x298.webp 300w, https:\/\/staging.belleflamme.ca\/wp-content\/uploads\/2023\/01\/Foyer-Electrique2-2-150x150.webp 150w\" sizes=\"(max-width: 500px) 100vw, 500px\" \/>\t\t\t\t\t\t\t\t\t\t\t\t\t\t\t<\/div>\n\t\t\t\t<\/div>\n\t\t\t\t\t<\/div>\n\t\t<\/div>\n\t\t\t\t<div class=\"elementor-column elementor-col-50 elementor-top-column elementor-element elementor-element-4ec85bc\" data-id=\"4ec85bc\" data-element_type=\"column\">\n\t\t\t<div class=\"elementor-widget-wrap elementor-element-populated\">\n\t\t\t\t\t\t<div class=\"elementor-element elementor-element-d0af59f elementor-widget elementor-widget-heading\" data-id=\"d0af59f\" data-element_type=\"widget\" data-widget_type=\"heading.default\">\n\t\t\t\t<div class=\"elementor-widget-container\">\n\t\t\t\t\t<h2 class=\"elementor-heading-title elementor-size-default\">Une alternative \u00e9cologique<\/h2>\t\t\t\t<\/div>\n\t\t\t\t<\/div>\n\t\t\t\t<div class=\"elementor-element elementor-element-76acb29 elementor-widget elementor-widget-text-editor\" data-id=\"76acb29\" data-element_type=\"widget\" data-widget_type=\"text-editor.default\">\n\t\t\t\t<div class=\"elementor-widget-container\">\n\t\t\t\t\t\t\t\t\t<p>Les foyers \u00e9lectriques offrent une alternative pour ceux qui ne peuvent avoir de foyer au gaz ou au bois. Simples \u00e0 installer, ils sont disponibles en diff\u00e9rents formats et styles.<\/p><p>Sans combustion, le foyer \u00e9lectrique est aussi la solution la plus s\u00e9curitaire, surtout pour les enfants et les animaux de compagnie. Notre partenariat avec une vari\u00e9t\u00e9 de manufacturiers de renom vous garantit une vaste s\u00e9lection de mod\u00e8les fiables et \u00e9cologiques.<\/p>\t\t\t\t\t\t\t\t<\/div>\n\t\t\t\t<\/div>\n\t\t\t\t<div class=\"elementor-element elementor-element-7542f8f elementor-align-center elementor-widget elementor-widget-button\" data-id=\"7542f8f\" data-element_type=\"widget\" data-widget_type=\"button.default\">\n\t\t\t\t<div class=\"elementor-widget-container\">\n\t\t\t\t\t\t\t\t\t<div class=\"elementor-button-wrapper\">\n\t\t\t\t\t<a class=\"elementor-button elementor-button-link elementor-size-sm\" href=\"https:\/\/www.belleflamme.ca\/fr\/categories\/poeles-et-foyers\/poeles-foyers-electriques\/\">\n\t\t\t\t\t\t<span class=\"elementor-button-content-wrapper\">\n\t\t\t\t\t\t\t\t\t<span class=\"elementor-button-text\">Voir produits<\/span>\n\t\t\t\t\t<\/span>\n\t\t\t\t\t<\/a>\n\t\t\t\t<\/div>\n\t\t\t\t\t\t\t\t<\/div>\n\t\t\t\t<\/div>\n\t\t\t\t\t<\/div>\n\t\t<\/div>\n\t\t\t\t\t<\/div>\n\t\t<\/section>\n\t\t\t\t<section class=\"elementor-section elementor-top-section elementor-element elementor-element-773bfbf elementor-section-boxed elementor-section-height-default elementor-section-height-default\" data-id=\"773bfbf\" data-element_type=\"section\">\n\t\t\t\t\t\t<div class=\"elementor-container elementor-column-gap-default\">\n\t\t\t\t\t<div class=\"elementor-column elementor-col-100 elementor-top-column elementor-element elementor-element-0a266f0\" data-id=\"0a266f0\" data-element_type=\"column\">\n\t\t\t<div class=\"elementor-widget-wrap elementor-element-populated\">\n\t\t\t\t\t\t<div class=\"elementor-element elementor-element-ab7199e elementor-widget elementor-widget-video\" data-id=\"ab7199e\" data-element_type=\"widget\" data-settings=\"{&quot;youtube_url&quot;:&quot;https:\\\/\\\/www.youtube.com\\\/watch?v=L_47VKmqsIA&quot;,&quot;video_type&quot;:&quot;youtube&quot;,&quot;controls&quot;:&quot;yes&quot;}\" data-widget_type=\"video.default\">\n\t\t\t\t<div class=\"elementor-widget-container\">\n\t\t\t\t\t\t\t<div class=\"elementor-wrapper elementor-open-inline\">\n\t\t\t<div class=\"elementor-video\"><\/div>\t\t<\/div>\n\t\t\t\t\t\t<\/div>\n\t\t\t\t<\/div>\n\t\t\t\t\t<\/div>\n\t\t<\/div>\n\t\t\t\t\t<\/div>\n\t\t<\/section>\n\t\t\t\t<section class=\"elementor-section elementor-top-section elementor-element elementor-element-7debaa5 elementor-section-boxed elementor-section-height-default elementor-section-height-default\" data-id=\"7debaa5\" data-element_type=\"section\">\n\t\t\t\t\t\t<div class=\"elementor-container elementor-column-gap-default\">\n\t\t\t\t\t<div class=\"elementor-column elementor-col-50 elementor-top-column elementor-element elementor-element-4640cc4\" data-id=\"4640cc4\" data-element_type=\"column\">\n\t\t\t<div class=\"elementor-widget-wrap elementor-element-populated\">\n\t\t\t\t\t\t<div class=\"elementor-element elementor-element-d305640 elementor-widget elementor-widget-heading\" data-id=\"d305640\" data-element_type=\"widget\" data-widget_type=\"heading.default\">\n\t\t\t\t<div class=\"elementor-widget-container\">\n\t\t\t\t\t<h2 class=\"elementor-heading-title elementor-size-default\">Un foyer s\u00e9curitaire<\/h2>\t\t\t\t<\/div>\n\t\t\t\t<\/div>\n\t\t\t\t<div class=\"elementor-element elementor-element-1952fc7 elementor-widget elementor-widget-text-editor\" data-id=\"1952fc7\" data-element_type=\"widget\" data-widget_type=\"text-editor.default\">\n\t\t\t\t<div class=\"elementor-widget-container\">\n\t\t\t\t\t\t\t\t\t<p>Le foyer \u00e9lectrique vous conf\u00e8re un contr\u00f4le in\u00e9gal\u00e9 sur votre climat et peut chauffer votre pi\u00e8ce de fa\u00e7on pr\u00e9cise tout en \u00e9liminant les risques associ\u00e9s \u00e0 un foyer \u00e0 combustion.<\/p><p>Notre s\u00e9lection de foyers \u00e9lectriques vous donne le choix de panneaux, de contours et d&#8217;images selon votre espace disponible.<\/p>\t\t\t\t\t\t\t\t<\/div>\n\t\t\t\t<\/div>\n\t\t\t\t<div class=\"elementor-element elementor-element-17efb1e elementor-align-center elementor-widget elementor-widget-button\" data-id=\"17efb1e\" data-element_type=\"widget\" data-widget_type=\"button.default\">\n\t\t\t\t<div class=\"elementor-widget-container\">\n\t\t\t\t\t\t\t\t\t<div class=\"elementor-button-wrapper\">\n\t\t\t\t\t<a class=\"elementor-button elementor-button-link elementor-size-sm\" href=\"https:\/\/www.belleflamme.ca\/fr\/categories\/poeles-et-foyers\/poeles-foyers-electriques\/\">\n\t\t\t\t\t\t<span class=\"elementor-button-content-wrapper\">\n\t\t\t\t\t\t\t\t\t<span class=\"elementor-button-text\">Voir produits<\/span>\n\t\t\t\t\t<\/span>\n\t\t\t\t\t<\/a>\n\t\t\t\t<\/div>\n\t\t\t\t\t\t\t\t<\/div>\n\t\t\t\t<\/div>\n\t\t\t\t\t<\/div>\n\t\t<\/div>\n\t\t\t\t<div class=\"elementor-column elementor-col-50 elementor-top-column elementor-element elementor-element-1d1c41d\" data-id=\"1d1c41d\" data-element_type=\"column\">\n\t\t\t<div class=\"elementor-widget-wrap elementor-element-populated\">\n\t\t\t\t\t\t<div class=\"elementor-element elementor-element-15b18fb elementor-widget elementor-widget-image\" data-id=\"15b18fb\" data-element_type=\"widget\" data-widget_type=\"image.default\">\n\t\t\t\t<div class=\"elementor-widget-container\">\n\t\t\t\t\t\t\t\t\t\t\t\t\t\t\t<img decoding=\"async\" width=\"500\" height=\"496\" src=\"https:\/\/staging.belleflamme.ca\/wp-content\/uploads\/2023\/01\/Foyer-Electrique3.webp\" class=\"attachment-large size-large wp-image-1398\" alt=\"Foyer-Electrique\" srcset=\"https:\/\/staging.belleflamme.ca\/wp-content\/uploads\/2023\/01\/Foyer-Electrique3.webp 500w, https:\/\/staging.belleflamme.ca\/wp-content\/uploads\/2023\/01\/Foyer-Electrique3-100x100.webp 100w, https:\/\/staging.belleflamme.ca\/wp-content\/uploads\/2023\/01\/Foyer-Electrique3-300x298.webp 300w, https:\/\/staging.belleflamme.ca\/wp-content\/uploads\/2023\/01\/Foyer-Electrique3-150x150.webp 150w\" sizes=\"(max-width: 500px) 100vw, 500px\" \/>\t\t\t\t\t\t\t\t\t\t\t\t\t\t\t<\/div>\n\t\t\t\t<\/div>\n\t\t\t\t\t<\/div>\n\t\t<\/div>\n\t\t\t\t\t<\/div>\n\t\t<\/section>\n\t\t\t\t<\/div>\n\t\t","protected":false},"excerpt":{"rendered":"<p>Foyers \u00e9lectriques Une alternative \u00e9cologique Les foyers \u00e9lectriques offrent une alternative pour ceux qui ne peuvent avoir de foyer au gaz ou au bois. Simples \u00e0 installer, ils sont disponibles en diff\u00e9rents formats et styles. Sans combustion, le foyer \u00e9lectrique est aussi la solution la plus s\u00e9curitaire, surtout pour les enfants et les animaux de [&hellip;]<\/p>\n","protected":false},"author":1,"featured_media":0,"parent":0,"menu_order":0,"comment_status":"closed","ping_status":"closed","template":"elementor_header_footer","meta":{"inline_featured_image":false,"footnotes":""},"class_list":["post-1375","page","type-page","status-publish","hentry"],"yoast_head":"<!-- This site is optimized with the Yoast SEO Premium plugin v24.2 (Yoast SEO v24.2) - https:\/\/yoast.com\/wordpress\/plugins\/seo\/ -->\n<title>Foyers \u00e9lectriques - Groupe BelleFlamme<\/title>\n<meta name=\"description\" content=\"Optez pour nos foyers \u00e9lectriques Belleflamme. Design moderne, vente et installation \u00e0 Laval, Montr\u00e9al, Gatineau, Laurentides.\" \/>\n<meta name=\"robots\" content=\"index, follow, max-snippet:-1, max-image-preview:large, max-video-preview:-1\" \/>\n<link rel=\"canonical\" href=\"https:\/\/staging.belleflamme.ca\/fr\/foyers-electriques\/\" \/>\n<meta property=\"og:locale\" content=\"fr_FR\" \/>\n<meta property=\"og:type\" content=\"article\" \/>\n<meta property=\"og:title\" content=\"Foyers \u00e9lectriques\" \/>\n<meta property=\"og:description\" content=\"Optez pour nos foyers \u00e9lectriques Belleflamme. Design moderne, vente et installation \u00e0 Laval, Montr\u00e9al, Gatineau, Laurentides.\" \/>\n<meta property=\"og:url\" content=\"https:\/\/staging.belleflamme.ca\/fr\/foyers-electriques\/\" \/>\n<meta property=\"og:site_name\" content=\"Groupe BelleFlamme\" \/>\n<meta property=\"article:publisher\" content=\"https:\/\/www.facebook.com\/belleflamme.ca\/\" \/>\n<meta property=\"article:modified_time\" content=\"2025-03-31T18:06:05+00:00\" \/>\n<meta property=\"og:image\" content=\"https:\/\/staging.belleflamme.ca\/wp-content\/uploads\/2023\/01\/Foyer-Electrique2-2.webp\" \/>\n\t<meta property=\"og:image:width\" content=\"500\" \/>\n\t<meta property=\"og:image:height\" content=\"496\" \/>\n\t<meta property=\"og:image:type\" content=\"image\/webp\" \/>\n<meta name=\"twitter:card\" content=\"summary_large_image\" \/>\n<meta name=\"twitter:label1\" content=\"Dur\u00e9e de lecture estim\u00e9e\" \/>\n\t<meta name=\"twitter:data1\" content=\"2 minutes\" \/>\n<script type=\"application\/ld+json\" class=\"yoast-schema-graph\">{\"@context\":\"https:\/\/schema.org\",\"@graph\":[{\"@type\":\"WebPage\",\"@id\":\"https:\/\/staging.belleflamme.ca\/fr\/foyers-electriques\/\",\"url\":\"https:\/\/staging.belleflamme.ca\/fr\/foyers-electriques\/\",\"name\":\"Foyers \u00e9lectriques - Groupe BelleFlamme\",\"isPartOf\":{\"@id\":\"https:\/\/www.belleflamme.ca\/fr\/#website\"},\"primaryImageOfPage\":{\"@id\":\"https:\/\/staging.belleflamme.ca\/fr\/foyers-electriques\/#primaryimage\"},\"image\":{\"@id\":\"https:\/\/staging.belleflamme.ca\/fr\/foyers-electriques\/#primaryimage\"},\"thumbnailUrl\":\"https:\/\/www.belleflamme.ca\/wp-content\/uploads\/2023\/01\/Foyer-Electrique2-2.webp\",\"datePublished\":\"2023-01-25T19:06:31+00:00\",\"dateModified\":\"2025-03-31T18:06:05+00:00\",\"description\":\"Optez pour nos foyers \u00e9lectriques Belleflamme. Design moderne, vente et installation \u00e0 Laval, Montr\u00e9al, Gatineau, Laurentides.\",\"breadcrumb\":{\"@id\":\"https:\/\/staging.belleflamme.ca\/fr\/foyers-electriques\/#breadcrumb\"},\"inLanguage\":\"fr-FR\",\"potentialAction\":[{\"@type\":\"ReadAction\",\"target\":[\"https:\/\/staging.belleflamme.ca\/fr\/foyers-electriques\/\"]}]},{\"@type\":\"ImageObject\",\"inLanguage\":\"fr-FR\",\"@id\":\"https:\/\/staging.belleflamme.ca\/fr\/foyers-electriques\/#primaryimage\",\"url\":\"https:\/\/www.belleflamme.ca\/wp-content\/uploads\/2023\/01\/Foyer-Electrique2-2.webp\",\"contentUrl\":\"https:\/\/www.belleflamme.ca\/wp-content\/uploads\/2023\/01\/Foyer-Electrique2-2.webp\"},{\"@type\":\"BreadcrumbList\",\"@id\":\"https:\/\/staging.belleflamme.ca\/fr\/foyers-electriques\/#breadcrumb\",\"itemListElement\":[{\"@type\":\"ListItem\",\"position\":1,\"name\":\"Accueil\",\"item\":\"https:\/\/www.belleflamme.ca\/fr\/\"},{\"@type\":\"ListItem\",\"position\":2,\"name\":\"Foyers \u00e9lectriques\"}]},{\"@type\":\"WebSite\",\"@id\":\"https:\/\/www.belleflamme.ca\/fr\/#website\",\"url\":\"https:\/\/www.belleflamme.ca\/fr\/\",\"name\":\"Groupe Belleflamme\",\"description\":\"La m\u00e9canique du b\u00e2timent dans le sang.\",\"publisher\":{\"@id\":\"https:\/\/www.belleflamme.ca\/fr\/#organization\"},\"potentialAction\":[{\"@type\":\"SearchAction\",\"target\":{\"@type\":\"EntryPoint\",\"urlTemplate\":\"https:\/\/www.belleflamme.ca\/fr\/?s={search_term_string}\"},\"query-input\":{\"@type\":\"PropertyValueSpecification\",\"valueRequired\":true,\"valueName\":\"search_term_string\"}}],\"inLanguage\":\"fr-FR\"},{\"@type\":[\"Organization\",\"Place\"],\"@id\":\"https:\/\/www.belleflamme.ca\/fr\/#organization\",\"name\":\"Groupe Belleflamme\",\"alternateName\":\"Belleflamme\",\"url\":\"https:\/\/www.belleflamme.ca\/fr\/\",\"logo\":{\"@type\":\"ImageObject\",\"inLanguage\":\"fr-FR\",\"@id\":\"https:\/\/www.belleflamme.ca\/fr\/#\/schema\/logo\/image\/\",\"url\":\"https:\/\/staging.belleflamme.ca\/wp-content\/uploads\/2023\/01\/og-image.jpg\",\"contentUrl\":\"https:\/\/staging.belleflamme.ca\/wp-content\/uploads\/2023\/01\/og-image.jpg\",\"width\":1200,\"height\":630,\"caption\":\"Groupe Belleflamme\"},\"image\":{\"@id\":\"https:\/\/www.belleflamme.ca\/fr\/#\/schema\/logo\/image\/\"},\"sameAs\":[\"https:\/\/www.facebook.com\/belleflamme.ca\/\",\"https:\/\/www.linkedin.com\/company\/belleflamme\/\",\"https:\/\/www.pinterest.ca\/groupebelleflamme\/\",\"https:\/\/www.instagram.com\/legroupebelleflamme\/\"],\"mainEntityOfPage\":{\"@id\":\"https:\/\/staging.belleflamme.ca\/fr\/foyers-electriques\/\"}}]}<\/script>\n<!-- \/ Yoast SEO Premium plugin. -->","yoast_head_json":{"title":"Foyers \u00e9lectriques - Groupe BelleFlamme","description":"Optez pour nos foyers \u00e9lectriques Belleflamme. Design moderne, vente et installation \u00e0 Laval, Montr\u00e9al, Gatineau, Laurentides.","robots":{"index":"index","follow":"follow","max-snippet":"max-snippet:-1","max-image-preview":"max-image-preview:large","max-video-preview":"max-video-preview:-1"},"canonical":"https:\/\/staging.belleflamme.ca\/fr\/foyers-electriques\/","og_locale":"fr_FR","og_type":"article","og_title":"Foyers \u00e9lectriques","og_description":"Optez pour nos foyers \u00e9lectriques Belleflamme. Design moderne, vente et installation \u00e0 Laval, Montr\u00e9al, Gatineau, Laurentides.","og_url":"https:\/\/staging.belleflamme.ca\/fr\/foyers-electriques\/","og_site_name":"Groupe BelleFlamme","article_publisher":"https:\/\/www.facebook.com\/belleflamme.ca\/","article_modified_time":"2025-03-31T18:06:05+00:00","og_image":[{"width":500,"height":496,"url":"https:\/\/staging.belleflamme.ca\/wp-content\/uploads\/2023\/01\/Foyer-Electrique2-2.webp","type":"image\/webp"}],"twitter_card":"summary_large_image","twitter_misc":{"Dur\u00e9e de lecture estim\u00e9e":"2 minutes"},"schema":{"@context":"https:\/\/schema.org","@graph":[{"@type":"WebPage","@id":"https:\/\/staging.belleflamme.ca\/fr\/foyers-electriques\/","url":"https:\/\/staging.belleflamme.ca\/fr\/foyers-electriques\/","name":"Foyers \u00e9lectriques - Groupe BelleFlamme","isPartOf":{"@id":"https:\/\/www.belleflamme.ca\/fr\/#website"},"primaryImageOfPage":{"@id":"https:\/\/staging.belleflamme.ca\/fr\/foyers-electriques\/#primaryimage"},"image":{"@id":"https:\/\/staging.belleflamme.ca\/fr\/foyers-electriques\/#primaryimage"},"thumbnailUrl":"https:\/\/www.belleflamme.ca\/wp-content\/uploads\/2023\/01\/Foyer-Electrique2-2.webp","datePublished":"2023-01-25T19:06:31+00:00","dateModified":"2025-03-31T18:06:05+00:00","description":"Optez pour nos foyers \u00e9lectriques Belleflamme. Design moderne, vente et installation \u00e0 Laval, Montr\u00e9al, Gatineau, Laurentides.","breadcrumb":{"@id":"https:\/\/staging.belleflamme.ca\/fr\/foyers-electriques\/#breadcrumb"},"inLanguage":"fr-FR","potentialAction":[{"@type":"ReadAction","target":["https:\/\/staging.belleflamme.ca\/fr\/foyers-electriques\/"]}]},{"@type":"ImageObject","inLanguage":"fr-FR","@id":"https:\/\/staging.belleflamme.ca\/fr\/foyers-electriques\/#primaryimage","url":"https:\/\/www.belleflamme.ca\/wp-content\/uploads\/2023\/01\/Foyer-Electrique2-2.webp","contentUrl":"https:\/\/www.belleflamme.ca\/wp-content\/uploads\/2023\/01\/Foyer-Electrique2-2.webp"},{"@type":"BreadcrumbList","@id":"https:\/\/staging.belleflamme.ca\/fr\/foyers-electriques\/#breadcrumb","itemListElement":[{"@type":"ListItem","position":1,"name":"Accueil","item":"https:\/\/www.belleflamme.ca\/fr\/"},{"@type":"ListItem","position":2,"name":"Foyers \u00e9lectriques"}]},{"@type":"WebSite","@id":"https:\/\/www.belleflamme.ca\/fr\/#website","url":"https:\/\/www.belleflamme.ca\/fr\/","name":"Groupe Belleflamme","description":"La m\u00e9canique du b\u00e2timent dans le sang.","publisher":{"@id":"https:\/\/www.belleflamme.ca\/fr\/#organization"},"potentialAction":[{"@type":"SearchAction","target":{"@type":"EntryPoint","urlTemplate":"https:\/\/www.belleflamme.ca\/fr\/?s={search_term_string}"},"query-input":{"@type":"PropertyValueSpecification","valueRequired":true,"valueName":"search_term_string"}}],"inLanguage":"fr-FR"},{"@type":["Organization","Place"],"@id":"https:\/\/www.belleflamme.ca\/fr\/#organization","name":"Groupe Belleflamme","alternateName":"Belleflamme","url":"https:\/\/www.belleflamme.ca\/fr\/","logo":{"@type":"ImageObject","inLanguage":"fr-FR","@id":"https:\/\/www.belleflamme.ca\/fr\/#\/schema\/logo\/image\/","url":"https:\/\/staging.belleflamme.ca\/wp-content\/uploads\/2023\/01\/og-image.jpg","contentUrl":"https:\/\/staging.belleflamme.ca\/wp-content\/uploads\/2023\/01\/og-image.jpg","width":1200,"height":630,"caption":"Groupe Belleflamme"},"image":{"@id":"https:\/\/www.belleflamme.ca\/fr\/#\/schema\/logo\/image\/"},"sameAs":["https:\/\/www.facebook.com\/belleflamme.ca\/","https:\/\/www.linkedin.com\/company\/belleflamme\/","https:\/\/www.pinterest.ca\/groupebelleflamme\/","https:\/\/www.instagram.com\/legroupebelleflamme\/"],"mainEntityOfPage":{"@id":"https:\/\/staging.belleflamme.ca\/fr\/foyers-electriques\/"}}]}},"_links":{"self":[{"href":"https:\/\/staging.belleflamme.ca\/fr\/wp-json\/wp\/v2\/pages\/1375","targetHints":{"allow":["GET"]}}],"collection":[{"href":"https:\/\/staging.belleflamme.ca\/fr\/wp-json\/wp\/v2\/pages"}],"about":[{"href":"https:\/\/staging.belleflamme.ca\/fr\/wp-json\/wp\/v2\/types\/page"}],"author":[{"embeddable":true,"href":"https:\/\/staging.belleflamme.ca\/fr\/wp-json\/wp\/v2\/users\/1"}],"replies":[{"embeddable":true,"href":"https:\/\/staging.belleflamme.ca\/fr\/wp-json\/wp\/v2\/comments?post=1375"}],"version-history":[{"count":8,"href":"https:\/\/staging.belleflamme.ca\/fr\/wp-json\/wp\/v2\/pages\/1375\/revisions"}],"predecessor-version":[{"id":53399,"href":"https:\/\/staging.belleflamme.ca\/fr\/wp-json\/wp\/v2\/pages\/1375\/revisions\/53399"}],"wp:attachment":[{"href":"https:\/\/staging.belleflamme.ca\/fr\/wp-json\/wp\/v2\/media?parent=1375"}],"curies":[{"name":"wp","href":"https:\/\/api.w.org\/{rel}","templated":true}]}}