{"id":1209,"date":"2023-01-25T11:52:54","date_gmt":"2023-01-25T16:52:54","guid":{"rendered":"https:\/\/www.belleflamme.ca\/?page_id=1209"},"modified":"2024-03-12T12:21:55","modified_gmt":"2024-03-12T16:21:55","slug":"service-climatisation-chauffage","status":"publish","type":"page","link":"https:\/\/staging.belleflamme.ca\/fr\/service-climatisation-chauffage\/","title":{"rendered":"R\u00e9paration &#038; entretien de climatisation et chauffage"},"content":{"rendered":"\t\t<div data-elementor-type=\"wp-page\" data-elementor-id=\"1209\" class=\"elementor elementor-1209\" data-elementor-post-type=\"page\">\n\t\t\t\t\t\t<section class=\"elementor-section elementor-top-section elementor-element elementor-element-be7a4ab elementor-section-full_width elementor-section-height-default elementor-section-height-default\" data-id=\"be7a4ab\" data-element_type=\"section\">\n\t\t\t\t\t\t<div class=\"elementor-container elementor-column-gap-default\">\n\t\t\t\t\t<div class=\"elementor-column elementor-col-100 elementor-top-column elementor-element elementor-element-c87a4e5\" data-id=\"c87a4e5\" data-element_type=\"column\">\n\t\t\t<div class=\"elementor-widget-wrap elementor-element-populated\">\n\t\t\t\t\t\t<div class=\"elementor-element elementor-element-37339fc elementor-widget elementor-widget-heading\" data-id=\"37339fc\" data-element_type=\"widget\" data-widget_type=\"heading.default\">\n\t\t\t\t<div class=\"elementor-widget-container\">\n\t\t\t\t\t<h2 class=\"elementor-heading-title elementor-size-default\">R\u00e9paration &amp; entretien de climatisation et chauffage<\/h2>\t\t\t\t<\/div>\n\t\t\t\t<\/div>\n\t\t\t\t\t<\/div>\n\t\t<\/div>\n\t\t\t\t\t<\/div>\n\t\t<\/section>\n\t\t\t\t<section class=\"elementor-section elementor-top-section elementor-element elementor-element-f54fe06 elementor-section-boxed elementor-section-height-default elementor-section-height-default\" data-id=\"f54fe06\" data-element_type=\"section\">\n\t\t\t\t\t\t<div class=\"elementor-container elementor-column-gap-default\">\n\t\t\t\t\t<div class=\"elementor-column elementor-col-50 elementor-top-column elementor-element elementor-element-d45f9a5\" data-id=\"d45f9a5\" data-element_type=\"column\">\n\t\t\t<div class=\"elementor-widget-wrap elementor-element-populated\">\n\t\t\t\t\t\t<div class=\"elementor-element elementor-element-fc5db75 elementor-widget elementor-widget-image\" data-id=\"fc5db75\" data-element_type=\"widget\" data-widget_type=\"image.default\">\n\t\t\t\t<div class=\"elementor-widget-container\">\n\t\t\t\t\t\t\t\t\t\t\t\t\t\t\t<img fetchpriority=\"high\" decoding=\"async\" width=\"500\" height=\"625\" src=\"https:\/\/staging.belleflamme.ca\/wp-content\/uploads\/2023\/01\/climatisation-chauffage-services.webp\" class=\"attachment-large size-large wp-image-1229\" alt=\"climatisation chauffage services\" srcset=\"https:\/\/staging.belleflamme.ca\/wp-content\/uploads\/2023\/01\/climatisation-chauffage-services.webp 500w, https:\/\/staging.belleflamme.ca\/wp-content\/uploads\/2023\/01\/climatisation-chauffage-services-240x300.webp 240w\" sizes=\"(max-width: 500px) 100vw, 500px\" \/>\t\t\t\t\t\t\t\t\t\t\t\t\t\t\t<\/div>\n\t\t\t\t<\/div>\n\t\t\t\t\t<\/div>\n\t\t<\/div>\n\t\t\t\t<div class=\"elementor-column elementor-col-50 elementor-top-column elementor-element elementor-element-02480ed\" data-id=\"02480ed\" data-element_type=\"column\">\n\t\t\t<div class=\"elementor-widget-wrap elementor-element-populated\">\n\t\t\t\t\t\t<div class=\"elementor-element elementor-element-3be7f9b elementor-widget elementor-widget-heading\" data-id=\"3be7f9b\" data-element_type=\"widget\" data-widget_type=\"heading.default\">\n\t\t\t\t<div class=\"elementor-widget-container\">\n\t\t\t\t\t<h2 class=\"elementor-heading-title elementor-size-default\">R\u00e9paration, entretien et installation de syst\u00e8mes de chauffage et climatisation, CVAC, HVAC.<\/h2>\t\t\t\t<\/div>\n\t\t\t\t<\/div>\n\t\t\t\t<div class=\"elementor-element elementor-element-f086edf elementor-widget elementor-widget-text-editor\" data-id=\"f086edf\" data-element_type=\"widget\" data-widget_type=\"text-editor.default\">\n\t\t\t\t<div class=\"elementor-widget-container\">\n\t\t\t\t\t\t\t\t\t<p>Nous offrons la r\u00e9paration, l&#8217;entretien et l&#8217;installation de syst\u00e8mes de chauffage et climatisation.<\/p><p>Offert en syst\u00e8me mural comme en syst\u00e8me central, un syst\u00e8me de chauffage et de climatisation vous offre la solution cl\u00e9 en main par excellence pour la r\u00e9gulation de la temp\u00e9rature et pour le contr\u00f4le de la qualit\u00e9 d&#8217;air dans votre domicile.<\/p><p>B\u00e9nificiez d&#8217;une temp\u00e9rature id\u00e9ale et confortable en hiver comme en \u00e9t\u00e9 tout en r\u00e9duisant vos co\u00fbts \u00e9nerg\u00e9tiques et votre empreinte \u00e9cologique. Un syst\u00e8me de climatisation ou de chauffage d\u00e9gage et filtre l&#8217;air en continue, ce qui vous procure une meilleure qualit\u00e9 d&#8217;air en \u00e9liminant les polluants, poussi\u00e8res et d\u00e9bris microscopiques.<\/p>\t\t\t\t\t\t\t\t<\/div>\n\t\t\t\t<\/div>\n\t\t\t\t<div class=\"elementor-element elementor-element-a486b31 elementor-align-center elementor-widget elementor-widget-button\" data-id=\"a486b31\" data-element_type=\"widget\" data-widget_type=\"button.default\">\n\t\t\t\t<div class=\"elementor-widget-container\">\n\t\t\t\t\t\t\t\t\t<div class=\"elementor-button-wrapper\">\n\t\t\t\t\t<a class=\"elementor-button elementor-button-link elementor-size-sm\" href=\"\/fr\/appel-de-service\/\">\n\t\t\t\t\t\t<span class=\"elementor-button-content-wrapper\">\n\t\t\t\t\t\t\t\t\t<span class=\"elementor-button-text\">Nous contacter<\/span>\n\t\t\t\t\t<\/span>\n\t\t\t\t\t<\/a>\n\t\t\t\t<\/div>\n\t\t\t\t\t\t\t\t<\/div>\n\t\t\t\t<\/div>\n\t\t\t\t\t<\/div>\n\t\t<\/div>\n\t\t\t\t\t<\/div>\n\t\t<\/section>\n\t\t\t\t<section class=\"elementor-section elementor-top-section elementor-element elementor-element-1b17509 elementor-section-boxed elementor-section-height-default elementor-section-height-default\" data-id=\"1b17509\" data-element_type=\"section\">\n\t\t\t\t\t\t<div class=\"elementor-container elementor-column-gap-default\">\n\t\t\t\t\t<div class=\"elementor-column elementor-col-50 elementor-top-column elementor-element elementor-element-1e366aa\" data-id=\"1e366aa\" data-element_type=\"column\">\n\t\t\t<div class=\"elementor-widget-wrap elementor-element-populated\">\n\t\t\t\t\t\t<div class=\"elementor-element elementor-element-17acea0 elementor-widget elementor-widget-heading\" data-id=\"17acea0\" data-element_type=\"widget\" data-widget_type=\"heading.default\">\n\t\t\t\t<div class=\"elementor-widget-container\">\n\t\t\t\t\t<h2 class=\"elementor-heading-title elementor-size-default\">Avec vous tout au long du projet<\/h2>\t\t\t\t<\/div>\n\t\t\t\t<\/div>\n\t\t\t\t<div class=\"elementor-element elementor-element-023081b elementor-widget elementor-widget-text-editor\" data-id=\"023081b\" data-element_type=\"widget\" data-widget_type=\"text-editor.default\">\n\t\t\t\t<div class=\"elementor-widget-container\">\n\t\t\t\t\t\t\t\t\t<p>Plusieurs options s&#8217;offrent \u00e0 vous et nous poss\u00e9dons l&#8217;expertise, l&#8217;exp\u00e9rience et la certification pour vous fournir un service complet en climatisation-chauffage. Nous vous accompagnons dans la planification et dans les d\u00e9cisions \u00e0 prendre face aux choix qui s&#8217;offrent \u00e0 vous.<\/p><p>Notre service de climatisation-chauffage r\u00e9pond aux besoins sp\u00e9cifiques de notre client\u00e8le. Nous nous assurons de vous guider vers le choix qui convient \u00e0 votre espace, \u00e0 vos besoins et \u00e0 votre budget, tout en r\u00e9pondant aux particularit\u00e9s de vos buts \u00e0 long terme.<\/p><p>Poss\u00e9dant une expertise \u00e9tendue sur deux g\u00e9n\u00e9rations et des milliers de projets climatisation-chauffage r\u00e9ussis, nous pouvons vous assurer un service in\u00e9gal\u00e9, des pratiques durables et un \u00e9quipement optimal, efficace et toujours certifi\u00e9 Energy Star.<\/p>\t\t\t\t\t\t\t\t<\/div>\n\t\t\t\t<\/div>\n\t\t\t\t<div class=\"elementor-element elementor-element-3505b26 elementor-align-center elementor-widget elementor-widget-button\" data-id=\"3505b26\" data-element_type=\"widget\" data-widget_type=\"button.default\">\n\t\t\t\t<div class=\"elementor-widget-container\">\n\t\t\t\t\t\t\t\t\t<div class=\"elementor-button-wrapper\">\n\t\t\t\t\t<a class=\"elementor-button elementor-button-link elementor-size-sm\" href=\"\/fr\/appel-de-service\/\">\n\t\t\t\t\t\t<span class=\"elementor-button-content-wrapper\">\n\t\t\t\t\t\t\t\t\t<span class=\"elementor-button-text\">Nous contacter<\/span>\n\t\t\t\t\t<\/span>\n\t\t\t\t\t<\/a>\n\t\t\t\t<\/div>\n\t\t\t\t\t\t\t\t<\/div>\n\t\t\t\t<\/div>\n\t\t\t\t\t<\/div>\n\t\t<\/div>\n\t\t\t\t<div class=\"elementor-column elementor-col-50 elementor-top-column elementor-element elementor-element-5397d65\" data-id=\"5397d65\" data-element_type=\"column\">\n\t\t\t<div class=\"elementor-widget-wrap elementor-element-populated\">\n\t\t\t\t\t\t<div class=\"elementor-element elementor-element-8a949f6 elementor-widget elementor-widget-image\" data-id=\"8a949f6\" data-element_type=\"widget\" data-widget_type=\"image.default\">\n\t\t\t\t<div class=\"elementor-widget-container\">\n\t\t\t\t\t\t\t\t\t\t\t\t\t\t\t<img decoding=\"async\" width=\"500\" height=\"625\" src=\"https:\/\/staging.belleflamme.ca\/wp-content\/uploads\/2023\/01\/climatisation-chauffage-murale2.webp\" class=\"attachment-large size-large wp-image-1231\" alt=\"climatisation chauffage murale\" srcset=\"https:\/\/staging.belleflamme.ca\/wp-content\/uploads\/2023\/01\/climatisation-chauffage-murale2.webp 500w, https:\/\/staging.belleflamme.ca\/wp-content\/uploads\/2023\/01\/climatisation-chauffage-murale2-240x300.webp 240w\" sizes=\"(max-width: 500px) 100vw, 500px\" \/>\t\t\t\t\t\t\t\t\t\t\t\t\t\t\t<\/div>\n\t\t\t\t<\/div>\n\t\t\t\t\t<\/div>\n\t\t<\/div>\n\t\t\t\t\t<\/div>\n\t\t<\/section>\n\t\t\t\t<\/div>\n\t\t","protected":false},"excerpt":{"rendered":"<p>R\u00e9paration &#038; entretien de climatisation et chauffage R\u00e9paration, entretien et installation de syst\u00e8mes de chauffage et climatisation, CVAC, HVAC. Nous offrons la r\u00e9paration, l&#8217;entretien et l&#8217;installation de syst\u00e8mes de chauffage et climatisation. Offert en syst\u00e8me mural comme en syst\u00e8me central, un syst\u00e8me de chauffage et de climatisation vous offre la solution cl\u00e9 en main par [&hellip;]<\/p>\n","protected":false},"author":1,"featured_media":0,"parent":0,"menu_order":0,"comment_status":"closed","ping_status":"closed","template":"elementor_header_footer","meta":{"inline_featured_image":false,"footnotes":""},"class_list":["post-1209","page","type-page","status-publish","hentry"],"yoast_head":"<!-- This site is optimized with the Yoast SEO Premium plugin v24.2 (Yoast SEO v24.2) - https:\/\/yoast.com\/wordpress\/plugins\/seo\/ -->\n<title>R\u00e9paration &amp; entretien de climatisation et chauffage - Groupe BelleFlamme<\/title>\n<meta name=\"description\" content=\"Services de r\u00e9paration et entretien de climatisation et chauffage \u00e0 Montr\u00e9al, Saint-Sauveur, Gatineau. Rapidit\u00e9, efficacit\u00e9 et fiabilit\u00e9.\" \/>\n<meta name=\"robots\" content=\"index, follow, max-snippet:-1, max-image-preview:large, max-video-preview:-1\" \/>\n<link rel=\"canonical\" href=\"https:\/\/staging.belleflamme.ca\/fr\/service-climatisation-chauffage\/\" \/>\n<meta property=\"og:locale\" content=\"fr_FR\" \/>\n<meta property=\"og:type\" content=\"article\" \/>\n<meta property=\"og:title\" content=\"R\u00e9paration &amp; entretien de climatisation et chauffage\" \/>\n<meta property=\"og:description\" content=\"Services de r\u00e9paration et entretien de climatisation et chauffage \u00e0 Montr\u00e9al, Saint-Sauveur, Gatineau. Rapidit\u00e9, efficacit\u00e9 et fiabilit\u00e9.\" \/>\n<meta property=\"og:url\" content=\"https:\/\/staging.belleflamme.ca\/fr\/service-climatisation-chauffage\/\" \/>\n<meta property=\"og:site_name\" content=\"Groupe BelleFlamme\" \/>\n<meta property=\"article:publisher\" content=\"https:\/\/www.facebook.com\/belleflamme.ca\/\" \/>\n<meta property=\"article:modified_time\" content=\"2024-03-12T16:21:55+00:00\" \/>\n<meta property=\"og:image\" content=\"https:\/\/www.belleflamme.ca\/wp-content\/uploads\/2023\/01\/climatisation-chauffage-services.webp\" \/>\n<meta name=\"twitter:card\" content=\"summary_large_image\" \/>\n<meta name=\"twitter:label1\" content=\"Dur\u00e9e de lecture estim\u00e9e\" \/>\n\t<meta name=\"twitter:data1\" content=\"2 minutes\" \/>\n<script type=\"application\/ld+json\" class=\"yoast-schema-graph\">{\"@context\":\"https:\/\/schema.org\",\"@graph\":[{\"@type\":\"WebPage\",\"@id\":\"https:\/\/staging.belleflamme.ca\/fr\/service-climatisation-chauffage\/\",\"url\":\"https:\/\/staging.belleflamme.ca\/fr\/service-climatisation-chauffage\/\",\"name\":\"R\u00e9paration & entretien de climatisation et chauffage - Groupe BelleFlamme\",\"isPartOf\":{\"@id\":\"https:\/\/www.belleflamme.ca\/fr\/#website\"},\"primaryImageOfPage\":{\"@id\":\"https:\/\/staging.belleflamme.ca\/fr\/service-climatisation-chauffage\/#primaryimage\"},\"image\":{\"@id\":\"https:\/\/staging.belleflamme.ca\/fr\/service-climatisation-chauffage\/#primaryimage\"},\"thumbnailUrl\":\"https:\/\/www.belleflamme.ca\/wp-content\/uploads\/2023\/01\/climatisation-chauffage-services.webp\",\"datePublished\":\"2023-01-25T16:52:54+00:00\",\"dateModified\":\"2024-03-12T16:21:55+00:00\",\"description\":\"Services de r\u00e9paration et entretien de climatisation et chauffage \u00e0 Montr\u00e9al, Saint-Sauveur, Gatineau. Rapidit\u00e9, efficacit\u00e9 et fiabilit\u00e9.\",\"breadcrumb\":{\"@id\":\"https:\/\/staging.belleflamme.ca\/fr\/service-climatisation-chauffage\/#breadcrumb\"},\"inLanguage\":\"fr-FR\",\"potentialAction\":[{\"@type\":\"ReadAction\",\"target\":[\"https:\/\/staging.belleflamme.ca\/fr\/service-climatisation-chauffage\/\"]}]},{\"@type\":\"ImageObject\",\"inLanguage\":\"fr-FR\",\"@id\":\"https:\/\/staging.belleflamme.ca\/fr\/service-climatisation-chauffage\/#primaryimage\",\"url\":\"https:\/\/www.belleflamme.ca\/wp-content\/uploads\/2023\/01\/climatisation-chauffage-services.webp\",\"contentUrl\":\"https:\/\/www.belleflamme.ca\/wp-content\/uploads\/2023\/01\/climatisation-chauffage-services.webp\"},{\"@type\":\"BreadcrumbList\",\"@id\":\"https:\/\/staging.belleflamme.ca\/fr\/service-climatisation-chauffage\/#breadcrumb\",\"itemListElement\":[{\"@type\":\"ListItem\",\"position\":1,\"name\":\"Accueil\",\"item\":\"https:\/\/www.belleflamme.ca\/fr\/\"},{\"@type\":\"ListItem\",\"position\":2,\"name\":\"R\u00e9paration &#038; entretien de climatisation et chauffage\"}]},{\"@type\":\"WebSite\",\"@id\":\"https:\/\/www.belleflamme.ca\/fr\/#website\",\"url\":\"https:\/\/www.belleflamme.ca\/fr\/\",\"name\":\"Groupe Belleflamme\",\"description\":\"La m\u00e9canique du b\u00e2timent dans le sang.\",\"publisher\":{\"@id\":\"https:\/\/www.belleflamme.ca\/fr\/#organization\"},\"potentialAction\":[{\"@type\":\"SearchAction\",\"target\":{\"@type\":\"EntryPoint\",\"urlTemplate\":\"https:\/\/www.belleflamme.ca\/fr\/?s={search_term_string}\"},\"query-input\":{\"@type\":\"PropertyValueSpecification\",\"valueRequired\":true,\"valueName\":\"search_term_string\"}}],\"inLanguage\":\"fr-FR\"},{\"@type\":[\"Organization\",\"Place\"],\"@id\":\"https:\/\/www.belleflamme.ca\/fr\/#organization\",\"name\":\"Groupe Belleflamme\",\"alternateName\":\"Belleflamme\",\"url\":\"https:\/\/www.belleflamme.ca\/fr\/\",\"logo\":{\"@type\":\"ImageObject\",\"inLanguage\":\"fr-FR\",\"@id\":\"https:\/\/www.belleflamme.ca\/fr\/#\/schema\/logo\/image\/\",\"url\":\"https:\/\/staging.belleflamme.ca\/wp-content\/uploads\/2023\/01\/og-image.jpg\",\"contentUrl\":\"https:\/\/staging.belleflamme.ca\/wp-content\/uploads\/2023\/01\/og-image.jpg\",\"width\":1200,\"height\":630,\"caption\":\"Groupe Belleflamme\"},\"image\":{\"@id\":\"https:\/\/www.belleflamme.ca\/fr\/#\/schema\/logo\/image\/\"},\"sameAs\":[\"https:\/\/www.facebook.com\/belleflamme.ca\/\",\"https:\/\/www.linkedin.com\/company\/belleflamme\/\",\"https:\/\/www.pinterest.ca\/groupebelleflamme\/\",\"https:\/\/www.instagram.com\/legroupebelleflamme\/\"],\"mainEntityOfPage\":{\"@id\":\"https:\/\/staging.belleflamme.ca\/fr\/service-climatisation-chauffage\/\"}}]}<\/script>\n<!-- \/ Yoast SEO Premium plugin. -->","yoast_head_json":{"title":"R\u00e9paration & entretien de climatisation et chauffage - Groupe BelleFlamme","description":"Services de r\u00e9paration et entretien de climatisation et chauffage \u00e0 Montr\u00e9al, Saint-Sauveur, Gatineau. Rapidit\u00e9, efficacit\u00e9 et fiabilit\u00e9.","robots":{"index":"index","follow":"follow","max-snippet":"max-snippet:-1","max-image-preview":"max-image-preview:large","max-video-preview":"max-video-preview:-1"},"canonical":"https:\/\/staging.belleflamme.ca\/fr\/service-climatisation-chauffage\/","og_locale":"fr_FR","og_type":"article","og_title":"R\u00e9paration & entretien de climatisation et chauffage","og_description":"Services de r\u00e9paration et entretien de climatisation et chauffage \u00e0 Montr\u00e9al, Saint-Sauveur, Gatineau. Rapidit\u00e9, efficacit\u00e9 et fiabilit\u00e9.","og_url":"https:\/\/staging.belleflamme.ca\/fr\/service-climatisation-chauffage\/","og_site_name":"Groupe BelleFlamme","article_publisher":"https:\/\/www.facebook.com\/belleflamme.ca\/","article_modified_time":"2024-03-12T16:21:55+00:00","og_image":[{"url":"https:\/\/www.belleflamme.ca\/wp-content\/uploads\/2023\/01\/climatisation-chauffage-services.webp","type":"","width":"","height":""}],"twitter_card":"summary_large_image","twitter_misc":{"Dur\u00e9e de lecture estim\u00e9e":"2 minutes"},"schema":{"@context":"https:\/\/schema.org","@graph":[{"@type":"WebPage","@id":"https:\/\/staging.belleflamme.ca\/fr\/service-climatisation-chauffage\/","url":"https:\/\/staging.belleflamme.ca\/fr\/service-climatisation-chauffage\/","name":"R\u00e9paration & entretien de climatisation et chauffage - Groupe BelleFlamme","isPartOf":{"@id":"https:\/\/www.belleflamme.ca\/fr\/#website"},"primaryImageOfPage":{"@id":"https:\/\/staging.belleflamme.ca\/fr\/service-climatisation-chauffage\/#primaryimage"},"image":{"@id":"https:\/\/staging.belleflamme.ca\/fr\/service-climatisation-chauffage\/#primaryimage"},"thumbnailUrl":"https:\/\/www.belleflamme.ca\/wp-content\/uploads\/2023\/01\/climatisation-chauffage-services.webp","datePublished":"2023-01-25T16:52:54+00:00","dateModified":"2024-03-12T16:21:55+00:00","description":"Services de r\u00e9paration et entretien de climatisation et chauffage \u00e0 Montr\u00e9al, Saint-Sauveur, Gatineau. Rapidit\u00e9, efficacit\u00e9 et fiabilit\u00e9.","breadcrumb":{"@id":"https:\/\/staging.belleflamme.ca\/fr\/service-climatisation-chauffage\/#breadcrumb"},"inLanguage":"fr-FR","potentialAction":[{"@type":"ReadAction","target":["https:\/\/staging.belleflamme.ca\/fr\/service-climatisation-chauffage\/"]}]},{"@type":"ImageObject","inLanguage":"fr-FR","@id":"https:\/\/staging.belleflamme.ca\/fr\/service-climatisation-chauffage\/#primaryimage","url":"https:\/\/www.belleflamme.ca\/wp-content\/uploads\/2023\/01\/climatisation-chauffage-services.webp","contentUrl":"https:\/\/www.belleflamme.ca\/wp-content\/uploads\/2023\/01\/climatisation-chauffage-services.webp"},{"@type":"BreadcrumbList","@id":"https:\/\/staging.belleflamme.ca\/fr\/service-climatisation-chauffage\/#breadcrumb","itemListElement":[{"@type":"ListItem","position":1,"name":"Accueil","item":"https:\/\/www.belleflamme.ca\/fr\/"},{"@type":"ListItem","position":2,"name":"R\u00e9paration &#038; entretien de climatisation et chauffage"}]},{"@type":"WebSite","@id":"https:\/\/www.belleflamme.ca\/fr\/#website","url":"https:\/\/www.belleflamme.ca\/fr\/","name":"Groupe Belleflamme","description":"La m\u00e9canique du b\u00e2timent dans le sang.","publisher":{"@id":"https:\/\/www.belleflamme.ca\/fr\/#organization"},"potentialAction":[{"@type":"SearchAction","target":{"@type":"EntryPoint","urlTemplate":"https:\/\/www.belleflamme.ca\/fr\/?s={search_term_string}"},"query-input":{"@type":"PropertyValueSpecification","valueRequired":true,"valueName":"search_term_string"}}],"inLanguage":"fr-FR"},{"@type":["Organization","Place"],"@id":"https:\/\/www.belleflamme.ca\/fr\/#organization","name":"Groupe Belleflamme","alternateName":"Belleflamme","url":"https:\/\/www.belleflamme.ca\/fr\/","logo":{"@type":"ImageObject","inLanguage":"fr-FR","@id":"https:\/\/www.belleflamme.ca\/fr\/#\/schema\/logo\/image\/","url":"https:\/\/staging.belleflamme.ca\/wp-content\/uploads\/2023\/01\/og-image.jpg","contentUrl":"https:\/\/staging.belleflamme.ca\/wp-content\/uploads\/2023\/01\/og-image.jpg","width":1200,"height":630,"caption":"Groupe Belleflamme"},"image":{"@id":"https:\/\/www.belleflamme.ca\/fr\/#\/schema\/logo\/image\/"},"sameAs":["https:\/\/www.facebook.com\/belleflamme.ca\/","https:\/\/www.linkedin.com\/company\/belleflamme\/","https:\/\/www.pinterest.ca\/groupebelleflamme\/","https:\/\/www.instagram.com\/legroupebelleflamme\/"],"mainEntityOfPage":{"@id":"https:\/\/staging.belleflamme.ca\/fr\/service-climatisation-chauffage\/"}}]}},"_links":{"self":[{"href":"https:\/\/staging.belleflamme.ca\/fr\/wp-json\/wp\/v2\/pages\/1209","targetHints":{"allow":["GET"]}}],"collection":[{"href":"https:\/\/staging.belleflamme.ca\/fr\/wp-json\/wp\/v2\/pages"}],"about":[{"href":"https:\/\/staging.belleflamme.ca\/fr\/wp-json\/wp\/v2\/types\/page"}],"author":[{"embeddable":true,"href":"https:\/\/staging.belleflamme.ca\/fr\/wp-json\/wp\/v2\/users\/1"}],"replies":[{"embeddable":true,"href":"https:\/\/staging.belleflamme.ca\/fr\/wp-json\/wp\/v2\/comments?post=1209"}],"version-history":[{"count":4,"href":"https:\/\/staging.belleflamme.ca\/fr\/wp-json\/wp\/v2\/pages\/1209\/revisions"}],"predecessor-version":[{"id":2276,"href":"https:\/\/staging.belleflamme.ca\/fr\/wp-json\/wp\/v2\/pages\/1209\/revisions\/2276"}],"wp:attachment":[{"href":"https:\/\/staging.belleflamme.ca\/fr\/wp-json\/wp\/v2\/media?parent=1209"}],"curies":[{"name":"wp","href":"https:\/\/api.w.org\/{rel}","templated":true}]}}