{"id":1187,"date":"2023-01-25T11:39:05","date_gmt":"2023-01-25T16:39:05","guid":{"rendered":"https:\/\/www.belleflamme.ca\/?page_id=1187"},"modified":"2024-03-12T12:14:41","modified_gmt":"2024-03-12T16:14:41","slug":"climatisation-chauffage-muraux","status":"publish","type":"page","link":"https:\/\/staging.belleflamme.ca\/fr\/climatisation-chauffage-muraux\/","title":{"rendered":"Climatisation &#038; chauffage muraux"},"content":{"rendered":"\t\t<div data-elementor-type=\"wp-page\" data-elementor-id=\"1187\" class=\"elementor elementor-1187\" data-elementor-post-type=\"page\">\n\t\t\t\t\t\t<section class=\"elementor-section elementor-top-section elementor-element elementor-element-10df191 elementor-section-full_width elementor-section-height-default elementor-section-height-default\" data-id=\"10df191\" data-element_type=\"section\">\n\t\t\t\t\t\t<div class=\"elementor-container elementor-column-gap-default\">\n\t\t\t\t\t<div class=\"elementor-column elementor-col-100 elementor-top-column elementor-element elementor-element-2d99108\" data-id=\"2d99108\" data-element_type=\"column\">\n\t\t\t<div class=\"elementor-widget-wrap elementor-element-populated\">\n\t\t\t\t\t\t<div class=\"elementor-element elementor-element-f6bba5e elementor-widget elementor-widget-heading\" data-id=\"f6bba5e\" data-element_type=\"widget\" data-widget_type=\"heading.default\">\n\t\t\t\t<div class=\"elementor-widget-container\">\n\t\t\t\t\t<h2 class=\"elementor-heading-title elementor-size-default\">Climatisation &amp; chauffage muraux<\/h2>\t\t\t\t<\/div>\n\t\t\t\t<\/div>\n\t\t\t\t\t<\/div>\n\t\t<\/div>\n\t\t\t\t\t<\/div>\n\t\t<\/section>\n\t\t\t\t<section class=\"elementor-section elementor-top-section elementor-element elementor-element-bac7a32 elementor-section-boxed elementor-section-height-default elementor-section-height-default\" data-id=\"bac7a32\" data-element_type=\"section\">\n\t\t\t\t\t\t<div class=\"elementor-container elementor-column-gap-default\">\n\t\t\t\t\t<div class=\"elementor-column elementor-col-50 elementor-top-column elementor-element elementor-element-0615e05\" data-id=\"0615e05\" data-element_type=\"column\">\n\t\t\t<div class=\"elementor-widget-wrap elementor-element-populated\">\n\t\t\t\t\t\t<div class=\"elementor-element elementor-element-9d4a67d elementor-widget elementor-widget-image\" data-id=\"9d4a67d\" data-element_type=\"widget\" data-widget_type=\"image.default\">\n\t\t\t\t<div class=\"elementor-widget-container\">\n\t\t\t\t\t\t\t\t\t\t\t\t\t\t\t<img fetchpriority=\"high\" decoding=\"async\" width=\"600\" height=\"400\" src=\"https:\/\/staging.belleflamme.ca\/wp-content\/uploads\/2023\/02\/climatisation-murale-gree-1.webp\" class=\"attachment-large size-large wp-image-2623\" alt=\"\" srcset=\"https:\/\/staging.belleflamme.ca\/wp-content\/uploads\/2023\/02\/climatisation-murale-gree-1.webp 600w, https:\/\/staging.belleflamme.ca\/wp-content\/uploads\/2023\/02\/climatisation-murale-gree-1-300x200.webp 300w\" sizes=\"(max-width: 600px) 100vw, 600px\" \/>\t\t\t\t\t\t\t\t\t\t\t\t\t\t\t<\/div>\n\t\t\t\t<\/div>\n\t\t\t\t\t<\/div>\n\t\t<\/div>\n\t\t\t\t<div class=\"elementor-column elementor-col-50 elementor-top-column elementor-element elementor-element-4e06e0c\" data-id=\"4e06e0c\" data-element_type=\"column\">\n\t\t\t<div class=\"elementor-widget-wrap elementor-element-populated\">\n\t\t\t\t\t\t<div class=\"elementor-element elementor-element-4be3da5 elementor-widget elementor-widget-heading\" data-id=\"4be3da5\" data-element_type=\"widget\" data-widget_type=\"heading.default\">\n\t\t\t\t<div class=\"elementor-widget-container\">\n\t\t\t\t\t<h2 class=\"elementor-heading-title elementor-size-default\">Thermopompe Murale<\/h2>\t\t\t\t<\/div>\n\t\t\t\t<\/div>\n\t\t\t\t<div class=\"elementor-element elementor-element-0d8a7bb elementor-widget elementor-widget-text-editor\" data-id=\"0d8a7bb\" data-element_type=\"widget\" data-widget_type=\"text-editor.default\">\n\t\t\t\t<div class=\"elementor-widget-container\">\n\t\t\t\t\t\t\t\t\t<p>Un syst\u00e8me de chauffage mural vous permet de b\u00e9nificier d&#8217;un syst\u00e8me performant, confortable et certifi\u00e9 Energy Star, assurant une \u00e9conomie de co\u00fbts tout en r\u00e9duisant votre empreinte \u00e9cologique.<\/p><p>Les besoins de notre client\u00e8le en mati\u00e8re de chauffage diff\u00e8rent selon l&#8217;espace, le budget et l&#8217;usage, c&#8217;est pourquoi nous offrons une s\u00e9lection vari\u00e9e afin que vous trouviez la solution id\u00e9ale r\u00e9pondant \u00e0 vos besoins.<\/p><p>Notre \u00e9quipe saura vous conseiller et r\u00e9pondre \u00e0 tous vos questions afin d&#8217;assurer le bon choix \u00e0 court et \u00e0 long terme et effectuer une installation professionnelle de votre syst\u00e8me de chauffage mural.<\/p>\t\t\t\t\t\t\t\t<\/div>\n\t\t\t\t<\/div>\n\t\t\t\t<div class=\"elementor-element elementor-element-f0ae937 elementor-align-center elementor-widget elementor-widget-button\" data-id=\"f0ae937\" data-element_type=\"widget\" data-widget_type=\"button.default\">\n\t\t\t\t<div class=\"elementor-widget-container\">\n\t\t\t\t\t\t\t\t\t<div class=\"elementor-button-wrapper\">\n\t\t\t\t\t<a class=\"elementor-button elementor-button-link elementor-size-sm\" href=\"https:\/\/www.belleflamme.ca\/fr\/categories\/climatisation-chauffage\/systeme-mural\/thermopompes-murales\/\">\n\t\t\t\t\t\t<span class=\"elementor-button-content-wrapper\">\n\t\t\t\t\t\t\t\t\t<span class=\"elementor-button-text\">Voir produits<\/span>\n\t\t\t\t\t<\/span>\n\t\t\t\t\t<\/a>\n\t\t\t\t<\/div>\n\t\t\t\t\t\t\t\t<\/div>\n\t\t\t\t<\/div>\n\t\t\t\t\t<\/div>\n\t\t<\/div>\n\t\t\t\t\t<\/div>\n\t\t<\/section>\n\t\t\t\t<section class=\"elementor-section elementor-top-section elementor-element elementor-element-a567a03 elementor-section-boxed elementor-section-height-default elementor-section-height-default\" data-id=\"a567a03\" data-element_type=\"section\">\n\t\t\t\t\t\t<div class=\"elementor-container elementor-column-gap-default\">\n\t\t\t\t\t<div class=\"elementor-column elementor-col-50 elementor-top-column elementor-element elementor-element-1c9b969\" data-id=\"1c9b969\" data-element_type=\"column\">\n\t\t\t<div class=\"elementor-widget-wrap elementor-element-populated\">\n\t\t\t\t\t\t<div class=\"elementor-element elementor-element-5e5960a elementor-widget elementor-widget-heading\" data-id=\"5e5960a\" data-element_type=\"widget\" data-widget_type=\"heading.default\">\n\t\t\t\t<div class=\"elementor-widget-container\">\n\t\t\t\t\t<h2 class=\"elementor-heading-title elementor-size-default\">Climatisation murale<\/h2>\t\t\t\t<\/div>\n\t\t\t\t<\/div>\n\t\t\t\t<div class=\"elementor-element elementor-element-93524f0 elementor-widget elementor-widget-text-editor\" data-id=\"93524f0\" data-element_type=\"widget\" data-widget_type=\"text-editor.default\">\n\t\t\t\t<div class=\"elementor-widget-container\">\n\t\t\t\t\t\t\t\t\t<p>Nos options de climatisation murales \u00e0 la fine pointe de la technologie, toutes certifi\u00e9es Energy Star, ont ceci en commun : elles assurent un confort climatique tout en r\u00e9duisant votre empreinte \u00e9cologique, ce qui se traduit par des \u00e9conomies.<\/p><p>Ne n\u00e9cessitant aucune r\u00e9novation, nos syst\u00e8mes de climatisation muraux accommodent tous les types d&#8217;espace selon vos besoins, votre budget et vos pr\u00e9visions.<\/p><p>Notre \u00e9quipe de sp\u00e9cialistes certifi\u00e9s poss\u00e8de l&#8217;expertise et le soucis du d\u00e9tail assurant une installation bien pens\u00e9e, adapt\u00e9e \u00e0 votre situation et \u00e0 votre domicile, et saura vous conseiller \u00e0 chaque \u00e9tape du processus pour un choix \u00e9clair\u00e9.<\/p>\t\t\t\t\t\t\t\t<\/div>\n\t\t\t\t<\/div>\n\t\t\t\t<div class=\"elementor-element elementor-element-c876e2c elementor-align-center elementor-widget elementor-widget-button\" data-id=\"c876e2c\" data-element_type=\"widget\" data-widget_type=\"button.default\">\n\t\t\t\t<div class=\"elementor-widget-container\">\n\t\t\t\t\t\t\t\t\t<div class=\"elementor-button-wrapper\">\n\t\t\t\t\t<a class=\"elementor-button elementor-button-link elementor-size-sm\" href=\"https:\/\/www.belleflamme.ca\/fr\/categories\/climatisation-chauffage\/systeme-mural\/climatisation-murale\/\">\n\t\t\t\t\t\t<span class=\"elementor-button-content-wrapper\">\n\t\t\t\t\t\t\t\t\t<span class=\"elementor-button-text\">Voir Produits<\/span>\n\t\t\t\t\t<\/span>\n\t\t\t\t\t<\/a>\n\t\t\t\t<\/div>\n\t\t\t\t\t\t\t\t<\/div>\n\t\t\t\t<\/div>\n\t\t\t\t\t<\/div>\n\t\t<\/div>\n\t\t\t\t<div class=\"elementor-column elementor-col-50 elementor-top-column elementor-element elementor-element-92dbc61\" data-id=\"92dbc61\" data-element_type=\"column\">\n\t\t\t<div class=\"elementor-widget-wrap elementor-element-populated\">\n\t\t\t\t\t\t<div class=\"elementor-element elementor-element-62026f5 elementor-widget elementor-widget-image\" data-id=\"62026f5\" data-element_type=\"widget\" data-widget_type=\"image.default\">\n\t\t\t\t<div class=\"elementor-widget-container\">\n\t\t\t\t\t\t\t\t\t\t\t\t\t\t\t<img decoding=\"async\" width=\"556\" height=\"371\" src=\"https:\/\/staging.belleflamme.ca\/wp-content\/uploads\/2023\/02\/murale-3.webp\" class=\"attachment-large size-large wp-image-2592\" alt=\"climatisation mural\" srcset=\"https:\/\/staging.belleflamme.ca\/wp-content\/uploads\/2023\/02\/murale-3.webp 556w, https:\/\/staging.belleflamme.ca\/wp-content\/uploads\/2023\/02\/murale-3-300x200.webp 300w\" sizes=\"(max-width: 556px) 100vw, 556px\" \/>\t\t\t\t\t\t\t\t\t\t\t\t\t\t\t<\/div>\n\t\t\t\t<\/div>\n\t\t\t\t\t<\/div>\n\t\t<\/div>\n\t\t\t\t\t<\/div>\n\t\t<\/section>\n\t\t\t\t<\/div>\n\t\t","protected":false},"excerpt":{"rendered":"<p>Climatisation &#038; chauffage muraux Thermopompe Murale Un syst\u00e8me de chauffage mural vous permet de b\u00e9nificier d&#8217;un syst\u00e8me performant, confortable et certifi\u00e9 Energy Star, assurant une \u00e9conomie de co\u00fbts tout en r\u00e9duisant votre empreinte \u00e9cologique. Les besoins de notre client\u00e8le en mati\u00e8re de chauffage diff\u00e8rent selon l&#8217;espace, le budget et l&#8217;usage, c&#8217;est pourquoi nous offrons une [&hellip;]<\/p>\n","protected":false},"author":1,"featured_media":0,"parent":0,"menu_order":0,"comment_status":"closed","ping_status":"closed","template":"elementor_header_footer","meta":{"inline_featured_image":false,"footnotes":""},"class_list":["post-1187","page","type-page","status-publish","hentry"],"yoast_head":"<!-- This site is optimized with the Yoast SEO Premium plugin v24.2 (Yoast SEO v24.2) - https:\/\/yoast.com\/wordpress\/plugins\/seo\/ -->\n<title>Climatisation &amp; chauffage muraux - Groupe BelleFlamme<\/title>\n<meta name=\"description\" content=\"Services de vente et installation de climatisation et chauffage muraux \u00e0 Laval, Montr\u00e9al, Saint-Sauveur et Gatineau. Confort optimal garanti.\" \/>\n<meta name=\"robots\" content=\"index, follow, max-snippet:-1, max-image-preview:large, max-video-preview:-1\" \/>\n<link rel=\"canonical\" href=\"https:\/\/staging.belleflamme.ca\/fr\/climatisation-chauffage-muraux\/\" \/>\n<meta property=\"og:locale\" content=\"fr_FR\" \/>\n<meta property=\"og:type\" content=\"article\" \/>\n<meta property=\"og:title\" content=\"Climatisation &amp; chauffage muraux\" \/>\n<meta property=\"og:description\" content=\"Services de vente et installation de climatisation et chauffage muraux \u00e0 Laval, Montr\u00e9al, Saint-Sauveur et Gatineau. Confort optimal garanti.\" \/>\n<meta property=\"og:url\" content=\"https:\/\/staging.belleflamme.ca\/fr\/climatisation-chauffage-muraux\/\" \/>\n<meta property=\"og:site_name\" content=\"Groupe BelleFlamme\" \/>\n<meta property=\"article:publisher\" content=\"https:\/\/www.facebook.com\/belleflamme.ca\/\" \/>\n<meta property=\"article:modified_time\" content=\"2024-03-12T16:14:41+00:00\" \/>\n<meta property=\"og:image\" content=\"https:\/\/www.belleflamme.ca\/wp-content\/uploads\/2023\/02\/climatisation-murale-gree-1.webp\" \/>\n<meta name=\"twitter:card\" content=\"summary_large_image\" \/>\n<meta name=\"twitter:label1\" content=\"Dur\u00e9e de lecture estim\u00e9e\" \/>\n\t<meta name=\"twitter:data1\" content=\"2 minutes\" \/>\n<script type=\"application\/ld+json\" class=\"yoast-schema-graph\">{\"@context\":\"https:\/\/schema.org\",\"@graph\":[{\"@type\":\"WebPage\",\"@id\":\"https:\/\/staging.belleflamme.ca\/fr\/climatisation-chauffage-muraux\/\",\"url\":\"https:\/\/staging.belleflamme.ca\/fr\/climatisation-chauffage-muraux\/\",\"name\":\"Climatisation & chauffage muraux - Groupe BelleFlamme\",\"isPartOf\":{\"@id\":\"https:\/\/www.belleflamme.ca\/fr\/#website\"},\"primaryImageOfPage\":{\"@id\":\"https:\/\/staging.belleflamme.ca\/fr\/climatisation-chauffage-muraux\/#primaryimage\"},\"image\":{\"@id\":\"https:\/\/staging.belleflamme.ca\/fr\/climatisation-chauffage-muraux\/#primaryimage\"},\"thumbnailUrl\":\"https:\/\/www.belleflamme.ca\/wp-content\/uploads\/2023\/02\/climatisation-murale-gree-1.webp\",\"datePublished\":\"2023-01-25T16:39:05+00:00\",\"dateModified\":\"2024-03-12T16:14:41+00:00\",\"description\":\"Services de vente et installation de climatisation et chauffage muraux \u00e0 Laval, Montr\u00e9al, Saint-Sauveur et Gatineau. Confort optimal garanti.\",\"breadcrumb\":{\"@id\":\"https:\/\/staging.belleflamme.ca\/fr\/climatisation-chauffage-muraux\/#breadcrumb\"},\"inLanguage\":\"fr-FR\",\"potentialAction\":[{\"@type\":\"ReadAction\",\"target\":[\"https:\/\/staging.belleflamme.ca\/fr\/climatisation-chauffage-muraux\/\"]}]},{\"@type\":\"ImageObject\",\"inLanguage\":\"fr-FR\",\"@id\":\"https:\/\/staging.belleflamme.ca\/fr\/climatisation-chauffage-muraux\/#primaryimage\",\"url\":\"https:\/\/www.belleflamme.ca\/wp-content\/uploads\/2023\/02\/climatisation-murale-gree-1.webp\",\"contentUrl\":\"https:\/\/www.belleflamme.ca\/wp-content\/uploads\/2023\/02\/climatisation-murale-gree-1.webp\"},{\"@type\":\"BreadcrumbList\",\"@id\":\"https:\/\/staging.belleflamme.ca\/fr\/climatisation-chauffage-muraux\/#breadcrumb\",\"itemListElement\":[{\"@type\":\"ListItem\",\"position\":1,\"name\":\"Accueil\",\"item\":\"https:\/\/www.belleflamme.ca\/fr\/\"},{\"@type\":\"ListItem\",\"position\":2,\"name\":\"Climatisation &#038; chauffage muraux\"}]},{\"@type\":\"WebSite\",\"@id\":\"https:\/\/www.belleflamme.ca\/fr\/#website\",\"url\":\"https:\/\/www.belleflamme.ca\/fr\/\",\"name\":\"Groupe Belleflamme\",\"description\":\"La m\u00e9canique du b\u00e2timent dans le sang.\",\"publisher\":{\"@id\":\"https:\/\/www.belleflamme.ca\/fr\/#organization\"},\"potentialAction\":[{\"@type\":\"SearchAction\",\"target\":{\"@type\":\"EntryPoint\",\"urlTemplate\":\"https:\/\/www.belleflamme.ca\/fr\/?s={search_term_string}\"},\"query-input\":{\"@type\":\"PropertyValueSpecification\",\"valueRequired\":true,\"valueName\":\"search_term_string\"}}],\"inLanguage\":\"fr-FR\"},{\"@type\":[\"Organization\",\"Place\"],\"@id\":\"https:\/\/www.belleflamme.ca\/fr\/#organization\",\"name\":\"Groupe Belleflamme\",\"alternateName\":\"Belleflamme\",\"url\":\"https:\/\/www.belleflamme.ca\/fr\/\",\"logo\":{\"@type\":\"ImageObject\",\"inLanguage\":\"fr-FR\",\"@id\":\"https:\/\/www.belleflamme.ca\/fr\/#\/schema\/logo\/image\/\",\"url\":\"https:\/\/staging.belleflamme.ca\/wp-content\/uploads\/2023\/01\/og-image.jpg\",\"contentUrl\":\"https:\/\/staging.belleflamme.ca\/wp-content\/uploads\/2023\/01\/og-image.jpg\",\"width\":1200,\"height\":630,\"caption\":\"Groupe Belleflamme\"},\"image\":{\"@id\":\"https:\/\/www.belleflamme.ca\/fr\/#\/schema\/logo\/image\/\"},\"sameAs\":[\"https:\/\/www.facebook.com\/belleflamme.ca\/\",\"https:\/\/www.linkedin.com\/company\/belleflamme\/\",\"https:\/\/www.pinterest.ca\/groupebelleflamme\/\",\"https:\/\/www.instagram.com\/legroupebelleflamme\/\"],\"mainEntityOfPage\":{\"@id\":\"https:\/\/staging.belleflamme.ca\/fr\/climatisation-chauffage-muraux\/\"}}]}<\/script>\n<!-- \/ Yoast SEO Premium plugin. -->","yoast_head_json":{"title":"Climatisation & chauffage muraux - Groupe BelleFlamme","description":"Services de vente et installation de climatisation et chauffage muraux \u00e0 Laval, Montr\u00e9al, Saint-Sauveur et Gatineau. Confort optimal garanti.","robots":{"index":"index","follow":"follow","max-snippet":"max-snippet:-1","max-image-preview":"max-image-preview:large","max-video-preview":"max-video-preview:-1"},"canonical":"https:\/\/staging.belleflamme.ca\/fr\/climatisation-chauffage-muraux\/","og_locale":"fr_FR","og_type":"article","og_title":"Climatisation & chauffage muraux","og_description":"Services de vente et installation de climatisation et chauffage muraux \u00e0 Laval, Montr\u00e9al, Saint-Sauveur et Gatineau. Confort optimal garanti.","og_url":"https:\/\/staging.belleflamme.ca\/fr\/climatisation-chauffage-muraux\/","og_site_name":"Groupe BelleFlamme","article_publisher":"https:\/\/www.facebook.com\/belleflamme.ca\/","article_modified_time":"2024-03-12T16:14:41+00:00","og_image":[{"url":"https:\/\/www.belleflamme.ca\/wp-content\/uploads\/2023\/02\/climatisation-murale-gree-1.webp","type":"","width":"","height":""}],"twitter_card":"summary_large_image","twitter_misc":{"Dur\u00e9e de lecture estim\u00e9e":"2 minutes"},"schema":{"@context":"https:\/\/schema.org","@graph":[{"@type":"WebPage","@id":"https:\/\/staging.belleflamme.ca\/fr\/climatisation-chauffage-muraux\/","url":"https:\/\/staging.belleflamme.ca\/fr\/climatisation-chauffage-muraux\/","name":"Climatisation & chauffage muraux - Groupe BelleFlamme","isPartOf":{"@id":"https:\/\/www.belleflamme.ca\/fr\/#website"},"primaryImageOfPage":{"@id":"https:\/\/staging.belleflamme.ca\/fr\/climatisation-chauffage-muraux\/#primaryimage"},"image":{"@id":"https:\/\/staging.belleflamme.ca\/fr\/climatisation-chauffage-muraux\/#primaryimage"},"thumbnailUrl":"https:\/\/www.belleflamme.ca\/wp-content\/uploads\/2023\/02\/climatisation-murale-gree-1.webp","datePublished":"2023-01-25T16:39:05+00:00","dateModified":"2024-03-12T16:14:41+00:00","description":"Services de vente et installation de climatisation et chauffage muraux \u00e0 Laval, Montr\u00e9al, Saint-Sauveur et Gatineau. Confort optimal garanti.","breadcrumb":{"@id":"https:\/\/staging.belleflamme.ca\/fr\/climatisation-chauffage-muraux\/#breadcrumb"},"inLanguage":"fr-FR","potentialAction":[{"@type":"ReadAction","target":["https:\/\/staging.belleflamme.ca\/fr\/climatisation-chauffage-muraux\/"]}]},{"@type":"ImageObject","inLanguage":"fr-FR","@id":"https:\/\/staging.belleflamme.ca\/fr\/climatisation-chauffage-muraux\/#primaryimage","url":"https:\/\/www.belleflamme.ca\/wp-content\/uploads\/2023\/02\/climatisation-murale-gree-1.webp","contentUrl":"https:\/\/www.belleflamme.ca\/wp-content\/uploads\/2023\/02\/climatisation-murale-gree-1.webp"},{"@type":"BreadcrumbList","@id":"https:\/\/staging.belleflamme.ca\/fr\/climatisation-chauffage-muraux\/#breadcrumb","itemListElement":[{"@type":"ListItem","position":1,"name":"Accueil","item":"https:\/\/www.belleflamme.ca\/fr\/"},{"@type":"ListItem","position":2,"name":"Climatisation &#038; chauffage muraux"}]},{"@type":"WebSite","@id":"https:\/\/www.belleflamme.ca\/fr\/#website","url":"https:\/\/www.belleflamme.ca\/fr\/","name":"Groupe Belleflamme","description":"La m\u00e9canique du b\u00e2timent dans le sang.","publisher":{"@id":"https:\/\/www.belleflamme.ca\/fr\/#organization"},"potentialAction":[{"@type":"SearchAction","target":{"@type":"EntryPoint","urlTemplate":"https:\/\/www.belleflamme.ca\/fr\/?s={search_term_string}"},"query-input":{"@type":"PropertyValueSpecification","valueRequired":true,"valueName":"search_term_string"}}],"inLanguage":"fr-FR"},{"@type":["Organization","Place"],"@id":"https:\/\/www.belleflamme.ca\/fr\/#organization","name":"Groupe Belleflamme","alternateName":"Belleflamme","url":"https:\/\/www.belleflamme.ca\/fr\/","logo":{"@type":"ImageObject","inLanguage":"fr-FR","@id":"https:\/\/www.belleflamme.ca\/fr\/#\/schema\/logo\/image\/","url":"https:\/\/staging.belleflamme.ca\/wp-content\/uploads\/2023\/01\/og-image.jpg","contentUrl":"https:\/\/staging.belleflamme.ca\/wp-content\/uploads\/2023\/01\/og-image.jpg","width":1200,"height":630,"caption":"Groupe Belleflamme"},"image":{"@id":"https:\/\/www.belleflamme.ca\/fr\/#\/schema\/logo\/image\/"},"sameAs":["https:\/\/www.facebook.com\/belleflamme.ca\/","https:\/\/www.linkedin.com\/company\/belleflamme\/","https:\/\/www.pinterest.ca\/groupebelleflamme\/","https:\/\/www.instagram.com\/legroupebelleflamme\/"],"mainEntityOfPage":{"@id":"https:\/\/staging.belleflamme.ca\/fr\/climatisation-chauffage-muraux\/"}}]}},"_links":{"self":[{"href":"https:\/\/staging.belleflamme.ca\/fr\/wp-json\/wp\/v2\/pages\/1187","targetHints":{"allow":["GET"]}}],"collection":[{"href":"https:\/\/staging.belleflamme.ca\/fr\/wp-json\/wp\/v2\/pages"}],"about":[{"href":"https:\/\/staging.belleflamme.ca\/fr\/wp-json\/wp\/v2\/types\/page"}],"author":[{"embeddable":true,"href":"https:\/\/staging.belleflamme.ca\/fr\/wp-json\/wp\/v2\/users\/1"}],"replies":[{"embeddable":true,"href":"https:\/\/staging.belleflamme.ca\/fr\/wp-json\/wp\/v2\/comments?post=1187"}],"version-history":[{"count":5,"href":"https:\/\/staging.belleflamme.ca\/fr\/wp-json\/wp\/v2\/pages\/1187\/revisions"}],"predecessor-version":[{"id":7208,"href":"https:\/\/staging.belleflamme.ca\/fr\/wp-json\/wp\/v2\/pages\/1187\/revisions\/7208"}],"wp:attachment":[{"href":"https:\/\/staging.belleflamme.ca\/fr\/wp-json\/wp\/v2\/media?parent=1187"}],"curies":[{"name":"wp","href":"https:\/\/api.w.org\/{rel}","templated":true}]}}