{"id":1148,"date":"2023-01-25T10:35:28","date_gmt":"2023-01-25T15:35:28","guid":{"rendered":"https:\/\/www.belleflamme.ca\/?page_id=1148"},"modified":"2025-03-31T14:03:06","modified_gmt":"2025-03-31T18:03:06","slug":"climatisation-chauffage-centraux","status":"publish","type":"page","link":"https:\/\/staging.belleflamme.ca\/fr\/climatisation-chauffage-centraux\/","title":{"rendered":"Climatisation &#038; chauffage centraux"},"content":{"rendered":"\t\t<div data-elementor-type=\"wp-page\" data-elementor-id=\"1148\" class=\"elementor elementor-1148\" data-elementor-post-type=\"page\">\n\t\t\t\t\t\t<section class=\"elementor-section elementor-top-section elementor-element elementor-element-3b2560c elementor-section-full_width elementor-section-height-default elementor-section-height-default\" data-id=\"3b2560c\" data-element_type=\"section\">\n\t\t\t\t\t\t<div class=\"elementor-container elementor-column-gap-default\">\n\t\t\t\t\t<div class=\"elementor-column elementor-col-100 elementor-top-column elementor-element elementor-element-088da63\" data-id=\"088da63\" data-element_type=\"column\">\n\t\t\t<div class=\"elementor-widget-wrap elementor-element-populated\">\n\t\t\t\t\t\t<div class=\"elementor-element elementor-element-c550d52 elementor-widget elementor-widget-heading\" data-id=\"c550d52\" data-element_type=\"widget\" data-widget_type=\"heading.default\">\n\t\t\t\t<div class=\"elementor-widget-container\">\n\t\t\t\t\t<h2 class=\"elementor-heading-title elementor-size-default\">Climatisation &amp; chauffage central<\/h2>\t\t\t\t<\/div>\n\t\t\t\t<\/div>\n\t\t\t\t\t<\/div>\n\t\t<\/div>\n\t\t\t\t\t<\/div>\n\t\t<\/section>\n\t\t\t\t<section class=\"elementor-section elementor-top-section elementor-element elementor-element-fb618b8 elementor-section-boxed elementor-section-height-default elementor-section-height-default\" data-id=\"fb618b8\" data-element_type=\"section\">\n\t\t\t\t\t\t<div class=\"elementor-container elementor-column-gap-default\">\n\t\t\t\t\t<div class=\"elementor-column elementor-col-50 elementor-top-column elementor-element elementor-element-72ebcdb\" data-id=\"72ebcdb\" data-element_type=\"column\">\n\t\t\t<div class=\"elementor-widget-wrap elementor-element-populated\">\n\t\t\t\t\t\t<div class=\"elementor-element elementor-element-4d87a96 elementor-widget elementor-widget-image\" data-id=\"4d87a96\" data-element_type=\"widget\" data-widget_type=\"image.default\">\n\t\t\t\t<div class=\"elementor-widget-container\">\n\t\t\t\t\t\t\t\t\t\t\t\t\t\t\t<img fetchpriority=\"high\" decoding=\"async\" width=\"600\" height=\"791\" src=\"https:\/\/staging.belleflamme.ca\/wp-content\/uploads\/2023\/02\/fournaise.webp\" class=\"attachment-large size-large wp-image-2597\" alt=\"fournaise\" srcset=\"https:\/\/staging.belleflamme.ca\/wp-content\/uploads\/2023\/02\/fournaise.webp 600w, https:\/\/staging.belleflamme.ca\/wp-content\/uploads\/2023\/02\/fournaise-228x300.webp 228w\" sizes=\"(max-width: 600px) 100vw, 600px\" \/>\t\t\t\t\t\t\t\t\t\t\t\t\t\t\t<\/div>\n\t\t\t\t<\/div>\n\t\t\t\t\t<\/div>\n\t\t<\/div>\n\t\t\t\t<div class=\"elementor-column elementor-col-50 elementor-top-column elementor-element elementor-element-abd7325\" data-id=\"abd7325\" data-element_type=\"column\">\n\t\t\t<div class=\"elementor-widget-wrap elementor-element-populated\">\n\t\t\t\t\t\t<div class=\"elementor-element elementor-element-918da98 elementor-widget elementor-widget-heading\" data-id=\"918da98\" data-element_type=\"widget\" data-widget_type=\"heading.default\">\n\t\t\t\t<div class=\"elementor-widget-container\">\n\t\t\t\t\t<h2 class=\"elementor-heading-title elementor-size-default\">Chauffage central<\/h2>\t\t\t\t<\/div>\n\t\t\t\t<\/div>\n\t\t\t\t<div class=\"elementor-element elementor-element-6f0216a elementor-widget elementor-widget-text-editor\" data-id=\"6f0216a\" data-element_type=\"widget\" data-widget_type=\"text-editor.default\">\n\t\t\t\t<div class=\"elementor-widget-container\">\n\t\t\t\t\t\t\t\t\t<p>Un syst\u00e8me de chauffage central chauffe l&#8217;enti\u00e8ret\u00e9 de votre habitation. Bien que les m\u00e9thodes et les types de chauffage varient, un syst\u00e8me de chauffage central offre toujours une exp\u00e9rience de chauffage uniforme et confortable. De plus, elle est g\u00e9n\u00e9ralement la solution \u00e9conomique et \u00e9cologique. Comparativement aux syst\u00e8mes de chauffage muraux, un syst\u00e8me de chauffage central peut vous permettre des \u00e9conomies d&#8217;\u00e9nergie allant jusqu&#8217;\u00e0 40%.<\/p><p>Comme tous les syst\u00e8mes centraux, vous b\u00e9nificiez \u00e9galement du d\u00e9gagement et du renouvellement\u00a0d&#8217;air, procurant ainsi une qualit\u00e9 d&#8217;air sup\u00e9rieure gr\u00e2ce au filtrage de la poussi\u00e8re, des polluants et des d\u00e9bris microscopiques.<\/p><p>Notre \u00e9quipe chevronn\u00e9e et sp\u00e9cialis\u00e9e saura vous conseiller sur le syst\u00e8me de chauffage central qui est le mieux adapt\u00e9 \u00e0 votre emplacement, votre style de vie et vos besoins. En offrant une vaste s\u00e9lection de syst\u00e8mes certifi\u00e9s Energy Star, nous pouvons garantir que votre syst\u00e8me de chauffage r\u00e9pondra \u00e0 vos besoins et d\u00e9passera vos attentes, tout en r\u00e9duisant votre empreinte \u00e9cologique.<\/p><p>.<\/p>\t\t\t\t\t\t\t\t<\/div>\n\t\t\t\t<\/div>\n\t\t\t\t<div class=\"elementor-element elementor-element-c2db274 elementor-align-center elementor-widget elementor-widget-button\" data-id=\"c2db274\" data-element_type=\"widget\" data-widget_type=\"button.default\">\n\t\t\t\t<div class=\"elementor-widget-container\">\n\t\t\t\t\t\t\t\t\t<div class=\"elementor-button-wrapper\">\n\t\t\t\t\t<a class=\"elementor-button elementor-button-link elementor-size-sm\" href=\"\/fr\/categories\/climatisation-chauffage\/systeme-central\/fournaise\/\">\n\t\t\t\t\t\t<span class=\"elementor-button-content-wrapper\">\n\t\t\t\t\t\t\t\t\t<span class=\"elementor-button-text\">Voir produits<\/span>\n\t\t\t\t\t<\/span>\n\t\t\t\t\t<\/a>\n\t\t\t\t<\/div>\n\t\t\t\t\t\t\t\t<\/div>\n\t\t\t\t<\/div>\n\t\t\t\t\t<\/div>\n\t\t<\/div>\n\t\t\t\t\t<\/div>\n\t\t<\/section>\n\t\t\t\t<section class=\"elementor-section elementor-top-section elementor-element elementor-element-16810af elementor-section-boxed elementor-section-height-default elementor-section-height-default\" data-id=\"16810af\" data-element_type=\"section\">\n\t\t\t\t\t\t<div class=\"elementor-container elementor-column-gap-default\">\n\t\t\t\t\t<div class=\"elementor-column elementor-col-100 elementor-top-column elementor-element elementor-element-9220974\" data-id=\"9220974\" data-element_type=\"column\">\n\t\t\t<div class=\"elementor-widget-wrap elementor-element-populated\">\n\t\t\t\t\t\t<div class=\"elementor-element elementor-element-c8c4ef7 elementor-widget elementor-widget-video\" data-id=\"c8c4ef7\" data-element_type=\"widget\" data-settings=\"{&quot;youtube_url&quot;:&quot;https:\\\/\\\/www.youtube.com\\\/watch?v=Zqu8gmQp3iU&quot;,&quot;video_type&quot;:&quot;youtube&quot;,&quot;controls&quot;:&quot;yes&quot;}\" data-widget_type=\"video.default\">\n\t\t\t\t<div class=\"elementor-widget-container\">\n\t\t\t\t\t\t\t<div class=\"elementor-wrapper elementor-open-inline\">\n\t\t\t<div class=\"elementor-video\"><\/div>\t\t<\/div>\n\t\t\t\t\t\t<\/div>\n\t\t\t\t<\/div>\n\t\t\t\t\t<\/div>\n\t\t<\/div>\n\t\t\t\t\t<\/div>\n\t\t<\/section>\n\t\t\t\t<section class=\"elementor-section elementor-top-section elementor-element elementor-element-6860487 elementor-section-boxed elementor-section-height-default elementor-section-height-default\" data-id=\"6860487\" data-element_type=\"section\">\n\t\t\t\t\t\t<div class=\"elementor-container elementor-column-gap-default\">\n\t\t\t\t\t<div class=\"elementor-column elementor-col-50 elementor-top-column elementor-element elementor-element-39bc1d6\" data-id=\"39bc1d6\" data-element_type=\"column\">\n\t\t\t<div class=\"elementor-widget-wrap elementor-element-populated\">\n\t\t\t\t\t\t<div class=\"elementor-element elementor-element-2a88401 elementor-widget elementor-widget-heading\" data-id=\"2a88401\" data-element_type=\"widget\" data-widget_type=\"heading.default\">\n\t\t\t\t<div class=\"elementor-widget-container\">\n\t\t\t\t\t<h2 class=\"elementor-heading-title elementor-size-default\">Climatisation centrale<\/h2>\t\t\t\t<\/div>\n\t\t\t\t<\/div>\n\t\t\t\t<div class=\"elementor-element elementor-element-93cc463 elementor-widget elementor-widget-text-editor\" data-id=\"93cc463\" data-element_type=\"widget\" data-widget_type=\"text-editor.default\">\n\t\t\t\t<div class=\"elementor-widget-container\">\n\t\t\t\t\t\t\t\t\t<p>La climatisation centrale est la meilleure solution qui s&#8217;offre \u00e0 vous. L&#8217;air refroidi est uniform\u00e9ment dispers\u00e9 dans votre habitation, \u00e9vitant ainsi les \u00e9carts de temp\u00e9rature tout en assurant une ventilation continue et un renouvellement de l&#8217;air respir\u00e9, tout en diminuant l&#8217;humidit\u00e9 et en pr\u00e9venant la moisissure.<\/p><p>De plus, un syst\u00e8me de climatisation central est pratiquement silencieux, le compresseur d&#8217;air se trouvant \u00e0 l&#8217;ext\u00e9rieur de la maison.<\/p><p>L&#8217;air d\u00e9gag\u00e9, entrant et sortant, est filtr\u00e9 afin d&#8217;\u00e9liminer la poussi\u00e8re, les d\u00e9bris microscopiques et les polluants, avant d&#8217;\u00eatre redirig\u00e9 dans les pi\u00e8ces de votre domicile.<\/p><p>Si votre habitation n&#8217;est pas \u00e9quip\u00e9e d&#8217;un syst\u00e8me de conduits, notre \u00e9quipe chevronn\u00e9e saura effectuer l&#8217;installation de celui-ci avant celle de la climatisation centrale. Notre travail est toujours ex\u00e9cut\u00e9 selon les plus hauts standards de l&#8217;industrie et en employant les outils et techniques \u00e0 la fine pointe de la technologie, le tout dans le respect de l&#8217;environnement.<\/p>\t\t\t\t\t\t\t\t<\/div>\n\t\t\t\t<\/div>\n\t\t\t\t<div class=\"elementor-element elementor-element-480765d elementor-align-center elementor-widget elementor-widget-button\" data-id=\"480765d\" data-element_type=\"widget\" data-widget_type=\"button.default\">\n\t\t\t\t<div class=\"elementor-widget-container\">\n\t\t\t\t\t\t\t\t\t<div class=\"elementor-button-wrapper\">\n\t\t\t\t\t<a class=\"elementor-button elementor-button-link elementor-size-sm\" href=\"https:\/\/www.belleflamme.ca\/fr\/categories\/climatisation-chauffage\/systeme-central\/climatisation\/\">\n\t\t\t\t\t\t<span class=\"elementor-button-content-wrapper\">\n\t\t\t\t\t\t\t\t\t<span class=\"elementor-button-text\">Voir produits<\/span>\n\t\t\t\t\t<\/span>\n\t\t\t\t\t<\/a>\n\t\t\t\t<\/div>\n\t\t\t\t\t\t\t\t<\/div>\n\t\t\t\t<\/div>\n\t\t\t\t\t<\/div>\n\t\t<\/div>\n\t\t\t\t<div class=\"elementor-column elementor-col-50 elementor-top-column elementor-element elementor-element-e4a614d\" data-id=\"e4a614d\" data-element_type=\"column\">\n\t\t\t<div class=\"elementor-widget-wrap elementor-element-populated\">\n\t\t\t\t\t\t<div class=\"elementor-element elementor-element-024f01a elementor-widget elementor-widget-image\" data-id=\"024f01a\" data-element_type=\"widget\" data-widget_type=\"image.default\">\n\t\t\t\t<div class=\"elementor-widget-container\">\n\t\t\t\t\t\t\t\t\t\t\t\t\t\t\t<img decoding=\"async\" width=\"970\" height=\"647\" src=\"https:\/\/staging.belleflamme.ca\/wp-content\/uploads\/2023\/02\/trane-thermopompe-1.webp\" class=\"attachment-large size-large wp-image-2602\" alt=\"\" srcset=\"https:\/\/staging.belleflamme.ca\/wp-content\/uploads\/2023\/02\/trane-thermopompe-1.webp 970w, https:\/\/staging.belleflamme.ca\/wp-content\/uploads\/2023\/02\/trane-thermopompe-1-900x600.webp 900w, https:\/\/staging.belleflamme.ca\/wp-content\/uploads\/2023\/02\/trane-thermopompe-1-300x200.webp 300w, https:\/\/staging.belleflamme.ca\/wp-content\/uploads\/2023\/02\/trane-thermopompe-1-768x512.webp 768w\" sizes=\"(max-width: 970px) 100vw, 970px\" \/>\t\t\t\t\t\t\t\t\t\t\t\t\t\t\t<\/div>\n\t\t\t\t<\/div>\n\t\t\t\t\t<\/div>\n\t\t<\/div>\n\t\t\t\t\t<\/div>\n\t\t<\/section>\n\t\t\t\t<\/div>\n\t\t","protected":false},"excerpt":{"rendered":"<p>Climatisation &amp; chauffage central Chauffage central Un syst\u00e8me de chauffage central chauffe l&#8217;enti\u00e8ret\u00e9 de votre habitation. Bien que les m\u00e9thodes et les types de chauffage varient, un syst\u00e8me de chauffage central offre toujours une exp\u00e9rience de chauffage uniforme et confortable. De plus, elle est g\u00e9n\u00e9ralement la solution \u00e9conomique et \u00e9cologique. Comparativement aux syst\u00e8mes de chauffage [&hellip;]<\/p>\n","protected":false},"author":1,"featured_media":0,"parent":0,"menu_order":0,"comment_status":"closed","ping_status":"closed","template":"elementor_header_footer","meta":{"inline_featured_image":false,"footnotes":""},"class_list":["post-1148","page","type-page","status-publish","hentry"],"yoast_head":"<!-- This site is optimized with the Yoast SEO Premium plugin v24.2 (Yoast SEO v24.2) - https:\/\/yoast.com\/wordpress\/plugins\/seo\/ -->\n<title>Climatisation &amp; chauffage centraux - Groupe BelleFlamme<\/title>\n<meta name=\"description\" content=\"Service de vente et installation de syst\u00e8mes de climatisation et chauffage \u00e0 Laval centraux, Montr\u00e9al, Saint-Sauveur et Gatineau.\" \/>\n<meta name=\"robots\" content=\"index, follow, max-snippet:-1, max-image-preview:large, max-video-preview:-1\" \/>\n<link rel=\"canonical\" href=\"https:\/\/staging.belleflamme.ca\/fr\/climatisation-chauffage-centraux\/\" \/>\n<meta property=\"og:locale\" content=\"fr_FR\" \/>\n<meta property=\"og:type\" content=\"article\" \/>\n<meta property=\"og:title\" content=\"Climatisation &amp; chauffage centraux\" \/>\n<meta property=\"og:description\" content=\"Service de vente et installation de syst\u00e8mes de climatisation et chauffage \u00e0 Laval centraux, Montr\u00e9al, Saint-Sauveur et Gatineau.\" \/>\n<meta property=\"og:url\" content=\"https:\/\/staging.belleflamme.ca\/fr\/climatisation-chauffage-centraux\/\" \/>\n<meta property=\"og:site_name\" content=\"Groupe BelleFlamme\" \/>\n<meta property=\"article:publisher\" content=\"https:\/\/www.facebook.com\/belleflamme.ca\/\" \/>\n<meta property=\"article:modified_time\" content=\"2025-03-31T18:03:06+00:00\" \/>\n<meta property=\"og:image\" content=\"https:\/\/staging.belleflamme.ca\/wp-content\/uploads\/2023\/02\/fournaise.webp\" \/>\n\t<meta property=\"og:image:width\" content=\"600\" \/>\n\t<meta property=\"og:image:height\" content=\"791\" \/>\n\t<meta property=\"og:image:type\" content=\"image\/webp\" \/>\n<meta name=\"twitter:card\" content=\"summary_large_image\" \/>\n<meta name=\"twitter:label1\" content=\"Dur\u00e9e de lecture estim\u00e9e\" \/>\n\t<meta name=\"twitter:data1\" content=\"3 minutes\" \/>\n<script type=\"application\/ld+json\" class=\"yoast-schema-graph\">{\"@context\":\"https:\/\/schema.org\",\"@graph\":[{\"@type\":\"WebPage\",\"@id\":\"https:\/\/staging.belleflamme.ca\/fr\/climatisation-chauffage-centraux\/\",\"url\":\"https:\/\/staging.belleflamme.ca\/fr\/climatisation-chauffage-centraux\/\",\"name\":\"Climatisation & chauffage centraux - Groupe BelleFlamme\",\"isPartOf\":{\"@id\":\"https:\/\/www.belleflamme.ca\/fr\/#website\"},\"primaryImageOfPage\":{\"@id\":\"https:\/\/staging.belleflamme.ca\/fr\/climatisation-chauffage-centraux\/#primaryimage\"},\"image\":{\"@id\":\"https:\/\/staging.belleflamme.ca\/fr\/climatisation-chauffage-centraux\/#primaryimage\"},\"thumbnailUrl\":\"https:\/\/www.belleflamme.ca\/wp-content\/uploads\/2023\/02\/fournaise.webp\",\"datePublished\":\"2023-01-25T15:35:28+00:00\",\"dateModified\":\"2025-03-31T18:03:06+00:00\",\"description\":\"Service de vente et installation de syst\u00e8mes de climatisation et chauffage \u00e0 Laval centraux, Montr\u00e9al, Saint-Sauveur et Gatineau.\",\"breadcrumb\":{\"@id\":\"https:\/\/staging.belleflamme.ca\/fr\/climatisation-chauffage-centraux\/#breadcrumb\"},\"inLanguage\":\"fr-FR\",\"potentialAction\":[{\"@type\":\"ReadAction\",\"target\":[\"https:\/\/staging.belleflamme.ca\/fr\/climatisation-chauffage-centraux\/\"]}]},{\"@type\":\"ImageObject\",\"inLanguage\":\"fr-FR\",\"@id\":\"https:\/\/staging.belleflamme.ca\/fr\/climatisation-chauffage-centraux\/#primaryimage\",\"url\":\"https:\/\/www.belleflamme.ca\/wp-content\/uploads\/2023\/02\/fournaise.webp\",\"contentUrl\":\"https:\/\/www.belleflamme.ca\/wp-content\/uploads\/2023\/02\/fournaise.webp\"},{\"@type\":\"BreadcrumbList\",\"@id\":\"https:\/\/staging.belleflamme.ca\/fr\/climatisation-chauffage-centraux\/#breadcrumb\",\"itemListElement\":[{\"@type\":\"ListItem\",\"position\":1,\"name\":\"Accueil\",\"item\":\"https:\/\/www.belleflamme.ca\/fr\/\"},{\"@type\":\"ListItem\",\"position\":2,\"name\":\"Climatisation &#038; chauffage centraux\"}]},{\"@type\":\"WebSite\",\"@id\":\"https:\/\/www.belleflamme.ca\/fr\/#website\",\"url\":\"https:\/\/www.belleflamme.ca\/fr\/\",\"name\":\"Groupe Belleflamme\",\"description\":\"La m\u00e9canique du b\u00e2timent dans le sang.\",\"publisher\":{\"@id\":\"https:\/\/www.belleflamme.ca\/fr\/#organization\"},\"potentialAction\":[{\"@type\":\"SearchAction\",\"target\":{\"@type\":\"EntryPoint\",\"urlTemplate\":\"https:\/\/www.belleflamme.ca\/fr\/?s={search_term_string}\"},\"query-input\":{\"@type\":\"PropertyValueSpecification\",\"valueRequired\":true,\"valueName\":\"search_term_string\"}}],\"inLanguage\":\"fr-FR\"},{\"@type\":[\"Organization\",\"Place\"],\"@id\":\"https:\/\/www.belleflamme.ca\/fr\/#organization\",\"name\":\"Groupe Belleflamme\",\"alternateName\":\"Belleflamme\",\"url\":\"https:\/\/www.belleflamme.ca\/fr\/\",\"logo\":{\"@type\":\"ImageObject\",\"inLanguage\":\"fr-FR\",\"@id\":\"https:\/\/www.belleflamme.ca\/fr\/#\/schema\/logo\/image\/\",\"url\":\"https:\/\/staging.belleflamme.ca\/wp-content\/uploads\/2023\/01\/og-image.jpg\",\"contentUrl\":\"https:\/\/staging.belleflamme.ca\/wp-content\/uploads\/2023\/01\/og-image.jpg\",\"width\":1200,\"height\":630,\"caption\":\"Groupe Belleflamme\"},\"image\":{\"@id\":\"https:\/\/www.belleflamme.ca\/fr\/#\/schema\/logo\/image\/\"},\"sameAs\":[\"https:\/\/www.facebook.com\/belleflamme.ca\/\",\"https:\/\/www.linkedin.com\/company\/belleflamme\/\",\"https:\/\/www.pinterest.ca\/groupebelleflamme\/\",\"https:\/\/www.instagram.com\/legroupebelleflamme\/\"],\"mainEntityOfPage\":{\"@id\":\"https:\/\/staging.belleflamme.ca\/fr\/climatisation-chauffage-centraux\/\"}}]}<\/script>\n<!-- \/ Yoast SEO Premium plugin. -->","yoast_head_json":{"title":"Climatisation & chauffage centraux - Groupe BelleFlamme","description":"Service de vente et installation de syst\u00e8mes de climatisation et chauffage \u00e0 Laval centraux, Montr\u00e9al, Saint-Sauveur et Gatineau.","robots":{"index":"index","follow":"follow","max-snippet":"max-snippet:-1","max-image-preview":"max-image-preview:large","max-video-preview":"max-video-preview:-1"},"canonical":"https:\/\/staging.belleflamme.ca\/fr\/climatisation-chauffage-centraux\/","og_locale":"fr_FR","og_type":"article","og_title":"Climatisation & chauffage centraux","og_description":"Service de vente et installation de syst\u00e8mes de climatisation et chauffage \u00e0 Laval centraux, Montr\u00e9al, Saint-Sauveur et Gatineau.","og_url":"https:\/\/staging.belleflamme.ca\/fr\/climatisation-chauffage-centraux\/","og_site_name":"Groupe BelleFlamme","article_publisher":"https:\/\/www.facebook.com\/belleflamme.ca\/","article_modified_time":"2025-03-31T18:03:06+00:00","og_image":[{"width":600,"height":791,"url":"https:\/\/staging.belleflamme.ca\/wp-content\/uploads\/2023\/02\/fournaise.webp","type":"image\/webp"}],"twitter_card":"summary_large_image","twitter_misc":{"Dur\u00e9e de lecture estim\u00e9e":"3 minutes"},"schema":{"@context":"https:\/\/schema.org","@graph":[{"@type":"WebPage","@id":"https:\/\/staging.belleflamme.ca\/fr\/climatisation-chauffage-centraux\/","url":"https:\/\/staging.belleflamme.ca\/fr\/climatisation-chauffage-centraux\/","name":"Climatisation & chauffage centraux - Groupe BelleFlamme","isPartOf":{"@id":"https:\/\/www.belleflamme.ca\/fr\/#website"},"primaryImageOfPage":{"@id":"https:\/\/staging.belleflamme.ca\/fr\/climatisation-chauffage-centraux\/#primaryimage"},"image":{"@id":"https:\/\/staging.belleflamme.ca\/fr\/climatisation-chauffage-centraux\/#primaryimage"},"thumbnailUrl":"https:\/\/www.belleflamme.ca\/wp-content\/uploads\/2023\/02\/fournaise.webp","datePublished":"2023-01-25T15:35:28+00:00","dateModified":"2025-03-31T18:03:06+00:00","description":"Service de vente et installation de syst\u00e8mes de climatisation et chauffage \u00e0 Laval centraux, Montr\u00e9al, Saint-Sauveur et Gatineau.","breadcrumb":{"@id":"https:\/\/staging.belleflamme.ca\/fr\/climatisation-chauffage-centraux\/#breadcrumb"},"inLanguage":"fr-FR","potentialAction":[{"@type":"ReadAction","target":["https:\/\/staging.belleflamme.ca\/fr\/climatisation-chauffage-centraux\/"]}]},{"@type":"ImageObject","inLanguage":"fr-FR","@id":"https:\/\/staging.belleflamme.ca\/fr\/climatisation-chauffage-centraux\/#primaryimage","url":"https:\/\/www.belleflamme.ca\/wp-content\/uploads\/2023\/02\/fournaise.webp","contentUrl":"https:\/\/www.belleflamme.ca\/wp-content\/uploads\/2023\/02\/fournaise.webp"},{"@type":"BreadcrumbList","@id":"https:\/\/staging.belleflamme.ca\/fr\/climatisation-chauffage-centraux\/#breadcrumb","itemListElement":[{"@type":"ListItem","position":1,"name":"Accueil","item":"https:\/\/www.belleflamme.ca\/fr\/"},{"@type":"ListItem","position":2,"name":"Climatisation &#038; chauffage centraux"}]},{"@type":"WebSite","@id":"https:\/\/www.belleflamme.ca\/fr\/#website","url":"https:\/\/www.belleflamme.ca\/fr\/","name":"Groupe Belleflamme","description":"La m\u00e9canique du b\u00e2timent dans le sang.","publisher":{"@id":"https:\/\/www.belleflamme.ca\/fr\/#organization"},"potentialAction":[{"@type":"SearchAction","target":{"@type":"EntryPoint","urlTemplate":"https:\/\/www.belleflamme.ca\/fr\/?s={search_term_string}"},"query-input":{"@type":"PropertyValueSpecification","valueRequired":true,"valueName":"search_term_string"}}],"inLanguage":"fr-FR"},{"@type":["Organization","Place"],"@id":"https:\/\/www.belleflamme.ca\/fr\/#organization","name":"Groupe Belleflamme","alternateName":"Belleflamme","url":"https:\/\/www.belleflamme.ca\/fr\/","logo":{"@type":"ImageObject","inLanguage":"fr-FR","@id":"https:\/\/www.belleflamme.ca\/fr\/#\/schema\/logo\/image\/","url":"https:\/\/staging.belleflamme.ca\/wp-content\/uploads\/2023\/01\/og-image.jpg","contentUrl":"https:\/\/staging.belleflamme.ca\/wp-content\/uploads\/2023\/01\/og-image.jpg","width":1200,"height":630,"caption":"Groupe Belleflamme"},"image":{"@id":"https:\/\/www.belleflamme.ca\/fr\/#\/schema\/logo\/image\/"},"sameAs":["https:\/\/www.facebook.com\/belleflamme.ca\/","https:\/\/www.linkedin.com\/company\/belleflamme\/","https:\/\/www.pinterest.ca\/groupebelleflamme\/","https:\/\/www.instagram.com\/legroupebelleflamme\/"],"mainEntityOfPage":{"@id":"https:\/\/staging.belleflamme.ca\/fr\/climatisation-chauffage-centraux\/"}}]}},"_links":{"self":[{"href":"https:\/\/staging.belleflamme.ca\/fr\/wp-json\/wp\/v2\/pages\/1148","targetHints":{"allow":["GET"]}}],"collection":[{"href":"https:\/\/staging.belleflamme.ca\/fr\/wp-json\/wp\/v2\/pages"}],"about":[{"href":"https:\/\/staging.belleflamme.ca\/fr\/wp-json\/wp\/v2\/types\/page"}],"author":[{"embeddable":true,"href":"https:\/\/staging.belleflamme.ca\/fr\/wp-json\/wp\/v2\/users\/1"}],"replies":[{"embeddable":true,"href":"https:\/\/staging.belleflamme.ca\/fr\/wp-json\/wp\/v2\/comments?post=1148"}],"version-history":[{"count":8,"href":"https:\/\/staging.belleflamme.ca\/fr\/wp-json\/wp\/v2\/pages\/1148\/revisions"}],"predecessor-version":[{"id":53390,"href":"https:\/\/staging.belleflamme.ca\/fr\/wp-json\/wp\/v2\/pages\/1148\/revisions\/53390"}],"wp:attachment":[{"href":"https:\/\/staging.belleflamme.ca\/fr\/wp-json\/wp\/v2\/media?parent=1148"}],"curies":[{"name":"wp","href":"https:\/\/api.w.org\/{rel}","templated":true}]}}