{"id":8556,"date":"2023-03-22T10:42:10","date_gmt":"2023-03-22T14:42:10","guid":{"rendered":"https:\/\/www.belleflamme.ca\/product\/13-4-seer2-series\/"},"modified":"2024-12-02T12:32:49","modified_gmt":"2024-12-02T17:32:49","slug":"13-4-seer2-series-central-air-conditioning-by-napoleon","status":"publish","type":"product","link":"https:\/\/staging.belleflamme.ca\/en\/product\/13-4-seer2-series-central-air-conditioning-by-napoleon\/","title":{"rendered":"13.4 SEER2 SERIES Central Air Conditioning by Napoleon"},"content":{"rendered":"\t\t<div data-elementor-type=\"product-post\" data-elementor-id=\"8556\" class=\"elementor elementor-8556 elementor-8397\" data-elementor-post-type=\"product\">\n\t\t\t\t\t\t<section class=\"elementor-section elementor-top-section elementor-element elementor-element-475048b3 elementor-section-boxed elementor-section-height-default elementor-section-height-default\" data-id=\"475048b3\" data-element_type=\"section\">\n\t\t\t\t\t\t<div class=\"elementor-container elementor-column-gap-default\">\n\t\t\t\t\t<div class=\"elementor-column elementor-col-100 elementor-top-column elementor-element elementor-element-13999dbb\" data-id=\"13999dbb\" data-element_type=\"column\">\n\t\t\t<div class=\"elementor-widget-wrap elementor-element-populated\">\n\t\t\t\t\t\t<div class=\"elementor-element elementor-element-43ca94f elementor-widget elementor-widget-text-editor\" data-id=\"43ca94f\" data-element_type=\"widget\" data-widget_type=\"text-editor.default\">\n\t\t\t\t<div class=\"elementor-widget-container\">\n\t\t\t\t\t\t\t\t\t<h2>It&#8217;s not gray. This is CharCOOL.<\/h2><h3>Up to 13.4 SEER<br \/>1.5 to 5 ton<br \/>WHISPER QUIET\u2122 Operation<\/h3><p>Proudly made in Ontario, Canada, the NT Series 13.4 SEER2 central air conditioner provides quiet, efficient cooling for your home on hot days. Specially designed swept fan blades ensure superior efficiency and reduce noise through quiet operation. To ensure quality and longevity, the fan blades are made of aluminum and the hub is made of steel. Longer-lasting, more compact condensing coils reduce the amount of refrigerant and extend the life of air conditioners. To further ensure sustainability, chlorine-free R-410A refrigerant is used, which does not contribute to ozone depletion and offers higher SEER2 ratings. The neutral gray color of the NT Series 13.4 SEER2 central air conditioner blends naturally with any d\u00e9cor. For those hot summer days, it&#8217;s the perfect eco-friendly choice for your home comfort needs.<\/p><h2 class=\"feature-name\">Precisely Machined<\/h2><h3 class=\"field field--name-field-feature-lead field--type-string field--label-hidden field__item\">High Efficiency<\/h3><div class=\"clearfix text-formatted field field--name-field-feature-description field--type-text-long field--label-hidden field__item\"><p>The compressor moves the refrigerant between the evaporator and condenser coils<\/p><h2 class=\"feature-name\">Swept Fan Blades<\/h2><h3 class=\"field field--name-field-feature-lead field--type-string field--label-hidden field__item\">WHISPER QUIET\u2122 operation<\/h3><\/div><div class=\"clearfix text-formatted field field--name-field-feature-description field--type-text-long field--label-hidden field__item\"><div class=\"clearfix text-formatted field field--name-field-feature-description field--type-text-long field--label-hidden field__item\"><p>Swept fan blades are made with a plated steel hub and aluminum blades for long-lasting efficiency and durability<\/p><h2 class=\"feature-name\">Sustainable Technology<\/h2><h3 class=\"field field--name-field-feature-lead field--type-string field--label-hidden field__item\">Environmentally friendly R-410A refrigerant<\/h3><\/div><\/div><div class=\"clearfix text-formatted field field--name-field-feature-description field--type-text-long field--label-hidden field__item\"><div class=\"clearfix text-formatted field field--name-field-feature-description field--type-text-long field--label-hidden field__item\"><div class=\"clearfix text-formatted field field--name-field-feature-description field--type-text-long field--label-hidden field__item\"><p>Chlorine-free refrigerant doesn&#8217;t contribute to ozone depletion, offers higher ratings, reduces power use and increases durability<\/p><\/div><\/div><\/div><h2>SPECIFICATIONS<\/h2><p>Efficiency rate:<\/p><p>Up to 13.4 SEER<br \/><br \/>Features:<\/p><p>Air conditioning<br \/><br \/>BTU range:<\/p><p>18 600 BTU &#8211; 53 000 BTU<\/p><h3 class=\"options-section-title\">Liste compl\u00e8te des caract\u00e9ristiques<\/h3><div class=\"clearfix text-formatted field field--name-field-summary-features field--type-text field--label-hidden field__items\"><ul><li class=\"field__item\">Jusqu&#8217;\u00e0 53 000 BTU<\/li><li class=\"field__item\">Efficacit\u00e9 de 13.4 SEER2<\/li><li class=\"field__item\">Capacit\u00e9s allant de 1,5 \u00e0 5,0 tonnes (1.5-3.0 tons available with rotary compressor)<\/li><li class=\"field__item\">R\u00e9frig\u00e9rant R-410A \u00e9cologique<\/li><li class=\"field__item\">Compresseur \u00e0 haut rendement<\/li><li class=\"field__item\">Fonctionnement silencieux<\/li><li class=\"field__item\">Le filtre d\u00e9shydrateur le plus performant de l\u2019industrie<\/li><li class=\"field__item\">Pales de ventilateur en fl\u00e8che<\/li><li class=\"field__item\">Moteur PSC \u00e0 lubrification permanente<\/li><li class=\"field__item\">Le moteur peut \u00eatre retir\u00e9 par le haut de l\u2019unit\u00e9<\/li><li class=\"field__item\">Valves de service et connexions de r\u00e9frig\u00e9rant situ\u00e9es \u00e0 l\u2019ext\u00e9rieur du cabinet pour un acc\u00e8s et un entretien faciles<\/li><li class=\"field__item\">Connexions \u00e9lectriques accessibles par un panneau amovible<\/li><\/ul><p style=\"text-align: center;\"><img fetchpriority=\"high\" decoding=\"async\" class=\"alignnone size-full wp-image-44226\" src=\"https:\/\/www.belleflamme.ca\/wp-content\/uploads\/2024\/11\/Garantie-Belleflamme-EN-2.png\" alt=\"\" width=\"250\" height=\"250\" srcset=\"https:\/\/staging.belleflamme.ca\/wp-content\/uploads\/2024\/11\/Garantie-Belleflamme-EN-2.png 250w, https:\/\/staging.belleflamme.ca\/wp-content\/uploads\/2024\/11\/Garantie-Belleflamme-EN-2-150x150.png 150w, https:\/\/staging.belleflamme.ca\/wp-content\/uploads\/2024\/11\/Garantie-Belleflamme-EN-2-100x100.png 100w\" sizes=\"(max-width: 250px) 100vw, 250px\" \/><\/p><\/div><p>\u00a0<\/p><p style=\"text-align: center;\"><img decoding=\"async\" class=\"alignnone size-full wp-image-44545\" src=\"https:\/\/www.belleflamme.ca\/wp-content\/uploads\/2024\/12\/2024-12-02-12_30_24-W620-0005_13.4_14.3-SEER2-Tech-Spec_-e_09.28.22.pdf.png\" alt=\"\" width=\"728\" height=\"956\" srcset=\"https:\/\/staging.belleflamme.ca\/wp-content\/uploads\/2024\/12\/2024-12-02-12_30_24-W620-0005_13.4_14.3-SEER2-Tech-Spec_-e_09.28.22.pdf.png 728w, https:\/\/staging.belleflamme.ca\/wp-content\/uploads\/2024\/12\/2024-12-02-12_30_24-W620-0005_13.4_14.3-SEER2-Tech-Spec_-e_09.28.22.pdf-228x300.png 228w\" sizes=\"(max-width: 728px) 100vw, 728px\" \/><\/p>\t\t\t\t\t\t\t\t<\/div>\n\t\t\t\t<\/div>\n\t\t\t\t\t<\/div>\n\t\t<\/div>\n\t\t\t\t\t<\/div>\n\t\t<\/section>\n\t\t\t\t<section class=\"elementor-section elementor-top-section elementor-element elementor-element-3460481 elementor-section-boxed elementor-section-height-default elementor-section-height-default\" data-id=\"3460481\" data-element_type=\"section\">\n\t\t\t\t\t\t<div class=\"elementor-container elementor-column-gap-default\">\n\t\t\t\t\t<div class=\"elementor-column elementor-col-100 elementor-top-column elementor-element elementor-element-d11e17c\" data-id=\"d11e17c\" data-element_type=\"column\">\n\t\t\t<div class=\"elementor-widget-wrap elementor-element-populated\">\n\t\t\t\t\t\t<div class=\"elementor-element elementor-element-988eb96 elementor-tabs-view-horizontal elementor-widget elementor-widget-tabs\" data-id=\"988eb96\" data-element_type=\"widget\" data-widget_type=\"tabs.default\">\n\t\t\t\t<div class=\"elementor-widget-container\">\n\t\t\t\t\t\t\t<div class=\"elementor-tabs\">\n\t\t\t<div class=\"elementor-tabs-wrapper\" role=\"tablist\" >\n\t\t\t\t\t\t\t\t\t<div id=\"elementor-tab-title-1591\" class=\"elementor-tab-title elementor-tab-desktop-title\" aria-selected=\"true\" data-tab=\"1\" role=\"tab\" tabindex=\"0\" aria-controls=\"elementor-tab-content-1591\" aria-expanded=\"false\">Files<\/div>\n\t\t\t\t\t\t\t<\/div>\n\t\t\t<div class=\"elementor-tabs-content-wrapper\" role=\"tablist\" aria-orientation=\"vertical\">\n\t\t\t\t\t\t\t\t\t<div class=\"elementor-tab-title elementor-tab-mobile-title\" aria-selected=\"true\" data-tab=\"1\" role=\"tab\" tabindex=\"0\" aria-controls=\"elementor-tab-content-1591\" aria-expanded=\"false\">Files<\/div>\n\t\t\t\t\t<div id=\"elementor-tab-content-1591\" class=\"elementor-tab-content elementor-clearfix\" data-tab=\"1\" role=\"tabpanel\" aria-labelledby=\"elementor-tab-title-1591\" tabindex=\"0\" hidden=\"false\"><p><i class=\"far fa-file-pdf fa-xl\" style=\"font-size:35px\"><\/i><a href=\"https:\/\/www.belleflamme.ca\/wp-content\/uploads\/2023\/03\/Brochure_ADBRN3-ACFL-2022-12-22-1.pdf\"> Brochure<\/a><\/br><\/p>\n<p><i class=\"far fa-file-pdf fa-xl\" style=\"font-size:35px\"><\/i><a href=\"https:\/\/www.belleflamme.ca\/wp-content\/uploads\/2023\/03\/W620-0005_13.4_14.3-SEER2-Tech-Spec_-e_09.28.22-1.pdf\"> Technical Data<\/a><\/br><\/p>\n<\/div>\n\t\t\t\t\t\t\t<\/div>\n\t\t<\/div>\n\t\t\t\t\t\t<\/div>\n\t\t\t\t<\/div>\n\t\t\t\t\t<\/div>\n\t\t<\/div>\n\t\t\t\t\t<\/div>\n\t\t<\/section>\n\t\t\t\t<\/div>\n\t\t","protected":false},"excerpt":{"rendered":"<p>It&#8217;s not gray. This is CharCOOL. Up to 13.4 SEER1.5 to 5 tonWHISPER QUIET\u2122 Operation Proudly made in Ontario, Canada, the NT Series 13.4 SEER2 central air conditioner provides quiet, efficient cooling for your home on hot days. Specially designed swept fan blades ensure superior efficiency and reduce noise through quiet operation. To ensure quality [&hellip;]<\/p>\n","protected":false},"featured_media":8395,"template":"","meta":{"inline_featured_image":false},"product_brand":[360],"product_cat":[164,154,163],"product_tag":[],"class_list":{"0":"post-8556","1":"product","2":"type-product","3":"status-publish","4":"has-post-thumbnail","6":"product_brand-napoleon-air-conditioning-heating","7":"product_cat-air-conditioner","8":"product_cat-air-conditioning-heating","9":"product_cat-central-system","11":"first","12":"instock","13":"taxable","14":"shipping-taxable","15":"product-type-variable"},"yoast_head":"<!-- This site is optimized with the Yoast SEO Premium plugin v24.2 (Yoast SEO v24.2) - https:\/\/yoast.com\/wordpress\/plugins\/seo\/ -->\n<title>13.4 SEER2 SERIES Central Air Conditioning by Napoleon - Groupe BelleFlamme<\/title>\n<meta name=\"description\" content=\"13.4 SEER2 SERIES Central Air Conditioning by Napoleon sold and installed by Groupe Belleflamme. Laval, Montreal, Gatineau and Saint-Sauveur.\" \/>\n<meta name=\"robots\" content=\"index, follow, max-snippet:-1, max-image-preview:large, max-video-preview:-1\" \/>\n<link rel=\"canonical\" href=\"https:\/\/staging.belleflamme.ca\/en\/product\/13-4-seer2-series-central-air-conditioning-by-napoleon\/\" \/>\n<meta property=\"og:locale\" content=\"en_US\" \/>\n<meta property=\"og:type\" content=\"article\" \/>\n<meta property=\"og:title\" content=\"13.4 SEER2 SERIES Central Air Conditioning by Napoleon\" \/>\n<meta property=\"og:description\" content=\"13.4 SEER2 SERIES Central Air Conditioning by Napoleon sold and installed by Groupe Belleflamme. Laval, Montreal, Gatineau and Saint-Sauveur.\" \/>\n<meta property=\"og:url\" content=\"https:\/\/staging.belleflamme.ca\/en\/product\/13-4-seer2-series-central-air-conditioning-by-napoleon\/\" \/>\n<meta property=\"og:site_name\" content=\"Groupe BelleFlamme\" \/>\n<meta property=\"article:publisher\" content=\"https:\/\/www.facebook.com\/belleflamme.ca\/\" \/>\n<meta property=\"article:modified_time\" content=\"2024-12-02T17:32:49+00:00\" \/>\n<meta property=\"og:image\" content=\"https:\/\/www.belleflamme.ca\/wp-content\/uploads\/2023\/03\/SERIE-14.3-SEER2-napoleon.webp\" \/>\n\t<meta property=\"og:image:width\" content=\"600\" \/>\n\t<meta property=\"og:image:height\" content=\"600\" \/>\n\t<meta property=\"og:image:type\" content=\"image\/webp\" \/>\n<meta name=\"twitter:card\" content=\"summary_large_image\" \/>\n<meta name=\"twitter:label1\" content=\"Availability\" \/>\n\t<meta name=\"twitter:data1\" content=\"In stock\" \/>\n<script type=\"application\/ld+json\" class=\"yoast-schema-graph\">{\"@context\":\"https:\/\/schema.org\",\"@graph\":[{\"@type\":[\"WebPage\",\"ItemPage\"],\"@id\":\"https:\/\/staging.belleflamme.ca\/en\/product\/13-4-seer2-series-central-air-conditioning-by-napoleon\/\",\"url\":\"https:\/\/staging.belleflamme.ca\/en\/product\/13-4-seer2-series-central-air-conditioning-by-napoleon\/\",\"name\":\"13.4 SEER2 SERIES Central Air Conditioning by Napoleon - Groupe BelleFlamme\",\"isPartOf\":{\"@id\":\"https:\/\/www.belleflamme.ca\/fr\/#website\"},\"primaryImageOfPage\":{\"@id\":\"https:\/\/staging.belleflamme.ca\/en\/product\/13-4-seer2-series-central-air-conditioning-by-napoleon\/#primaryimage\"},\"image\":{\"@id\":\"https:\/\/staging.belleflamme.ca\/en\/product\/13-4-seer2-series-central-air-conditioning-by-napoleon\/#primaryimage\"},\"thumbnailUrl\":\"https:\/\/staging.belleflamme.ca\/wp-content\/uploads\/2023\/03\/SERIE-14.3-SEER2-napoleon.webp\",\"datePublished\":\"2023-03-22T14:42:10+00:00\",\"dateModified\":\"2024-12-02T17:32:49+00:00\",\"description\":\"13.4 SEER2 SERIES Central Air Conditioning by Napoleon sold and installed by Groupe Belleflamme. Laval, Montreal, Gatineau and Saint-Sauveur.\",\"breadcrumb\":{\"@id\":\"https:\/\/staging.belleflamme.ca\/en\/product\/13-4-seer2-series-central-air-conditioning-by-napoleon\/#breadcrumb\"},\"inLanguage\":\"en-US\",\"potentialAction\":[{\"@type\":\"ReadAction\",\"target\":[\"https:\/\/staging.belleflamme.ca\/en\/product\/13-4-seer2-series-central-air-conditioning-by-napoleon\/\"]}]},{\"@type\":\"ImageObject\",\"inLanguage\":\"en-US\",\"@id\":\"https:\/\/staging.belleflamme.ca\/en\/product\/13-4-seer2-series-central-air-conditioning-by-napoleon\/#primaryimage\",\"url\":\"https:\/\/staging.belleflamme.ca\/wp-content\/uploads\/2023\/03\/SERIE-14.3-SEER2-napoleon.webp\",\"contentUrl\":\"https:\/\/staging.belleflamme.ca\/wp-content\/uploads\/2023\/03\/SERIE-14.3-SEER2-napoleon.webp\",\"width\":600,\"height\":600,\"caption\":\"S\u00c9RIE 14.3 SEER2 napol\u00e9on\"},{\"@type\":\"BreadcrumbList\",\"@id\":\"https:\/\/staging.belleflamme.ca\/en\/product\/13-4-seer2-series-central-air-conditioning-by-napoleon\/#breadcrumb\",\"itemListElement\":[{\"@type\":\"ListItem\",\"position\":1,\"name\":\"Home\",\"item\":\"https:\/\/www.belleflamme.ca\/fr\/\"},{\"@type\":\"ListItem\",\"position\":2,\"name\":\"Shop\",\"item\":\"https:\/\/www.belleflamme.ca\/en\/shop\/\"},{\"@type\":\"ListItem\",\"position\":3,\"name\":\"Air conditioning &amp; Heating\",\"item\":\"https:\/\/staging.belleflamme.ca\/en\/category\/air-conditioning-heating\/\"},{\"@type\":\"ListItem\",\"position\":4,\"name\":\"Central system\",\"item\":\"https:\/\/staging.belleflamme.ca\/en\/category\/air-conditioning-heating\/central-system\/\"},{\"@type\":\"ListItem\",\"position\":5,\"name\":\"Air conditioner\",\"item\":\"https:\/\/staging.belleflamme.ca\/en\/category\/air-conditioning-heating\/central-system\/air-conditioner\/\"},{\"@type\":\"ListItem\",\"position\":6,\"name\":\"13.4 SEER2 SERIES Central Air Conditioning by Napoleon\"}]},{\"@type\":\"WebSite\",\"@id\":\"https:\/\/www.belleflamme.ca\/fr\/#website\",\"url\":\"https:\/\/www.belleflamme.ca\/fr\/\",\"name\":\"Groupe Belleflamme\",\"description\":\"La m\u00e9canique du b\u00e2timent dans le sang.\",\"publisher\":{\"@id\":\"https:\/\/www.belleflamme.ca\/fr\/#organization\"},\"potentialAction\":[{\"@type\":\"SearchAction\",\"target\":{\"@type\":\"EntryPoint\",\"urlTemplate\":\"https:\/\/www.belleflamme.ca\/fr\/?s={search_term_string}\"},\"query-input\":{\"@type\":\"PropertyValueSpecification\",\"valueRequired\":true,\"valueName\":\"search_term_string\"}}],\"inLanguage\":\"en-US\"},{\"@type\":[\"Organization\",\"Place\"],\"@id\":\"https:\/\/www.belleflamme.ca\/fr\/#organization\",\"name\":\"Groupe Belleflamme\",\"alternateName\":\"Belleflamme\",\"url\":\"https:\/\/www.belleflamme.ca\/fr\/\",\"logo\":{\"@type\":\"ImageObject\",\"inLanguage\":\"en-US\",\"@id\":\"https:\/\/www.belleflamme.ca\/fr\/#\/schema\/logo\/image\/\",\"url\":\"https:\/\/staging.belleflamme.ca\/wp-content\/uploads\/2023\/01\/og-image.jpg\",\"contentUrl\":\"https:\/\/staging.belleflamme.ca\/wp-content\/uploads\/2023\/01\/og-image.jpg\",\"width\":1200,\"height\":630,\"caption\":\"Groupe Belleflamme\"},\"image\":{\"@id\":\"https:\/\/www.belleflamme.ca\/fr\/#\/schema\/logo\/image\/\"},\"sameAs\":[\"https:\/\/www.facebook.com\/belleflamme.ca\/\",\"https:\/\/www.linkedin.com\/company\/belleflamme\/\",\"https:\/\/www.pinterest.ca\/groupebelleflamme\/\",\"https:\/\/www.instagram.com\/legroupebelleflamme\/\"],\"mainEntityOfPage\":{\"@id\":\"https:\/\/staging.belleflamme.ca\/en\/product\/13-4-seer2-series-central-air-conditioning-by-napoleon\/\"}}]}<\/script>\n<meta property=\"product:brand\" content=\"Napoleon air conditioning heating\" \/>\n<meta property=\"og:availability\" content=\"instock\" \/>\n<meta property=\"product:availability\" content=\"instock\" \/>\n<meta property=\"product:condition\" content=\"new\" \/>\n<!-- \/ Yoast SEO Premium plugin. -->","yoast_head_json":{"title":"13.4 SEER2 SERIES Central Air Conditioning by Napoleon - Groupe BelleFlamme","description":"13.4 SEER2 SERIES Central Air Conditioning by Napoleon sold and installed by Groupe Belleflamme. Laval, Montreal, Gatineau and Saint-Sauveur.","robots":{"index":"index","follow":"follow","max-snippet":"max-snippet:-1","max-image-preview":"max-image-preview:large","max-video-preview":"max-video-preview:-1"},"canonical":"https:\/\/staging.belleflamme.ca\/en\/product\/13-4-seer2-series-central-air-conditioning-by-napoleon\/","og_locale":"en_US","og_type":"article","og_title":"13.4 SEER2 SERIES Central Air Conditioning by Napoleon","og_description":"13.4 SEER2 SERIES Central Air Conditioning by Napoleon sold and installed by Groupe Belleflamme. Laval, Montreal, Gatineau and Saint-Sauveur.","og_url":"https:\/\/staging.belleflamme.ca\/en\/product\/13-4-seer2-series-central-air-conditioning-by-napoleon\/","og_site_name":"Groupe BelleFlamme","article_publisher":"https:\/\/www.facebook.com\/belleflamme.ca\/","article_modified_time":"2024-12-02T17:32:49+00:00","og_image":[{"width":600,"height":600,"url":"https:\/\/www.belleflamme.ca\/wp-content\/uploads\/2023\/03\/SERIE-14.3-SEER2-napoleon.webp","type":"image\/webp"}],"twitter_card":"summary_large_image","twitter_misc":{"Availability":"In stock"},"schema":{"@context":"https:\/\/schema.org","@graph":[{"@type":["WebPage","ItemPage"],"@id":"https:\/\/staging.belleflamme.ca\/en\/product\/13-4-seer2-series-central-air-conditioning-by-napoleon\/","url":"https:\/\/staging.belleflamme.ca\/en\/product\/13-4-seer2-series-central-air-conditioning-by-napoleon\/","name":"13.4 SEER2 SERIES Central Air Conditioning by Napoleon - Groupe BelleFlamme","isPartOf":{"@id":"https:\/\/www.belleflamme.ca\/fr\/#website"},"primaryImageOfPage":{"@id":"https:\/\/staging.belleflamme.ca\/en\/product\/13-4-seer2-series-central-air-conditioning-by-napoleon\/#primaryimage"},"image":{"@id":"https:\/\/staging.belleflamme.ca\/en\/product\/13-4-seer2-series-central-air-conditioning-by-napoleon\/#primaryimage"},"thumbnailUrl":"https:\/\/staging.belleflamme.ca\/wp-content\/uploads\/2023\/03\/SERIE-14.3-SEER2-napoleon.webp","datePublished":"2023-03-22T14:42:10+00:00","dateModified":"2024-12-02T17:32:49+00:00","description":"13.4 SEER2 SERIES Central Air Conditioning by Napoleon sold and installed by Groupe Belleflamme. Laval, Montreal, Gatineau and Saint-Sauveur.","breadcrumb":{"@id":"https:\/\/staging.belleflamme.ca\/en\/product\/13-4-seer2-series-central-air-conditioning-by-napoleon\/#breadcrumb"},"inLanguage":"en-US","potentialAction":[{"@type":"ReadAction","target":["https:\/\/staging.belleflamme.ca\/en\/product\/13-4-seer2-series-central-air-conditioning-by-napoleon\/"]}]},{"@type":"ImageObject","inLanguage":"en-US","@id":"https:\/\/staging.belleflamme.ca\/en\/product\/13-4-seer2-series-central-air-conditioning-by-napoleon\/#primaryimage","url":"https:\/\/staging.belleflamme.ca\/wp-content\/uploads\/2023\/03\/SERIE-14.3-SEER2-napoleon.webp","contentUrl":"https:\/\/staging.belleflamme.ca\/wp-content\/uploads\/2023\/03\/SERIE-14.3-SEER2-napoleon.webp","width":600,"height":600,"caption":"S\u00c9RIE 14.3 SEER2 napol\u00e9on"},{"@type":"BreadcrumbList","@id":"https:\/\/staging.belleflamme.ca\/en\/product\/13-4-seer2-series-central-air-conditioning-by-napoleon\/#breadcrumb","itemListElement":[{"@type":"ListItem","position":1,"name":"Home","item":"https:\/\/www.belleflamme.ca\/fr\/"},{"@type":"ListItem","position":2,"name":"Shop","item":"https:\/\/www.belleflamme.ca\/en\/shop\/"},{"@type":"ListItem","position":3,"name":"Air conditioning &amp; Heating","item":"https:\/\/staging.belleflamme.ca\/en\/category\/air-conditioning-heating\/"},{"@type":"ListItem","position":4,"name":"Central system","item":"https:\/\/staging.belleflamme.ca\/en\/category\/air-conditioning-heating\/central-system\/"},{"@type":"ListItem","position":5,"name":"Air conditioner","item":"https:\/\/staging.belleflamme.ca\/en\/category\/air-conditioning-heating\/central-system\/air-conditioner\/"},{"@type":"ListItem","position":6,"name":"13.4 SEER2 SERIES Central Air Conditioning by Napoleon"}]},{"@type":"WebSite","@id":"https:\/\/www.belleflamme.ca\/fr\/#website","url":"https:\/\/www.belleflamme.ca\/fr\/","name":"Groupe Belleflamme","description":"La m\u00e9canique du b\u00e2timent dans le sang.","publisher":{"@id":"https:\/\/www.belleflamme.ca\/fr\/#organization"},"potentialAction":[{"@type":"SearchAction","target":{"@type":"EntryPoint","urlTemplate":"https:\/\/www.belleflamme.ca\/fr\/?s={search_term_string}"},"query-input":{"@type":"PropertyValueSpecification","valueRequired":true,"valueName":"search_term_string"}}],"inLanguage":"en-US"},{"@type":["Organization","Place"],"@id":"https:\/\/www.belleflamme.ca\/fr\/#organization","name":"Groupe Belleflamme","alternateName":"Belleflamme","url":"https:\/\/www.belleflamme.ca\/fr\/","logo":{"@type":"ImageObject","inLanguage":"en-US","@id":"https:\/\/www.belleflamme.ca\/fr\/#\/schema\/logo\/image\/","url":"https:\/\/staging.belleflamme.ca\/wp-content\/uploads\/2023\/01\/og-image.jpg","contentUrl":"https:\/\/staging.belleflamme.ca\/wp-content\/uploads\/2023\/01\/og-image.jpg","width":1200,"height":630,"caption":"Groupe Belleflamme"},"image":{"@id":"https:\/\/www.belleflamme.ca\/fr\/#\/schema\/logo\/image\/"},"sameAs":["https:\/\/www.facebook.com\/belleflamme.ca\/","https:\/\/www.linkedin.com\/company\/belleflamme\/","https:\/\/www.pinterest.ca\/groupebelleflamme\/","https:\/\/www.instagram.com\/legroupebelleflamme\/"],"mainEntityOfPage":{"@id":"https:\/\/staging.belleflamme.ca\/en\/product\/13-4-seer2-series-central-air-conditioning-by-napoleon\/"}}]},"product_brand":"Napoleon air conditioning heating","og_availability":"instock","product_availability":"instock","product_condition":"new"},"_links":{"self":[{"href":"https:\/\/staging.belleflamme.ca\/en\/wp-json\/wp\/v2\/product\/8556","targetHints":{"allow":["GET"]}}],"collection":[{"href":"https:\/\/staging.belleflamme.ca\/en\/wp-json\/wp\/v2\/product"}],"about":[{"href":"https:\/\/staging.belleflamme.ca\/en\/wp-json\/wp\/v2\/types\/product"}],"version-history":[{"count":7,"href":"https:\/\/staging.belleflamme.ca\/en\/wp-json\/wp\/v2\/product\/8556\/revisions"}],"predecessor-version":[{"id":44552,"href":"https:\/\/staging.belleflamme.ca\/en\/wp-json\/wp\/v2\/product\/8556\/revisions\/44552"}],"wp:featuredmedia":[{"embeddable":true,"href":"https:\/\/staging.belleflamme.ca\/en\/wp-json\/wp\/v2\/media\/8395"}],"wp:attachment":[{"href":"https:\/\/staging.belleflamme.ca\/en\/wp-json\/wp\/v2\/media?parent=8556"}],"wp:term":[{"taxonomy":"product_brand","embeddable":true,"href":"https:\/\/staging.belleflamme.ca\/en\/wp-json\/wp\/v2\/product_brand?post=8556"},{"taxonomy":"product_cat","embeddable":true,"href":"https:\/\/staging.belleflamme.ca\/en\/wp-json\/wp\/v2\/product_cat?post=8556"},{"taxonomy":"product_tag","embeddable":true,"href":"https:\/\/staging.belleflamme.ca\/en\/wp-json\/wp\/v2\/product_tag?post=8556"}],"curies":[{"name":"wp","href":"https:\/\/api.w.org\/{rel}","templated":true}]}}