{"id":5442,"date":"2023-02-07T16:01:46","date_gmt":"2023-02-07T21:01:46","guid":{"rendered":"https:\/\/www.belleflamme.ca\/product\/landscape-pro-slim-series-electric-fireplaces\/"},"modified":"2023-11-27T15:53:39","modified_gmt":"2023-11-27T20:53:39","slug":"landscape-pro-slim-series-electric-fireplaces","status":"publish","type":"product","link":"https:\/\/staging.belleflamme.ca\/en\/product\/landscape-pro-slim-series-electric-fireplaces\/","title":{"rendered":"Electric landscape pro slim series fireplaces from Modern Flames"},"content":{"rendered":"\t\t<div data-elementor-type=\"product-post\" data-elementor-id=\"5442\" class=\"elementor elementor-5442 elementor-3320\" data-elementor-post-type=\"product\">\n\t\t\t\t\t\t<section class=\"elementor-section elementor-top-section elementor-element elementor-element-3f84c437 elementor-section-boxed elementor-section-height-default elementor-section-height-default\" data-id=\"3f84c437\" data-element_type=\"section\">\n\t\t\t\t\t\t<div class=\"elementor-container elementor-column-gap-default\">\n\t\t\t\t\t<div class=\"elementor-column elementor-col-100 elementor-top-column elementor-element elementor-element-3fb1022c\" data-id=\"3fb1022c\" data-element_type=\"column\">\n\t\t\t<div class=\"elementor-widget-wrap elementor-element-populated\">\n\t\t\t\t\t\t<div class=\"elementor-element elementor-element-3e555687 elementor-widget elementor-widget-text-editor\" data-id=\"3e555687\" data-element_type=\"widget\" data-widget_type=\"text-editor.default\">\n\t\t\t\t<div class=\"elementor-widget-container\">\n\t\t\t\t\t\t\t\t\t<iframe width=\"560\" height=\"315\" src=\"https:\/\/www.youtube.com\/embed\/wy3KsfiDJlw?si=0_aK7yyl2S4XogPR\" title=\"YouTube video player\" frameborder=\"0\" allow=\"accelerometer; autoplay; clipboard-write; encrypted-media; gyroscope; picture-in-picture; web-share\" allowfullscreen=\"\"><\/iframe>\nThe Landscape Pro Slim electric fireplace is the perfect option for any customer looking for a unique frameless look installed into a 2\u201d x 6\u201d wall. This new Slim model in the Landscape Pro Series features independently controlled flame plus up &amp; down lighting with an edge-to-edge viewing area. Ce mod\u00e8le de la s\u00e9rie Pro est dot\u00e9 de la nouvelle technologie de flamme Hybrid-FX\u2122, d&#8217;un \u00e9clairage LED \u00e0 haute intensit\u00e9 et d&#8217;un lit de braises actif, de b\u00fbches en bois flott\u00e9 et de commandes Wi-Fi, le tout de s\u00e9rie. This Pro Series model features NEW Hybrid-FX\u2122 flame technology, high-intensity LED lighting and active ember bed, Driftwood Logs &amp; Wi-Fi controls all as standard features.\t\t\t\t\t\t\t\t<\/div>\n\t\t\t\t<\/div>\n\t\t\t\t\t<\/div>\n\t\t<\/div>\n\t\t\t\t\t<\/div>\n\t\t<\/section>\n\t\t\t\t<section class=\"elementor-section elementor-top-section elementor-element elementor-element-e323977 elementor-section-boxed elementor-section-height-default elementor-section-height-default\" data-id=\"e323977\" data-element_type=\"section\">\n\t\t\t\t\t\t<div class=\"elementor-container elementor-column-gap-default\">\n\t\t\t\t\t<div class=\"elementor-column elementor-col-100 elementor-top-column elementor-element elementor-element-1b4cce5\" data-id=\"1b4cce5\" data-element_type=\"column\">\n\t\t\t<div class=\"elementor-widget-wrap elementor-element-populated\">\n\t\t\t\t\t\t<div class=\"elementor-element elementor-element-023656e elementor-tabs-view-horizontal elementor-widget elementor-widget-tabs\" data-id=\"023656e\" data-element_type=\"widget\" data-widget_type=\"tabs.default\">\n\t\t\t\t<div class=\"elementor-widget-container\">\n\t\t\t\t\t\t\t<div class=\"elementor-tabs\">\n\t\t\t<div class=\"elementor-tabs-wrapper\" role=\"tablist\" >\n\t\t\t\t\t\t\t\t\t<div id=\"elementor-tab-title-2311\" class=\"elementor-tab-title elementor-tab-desktop-title\" aria-selected=\"true\" data-tab=\"1\" role=\"tab\" tabindex=\"0\" aria-controls=\"elementor-tab-content-2311\" aria-expanded=\"false\">Files<\/div>\n\t\t\t\t\t\t\t<\/div>\n\t\t\t<div class=\"elementor-tabs-content-wrapper\" role=\"tablist\" aria-orientation=\"vertical\">\n\t\t\t\t\t\t\t\t\t<div class=\"elementor-tab-title elementor-tab-mobile-title\" aria-selected=\"true\" data-tab=\"1\" role=\"tab\" tabindex=\"0\" aria-controls=\"elementor-tab-content-2311\" aria-expanded=\"false\">Files<\/div>\n\t\t\t\t\t<div id=\"elementor-tab-content-2311\" class=\"elementor-tab-content elementor-clearfix\" data-tab=\"1\" role=\"tabpanel\" aria-labelledby=\"elementor-tab-title-2311\" tabindex=\"0\" hidden=\"false\"><p><i class=\"far fa-file-pdf fa-xl\" style=\"font-size:35px\"><\/i><a href=\"https:\/\/www.belleflamme.ca\/wp-content\/uploads\/2023\/02\/Landscape-Pro-Slim-Manual_singles-1-2.pdf\"> Manual<\/a><\/br><\/p>\n<p><i class=\"far fa-file-pdf fa-xl\" style=\"font-size:35px\"><\/i><a href=\"https:\/\/www.belleflamme.ca\/wp-content\/uploads\/2023\/02\/LANDSCAPE-PRO%E2%84%A2-SLIM-SERIES-flyer.pdf\"> Brochure<\/a><\/br><\/p>\n<\/div>\n\t\t\t\t\t\t\t<\/div>\n\t\t<\/div>\n\t\t\t\t\t\t<\/div>\n\t\t\t\t<\/div>\n\t\t\t\t\t<\/div>\n\t\t<\/div>\n\t\t\t\t\t<\/div>\n\t\t<\/section>\n\t\t\t\t<\/div>\n\t\t","protected":false},"excerpt":{"rendered":"<p>The Landscape Pro Slim electric fireplace is the perfect option for any customer looking for a unique frameless look installed into a 2\u201d x 6\u201d wall. This new Slim model in the Landscape Pro Series features independently controlled flame plus up &amp; down lighting with an edge-to-edge viewing area. Ce mod\u00e8le de la s\u00e9rie Pro [&hellip;]<\/p>\n","protected":false},"featured_media":3331,"template":"","meta":{"inline_featured_image":false},"product_brand":[261],"product_cat":[246,244,193],"product_tag":[],"class_list":{"0":"post-5442","1":"product","2":"type-product","3":"status-publish","4":"has-post-thumbnail","6":"product_brand-modern-flames-en","7":"product_cat-electric-fireplace","8":"product_cat-electric-stoves-fireplaces","9":"product_cat-stoves-fireplaces","11":"first","12":"instock","13":"taxable","14":"shipping-taxable","15":"purchasable","16":"product-type-variable"},"yoast_head":"<!-- This site is optimized with the Yoast SEO Premium plugin v24.2 (Yoast SEO v24.2) - https:\/\/yoast.com\/wordpress\/plugins\/seo\/ -->\n<title>Electric landscape pro slim series fireplaces from Modern Flames - Groupe BelleFlamme<\/title>\n<meta name=\"description\" content=\"Electric landscape pro slim series fireplaces from Modern Flames sold and installed by the Belleflamme Group. Laval, Montreal, Gatineau, Drummondville &amp; Saint-Sauveur.\" \/>\n<meta name=\"robots\" content=\"index, follow, max-snippet:-1, max-image-preview:large, max-video-preview:-1\" \/>\n<link rel=\"canonical\" href=\"https:\/\/staging.belleflamme.ca\/en\/product\/landscape-pro-slim-series-electric-fireplaces\/\" \/>\n<meta property=\"og:locale\" content=\"en_US\" \/>\n<meta property=\"og:type\" content=\"article\" \/>\n<meta property=\"og:title\" content=\"Electric landscape pro slim series fireplaces from Modern Flames\" \/>\n<meta property=\"og:description\" content=\"Electric landscape pro slim series fireplaces from Modern Flames sold and installed by the Belleflamme Group. Laval, Montreal, Gatineau, Drummondville &amp; Saint-Sauveur.\" \/>\n<meta property=\"og:url\" content=\"https:\/\/staging.belleflamme.ca\/en\/product\/landscape-pro-slim-series-electric-fireplaces\/\" \/>\n<meta property=\"og:site_name\" content=\"Groupe BelleFlamme\" \/>\n<meta property=\"article:publisher\" content=\"https:\/\/www.facebook.com\/belleflamme.ca\/\" \/>\n<meta property=\"article:modified_time\" content=\"2023-11-27T20:53:39+00:00\" \/>\n<meta property=\"og:image\" content=\"https:\/\/www.belleflamme.ca\/wp-content\/uploads\/2023\/02\/2-LPS-56-Bathroom.jpg\" \/>\n\t<meta property=\"og:image:width\" content=\"1200\" \/>\n\t<meta property=\"og:image:height\" content=\"804\" \/>\n\t<meta property=\"og:image:type\" content=\"image\/jpeg\" \/>\n<meta name=\"twitter:card\" content=\"summary_large_image\" \/>\n<meta name=\"twitter:label1\" content=\"Availability\" \/>\n\t<meta name=\"twitter:data1\" content=\"In stock\" \/>\n<script type=\"application\/ld+json\" class=\"yoast-schema-graph\">{\"@context\":\"https:\/\/schema.org\",\"@graph\":[{\"@type\":[\"WebPage\",\"ItemPage\"],\"@id\":\"https:\/\/staging.belleflamme.ca\/en\/product\/landscape-pro-slim-series-electric-fireplaces\/\",\"url\":\"https:\/\/staging.belleflamme.ca\/en\/product\/landscape-pro-slim-series-electric-fireplaces\/\",\"name\":\"Electric landscape pro slim series fireplaces from Modern Flames - Groupe BelleFlamme\",\"isPartOf\":{\"@id\":\"https:\/\/www.belleflamme.ca\/fr\/#website\"},\"primaryImageOfPage\":{\"@id\":\"https:\/\/staging.belleflamme.ca\/en\/product\/landscape-pro-slim-series-electric-fireplaces\/#primaryimage\"},\"image\":{\"@id\":\"https:\/\/staging.belleflamme.ca\/en\/product\/landscape-pro-slim-series-electric-fireplaces\/#primaryimage\"},\"thumbnailUrl\":\"https:\/\/staging.belleflamme.ca\/wp-content\/uploads\/2023\/02\/2-LPS-56-Bathroom.jpg\",\"datePublished\":\"2023-02-07T21:01:46+00:00\",\"dateModified\":\"2023-11-27T20:53:39+00:00\",\"description\":\"Electric landscape pro slim series fireplaces from Modern Flames [get_meta_en_fr]\",\"breadcrumb\":{\"@id\":\"https:\/\/staging.belleflamme.ca\/en\/product\/landscape-pro-slim-series-electric-fireplaces\/#breadcrumb\"},\"inLanguage\":\"en-US\",\"potentialAction\":[{\"@type\":\"ReadAction\",\"target\":[\"https:\/\/staging.belleflamme.ca\/en\/product\/landscape-pro-slim-series-electric-fireplaces\/\"]}]},{\"@type\":\"ImageObject\",\"inLanguage\":\"en-US\",\"@id\":\"https:\/\/staging.belleflamme.ca\/en\/product\/landscape-pro-slim-series-electric-fireplaces\/#primaryimage\",\"url\":\"https:\/\/staging.belleflamme.ca\/wp-content\/uploads\/2023\/02\/2-LPS-56-Bathroom.jpg\",\"contentUrl\":\"https:\/\/staging.belleflamme.ca\/wp-content\/uploads\/2023\/02\/2-LPS-56-Bathroom.jpg\",\"width\":1200,\"height\":804},{\"@type\":\"BreadcrumbList\",\"@id\":\"https:\/\/staging.belleflamme.ca\/en\/product\/landscape-pro-slim-series-electric-fireplaces\/#breadcrumb\",\"itemListElement\":[{\"@type\":\"ListItem\",\"position\":1,\"name\":\"Home\",\"item\":\"https:\/\/www.belleflamme.ca\/fr\/\"},{\"@type\":\"ListItem\",\"position\":2,\"name\":\"Shop\",\"item\":\"https:\/\/www.belleflamme.ca\/en\/shop\/\"},{\"@type\":\"ListItem\",\"position\":3,\"name\":\"Stoves &amp; Fireplaces\",\"item\":\"https:\/\/staging.belleflamme.ca\/en\/category\/stoves-fireplaces\/\"},{\"@type\":\"ListItem\",\"position\":4,\"name\":\"Electric Stoves &amp; Fireplaces\",\"item\":\"https:\/\/staging.belleflamme.ca\/en\/category\/stoves-fireplaces\/electric-stoves-fireplaces\/\"},{\"@type\":\"ListItem\",\"position\":5,\"name\":\"Electric Fireplace\",\"item\":\"https:\/\/staging.belleflamme.ca\/en\/category\/stoves-fireplaces\/electric-stoves-fireplaces\/electric-fireplace\/\"},{\"@type\":\"ListItem\",\"position\":6,\"name\":\"Electric landscape pro slim series fireplaces from Modern Flames\"}]},{\"@type\":\"WebSite\",\"@id\":\"https:\/\/www.belleflamme.ca\/fr\/#website\",\"url\":\"https:\/\/www.belleflamme.ca\/fr\/\",\"name\":\"Groupe Belleflamme\",\"description\":\"La m\u00e9canique du b\u00e2timent dans le sang.\",\"publisher\":{\"@id\":\"https:\/\/www.belleflamme.ca\/fr\/#organization\"},\"potentialAction\":[{\"@type\":\"SearchAction\",\"target\":{\"@type\":\"EntryPoint\",\"urlTemplate\":\"https:\/\/www.belleflamme.ca\/fr\/?s={search_term_string}\"},\"query-input\":{\"@type\":\"PropertyValueSpecification\",\"valueRequired\":true,\"valueName\":\"search_term_string\"}}],\"inLanguage\":\"en-US\"},{\"@type\":[\"Organization\",\"Place\"],\"@id\":\"https:\/\/www.belleflamme.ca\/fr\/#organization\",\"name\":\"Groupe Belleflamme\",\"alternateName\":\"Belleflamme\",\"url\":\"https:\/\/www.belleflamme.ca\/fr\/\",\"logo\":{\"@type\":\"ImageObject\",\"inLanguage\":\"en-US\",\"@id\":\"https:\/\/www.belleflamme.ca\/fr\/#\/schema\/logo\/image\/\",\"url\":\"https:\/\/staging.belleflamme.ca\/wp-content\/uploads\/2023\/01\/og-image.jpg\",\"contentUrl\":\"https:\/\/staging.belleflamme.ca\/wp-content\/uploads\/2023\/01\/og-image.jpg\",\"width\":1200,\"height\":630,\"caption\":\"Groupe Belleflamme\"},\"image\":{\"@id\":\"https:\/\/www.belleflamme.ca\/fr\/#\/schema\/logo\/image\/\"},\"sameAs\":[\"https:\/\/www.facebook.com\/belleflamme.ca\/\",\"https:\/\/www.linkedin.com\/company\/belleflamme\/\",\"https:\/\/www.pinterest.ca\/groupebelleflamme\/\",\"https:\/\/www.instagram.com\/legroupebelleflamme\/\"],\"mainEntityOfPage\":{\"@id\":\"https:\/\/staging.belleflamme.ca\/en\/product\/landscape-pro-slim-series-electric-fireplaces\/\"}}]}<\/script>\n<meta property=\"product:brand\" content=\"Modern Flames\" \/>\n<meta property=\"og:availability\" content=\"instock\" \/>\n<meta property=\"product:availability\" content=\"instock\" \/>\n<meta property=\"product:condition\" content=\"new\" \/>\n<!-- \/ Yoast SEO Premium plugin. -->","yoast_head_json":{"title":"Electric landscape pro slim series fireplaces from Modern Flames - Groupe BelleFlamme","description":"Electric landscape pro slim series fireplaces from Modern Flames sold and installed by the Belleflamme Group. Laval, Montreal, Gatineau, Drummondville & Saint-Sauveur.","robots":{"index":"index","follow":"follow","max-snippet":"max-snippet:-1","max-image-preview":"max-image-preview:large","max-video-preview":"max-video-preview:-1"},"canonical":"https:\/\/staging.belleflamme.ca\/en\/product\/landscape-pro-slim-series-electric-fireplaces\/","og_locale":"en_US","og_type":"article","og_title":"Electric landscape pro slim series fireplaces from Modern Flames","og_description":"Electric landscape pro slim series fireplaces from Modern Flames sold and installed by the Belleflamme Group. Laval, Montreal, Gatineau, Drummondville & Saint-Sauveur.","og_url":"https:\/\/staging.belleflamme.ca\/en\/product\/landscape-pro-slim-series-electric-fireplaces\/","og_site_name":"Groupe BelleFlamme","article_publisher":"https:\/\/www.facebook.com\/belleflamme.ca\/","article_modified_time":"2023-11-27T20:53:39+00:00","og_image":[{"width":1200,"height":804,"url":"https:\/\/www.belleflamme.ca\/wp-content\/uploads\/2023\/02\/2-LPS-56-Bathroom.jpg","type":"image\/jpeg"}],"twitter_card":"summary_large_image","twitter_misc":{"Availability":"In stock"},"schema":{"@context":"https:\/\/schema.org","@graph":[{"@type":["WebPage","ItemPage"],"@id":"https:\/\/staging.belleflamme.ca\/en\/product\/landscape-pro-slim-series-electric-fireplaces\/","url":"https:\/\/staging.belleflamme.ca\/en\/product\/landscape-pro-slim-series-electric-fireplaces\/","name":"Electric landscape pro slim series fireplaces from Modern Flames - Groupe BelleFlamme","isPartOf":{"@id":"https:\/\/www.belleflamme.ca\/fr\/#website"},"primaryImageOfPage":{"@id":"https:\/\/staging.belleflamme.ca\/en\/product\/landscape-pro-slim-series-electric-fireplaces\/#primaryimage"},"image":{"@id":"https:\/\/staging.belleflamme.ca\/en\/product\/landscape-pro-slim-series-electric-fireplaces\/#primaryimage"},"thumbnailUrl":"https:\/\/staging.belleflamme.ca\/wp-content\/uploads\/2023\/02\/2-LPS-56-Bathroom.jpg","datePublished":"2023-02-07T21:01:46+00:00","dateModified":"2023-11-27T20:53:39+00:00","description":"Electric landscape pro slim series fireplaces from Modern Flames [get_meta_en_fr]","breadcrumb":{"@id":"https:\/\/staging.belleflamme.ca\/en\/product\/landscape-pro-slim-series-electric-fireplaces\/#breadcrumb"},"inLanguage":"en-US","potentialAction":[{"@type":"ReadAction","target":["https:\/\/staging.belleflamme.ca\/en\/product\/landscape-pro-slim-series-electric-fireplaces\/"]}]},{"@type":"ImageObject","inLanguage":"en-US","@id":"https:\/\/staging.belleflamme.ca\/en\/product\/landscape-pro-slim-series-electric-fireplaces\/#primaryimage","url":"https:\/\/staging.belleflamme.ca\/wp-content\/uploads\/2023\/02\/2-LPS-56-Bathroom.jpg","contentUrl":"https:\/\/staging.belleflamme.ca\/wp-content\/uploads\/2023\/02\/2-LPS-56-Bathroom.jpg","width":1200,"height":804},{"@type":"BreadcrumbList","@id":"https:\/\/staging.belleflamme.ca\/en\/product\/landscape-pro-slim-series-electric-fireplaces\/#breadcrumb","itemListElement":[{"@type":"ListItem","position":1,"name":"Home","item":"https:\/\/www.belleflamme.ca\/fr\/"},{"@type":"ListItem","position":2,"name":"Shop","item":"https:\/\/www.belleflamme.ca\/en\/shop\/"},{"@type":"ListItem","position":3,"name":"Stoves &amp; Fireplaces","item":"https:\/\/staging.belleflamme.ca\/en\/category\/stoves-fireplaces\/"},{"@type":"ListItem","position":4,"name":"Electric Stoves &amp; Fireplaces","item":"https:\/\/staging.belleflamme.ca\/en\/category\/stoves-fireplaces\/electric-stoves-fireplaces\/"},{"@type":"ListItem","position":5,"name":"Electric Fireplace","item":"https:\/\/staging.belleflamme.ca\/en\/category\/stoves-fireplaces\/electric-stoves-fireplaces\/electric-fireplace\/"},{"@type":"ListItem","position":6,"name":"Electric landscape pro slim series fireplaces from Modern Flames"}]},{"@type":"WebSite","@id":"https:\/\/www.belleflamme.ca\/fr\/#website","url":"https:\/\/www.belleflamme.ca\/fr\/","name":"Groupe Belleflamme","description":"La m\u00e9canique du b\u00e2timent dans le sang.","publisher":{"@id":"https:\/\/www.belleflamme.ca\/fr\/#organization"},"potentialAction":[{"@type":"SearchAction","target":{"@type":"EntryPoint","urlTemplate":"https:\/\/www.belleflamme.ca\/fr\/?s={search_term_string}"},"query-input":{"@type":"PropertyValueSpecification","valueRequired":true,"valueName":"search_term_string"}}],"inLanguage":"en-US"},{"@type":["Organization","Place"],"@id":"https:\/\/www.belleflamme.ca\/fr\/#organization","name":"Groupe Belleflamme","alternateName":"Belleflamme","url":"https:\/\/www.belleflamme.ca\/fr\/","logo":{"@type":"ImageObject","inLanguage":"en-US","@id":"https:\/\/www.belleflamme.ca\/fr\/#\/schema\/logo\/image\/","url":"https:\/\/staging.belleflamme.ca\/wp-content\/uploads\/2023\/01\/og-image.jpg","contentUrl":"https:\/\/staging.belleflamme.ca\/wp-content\/uploads\/2023\/01\/og-image.jpg","width":1200,"height":630,"caption":"Groupe Belleflamme"},"image":{"@id":"https:\/\/www.belleflamme.ca\/fr\/#\/schema\/logo\/image\/"},"sameAs":["https:\/\/www.facebook.com\/belleflamme.ca\/","https:\/\/www.linkedin.com\/company\/belleflamme\/","https:\/\/www.pinterest.ca\/groupebelleflamme\/","https:\/\/www.instagram.com\/legroupebelleflamme\/"],"mainEntityOfPage":{"@id":"https:\/\/staging.belleflamme.ca\/en\/product\/landscape-pro-slim-series-electric-fireplaces\/"}}]},"product_brand":"Modern Flames","og_availability":"instock","product_availability":"instock","product_condition":"new"},"_links":{"self":[{"href":"https:\/\/staging.belleflamme.ca\/en\/wp-json\/wp\/v2\/product\/5442","targetHints":{"allow":["GET"]}}],"collection":[{"href":"https:\/\/staging.belleflamme.ca\/en\/wp-json\/wp\/v2\/product"}],"about":[{"href":"https:\/\/staging.belleflamme.ca\/en\/wp-json\/wp\/v2\/types\/product"}],"version-history":[{"count":6,"href":"https:\/\/staging.belleflamme.ca\/en\/wp-json\/wp\/v2\/product\/5442\/revisions"}],"predecessor-version":[{"id":23524,"href":"https:\/\/staging.belleflamme.ca\/en\/wp-json\/wp\/v2\/product\/5442\/revisions\/23524"}],"wp:featuredmedia":[{"embeddable":true,"href":"https:\/\/staging.belleflamme.ca\/en\/wp-json\/wp\/v2\/media\/3331"}],"wp:attachment":[{"href":"https:\/\/staging.belleflamme.ca\/en\/wp-json\/wp\/v2\/media?parent=5442"}],"wp:term":[{"taxonomy":"product_brand","embeddable":true,"href":"https:\/\/staging.belleflamme.ca\/en\/wp-json\/wp\/v2\/product_brand?post=5442"},{"taxonomy":"product_cat","embeddable":true,"href":"https:\/\/staging.belleflamme.ca\/en\/wp-json\/wp\/v2\/product_cat?post=5442"},{"taxonomy":"product_tag","embeddable":true,"href":"https:\/\/staging.belleflamme.ca\/en\/wp-json\/wp\/v2\/product_tag?post=5442"}],"curies":[{"name":"wp","href":"https:\/\/api.w.org\/{rel}","templated":true}]}}