{"id":51668,"date":"2025-02-27T16:35:32","date_gmt":"2025-02-27T21:35:32","guid":{"rendered":"https:\/\/www.belleflamme.ca\/?post_type=product&#038;p=51668"},"modified":"2025-02-27T16:38:05","modified_gmt":"2025-02-27T21:38:05","slug":"zero-clearance-liner-for-built-in-12-side-burners-by-napoleon","status":"publish","type":"product","link":"https:\/\/staging.belleflamme.ca\/en\/product\/zero-clearance-liner-for-built-in-12-side-burners-by-napoleon\/","title":{"rendered":"Zero Clearance Liner for Built-in 12 Side Burners by Napoleon"},"content":{"rendered":"<h3>Description<\/h3>\n<p>This Zero Clearance Liner is specifically designed for use in custom outdoor kitchens. Specifically for fitting the Built-In 700 Series Inline Dual Range Top Burner, this Zero Clearance Liner allows combustible building materials to be installed near or against the liner without fear of combustion or heat damage to the building materials. Using a Zero Clearance Liner allows for greater flexibility when installing gas grills and appliances in an outdoor kitchen application. The seamless trim provides a flawless and seamless look upon installation. Please consult your manual for installation instructions.<\/p>\n<h3>Key Features<\/h3>\n<p>Zero Clearance Liner for Built-in 12 Side Burners onlyDurable Stainless Steel construction ensures a long life while looking greatHangers provide balanced installation, this liner can be used for more versatile installation with less clearance needed for combustible materialsSeamless trim provides versatile and flawless installation\u00a0<\/p>\n<table>\n<tbody>\n<tr>\n<th>Warranty<\/th>\n<td>10 Year Limited<sup>*<\/sup><\/td>\n<\/tr>\n<tr>\n<th>Height<\/th>\n<td>18.50 in<\/td>\n<\/tr>\n<tr>\n<th>Width<\/th>\n<td>28 in<\/td>\n<\/tr>\n<tr>\n<th>Depth<\/th>\n<td>25.50 in<\/td>\n<\/tr>\n<tr>\n<th>Packaging Height<\/th>\n<td>18.50 in (46.99 cm)<\/td>\n<\/tr>\n<tr>\n<th>Packaging Width<\/th>\n<td>28 in (71.12 cm)<\/td>\n<\/tr>\n<tr>\n<th>Packaging Depth<\/th>\n<td>25.50 in (64.77 cm)<\/td>\n<\/tr>\n<tr>\n<th>Packaging Weight<\/th>\n<td>28.50 lbs. (12.93 kg)<\/td>\n<\/tr>\n<\/tbody>\n<\/table>\n","protected":false},"excerpt":{"rendered":"<p>Description This Zero Clearance Liner is specifically designed for use in custom outdoor kitchens. Specifically for fitting the Built-In 700 Series Inline Dual Range Top Burner, this Zero Clearance Liner allows combustible building materials to be installed near or against the liner without fear of combustion or heat damage to the building materials. Using a [&hellip;]<\/p>\n","protected":false},"featured_media":51663,"template":"","meta":{"inline_featured_image":false},"product_brand":[1318],"product_cat":[144,354,149],"product_tag":[],"class_list":{"0":"post-51668","1":"product","2":"type-product","3":"status-publish","4":"has-post-thumbnail","6":"product_brand-napoleon-bbq","7":"product_cat-bbq-outdoor-products","8":"product_cat-cabinets-modules","9":"product_cat-outdoor-kitchen","11":"first","12":"instock","13":"taxable","14":"shipping-taxable","15":"purchasable","16":"product-type-simple"},"yoast_head":"<!-- This site is optimized with the Yoast SEO Premium plugin v24.2 (Yoast SEO v24.2) - https:\/\/yoast.com\/wordpress\/plugins\/seo\/ -->\n<title>Zero Clearance Liner for Built-in 12 Side Burners by Napoleon - Groupe BelleFlamme<\/title>\n<meta name=\"description\" content=\"Zero Clearance Liner for Built-in 12 Side Burners by Napoleon sold and installed by the Belleflamme Group. Laval, Montreal, Gatineau and Saint-Sauveur.\" \/>\n<meta name=\"robots\" content=\"index, follow, max-snippet:-1, max-image-preview:large, max-video-preview:-1\" \/>\n<link rel=\"canonical\" href=\"https:\/\/staging.belleflamme.ca\/en\/product\/zero-clearance-liner-for-built-in-12-side-burners-by-napoleon\/\" \/>\n<meta property=\"og:locale\" content=\"en_US\" \/>\n<meta property=\"og:type\" content=\"article\" \/>\n<meta property=\"og:title\" content=\"Zero Clearance Liner for Built-in 12 Side Burners by Napoleon\" \/>\n<meta property=\"og:description\" content=\"Zero Clearance Liner for Built-in 12 Side Burners by Napoleon sold and installed by the Belleflamme Group. Laval, Montreal, Gatineau and Saint-Sauveur.\" \/>\n<meta property=\"og:url\" content=\"https:\/\/staging.belleflamme.ca\/en\/product\/zero-clearance-liner-for-built-in-12-side-burners-by-napoleon\/\" \/>\n<meta property=\"og:site_name\" content=\"Groupe BelleFlamme\" \/>\n<meta property=\"article:publisher\" content=\"https:\/\/www.facebook.com\/belleflamme.ca\/\" \/>\n<meta property=\"article:modified_time\" content=\"2025-02-27T21:38:05+00:00\" \/>\n<meta property=\"og:image\" content=\"https:\/\/www.belleflamme.ca\/wp-content\/uploads\/2025\/02\/Doublure-isolante-a-degagement-zero-pour-bruleurs-lateraux-encastres-de-12-po-de-Napoleon.jpg\" \/>\n\t<meta property=\"og:image:width\" content=\"1234\" \/>\n\t<meta property=\"og:image:height\" content=\"1000\" \/>\n\t<meta property=\"og:image:type\" content=\"image\/jpeg\" \/>\n<meta name=\"twitter:card\" content=\"summary_large_image\" \/>\n<meta name=\"twitter:label1\" content=\"Price\" \/>\n\t<meta name=\"twitter:data1\" content=\"&#036;599.00\" \/>\n\t<meta name=\"twitter:label2\" content=\"Availability\" \/>\n\t<meta name=\"twitter:data2\" content=\"In stock\" \/>\n<script type=\"application\/ld+json\" class=\"yoast-schema-graph\">{\"@context\":\"https:\/\/schema.org\",\"@graph\":[{\"@type\":[\"WebPage\",\"ItemPage\"],\"@id\":\"https:\/\/staging.belleflamme.ca\/en\/product\/zero-clearance-liner-for-built-in-12-side-burners-by-napoleon\/\",\"url\":\"https:\/\/staging.belleflamme.ca\/en\/product\/zero-clearance-liner-for-built-in-12-side-burners-by-napoleon\/\",\"name\":\"Zero Clearance Liner for Built-in 12 Side Burners by Napoleon - Groupe BelleFlamme\",\"isPartOf\":{\"@id\":\"https:\/\/www.belleflamme.ca\/fr\/#website\"},\"primaryImageOfPage\":{\"@id\":\"https:\/\/staging.belleflamme.ca\/en\/product\/zero-clearance-liner-for-built-in-12-side-burners-by-napoleon\/#primaryimage\"},\"image\":{\"@id\":\"https:\/\/staging.belleflamme.ca\/en\/product\/zero-clearance-liner-for-built-in-12-side-burners-by-napoleon\/#primaryimage\"},\"thumbnailUrl\":\"https:\/\/staging.belleflamme.ca\/wp-content\/uploads\/2025\/02\/Doublure-isolante-a-degagement-zero-pour-bruleurs-lateraux-encastres-de-12-po-de-Napoleon.jpg\",\"datePublished\":\"2025-02-27T21:35:32+00:00\",\"dateModified\":\"2025-02-27T21:38:05+00:00\",\"description\":\"Zero Clearance Liner for Built-in 12 Side Burners by Napoleon sold and installed by the Belleflamme Group. Laval, Montreal, Gatineau and Saint-Sauveur.\",\"breadcrumb\":{\"@id\":\"https:\/\/staging.belleflamme.ca\/en\/product\/zero-clearance-liner-for-built-in-12-side-burners-by-napoleon\/#breadcrumb\"},\"inLanguage\":\"en-US\",\"potentialAction\":[{\"@type\":\"ReadAction\",\"target\":[\"https:\/\/staging.belleflamme.ca\/en\/product\/zero-clearance-liner-for-built-in-12-side-burners-by-napoleon\/\"]}]},{\"@type\":\"ImageObject\",\"inLanguage\":\"en-US\",\"@id\":\"https:\/\/staging.belleflamme.ca\/en\/product\/zero-clearance-liner-for-built-in-12-side-burners-by-napoleon\/#primaryimage\",\"url\":\"https:\/\/staging.belleflamme.ca\/wp-content\/uploads\/2025\/02\/Doublure-isolante-a-degagement-zero-pour-bruleurs-lateraux-encastres-de-12-po-de-Napoleon.jpg\",\"contentUrl\":\"https:\/\/staging.belleflamme.ca\/wp-content\/uploads\/2025\/02\/Doublure-isolante-a-degagement-zero-pour-bruleurs-lateraux-encastres-de-12-po-de-Napoleon.jpg\",\"width\":1234,\"height\":1000,\"caption\":\"Doublure isolante \u00e0 d\u00e9gagement z\u00e9ro pour br\u00fbleurs lat\u00e9raux encastr\u00e9s de 12 po de Napoleon\"},{\"@type\":\"BreadcrumbList\",\"@id\":\"https:\/\/staging.belleflamme.ca\/en\/product\/zero-clearance-liner-for-built-in-12-side-burners-by-napoleon\/#breadcrumb\",\"itemListElement\":[{\"@type\":\"ListItem\",\"position\":1,\"name\":\"Home\",\"item\":\"https:\/\/www.belleflamme.ca\/fr\/\"},{\"@type\":\"ListItem\",\"position\":2,\"name\":\"Shop\",\"item\":\"https:\/\/www.belleflamme.ca\/en\/shop\/\"},{\"@type\":\"ListItem\",\"position\":3,\"name\":\"BBQ &amp; Outdoor Products\",\"item\":\"https:\/\/staging.belleflamme.ca\/en\/category\/bbq-outdoor-products\/\"},{\"@type\":\"ListItem\",\"position\":4,\"name\":\"Outdoor Kitchen\",\"item\":\"https:\/\/staging.belleflamme.ca\/en\/category\/bbq-outdoor-products\/outdoor-kitchen\/\"},{\"@type\":\"ListItem\",\"position\":5,\"name\":\"Cabinets &amp; Modules\",\"item\":\"https:\/\/staging.belleflamme.ca\/en\/category\/bbq-outdoor-products\/outdoor-kitchen\/cabinets-modules\/\"},{\"@type\":\"ListItem\",\"position\":6,\"name\":\"Zero Clearance Liner for Built-in 12 Side Burners by Napoleon\"}]},{\"@type\":\"WebSite\",\"@id\":\"https:\/\/www.belleflamme.ca\/fr\/#website\",\"url\":\"https:\/\/www.belleflamme.ca\/fr\/\",\"name\":\"Groupe Belleflamme\",\"description\":\"La m\u00e9canique du b\u00e2timent dans le sang.\",\"publisher\":{\"@id\":\"https:\/\/www.belleflamme.ca\/fr\/#organization\"},\"potentialAction\":[{\"@type\":\"SearchAction\",\"target\":{\"@type\":\"EntryPoint\",\"urlTemplate\":\"https:\/\/www.belleflamme.ca\/fr\/?s={search_term_string}\"},\"query-input\":{\"@type\":\"PropertyValueSpecification\",\"valueRequired\":true,\"valueName\":\"search_term_string\"}}],\"inLanguage\":\"en-US\"},{\"@type\":[\"Organization\",\"Place\"],\"@id\":\"https:\/\/www.belleflamme.ca\/fr\/#organization\",\"name\":\"Groupe Belleflamme\",\"alternateName\":\"Belleflamme\",\"url\":\"https:\/\/www.belleflamme.ca\/fr\/\",\"logo\":{\"@type\":\"ImageObject\",\"inLanguage\":\"en-US\",\"@id\":\"https:\/\/www.belleflamme.ca\/fr\/#\/schema\/logo\/image\/\",\"url\":\"https:\/\/staging.belleflamme.ca\/wp-content\/uploads\/2023\/01\/og-image.jpg\",\"contentUrl\":\"https:\/\/staging.belleflamme.ca\/wp-content\/uploads\/2023\/01\/og-image.jpg\",\"width\":1200,\"height\":630,\"caption\":\"Groupe Belleflamme\"},\"image\":{\"@id\":\"https:\/\/www.belleflamme.ca\/fr\/#\/schema\/logo\/image\/\"},\"sameAs\":[\"https:\/\/www.facebook.com\/belleflamme.ca\/\",\"https:\/\/www.linkedin.com\/company\/belleflamme\/\",\"https:\/\/www.pinterest.ca\/groupebelleflamme\/\",\"https:\/\/www.instagram.com\/legroupebelleflamme\/\"],\"mainEntityOfPage\":{\"@id\":\"https:\/\/staging.belleflamme.ca\/en\/product\/zero-clearance-liner-for-built-in-12-side-burners-by-napoleon\/\"}}]}<\/script>\n<meta property=\"product:brand\" content=\"Napoleon BBQ\" \/>\n<meta property=\"product:price:amount\" content=\"599.00\" \/>\n<meta property=\"product:price:currency\" content=\"CAD\" \/>\n<meta property=\"og:availability\" content=\"instock\" \/>\n<meta property=\"product:availability\" content=\"instock\" \/>\n<meta property=\"product:retailer_item_id\" content=\"BI-1823-ZCL\" \/>\n<meta property=\"product:condition\" content=\"new\" \/>\n<!-- \/ Yoast SEO Premium plugin. -->","yoast_head_json":{"title":"Zero Clearance Liner for Built-in 12 Side Burners by Napoleon - Groupe BelleFlamme","description":"Zero Clearance Liner for Built-in 12 Side Burners by Napoleon sold and installed by the Belleflamme Group. Laval, Montreal, Gatineau and Saint-Sauveur.","robots":{"index":"index","follow":"follow","max-snippet":"max-snippet:-1","max-image-preview":"max-image-preview:large","max-video-preview":"max-video-preview:-1"},"canonical":"https:\/\/staging.belleflamme.ca\/en\/product\/zero-clearance-liner-for-built-in-12-side-burners-by-napoleon\/","og_locale":"en_US","og_type":"article","og_title":"Zero Clearance Liner for Built-in 12 Side Burners by Napoleon","og_description":"Zero Clearance Liner for Built-in 12 Side Burners by Napoleon sold and installed by the Belleflamme Group. Laval, Montreal, Gatineau and Saint-Sauveur.","og_url":"https:\/\/staging.belleflamme.ca\/en\/product\/zero-clearance-liner-for-built-in-12-side-burners-by-napoleon\/","og_site_name":"Groupe BelleFlamme","article_publisher":"https:\/\/www.facebook.com\/belleflamme.ca\/","article_modified_time":"2025-02-27T21:38:05+00:00","og_image":[{"width":1234,"height":1000,"url":"https:\/\/www.belleflamme.ca\/wp-content\/uploads\/2025\/02\/Doublure-isolante-a-degagement-zero-pour-bruleurs-lateraux-encastres-de-12-po-de-Napoleon.jpg","type":"image\/jpeg"}],"twitter_card":"summary_large_image","twitter_misc":{"Price":"&#36;599.00","Availability":"In stock"},"schema":{"@context":"https:\/\/schema.org","@graph":[{"@type":["WebPage","ItemPage"],"@id":"https:\/\/staging.belleflamme.ca\/en\/product\/zero-clearance-liner-for-built-in-12-side-burners-by-napoleon\/","url":"https:\/\/staging.belleflamme.ca\/en\/product\/zero-clearance-liner-for-built-in-12-side-burners-by-napoleon\/","name":"Zero Clearance Liner for Built-in 12 Side Burners by Napoleon - Groupe BelleFlamme","isPartOf":{"@id":"https:\/\/www.belleflamme.ca\/fr\/#website"},"primaryImageOfPage":{"@id":"https:\/\/staging.belleflamme.ca\/en\/product\/zero-clearance-liner-for-built-in-12-side-burners-by-napoleon\/#primaryimage"},"image":{"@id":"https:\/\/staging.belleflamme.ca\/en\/product\/zero-clearance-liner-for-built-in-12-side-burners-by-napoleon\/#primaryimage"},"thumbnailUrl":"https:\/\/staging.belleflamme.ca\/wp-content\/uploads\/2025\/02\/Doublure-isolante-a-degagement-zero-pour-bruleurs-lateraux-encastres-de-12-po-de-Napoleon.jpg","datePublished":"2025-02-27T21:35:32+00:00","dateModified":"2025-02-27T21:38:05+00:00","description":"Zero Clearance Liner for Built-in 12 Side Burners by Napoleon sold and installed by the Belleflamme Group. Laval, Montreal, Gatineau and Saint-Sauveur.","breadcrumb":{"@id":"https:\/\/staging.belleflamme.ca\/en\/product\/zero-clearance-liner-for-built-in-12-side-burners-by-napoleon\/#breadcrumb"},"inLanguage":"en-US","potentialAction":[{"@type":"ReadAction","target":["https:\/\/staging.belleflamme.ca\/en\/product\/zero-clearance-liner-for-built-in-12-side-burners-by-napoleon\/"]}]},{"@type":"ImageObject","inLanguage":"en-US","@id":"https:\/\/staging.belleflamme.ca\/en\/product\/zero-clearance-liner-for-built-in-12-side-burners-by-napoleon\/#primaryimage","url":"https:\/\/staging.belleflamme.ca\/wp-content\/uploads\/2025\/02\/Doublure-isolante-a-degagement-zero-pour-bruleurs-lateraux-encastres-de-12-po-de-Napoleon.jpg","contentUrl":"https:\/\/staging.belleflamme.ca\/wp-content\/uploads\/2025\/02\/Doublure-isolante-a-degagement-zero-pour-bruleurs-lateraux-encastres-de-12-po-de-Napoleon.jpg","width":1234,"height":1000,"caption":"Doublure isolante \u00e0 d\u00e9gagement z\u00e9ro pour br\u00fbleurs lat\u00e9raux encastr\u00e9s de 12 po de Napoleon"},{"@type":"BreadcrumbList","@id":"https:\/\/staging.belleflamme.ca\/en\/product\/zero-clearance-liner-for-built-in-12-side-burners-by-napoleon\/#breadcrumb","itemListElement":[{"@type":"ListItem","position":1,"name":"Home","item":"https:\/\/www.belleflamme.ca\/fr\/"},{"@type":"ListItem","position":2,"name":"Shop","item":"https:\/\/www.belleflamme.ca\/en\/shop\/"},{"@type":"ListItem","position":3,"name":"BBQ &amp; Outdoor Products","item":"https:\/\/staging.belleflamme.ca\/en\/category\/bbq-outdoor-products\/"},{"@type":"ListItem","position":4,"name":"Outdoor Kitchen","item":"https:\/\/staging.belleflamme.ca\/en\/category\/bbq-outdoor-products\/outdoor-kitchen\/"},{"@type":"ListItem","position":5,"name":"Cabinets &amp; Modules","item":"https:\/\/staging.belleflamme.ca\/en\/category\/bbq-outdoor-products\/outdoor-kitchen\/cabinets-modules\/"},{"@type":"ListItem","position":6,"name":"Zero Clearance Liner for Built-in 12 Side Burners by Napoleon"}]},{"@type":"WebSite","@id":"https:\/\/www.belleflamme.ca\/fr\/#website","url":"https:\/\/www.belleflamme.ca\/fr\/","name":"Groupe Belleflamme","description":"La m\u00e9canique du b\u00e2timent dans le sang.","publisher":{"@id":"https:\/\/www.belleflamme.ca\/fr\/#organization"},"potentialAction":[{"@type":"SearchAction","target":{"@type":"EntryPoint","urlTemplate":"https:\/\/www.belleflamme.ca\/fr\/?s={search_term_string}"},"query-input":{"@type":"PropertyValueSpecification","valueRequired":true,"valueName":"search_term_string"}}],"inLanguage":"en-US"},{"@type":["Organization","Place"],"@id":"https:\/\/www.belleflamme.ca\/fr\/#organization","name":"Groupe Belleflamme","alternateName":"Belleflamme","url":"https:\/\/www.belleflamme.ca\/fr\/","logo":{"@type":"ImageObject","inLanguage":"en-US","@id":"https:\/\/www.belleflamme.ca\/fr\/#\/schema\/logo\/image\/","url":"https:\/\/staging.belleflamme.ca\/wp-content\/uploads\/2023\/01\/og-image.jpg","contentUrl":"https:\/\/staging.belleflamme.ca\/wp-content\/uploads\/2023\/01\/og-image.jpg","width":1200,"height":630,"caption":"Groupe Belleflamme"},"image":{"@id":"https:\/\/www.belleflamme.ca\/fr\/#\/schema\/logo\/image\/"},"sameAs":["https:\/\/www.facebook.com\/belleflamme.ca\/","https:\/\/www.linkedin.com\/company\/belleflamme\/","https:\/\/www.pinterest.ca\/groupebelleflamme\/","https:\/\/www.instagram.com\/legroupebelleflamme\/"],"mainEntityOfPage":{"@id":"https:\/\/staging.belleflamme.ca\/en\/product\/zero-clearance-liner-for-built-in-12-side-burners-by-napoleon\/"}}]},"product_brand":"Napoleon BBQ","product_price_amount":"599.00","product_price_currency":"CAD","og_availability":"instock","product_availability":"instock","product_retailer_item_id":"BI-1823-ZCL","product_condition":"new"},"_links":{"self":[{"href":"https:\/\/staging.belleflamme.ca\/en\/wp-json\/wp\/v2\/product\/51668","targetHints":{"allow":["GET"]}}],"collection":[{"href":"https:\/\/staging.belleflamme.ca\/en\/wp-json\/wp\/v2\/product"}],"about":[{"href":"https:\/\/staging.belleflamme.ca\/en\/wp-json\/wp\/v2\/types\/product"}],"version-history":[{"count":4,"href":"https:\/\/staging.belleflamme.ca\/en\/wp-json\/wp\/v2\/product\/51668\/revisions"}],"predecessor-version":[{"id":51672,"href":"https:\/\/staging.belleflamme.ca\/en\/wp-json\/wp\/v2\/product\/51668\/revisions\/51672"}],"wp:featuredmedia":[{"embeddable":true,"href":"https:\/\/staging.belleflamme.ca\/en\/wp-json\/wp\/v2\/media\/51663"}],"wp:attachment":[{"href":"https:\/\/staging.belleflamme.ca\/en\/wp-json\/wp\/v2\/media?parent=51668"}],"wp:term":[{"taxonomy":"product_brand","embeddable":true,"href":"https:\/\/staging.belleflamme.ca\/en\/wp-json\/wp\/v2\/product_brand?post=51668"},{"taxonomy":"product_cat","embeddable":true,"href":"https:\/\/staging.belleflamme.ca\/en\/wp-json\/wp\/v2\/product_cat?post=51668"},{"taxonomy":"product_tag","embeddable":true,"href":"https:\/\/staging.belleflamme.ca\/en\/wp-json\/wp\/v2\/product_tag?post=51668"}],"curies":[{"name":"wp","href":"https:\/\/api.w.org\/{rel}","templated":true}]}}