{"id":51574,"date":"2025-02-27T14:44:32","date_gmt":"2025-02-27T19:44:32","guid":{"rendered":"https:\/\/www.belleflamme.ca\/?post_type=product&#038;p=51574"},"modified":"2025-02-27T14:50:31","modified_gmt":"2025-02-27T19:50:31","slug":"built-in-700-series-32-gas-griddle-by-napoleon","status":"publish","type":"product","link":"https:\/\/staging.belleflamme.ca\/en\/product\/built-in-700-series-32-gas-griddle-by-napoleon\/","title":{"rendered":"Built-In 700 Series 32 Gas Griddle by Napoleon"},"content":{"rendered":"\t\t<div data-elementor-type=\"product-post\" data-elementor-id=\"51574\" class=\"elementor elementor-51574 elementor-51559\" data-elementor-post-type=\"product\">\n\t\t\t\t\t\t<section class=\"elementor-section elementor-top-section elementor-element elementor-element-603e3af elementor-section-boxed elementor-section-height-default elementor-section-height-default\" data-id=\"603e3af\" data-element_type=\"section\">\n\t\t\t\t\t\t<div class=\"elementor-container elementor-column-gap-default\">\n\t\t\t\t\t<div class=\"elementor-column elementor-col-100 elementor-top-column elementor-element elementor-element-55ed0305\" data-id=\"55ed0305\" data-element_type=\"column\">\n\t\t\t<div class=\"elementor-widget-wrap elementor-element-populated\">\n\t\t\t\t\t\t<div class=\"elementor-element elementor-element-30d4a7fc elementor-widget elementor-widget-text-editor\" data-id=\"30d4a7fc\" data-element_type=\"widget\" data-widget_type=\"text-editor.default\">\n\t\t\t\t<div class=\"elementor-widget-container\">\n\t\t\t\t\t\t\t\t\t<div class=\"field product-description show-more-container tab-item tab-on\">\u00a0<\/div><div class=\"field product-features show-more-container tab-item\"><div class=\"inner-wrapper open\" data-max-height=\"360px\" data-fade=\"true\" data-height=\"448px\"><div class=\"clearfix text-formatted field field--name-field-summary-features field--type-text field--label-hidden field__items\"><div class=\"field__item\"><div class=\"field product-description show-more-container tab-item tab-on\"><h3 class=\"title hide-item-on-mobile\">Description<\/h3><div class=\"inner-wrapper open\" data-max-height=\"360px\" data-fade=\"true\" data-height=\"378px\"><div class=\"clearfix text-formatted field field--name-body field--type-text-with-summary field--label-hidden field__item\"><p>Transform your outdoor cooking with our Built-In Griddle. Made from premium 304 stainless steel, this griddle features a robust 430 stainless steel cooking surface and a convenient removable lid. Enjoy effortless starts with the one-touch integrated ignition system. For added safety, the Safety Glow knobs with a Flame Sensor glow red when the gas is on and switch to blinking red if the flame goes out. Installation is straightforward with a standard 32&#8243; footprint. With two high-performance U-shaped stainless steel burners, this griddle ensures even heat distribution and top-tier cooking results. The dual-zone control system provides precision temperature management, allowing you to prepare multiple dishes simultaneously. Grill up to 28 burgers at once on the generous cooking surface. Cleanup is simple with front-access grease management, featuring an easy-to-remove grease tray and an integrated scraping tool.<\/p><\/div><\/div><\/div><div class=\"field product-features show-more-container tab-item\"><h3 class=\"title hide-item-on-mobile\">Key Features<\/h3><div class=\"inner-wrapper\" data-max-height=\"360px\" data-fade=\"true\"><div class=\"clearfix text-formatted field field--name-field-summary-features field--type-text field--label-hidden field__items\"><div class=\"field__item\">2 Stainless Steel U-Shaped Burners 24,000 BTU&#8217;s 29.5-inches x 18-inches 500 in\u00b2 Total Cooking Area<\/div><div class=\"field__item\">PREMIUM QUALITY: All stainless steel construction features 304 stainless body with 5mm thick 430 stainless cooking surface<\/div><div class=\"field__item\">DETACHABLE LID: Lets you cover the cooking surface or remove it entirely to suit your setup<\/div><div class=\"field__item\">INSTANT IGNITION: Instant, one touch ignition ensures fast and easy operation<\/div><div class=\"field__item\">SAFETYGLOW PLUS KNOBS: Backlit knobs that glow red when the gas is on and blink if the flame goes out for added safety<\/div><div class=\"field__item\">DUAL-ZONE COOKING: Dual burners and an integrated baffle create two distinct temperature zones, ideal for cooking multiple dishes at once<\/div><div class=\"field__item\">EASY INSTALLATION: Upgrade or augment your outdoor living space with this griddle, industry standard 32&#8221; footprint<\/div><div class=\"field__item\">BEST IN CLASS: Provides best-in-class heating and evenness of heat with quick warming times and two-zone cooking capabilities<\/div><div class=\"field__item\">EASY TO CLEAN: Hassle free cleaning with a removable front grease tray and integrated tool scraping system<\/div><div class=\"field__item\">FEED A CROWD: Cook up to 28 Hamburgers at once on the generous 500 SQ-in cooking surface<\/div><div>\u00a0<\/div><\/div><\/div><\/div><\/div><\/div><\/div><\/div><div>\u00a0<\/div><div><table class=\"specification-table\"><tbody><tr><th>Warranty<\/th><td>Lifetime Limited Warranty<sup>*<\/sup><\/td><\/tr><tr><th>Fuel Type<\/th><td>Natural Gas and Propane<\/td><\/tr><tr><th>Heat Output<\/th><td>24,000 BTU (7 kW)<\/td><\/tr><tr><th>Main Cooking Area<\/th><td>29.5 x 17 in (75 x 43 cm) \u00a0|\u00a0 28 burgers<\/td><\/tr><tr><th>Total Cooking Area<\/th><td>500 sq.in (3,225 cm\u00b2)<\/td><\/tr><tr><th>Rotisserie Included<\/th><td>No<\/td><\/tr><tr><th>Height<\/th><td>16.50 in (41 cm) \u00a0|\u00a0 35.25 in (90 cm) with lid open<\/td><\/tr><tr><th>Width<\/th><td>33.50 in (86 cm)<\/td><\/tr><tr><th>Depth<\/th><td>26 in (63 cm)<\/td><\/tr><tr><th>Packaging Height<\/th><td>19.50 in (49.53 cm)<\/td><\/tr><tr><th>Packaging Width<\/th><td>29.64 in (75.29 cm)<\/td><\/tr><tr><th>Packaging Depth<\/th><td>37.05 in (94.11 cm)<\/td><\/tr><tr><th>Packaging Weight<\/th><td>108 lbs. (48.98 kg)<\/td><\/tr><\/tbody><\/table><\/div><div>\u00a0<\/div><p><img fetchpriority=\"high\" decoding=\"async\" class=\"\" src=\"https:\/\/www.napoleon.com\/sites\/default\/files\/products\/BIG32FTPSS-dims-in%201.jpg\" width=\"472\" height=\"472\" \/><\/p>\t\t\t\t\t\t\t\t<\/div>\n\t\t\t\t<\/div>\n\t\t\t\t\t<\/div>\n\t\t<\/div>\n\t\t\t\t\t<\/div>\n\t\t<\/section>\n\t\t\t\t<section class=\"elementor-section elementor-top-section elementor-element elementor-element-66058a4 elementor-section-boxed elementor-section-height-default elementor-section-height-default\" data-id=\"66058a4\" data-element_type=\"section\">\n\t\t\t\t\t\t<div class=\"elementor-container elementor-column-gap-default\">\n\t\t\t\t\t<div class=\"elementor-column elementor-col-100 elementor-top-column elementor-element elementor-element-07766a5\" data-id=\"07766a5\" data-element_type=\"column\">\n\t\t\t<div class=\"elementor-widget-wrap elementor-element-populated\">\n\t\t\t\t\t\t<div class=\"elementor-element elementor-element-8664bc2 elementor-tabs-view-horizontal elementor-widget elementor-widget-tabs\" data-id=\"8664bc2\" data-element_type=\"widget\" data-widget_type=\"tabs.default\">\n\t\t\t\t<div class=\"elementor-widget-container\">\n\t\t\t\t\t\t\t<div class=\"elementor-tabs\">\n\t\t\t<div class=\"elementor-tabs-wrapper\" role=\"tablist\" >\n\t\t\t\t\t\t\t\t\t<div id=\"elementor-tab-title-1401\" class=\"elementor-tab-title elementor-tab-desktop-title\" aria-selected=\"true\" data-tab=\"1\" role=\"tab\" tabindex=\"0\" aria-controls=\"elementor-tab-content-1401\" aria-expanded=\"false\">Files<\/div>\n\t\t\t\t\t\t\t<\/div>\n\t\t\t<div class=\"elementor-tabs-content-wrapper\" role=\"tablist\" aria-orientation=\"vertical\">\n\t\t\t\t\t\t\t\t\t<div class=\"elementor-tab-title elementor-tab-mobile-title\" aria-selected=\"true\" data-tab=\"1\" role=\"tab\" tabindex=\"0\" aria-controls=\"elementor-tab-content-1401\" aria-expanded=\"false\">Files<\/div>\n\t\t\t\t\t<div id=\"elementor-tab-content-1401\" class=\"elementor-tab-content elementor-clearfix\" data-tab=\"1\" role=\"tabpanel\" aria-labelledby=\"elementor-tab-title-1401\" tabindex=\"0\" hidden=\"false\"><p><i class=\"far fa-file-pdf fa-xl\" style=\"font-size: 35px;\"><\/i><a href=\"https:\/\/www.belleflamme.ca\/wp-content\/uploads\/2025\/02\/N415-0804_-1.pdf\"> Manual<\/a><\/p><\/div>\n\t\t\t\t\t\t\t<\/div>\n\t\t<\/div>\n\t\t\t\t\t\t<\/div>\n\t\t\t\t<\/div>\n\t\t\t\t\t<\/div>\n\t\t<\/div>\n\t\t\t\t\t<\/div>\n\t\t<\/section>\n\t\t\t\t<\/div>\n\t\t","protected":false},"excerpt":{"rendered":"<p>\u00a0 Description Transform your outdoor cooking with our Built-In Griddle. Made from premium 304 stainless steel, this griddle features a robust 430 stainless steel cooking surface and a convenient removable lid. Enjoy effortless starts with the one-touch integrated ignition system. For added safety, the Safety Glow knobs with a Flame Sensor glow red when the [&hellip;]<\/p>\n","protected":false},"featured_media":51561,"template":"","meta":{"inline_featured_image":false},"product_brand":[1318],"product_cat":[144,353,149],"product_tag":[],"class_list":{"0":"post-51574","1":"product","2":"type-product","3":"status-publish","4":"has-post-thumbnail","6":"product_brand-napoleon-bbq","7":"product_cat-bbq-outdoor-products","8":"product_cat-outdoor-bbq","9":"product_cat-outdoor-kitchen","11":"first","12":"instock","13":"taxable","14":"shipping-taxable","15":"purchasable","16":"product-type-variable"},"yoast_head":"<!-- This site is optimized with the Yoast SEO Premium plugin v24.2 (Yoast SEO v24.2) - https:\/\/yoast.com\/wordpress\/plugins\/seo\/ -->\n<title>Built-In 700 Series 32 Gas Griddle by Napoleon - Groupe BelleFlamme<\/title>\n<meta name=\"description\" content=\"Built-In 700 Series 32 Gas Griddle by Napoleon sold and installed by the Belleflamme Group. Laval, Montreal, Gatineau and Saint-Sauveur.\" \/>\n<meta name=\"robots\" content=\"index, follow, max-snippet:-1, max-image-preview:large, max-video-preview:-1\" \/>\n<link rel=\"canonical\" href=\"https:\/\/staging.belleflamme.ca\/en\/product\/built-in-700-series-32-gas-griddle-by-napoleon\/\" \/>\n<meta property=\"og:locale\" content=\"en_US\" \/>\n<meta property=\"og:type\" content=\"article\" \/>\n<meta property=\"og:title\" content=\"Built-In 700 Series 32 Gas Griddle by Napoleon\" \/>\n<meta property=\"og:description\" content=\"Built-In 700 Series 32 Gas Griddle by Napoleon sold and installed by the Belleflamme Group. Laval, Montreal, Gatineau and Saint-Sauveur.\" \/>\n<meta property=\"og:url\" content=\"https:\/\/staging.belleflamme.ca\/en\/product\/built-in-700-series-32-gas-griddle-by-napoleon\/\" \/>\n<meta property=\"og:site_name\" content=\"Groupe BelleFlamme\" \/>\n<meta property=\"article:publisher\" content=\"https:\/\/www.facebook.com\/belleflamme.ca\/\" \/>\n<meta property=\"article:modified_time\" content=\"2025-02-27T19:50:31+00:00\" \/>\n<meta property=\"og:image\" content=\"https:\/\/www.belleflamme.ca\/wp-content\/uploads\/2025\/02\/Bruleur-au-gaz-avec-plaque-de-cuisson-integree-de-Napoleon.webp\" \/>\n\t<meta property=\"og:image:width\" content=\"1000\" \/>\n\t<meta property=\"og:image:height\" content=\"1000\" \/>\n\t<meta property=\"og:image:type\" content=\"image\/webp\" \/>\n<meta name=\"twitter:card\" content=\"summary_large_image\" \/>\n<meta name=\"twitter:label1\" content=\"Availability\" \/>\n\t<meta name=\"twitter:data1\" content=\"In stock\" \/>\n<script type=\"application\/ld+json\" class=\"yoast-schema-graph\">{\"@context\":\"https:\/\/schema.org\",\"@graph\":[{\"@type\":[\"WebPage\",\"ItemPage\"],\"@id\":\"https:\/\/staging.belleflamme.ca\/en\/product\/built-in-700-series-32-gas-griddle-by-napoleon\/\",\"url\":\"https:\/\/staging.belleflamme.ca\/en\/product\/built-in-700-series-32-gas-griddle-by-napoleon\/\",\"name\":\"Built-In 700 Series 32 Gas Griddle by Napoleon - Groupe BelleFlamme\",\"isPartOf\":{\"@id\":\"https:\/\/www.belleflamme.ca\/fr\/#website\"},\"primaryImageOfPage\":{\"@id\":\"https:\/\/staging.belleflamme.ca\/en\/product\/built-in-700-series-32-gas-griddle-by-napoleon\/#primaryimage\"},\"image\":{\"@id\":\"https:\/\/staging.belleflamme.ca\/en\/product\/built-in-700-series-32-gas-griddle-by-napoleon\/#primaryimage\"},\"thumbnailUrl\":\"https:\/\/staging.belleflamme.ca\/wp-content\/uploads\/2025\/02\/Bruleur-au-gaz-avec-plaque-de-cuisson-integree-de-Napoleon.webp\",\"datePublished\":\"2025-02-27T19:44:32+00:00\",\"dateModified\":\"2025-02-27T19:50:31+00:00\",\"description\":\"Built-In 700 Series 32 Gas Griddle by Napoleon sold and installed by the Belleflamme Group. Laval, Montreal, Gatineau and Saint-Sauveur.\",\"breadcrumb\":{\"@id\":\"https:\/\/staging.belleflamme.ca\/en\/product\/built-in-700-series-32-gas-griddle-by-napoleon\/#breadcrumb\"},\"inLanguage\":\"en-US\",\"potentialAction\":[{\"@type\":\"ReadAction\",\"target\":[\"https:\/\/staging.belleflamme.ca\/en\/product\/built-in-700-series-32-gas-griddle-by-napoleon\/\"]}]},{\"@type\":\"ImageObject\",\"inLanguage\":\"en-US\",\"@id\":\"https:\/\/staging.belleflamme.ca\/en\/product\/built-in-700-series-32-gas-griddle-by-napoleon\/#primaryimage\",\"url\":\"https:\/\/staging.belleflamme.ca\/wp-content\/uploads\/2025\/02\/Bruleur-au-gaz-avec-plaque-de-cuisson-integree-de-Napoleon.webp\",\"contentUrl\":\"https:\/\/staging.belleflamme.ca\/wp-content\/uploads\/2025\/02\/Bruleur-au-gaz-avec-plaque-de-cuisson-integree-de-Napoleon.webp\",\"width\":1000,\"height\":1000,\"caption\":\"Br\u00fbleur au gaz avec plaque de cuisson int\u00e9gr\u00e9e de Napoleon\"},{\"@type\":\"BreadcrumbList\",\"@id\":\"https:\/\/staging.belleflamme.ca\/en\/product\/built-in-700-series-32-gas-griddle-by-napoleon\/#breadcrumb\",\"itemListElement\":[{\"@type\":\"ListItem\",\"position\":1,\"name\":\"Home\",\"item\":\"https:\/\/www.belleflamme.ca\/fr\/\"},{\"@type\":\"ListItem\",\"position\":2,\"name\":\"Shop\",\"item\":\"https:\/\/www.belleflamme.ca\/en\/shop\/\"},{\"@type\":\"ListItem\",\"position\":3,\"name\":\"BBQ &amp; Outdoor Products\",\"item\":\"https:\/\/staging.belleflamme.ca\/en\/category\/bbq-outdoor-products\/\"},{\"@type\":\"ListItem\",\"position\":4,\"name\":\"Outdoor Kitchen\",\"item\":\"https:\/\/staging.belleflamme.ca\/en\/category\/bbq-outdoor-products\/outdoor-kitchen\/\"},{\"@type\":\"ListItem\",\"position\":5,\"name\":\"Outdoor BBQ\",\"item\":\"https:\/\/staging.belleflamme.ca\/en\/category\/bbq-outdoor-products\/outdoor-kitchen\/outdoor-bbq\/\"},{\"@type\":\"ListItem\",\"position\":6,\"name\":\"Built-In 700 Series 32 Gas Griddle by Napoleon\"}]},{\"@type\":\"WebSite\",\"@id\":\"https:\/\/www.belleflamme.ca\/fr\/#website\",\"url\":\"https:\/\/www.belleflamme.ca\/fr\/\",\"name\":\"Groupe Belleflamme\",\"description\":\"La m\u00e9canique du b\u00e2timent dans le sang.\",\"publisher\":{\"@id\":\"https:\/\/www.belleflamme.ca\/fr\/#organization\"},\"potentialAction\":[{\"@type\":\"SearchAction\",\"target\":{\"@type\":\"EntryPoint\",\"urlTemplate\":\"https:\/\/www.belleflamme.ca\/fr\/?s={search_term_string}\"},\"query-input\":{\"@type\":\"PropertyValueSpecification\",\"valueRequired\":true,\"valueName\":\"search_term_string\"}}],\"inLanguage\":\"en-US\"},{\"@type\":[\"Organization\",\"Place\"],\"@id\":\"https:\/\/www.belleflamme.ca\/fr\/#organization\",\"name\":\"Groupe Belleflamme\",\"alternateName\":\"Belleflamme\",\"url\":\"https:\/\/www.belleflamme.ca\/fr\/\",\"logo\":{\"@type\":\"ImageObject\",\"inLanguage\":\"en-US\",\"@id\":\"https:\/\/www.belleflamme.ca\/fr\/#\/schema\/logo\/image\/\",\"url\":\"https:\/\/staging.belleflamme.ca\/wp-content\/uploads\/2023\/01\/og-image.jpg\",\"contentUrl\":\"https:\/\/staging.belleflamme.ca\/wp-content\/uploads\/2023\/01\/og-image.jpg\",\"width\":1200,\"height\":630,\"caption\":\"Groupe Belleflamme\"},\"image\":{\"@id\":\"https:\/\/www.belleflamme.ca\/fr\/#\/schema\/logo\/image\/\"},\"sameAs\":[\"https:\/\/www.facebook.com\/belleflamme.ca\/\",\"https:\/\/www.linkedin.com\/company\/belleflamme\/\",\"https:\/\/www.pinterest.ca\/groupebelleflamme\/\",\"https:\/\/www.instagram.com\/legroupebelleflamme\/\"],\"mainEntityOfPage\":{\"@id\":\"https:\/\/staging.belleflamme.ca\/en\/product\/built-in-700-series-32-gas-griddle-by-napoleon\/\"}}]}<\/script>\n<meta property=\"product:brand\" content=\"Napoleon BBQ\" \/>\n<meta property=\"og:availability\" content=\"instock\" \/>\n<meta property=\"product:availability\" content=\"instock\" \/>\n<meta property=\"product:condition\" content=\"new\" \/>\n<!-- \/ Yoast SEO Premium plugin. -->","yoast_head_json":{"title":"Built-In 700 Series 32 Gas Griddle by Napoleon - Groupe BelleFlamme","description":"Built-In 700 Series 32 Gas Griddle by Napoleon sold and installed by the Belleflamme Group. Laval, Montreal, Gatineau and Saint-Sauveur.","robots":{"index":"index","follow":"follow","max-snippet":"max-snippet:-1","max-image-preview":"max-image-preview:large","max-video-preview":"max-video-preview:-1"},"canonical":"https:\/\/staging.belleflamme.ca\/en\/product\/built-in-700-series-32-gas-griddle-by-napoleon\/","og_locale":"en_US","og_type":"article","og_title":"Built-In 700 Series 32 Gas Griddle by Napoleon","og_description":"Built-In 700 Series 32 Gas Griddle by Napoleon sold and installed by the Belleflamme Group. Laval, Montreal, Gatineau and Saint-Sauveur.","og_url":"https:\/\/staging.belleflamme.ca\/en\/product\/built-in-700-series-32-gas-griddle-by-napoleon\/","og_site_name":"Groupe BelleFlamme","article_publisher":"https:\/\/www.facebook.com\/belleflamme.ca\/","article_modified_time":"2025-02-27T19:50:31+00:00","og_image":[{"width":1000,"height":1000,"url":"https:\/\/www.belleflamme.ca\/wp-content\/uploads\/2025\/02\/Bruleur-au-gaz-avec-plaque-de-cuisson-integree-de-Napoleon.webp","type":"image\/webp"}],"twitter_card":"summary_large_image","twitter_misc":{"Availability":"In stock"},"schema":{"@context":"https:\/\/schema.org","@graph":[{"@type":["WebPage","ItemPage"],"@id":"https:\/\/staging.belleflamme.ca\/en\/product\/built-in-700-series-32-gas-griddle-by-napoleon\/","url":"https:\/\/staging.belleflamme.ca\/en\/product\/built-in-700-series-32-gas-griddle-by-napoleon\/","name":"Built-In 700 Series 32 Gas Griddle by Napoleon - Groupe BelleFlamme","isPartOf":{"@id":"https:\/\/www.belleflamme.ca\/fr\/#website"},"primaryImageOfPage":{"@id":"https:\/\/staging.belleflamme.ca\/en\/product\/built-in-700-series-32-gas-griddle-by-napoleon\/#primaryimage"},"image":{"@id":"https:\/\/staging.belleflamme.ca\/en\/product\/built-in-700-series-32-gas-griddle-by-napoleon\/#primaryimage"},"thumbnailUrl":"https:\/\/staging.belleflamme.ca\/wp-content\/uploads\/2025\/02\/Bruleur-au-gaz-avec-plaque-de-cuisson-integree-de-Napoleon.webp","datePublished":"2025-02-27T19:44:32+00:00","dateModified":"2025-02-27T19:50:31+00:00","description":"Built-In 700 Series 32 Gas Griddle by Napoleon sold and installed by the Belleflamme Group. Laval, Montreal, Gatineau and Saint-Sauveur.","breadcrumb":{"@id":"https:\/\/staging.belleflamme.ca\/en\/product\/built-in-700-series-32-gas-griddle-by-napoleon\/#breadcrumb"},"inLanguage":"en-US","potentialAction":[{"@type":"ReadAction","target":["https:\/\/staging.belleflamme.ca\/en\/product\/built-in-700-series-32-gas-griddle-by-napoleon\/"]}]},{"@type":"ImageObject","inLanguage":"en-US","@id":"https:\/\/staging.belleflamme.ca\/en\/product\/built-in-700-series-32-gas-griddle-by-napoleon\/#primaryimage","url":"https:\/\/staging.belleflamme.ca\/wp-content\/uploads\/2025\/02\/Bruleur-au-gaz-avec-plaque-de-cuisson-integree-de-Napoleon.webp","contentUrl":"https:\/\/staging.belleflamme.ca\/wp-content\/uploads\/2025\/02\/Bruleur-au-gaz-avec-plaque-de-cuisson-integree-de-Napoleon.webp","width":1000,"height":1000,"caption":"Br\u00fbleur au gaz avec plaque de cuisson int\u00e9gr\u00e9e de Napoleon"},{"@type":"BreadcrumbList","@id":"https:\/\/staging.belleflamme.ca\/en\/product\/built-in-700-series-32-gas-griddle-by-napoleon\/#breadcrumb","itemListElement":[{"@type":"ListItem","position":1,"name":"Home","item":"https:\/\/www.belleflamme.ca\/fr\/"},{"@type":"ListItem","position":2,"name":"Shop","item":"https:\/\/www.belleflamme.ca\/en\/shop\/"},{"@type":"ListItem","position":3,"name":"BBQ &amp; Outdoor Products","item":"https:\/\/staging.belleflamme.ca\/en\/category\/bbq-outdoor-products\/"},{"@type":"ListItem","position":4,"name":"Outdoor Kitchen","item":"https:\/\/staging.belleflamme.ca\/en\/category\/bbq-outdoor-products\/outdoor-kitchen\/"},{"@type":"ListItem","position":5,"name":"Outdoor BBQ","item":"https:\/\/staging.belleflamme.ca\/en\/category\/bbq-outdoor-products\/outdoor-kitchen\/outdoor-bbq\/"},{"@type":"ListItem","position":6,"name":"Built-In 700 Series 32 Gas Griddle by Napoleon"}]},{"@type":"WebSite","@id":"https:\/\/www.belleflamme.ca\/fr\/#website","url":"https:\/\/www.belleflamme.ca\/fr\/","name":"Groupe Belleflamme","description":"La m\u00e9canique du b\u00e2timent dans le sang.","publisher":{"@id":"https:\/\/www.belleflamme.ca\/fr\/#organization"},"potentialAction":[{"@type":"SearchAction","target":{"@type":"EntryPoint","urlTemplate":"https:\/\/www.belleflamme.ca\/fr\/?s={search_term_string}"},"query-input":{"@type":"PropertyValueSpecification","valueRequired":true,"valueName":"search_term_string"}}],"inLanguage":"en-US"},{"@type":["Organization","Place"],"@id":"https:\/\/www.belleflamme.ca\/fr\/#organization","name":"Groupe Belleflamme","alternateName":"Belleflamme","url":"https:\/\/www.belleflamme.ca\/fr\/","logo":{"@type":"ImageObject","inLanguage":"en-US","@id":"https:\/\/www.belleflamme.ca\/fr\/#\/schema\/logo\/image\/","url":"https:\/\/staging.belleflamme.ca\/wp-content\/uploads\/2023\/01\/og-image.jpg","contentUrl":"https:\/\/staging.belleflamme.ca\/wp-content\/uploads\/2023\/01\/og-image.jpg","width":1200,"height":630,"caption":"Groupe Belleflamme"},"image":{"@id":"https:\/\/www.belleflamme.ca\/fr\/#\/schema\/logo\/image\/"},"sameAs":["https:\/\/www.facebook.com\/belleflamme.ca\/","https:\/\/www.linkedin.com\/company\/belleflamme\/","https:\/\/www.pinterest.ca\/groupebelleflamme\/","https:\/\/www.instagram.com\/legroupebelleflamme\/"],"mainEntityOfPage":{"@id":"https:\/\/staging.belleflamme.ca\/en\/product\/built-in-700-series-32-gas-griddle-by-napoleon\/"}}]},"product_brand":"Napoleon BBQ","og_availability":"instock","product_availability":"instock","product_condition":"new"},"_links":{"self":[{"href":"https:\/\/staging.belleflamme.ca\/en\/wp-json\/wp\/v2\/product\/51574","targetHints":{"allow":["GET"]}}],"collection":[{"href":"https:\/\/staging.belleflamme.ca\/en\/wp-json\/wp\/v2\/product"}],"about":[{"href":"https:\/\/staging.belleflamme.ca\/en\/wp-json\/wp\/v2\/types\/product"}],"version-history":[{"count":7,"href":"https:\/\/staging.belleflamme.ca\/en\/wp-json\/wp\/v2\/product\/51574\/revisions"}],"predecessor-version":[{"id":51583,"href":"https:\/\/staging.belleflamme.ca\/en\/wp-json\/wp\/v2\/product\/51574\/revisions\/51583"}],"wp:featuredmedia":[{"embeddable":true,"href":"https:\/\/staging.belleflamme.ca\/en\/wp-json\/wp\/v2\/media\/51561"}],"wp:attachment":[{"href":"https:\/\/staging.belleflamme.ca\/en\/wp-json\/wp\/v2\/media?parent=51574"}],"wp:term":[{"taxonomy":"product_brand","embeddable":true,"href":"https:\/\/staging.belleflamme.ca\/en\/wp-json\/wp\/v2\/product_brand?post=51574"},{"taxonomy":"product_cat","embeddable":true,"href":"https:\/\/staging.belleflamme.ca\/en\/wp-json\/wp\/v2\/product_cat?post=51574"},{"taxonomy":"product_tag","embeddable":true,"href":"https:\/\/staging.belleflamme.ca\/en\/wp-json\/wp\/v2\/product_tag?post=51574"}],"curies":[{"name":"wp","href":"https:\/\/api.w.org\/{rel}","templated":true}]}}