{"id":50178,"date":"2025-02-12T13:44:46","date_gmt":"2025-02-12T18:44:46","guid":{"rendered":"https:\/\/www.belleflamme.ca\/?post_type=product&#038;p=50178"},"modified":"2025-02-12T14:06:07","modified_gmt":"2025-02-12T19:06:07","slug":"sky-medium-roomdivider-gas-fireplace-by-element4","status":"publish","type":"product","link":"https:\/\/staging.belleflamme.ca\/en\/product\/sky-medium-roomdivider-gas-fireplace-by-element4\/","title":{"rendered":"Sky Medium Roomdivider Gas Fireplace by Element4"},"content":{"rendered":"\t\t<div data-elementor-type=\"product-post\" data-elementor-id=\"50178\" class=\"elementor elementor-50178 elementor-50129\" data-elementor-post-type=\"product\">\n\t\t\t\t\t\t<section class=\"elementor-section elementor-top-section elementor-element elementor-element-56c96b97 elementor-section-boxed elementor-section-height-default elementor-section-height-default\" data-id=\"56c96b97\" data-element_type=\"section\">\n\t\t\t\t\t\t<div class=\"elementor-container elementor-column-gap-default\">\n\t\t\t\t\t<div class=\"elementor-column elementor-col-100 elementor-top-column elementor-element elementor-element-5f6fc55b\" data-id=\"5f6fc55b\" data-element_type=\"column\">\n\t\t\t<div class=\"elementor-widget-wrap elementor-element-populated\">\n\t\t\t\t\t\t<div class=\"elementor-element elementor-element-18bfd2e8 elementor-widget elementor-widget-text-editor\" data-id=\"18bfd2e8\" data-element_type=\"widget\" data-widget_type=\"text-editor.default\">\n\t\t\t\t<div class=\"elementor-widget-container\">\n\t\t\t\t\t\t\t\t\t<p><iframe title=\"YouTube video player\" src=\"https:\/\/www.youtube.com\/embed\/TIFRfM4kFMk?si=CZULKxw0FXNP0tgq\" width=\"560\" height=\"315\" frameborder=\"0\" allowfullscreen=\"allowfullscreen\"><span data-mce-type=\"bookmark\" style=\"display: inline-block; width: 0px; overflow: hidden; line-height: 0;\" class=\"mce_SELRES_start\">\ufeff<\/span><\/iframe><\/p><h2 style=\"text-align: center;\">Real Flame Burner<\/h2><p style=\"text-align: center;\">With the Real Flame Burner you are assured of an extremely realistic fire image. In combination with the true-to-nature cleaved wood logs, this creates a beautiful wood fire.<\/p><h2 style=\"text-align: center;\"><img fetchpriority=\"high\" decoding=\"async\" style=\"font-size: 16px;\" src=\"https:\/\/www.belleflamme.ca\/wp-content\/uploads\/2025\/02\/12a499-realflame-burner-t-300x300.jpg\" alt=\"\" width=\"300\" height=\"300\" \/><\/h2><h2 style=\"text-align: center;\">\u00a0<\/h2><h2 style=\"text-align: center;\">Discover our Element4 gas fireplaces<\/h2><p style=\"text-align: center;\">With an Element4 gas fireplace you can enjoy the right amount of heat and an attractive flame picture at any time of the day. But our design gas fireplaces offer even more advantages\u2026<\/p><p><img decoding=\"async\" src=\"https:\/\/www.belleflamme.ca\/wp-content\/uploads\/2025\/02\/2025-02-12-14_02_30-Sky-Medium-Roomdivider-Gasfire-Element4.png\" alt=\"\" width=\"1525\" height=\"554\" \/><\/p><h2 style=\"text-align: center;\">Options<\/h2><h3 style=\"text-align: center;\">Black Steel\u00a0 or Black reflective\u00a0Rear walls<\/h3><p style=\"text-align: center;\"><img decoding=\"async\" src=\"https:\/\/www.belleflamme.ca\/wp-content\/uploads\/2025\/02\/7f66dc-zwart-staal-300x256.jpg\" alt=\"\" width=\"300\" height=\"256\" \/> <img loading=\"lazy\" decoding=\"async\" src=\"https:\/\/www.belleflamme.ca\/wp-content\/uploads\/2025\/02\/fd4ffe-e4-1-zwart-glas-300x256.jpg\" alt=\"\" width=\"300\" height=\"256\" \/><\/p><h3 style=\"text-align: center;\">Set of Regular or Blackened Logs<\/h3><p style=\"text-align: center;\"><img loading=\"lazy\" decoding=\"async\" src=\"https:\/\/www.belleflamme.ca\/wp-content\/uploads\/2025\/02\/15bed0-donkere-houtset-2-300x256.jpg\" alt=\"\" width=\"300\" height=\"256\" \/> <img loading=\"lazy\" decoding=\"async\" src=\"https:\/\/www.belleflamme.ca\/wp-content\/uploads\/2025\/02\/d8ed31-houtset-website-300x256.jpg\" alt=\"\" width=\"300\" height=\"256\" \/><\/p><p style=\"text-align: center;\">\u00a0<\/p><h2 style=\"text-align: center;\">Dimensions<\/h2><p><img loading=\"lazy\" decoding=\"async\" src=\"https:\/\/www.belleflamme.ca\/wp-content\/uploads\/2025\/02\/61b2d4-lijntekening-sky-m-r-735x1024.jpg\" alt=\"Br\u00fbleur \u00e0 flamme r\u00e9elle\" width=\"735\" height=\"1024\" \/><\/p><h3 class=\"heading animate-grow-in come-in\" style=\"text-align: center;\">SpecificationsSky Medium Roomdivider<\/h3><table class=\"table3 aligncenter\"><tbody><tr class=\"-border\"><th>Burner(s):<\/th><td style=\"text-align: center;\">Real Flame Burner<\/td><\/tr><tr class=\"-border\"><th>Type of fireplace:<\/th><td>Gas fires<\/td><\/tr><tr><th>Natural gas (min-max):<\/th><td>15,000 &#8211; 49,000 BTU<\/td><\/tr><tr><th>Propane (min-max):<\/th><td>8,907 &#8211; 42,971 BTU<\/td><\/tr><tr class=\"-border\"><th>Efficiency:<\/th><td>89%<\/td><\/tr><tr class=\"-border\"><th>Venting \u00f8 (inch):<\/th><td>5\u201d x 8\u201d<\/td><\/tr><tr class=\"&quot;-border&quot;\"><th>Black steel:<\/th><td>(Standard)<\/td><\/tr><tr><th>Black reflective panels:<\/th><td>(Optional)<\/td><\/tr><tr class=\"&quot;-border&quot;\"><th>Remote control:<\/th><td>(standard)<\/td><\/tr><tr><th>Operation via app &#8211; wifi kit (ProControl):<\/th><td>(optional)<\/td><\/tr><tr><th>Connect to home automation:<\/th><td>(optional)<\/td><\/tr><tr><th>Powerfan:<\/th><td>(optional)<\/td><\/tr><tr><th>Anti-reflective glass:<\/th><td>(optional)<\/td><\/tr><tr><th>Access door:<\/th><td>(optional)<\/td><\/tr><tr><th>Convection grills built-in and surface-mounted:<\/th><td>(optional)<\/td><\/tr><tr><th>Wall switch:<\/th><td>(optional)<\/td><\/tr><tr><th>LED bottom lighting:<\/th><td>(optional)<\/td><\/tr><tr><th>Safety screen Invisimesh:<\/th><td>(Standard)<\/td><\/tr><\/tbody><\/table><div style=\"text-align: center;\">\u00a0<\/div>\t\t\t\t\t\t\t\t<\/div>\n\t\t\t\t<\/div>\n\t\t\t\t\t<\/div>\n\t\t<\/div>\n\t\t\t\t\t<\/div>\n\t\t<\/section>\n\t\t\t\t<section class=\"elementor-section elementor-top-section elementor-element elementor-element-786344a elementor-section-boxed elementor-section-height-default elementor-section-height-default\" data-id=\"786344a\" data-element_type=\"section\">\n\t\t\t\t\t\t<div class=\"elementor-container elementor-column-gap-default\">\n\t\t\t\t\t<div class=\"elementor-column elementor-col-100 elementor-top-column elementor-element elementor-element-e87ddda\" data-id=\"e87ddda\" data-element_type=\"column\">\n\t\t\t<div class=\"elementor-widget-wrap elementor-element-populated\">\n\t\t\t\t\t\t<div class=\"elementor-element elementor-element-ae47787 elementor-tabs-view-horizontal elementor-widget elementor-widget-tabs\" data-id=\"ae47787\" data-element_type=\"widget\" data-widget_type=\"tabs.default\">\n\t\t\t\t<div class=\"elementor-widget-container\">\n\t\t\t\t\t\t\t<div class=\"elementor-tabs\">\n\t\t\t<div class=\"elementor-tabs-wrapper\" role=\"tablist\" >\n\t\t\t\t\t\t\t\t\t<div id=\"elementor-tab-title-1821\" class=\"elementor-tab-title elementor-tab-desktop-title\" aria-selected=\"true\" data-tab=\"1\" role=\"tab\" tabindex=\"0\" aria-controls=\"elementor-tab-content-1821\" aria-expanded=\"false\">Files<\/div>\n\t\t\t\t\t\t\t<\/div>\n\t\t\t<div class=\"elementor-tabs-content-wrapper\" role=\"tablist\" aria-orientation=\"vertical\">\n\t\t\t\t\t\t\t\t\t<div class=\"elementor-tab-title elementor-tab-mobile-title\" aria-selected=\"true\" data-tab=\"1\" role=\"tab\" tabindex=\"0\" aria-controls=\"elementor-tab-content-1821\" aria-expanded=\"false\">Files<\/div>\n\t\t\t\t\t<div id=\"elementor-tab-content-1821\" class=\"elementor-tab-content elementor-clearfix\" data-tab=\"1\" role=\"tabpanel\" aria-labelledby=\"elementor-tab-title-1821\" tabindex=\"0\" hidden=\"false\"><p><i class=\"far fa-file-pdf fa-xl\" style=\"font-size: 35px;\"><\/i><a href=\"https:\/\/www.belleflamme.ca\/wp-content\/uploads\/2025\/02\/Element4-brochure-gas-fires-2025.pdf\"> Brochure<\/a><br \/><i class=\"far fa-file-pdf fa-xl\" style=\"font-size: 35px;\"><\/i>\u00a0<a href=\"https:\/\/www.belleflamme.ca\/wp-content\/uploads\/2025\/02\/Element4-en-1.pdf\">Sales Brochure<\/a><br \/><i class=\"far fa-file-pdf fa-xl\" style=\"font-size: 35px;\"><\/i><a href=\"https:\/\/www.belleflamme.ca\/wp-content\/uploads\/2025\/02\/Element4-Sky-Medium-Roomdivider-1.pdf\"> Specifications<\/a><br \/><i class=\"far fa-file-pdf fa-xl\" style=\"font-size: 35px;\"><\/i><a href=\"https:\/\/www.belleflamme.ca\/wp-content\/uploads\/2025\/02\/Sky-Medium-RD-Technical-Drawing.pdf\"> Dimensions<\/a><br \/><i class=\"far fa-file-pdf fa-xl\" style=\"font-size: 35px;\"><\/i><a href=\"https:\/\/www.belleflamme.ca\/wp-content\/uploads\/2025\/02\/Installation-Manual-Sky-M-R.pdf\"> Installation<\/a><\/p><\/div>\n\t\t\t\t\t\t\t<\/div>\n\t\t<\/div>\n\t\t\t\t\t\t<\/div>\n\t\t\t\t<\/div>\n\t\t\t\t\t<\/div>\n\t\t<\/div>\n\t\t\t\t\t<\/div>\n\t\t<\/section>\n\t\t\t\t<\/div>\n\t\t","protected":false},"excerpt":{"rendered":"<p>\ufeff Real Flame Burner With the Real Flame Burner you are assured of an extremely realistic fire image. In combination with the true-to-nature cleaved wood logs, this creates a beautiful wood fire. \u00a0 Discover our Element4 gas fireplaces With an Element4 gas fireplace you can enjoy the right amount of heat and an attractive flame [&hellip;]<\/p>\n","protected":false},"featured_media":50133,"template":"","meta":{"inline_featured_image":false},"product_brand":[2019],"product_cat":[208,206,193],"product_tag":[],"class_list":{"0":"post-50178","1":"product","2":"type-product","3":"status-publish","4":"has-post-thumbnail","6":"product_brand-element4-en","7":"product_cat-gas-fireplaces","8":"product_cat-gas-stoves-fireplaces","9":"product_cat-stoves-fireplaces","11":"first","12":"instock","13":"taxable","14":"shipping-taxable","15":"purchasable","16":"product-type-variable"},"yoast_head":"<!-- This site is optimized with the Yoast SEO Premium plugin v24.2 (Yoast SEO v24.2) - https:\/\/yoast.com\/wordpress\/plugins\/seo\/ -->\n<title>Sky Medium Roomdivider Gas Fireplace by Element4 - Groupe BelleFlamme<\/title>\n<meta name=\"description\" content=\"Sky Medium Roomdivider Gas Fireplace by Element4 sold and installed by the Belleflamme Group. Laval, Montreal, Gatineau and Saint-Sauveur.\" \/>\n<meta name=\"robots\" content=\"index, follow, max-snippet:-1, max-image-preview:large, max-video-preview:-1\" \/>\n<link rel=\"canonical\" href=\"https:\/\/staging.belleflamme.ca\/en\/product\/sky-medium-roomdivider-gas-fireplace-by-element4\/\" \/>\n<meta property=\"og:locale\" content=\"en_US\" \/>\n<meta property=\"og:type\" content=\"article\" \/>\n<meta property=\"og:title\" content=\"Sky Medium Roomdivider Gas Fireplace by Element4\" \/>\n<meta property=\"og:description\" content=\"Sky Medium Roomdivider Gas Fireplace by Element4 sold and installed by the Belleflamme Group. Laval, Montreal, Gatineau and Saint-Sauveur.\" \/>\n<meta property=\"og:url\" content=\"https:\/\/staging.belleflamme.ca\/en\/product\/sky-medium-roomdivider-gas-fireplace-by-element4\/\" \/>\n<meta property=\"og:site_name\" content=\"Groupe BelleFlamme\" \/>\n<meta property=\"article:publisher\" content=\"https:\/\/www.facebook.com\/belleflamme.ca\/\" \/>\n<meta property=\"article:modified_time\" content=\"2025-02-12T19:06:07+00:00\" \/>\n<meta property=\"og:image\" content=\"https:\/\/www.belleflamme.ca\/wp-content\/uploads\/2025\/02\/Foyer-au-Gaz-Sky-Medium-Roomdivider-de-Element4.jpg\" \/>\n\t<meta property=\"og:image:width\" content=\"1540\" \/>\n\t<meta property=\"og:image:height\" content=\"600\" \/>\n\t<meta property=\"og:image:type\" content=\"image\/jpeg\" \/>\n<meta name=\"twitter:card\" content=\"summary_large_image\" \/>\n<meta name=\"twitter:label1\" content=\"Availability\" \/>\n\t<meta name=\"twitter:data1\" content=\"In stock\" \/>\n<script type=\"application\/ld+json\" class=\"yoast-schema-graph\">{\"@context\":\"https:\/\/schema.org\",\"@graph\":[{\"@type\":[\"WebPage\",\"ItemPage\"],\"@id\":\"https:\/\/staging.belleflamme.ca\/en\/product\/sky-medium-roomdivider-gas-fireplace-by-element4\/\",\"url\":\"https:\/\/staging.belleflamme.ca\/en\/product\/sky-medium-roomdivider-gas-fireplace-by-element4\/\",\"name\":\"Sky Medium Roomdivider Gas Fireplace by Element4 - Groupe BelleFlamme\",\"isPartOf\":{\"@id\":\"https:\/\/www.belleflamme.ca\/fr\/#website\"},\"primaryImageOfPage\":{\"@id\":\"https:\/\/staging.belleflamme.ca\/en\/product\/sky-medium-roomdivider-gas-fireplace-by-element4\/#primaryimage\"},\"image\":{\"@id\":\"https:\/\/staging.belleflamme.ca\/en\/product\/sky-medium-roomdivider-gas-fireplace-by-element4\/#primaryimage\"},\"thumbnailUrl\":\"https:\/\/staging.belleflamme.ca\/wp-content\/uploads\/2025\/02\/Foyer-au-Gaz-Sky-Medium-Roomdivider-de-Element4.jpg\",\"datePublished\":\"2025-02-12T18:44:46+00:00\",\"dateModified\":\"2025-02-12T19:06:07+00:00\",\"description\":\"Sky Medium Roomdivider Gas Fireplace by Element4 sold and installed by the Belleflamme Group. Laval, Montreal, Gatineau and Saint-Sauveur.\",\"breadcrumb\":{\"@id\":\"https:\/\/staging.belleflamme.ca\/en\/product\/sky-medium-roomdivider-gas-fireplace-by-element4\/#breadcrumb\"},\"inLanguage\":\"en-US\",\"potentialAction\":[{\"@type\":\"ReadAction\",\"target\":[\"https:\/\/staging.belleflamme.ca\/en\/product\/sky-medium-roomdivider-gas-fireplace-by-element4\/\"]}]},{\"@type\":\"ImageObject\",\"inLanguage\":\"en-US\",\"@id\":\"https:\/\/staging.belleflamme.ca\/en\/product\/sky-medium-roomdivider-gas-fireplace-by-element4\/#primaryimage\",\"url\":\"https:\/\/staging.belleflamme.ca\/wp-content\/uploads\/2025\/02\/Foyer-au-Gaz-Sky-Medium-Roomdivider-de-Element4.jpg\",\"contentUrl\":\"https:\/\/staging.belleflamme.ca\/wp-content\/uploads\/2025\/02\/Foyer-au-Gaz-Sky-Medium-Roomdivider-de-Element4.jpg\",\"width\":1540,\"height\":600,\"caption\":\"Foyer au Gaz Sky Medium Roomdivider de Element4\"},{\"@type\":\"BreadcrumbList\",\"@id\":\"https:\/\/staging.belleflamme.ca\/en\/product\/sky-medium-roomdivider-gas-fireplace-by-element4\/#breadcrumb\",\"itemListElement\":[{\"@type\":\"ListItem\",\"position\":1,\"name\":\"Home\",\"item\":\"https:\/\/www.belleflamme.ca\/fr\/\"},{\"@type\":\"ListItem\",\"position\":2,\"name\":\"Shop\",\"item\":\"https:\/\/www.belleflamme.ca\/en\/shop\/\"},{\"@type\":\"ListItem\",\"position\":3,\"name\":\"Stoves &amp; Fireplaces\",\"item\":\"https:\/\/staging.belleflamme.ca\/en\/category\/stoves-fireplaces\/\"},{\"@type\":\"ListItem\",\"position\":4,\"name\":\"Gas Stoves &amp; Fireplaces\",\"item\":\"https:\/\/staging.belleflamme.ca\/en\/category\/stoves-fireplaces\/gas-stoves-fireplaces\/\"},{\"@type\":\"ListItem\",\"position\":5,\"name\":\"Gas fireplaces\",\"item\":\"https:\/\/staging.belleflamme.ca\/en\/category\/stoves-fireplaces\/gas-stoves-fireplaces\/gas-fireplaces\/\"},{\"@type\":\"ListItem\",\"position\":6,\"name\":\"Sky Medium Roomdivider Gas Fireplace by Element4\"}]},{\"@type\":\"WebSite\",\"@id\":\"https:\/\/www.belleflamme.ca\/fr\/#website\",\"url\":\"https:\/\/www.belleflamme.ca\/fr\/\",\"name\":\"Groupe Belleflamme\",\"description\":\"La m\u00e9canique du b\u00e2timent dans le sang.\",\"publisher\":{\"@id\":\"https:\/\/www.belleflamme.ca\/fr\/#organization\"},\"potentialAction\":[{\"@type\":\"SearchAction\",\"target\":{\"@type\":\"EntryPoint\",\"urlTemplate\":\"https:\/\/www.belleflamme.ca\/fr\/?s={search_term_string}\"},\"query-input\":{\"@type\":\"PropertyValueSpecification\",\"valueRequired\":true,\"valueName\":\"search_term_string\"}}],\"inLanguage\":\"en-US\"},{\"@type\":[\"Organization\",\"Place\"],\"@id\":\"https:\/\/www.belleflamme.ca\/fr\/#organization\",\"name\":\"Groupe Belleflamme\",\"alternateName\":\"Belleflamme\",\"url\":\"https:\/\/www.belleflamme.ca\/fr\/\",\"logo\":{\"@type\":\"ImageObject\",\"inLanguage\":\"en-US\",\"@id\":\"https:\/\/www.belleflamme.ca\/fr\/#\/schema\/logo\/image\/\",\"url\":\"https:\/\/staging.belleflamme.ca\/wp-content\/uploads\/2023\/01\/og-image.jpg\",\"contentUrl\":\"https:\/\/staging.belleflamme.ca\/wp-content\/uploads\/2023\/01\/og-image.jpg\",\"width\":1200,\"height\":630,\"caption\":\"Groupe Belleflamme\"},\"image\":{\"@id\":\"https:\/\/www.belleflamme.ca\/fr\/#\/schema\/logo\/image\/\"},\"sameAs\":[\"https:\/\/www.facebook.com\/belleflamme.ca\/\",\"https:\/\/www.linkedin.com\/company\/belleflamme\/\",\"https:\/\/www.pinterest.ca\/groupebelleflamme\/\",\"https:\/\/www.instagram.com\/legroupebelleflamme\/\"],\"mainEntityOfPage\":{\"@id\":\"https:\/\/staging.belleflamme.ca\/en\/product\/sky-medium-roomdivider-gas-fireplace-by-element4\/\"}}]}<\/script>\n<meta property=\"product:brand\" content=\"Element4\" \/>\n<meta property=\"og:availability\" content=\"instock\" \/>\n<meta property=\"product:availability\" content=\"instock\" \/>\n<meta property=\"product:condition\" content=\"new\" \/>\n<!-- \/ Yoast SEO Premium plugin. -->","yoast_head_json":{"title":"Sky Medium Roomdivider Gas Fireplace by Element4 - Groupe BelleFlamme","description":"Sky Medium Roomdivider Gas Fireplace by Element4 sold and installed by the Belleflamme Group. Laval, Montreal, Gatineau and Saint-Sauveur.","robots":{"index":"index","follow":"follow","max-snippet":"max-snippet:-1","max-image-preview":"max-image-preview:large","max-video-preview":"max-video-preview:-1"},"canonical":"https:\/\/staging.belleflamme.ca\/en\/product\/sky-medium-roomdivider-gas-fireplace-by-element4\/","og_locale":"en_US","og_type":"article","og_title":"Sky Medium Roomdivider Gas Fireplace by Element4","og_description":"Sky Medium Roomdivider Gas Fireplace by Element4 sold and installed by the Belleflamme Group. Laval, Montreal, Gatineau and Saint-Sauveur.","og_url":"https:\/\/staging.belleflamme.ca\/en\/product\/sky-medium-roomdivider-gas-fireplace-by-element4\/","og_site_name":"Groupe BelleFlamme","article_publisher":"https:\/\/www.facebook.com\/belleflamme.ca\/","article_modified_time":"2025-02-12T19:06:07+00:00","og_image":[{"width":1540,"height":600,"url":"https:\/\/www.belleflamme.ca\/wp-content\/uploads\/2025\/02\/Foyer-au-Gaz-Sky-Medium-Roomdivider-de-Element4.jpg","type":"image\/jpeg"}],"twitter_card":"summary_large_image","twitter_misc":{"Availability":"In stock"},"schema":{"@context":"https:\/\/schema.org","@graph":[{"@type":["WebPage","ItemPage"],"@id":"https:\/\/staging.belleflamme.ca\/en\/product\/sky-medium-roomdivider-gas-fireplace-by-element4\/","url":"https:\/\/staging.belleflamme.ca\/en\/product\/sky-medium-roomdivider-gas-fireplace-by-element4\/","name":"Sky Medium Roomdivider Gas Fireplace by Element4 - Groupe BelleFlamme","isPartOf":{"@id":"https:\/\/www.belleflamme.ca\/fr\/#website"},"primaryImageOfPage":{"@id":"https:\/\/staging.belleflamme.ca\/en\/product\/sky-medium-roomdivider-gas-fireplace-by-element4\/#primaryimage"},"image":{"@id":"https:\/\/staging.belleflamme.ca\/en\/product\/sky-medium-roomdivider-gas-fireplace-by-element4\/#primaryimage"},"thumbnailUrl":"https:\/\/staging.belleflamme.ca\/wp-content\/uploads\/2025\/02\/Foyer-au-Gaz-Sky-Medium-Roomdivider-de-Element4.jpg","datePublished":"2025-02-12T18:44:46+00:00","dateModified":"2025-02-12T19:06:07+00:00","description":"Sky Medium Roomdivider Gas Fireplace by Element4 sold and installed by the Belleflamme Group. Laval, Montreal, Gatineau and Saint-Sauveur.","breadcrumb":{"@id":"https:\/\/staging.belleflamme.ca\/en\/product\/sky-medium-roomdivider-gas-fireplace-by-element4\/#breadcrumb"},"inLanguage":"en-US","potentialAction":[{"@type":"ReadAction","target":["https:\/\/staging.belleflamme.ca\/en\/product\/sky-medium-roomdivider-gas-fireplace-by-element4\/"]}]},{"@type":"ImageObject","inLanguage":"en-US","@id":"https:\/\/staging.belleflamme.ca\/en\/product\/sky-medium-roomdivider-gas-fireplace-by-element4\/#primaryimage","url":"https:\/\/staging.belleflamme.ca\/wp-content\/uploads\/2025\/02\/Foyer-au-Gaz-Sky-Medium-Roomdivider-de-Element4.jpg","contentUrl":"https:\/\/staging.belleflamme.ca\/wp-content\/uploads\/2025\/02\/Foyer-au-Gaz-Sky-Medium-Roomdivider-de-Element4.jpg","width":1540,"height":600,"caption":"Foyer au Gaz Sky Medium Roomdivider de Element4"},{"@type":"BreadcrumbList","@id":"https:\/\/staging.belleflamme.ca\/en\/product\/sky-medium-roomdivider-gas-fireplace-by-element4\/#breadcrumb","itemListElement":[{"@type":"ListItem","position":1,"name":"Home","item":"https:\/\/www.belleflamme.ca\/fr\/"},{"@type":"ListItem","position":2,"name":"Shop","item":"https:\/\/www.belleflamme.ca\/en\/shop\/"},{"@type":"ListItem","position":3,"name":"Stoves &amp; Fireplaces","item":"https:\/\/staging.belleflamme.ca\/en\/category\/stoves-fireplaces\/"},{"@type":"ListItem","position":4,"name":"Gas Stoves &amp; Fireplaces","item":"https:\/\/staging.belleflamme.ca\/en\/category\/stoves-fireplaces\/gas-stoves-fireplaces\/"},{"@type":"ListItem","position":5,"name":"Gas fireplaces","item":"https:\/\/staging.belleflamme.ca\/en\/category\/stoves-fireplaces\/gas-stoves-fireplaces\/gas-fireplaces\/"},{"@type":"ListItem","position":6,"name":"Sky Medium Roomdivider Gas Fireplace by Element4"}]},{"@type":"WebSite","@id":"https:\/\/www.belleflamme.ca\/fr\/#website","url":"https:\/\/www.belleflamme.ca\/fr\/","name":"Groupe Belleflamme","description":"La m\u00e9canique du b\u00e2timent dans le sang.","publisher":{"@id":"https:\/\/www.belleflamme.ca\/fr\/#organization"},"potentialAction":[{"@type":"SearchAction","target":{"@type":"EntryPoint","urlTemplate":"https:\/\/www.belleflamme.ca\/fr\/?s={search_term_string}"},"query-input":{"@type":"PropertyValueSpecification","valueRequired":true,"valueName":"search_term_string"}}],"inLanguage":"en-US"},{"@type":["Organization","Place"],"@id":"https:\/\/www.belleflamme.ca\/fr\/#organization","name":"Groupe Belleflamme","alternateName":"Belleflamme","url":"https:\/\/www.belleflamme.ca\/fr\/","logo":{"@type":"ImageObject","inLanguage":"en-US","@id":"https:\/\/www.belleflamme.ca\/fr\/#\/schema\/logo\/image\/","url":"https:\/\/staging.belleflamme.ca\/wp-content\/uploads\/2023\/01\/og-image.jpg","contentUrl":"https:\/\/staging.belleflamme.ca\/wp-content\/uploads\/2023\/01\/og-image.jpg","width":1200,"height":630,"caption":"Groupe Belleflamme"},"image":{"@id":"https:\/\/www.belleflamme.ca\/fr\/#\/schema\/logo\/image\/"},"sameAs":["https:\/\/www.facebook.com\/belleflamme.ca\/","https:\/\/www.linkedin.com\/company\/belleflamme\/","https:\/\/www.pinterest.ca\/groupebelleflamme\/","https:\/\/www.instagram.com\/legroupebelleflamme\/"],"mainEntityOfPage":{"@id":"https:\/\/staging.belleflamme.ca\/en\/product\/sky-medium-roomdivider-gas-fireplace-by-element4\/"}}]},"product_brand":"Element4","og_availability":"instock","product_availability":"instock","product_condition":"new"},"_links":{"self":[{"href":"https:\/\/staging.belleflamme.ca\/en\/wp-json\/wp\/v2\/product\/50178","targetHints":{"allow":["GET"]}}],"collection":[{"href":"https:\/\/staging.belleflamme.ca\/en\/wp-json\/wp\/v2\/product"}],"about":[{"href":"https:\/\/staging.belleflamme.ca\/en\/wp-json\/wp\/v2\/types\/product"}],"version-history":[{"count":4,"href":"https:\/\/staging.belleflamme.ca\/en\/wp-json\/wp\/v2\/product\/50178\/revisions"}],"predecessor-version":[{"id":50189,"href":"https:\/\/staging.belleflamme.ca\/en\/wp-json\/wp\/v2\/product\/50178\/revisions\/50189"}],"wp:featuredmedia":[{"embeddable":true,"href":"https:\/\/staging.belleflamme.ca\/en\/wp-json\/wp\/v2\/media\/50133"}],"wp:attachment":[{"href":"https:\/\/staging.belleflamme.ca\/en\/wp-json\/wp\/v2\/media?parent=50178"}],"wp:term":[{"taxonomy":"product_brand","embeddable":true,"href":"https:\/\/staging.belleflamme.ca\/en\/wp-json\/wp\/v2\/product_brand?post=50178"},{"taxonomy":"product_cat","embeddable":true,"href":"https:\/\/staging.belleflamme.ca\/en\/wp-json\/wp\/v2\/product_cat?post=50178"},{"taxonomy":"product_tag","embeddable":true,"href":"https:\/\/staging.belleflamme.ca\/en\/wp-json\/wp\/v2\/product_tag?post=50178"}],"curies":[{"name":"wp","href":"https:\/\/api.w.org\/{rel}","templated":true}]}}