{"id":41697,"date":"2024-07-04T14:12:30","date_gmt":"2024-07-04T18:12:30","guid":{"rendered":"https:\/\/www.belleflamme.ca\/?post_type=product&#038;p=41697"},"modified":"2024-07-04T14:16:21","modified_gmt":"2024-07-04T18:16:21","slug":"duratech-insulated-reduced-clearance-support-box-by-duravent","status":"publish","type":"product","link":"https:\/\/staging.belleflamme.ca\/en\/product\/duratech-insulated-reduced-clearance-support-box-by-duravent\/","title":{"rendered":"DuraTech Insulated Reduced Clearance Support box by Duravent"},"content":{"rendered":"<p>Use to support chimney with flat, vaulted, or cathedral ceiling. Certified to reduce clearances from 2&#8243; to just 1&#8243; for any portion of chimney shielded within the support&#8217;s box. Note: Any exposed chimney above the support still requires minimum 2&#8243; clearances-to-combustibles. Reduced clearance allows for smaller opening &amp; frame within ceiling. Support can also serve as the Attic Radiation Shield. Includes top collar as shown, insulation, and two-piece adjustable black finish trim. Integrated adapter accepts either single-wall or double-wall stovepipe.<\/p>\n<p><img fetchpriority=\"high\" decoding=\"async\" class=\"alignnone size-full wp-image-41700\" src=\"https:\/\/www.belleflamme.ca\/wp-content\/uploads\/2024\/07\/2024-07-04-14_15_41-DV_DTC_CT-001E_03-23.pdf.png\" alt=\"\" width=\"353\" height=\"319\" srcset=\"https:\/\/staging.belleflamme.ca\/wp-content\/uploads\/2024\/07\/2024-07-04-14_15_41-DV_DTC_CT-001E_03-23.pdf.png 353w, https:\/\/staging.belleflamme.ca\/wp-content\/uploads\/2024\/07\/2024-07-04-14_15_41-DV_DTC_CT-001E_03-23.pdf-300x271.png 300w\" sizes=\"(max-width: 353px) 100vw, 353px\" \/><\/p>\n<p><img decoding=\"async\" class=\"alignnone size-full wp-image-41698\" src=\"https:\/\/www.belleflamme.ca\/wp-content\/uploads\/2024\/07\/2024-07-04-14_15_48-DV_DTC_CT-001E_03-23.pdf.png\" alt=\"\" width=\"325\" height=\"200\" srcset=\"https:\/\/staging.belleflamme.ca\/wp-content\/uploads\/2024\/07\/2024-07-04-14_15_48-DV_DTC_CT-001E_03-23.pdf.png 325w, https:\/\/staging.belleflamme.ca\/wp-content\/uploads\/2024\/07\/2024-07-04-14_15_48-DV_DTC_CT-001E_03-23.pdf-300x185.png 300w\" sizes=\"(max-width: 325px) 100vw, 325px\" \/><\/p>\n","protected":false},"excerpt":{"rendered":"<p>Use to support chimney with flat, vaulted, or cathedral ceiling. Certified to reduce clearances from 2&#8243; to just 1&#8243; for any portion of chimney shielded within the support&#8217;s box. Note: Any exposed chimney above the support still requires minimum 2&#8243; clearances-to-combustibles. Reduced clearance allows for smaller opening &amp; frame within ceiling. Support can also serve [&hellip;]<\/p>\n","protected":false},"featured_media":41688,"template":"","meta":{"inline_featured_image":false},"product_brand":[1687],"product_cat":[195,1689,194],"product_tag":[],"class_list":{"0":"post-41697","1":"product","2":"type-product","3":"status-publish","4":"has-post-thumbnail","6":"product_brand-duravent-en","7":"product_cat-chimneys","8":"product_cat-duravent-en","9":"product_cat-fireplaces-parts-accessories","11":"first","12":"instock","13":"taxable","14":"shipping-taxable","15":"purchasable","16":"product-type-variable"},"yoast_head":"<!-- This site is optimized with the Yoast SEO Premium plugin v24.2 (Yoast SEO v24.2) - https:\/\/yoast.com\/wordpress\/plugins\/seo\/ -->\n<title>DuraTech Insulated Reduced Clearance Support box by Duravent - Groupe BelleFlamme<\/title>\n<meta name=\"description\" content=\"DuraTech Insulated Reduced Clearance Support box by Duravent sold and installed by the Belleflamme Group. Laval, Montreal, Gatineau and Saint-Sauveur.\" \/>\n<meta name=\"robots\" content=\"index, follow, max-snippet:-1, max-image-preview:large, max-video-preview:-1\" \/>\n<link rel=\"canonical\" href=\"https:\/\/staging.belleflamme.ca\/en\/product\/duratech-insulated-reduced-clearance-support-box-by-duravent\/\" \/>\n<meta property=\"og:locale\" content=\"en_US\" \/>\n<meta property=\"og:type\" content=\"article\" \/>\n<meta property=\"og:title\" content=\"DuraTech Insulated Reduced Clearance Support box by Duravent\" \/>\n<meta property=\"og:description\" content=\"DuraTech Insulated Reduced Clearance Support box by Duravent sold and installed by the Belleflamme Group. Laval, Montreal, Gatineau and Saint-Sauveur.\" \/>\n<meta property=\"og:url\" content=\"https:\/\/staging.belleflamme.ca\/en\/product\/duratech-insulated-reduced-clearance-support-box-by-duravent\/\" \/>\n<meta property=\"og:site_name\" content=\"Groupe BelleFlamme\" \/>\n<meta property=\"article:publisher\" content=\"https:\/\/www.facebook.com\/belleflamme.ca\/\" \/>\n<meta property=\"article:modified_time\" content=\"2024-07-04T18:16:21+00:00\" \/>\n<meta property=\"og:image\" content=\"https:\/\/www.belleflamme.ca\/wp-content\/uploads\/2024\/07\/Support-isole-a-degagement-reduit-DuraTech-de-Duravent.png\" \/>\n\t<meta property=\"og:image:width\" content=\"1000\" \/>\n\t<meta property=\"og:image:height\" content=\"1000\" \/>\n\t<meta property=\"og:image:type\" content=\"image\/png\" \/>\n<meta name=\"twitter:card\" content=\"summary_large_image\" \/>\n<meta name=\"twitter:label1\" content=\"Availability\" \/>\n\t<meta name=\"twitter:data1\" content=\"In stock\" \/>\n<script type=\"application\/ld+json\" class=\"yoast-schema-graph\">{\"@context\":\"https:\/\/schema.org\",\"@graph\":[{\"@type\":[\"WebPage\",\"ItemPage\"],\"@id\":\"https:\/\/staging.belleflamme.ca\/en\/product\/duratech-insulated-reduced-clearance-support-box-by-duravent\/\",\"url\":\"https:\/\/staging.belleflamme.ca\/en\/product\/duratech-insulated-reduced-clearance-support-box-by-duravent\/\",\"name\":\"DuraTech Insulated Reduced Clearance Support box by Duravent - Groupe BelleFlamme\",\"isPartOf\":{\"@id\":\"https:\/\/www.belleflamme.ca\/fr\/#website\"},\"primaryImageOfPage\":{\"@id\":\"https:\/\/staging.belleflamme.ca\/en\/product\/duratech-insulated-reduced-clearance-support-box-by-duravent\/#primaryimage\"},\"image\":{\"@id\":\"https:\/\/staging.belleflamme.ca\/en\/product\/duratech-insulated-reduced-clearance-support-box-by-duravent\/#primaryimage\"},\"thumbnailUrl\":\"https:\/\/staging.belleflamme.ca\/wp-content\/uploads\/2024\/07\/Support-isole-a-degagement-reduit-DuraTech-de-Duravent.png\",\"datePublished\":\"2024-07-04T18:12:30+00:00\",\"dateModified\":\"2024-07-04T18:16:21+00:00\",\"description\":\"DuraTech Insulated Reduced Clearance Support box by Duravent sold and installed by the Belleflamme Group. Laval, Montreal, Gatineau and Saint-Sauveur.\",\"breadcrumb\":{\"@id\":\"https:\/\/staging.belleflamme.ca\/en\/product\/duratech-insulated-reduced-clearance-support-box-by-duravent\/#breadcrumb\"},\"inLanguage\":\"en-US\",\"potentialAction\":[{\"@type\":\"ReadAction\",\"target\":[\"https:\/\/staging.belleflamme.ca\/en\/product\/duratech-insulated-reduced-clearance-support-box-by-duravent\/\"]}]},{\"@type\":\"ImageObject\",\"inLanguage\":\"en-US\",\"@id\":\"https:\/\/staging.belleflamme.ca\/en\/product\/duratech-insulated-reduced-clearance-support-box-by-duravent\/#primaryimage\",\"url\":\"https:\/\/staging.belleflamme.ca\/wp-content\/uploads\/2024\/07\/Support-isole-a-degagement-reduit-DuraTech-de-Duravent.png\",\"contentUrl\":\"https:\/\/staging.belleflamme.ca\/wp-content\/uploads\/2024\/07\/Support-isole-a-degagement-reduit-DuraTech-de-Duravent.png\",\"width\":1000,\"height\":1000,\"caption\":\"Support isol\u00e9 \u00e0 d\u00e9gagement r\u00e9duit DuraTech de Duravent\"},{\"@type\":\"BreadcrumbList\",\"@id\":\"https:\/\/staging.belleflamme.ca\/en\/product\/duratech-insulated-reduced-clearance-support-box-by-duravent\/#breadcrumb\",\"itemListElement\":[{\"@type\":\"ListItem\",\"position\":1,\"name\":\"Home\",\"item\":\"https:\/\/www.belleflamme.ca\/fr\/\"},{\"@type\":\"ListItem\",\"position\":2,\"name\":\"Shop\",\"item\":\"https:\/\/www.belleflamme.ca\/en\/shop\/\"},{\"@type\":\"ListItem\",\"position\":3,\"name\":\"Fireplaces, Parts &amp; Accessories\",\"item\":\"https:\/\/staging.belleflamme.ca\/en\/category\/fireplaces-parts-accessories\/\"},{\"@type\":\"ListItem\",\"position\":4,\"name\":\"Chimneys\",\"item\":\"https:\/\/staging.belleflamme.ca\/en\/category\/fireplaces-parts-accessories\/chimneys\/\"},{\"@type\":\"ListItem\",\"position\":5,\"name\":\"Duravent\",\"item\":\"https:\/\/staging.belleflamme.ca\/en\/category\/fireplaces-parts-accessories\/chimneys\/duravent-en\/\"},{\"@type\":\"ListItem\",\"position\":6,\"name\":\"DuraTech Insulated Reduced Clearance Support box by Duravent\"}]},{\"@type\":\"WebSite\",\"@id\":\"https:\/\/www.belleflamme.ca\/fr\/#website\",\"url\":\"https:\/\/www.belleflamme.ca\/fr\/\",\"name\":\"Groupe Belleflamme\",\"description\":\"La m\u00e9canique du b\u00e2timent dans le sang.\",\"publisher\":{\"@id\":\"https:\/\/www.belleflamme.ca\/fr\/#organization\"},\"potentialAction\":[{\"@type\":\"SearchAction\",\"target\":{\"@type\":\"EntryPoint\",\"urlTemplate\":\"https:\/\/www.belleflamme.ca\/fr\/?s={search_term_string}\"},\"query-input\":{\"@type\":\"PropertyValueSpecification\",\"valueRequired\":true,\"valueName\":\"search_term_string\"}}],\"inLanguage\":\"en-US\"},{\"@type\":[\"Organization\",\"Place\"],\"@id\":\"https:\/\/www.belleflamme.ca\/fr\/#organization\",\"name\":\"Groupe Belleflamme\",\"alternateName\":\"Belleflamme\",\"url\":\"https:\/\/www.belleflamme.ca\/fr\/\",\"logo\":{\"@type\":\"ImageObject\",\"inLanguage\":\"en-US\",\"@id\":\"https:\/\/www.belleflamme.ca\/fr\/#\/schema\/logo\/image\/\",\"url\":\"https:\/\/staging.belleflamme.ca\/wp-content\/uploads\/2023\/01\/og-image.jpg\",\"contentUrl\":\"https:\/\/staging.belleflamme.ca\/wp-content\/uploads\/2023\/01\/og-image.jpg\",\"width\":1200,\"height\":630,\"caption\":\"Groupe Belleflamme\"},\"image\":{\"@id\":\"https:\/\/www.belleflamme.ca\/fr\/#\/schema\/logo\/image\/\"},\"sameAs\":[\"https:\/\/www.facebook.com\/belleflamme.ca\/\",\"https:\/\/www.linkedin.com\/company\/belleflamme\/\",\"https:\/\/www.pinterest.ca\/groupebelleflamme\/\",\"https:\/\/www.instagram.com\/legroupebelleflamme\/\"],\"mainEntityOfPage\":{\"@id\":\"https:\/\/staging.belleflamme.ca\/en\/product\/duratech-insulated-reduced-clearance-support-box-by-duravent\/\"}}]}<\/script>\n<meta property=\"product:brand\" content=\"Duravent\" \/>\n<meta property=\"og:availability\" content=\"instock\" \/>\n<meta property=\"product:availability\" content=\"instock\" \/>\n<meta property=\"product:condition\" content=\"new\" \/>\n<!-- \/ Yoast SEO Premium plugin. -->","yoast_head_json":{"title":"DuraTech Insulated Reduced Clearance Support box by Duravent - Groupe BelleFlamme","description":"DuraTech Insulated Reduced Clearance Support box by Duravent sold and installed by the Belleflamme Group. Laval, Montreal, Gatineau and Saint-Sauveur.","robots":{"index":"index","follow":"follow","max-snippet":"max-snippet:-1","max-image-preview":"max-image-preview:large","max-video-preview":"max-video-preview:-1"},"canonical":"https:\/\/staging.belleflamme.ca\/en\/product\/duratech-insulated-reduced-clearance-support-box-by-duravent\/","og_locale":"en_US","og_type":"article","og_title":"DuraTech Insulated Reduced Clearance Support box by Duravent","og_description":"DuraTech Insulated Reduced Clearance Support box by Duravent sold and installed by the Belleflamme Group. Laval, Montreal, Gatineau and Saint-Sauveur.","og_url":"https:\/\/staging.belleflamme.ca\/en\/product\/duratech-insulated-reduced-clearance-support-box-by-duravent\/","og_site_name":"Groupe BelleFlamme","article_publisher":"https:\/\/www.facebook.com\/belleflamme.ca\/","article_modified_time":"2024-07-04T18:16:21+00:00","og_image":[{"width":1000,"height":1000,"url":"https:\/\/www.belleflamme.ca\/wp-content\/uploads\/2024\/07\/Support-isole-a-degagement-reduit-DuraTech-de-Duravent.png","type":"image\/png"}],"twitter_card":"summary_large_image","twitter_misc":{"Availability":"In stock"},"schema":{"@context":"https:\/\/schema.org","@graph":[{"@type":["WebPage","ItemPage"],"@id":"https:\/\/staging.belleflamme.ca\/en\/product\/duratech-insulated-reduced-clearance-support-box-by-duravent\/","url":"https:\/\/staging.belleflamme.ca\/en\/product\/duratech-insulated-reduced-clearance-support-box-by-duravent\/","name":"DuraTech Insulated Reduced Clearance Support box by Duravent - Groupe BelleFlamme","isPartOf":{"@id":"https:\/\/www.belleflamme.ca\/fr\/#website"},"primaryImageOfPage":{"@id":"https:\/\/staging.belleflamme.ca\/en\/product\/duratech-insulated-reduced-clearance-support-box-by-duravent\/#primaryimage"},"image":{"@id":"https:\/\/staging.belleflamme.ca\/en\/product\/duratech-insulated-reduced-clearance-support-box-by-duravent\/#primaryimage"},"thumbnailUrl":"https:\/\/staging.belleflamme.ca\/wp-content\/uploads\/2024\/07\/Support-isole-a-degagement-reduit-DuraTech-de-Duravent.png","datePublished":"2024-07-04T18:12:30+00:00","dateModified":"2024-07-04T18:16:21+00:00","description":"DuraTech Insulated Reduced Clearance Support box by Duravent sold and installed by the Belleflamme Group. Laval, Montreal, Gatineau and Saint-Sauveur.","breadcrumb":{"@id":"https:\/\/staging.belleflamme.ca\/en\/product\/duratech-insulated-reduced-clearance-support-box-by-duravent\/#breadcrumb"},"inLanguage":"en-US","potentialAction":[{"@type":"ReadAction","target":["https:\/\/staging.belleflamme.ca\/en\/product\/duratech-insulated-reduced-clearance-support-box-by-duravent\/"]}]},{"@type":"ImageObject","inLanguage":"en-US","@id":"https:\/\/staging.belleflamme.ca\/en\/product\/duratech-insulated-reduced-clearance-support-box-by-duravent\/#primaryimage","url":"https:\/\/staging.belleflamme.ca\/wp-content\/uploads\/2024\/07\/Support-isole-a-degagement-reduit-DuraTech-de-Duravent.png","contentUrl":"https:\/\/staging.belleflamme.ca\/wp-content\/uploads\/2024\/07\/Support-isole-a-degagement-reduit-DuraTech-de-Duravent.png","width":1000,"height":1000,"caption":"Support isol\u00e9 \u00e0 d\u00e9gagement r\u00e9duit DuraTech de Duravent"},{"@type":"BreadcrumbList","@id":"https:\/\/staging.belleflamme.ca\/en\/product\/duratech-insulated-reduced-clearance-support-box-by-duravent\/#breadcrumb","itemListElement":[{"@type":"ListItem","position":1,"name":"Home","item":"https:\/\/www.belleflamme.ca\/fr\/"},{"@type":"ListItem","position":2,"name":"Shop","item":"https:\/\/www.belleflamme.ca\/en\/shop\/"},{"@type":"ListItem","position":3,"name":"Fireplaces, Parts &amp; Accessories","item":"https:\/\/staging.belleflamme.ca\/en\/category\/fireplaces-parts-accessories\/"},{"@type":"ListItem","position":4,"name":"Chimneys","item":"https:\/\/staging.belleflamme.ca\/en\/category\/fireplaces-parts-accessories\/chimneys\/"},{"@type":"ListItem","position":5,"name":"Duravent","item":"https:\/\/staging.belleflamme.ca\/en\/category\/fireplaces-parts-accessories\/chimneys\/duravent-en\/"},{"@type":"ListItem","position":6,"name":"DuraTech Insulated Reduced Clearance Support box by Duravent"}]},{"@type":"WebSite","@id":"https:\/\/www.belleflamme.ca\/fr\/#website","url":"https:\/\/www.belleflamme.ca\/fr\/","name":"Groupe Belleflamme","description":"La m\u00e9canique du b\u00e2timent dans le sang.","publisher":{"@id":"https:\/\/www.belleflamme.ca\/fr\/#organization"},"potentialAction":[{"@type":"SearchAction","target":{"@type":"EntryPoint","urlTemplate":"https:\/\/www.belleflamme.ca\/fr\/?s={search_term_string}"},"query-input":{"@type":"PropertyValueSpecification","valueRequired":true,"valueName":"search_term_string"}}],"inLanguage":"en-US"},{"@type":["Organization","Place"],"@id":"https:\/\/www.belleflamme.ca\/fr\/#organization","name":"Groupe Belleflamme","alternateName":"Belleflamme","url":"https:\/\/www.belleflamme.ca\/fr\/","logo":{"@type":"ImageObject","inLanguage":"en-US","@id":"https:\/\/www.belleflamme.ca\/fr\/#\/schema\/logo\/image\/","url":"https:\/\/staging.belleflamme.ca\/wp-content\/uploads\/2023\/01\/og-image.jpg","contentUrl":"https:\/\/staging.belleflamme.ca\/wp-content\/uploads\/2023\/01\/og-image.jpg","width":1200,"height":630,"caption":"Groupe Belleflamme"},"image":{"@id":"https:\/\/www.belleflamme.ca\/fr\/#\/schema\/logo\/image\/"},"sameAs":["https:\/\/www.facebook.com\/belleflamme.ca\/","https:\/\/www.linkedin.com\/company\/belleflamme\/","https:\/\/www.pinterest.ca\/groupebelleflamme\/","https:\/\/www.instagram.com\/legroupebelleflamme\/"],"mainEntityOfPage":{"@id":"https:\/\/staging.belleflamme.ca\/en\/product\/duratech-insulated-reduced-clearance-support-box-by-duravent\/"}}]},"product_brand":"Duravent","og_availability":"instock","product_availability":"instock","product_condition":"new"},"_links":{"self":[{"href":"https:\/\/staging.belleflamme.ca\/en\/wp-json\/wp\/v2\/product\/41697","targetHints":{"allow":["GET"]}}],"collection":[{"href":"https:\/\/staging.belleflamme.ca\/en\/wp-json\/wp\/v2\/product"}],"about":[{"href":"https:\/\/staging.belleflamme.ca\/en\/wp-json\/wp\/v2\/types\/product"}],"version-history":[{"count":1,"href":"https:\/\/staging.belleflamme.ca\/en\/wp-json\/wp\/v2\/product\/41697\/revisions"}],"predecessor-version":[{"id":41705,"href":"https:\/\/staging.belleflamme.ca\/en\/wp-json\/wp\/v2\/product\/41697\/revisions\/41705"}],"wp:featuredmedia":[{"embeddable":true,"href":"https:\/\/staging.belleflamme.ca\/en\/wp-json\/wp\/v2\/media\/41688"}],"wp:attachment":[{"href":"https:\/\/staging.belleflamme.ca\/en\/wp-json\/wp\/v2\/media?parent=41697"}],"wp:term":[{"taxonomy":"product_brand","embeddable":true,"href":"https:\/\/staging.belleflamme.ca\/en\/wp-json\/wp\/v2\/product_brand?post=41697"},{"taxonomy":"product_cat","embeddable":true,"href":"https:\/\/staging.belleflamme.ca\/en\/wp-json\/wp\/v2\/product_cat?post=41697"},{"taxonomy":"product_tag","embeddable":true,"href":"https:\/\/staging.belleflamme.ca\/en\/wp-json\/wp\/v2\/product_tag?post=41697"}],"curies":[{"name":"wp","href":"https:\/\/api.w.org\/{rel}","templated":true}]}}