{"id":41114,"date":"2024-06-20T11:59:08","date_gmt":"2024-06-20T15:59:08","guid":{"rendered":"https:\/\/www.belleflamme.ca\/?post_type=product&#038;p=41114"},"modified":"2024-06-20T12:00:43","modified_gmt":"2024-06-20T16:00:43","slug":"saber-select-4-burner-gas-grill","status":"publish","type":"product","link":"https:\/\/staging.belleflamme.ca\/en\/product\/saber-select-4-burner-gas-grill\/","title":{"rendered":"SABER Select 4-Burner Gas Grill"},"content":{"rendered":"<p>The SABER\u00ae Select 4-Burner Gas Grill locks in flavor for perfectly juicy results. Our exclusive cooking system is designed to heat the grill&#8217;s surface evenly and conquer flare-ups once and for all. Designed with premium construction for lasting durability, this sleek grill gives you an expansive cooking surface with commercial-grade stainless steel grates and a side burner for cooking versatility. A spacious side shelf holds tools and spices while grilling and folds down for storage. Blue LED lights add sophisticated style and a fully enclosed cabinet stores your supplies.<\/p>\n<div class=\"col-md-12 col-sm-12 feature-list__container-title\">\n<div class=\"category-header header-title\">\n<div class=\"category-header__title cb-title cb-title--large\">KEY FEATURES<\/div>\n<\/div>\n<\/div>\n<div class=\"col-md-6 col-sm-12 feature-list__container-list\">\n<div class=\"feature-list\" data-config=\"key_features\">\n<ul class=\"feature-list__list\">\n<li class=\"feature-list__line\">Patented cooking system locks in flavor, heats the grill surface evenly and conquers flare-ups for perfectly juicy results<\/li>\n<li class=\"feature-list__line\">Premium, commercial-grade stainless steel construction provides stylish durability<\/li>\n<li class=\"feature-list__line\">Accent LEDs light up when grilling at night<\/li>\n<li class=\"feature-list__line\">High-output side burner to prepare sauces, sides and vegetables<\/li>\n<li class=\"feature-list__line\">Built-in Clean Setting makes it easier to clean your grates<\/li>\n<\/ul>\n<div class=\"category-header header-title\">\n<div class=\"category-header__title cb-title cb-title--large\">ADDITIONAL FEATURES<\/div>\n<\/div>\n<div class=\"feature-list\" data-config=\"additional_features\">\n<ul class=\"feature-list__list\">\n<li class=\"feature-list__line\">Commercial-grade stainless steel grates for superior performance and easy maintenance<\/li>\n<li class=\"feature-list__line\">Folding side shelf for increased workspace and compact storage<\/li>\n<li class=\"feature-list__line\">Two-door cabinet provides convenient storage and integrates with side panel accessories (sold separately)<\/li>\n<li class=\"feature-list__line\">Additional shelf for increased organization and door-mounted hooks to hold tools<\/li>\n<li class=\"feature-list__line\">Porcelain-coated warming rack adds cooking versatility<\/li>\n<li class=\"feature-list__line\">Easy-to-access front grease tray for easy clean-up<\/li>\n<li class=\"feature-list__line\">Integrated tank gauge monitors fuel level<\/li>\n<\/ul>\n<div id=\"feature-list-collapse\" class=\"feature-list__collapse mage-accordion-disabled\" role=\"tablist\"><\/div>\n<\/div>\n<\/div>\n<\/div>\n<div id=\"tab-label-additional\" class=\"data item title active\" tabindex=\"0\" role=\"tab\" aria-labeledby=\"tab-label-additional-title\" data-role=\"collapsible\" data-collapsible=\"true\" aria-controls=\"additional\" aria-selected=\"false\" aria-expanded=\"true\">MORE INFORMATION<\/div>\n<div id=\"additional\" class=\"data item content\" role=\"tabpanel\" data-role=\"content\" aria-labelledby=\"tab-label-additional\" aria-hidden=\"false\">\n<div class=\"additional-attributes-wrapper table-wrapper\">\n<table id=\"product-attribute-specs-table\" class=\"data table additional-attributes\">\n<caption class=\"table-caption\">More Information<\/caption>\n<tbody>\n<tr>\n<th class=\"col label\" scope=\"row\">Assembled Depth<\/th>\n<td class=\"col data\" data-th=\"Assembled Depth\">23.4<\/td>\n<\/tr>\n<tr>\n<th class=\"col label\" scope=\"row\">Assembled Dimensions<\/th>\n<td class=\"col data\" data-th=\"Assembled Dimensions\">23.4&#215;48.1&#215;60.7<\/td>\n<\/tr>\n<tr>\n<th class=\"col label\" scope=\"row\">Assembled Height<\/th>\n<td class=\"col data\" data-th=\"Assembled Height\">48.1<\/td>\n<\/tr>\n<tr>\n<th class=\"col label\" scope=\"row\">Assembled Width<\/th>\n<td class=\"col data\" data-th=\"Assembled Width\">60.7<\/td>\n<\/tr>\n<tr>\n<th class=\"col label\" scope=\"row\">Primary Cooking Area<\/th>\n<td class=\"col data\" data-th=\"Primary Cooking Area\">535<\/td>\n<\/tr>\n<tr>\n<th class=\"col label\" scope=\"row\">Secondary Cooking Area<\/th>\n<td class=\"col data\" data-th=\"Secondary Cooking Area\">185<\/td>\n<\/tr>\n<tr>\n<th class=\"col label\" scope=\"row\">Feature 1<\/th>\n<td class=\"col data\" data-th=\"Feature 1\">Patented cooking system locks in flavor, heats the grill surface evenly and conquers flare-ups for perfectly juicy results<\/td>\n<\/tr>\n<tr>\n<th class=\"col label\" scope=\"row\">Feature 2<\/th>\n<td class=\"col data\" data-th=\"Feature 2\">Premium, commercial-grade stainless steel construction provides stylish durability<\/td>\n<\/tr>\n<tr>\n<th class=\"col label\" scope=\"row\">Feature 3<\/th>\n<td class=\"col data\" data-th=\"Feature 3\">Accent LEDs light up when grilling at night<\/td>\n<\/tr>\n<tr>\n<th class=\"col label\" scope=\"row\">Feature 4<\/th>\n<td class=\"col data\" data-th=\"Feature 4\">High-output side burner to prepare sauces, sides and vegetables<\/td>\n<\/tr>\n<tr>\n<th class=\"col label\" scope=\"row\">Feature 5<\/th>\n<td class=\"col data\" data-th=\"Feature 5\">Built-in Clean Setting makes it easier to clean your grates<\/td>\n<\/tr>\n<tr>\n<th class=\"col label\" scope=\"row\">Feature 6<\/th>\n<td class=\"col data\" data-th=\"Feature 6\">Commercial-grade stainless steel grates for superior performance and easy maintenance<\/td>\n<\/tr>\n<tr>\n<th class=\"col label\" scope=\"row\">Feature 7<\/th>\n<td class=\"col data\" data-th=\"Feature 7\">Folding side shelf for increased workspace and compact storage<\/td>\n<\/tr>\n<tr>\n<th class=\"col label\" scope=\"row\">Feature 8<\/th>\n<td class=\"col data\" data-th=\"Feature 8\">Two-door cabinet provides convenient storage and integrates with side panel accessories (sold separately)<\/td>\n<\/tr>\n<tr>\n<th class=\"col label\" scope=\"row\">Feature 9<\/th>\n<td class=\"col data\" data-th=\"Feature 9\">Additional shelf for increased organization and door-mounted hooks to hold tools<\/td>\n<\/tr>\n<tr>\n<th class=\"col label\" scope=\"row\">Feature 10<\/th>\n<td class=\"col data\" data-th=\"Feature 10\">Porcelain-coated warming rack adds cooking versatility<\/td>\n<\/tr>\n<tr>\n<th class=\"col label\" scope=\"row\">Feature 11<\/th>\n<td class=\"col data\" data-th=\"Feature 11\">Easy-to-access front grease tray for easy clean-up<\/td>\n<\/tr>\n<tr>\n<th class=\"col label\" scope=\"row\">Feature 12<\/th>\n<td class=\"col data\" data-th=\"Feature 12\">Integrated tank gauge monitors fuel level<\/td>\n<\/tr>\n<tr>\n<th class=\"col label\" scope=\"row\">Dimensions image<\/th>\n<td class=\"col data\" data-th=\"Dimensions image\">no_selection<\/td>\n<\/tr>\n<tr>\n<th class=\"col label\" scope=\"row\">Key features section image<\/th>\n<td class=\"col data\" data-th=\"Key features section image\">no_selection<\/td>\n<\/tr>\n<tr>\n<th class=\"col label\" scope=\"row\">Lifestyle Flame Background Mobile Image<\/th>\n<td class=\"col data\" data-th=\"Lifestyle Flame Background Mobile Image\">no_selection<\/td>\n<\/tr>\n<tr>\n<th class=\"col label\" scope=\"row\">Lifestyle Flame Background Desktop Image<\/th>\n<td class=\"col data\" data-th=\"Lifestyle Flame Background Desktop Image\">no_selection<\/td>\n<\/tr>\n<tr>\n<th class=\"col label\" scope=\"row\">Burner Warranty Term (Years)<\/th>\n<td class=\"col data\" data-th=\"Burner Warranty Term (Years)\">10 Years<\/td>\n<\/tr>\n<tr>\n<th class=\"col label\" scope=\"row\">Grate\/Emitter Warranty Term (Years)<\/th>\n<td class=\"col data\" data-th=\"Grate\/Emitter Warranty Term (Years)\">3 Years<\/td>\n<\/tr>\n<tr>\n<th class=\"col label\" scope=\"row\">Other Parts Warranty Term (Years)<\/th>\n<td class=\"col data\" data-th=\"Other Parts Warranty Term (Years)\">1 Year<\/td>\n<\/tr>\n<tr>\n<th class=\"col label\" scope=\"row\">Featured video thumbnail<\/th>\n<td class=\"col data\" data-th=\"Featured video thumbnail\">no_selection<\/td>\n<\/tr>\n<tr>\n<th class=\"col label\" scope=\"row\">Model Number<\/th>\n<td class=\"col data\" data-th=\"Model Number\">R52SC0421<\/td>\n<\/tr>\n<tr>\n<th class=\"col label\" scope=\"row\">Main Burner BTUs<\/th>\n<td class=\"col data\" data-th=\"Main Burner BTUs\">32000<\/td>\n<\/tr>\n<tr>\n<th class=\"col label\" scope=\"row\">Brand<\/th>\n<td class=\"col data\" data-th=\"Brand\">SABER Grills<\/td>\n<\/tr>\n<tr>\n<th class=\"col label\" scope=\"row\">Assembly Required<\/th>\n<td class=\"col data\" data-th=\"Assembly Required\">Yes<\/td>\n<\/tr>\n<tr>\n<th class=\"col label\" scope=\"row\">Number of Main Burners<\/th>\n<td class=\"col data\" data-th=\"Number of Main Burners\">4<\/td>\n<\/tr>\n<tr>\n<th class=\"col label\" scope=\"row\">Side Burner BTUs<\/th>\n<td class=\"col data\" data-th=\"Side Burner BTUs\">13000<\/td>\n<\/tr>\n<tr>\n<th class=\"col label\" scope=\"row\">Total BTUs<\/th>\n<td class=\"col data\" data-th=\"Total BTUs\">45000<\/td>\n<\/tr>\n<tr>\n<th class=\"col label\" scope=\"row\">Cooking System<\/th>\n<td class=\"col data\" data-th=\"Cooking System\">SABER Patented Cooking System<\/td>\n<\/tr>\n<tr>\n<th class=\"col label\" scope=\"row\">Series<\/th>\n<td class=\"col data\" data-th=\"Series\">Select<\/td>\n<\/tr>\n<tr>\n<th class=\"col label\" scope=\"row\">Fuel Type<\/th>\n<td class=\"col data\" data-th=\"Fuel Type\">Propane Gas<\/td>\n<\/tr>\n<tr>\n<th class=\"col label\" scope=\"row\">Grease Tray<\/th>\n<td class=\"col data\" data-th=\"Grease Tray\">1<\/td>\n<\/tr>\n<tr>\n<th class=\"col label\" scope=\"row\">Ignition Type<\/th>\n<td class=\"col data\" data-th=\"Ignition Type\">Electronic<\/td>\n<\/tr>\n<tr>\n<th class=\"col label\" scope=\"row\">Is sellable<\/th>\n<td class=\"col data\" data-th=\"Is sellable\">0<\/td>\n<\/tr>\n<tr>\n<th class=\"col label\" scope=\"row\">Wheels<\/th>\n<td class=\"col data\" data-th=\"Wheels\">Locking Casters (4)<\/td>\n<\/tr>\n<tr>\n<th class=\"col label\" scope=\"row\">Configurable Child Master?<\/th>\n<td class=\"col data\" data-th=\"Configurable Child Master?\">0<\/td>\n<\/tr>\n<tr>\n<th class=\"col label\" scope=\"row\">Burner Material<\/th>\n<td class=\"col data\" data-th=\"Burner Material\">304 Stainless Steel<\/td>\n<\/tr>\n<tr>\n<th class=\"col label\" scope=\"row\">Cooking Grate Material<\/th>\n<td class=\"col data\" data-th=\"Cooking Grate Material\">304 Stainless Steel<\/td>\n<\/tr>\n<tr>\n<th class=\"col label\" scope=\"row\">Grate Material<\/th>\n<td class=\"col data\" data-th=\"Grate Material\">304 Stainless Steel<\/td>\n<\/tr>\n<tr>\n<th class=\"col label\" scope=\"row\">Prop 65 Message<\/th>\n<td class=\"col data\" data-th=\"Prop 65 Message\">2.1.1.1<\/td>\n<\/tr>\n<\/tbody>\n<\/table>\n<\/div>\n<\/div>\n","protected":false},"excerpt":{"rendered":"<p>The SABER\u00ae Select 4-Burner Gas Grill locks in flavor for perfectly juicy results. Our exclusive cooking system is designed to heat the grill&#8217;s surface evenly and conquer flare-ups once and for all. Designed with premium construction for lasting durability, this sleek grill gives you an expansive cooking surface with commercial-grade stainless steel grates and a [&hellip;]<\/p>\n","protected":false},"featured_media":41112,"template":"","meta":{"inline_featured_image":false},"product_brand":[330],"product_cat":[144,147],"product_tag":[],"class_list":{"0":"post-41114","1":"product","2":"type-product","3":"status-publish","4":"has-post-thumbnail","6":"product_brand-saber-en","7":"product_cat-bbq-outdoor-products","8":"product_cat-gaz-bbq","10":"first","11":"instock","12":"taxable","13":"shipping-taxable","14":"purchasable","15":"product-type-simple"},"yoast_head":"<!-- This site is optimized with the Yoast SEO Premium plugin v24.2 (Yoast SEO v24.2) - https:\/\/yoast.com\/wordpress\/plugins\/seo\/ -->\n<title>SABER Select 4-Burner Gas Grill - Groupe BelleFlamme<\/title>\n<meta name=\"description\" content=\"SABER Select 4-Burner Gas Grill sold by the Belleflamme Group. Laval, Montreal, Gatineau and Saint-Sauveur.\" \/>\n<meta name=\"robots\" content=\"index, follow, max-snippet:-1, max-image-preview:large, max-video-preview:-1\" \/>\n<link rel=\"canonical\" href=\"https:\/\/staging.belleflamme.ca\/en\/product\/saber-select-4-burner-gas-grill\/\" \/>\n<meta property=\"og:locale\" content=\"en_US\" \/>\n<meta property=\"og:type\" content=\"article\" \/>\n<meta property=\"og:title\" content=\"SABER Select 4-Burner Gas Grill\" \/>\n<meta property=\"og:description\" content=\"SABER Select 4-Burner Gas Grill sold by the Belleflamme Group. Laval, Montreal, Gatineau and Saint-Sauveur.\" \/>\n<meta property=\"og:url\" content=\"https:\/\/staging.belleflamme.ca\/en\/product\/saber-select-4-burner-gas-grill\/\" \/>\n<meta property=\"og:site_name\" content=\"Groupe BelleFlamme\" \/>\n<meta property=\"article:publisher\" content=\"https:\/\/www.facebook.com\/belleflamme.ca\/\" \/>\n<meta property=\"article:modified_time\" content=\"2024-06-20T16:00:43+00:00\" \/>\n<meta property=\"og:image\" content=\"https:\/\/www.belleflamme.ca\/wp-content\/uploads\/2024\/06\/Gril-a-gaz-a-4-bruleurs-SABER-Select.png\" \/>\n\t<meta property=\"og:image:width\" content=\"600\" \/>\n\t<meta property=\"og:image:height\" content=\"600\" \/>\n\t<meta property=\"og:image:type\" content=\"image\/png\" \/>\n<meta name=\"twitter:card\" content=\"summary_large_image\" \/>\n<meta name=\"twitter:label1\" content=\"Price\" \/>\n\t<meta name=\"twitter:data1\" content=\"&#036;1,499.00\" \/>\n\t<meta name=\"twitter:label2\" content=\"Availability\" \/>\n\t<meta name=\"twitter:data2\" content=\"In stock\" \/>\n<script type=\"application\/ld+json\" class=\"yoast-schema-graph\">{\"@context\":\"https:\/\/schema.org\",\"@graph\":[{\"@type\":[\"WebPage\",\"ItemPage\"],\"@id\":\"https:\/\/staging.belleflamme.ca\/en\/product\/saber-select-4-burner-gas-grill\/\",\"url\":\"https:\/\/staging.belleflamme.ca\/en\/product\/saber-select-4-burner-gas-grill\/\",\"name\":\"SABER Select 4-Burner Gas Grill - Groupe BelleFlamme\",\"isPartOf\":{\"@id\":\"https:\/\/www.belleflamme.ca\/fr\/#website\"},\"primaryImageOfPage\":{\"@id\":\"https:\/\/staging.belleflamme.ca\/en\/product\/saber-select-4-burner-gas-grill\/#primaryimage\"},\"image\":{\"@id\":\"https:\/\/staging.belleflamme.ca\/en\/product\/saber-select-4-burner-gas-grill\/#primaryimage\"},\"thumbnailUrl\":\"https:\/\/staging.belleflamme.ca\/wp-content\/uploads\/2024\/06\/Gril-a-gaz-a-4-bruleurs-SABER-Select.png\",\"datePublished\":\"2024-06-20T15:59:08+00:00\",\"dateModified\":\"2024-06-20T16:00:43+00:00\",\"description\":\"SABER Select 4-Burner Gas Grill sold by the Belleflamme Group. Laval, Montreal, Gatineau and Saint-Sauveur.\",\"breadcrumb\":{\"@id\":\"https:\/\/staging.belleflamme.ca\/en\/product\/saber-select-4-burner-gas-grill\/#breadcrumb\"},\"inLanguage\":\"en-US\",\"potentialAction\":[{\"@type\":\"ReadAction\",\"target\":[\"https:\/\/staging.belleflamme.ca\/en\/product\/saber-select-4-burner-gas-grill\/\"]}]},{\"@type\":\"ImageObject\",\"inLanguage\":\"en-US\",\"@id\":\"https:\/\/staging.belleflamme.ca\/en\/product\/saber-select-4-burner-gas-grill\/#primaryimage\",\"url\":\"https:\/\/staging.belleflamme.ca\/wp-content\/uploads\/2024\/06\/Gril-a-gaz-a-4-bruleurs-SABER-Select.png\",\"contentUrl\":\"https:\/\/staging.belleflamme.ca\/wp-content\/uploads\/2024\/06\/Gril-a-gaz-a-4-bruleurs-SABER-Select.png\",\"width\":600,\"height\":600,\"caption\":\"Gril \u00e0 gaz \u00e0 4 br\u00fbleurs SABER Select\"},{\"@type\":\"BreadcrumbList\",\"@id\":\"https:\/\/staging.belleflamme.ca\/en\/product\/saber-select-4-burner-gas-grill\/#breadcrumb\",\"itemListElement\":[{\"@type\":\"ListItem\",\"position\":1,\"name\":\"Home\",\"item\":\"https:\/\/www.belleflamme.ca\/fr\/\"},{\"@type\":\"ListItem\",\"position\":2,\"name\":\"Shop\",\"item\":\"https:\/\/www.belleflamme.ca\/en\/shop\/\"},{\"@type\":\"ListItem\",\"position\":3,\"name\":\"BBQ &amp; Outdoor Products\",\"item\":\"https:\/\/staging.belleflamme.ca\/en\/category\/bbq-outdoor-products\/\"},{\"@type\":\"ListItem\",\"position\":4,\"name\":\"Gas BBQ\",\"item\":\"https:\/\/staging.belleflamme.ca\/en\/category\/bbq-outdoor-products\/gaz-bbq\/\"},{\"@type\":\"ListItem\",\"position\":5,\"name\":\"SABER Select 4-Burner Gas Grill\"}]},{\"@type\":\"WebSite\",\"@id\":\"https:\/\/www.belleflamme.ca\/fr\/#website\",\"url\":\"https:\/\/www.belleflamme.ca\/fr\/\",\"name\":\"Groupe Belleflamme\",\"description\":\"La m\u00e9canique du b\u00e2timent dans le sang.\",\"publisher\":{\"@id\":\"https:\/\/www.belleflamme.ca\/fr\/#organization\"},\"potentialAction\":[{\"@type\":\"SearchAction\",\"target\":{\"@type\":\"EntryPoint\",\"urlTemplate\":\"https:\/\/www.belleflamme.ca\/fr\/?s={search_term_string}\"},\"query-input\":{\"@type\":\"PropertyValueSpecification\",\"valueRequired\":true,\"valueName\":\"search_term_string\"}}],\"inLanguage\":\"en-US\"},{\"@type\":[\"Organization\",\"Place\"],\"@id\":\"https:\/\/www.belleflamme.ca\/fr\/#organization\",\"name\":\"Groupe Belleflamme\",\"alternateName\":\"Belleflamme\",\"url\":\"https:\/\/www.belleflamme.ca\/fr\/\",\"logo\":{\"@type\":\"ImageObject\",\"inLanguage\":\"en-US\",\"@id\":\"https:\/\/www.belleflamme.ca\/fr\/#\/schema\/logo\/image\/\",\"url\":\"https:\/\/staging.belleflamme.ca\/wp-content\/uploads\/2023\/01\/og-image.jpg\",\"contentUrl\":\"https:\/\/staging.belleflamme.ca\/wp-content\/uploads\/2023\/01\/og-image.jpg\",\"width\":1200,\"height\":630,\"caption\":\"Groupe Belleflamme\"},\"image\":{\"@id\":\"https:\/\/www.belleflamme.ca\/fr\/#\/schema\/logo\/image\/\"},\"sameAs\":[\"https:\/\/www.facebook.com\/belleflamme.ca\/\",\"https:\/\/www.linkedin.com\/company\/belleflamme\/\",\"https:\/\/www.pinterest.ca\/groupebelleflamme\/\",\"https:\/\/www.instagram.com\/legroupebelleflamme\/\"],\"mainEntityOfPage\":{\"@id\":\"https:\/\/staging.belleflamme.ca\/en\/product\/saber-select-4-burner-gas-grill\/\"}}]}<\/script>\n<meta property=\"product:brand\" content=\"Saber\" \/>\n<meta property=\"product:price:amount\" content=\"1499.00\" \/>\n<meta property=\"product:price:currency\" content=\"CAD\" \/>\n<meta property=\"og:availability\" content=\"instock\" \/>\n<meta property=\"product:availability\" content=\"instock\" \/>\n<meta property=\"product:retailer_item_id\" content=\"R52SC0421\" \/>\n<meta property=\"product:condition\" content=\"new\" \/>\n<!-- \/ Yoast SEO Premium plugin. -->","yoast_head_json":{"title":"SABER Select 4-Burner Gas Grill - Groupe BelleFlamme","description":"SABER Select 4-Burner Gas Grill sold by the Belleflamme Group. Laval, Montreal, Gatineau and Saint-Sauveur.","robots":{"index":"index","follow":"follow","max-snippet":"max-snippet:-1","max-image-preview":"max-image-preview:large","max-video-preview":"max-video-preview:-1"},"canonical":"https:\/\/staging.belleflamme.ca\/en\/product\/saber-select-4-burner-gas-grill\/","og_locale":"en_US","og_type":"article","og_title":"SABER Select 4-Burner Gas Grill","og_description":"SABER Select 4-Burner Gas Grill sold by the Belleflamme Group. Laval, Montreal, Gatineau and Saint-Sauveur.","og_url":"https:\/\/staging.belleflamme.ca\/en\/product\/saber-select-4-burner-gas-grill\/","og_site_name":"Groupe BelleFlamme","article_publisher":"https:\/\/www.facebook.com\/belleflamme.ca\/","article_modified_time":"2024-06-20T16:00:43+00:00","og_image":[{"width":600,"height":600,"url":"https:\/\/www.belleflamme.ca\/wp-content\/uploads\/2024\/06\/Gril-a-gaz-a-4-bruleurs-SABER-Select.png","type":"image\/png"}],"twitter_card":"summary_large_image","twitter_misc":{"Price":"&#36;1,499.00","Availability":"In stock"},"schema":{"@context":"https:\/\/schema.org","@graph":[{"@type":["WebPage","ItemPage"],"@id":"https:\/\/staging.belleflamme.ca\/en\/product\/saber-select-4-burner-gas-grill\/","url":"https:\/\/staging.belleflamme.ca\/en\/product\/saber-select-4-burner-gas-grill\/","name":"SABER Select 4-Burner Gas Grill - Groupe BelleFlamme","isPartOf":{"@id":"https:\/\/www.belleflamme.ca\/fr\/#website"},"primaryImageOfPage":{"@id":"https:\/\/staging.belleflamme.ca\/en\/product\/saber-select-4-burner-gas-grill\/#primaryimage"},"image":{"@id":"https:\/\/staging.belleflamme.ca\/en\/product\/saber-select-4-burner-gas-grill\/#primaryimage"},"thumbnailUrl":"https:\/\/staging.belleflamme.ca\/wp-content\/uploads\/2024\/06\/Gril-a-gaz-a-4-bruleurs-SABER-Select.png","datePublished":"2024-06-20T15:59:08+00:00","dateModified":"2024-06-20T16:00:43+00:00","description":"SABER Select 4-Burner Gas Grill sold by the Belleflamme Group. Laval, Montreal, Gatineau and Saint-Sauveur.","breadcrumb":{"@id":"https:\/\/staging.belleflamme.ca\/en\/product\/saber-select-4-burner-gas-grill\/#breadcrumb"},"inLanguage":"en-US","potentialAction":[{"@type":"ReadAction","target":["https:\/\/staging.belleflamme.ca\/en\/product\/saber-select-4-burner-gas-grill\/"]}]},{"@type":"ImageObject","inLanguage":"en-US","@id":"https:\/\/staging.belleflamme.ca\/en\/product\/saber-select-4-burner-gas-grill\/#primaryimage","url":"https:\/\/staging.belleflamme.ca\/wp-content\/uploads\/2024\/06\/Gril-a-gaz-a-4-bruleurs-SABER-Select.png","contentUrl":"https:\/\/staging.belleflamme.ca\/wp-content\/uploads\/2024\/06\/Gril-a-gaz-a-4-bruleurs-SABER-Select.png","width":600,"height":600,"caption":"Gril \u00e0 gaz \u00e0 4 br\u00fbleurs SABER Select"},{"@type":"BreadcrumbList","@id":"https:\/\/staging.belleflamme.ca\/en\/product\/saber-select-4-burner-gas-grill\/#breadcrumb","itemListElement":[{"@type":"ListItem","position":1,"name":"Home","item":"https:\/\/www.belleflamme.ca\/fr\/"},{"@type":"ListItem","position":2,"name":"Shop","item":"https:\/\/www.belleflamme.ca\/en\/shop\/"},{"@type":"ListItem","position":3,"name":"BBQ &amp; Outdoor Products","item":"https:\/\/staging.belleflamme.ca\/en\/category\/bbq-outdoor-products\/"},{"@type":"ListItem","position":4,"name":"Gas BBQ","item":"https:\/\/staging.belleflamme.ca\/en\/category\/bbq-outdoor-products\/gaz-bbq\/"},{"@type":"ListItem","position":5,"name":"SABER Select 4-Burner Gas Grill"}]},{"@type":"WebSite","@id":"https:\/\/www.belleflamme.ca\/fr\/#website","url":"https:\/\/www.belleflamme.ca\/fr\/","name":"Groupe Belleflamme","description":"La m\u00e9canique du b\u00e2timent dans le sang.","publisher":{"@id":"https:\/\/www.belleflamme.ca\/fr\/#organization"},"potentialAction":[{"@type":"SearchAction","target":{"@type":"EntryPoint","urlTemplate":"https:\/\/www.belleflamme.ca\/fr\/?s={search_term_string}"},"query-input":{"@type":"PropertyValueSpecification","valueRequired":true,"valueName":"search_term_string"}}],"inLanguage":"en-US"},{"@type":["Organization","Place"],"@id":"https:\/\/www.belleflamme.ca\/fr\/#organization","name":"Groupe Belleflamme","alternateName":"Belleflamme","url":"https:\/\/www.belleflamme.ca\/fr\/","logo":{"@type":"ImageObject","inLanguage":"en-US","@id":"https:\/\/www.belleflamme.ca\/fr\/#\/schema\/logo\/image\/","url":"https:\/\/staging.belleflamme.ca\/wp-content\/uploads\/2023\/01\/og-image.jpg","contentUrl":"https:\/\/staging.belleflamme.ca\/wp-content\/uploads\/2023\/01\/og-image.jpg","width":1200,"height":630,"caption":"Groupe Belleflamme"},"image":{"@id":"https:\/\/www.belleflamme.ca\/fr\/#\/schema\/logo\/image\/"},"sameAs":["https:\/\/www.facebook.com\/belleflamme.ca\/","https:\/\/www.linkedin.com\/company\/belleflamme\/","https:\/\/www.pinterest.ca\/groupebelleflamme\/","https:\/\/www.instagram.com\/legroupebelleflamme\/"],"mainEntityOfPage":{"@id":"https:\/\/staging.belleflamme.ca\/en\/product\/saber-select-4-burner-gas-grill\/"}}]},"product_brand":"Saber","product_price_amount":"1499.00","product_price_currency":"CAD","og_availability":"instock","product_availability":"instock","product_retailer_item_id":"R52SC0421","product_condition":"new"},"_links":{"self":[{"href":"https:\/\/staging.belleflamme.ca\/en\/wp-json\/wp\/v2\/product\/41114","targetHints":{"allow":["GET"]}}],"collection":[{"href":"https:\/\/staging.belleflamme.ca\/en\/wp-json\/wp\/v2\/product"}],"about":[{"href":"https:\/\/staging.belleflamme.ca\/en\/wp-json\/wp\/v2\/types\/product"}],"version-history":[{"count":1,"href":"https:\/\/staging.belleflamme.ca\/en\/wp-json\/wp\/v2\/product\/41114\/revisions"}],"predecessor-version":[{"id":41115,"href":"https:\/\/staging.belleflamme.ca\/en\/wp-json\/wp\/v2\/product\/41114\/revisions\/41115"}],"wp:featuredmedia":[{"embeddable":true,"href":"https:\/\/staging.belleflamme.ca\/en\/wp-json\/wp\/v2\/media\/41112"}],"wp:attachment":[{"href":"https:\/\/staging.belleflamme.ca\/en\/wp-json\/wp\/v2\/media?parent=41114"}],"wp:term":[{"taxonomy":"product_brand","embeddable":true,"href":"https:\/\/staging.belleflamme.ca\/en\/wp-json\/wp\/v2\/product_brand?post=41114"},{"taxonomy":"product_cat","embeddable":true,"href":"https:\/\/staging.belleflamme.ca\/en\/wp-json\/wp\/v2\/product_cat?post=41114"},{"taxonomy":"product_tag","embeddable":true,"href":"https:\/\/staging.belleflamme.ca\/en\/wp-json\/wp\/v2\/product_tag?post=41114"}],"curies":[{"name":"wp","href":"https:\/\/api.w.org\/{rel}","templated":true}]}}