{"id":40078,"date":"2024-05-24T11:08:25","date_gmt":"2024-05-24T15:08:25","guid":{"rendered":"https:\/\/www.belleflamme.ca\/?post_type=product&#038;p=40078"},"modified":"2024-05-24T11:09:36","modified_gmt":"2024-05-24T15:09:36","slug":"aprilaire-4978-replacement-steam-canister-electrode-wires-for-aprilaire-steam-humidifier-models-800-800lc-801-865-and-866-2-pack","status":"publish","type":"product","link":"https:\/\/staging.belleflamme.ca\/en\/product\/aprilaire-4978-replacement-steam-canister-electrode-wires-for-aprilaire-steam-humidifier-models-800-800lc-801-865-and-866-2-pack\/","title":{"rendered":"AprilAire 4978 Replacement Steam Canister Electrode Wires for AprilAire Steam Humidifier Models 800, 800LC, 801, 865, and 866 (2-pack)"},"content":{"rendered":"<p><iframe width=\"560\" height=\"315\" src=\"https:\/\/www.youtube.com\/embed\/J1j2iNbm7lI?si=3-aVrJXgr9JcsDTG\" title=\"YouTube video player\" frameborder=\"0\" allow=\"accelerometer; autoplay; clipboard-write; encrypted-media; gyroscope; picture-in-picture; web-share\" referrerpolicy=\"strict-origin-when-cross-origin\" allowfullscreen><\/iframe><\/p>\n<h2>MODEL 4978 FEATURES:<\/h2>\n<ul>\n<li><strong>BUY WITH CONFIDENCE<\/strong>\u00a0These genuine replacement electrode wires are designed by AprilAire \u2013 the leader in Indoor Air Quality solutions \u2013 and made in the USA<\/li>\n<li><strong>PERFECT APRILAIRE FIT<\/strong>\u00a0Designed specifically for your whole-house AprilAire Steam Humidifier<\/li>\n<li><strong>FOR OPTIMAL PERFORMANCE<\/strong>\u00a0Inspect electrode wires every year and replace every three years, or sooner if they become loose or damaged. Also replace your steam canister once per heating season (steam canister sold separately).<\/li>\n<li><strong>HUMIDITY FOR HEALTH\u00a0<\/strong>AprilAire Humidifiers can help you maintain optimal humidity in your home of 40% \u2013 60% which has been shown to reduce the incidence of respiratory infections and symptoms related to allergies and asthma by minimizing the formation of bacteria and viruses, fungi, and dust mites. In addition, you\u2019ll feel more comfortable while also preserving items in your home susceptible to damage from changing humidity or dry conditions.<\/li>\n<\/ul>\n<h3>BENEFITS:<\/h3>\n<p>AprilAire genuine replacement part for AprilAire Steam Humidifiers. Two wires per package.<\/p>\n<p>Go to\u00a0<a class=\"js-no-transition\" href=\"https:\/\/www.aprilaire.com\/\" target=\"_blank\" rel=\"noopener\">AprilAire.com<\/a>\u00a0for replacement instructions or to\u00a0<a class=\"js-no-transition\" href=\"https:\/\/www.aprilaire.com\/find-a-pro\" target=\"_blank\" rel=\"noopener\">find a local AprilAire HVAC professional<\/a>\u00a0to maintain your steam humidifier.<\/p>\n<p>The AprilAire steam humidifier electrode wires provide electrical current to the water in the steam canister, heating it to a boil and creating steam that is distributed through your home. To maintain peak performance and the continued safe operation of your AprilAire Steam Humidifier, the electrode wires should be replaced every three years. Remember to inspect the wires annually; they can be replaced sooner if loose or damaged.<\/p>\n<p>AprilAire invented whole-home humidification and continues to lead the industry. Since launching the first humidifier in 1954, AprilAire has built a comprehensive product offering \u2013 all designed to create healthy air in your home. AprilAire Humidifiers keep the relative humidity in your home within a healthy range, which has been shown to reduce the incidence of respiratory infections and allergy and asthma symptoms by minimizing the formation of bacteria, viruses, fungi, and dust mites. In addition, balanced humidity helps reduce chronic sore throats, nosebleeds and dry skin. Your home will feel more comfortable and items in your home susceptible to damage from low humidity, such as wood flooring, will be better preserved.<\/p>\n<p><strong>INCLUDED IN THE BOX:<\/strong><\/p>\n<ul>\n<li>(2) 4978 Electrode Wires<\/li>\n<\/ul>\n<p><strong>SPECIFICATIONS:<\/strong><\/p>\n<ul>\n<li><strong>Compatible Models:<\/strong>\u00a0800, 800LC, 801, 865, 866<\/li>\n<li><strong>Materials:\u00a0<\/strong>Steel &#8211; Zinc Plated<\/li>\n<li><strong>Actual Measurements:<\/strong>\u00a00.77H x 0.77W x 17.5D (inches)<\/li>\n<\/ul>\n","protected":false},"excerpt":{"rendered":"<p>MODEL 4978 FEATURES: BUY WITH CONFIDENCE\u00a0These genuine replacement electrode wires are designed by AprilAire \u2013 the leader in Indoor Air Quality solutions \u2013 and made in the USA PERFECT APRILAIRE FIT\u00a0Designed specifically for your whole-house AprilAire Steam Humidifier FOR OPTIMAL PERFORMANCE\u00a0Inspect electrode wires every year and replace every three years, or sooner if they become [&hellip;]<\/p>\n","protected":false},"featured_media":40076,"template":"","meta":{"inline_featured_image":false},"product_brand":[299],"product_cat":[154,157],"product_tag":[],"class_list":{"0":"post-40078","1":"product","2":"type-product","3":"status-publish","4":"has-post-thumbnail","6":"product_brand-aprilaire-en","7":"product_cat-air-conditioning-heating","8":"product_cat-filters","10":"first","11":"instock","12":"taxable","13":"shipping-taxable","14":"product-type-simple"},"yoast_head":"<!-- This site is optimized with the Yoast SEO Premium plugin v24.2 (Yoast SEO v24.2) - https:\/\/yoast.com\/wordpress\/plugins\/seo\/ -->\n<title>AprilAire 4978 Replacement Steam Canister Electrode Wires for AprilAire Steam Humidifier Models 800, 800LC, 801, 865, and 866 (2-pack) - Groupe BelleFlamme<\/title>\n<meta name=\"description\" content=\"AprilAire 4978 Replacement Steam Canister Electrode Wires for AprilAire Steam Humidifier Models 800, 800LC, 801, 865, and 866 (2-pack) sold by the Belleflamme Group. Laval, Montreal, Gatineau and Saint-Sauveur.\" \/>\n<meta name=\"robots\" content=\"index, follow, max-snippet:-1, max-image-preview:large, max-video-preview:-1\" \/>\n<link rel=\"canonical\" href=\"https:\/\/staging.belleflamme.ca\/en\/product\/aprilaire-4978-replacement-steam-canister-electrode-wires-for-aprilaire-steam-humidifier-models-800-800lc-801-865-and-866-2-pack\/\" \/>\n<meta property=\"og:locale\" content=\"en_US\" \/>\n<meta property=\"og:type\" content=\"article\" \/>\n<meta property=\"og:title\" content=\"AprilAire 4978 Replacement Steam Canister Electrode Wires for AprilAire Steam Humidifier Models 800, 800LC, 801, 865, and 866 (2-pack)\" \/>\n<meta property=\"og:description\" content=\"AprilAire 4978 Replacement Steam Canister Electrode Wires for AprilAire Steam Humidifier Models 800, 800LC, 801, 865, and 866 (2-pack) sold by the Belleflamme Group. Laval, Montreal, Gatineau and Saint-Sauveur.\" \/>\n<meta property=\"og:url\" content=\"https:\/\/staging.belleflamme.ca\/en\/product\/aprilaire-4978-replacement-steam-canister-electrode-wires-for-aprilaire-steam-humidifier-models-800-800lc-801-865-and-866-2-pack\/\" \/>\n<meta property=\"og:site_name\" content=\"Groupe BelleFlamme\" \/>\n<meta property=\"article:publisher\" content=\"https:\/\/www.facebook.com\/belleflamme.ca\/\" \/>\n<meta property=\"article:modified_time\" content=\"2024-05-24T15:09:36+00:00\" \/>\n<meta property=\"og:image\" content=\"https:\/\/www.belleflamme.ca\/wp-content\/uploads\/2024\/05\/AprilAire-4978-Fils-delectrode-de-rechange-pour-cartouche-a-vapeur-pour-humidificateurs-a-vapeur-AprilAire-modeles-800-800LC-801-865-et-866-paquet-de-2.webp\" \/>\n\t<meta property=\"og:image:width\" content=\"1080\" \/>\n\t<meta property=\"og:image:height\" content=\"1080\" \/>\n\t<meta property=\"og:image:type\" content=\"image\/webp\" \/>\n<meta name=\"twitter:card\" content=\"summary_large_image\" \/>\n<meta name=\"twitter:label1\" content=\"Price\" \/>\n\t<meta name=\"twitter:data1\" content=\"\" \/>\n\t<meta name=\"twitter:label2\" content=\"Availability\" \/>\n\t<meta name=\"twitter:data2\" content=\"In stock\" \/>\n<script type=\"application\/ld+json\" class=\"yoast-schema-graph\">{\"@context\":\"https:\/\/schema.org\",\"@graph\":[{\"@type\":[\"WebPage\",\"ItemPage\"],\"@id\":\"https:\/\/staging.belleflamme.ca\/en\/product\/aprilaire-4978-replacement-steam-canister-electrode-wires-for-aprilaire-steam-humidifier-models-800-800lc-801-865-and-866-2-pack\/\",\"url\":\"https:\/\/staging.belleflamme.ca\/en\/product\/aprilaire-4978-replacement-steam-canister-electrode-wires-for-aprilaire-steam-humidifier-models-800-800lc-801-865-and-866-2-pack\/\",\"name\":\"AprilAire 4978 Replacement Steam Canister Electrode Wires for AprilAire Steam Humidifier Models 800, 800LC, 801, 865, and 866 (2-pack) - Groupe BelleFlamme\",\"isPartOf\":{\"@id\":\"https:\/\/www.belleflamme.ca\/fr\/#website\"},\"primaryImageOfPage\":{\"@id\":\"https:\/\/staging.belleflamme.ca\/en\/product\/aprilaire-4978-replacement-steam-canister-electrode-wires-for-aprilaire-steam-humidifier-models-800-800lc-801-865-and-866-2-pack\/#primaryimage\"},\"image\":{\"@id\":\"https:\/\/staging.belleflamme.ca\/en\/product\/aprilaire-4978-replacement-steam-canister-electrode-wires-for-aprilaire-steam-humidifier-models-800-800lc-801-865-and-866-2-pack\/#primaryimage\"},\"thumbnailUrl\":\"https:\/\/staging.belleflamme.ca\/wp-content\/uploads\/2024\/05\/AprilAire-4978-Fils-delectrode-de-rechange-pour-cartouche-a-vapeur-pour-humidificateurs-a-vapeur-AprilAire-modeles-800-800LC-801-865-et-866-paquet-de-2.webp\",\"datePublished\":\"2024-05-24T15:08:25+00:00\",\"dateModified\":\"2024-05-24T15:09:36+00:00\",\"description\":\"AprilAire 4978 Replacement Steam Canister Electrode Wires for AprilAire Steam Humidifier Models 800, 800LC, 801, 865, and 866 (2-pack) sold by the Belleflamme Group. Laval, Montreal, Gatineau and Saint-Sauveur.\",\"breadcrumb\":{\"@id\":\"https:\/\/staging.belleflamme.ca\/en\/product\/aprilaire-4978-replacement-steam-canister-electrode-wires-for-aprilaire-steam-humidifier-models-800-800lc-801-865-and-866-2-pack\/#breadcrumb\"},\"inLanguage\":\"en-US\",\"potentialAction\":[{\"@type\":\"ReadAction\",\"target\":[\"https:\/\/staging.belleflamme.ca\/en\/product\/aprilaire-4978-replacement-steam-canister-electrode-wires-for-aprilaire-steam-humidifier-models-800-800lc-801-865-and-866-2-pack\/\"]}]},{\"@type\":\"ImageObject\",\"inLanguage\":\"en-US\",\"@id\":\"https:\/\/staging.belleflamme.ca\/en\/product\/aprilaire-4978-replacement-steam-canister-electrode-wires-for-aprilaire-steam-humidifier-models-800-800lc-801-865-and-866-2-pack\/#primaryimage\",\"url\":\"https:\/\/staging.belleflamme.ca\/wp-content\/uploads\/2024\/05\/AprilAire-4978-Fils-delectrode-de-rechange-pour-cartouche-a-vapeur-pour-humidificateurs-a-vapeur-AprilAire-modeles-800-800LC-801-865-et-866-paquet-de-2.webp\",\"contentUrl\":\"https:\/\/staging.belleflamme.ca\/wp-content\/uploads\/2024\/05\/AprilAire-4978-Fils-delectrode-de-rechange-pour-cartouche-a-vapeur-pour-humidificateurs-a-vapeur-AprilAire-modeles-800-800LC-801-865-et-866-paquet-de-2.webp\",\"width\":1080,\"height\":1080,\"caption\":\"AprilAire 4978 Fils d'\u00e9lectrode de rechange pour cartouche \u00e0 vapeur pour humidificateurs \u00e0 vapeur AprilAire mod\u00e8les 800, 800LC, 801, 865 et 866 (paquet de 2)\"},{\"@type\":\"BreadcrumbList\",\"@id\":\"https:\/\/staging.belleflamme.ca\/en\/product\/aprilaire-4978-replacement-steam-canister-electrode-wires-for-aprilaire-steam-humidifier-models-800-800lc-801-865-and-866-2-pack\/#breadcrumb\",\"itemListElement\":[{\"@type\":\"ListItem\",\"position\":1,\"name\":\"Home\",\"item\":\"https:\/\/www.belleflamme.ca\/fr\/\"},{\"@type\":\"ListItem\",\"position\":2,\"name\":\"Shop\",\"item\":\"https:\/\/www.belleflamme.ca\/en\/shop\/\"},{\"@type\":\"ListItem\",\"position\":3,\"name\":\"Air conditioning &amp; Heating\",\"item\":\"https:\/\/staging.belleflamme.ca\/en\/category\/air-conditioning-heating\/\"},{\"@type\":\"ListItem\",\"position\":4,\"name\":\"Filters\",\"item\":\"https:\/\/staging.belleflamme.ca\/en\/category\/air-conditioning-heating\/filters\/\"},{\"@type\":\"ListItem\",\"position\":5,\"name\":\"AprilAire 4978 Replacement Steam Canister Electrode Wires for AprilAire Steam Humidifier Models 800, 800LC, 801, 865, and 866 (2-pack)\"}]},{\"@type\":\"WebSite\",\"@id\":\"https:\/\/www.belleflamme.ca\/fr\/#website\",\"url\":\"https:\/\/www.belleflamme.ca\/fr\/\",\"name\":\"Groupe Belleflamme\",\"description\":\"La m\u00e9canique du b\u00e2timent dans le sang.\",\"publisher\":{\"@id\":\"https:\/\/www.belleflamme.ca\/fr\/#organization\"},\"potentialAction\":[{\"@type\":\"SearchAction\",\"target\":{\"@type\":\"EntryPoint\",\"urlTemplate\":\"https:\/\/www.belleflamme.ca\/fr\/?s={search_term_string}\"},\"query-input\":{\"@type\":\"PropertyValueSpecification\",\"valueRequired\":true,\"valueName\":\"search_term_string\"}}],\"inLanguage\":\"en-US\"},{\"@type\":[\"Organization\",\"Place\"],\"@id\":\"https:\/\/www.belleflamme.ca\/fr\/#organization\",\"name\":\"Groupe Belleflamme\",\"alternateName\":\"Belleflamme\",\"url\":\"https:\/\/www.belleflamme.ca\/fr\/\",\"logo\":{\"@type\":\"ImageObject\",\"inLanguage\":\"en-US\",\"@id\":\"https:\/\/www.belleflamme.ca\/fr\/#\/schema\/logo\/image\/\",\"url\":\"https:\/\/staging.belleflamme.ca\/wp-content\/uploads\/2023\/01\/og-image.jpg\",\"contentUrl\":\"https:\/\/staging.belleflamme.ca\/wp-content\/uploads\/2023\/01\/og-image.jpg\",\"width\":1200,\"height\":630,\"caption\":\"Groupe Belleflamme\"},\"image\":{\"@id\":\"https:\/\/www.belleflamme.ca\/fr\/#\/schema\/logo\/image\/\"},\"sameAs\":[\"https:\/\/www.facebook.com\/belleflamme.ca\/\",\"https:\/\/www.linkedin.com\/company\/belleflamme\/\",\"https:\/\/www.pinterest.ca\/groupebelleflamme\/\",\"https:\/\/www.instagram.com\/legroupebelleflamme\/\"],\"mainEntityOfPage\":{\"@id\":\"https:\/\/staging.belleflamme.ca\/en\/product\/aprilaire-4978-replacement-steam-canister-electrode-wires-for-aprilaire-steam-humidifier-models-800-800lc-801-865-and-866-2-pack\/\"}}]}<\/script>\n<meta property=\"product:brand\" content=\"Aprilaire\" \/>\n<meta property=\"product:price:amount\" content=\"0.00\" \/>\n<meta property=\"product:price:currency\" content=\"CAD\" \/>\n<meta property=\"og:availability\" content=\"instock\" \/>\n<meta property=\"product:availability\" content=\"instock\" \/>\n<meta property=\"product:retailer_item_id\" content=\"4978\" \/>\n<meta property=\"product:condition\" content=\"new\" \/>\n<!-- \/ Yoast SEO Premium plugin. -->","yoast_head_json":{"title":"AprilAire 4978 Replacement Steam Canister Electrode Wires for AprilAire Steam Humidifier Models 800, 800LC, 801, 865, and 866 (2-pack) - Groupe BelleFlamme","description":"AprilAire 4978 Replacement Steam Canister Electrode Wires for AprilAire Steam Humidifier Models 800, 800LC, 801, 865, and 866 (2-pack) sold by the Belleflamme Group. Laval, Montreal, Gatineau and Saint-Sauveur.","robots":{"index":"index","follow":"follow","max-snippet":"max-snippet:-1","max-image-preview":"max-image-preview:large","max-video-preview":"max-video-preview:-1"},"canonical":"https:\/\/staging.belleflamme.ca\/en\/product\/aprilaire-4978-replacement-steam-canister-electrode-wires-for-aprilaire-steam-humidifier-models-800-800lc-801-865-and-866-2-pack\/","og_locale":"en_US","og_type":"article","og_title":"AprilAire 4978 Replacement Steam Canister Electrode Wires for AprilAire Steam Humidifier Models 800, 800LC, 801, 865, and 866 (2-pack)","og_description":"AprilAire 4978 Replacement Steam Canister Electrode Wires for AprilAire Steam Humidifier Models 800, 800LC, 801, 865, and 866 (2-pack) sold by the Belleflamme Group. Laval, Montreal, Gatineau and Saint-Sauveur.","og_url":"https:\/\/staging.belleflamme.ca\/en\/product\/aprilaire-4978-replacement-steam-canister-electrode-wires-for-aprilaire-steam-humidifier-models-800-800lc-801-865-and-866-2-pack\/","og_site_name":"Groupe BelleFlamme","article_publisher":"https:\/\/www.facebook.com\/belleflamme.ca\/","article_modified_time":"2024-05-24T15:09:36+00:00","og_image":[{"width":1080,"height":1080,"url":"https:\/\/www.belleflamme.ca\/wp-content\/uploads\/2024\/05\/AprilAire-4978-Fils-delectrode-de-rechange-pour-cartouche-a-vapeur-pour-humidificateurs-a-vapeur-AprilAire-modeles-800-800LC-801-865-et-866-paquet-de-2.webp","type":"image\/webp"}],"twitter_card":"summary_large_image","twitter_misc":{"Price":"","Availability":"In stock"},"schema":{"@context":"https:\/\/schema.org","@graph":[{"@type":["WebPage","ItemPage"],"@id":"https:\/\/staging.belleflamme.ca\/en\/product\/aprilaire-4978-replacement-steam-canister-electrode-wires-for-aprilaire-steam-humidifier-models-800-800lc-801-865-and-866-2-pack\/","url":"https:\/\/staging.belleflamme.ca\/en\/product\/aprilaire-4978-replacement-steam-canister-electrode-wires-for-aprilaire-steam-humidifier-models-800-800lc-801-865-and-866-2-pack\/","name":"AprilAire 4978 Replacement Steam Canister Electrode Wires for AprilAire Steam Humidifier Models 800, 800LC, 801, 865, and 866 (2-pack) - Groupe BelleFlamme","isPartOf":{"@id":"https:\/\/www.belleflamme.ca\/fr\/#website"},"primaryImageOfPage":{"@id":"https:\/\/staging.belleflamme.ca\/en\/product\/aprilaire-4978-replacement-steam-canister-electrode-wires-for-aprilaire-steam-humidifier-models-800-800lc-801-865-and-866-2-pack\/#primaryimage"},"image":{"@id":"https:\/\/staging.belleflamme.ca\/en\/product\/aprilaire-4978-replacement-steam-canister-electrode-wires-for-aprilaire-steam-humidifier-models-800-800lc-801-865-and-866-2-pack\/#primaryimage"},"thumbnailUrl":"https:\/\/staging.belleflamme.ca\/wp-content\/uploads\/2024\/05\/AprilAire-4978-Fils-delectrode-de-rechange-pour-cartouche-a-vapeur-pour-humidificateurs-a-vapeur-AprilAire-modeles-800-800LC-801-865-et-866-paquet-de-2.webp","datePublished":"2024-05-24T15:08:25+00:00","dateModified":"2024-05-24T15:09:36+00:00","description":"AprilAire 4978 Replacement Steam Canister Electrode Wires for AprilAire Steam Humidifier Models 800, 800LC, 801, 865, and 866 (2-pack) sold by the Belleflamme Group. Laval, Montreal, Gatineau and Saint-Sauveur.","breadcrumb":{"@id":"https:\/\/staging.belleflamme.ca\/en\/product\/aprilaire-4978-replacement-steam-canister-electrode-wires-for-aprilaire-steam-humidifier-models-800-800lc-801-865-and-866-2-pack\/#breadcrumb"},"inLanguage":"en-US","potentialAction":[{"@type":"ReadAction","target":["https:\/\/staging.belleflamme.ca\/en\/product\/aprilaire-4978-replacement-steam-canister-electrode-wires-for-aprilaire-steam-humidifier-models-800-800lc-801-865-and-866-2-pack\/"]}]},{"@type":"ImageObject","inLanguage":"en-US","@id":"https:\/\/staging.belleflamme.ca\/en\/product\/aprilaire-4978-replacement-steam-canister-electrode-wires-for-aprilaire-steam-humidifier-models-800-800lc-801-865-and-866-2-pack\/#primaryimage","url":"https:\/\/staging.belleflamme.ca\/wp-content\/uploads\/2024\/05\/AprilAire-4978-Fils-delectrode-de-rechange-pour-cartouche-a-vapeur-pour-humidificateurs-a-vapeur-AprilAire-modeles-800-800LC-801-865-et-866-paquet-de-2.webp","contentUrl":"https:\/\/staging.belleflamme.ca\/wp-content\/uploads\/2024\/05\/AprilAire-4978-Fils-delectrode-de-rechange-pour-cartouche-a-vapeur-pour-humidificateurs-a-vapeur-AprilAire-modeles-800-800LC-801-865-et-866-paquet-de-2.webp","width":1080,"height":1080,"caption":"AprilAire 4978 Fils d'\u00e9lectrode de rechange pour cartouche \u00e0 vapeur pour humidificateurs \u00e0 vapeur AprilAire mod\u00e8les 800, 800LC, 801, 865 et 866 (paquet de 2)"},{"@type":"BreadcrumbList","@id":"https:\/\/staging.belleflamme.ca\/en\/product\/aprilaire-4978-replacement-steam-canister-electrode-wires-for-aprilaire-steam-humidifier-models-800-800lc-801-865-and-866-2-pack\/#breadcrumb","itemListElement":[{"@type":"ListItem","position":1,"name":"Home","item":"https:\/\/www.belleflamme.ca\/fr\/"},{"@type":"ListItem","position":2,"name":"Shop","item":"https:\/\/www.belleflamme.ca\/en\/shop\/"},{"@type":"ListItem","position":3,"name":"Air conditioning &amp; Heating","item":"https:\/\/staging.belleflamme.ca\/en\/category\/air-conditioning-heating\/"},{"@type":"ListItem","position":4,"name":"Filters","item":"https:\/\/staging.belleflamme.ca\/en\/category\/air-conditioning-heating\/filters\/"},{"@type":"ListItem","position":5,"name":"AprilAire 4978 Replacement Steam Canister Electrode Wires for AprilAire Steam Humidifier Models 800, 800LC, 801, 865, and 866 (2-pack)"}]},{"@type":"WebSite","@id":"https:\/\/www.belleflamme.ca\/fr\/#website","url":"https:\/\/www.belleflamme.ca\/fr\/","name":"Groupe Belleflamme","description":"La m\u00e9canique du b\u00e2timent dans le sang.","publisher":{"@id":"https:\/\/www.belleflamme.ca\/fr\/#organization"},"potentialAction":[{"@type":"SearchAction","target":{"@type":"EntryPoint","urlTemplate":"https:\/\/www.belleflamme.ca\/fr\/?s={search_term_string}"},"query-input":{"@type":"PropertyValueSpecification","valueRequired":true,"valueName":"search_term_string"}}],"inLanguage":"en-US"},{"@type":["Organization","Place"],"@id":"https:\/\/www.belleflamme.ca\/fr\/#organization","name":"Groupe Belleflamme","alternateName":"Belleflamme","url":"https:\/\/www.belleflamme.ca\/fr\/","logo":{"@type":"ImageObject","inLanguage":"en-US","@id":"https:\/\/www.belleflamme.ca\/fr\/#\/schema\/logo\/image\/","url":"https:\/\/staging.belleflamme.ca\/wp-content\/uploads\/2023\/01\/og-image.jpg","contentUrl":"https:\/\/staging.belleflamme.ca\/wp-content\/uploads\/2023\/01\/og-image.jpg","width":1200,"height":630,"caption":"Groupe Belleflamme"},"image":{"@id":"https:\/\/www.belleflamme.ca\/fr\/#\/schema\/logo\/image\/"},"sameAs":["https:\/\/www.facebook.com\/belleflamme.ca\/","https:\/\/www.linkedin.com\/company\/belleflamme\/","https:\/\/www.pinterest.ca\/groupebelleflamme\/","https:\/\/www.instagram.com\/legroupebelleflamme\/"],"mainEntityOfPage":{"@id":"https:\/\/staging.belleflamme.ca\/en\/product\/aprilaire-4978-replacement-steam-canister-electrode-wires-for-aprilaire-steam-humidifier-models-800-800lc-801-865-and-866-2-pack\/"}}]},"product_brand":"Aprilaire","product_price_amount":"0.00","product_price_currency":"CAD","og_availability":"instock","product_availability":"instock","product_retailer_item_id":"4978","product_condition":"new"},"_links":{"self":[{"href":"https:\/\/staging.belleflamme.ca\/en\/wp-json\/wp\/v2\/product\/40078","targetHints":{"allow":["GET"]}}],"collection":[{"href":"https:\/\/staging.belleflamme.ca\/en\/wp-json\/wp\/v2\/product"}],"about":[{"href":"https:\/\/staging.belleflamme.ca\/en\/wp-json\/wp\/v2\/types\/product"}],"version-history":[{"count":1,"href":"https:\/\/staging.belleflamme.ca\/en\/wp-json\/wp\/v2\/product\/40078\/revisions"}],"predecessor-version":[{"id":40079,"href":"https:\/\/staging.belleflamme.ca\/en\/wp-json\/wp\/v2\/product\/40078\/revisions\/40079"}],"wp:featuredmedia":[{"embeddable":true,"href":"https:\/\/staging.belleflamme.ca\/en\/wp-json\/wp\/v2\/media\/40076"}],"wp:attachment":[{"href":"https:\/\/staging.belleflamme.ca\/en\/wp-json\/wp\/v2\/media?parent=40078"}],"wp:term":[{"taxonomy":"product_brand","embeddable":true,"href":"https:\/\/staging.belleflamme.ca\/en\/wp-json\/wp\/v2\/product_brand?post=40078"},{"taxonomy":"product_cat","embeddable":true,"href":"https:\/\/staging.belleflamme.ca\/en\/wp-json\/wp\/v2\/product_cat?post=40078"},{"taxonomy":"product_tag","embeddable":true,"href":"https:\/\/staging.belleflamme.ca\/en\/wp-json\/wp\/v2\/product_tag?post=40078"}],"curies":[{"name":"wp","href":"https:\/\/api.w.org\/{rel}","templated":true}]}}