{"id":40071,"date":"2024-05-24T11:05:57","date_gmt":"2024-05-24T15:05:57","guid":{"rendered":"https:\/\/www.belleflamme.ca\/?post_type=product&#038;p=40071"},"modified":"2024-05-24T11:06:52","modified_gmt":"2024-05-24T15:06:52","slug":"aprilaire-80lc-low-conductivity-replacement-steam-canister-for-aprilaire-steam-humidifier-model-800lc","status":"publish","type":"product","link":"https:\/\/staging.belleflamme.ca\/en\/product\/aprilaire-80lc-low-conductivity-replacement-steam-canister-for-aprilaire-steam-humidifier-model-800lc\/","title":{"rendered":"AprilAire 80LC (Low Conductivity) Replacement Steam Canister for AprilAire Steam Humidifier Model 800LC"},"content":{"rendered":"<p><iframe title=\"YouTube video player\" src=\"https:\/\/www.youtube.com\/embed\/SbJjwp_aS0o?si=e1nqTQYIDxE69W7a\" width=\"560\" height=\"315\" frameborder=\"0\" allowfullscreen=\"allowfullscreen\"><\/iframe><\/p>\n<h2>MODEL 80LC FEATURES:<\/h2>\n<ul>\n<li><strong>RECALL NOTICE<\/strong>\u00a0Steam Humidifiers affected by the recall were produced from June 2010\u2013January 2015.\u00a0<a class=\"js-no-transition\" title=\"Steam Humidifiers affected by the recall were produced from June 2010\u2013January 2015\" href=\"https:\/\/www.steamhumidifier.rpcrecall.com\/\" target=\"_blank\" rel=\"noopener\">Learn more about the recall here<\/a>\u00a0to determine if your unit is affected.<\/li>\n<li><strong>LOW CONDUCTIVITY<\/strong>\u00a0The 80LC canister is optimized for use in areas where the water conductivity is less than 300 uS\/cm or when the Steam Humidifier is installed at 120VAC . The Model 80LC should not be used with softened water. If the Steam Humidifier is draining too frequently, the water conductivity is too high; changing to the Model 80 canister will reduce the drain frequency.<\/li>\n<li><strong>BUY WITH CONFIDENCE<\/strong>\u00a0This genuine replacement canister was designed and manufactured in the USA by AprilAire \u2013 the leader in indoor air quality solutions, to optimize the performance of your AprilAire Steam Humidifier<\/li>\n<li><strong>PERFECT APRILAIRE FIT<\/strong>\u00a0genuine AprilAire designed for peak performance of your whole-house steam humidifier<\/li>\n<li><strong>INCLUDES O-RING<\/strong>\u00a0for a leak-proof seal<\/li>\n<li><strong>HUMIDITY FOR HEALTH\u00a0<\/strong>AprilAire Humidifiers can help you maintain optimal humidity in your home of 40% \u2013 60% which has been shown to reduce the incidence of respiratory infections and symptoms related to allergies and asthma by minimizing the formation of bacteria and viruses, fungi, and dust mites. In addition, you\u2019ll feel more comfortable while also preserving items in your home susceptible to damage from changing humidity or dry conditions.<\/li>\n<\/ul>\n<h3>BENEFITS:<\/h3>\n<p>The steam canister is the beating heart of your humidifier, responsible for generating the steam that your humidifier then distributes throughout your home. Current runs between two electrodes within the canister, heating your water to a boil and creating steam that is distributed through your HVAC system.<\/p>\n<p><strong>INCLUDED IN THE BOX:<\/strong><\/p>\n<ul>\n<li>80LC Steam Canister<\/li>\n<li>5258 O-Ring<\/li>\n<\/ul>\n<p><strong>SPECIFICATIONS:<\/strong><\/p>\n<ul>\n<li><strong>Compatible Models:<\/strong>\u00a0800LC<\/li>\n<li><strong>Recommended Replacement Schedule:<\/strong>\u00a0Once per Year<\/li>\n<li><strong>Materials:\u00a0<\/strong>Polypropylene, Steel &#8211; Zinc Plated, Rubber<\/li>\n<li><strong>Actual Measurements:<\/strong>\u00a013.6H x 5.9W x 5.9D (inches)<\/li>\n<\/ul>\n","protected":false},"excerpt":{"rendered":"<p>MODEL 80LC FEATURES: RECALL NOTICE\u00a0Steam Humidifiers affected by the recall were produced from June 2010\u2013January 2015.\u00a0Learn more about the recall here\u00a0to determine if your unit is affected. LOW CONDUCTIVITY\u00a0The 80LC canister is optimized for use in areas where the water conductivity is less than 300 uS\/cm or when the Steam Humidifier is installed at 120VAC [&hellip;]<\/p>\n","protected":false},"featured_media":40069,"template":"","meta":{"inline_featured_image":false},"product_brand":[299],"product_cat":[154,157],"product_tag":[],"class_list":{"0":"post-40071","1":"product","2":"type-product","3":"status-publish","4":"has-post-thumbnail","6":"product_brand-aprilaire-en","7":"product_cat-air-conditioning-heating","8":"product_cat-filters","10":"first","11":"instock","12":"taxable","13":"shipping-taxable","14":"product-type-simple"},"yoast_head":"<!-- This site is optimized with the Yoast SEO Premium plugin v24.2 (Yoast SEO v24.2) - https:\/\/yoast.com\/wordpress\/plugins\/seo\/ -->\n<title>AprilAire 80LC (Low Conductivity) Replacement Steam Canister for AprilAire Steam Humidifier Model 800LC - Groupe BelleFlamme<\/title>\n<meta name=\"description\" content=\"AprilAire 80LC (Low Conductivity) Replacement Steam Canister for AprilAire Steam Humidifier Model 800LC sold by the Belleflamme Group. Laval, Montreal, Gatineau and Saint-Sauveur.\" \/>\n<meta name=\"robots\" content=\"index, follow, max-snippet:-1, max-image-preview:large, max-video-preview:-1\" \/>\n<link rel=\"canonical\" href=\"https:\/\/staging.belleflamme.ca\/en\/product\/aprilaire-80lc-low-conductivity-replacement-steam-canister-for-aprilaire-steam-humidifier-model-800lc\/\" \/>\n<meta property=\"og:locale\" content=\"en_US\" \/>\n<meta property=\"og:type\" content=\"article\" \/>\n<meta property=\"og:title\" content=\"AprilAire 80LC (Low Conductivity) Replacement Steam Canister for AprilAire Steam Humidifier Model 800LC\" \/>\n<meta property=\"og:description\" content=\"AprilAire 80LC (Low Conductivity) Replacement Steam Canister for AprilAire Steam Humidifier Model 800LC sold by the Belleflamme Group. Laval, Montreal, Gatineau and Saint-Sauveur.\" \/>\n<meta property=\"og:url\" content=\"https:\/\/staging.belleflamme.ca\/en\/product\/aprilaire-80lc-low-conductivity-replacement-steam-canister-for-aprilaire-steam-humidifier-model-800lc\/\" \/>\n<meta property=\"og:site_name\" content=\"Groupe BelleFlamme\" \/>\n<meta property=\"article:publisher\" content=\"https:\/\/www.facebook.com\/belleflamme.ca\/\" \/>\n<meta property=\"article:modified_time\" content=\"2024-05-24T15:06:52+00:00\" \/>\n<meta property=\"og:image\" content=\"https:\/\/www.belleflamme.ca\/wp-content\/uploads\/2024\/05\/AprilAire-80LC-faible-conductivite-Cartouche-de-vapeur-de-rechange-pour-humidificateur-a-vapeur-AprilAire-modele-800LC.webp\" \/>\n\t<meta property=\"og:image:width\" content=\"1080\" \/>\n\t<meta property=\"og:image:height\" content=\"1080\" \/>\n\t<meta property=\"og:image:type\" content=\"image\/webp\" \/>\n<meta name=\"twitter:card\" content=\"summary_large_image\" \/>\n<meta name=\"twitter:label1\" content=\"Price\" \/>\n\t<meta name=\"twitter:data1\" content=\"\" \/>\n\t<meta name=\"twitter:label2\" content=\"Availability\" \/>\n\t<meta name=\"twitter:data2\" content=\"In stock\" \/>\n<script type=\"application\/ld+json\" class=\"yoast-schema-graph\">{\"@context\":\"https:\/\/schema.org\",\"@graph\":[{\"@type\":[\"WebPage\",\"ItemPage\"],\"@id\":\"https:\/\/staging.belleflamme.ca\/en\/product\/aprilaire-80lc-low-conductivity-replacement-steam-canister-for-aprilaire-steam-humidifier-model-800lc\/\",\"url\":\"https:\/\/staging.belleflamme.ca\/en\/product\/aprilaire-80lc-low-conductivity-replacement-steam-canister-for-aprilaire-steam-humidifier-model-800lc\/\",\"name\":\"AprilAire 80LC (Low Conductivity) Replacement Steam Canister for AprilAire Steam Humidifier Model 800LC - Groupe BelleFlamme\",\"isPartOf\":{\"@id\":\"https:\/\/www.belleflamme.ca\/fr\/#website\"},\"primaryImageOfPage\":{\"@id\":\"https:\/\/staging.belleflamme.ca\/en\/product\/aprilaire-80lc-low-conductivity-replacement-steam-canister-for-aprilaire-steam-humidifier-model-800lc\/#primaryimage\"},\"image\":{\"@id\":\"https:\/\/staging.belleflamme.ca\/en\/product\/aprilaire-80lc-low-conductivity-replacement-steam-canister-for-aprilaire-steam-humidifier-model-800lc\/#primaryimage\"},\"thumbnailUrl\":\"https:\/\/staging.belleflamme.ca\/wp-content\/uploads\/2024\/05\/AprilAire-80LC-faible-conductivite-Cartouche-de-vapeur-de-rechange-pour-humidificateur-a-vapeur-AprilAire-modele-800LC.webp\",\"datePublished\":\"2024-05-24T15:05:57+00:00\",\"dateModified\":\"2024-05-24T15:06:52+00:00\",\"description\":\"AprilAire 80LC (Low Conductivity) Replacement Steam Canister for AprilAire Steam Humidifier Model 800LC sold by the Belleflamme Group. Laval, Montreal, Gatineau and Saint-Sauveur.\",\"breadcrumb\":{\"@id\":\"https:\/\/staging.belleflamme.ca\/en\/product\/aprilaire-80lc-low-conductivity-replacement-steam-canister-for-aprilaire-steam-humidifier-model-800lc\/#breadcrumb\"},\"inLanguage\":\"en-US\",\"potentialAction\":[{\"@type\":\"ReadAction\",\"target\":[\"https:\/\/staging.belleflamme.ca\/en\/product\/aprilaire-80lc-low-conductivity-replacement-steam-canister-for-aprilaire-steam-humidifier-model-800lc\/\"]}]},{\"@type\":\"ImageObject\",\"inLanguage\":\"en-US\",\"@id\":\"https:\/\/staging.belleflamme.ca\/en\/product\/aprilaire-80lc-low-conductivity-replacement-steam-canister-for-aprilaire-steam-humidifier-model-800lc\/#primaryimage\",\"url\":\"https:\/\/staging.belleflamme.ca\/wp-content\/uploads\/2024\/05\/AprilAire-80LC-faible-conductivite-Cartouche-de-vapeur-de-rechange-pour-humidificateur-a-vapeur-AprilAire-modele-800LC.webp\",\"contentUrl\":\"https:\/\/staging.belleflamme.ca\/wp-content\/uploads\/2024\/05\/AprilAire-80LC-faible-conductivite-Cartouche-de-vapeur-de-rechange-pour-humidificateur-a-vapeur-AprilAire-modele-800LC.webp\",\"width\":1080,\"height\":1080,\"caption\":\"AprilAire 80LC (faible conductivit\u00e9) Cartouche de vapeur de rechange pour humidificateur \u00e0 vapeur AprilAire mod\u00e8le 800LC\"},{\"@type\":\"BreadcrumbList\",\"@id\":\"https:\/\/staging.belleflamme.ca\/en\/product\/aprilaire-80lc-low-conductivity-replacement-steam-canister-for-aprilaire-steam-humidifier-model-800lc\/#breadcrumb\",\"itemListElement\":[{\"@type\":\"ListItem\",\"position\":1,\"name\":\"Home\",\"item\":\"https:\/\/www.belleflamme.ca\/fr\/\"},{\"@type\":\"ListItem\",\"position\":2,\"name\":\"Shop\",\"item\":\"https:\/\/www.belleflamme.ca\/en\/shop\/\"},{\"@type\":\"ListItem\",\"position\":3,\"name\":\"Air conditioning &amp; Heating\",\"item\":\"https:\/\/staging.belleflamme.ca\/en\/category\/air-conditioning-heating\/\"},{\"@type\":\"ListItem\",\"position\":4,\"name\":\"Filters\",\"item\":\"https:\/\/staging.belleflamme.ca\/en\/category\/air-conditioning-heating\/filters\/\"},{\"@type\":\"ListItem\",\"position\":5,\"name\":\"AprilAire 80LC (Low Conductivity) Replacement Steam Canister for AprilAire Steam Humidifier Model 800LC\"}]},{\"@type\":\"WebSite\",\"@id\":\"https:\/\/www.belleflamme.ca\/fr\/#website\",\"url\":\"https:\/\/www.belleflamme.ca\/fr\/\",\"name\":\"Groupe Belleflamme\",\"description\":\"La m\u00e9canique du b\u00e2timent dans le sang.\",\"publisher\":{\"@id\":\"https:\/\/www.belleflamme.ca\/fr\/#organization\"},\"potentialAction\":[{\"@type\":\"SearchAction\",\"target\":{\"@type\":\"EntryPoint\",\"urlTemplate\":\"https:\/\/www.belleflamme.ca\/fr\/?s={search_term_string}\"},\"query-input\":{\"@type\":\"PropertyValueSpecification\",\"valueRequired\":true,\"valueName\":\"search_term_string\"}}],\"inLanguage\":\"en-US\"},{\"@type\":[\"Organization\",\"Place\"],\"@id\":\"https:\/\/www.belleflamme.ca\/fr\/#organization\",\"name\":\"Groupe Belleflamme\",\"alternateName\":\"Belleflamme\",\"url\":\"https:\/\/www.belleflamme.ca\/fr\/\",\"logo\":{\"@type\":\"ImageObject\",\"inLanguage\":\"en-US\",\"@id\":\"https:\/\/www.belleflamme.ca\/fr\/#\/schema\/logo\/image\/\",\"url\":\"https:\/\/staging.belleflamme.ca\/wp-content\/uploads\/2023\/01\/og-image.jpg\",\"contentUrl\":\"https:\/\/staging.belleflamme.ca\/wp-content\/uploads\/2023\/01\/og-image.jpg\",\"width\":1200,\"height\":630,\"caption\":\"Groupe Belleflamme\"},\"image\":{\"@id\":\"https:\/\/www.belleflamme.ca\/fr\/#\/schema\/logo\/image\/\"},\"sameAs\":[\"https:\/\/www.facebook.com\/belleflamme.ca\/\",\"https:\/\/www.linkedin.com\/company\/belleflamme\/\",\"https:\/\/www.pinterest.ca\/groupebelleflamme\/\",\"https:\/\/www.instagram.com\/legroupebelleflamme\/\"],\"mainEntityOfPage\":{\"@id\":\"https:\/\/staging.belleflamme.ca\/en\/product\/aprilaire-80lc-low-conductivity-replacement-steam-canister-for-aprilaire-steam-humidifier-model-800lc\/\"}}]}<\/script>\n<meta property=\"product:brand\" content=\"Aprilaire\" \/>\n<meta property=\"product:price:amount\" content=\"0.00\" \/>\n<meta property=\"product:price:currency\" content=\"CAD\" \/>\n<meta property=\"og:availability\" content=\"instock\" \/>\n<meta property=\"product:availability\" content=\"instock\" \/>\n<meta property=\"product:retailer_item_id\" content=\"80LC\" \/>\n<meta property=\"product:condition\" content=\"new\" \/>\n<!-- \/ Yoast SEO Premium plugin. -->","yoast_head_json":{"title":"AprilAire 80LC (Low Conductivity) Replacement Steam Canister for AprilAire Steam Humidifier Model 800LC - Groupe BelleFlamme","description":"AprilAire 80LC (Low Conductivity) Replacement Steam Canister for AprilAire Steam Humidifier Model 800LC sold by the Belleflamme Group. Laval, Montreal, Gatineau and Saint-Sauveur.","robots":{"index":"index","follow":"follow","max-snippet":"max-snippet:-1","max-image-preview":"max-image-preview:large","max-video-preview":"max-video-preview:-1"},"canonical":"https:\/\/staging.belleflamme.ca\/en\/product\/aprilaire-80lc-low-conductivity-replacement-steam-canister-for-aprilaire-steam-humidifier-model-800lc\/","og_locale":"en_US","og_type":"article","og_title":"AprilAire 80LC (Low Conductivity) Replacement Steam Canister for AprilAire Steam Humidifier Model 800LC","og_description":"AprilAire 80LC (Low Conductivity) Replacement Steam Canister for AprilAire Steam Humidifier Model 800LC sold by the Belleflamme Group. Laval, Montreal, Gatineau and Saint-Sauveur.","og_url":"https:\/\/staging.belleflamme.ca\/en\/product\/aprilaire-80lc-low-conductivity-replacement-steam-canister-for-aprilaire-steam-humidifier-model-800lc\/","og_site_name":"Groupe BelleFlamme","article_publisher":"https:\/\/www.facebook.com\/belleflamme.ca\/","article_modified_time":"2024-05-24T15:06:52+00:00","og_image":[{"width":1080,"height":1080,"url":"https:\/\/www.belleflamme.ca\/wp-content\/uploads\/2024\/05\/AprilAire-80LC-faible-conductivite-Cartouche-de-vapeur-de-rechange-pour-humidificateur-a-vapeur-AprilAire-modele-800LC.webp","type":"image\/webp"}],"twitter_card":"summary_large_image","twitter_misc":{"Price":"","Availability":"In stock"},"schema":{"@context":"https:\/\/schema.org","@graph":[{"@type":["WebPage","ItemPage"],"@id":"https:\/\/staging.belleflamme.ca\/en\/product\/aprilaire-80lc-low-conductivity-replacement-steam-canister-for-aprilaire-steam-humidifier-model-800lc\/","url":"https:\/\/staging.belleflamme.ca\/en\/product\/aprilaire-80lc-low-conductivity-replacement-steam-canister-for-aprilaire-steam-humidifier-model-800lc\/","name":"AprilAire 80LC (Low Conductivity) Replacement Steam Canister for AprilAire Steam Humidifier Model 800LC - Groupe BelleFlamme","isPartOf":{"@id":"https:\/\/www.belleflamme.ca\/fr\/#website"},"primaryImageOfPage":{"@id":"https:\/\/staging.belleflamme.ca\/en\/product\/aprilaire-80lc-low-conductivity-replacement-steam-canister-for-aprilaire-steam-humidifier-model-800lc\/#primaryimage"},"image":{"@id":"https:\/\/staging.belleflamme.ca\/en\/product\/aprilaire-80lc-low-conductivity-replacement-steam-canister-for-aprilaire-steam-humidifier-model-800lc\/#primaryimage"},"thumbnailUrl":"https:\/\/staging.belleflamme.ca\/wp-content\/uploads\/2024\/05\/AprilAire-80LC-faible-conductivite-Cartouche-de-vapeur-de-rechange-pour-humidificateur-a-vapeur-AprilAire-modele-800LC.webp","datePublished":"2024-05-24T15:05:57+00:00","dateModified":"2024-05-24T15:06:52+00:00","description":"AprilAire 80LC (Low Conductivity) Replacement Steam Canister for AprilAire Steam Humidifier Model 800LC sold by the Belleflamme Group. Laval, Montreal, Gatineau and Saint-Sauveur.","breadcrumb":{"@id":"https:\/\/staging.belleflamme.ca\/en\/product\/aprilaire-80lc-low-conductivity-replacement-steam-canister-for-aprilaire-steam-humidifier-model-800lc\/#breadcrumb"},"inLanguage":"en-US","potentialAction":[{"@type":"ReadAction","target":["https:\/\/staging.belleflamme.ca\/en\/product\/aprilaire-80lc-low-conductivity-replacement-steam-canister-for-aprilaire-steam-humidifier-model-800lc\/"]}]},{"@type":"ImageObject","inLanguage":"en-US","@id":"https:\/\/staging.belleflamme.ca\/en\/product\/aprilaire-80lc-low-conductivity-replacement-steam-canister-for-aprilaire-steam-humidifier-model-800lc\/#primaryimage","url":"https:\/\/staging.belleflamme.ca\/wp-content\/uploads\/2024\/05\/AprilAire-80LC-faible-conductivite-Cartouche-de-vapeur-de-rechange-pour-humidificateur-a-vapeur-AprilAire-modele-800LC.webp","contentUrl":"https:\/\/staging.belleflamme.ca\/wp-content\/uploads\/2024\/05\/AprilAire-80LC-faible-conductivite-Cartouche-de-vapeur-de-rechange-pour-humidificateur-a-vapeur-AprilAire-modele-800LC.webp","width":1080,"height":1080,"caption":"AprilAire 80LC (faible conductivit\u00e9) Cartouche de vapeur de rechange pour humidificateur \u00e0 vapeur AprilAire mod\u00e8le 800LC"},{"@type":"BreadcrumbList","@id":"https:\/\/staging.belleflamme.ca\/en\/product\/aprilaire-80lc-low-conductivity-replacement-steam-canister-for-aprilaire-steam-humidifier-model-800lc\/#breadcrumb","itemListElement":[{"@type":"ListItem","position":1,"name":"Home","item":"https:\/\/www.belleflamme.ca\/fr\/"},{"@type":"ListItem","position":2,"name":"Shop","item":"https:\/\/www.belleflamme.ca\/en\/shop\/"},{"@type":"ListItem","position":3,"name":"Air conditioning &amp; Heating","item":"https:\/\/staging.belleflamme.ca\/en\/category\/air-conditioning-heating\/"},{"@type":"ListItem","position":4,"name":"Filters","item":"https:\/\/staging.belleflamme.ca\/en\/category\/air-conditioning-heating\/filters\/"},{"@type":"ListItem","position":5,"name":"AprilAire 80LC (Low Conductivity) Replacement Steam Canister for AprilAire Steam Humidifier Model 800LC"}]},{"@type":"WebSite","@id":"https:\/\/www.belleflamme.ca\/fr\/#website","url":"https:\/\/www.belleflamme.ca\/fr\/","name":"Groupe Belleflamme","description":"La m\u00e9canique du b\u00e2timent dans le sang.","publisher":{"@id":"https:\/\/www.belleflamme.ca\/fr\/#organization"},"potentialAction":[{"@type":"SearchAction","target":{"@type":"EntryPoint","urlTemplate":"https:\/\/www.belleflamme.ca\/fr\/?s={search_term_string}"},"query-input":{"@type":"PropertyValueSpecification","valueRequired":true,"valueName":"search_term_string"}}],"inLanguage":"en-US"},{"@type":["Organization","Place"],"@id":"https:\/\/www.belleflamme.ca\/fr\/#organization","name":"Groupe Belleflamme","alternateName":"Belleflamme","url":"https:\/\/www.belleflamme.ca\/fr\/","logo":{"@type":"ImageObject","inLanguage":"en-US","@id":"https:\/\/www.belleflamme.ca\/fr\/#\/schema\/logo\/image\/","url":"https:\/\/staging.belleflamme.ca\/wp-content\/uploads\/2023\/01\/og-image.jpg","contentUrl":"https:\/\/staging.belleflamme.ca\/wp-content\/uploads\/2023\/01\/og-image.jpg","width":1200,"height":630,"caption":"Groupe Belleflamme"},"image":{"@id":"https:\/\/www.belleflamme.ca\/fr\/#\/schema\/logo\/image\/"},"sameAs":["https:\/\/www.facebook.com\/belleflamme.ca\/","https:\/\/www.linkedin.com\/company\/belleflamme\/","https:\/\/www.pinterest.ca\/groupebelleflamme\/","https:\/\/www.instagram.com\/legroupebelleflamme\/"],"mainEntityOfPage":{"@id":"https:\/\/staging.belleflamme.ca\/en\/product\/aprilaire-80lc-low-conductivity-replacement-steam-canister-for-aprilaire-steam-humidifier-model-800lc\/"}}]},"product_brand":"Aprilaire","product_price_amount":"0.00","product_price_currency":"CAD","og_availability":"instock","product_availability":"instock","product_retailer_item_id":"80LC","product_condition":"new"},"_links":{"self":[{"href":"https:\/\/staging.belleflamme.ca\/en\/wp-json\/wp\/v2\/product\/40071","targetHints":{"allow":["GET"]}}],"collection":[{"href":"https:\/\/staging.belleflamme.ca\/en\/wp-json\/wp\/v2\/product"}],"about":[{"href":"https:\/\/staging.belleflamme.ca\/en\/wp-json\/wp\/v2\/types\/product"}],"version-history":[{"count":1,"href":"https:\/\/staging.belleflamme.ca\/en\/wp-json\/wp\/v2\/product\/40071\/revisions"}],"predecessor-version":[{"id":40072,"href":"https:\/\/staging.belleflamme.ca\/en\/wp-json\/wp\/v2\/product\/40071\/revisions\/40072"}],"wp:featuredmedia":[{"embeddable":true,"href":"https:\/\/staging.belleflamme.ca\/en\/wp-json\/wp\/v2\/media\/40069"}],"wp:attachment":[{"href":"https:\/\/staging.belleflamme.ca\/en\/wp-json\/wp\/v2\/media?parent=40071"}],"wp:term":[{"taxonomy":"product_brand","embeddable":true,"href":"https:\/\/staging.belleflamme.ca\/en\/wp-json\/wp\/v2\/product_brand?post=40071"},{"taxonomy":"product_cat","embeddable":true,"href":"https:\/\/staging.belleflamme.ca\/en\/wp-json\/wp\/v2\/product_cat?post=40071"},{"taxonomy":"product_tag","embeddable":true,"href":"https:\/\/staging.belleflamme.ca\/en\/wp-json\/wp\/v2\/product_tag?post=40071"}],"curies":[{"name":"wp","href":"https:\/\/api.w.org\/{rel}","templated":true}]}}