{"id":39956,"date":"2024-05-23T15:05:42","date_gmt":"2024-05-23T19:05:42","guid":{"rendered":"https:\/\/www.belleflamme.ca\/?post_type=product&#038;p=39956"},"modified":"2024-05-23T15:06:45","modified_gmt":"2024-05-23T19:06:45","slug":"aprilaire-z10odt-wireless-outdoor-temperature-and-humidity-sensor-for-s86wmupr-wi-fi-programmable-thermostat","status":"publish","type":"product","link":"https:\/\/staging.belleflamme.ca\/en\/product\/aprilaire-z10odt-wireless-outdoor-temperature-and-humidity-sensor-for-s86wmupr-wi-fi-programmable-thermostat\/","title":{"rendered":"AprilAire Z10ODT Wireless Outdoor Temperature and Humidity Sensor for S86WMUPR Wi-Fi Programmable Thermostat"},"content":{"rendered":"<p><iframe width=\"560\" height=\"315\" src=\"https:\/\/www.youtube.com\/embed\/JtqAi6Ce2Ro?si=nrt61SRs9EvLPafu\" title=\"YouTube video player\" frameborder=\"0\" allow=\"accelerometer; autoplay; clipboard-write; encrypted-media; gyroscope; picture-in-picture; web-share\" referrerpolicy=\"strict-origin-when-cross-origin\" allowfullscreen><\/iframe><\/p>\n<h2>MODEL Z10ODT FEATURES:<\/h2>\n<ul>\n<li><strong>WIRELESS CONNECTION \u2013<\/strong>\u00a0Conveniently installs and connects to the S86WMUPR Wi-Fi Programmable Thermostat without running wires<\/li>\n<li><strong>EASY TO USE \u2013<\/strong>\u00a0Integrated LED indicates low battery status or when the sensor is in pairing mode<\/li>\n<li><strong>UNLOCKS ENHANCED CONTROL FEATURES \u2013<\/strong>\u00a0Enable automatic control of your AprilAire Humidifier, temperature-based lockouts for your AprilAire Fresh Air Ventilator, and achieve more effective control of your electric or dual fuel air source heat pump<\/li>\n<li><strong>OUTDOOR TEMPERATURE READING \u2013<\/strong>\u00a0Display outdoor temperature inside on the S86WMUPR Wi-Fi Programmable Thermostat<\/li>\n<li><strong>MODERN DESIGN \u2013<\/strong>\u00a0Compact and convenient ultra-thin sensor body measures 2.16-in. x 2.16-in. x 0.74-in.<\/li>\n<li><strong>REPLACEABLE BATTERY \u2013<\/strong>\u00a0Replaceable battery included with an approximate 2-year battery life. Battery status is reported on the connected thermostat for user-friendliness<\/li>\n<\/ul>\n<h3>BENEFITS:<\/h3>\n<p>Compatible with the AprilAire S86WMUPR Wi-Fi Thermostat (sold separately), the AprilAire Z10ODT Wireless Sensor detects relative humidity and temperature for enhanced Indoor Air Quality control in the home.<\/p>\n<p>The AprilAire Z10ODT Wireless Outdoor Sensor is water resistant and communicates temperature and relative humidity outside of your house to your S86WMUPR Wi-Fi Programmable Thermostat, which uses this information for active control of your AprilAire Humidifier or Fresh Air Ventilator. The integrated LED indicates low battery status or when the sensor is in pairing mode for ease of use.<\/p>\n<p>Complete with a 5-year warranty, the Z10ODT Wireless Sensor is designed to last by AprilAire, the leader in Indoor Air Quality solutions. Take Healthy Air control in your home to a whole new level.<\/p>\n<p><strong>INCLUDED IN THE BOX:<\/strong><\/p>\n<ul>\n<li>(1) Wireless Outdoor Temperature and RH Sensor<\/li>\n<li>Installation and Operation Manual<\/li>\n<\/ul>\n<p><strong>SPECIFICATIONS:<\/strong><\/p>\n<ul>\n<li><strong>Compatible Models:<\/strong>\u00a0S86WMUPR<\/li>\n<li><strong>Materials:\u00a0<\/strong>Plastic, Printed Circuit Board<\/li>\n<li><strong>Actual Measurements:<\/strong>\u00a02.16H x 0.74W x 2.16D (inches)<\/li>\n<\/ul>\n","protected":false},"excerpt":{"rendered":"<p>MODEL Z10ODT FEATURES: WIRELESS CONNECTION \u2013\u00a0Conveniently installs and connects to the S86WMUPR Wi-Fi Programmable Thermostat without running wires EASY TO USE \u2013\u00a0Integrated LED indicates low battery status or when the sensor is in pairing mode UNLOCKS ENHANCED CONTROL FEATURES \u2013\u00a0Enable automatic control of your AprilAire Humidifier, temperature-based lockouts for your AprilAire Fresh Air Ventilator, and [&hellip;]<\/p>\n","protected":false},"featured_media":39954,"template":"","meta":{"inline_featured_image":false},"product_brand":[299],"product_cat":[155,154],"product_tag":[],"class_list":{"0":"post-39956","1":"product","2":"type-product","3":"status-publish","4":"has-post-thumbnail","6":"product_brand-aprilaire-en","7":"product_cat-accessories","8":"product_cat-air-conditioning-heating","10":"first","11":"instock","12":"taxable","13":"shipping-taxable","14":"product-type-simple"},"yoast_head":"<!-- This site is optimized with the Yoast SEO Premium plugin v24.2 (Yoast SEO v24.2) - https:\/\/yoast.com\/wordpress\/plugins\/seo\/ -->\n<title>AprilAire Z10ODT Wireless Outdoor Temperature and Humidity Sensor for S86WMUPR Wi-Fi Programmable Thermostat - Groupe BelleFlamme<\/title>\n<meta name=\"description\" content=\"AprilAire Z10ODT Wireless Outdoor Temperature and Humidity Sensor for S86WMUPR Wi-Fi Programmable Thermostat sold by the Belleflamme Group. Laval, Montreal, Gatineau and Saint-Sauveur.\" \/>\n<meta name=\"robots\" content=\"index, follow, max-snippet:-1, max-image-preview:large, max-video-preview:-1\" \/>\n<link rel=\"canonical\" href=\"https:\/\/staging.belleflamme.ca\/en\/product\/aprilaire-z10odt-wireless-outdoor-temperature-and-humidity-sensor-for-s86wmupr-wi-fi-programmable-thermostat\/\" \/>\n<meta property=\"og:locale\" content=\"en_US\" \/>\n<meta property=\"og:type\" content=\"article\" \/>\n<meta property=\"og:title\" content=\"AprilAire Z10ODT Wireless Outdoor Temperature and Humidity Sensor for S86WMUPR Wi-Fi Programmable Thermostat\" \/>\n<meta property=\"og:description\" content=\"AprilAire Z10ODT Wireless Outdoor Temperature and Humidity Sensor for S86WMUPR Wi-Fi Programmable Thermostat sold by the Belleflamme Group. Laval, Montreal, Gatineau and Saint-Sauveur.\" \/>\n<meta property=\"og:url\" content=\"https:\/\/staging.belleflamme.ca\/en\/product\/aprilaire-z10odt-wireless-outdoor-temperature-and-humidity-sensor-for-s86wmupr-wi-fi-programmable-thermostat\/\" \/>\n<meta property=\"og:site_name\" content=\"Groupe BelleFlamme\" \/>\n<meta property=\"article:publisher\" content=\"https:\/\/www.facebook.com\/belleflamme.ca\/\" \/>\n<meta property=\"article:modified_time\" content=\"2024-05-23T19:06:45+00:00\" \/>\n<meta property=\"og:image\" content=\"https:\/\/www.belleflamme.ca\/wp-content\/uploads\/2024\/05\/Capteur-de-temperature-et-dhumidite-exterieure-sans-fil-AprilAire-Z10ODT-pour-thermostat-Programmable-Wi-Fi-S86WMUPR.webp\" \/>\n\t<meta property=\"og:image:width\" content=\"1080\" \/>\n\t<meta property=\"og:image:height\" content=\"1080\" \/>\n\t<meta property=\"og:image:type\" content=\"image\/webp\" \/>\n<meta name=\"twitter:card\" content=\"summary_large_image\" \/>\n<meta name=\"twitter:label1\" content=\"Price\" \/>\n\t<meta name=\"twitter:data1\" content=\"\" \/>\n\t<meta name=\"twitter:label2\" content=\"Availability\" \/>\n\t<meta name=\"twitter:data2\" content=\"In stock\" \/>\n<script type=\"application\/ld+json\" class=\"yoast-schema-graph\">{\"@context\":\"https:\/\/schema.org\",\"@graph\":[{\"@type\":[\"WebPage\",\"ItemPage\"],\"@id\":\"https:\/\/staging.belleflamme.ca\/en\/product\/aprilaire-z10odt-wireless-outdoor-temperature-and-humidity-sensor-for-s86wmupr-wi-fi-programmable-thermostat\/\",\"url\":\"https:\/\/staging.belleflamme.ca\/en\/product\/aprilaire-z10odt-wireless-outdoor-temperature-and-humidity-sensor-for-s86wmupr-wi-fi-programmable-thermostat\/\",\"name\":\"AprilAire Z10ODT Wireless Outdoor Temperature and Humidity Sensor for S86WMUPR Wi-Fi Programmable Thermostat - Groupe BelleFlamme\",\"isPartOf\":{\"@id\":\"https:\/\/www.belleflamme.ca\/fr\/#website\"},\"primaryImageOfPage\":{\"@id\":\"https:\/\/staging.belleflamme.ca\/en\/product\/aprilaire-z10odt-wireless-outdoor-temperature-and-humidity-sensor-for-s86wmupr-wi-fi-programmable-thermostat\/#primaryimage\"},\"image\":{\"@id\":\"https:\/\/staging.belleflamme.ca\/en\/product\/aprilaire-z10odt-wireless-outdoor-temperature-and-humidity-sensor-for-s86wmupr-wi-fi-programmable-thermostat\/#primaryimage\"},\"thumbnailUrl\":\"https:\/\/staging.belleflamme.ca\/wp-content\/uploads\/2024\/05\/Capteur-de-temperature-et-dhumidite-exterieure-sans-fil-AprilAire-Z10ODT-pour-thermostat-Programmable-Wi-Fi-S86WMUPR.webp\",\"datePublished\":\"2024-05-23T19:05:42+00:00\",\"dateModified\":\"2024-05-23T19:06:45+00:00\",\"description\":\"AprilAire Z10ODT Wireless Outdoor Temperature and Humidity Sensor for S86WMUPR Wi-Fi Programmable Thermostat sold by the Belleflamme Group. Laval, Montreal, Gatineau and Saint-Sauveur.\",\"breadcrumb\":{\"@id\":\"https:\/\/staging.belleflamme.ca\/en\/product\/aprilaire-z10odt-wireless-outdoor-temperature-and-humidity-sensor-for-s86wmupr-wi-fi-programmable-thermostat\/#breadcrumb\"},\"inLanguage\":\"en-US\",\"potentialAction\":[{\"@type\":\"ReadAction\",\"target\":[\"https:\/\/staging.belleflamme.ca\/en\/product\/aprilaire-z10odt-wireless-outdoor-temperature-and-humidity-sensor-for-s86wmupr-wi-fi-programmable-thermostat\/\"]}]},{\"@type\":\"ImageObject\",\"inLanguage\":\"en-US\",\"@id\":\"https:\/\/staging.belleflamme.ca\/en\/product\/aprilaire-z10odt-wireless-outdoor-temperature-and-humidity-sensor-for-s86wmupr-wi-fi-programmable-thermostat\/#primaryimage\",\"url\":\"https:\/\/staging.belleflamme.ca\/wp-content\/uploads\/2024\/05\/Capteur-de-temperature-et-dhumidite-exterieure-sans-fil-AprilAire-Z10ODT-pour-thermostat-Programmable-Wi-Fi-S86WMUPR.webp\",\"contentUrl\":\"https:\/\/staging.belleflamme.ca\/wp-content\/uploads\/2024\/05\/Capteur-de-temperature-et-dhumidite-exterieure-sans-fil-AprilAire-Z10ODT-pour-thermostat-Programmable-Wi-Fi-S86WMUPR.webp\",\"width\":1080,\"height\":1080,\"caption\":\"Capteur de temp\u00e9rature et d'humidit\u00e9 ext\u00e9rieure sans fil AprilAire Z10ODT pour thermostat Programmable Wi-Fi S86WMUPR\"},{\"@type\":\"BreadcrumbList\",\"@id\":\"https:\/\/staging.belleflamme.ca\/en\/product\/aprilaire-z10odt-wireless-outdoor-temperature-and-humidity-sensor-for-s86wmupr-wi-fi-programmable-thermostat\/#breadcrumb\",\"itemListElement\":[{\"@type\":\"ListItem\",\"position\":1,\"name\":\"Home\",\"item\":\"https:\/\/www.belleflamme.ca\/fr\/\"},{\"@type\":\"ListItem\",\"position\":2,\"name\":\"Shop\",\"item\":\"https:\/\/www.belleflamme.ca\/en\/shop\/\"},{\"@type\":\"ListItem\",\"position\":3,\"name\":\"Air conditioning &amp; Heating\",\"item\":\"https:\/\/staging.belleflamme.ca\/en\/category\/air-conditioning-heating\/\"},{\"@type\":\"ListItem\",\"position\":4,\"name\":\"Accessories\",\"item\":\"https:\/\/staging.belleflamme.ca\/en\/category\/air-conditioning-heating\/accessories\/\"},{\"@type\":\"ListItem\",\"position\":5,\"name\":\"AprilAire Z10ODT Wireless Outdoor Temperature and Humidity Sensor for S86WMUPR Wi-Fi Programmable Thermostat\"}]},{\"@type\":\"WebSite\",\"@id\":\"https:\/\/www.belleflamme.ca\/fr\/#website\",\"url\":\"https:\/\/www.belleflamme.ca\/fr\/\",\"name\":\"Groupe Belleflamme\",\"description\":\"La m\u00e9canique du b\u00e2timent dans le sang.\",\"publisher\":{\"@id\":\"https:\/\/www.belleflamme.ca\/fr\/#organization\"},\"potentialAction\":[{\"@type\":\"SearchAction\",\"target\":{\"@type\":\"EntryPoint\",\"urlTemplate\":\"https:\/\/www.belleflamme.ca\/fr\/?s={search_term_string}\"},\"query-input\":{\"@type\":\"PropertyValueSpecification\",\"valueRequired\":true,\"valueName\":\"search_term_string\"}}],\"inLanguage\":\"en-US\"},{\"@type\":[\"Organization\",\"Place\"],\"@id\":\"https:\/\/www.belleflamme.ca\/fr\/#organization\",\"name\":\"Groupe Belleflamme\",\"alternateName\":\"Belleflamme\",\"url\":\"https:\/\/www.belleflamme.ca\/fr\/\",\"logo\":{\"@type\":\"ImageObject\",\"inLanguage\":\"en-US\",\"@id\":\"https:\/\/www.belleflamme.ca\/fr\/#\/schema\/logo\/image\/\",\"url\":\"https:\/\/staging.belleflamme.ca\/wp-content\/uploads\/2023\/01\/og-image.jpg\",\"contentUrl\":\"https:\/\/staging.belleflamme.ca\/wp-content\/uploads\/2023\/01\/og-image.jpg\",\"width\":1200,\"height\":630,\"caption\":\"Groupe Belleflamme\"},\"image\":{\"@id\":\"https:\/\/www.belleflamme.ca\/fr\/#\/schema\/logo\/image\/\"},\"sameAs\":[\"https:\/\/www.facebook.com\/belleflamme.ca\/\",\"https:\/\/www.linkedin.com\/company\/belleflamme\/\",\"https:\/\/www.pinterest.ca\/groupebelleflamme\/\",\"https:\/\/www.instagram.com\/legroupebelleflamme\/\"],\"mainEntityOfPage\":{\"@id\":\"https:\/\/staging.belleflamme.ca\/en\/product\/aprilaire-z10odt-wireless-outdoor-temperature-and-humidity-sensor-for-s86wmupr-wi-fi-programmable-thermostat\/\"}}]}<\/script>\n<meta property=\"product:brand\" content=\"Aprilaire\" \/>\n<meta property=\"product:price:amount\" content=\"0.00\" \/>\n<meta property=\"product:price:currency\" content=\"CAD\" \/>\n<meta property=\"og:availability\" content=\"instock\" \/>\n<meta property=\"product:availability\" content=\"instock\" \/>\n<meta property=\"product:condition\" content=\"new\" \/>\n<!-- \/ Yoast SEO Premium plugin. -->","yoast_head_json":{"title":"AprilAire Z10ODT Wireless Outdoor Temperature and Humidity Sensor for S86WMUPR Wi-Fi Programmable Thermostat - Groupe BelleFlamme","description":"AprilAire Z10ODT Wireless Outdoor Temperature and Humidity Sensor for S86WMUPR Wi-Fi Programmable Thermostat sold by the Belleflamme Group. Laval, Montreal, Gatineau and Saint-Sauveur.","robots":{"index":"index","follow":"follow","max-snippet":"max-snippet:-1","max-image-preview":"max-image-preview:large","max-video-preview":"max-video-preview:-1"},"canonical":"https:\/\/staging.belleflamme.ca\/en\/product\/aprilaire-z10odt-wireless-outdoor-temperature-and-humidity-sensor-for-s86wmupr-wi-fi-programmable-thermostat\/","og_locale":"en_US","og_type":"article","og_title":"AprilAire Z10ODT Wireless Outdoor Temperature and Humidity Sensor for S86WMUPR Wi-Fi Programmable Thermostat","og_description":"AprilAire Z10ODT Wireless Outdoor Temperature and Humidity Sensor for S86WMUPR Wi-Fi Programmable Thermostat sold by the Belleflamme Group. Laval, Montreal, Gatineau and Saint-Sauveur.","og_url":"https:\/\/staging.belleflamme.ca\/en\/product\/aprilaire-z10odt-wireless-outdoor-temperature-and-humidity-sensor-for-s86wmupr-wi-fi-programmable-thermostat\/","og_site_name":"Groupe BelleFlamme","article_publisher":"https:\/\/www.facebook.com\/belleflamme.ca\/","article_modified_time":"2024-05-23T19:06:45+00:00","og_image":[{"width":1080,"height":1080,"url":"https:\/\/www.belleflamme.ca\/wp-content\/uploads\/2024\/05\/Capteur-de-temperature-et-dhumidite-exterieure-sans-fil-AprilAire-Z10ODT-pour-thermostat-Programmable-Wi-Fi-S86WMUPR.webp","type":"image\/webp"}],"twitter_card":"summary_large_image","twitter_misc":{"Price":"","Availability":"In stock"},"schema":{"@context":"https:\/\/schema.org","@graph":[{"@type":["WebPage","ItemPage"],"@id":"https:\/\/staging.belleflamme.ca\/en\/product\/aprilaire-z10odt-wireless-outdoor-temperature-and-humidity-sensor-for-s86wmupr-wi-fi-programmable-thermostat\/","url":"https:\/\/staging.belleflamme.ca\/en\/product\/aprilaire-z10odt-wireless-outdoor-temperature-and-humidity-sensor-for-s86wmupr-wi-fi-programmable-thermostat\/","name":"AprilAire Z10ODT Wireless Outdoor Temperature and Humidity Sensor for S86WMUPR Wi-Fi Programmable Thermostat - Groupe BelleFlamme","isPartOf":{"@id":"https:\/\/www.belleflamme.ca\/fr\/#website"},"primaryImageOfPage":{"@id":"https:\/\/staging.belleflamme.ca\/en\/product\/aprilaire-z10odt-wireless-outdoor-temperature-and-humidity-sensor-for-s86wmupr-wi-fi-programmable-thermostat\/#primaryimage"},"image":{"@id":"https:\/\/staging.belleflamme.ca\/en\/product\/aprilaire-z10odt-wireless-outdoor-temperature-and-humidity-sensor-for-s86wmupr-wi-fi-programmable-thermostat\/#primaryimage"},"thumbnailUrl":"https:\/\/staging.belleflamme.ca\/wp-content\/uploads\/2024\/05\/Capteur-de-temperature-et-dhumidite-exterieure-sans-fil-AprilAire-Z10ODT-pour-thermostat-Programmable-Wi-Fi-S86WMUPR.webp","datePublished":"2024-05-23T19:05:42+00:00","dateModified":"2024-05-23T19:06:45+00:00","description":"AprilAire Z10ODT Wireless Outdoor Temperature and Humidity Sensor for S86WMUPR Wi-Fi Programmable Thermostat sold by the Belleflamme Group. Laval, Montreal, Gatineau and Saint-Sauveur.","breadcrumb":{"@id":"https:\/\/staging.belleflamme.ca\/en\/product\/aprilaire-z10odt-wireless-outdoor-temperature-and-humidity-sensor-for-s86wmupr-wi-fi-programmable-thermostat\/#breadcrumb"},"inLanguage":"en-US","potentialAction":[{"@type":"ReadAction","target":["https:\/\/staging.belleflamme.ca\/en\/product\/aprilaire-z10odt-wireless-outdoor-temperature-and-humidity-sensor-for-s86wmupr-wi-fi-programmable-thermostat\/"]}]},{"@type":"ImageObject","inLanguage":"en-US","@id":"https:\/\/staging.belleflamme.ca\/en\/product\/aprilaire-z10odt-wireless-outdoor-temperature-and-humidity-sensor-for-s86wmupr-wi-fi-programmable-thermostat\/#primaryimage","url":"https:\/\/staging.belleflamme.ca\/wp-content\/uploads\/2024\/05\/Capteur-de-temperature-et-dhumidite-exterieure-sans-fil-AprilAire-Z10ODT-pour-thermostat-Programmable-Wi-Fi-S86WMUPR.webp","contentUrl":"https:\/\/staging.belleflamme.ca\/wp-content\/uploads\/2024\/05\/Capteur-de-temperature-et-dhumidite-exterieure-sans-fil-AprilAire-Z10ODT-pour-thermostat-Programmable-Wi-Fi-S86WMUPR.webp","width":1080,"height":1080,"caption":"Capteur de temp\u00e9rature et d'humidit\u00e9 ext\u00e9rieure sans fil AprilAire Z10ODT pour thermostat Programmable Wi-Fi S86WMUPR"},{"@type":"BreadcrumbList","@id":"https:\/\/staging.belleflamme.ca\/en\/product\/aprilaire-z10odt-wireless-outdoor-temperature-and-humidity-sensor-for-s86wmupr-wi-fi-programmable-thermostat\/#breadcrumb","itemListElement":[{"@type":"ListItem","position":1,"name":"Home","item":"https:\/\/www.belleflamme.ca\/fr\/"},{"@type":"ListItem","position":2,"name":"Shop","item":"https:\/\/www.belleflamme.ca\/en\/shop\/"},{"@type":"ListItem","position":3,"name":"Air conditioning &amp; Heating","item":"https:\/\/staging.belleflamme.ca\/en\/category\/air-conditioning-heating\/"},{"@type":"ListItem","position":4,"name":"Accessories","item":"https:\/\/staging.belleflamme.ca\/en\/category\/air-conditioning-heating\/accessories\/"},{"@type":"ListItem","position":5,"name":"AprilAire Z10ODT Wireless Outdoor Temperature and Humidity Sensor for S86WMUPR Wi-Fi Programmable Thermostat"}]},{"@type":"WebSite","@id":"https:\/\/www.belleflamme.ca\/fr\/#website","url":"https:\/\/www.belleflamme.ca\/fr\/","name":"Groupe Belleflamme","description":"La m\u00e9canique du b\u00e2timent dans le sang.","publisher":{"@id":"https:\/\/www.belleflamme.ca\/fr\/#organization"},"potentialAction":[{"@type":"SearchAction","target":{"@type":"EntryPoint","urlTemplate":"https:\/\/www.belleflamme.ca\/fr\/?s={search_term_string}"},"query-input":{"@type":"PropertyValueSpecification","valueRequired":true,"valueName":"search_term_string"}}],"inLanguage":"en-US"},{"@type":["Organization","Place"],"@id":"https:\/\/www.belleflamme.ca\/fr\/#organization","name":"Groupe Belleflamme","alternateName":"Belleflamme","url":"https:\/\/www.belleflamme.ca\/fr\/","logo":{"@type":"ImageObject","inLanguage":"en-US","@id":"https:\/\/www.belleflamme.ca\/fr\/#\/schema\/logo\/image\/","url":"https:\/\/staging.belleflamme.ca\/wp-content\/uploads\/2023\/01\/og-image.jpg","contentUrl":"https:\/\/staging.belleflamme.ca\/wp-content\/uploads\/2023\/01\/og-image.jpg","width":1200,"height":630,"caption":"Groupe Belleflamme"},"image":{"@id":"https:\/\/www.belleflamme.ca\/fr\/#\/schema\/logo\/image\/"},"sameAs":["https:\/\/www.facebook.com\/belleflamme.ca\/","https:\/\/www.linkedin.com\/company\/belleflamme\/","https:\/\/www.pinterest.ca\/groupebelleflamme\/","https:\/\/www.instagram.com\/legroupebelleflamme\/"],"mainEntityOfPage":{"@id":"https:\/\/staging.belleflamme.ca\/en\/product\/aprilaire-z10odt-wireless-outdoor-temperature-and-humidity-sensor-for-s86wmupr-wi-fi-programmable-thermostat\/"}}]},"product_brand":"Aprilaire","product_price_amount":"0.00","product_price_currency":"CAD","og_availability":"instock","product_availability":"instock","product_condition":"new"},"_links":{"self":[{"href":"https:\/\/staging.belleflamme.ca\/en\/wp-json\/wp\/v2\/product\/39956","targetHints":{"allow":["GET"]}}],"collection":[{"href":"https:\/\/staging.belleflamme.ca\/en\/wp-json\/wp\/v2\/product"}],"about":[{"href":"https:\/\/staging.belleflamme.ca\/en\/wp-json\/wp\/v2\/types\/product"}],"version-history":[{"count":2,"href":"https:\/\/staging.belleflamme.ca\/en\/wp-json\/wp\/v2\/product\/39956\/revisions"}],"predecessor-version":[{"id":39958,"href":"https:\/\/staging.belleflamme.ca\/en\/wp-json\/wp\/v2\/product\/39956\/revisions\/39958"}],"wp:featuredmedia":[{"embeddable":true,"href":"https:\/\/staging.belleflamme.ca\/en\/wp-json\/wp\/v2\/media\/39954"}],"wp:attachment":[{"href":"https:\/\/staging.belleflamme.ca\/en\/wp-json\/wp\/v2\/media?parent=39956"}],"wp:term":[{"taxonomy":"product_brand","embeddable":true,"href":"https:\/\/staging.belleflamme.ca\/en\/wp-json\/wp\/v2\/product_brand?post=39956"},{"taxonomy":"product_cat","embeddable":true,"href":"https:\/\/staging.belleflamme.ca\/en\/wp-json\/wp\/v2\/product_cat?post=39956"},{"taxonomy":"product_tag","embeddable":true,"href":"https:\/\/staging.belleflamme.ca\/en\/wp-json\/wp\/v2\/product_tag?post=39956"}],"curies":[{"name":"wp","href":"https:\/\/api.w.org\/{rel}","templated":true}]}}