{"id":39636,"date":"2024-05-22T11:35:26","date_gmt":"2024-05-22T15:35:26","guid":{"rendered":"https:\/\/www.belleflamme.ca\/?post_type=product&#038;p=39636"},"modified":"2024-05-22T11:38:22","modified_gmt":"2024-05-22T15:38:22","slug":"aprilaire-400-water-saver-evaporative-humidifier","status":"publish","type":"product","link":"https:\/\/staging.belleflamme.ca\/en\/product\/aprilaire-400-water-saver-evaporative-humidifier\/","title":{"rendered":"AprilAire 400 Water Saver Evaporative Humidifier"},"content":{"rendered":"\t\t<div data-elementor-type=\"product-post\" data-elementor-id=\"39636\" class=\"elementor elementor-39636 elementor-39629\" data-elementor-post-type=\"product\">\n\t\t\t\t\t\t<section class=\"elementor-section elementor-top-section elementor-element elementor-element-23052d7e elementor-section-boxed elementor-section-height-default elementor-section-height-default\" data-id=\"23052d7e\" data-element_type=\"section\">\n\t\t\t\t\t\t<div class=\"elementor-container elementor-column-gap-default\">\n\t\t\t\t\t<div class=\"elementor-column elementor-col-100 elementor-top-column elementor-element elementor-element-47ee3ea5\" data-id=\"47ee3ea5\" data-element_type=\"column\">\n\t\t\t<div class=\"elementor-widget-wrap elementor-element-populated\">\n\t\t\t\t\t\t<div class=\"elementor-element elementor-element-716ae800 elementor-widget elementor-widget-text-editor\" data-id=\"716ae800\" data-element_type=\"widget\" data-widget_type=\"text-editor.default\">\n\t\t\t\t<div class=\"elementor-widget-container\">\n\t\t\t\t\t\t\t\t\t<p><iframe title=\"YouTube video player\" src=\"https:\/\/www.youtube.com\/embed\/O84ly8EU1K4?si=As8G4Bx6oaO4nZWd\" width=\"560\" height=\"315\" frameborder=\"0\" allowfullscreen=\"allowfullscreen\"><\/iframe><\/p><h2>MODEL 400 FEATURES:<\/h2><ul><li><strong>HUMIDITY FOR HEALTH:<\/strong>\u00a0AprilAire Humidifiers can help you maintain optimal humidity in your home which has been shown to reduce the incidence of respiratory infections and symptoms related to allergies and asthma by minimizing the formation of bacteria and viruses.<\/li><li><strong>HUMIDITY FOR COMFORT:<\/strong>\u00a0Balance your humidity to preserve your home and protect its occupants from dry air issues like static shock and chapped skin.<\/li><li><strong>BUY WITH CONFIDENCE:<\/strong>\u00a0This humidifier was designed and manufactured in the USA by AprilAire\u2014the inventor of the whole-house evaporative humidifier, and the leader in Indoor Air Quality since 1954.<\/li><li><strong>ONBOARD SENSOR:<\/strong>\u00a0Automatically turns on the HVAC fan to measure the relative humidity inside the ductwork and from all parts of the home. Turns on the humidifier whenever the measured humidity drops below the set point.<\/li><li><strong>WHOLE-HOUSE HUMIDIFICATION:<\/strong>\u00a0For Homes With Ducted Heating and Cooling Systems.<\/li><li><strong>FULL COVERAGE:<\/strong>\u00a0For tightly constructed homes up to 5,000 square feet, with a capacity of 17 gallons per day.*<\/li><\/ul><h3>BENEFITS:<\/h3><p>AprilAire Model 400 Water Saver Evaporative Humidifier uses 100% of the water that goes into the system by capturing excess water in a reservoir. Water is heated into a vapor and dispersed throughout the home before more water is added, helping save money on water and utility costs.<\/p><p><strong>INCLUDED IN THE BOX:<\/strong><\/p><ul><li>400 Humidifier<\/li><li>Model 60 Digital Automatic Humidistat<\/li><li>(2) Model 45 Water Panel<\/li><li>24VAC Transformer<\/li><li>Outdoor Temperature Sensor<\/li><li>Saddle Valve<\/li><li>Installation Instructions<\/li><\/ul><p><strong>SPECIFICATIONS:<\/strong><\/p><ul><li><strong>Materials:\u00a0<\/strong>Plastic<\/li><li><strong>Actual Measurements:<\/strong>\u00a015.75H x 10.25W x 15.375D (inches)<\/li><\/ul>\t\t\t\t\t\t\t\t<\/div>\n\t\t\t\t<\/div>\n\t\t\t\t\t<\/div>\n\t\t<\/div>\n\t\t\t\t\t<\/div>\n\t\t<\/section>\n\t\t\t\t<section class=\"elementor-section elementor-top-section elementor-element elementor-element-48dbe91 elementor-section-boxed elementor-section-height-default elementor-section-height-default\" data-id=\"48dbe91\" data-element_type=\"section\">\n\t\t\t\t\t\t<div class=\"elementor-container elementor-column-gap-default\">\n\t\t\t\t\t<div class=\"elementor-column elementor-col-100 elementor-top-column elementor-element elementor-element-1c65fd4\" data-id=\"1c65fd4\" data-element_type=\"column\">\n\t\t\t<div class=\"elementor-widget-wrap elementor-element-populated\">\n\t\t\t\t\t\t<div class=\"elementor-element elementor-element-dcefa5e elementor-tabs-view-horizontal elementor-widget elementor-widget-tabs\" data-id=\"dcefa5e\" data-element_type=\"widget\" data-widget_type=\"tabs.default\">\n\t\t\t\t<div class=\"elementor-widget-container\">\n\t\t\t\t\t\t\t<div class=\"elementor-tabs\">\n\t\t\t<div class=\"elementor-tabs-wrapper\" role=\"tablist\" >\n\t\t\t\t\t\t\t\t\t<div id=\"elementor-tab-title-2311\" class=\"elementor-tab-title elementor-tab-desktop-title\" aria-selected=\"true\" data-tab=\"1\" role=\"tab\" tabindex=\"0\" aria-controls=\"elementor-tab-content-2311\" aria-expanded=\"false\">Files<\/div>\n\t\t\t\t\t\t\t<\/div>\n\t\t\t<div class=\"elementor-tabs-content-wrapper\" role=\"tablist\" aria-orientation=\"vertical\">\n\t\t\t\t\t\t\t\t\t<div class=\"elementor-tab-title elementor-tab-mobile-title\" aria-selected=\"true\" data-tab=\"1\" role=\"tab\" tabindex=\"0\" aria-controls=\"elementor-tab-content-2311\" aria-expanded=\"false\">Files<\/div>\n\t\t\t\t\t<div id=\"elementor-tab-content-2311\" class=\"elementor-tab-content elementor-clearfix\" data-tab=\"1\" role=\"tabpanel\" aria-labelledby=\"elementor-tab-title-2311\" tabindex=\"0\" hidden=\"false\"><p><i class=\"far fa-file-pdf fa-xl\" style=\"font-size: 35px;\"><\/i><a href=\"https:\/\/www.belleflamme.ca\/wp-content\/uploads\/2024\/05\/aprilaire-300-400-400m-500-500m-600-600m-700-700m-humidifier-owners-manual-B2209190.pdf\"> Manual<\/a><\/p><\/div>\n\t\t\t\t\t\t\t<\/div>\n\t\t<\/div>\n\t\t\t\t\t\t<\/div>\n\t\t\t\t<\/div>\n\t\t\t\t\t<\/div>\n\t\t<\/div>\n\t\t\t\t\t<\/div>\n\t\t<\/section>\n\t\t\t\t<\/div>\n\t\t","protected":false},"excerpt":{"rendered":"<p>MODEL 400 FEATURES: HUMIDITY FOR HEALTH:\u00a0AprilAire Humidifiers can help you maintain optimal humidity in your home which has been shown to reduce the incidence of respiratory infections and symptoms related to allergies and asthma by minimizing the formation of bacteria and viruses. HUMIDITY FOR COMFORT:\u00a0Balance your humidity to preserve your home and protect its occupants [&hellip;]<\/p>\n","protected":false},"featured_media":39631,"template":"","meta":{"inline_featured_image":false},"product_brand":[299],"product_cat":[154,169,163,170],"product_tag":[],"class_list":{"0":"post-39636","1":"product","2":"type-product","3":"status-publish","4":"has-post-thumbnail","6":"product_brand-aprilaire-en","7":"product_cat-air-conditioning-heating","8":"product_cat-air-quality","9":"product_cat-central-system","10":"product_cat-humidifiers","12":"first","13":"instock","14":"taxable","15":"shipping-taxable","16":"product-type-simple"},"yoast_head":"<!-- This site is optimized with the Yoast SEO Premium plugin v24.2 (Yoast SEO v24.2) - https:\/\/yoast.com\/wordpress\/plugins\/seo\/ -->\n<title>AprilAire 400 Water Saver Evaporative Humidifier - Groupe BelleFlamme<\/title>\n<meta name=\"description\" content=\"AprilAire 400 Water Saver Evaporative Humidifier sold by the Belleflamme Group. Laval, Montreal, Gatineau and Saint-Sauveur.\" \/>\n<meta name=\"robots\" content=\"index, follow, max-snippet:-1, max-image-preview:large, max-video-preview:-1\" \/>\n<link rel=\"canonical\" href=\"https:\/\/staging.belleflamme.ca\/en\/product\/aprilaire-400-water-saver-evaporative-humidifier\/\" \/>\n<meta property=\"og:locale\" content=\"en_US\" \/>\n<meta property=\"og:type\" content=\"article\" \/>\n<meta property=\"og:title\" content=\"AprilAire 400 Water Saver Evaporative Humidifier\" \/>\n<meta property=\"og:description\" content=\"AprilAire 400 Water Saver Evaporative Humidifier sold by the Belleflamme Group. Laval, Montreal, Gatineau and Saint-Sauveur.\" \/>\n<meta property=\"og:url\" content=\"https:\/\/staging.belleflamme.ca\/en\/product\/aprilaire-400-water-saver-evaporative-humidifier\/\" \/>\n<meta property=\"og:site_name\" content=\"Groupe BelleFlamme\" \/>\n<meta property=\"article:publisher\" content=\"https:\/\/www.facebook.com\/belleflamme.ca\/\" \/>\n<meta property=\"article:modified_time\" content=\"2024-05-22T15:38:22+00:00\" \/>\n<meta property=\"og:image\" content=\"https:\/\/www.belleflamme.ca\/wp-content\/uploads\/2024\/05\/Humidificateur-par-evaporation-a-economie-deau-AprilAire-400.webp\" \/>\n\t<meta property=\"og:image:width\" content=\"1080\" \/>\n\t<meta property=\"og:image:height\" content=\"1080\" \/>\n\t<meta property=\"og:image:type\" content=\"image\/webp\" \/>\n<meta name=\"twitter:card\" content=\"summary_large_image\" \/>\n<meta name=\"twitter:label1\" content=\"Price\" \/>\n\t<meta name=\"twitter:data1\" content=\"\" \/>\n\t<meta name=\"twitter:label2\" content=\"Availability\" \/>\n\t<meta name=\"twitter:data2\" content=\"In stock\" \/>\n<script type=\"application\/ld+json\" class=\"yoast-schema-graph\">{\"@context\":\"https:\/\/schema.org\",\"@graph\":[{\"@type\":[\"WebPage\",\"ItemPage\"],\"@id\":\"https:\/\/staging.belleflamme.ca\/en\/product\/aprilaire-400-water-saver-evaporative-humidifier\/\",\"url\":\"https:\/\/staging.belleflamme.ca\/en\/product\/aprilaire-400-water-saver-evaporative-humidifier\/\",\"name\":\"AprilAire 400 Water Saver Evaporative Humidifier - Groupe BelleFlamme\",\"isPartOf\":{\"@id\":\"https:\/\/www.belleflamme.ca\/fr\/#website\"},\"primaryImageOfPage\":{\"@id\":\"https:\/\/staging.belleflamme.ca\/en\/product\/aprilaire-400-water-saver-evaporative-humidifier\/#primaryimage\"},\"image\":{\"@id\":\"https:\/\/staging.belleflamme.ca\/en\/product\/aprilaire-400-water-saver-evaporative-humidifier\/#primaryimage\"},\"thumbnailUrl\":\"https:\/\/staging.belleflamme.ca\/wp-content\/uploads\/2024\/05\/Humidificateur-par-evaporation-a-economie-deau-AprilAire-400.webp\",\"datePublished\":\"2024-05-22T15:35:26+00:00\",\"dateModified\":\"2024-05-22T15:38:22+00:00\",\"description\":\"AprilAire 400 Water Saver Evaporative Humidifier sold by the Belleflamme Group. Laval, Montreal, Gatineau and Saint-Sauveur.\",\"breadcrumb\":{\"@id\":\"https:\/\/staging.belleflamme.ca\/en\/product\/aprilaire-400-water-saver-evaporative-humidifier\/#breadcrumb\"},\"inLanguage\":\"en-US\",\"potentialAction\":[{\"@type\":\"ReadAction\",\"target\":[\"https:\/\/staging.belleflamme.ca\/en\/product\/aprilaire-400-water-saver-evaporative-humidifier\/\"]}]},{\"@type\":\"ImageObject\",\"inLanguage\":\"en-US\",\"@id\":\"https:\/\/staging.belleflamme.ca\/en\/product\/aprilaire-400-water-saver-evaporative-humidifier\/#primaryimage\",\"url\":\"https:\/\/staging.belleflamme.ca\/wp-content\/uploads\/2024\/05\/Humidificateur-par-evaporation-a-economie-deau-AprilAire-400.webp\",\"contentUrl\":\"https:\/\/staging.belleflamme.ca\/wp-content\/uploads\/2024\/05\/Humidificateur-par-evaporation-a-economie-deau-AprilAire-400.webp\",\"width\":1080,\"height\":1080,\"caption\":\"Humidificateur par \u00e9vaporation \u00e0 \u00e9conomie d'eau AprilAire 400\"},{\"@type\":\"BreadcrumbList\",\"@id\":\"https:\/\/staging.belleflamme.ca\/en\/product\/aprilaire-400-water-saver-evaporative-humidifier\/#breadcrumb\",\"itemListElement\":[{\"@type\":\"ListItem\",\"position\":1,\"name\":\"Home\",\"item\":\"https:\/\/www.belleflamme.ca\/fr\/\"},{\"@type\":\"ListItem\",\"position\":2,\"name\":\"Shop\",\"item\":\"https:\/\/www.belleflamme.ca\/en\/shop\/\"},{\"@type\":\"ListItem\",\"position\":3,\"name\":\"Air conditioning &amp; Heating\",\"item\":\"https:\/\/staging.belleflamme.ca\/en\/category\/air-conditioning-heating\/\"},{\"@type\":\"ListItem\",\"position\":4,\"name\":\"Central system\",\"item\":\"https:\/\/staging.belleflamme.ca\/en\/category\/air-conditioning-heating\/central-system\/\"},{\"@type\":\"ListItem\",\"position\":5,\"name\":\"Air quality\",\"item\":\"https:\/\/staging.belleflamme.ca\/en\/category\/air-conditioning-heating\/central-system\/air-quality\/\"},{\"@type\":\"ListItem\",\"position\":6,\"name\":\"Humidifiers\",\"item\":\"https:\/\/staging.belleflamme.ca\/en\/category\/air-conditioning-heating\/central-system\/air-quality\/humidifiers\/\"},{\"@type\":\"ListItem\",\"position\":7,\"name\":\"AprilAire 400 Water Saver Evaporative Humidifier\"}]},{\"@type\":\"WebSite\",\"@id\":\"https:\/\/www.belleflamme.ca\/fr\/#website\",\"url\":\"https:\/\/www.belleflamme.ca\/fr\/\",\"name\":\"Groupe Belleflamme\",\"description\":\"La m\u00e9canique du b\u00e2timent dans le sang.\",\"publisher\":{\"@id\":\"https:\/\/www.belleflamme.ca\/fr\/#organization\"},\"potentialAction\":[{\"@type\":\"SearchAction\",\"target\":{\"@type\":\"EntryPoint\",\"urlTemplate\":\"https:\/\/www.belleflamme.ca\/fr\/?s={search_term_string}\"},\"query-input\":{\"@type\":\"PropertyValueSpecification\",\"valueRequired\":true,\"valueName\":\"search_term_string\"}}],\"inLanguage\":\"en-US\"},{\"@type\":[\"Organization\",\"Place\"],\"@id\":\"https:\/\/www.belleflamme.ca\/fr\/#organization\",\"name\":\"Groupe Belleflamme\",\"alternateName\":\"Belleflamme\",\"url\":\"https:\/\/www.belleflamme.ca\/fr\/\",\"logo\":{\"@type\":\"ImageObject\",\"inLanguage\":\"en-US\",\"@id\":\"https:\/\/www.belleflamme.ca\/fr\/#\/schema\/logo\/image\/\",\"url\":\"https:\/\/staging.belleflamme.ca\/wp-content\/uploads\/2023\/01\/og-image.jpg\",\"contentUrl\":\"https:\/\/staging.belleflamme.ca\/wp-content\/uploads\/2023\/01\/og-image.jpg\",\"width\":1200,\"height\":630,\"caption\":\"Groupe Belleflamme\"},\"image\":{\"@id\":\"https:\/\/www.belleflamme.ca\/fr\/#\/schema\/logo\/image\/\"},\"sameAs\":[\"https:\/\/www.facebook.com\/belleflamme.ca\/\",\"https:\/\/www.linkedin.com\/company\/belleflamme\/\",\"https:\/\/www.pinterest.ca\/groupebelleflamme\/\",\"https:\/\/www.instagram.com\/legroupebelleflamme\/\"],\"mainEntityOfPage\":{\"@id\":\"https:\/\/staging.belleflamme.ca\/en\/product\/aprilaire-400-water-saver-evaporative-humidifier\/\"}}]}<\/script>\n<meta property=\"product:brand\" content=\"Aprilaire\" \/>\n<meta property=\"product:price:amount\" content=\"0.00\" \/>\n<meta property=\"product:price:currency\" content=\"CAD\" \/>\n<meta property=\"og:availability\" content=\"instock\" \/>\n<meta property=\"product:availability\" content=\"instock\" \/>\n<meta property=\"product:condition\" content=\"new\" \/>\n<!-- \/ Yoast SEO Premium plugin. -->","yoast_head_json":{"title":"AprilAire 400 Water Saver Evaporative Humidifier - Groupe BelleFlamme","description":"AprilAire 400 Water Saver Evaporative Humidifier sold by the Belleflamme Group. Laval, Montreal, Gatineau and Saint-Sauveur.","robots":{"index":"index","follow":"follow","max-snippet":"max-snippet:-1","max-image-preview":"max-image-preview:large","max-video-preview":"max-video-preview:-1"},"canonical":"https:\/\/staging.belleflamme.ca\/en\/product\/aprilaire-400-water-saver-evaporative-humidifier\/","og_locale":"en_US","og_type":"article","og_title":"AprilAire 400 Water Saver Evaporative Humidifier","og_description":"AprilAire 400 Water Saver Evaporative Humidifier sold by the Belleflamme Group. Laval, Montreal, Gatineau and Saint-Sauveur.","og_url":"https:\/\/staging.belleflamme.ca\/en\/product\/aprilaire-400-water-saver-evaporative-humidifier\/","og_site_name":"Groupe BelleFlamme","article_publisher":"https:\/\/www.facebook.com\/belleflamme.ca\/","article_modified_time":"2024-05-22T15:38:22+00:00","og_image":[{"width":1080,"height":1080,"url":"https:\/\/www.belleflamme.ca\/wp-content\/uploads\/2024\/05\/Humidificateur-par-evaporation-a-economie-deau-AprilAire-400.webp","type":"image\/webp"}],"twitter_card":"summary_large_image","twitter_misc":{"Price":"","Availability":"In stock"},"schema":{"@context":"https:\/\/schema.org","@graph":[{"@type":["WebPage","ItemPage"],"@id":"https:\/\/staging.belleflamme.ca\/en\/product\/aprilaire-400-water-saver-evaporative-humidifier\/","url":"https:\/\/staging.belleflamme.ca\/en\/product\/aprilaire-400-water-saver-evaporative-humidifier\/","name":"AprilAire 400 Water Saver Evaporative Humidifier - Groupe BelleFlamme","isPartOf":{"@id":"https:\/\/www.belleflamme.ca\/fr\/#website"},"primaryImageOfPage":{"@id":"https:\/\/staging.belleflamme.ca\/en\/product\/aprilaire-400-water-saver-evaporative-humidifier\/#primaryimage"},"image":{"@id":"https:\/\/staging.belleflamme.ca\/en\/product\/aprilaire-400-water-saver-evaporative-humidifier\/#primaryimage"},"thumbnailUrl":"https:\/\/staging.belleflamme.ca\/wp-content\/uploads\/2024\/05\/Humidificateur-par-evaporation-a-economie-deau-AprilAire-400.webp","datePublished":"2024-05-22T15:35:26+00:00","dateModified":"2024-05-22T15:38:22+00:00","description":"AprilAire 400 Water Saver Evaporative Humidifier sold by the Belleflamme Group. Laval, Montreal, Gatineau and Saint-Sauveur.","breadcrumb":{"@id":"https:\/\/staging.belleflamme.ca\/en\/product\/aprilaire-400-water-saver-evaporative-humidifier\/#breadcrumb"},"inLanguage":"en-US","potentialAction":[{"@type":"ReadAction","target":["https:\/\/staging.belleflamme.ca\/en\/product\/aprilaire-400-water-saver-evaporative-humidifier\/"]}]},{"@type":"ImageObject","inLanguage":"en-US","@id":"https:\/\/staging.belleflamme.ca\/en\/product\/aprilaire-400-water-saver-evaporative-humidifier\/#primaryimage","url":"https:\/\/staging.belleflamme.ca\/wp-content\/uploads\/2024\/05\/Humidificateur-par-evaporation-a-economie-deau-AprilAire-400.webp","contentUrl":"https:\/\/staging.belleflamme.ca\/wp-content\/uploads\/2024\/05\/Humidificateur-par-evaporation-a-economie-deau-AprilAire-400.webp","width":1080,"height":1080,"caption":"Humidificateur par \u00e9vaporation \u00e0 \u00e9conomie d'eau AprilAire 400"},{"@type":"BreadcrumbList","@id":"https:\/\/staging.belleflamme.ca\/en\/product\/aprilaire-400-water-saver-evaporative-humidifier\/#breadcrumb","itemListElement":[{"@type":"ListItem","position":1,"name":"Home","item":"https:\/\/www.belleflamme.ca\/fr\/"},{"@type":"ListItem","position":2,"name":"Shop","item":"https:\/\/www.belleflamme.ca\/en\/shop\/"},{"@type":"ListItem","position":3,"name":"Air conditioning &amp; Heating","item":"https:\/\/staging.belleflamme.ca\/en\/category\/air-conditioning-heating\/"},{"@type":"ListItem","position":4,"name":"Central system","item":"https:\/\/staging.belleflamme.ca\/en\/category\/air-conditioning-heating\/central-system\/"},{"@type":"ListItem","position":5,"name":"Air quality","item":"https:\/\/staging.belleflamme.ca\/en\/category\/air-conditioning-heating\/central-system\/air-quality\/"},{"@type":"ListItem","position":6,"name":"Humidifiers","item":"https:\/\/staging.belleflamme.ca\/en\/category\/air-conditioning-heating\/central-system\/air-quality\/humidifiers\/"},{"@type":"ListItem","position":7,"name":"AprilAire 400 Water Saver Evaporative Humidifier"}]},{"@type":"WebSite","@id":"https:\/\/www.belleflamme.ca\/fr\/#website","url":"https:\/\/www.belleflamme.ca\/fr\/","name":"Groupe Belleflamme","description":"La m\u00e9canique du b\u00e2timent dans le sang.","publisher":{"@id":"https:\/\/www.belleflamme.ca\/fr\/#organization"},"potentialAction":[{"@type":"SearchAction","target":{"@type":"EntryPoint","urlTemplate":"https:\/\/www.belleflamme.ca\/fr\/?s={search_term_string}"},"query-input":{"@type":"PropertyValueSpecification","valueRequired":true,"valueName":"search_term_string"}}],"inLanguage":"en-US"},{"@type":["Organization","Place"],"@id":"https:\/\/www.belleflamme.ca\/fr\/#organization","name":"Groupe Belleflamme","alternateName":"Belleflamme","url":"https:\/\/www.belleflamme.ca\/fr\/","logo":{"@type":"ImageObject","inLanguage":"en-US","@id":"https:\/\/www.belleflamme.ca\/fr\/#\/schema\/logo\/image\/","url":"https:\/\/staging.belleflamme.ca\/wp-content\/uploads\/2023\/01\/og-image.jpg","contentUrl":"https:\/\/staging.belleflamme.ca\/wp-content\/uploads\/2023\/01\/og-image.jpg","width":1200,"height":630,"caption":"Groupe Belleflamme"},"image":{"@id":"https:\/\/www.belleflamme.ca\/fr\/#\/schema\/logo\/image\/"},"sameAs":["https:\/\/www.facebook.com\/belleflamme.ca\/","https:\/\/www.linkedin.com\/company\/belleflamme\/","https:\/\/www.pinterest.ca\/groupebelleflamme\/","https:\/\/www.instagram.com\/legroupebelleflamme\/"],"mainEntityOfPage":{"@id":"https:\/\/staging.belleflamme.ca\/en\/product\/aprilaire-400-water-saver-evaporative-humidifier\/"}}]},"product_brand":"Aprilaire","product_price_amount":"0.00","product_price_currency":"CAD","og_availability":"instock","product_availability":"instock","product_condition":"new"},"_links":{"self":[{"href":"https:\/\/staging.belleflamme.ca\/en\/wp-json\/wp\/v2\/product\/39636","targetHints":{"allow":["GET"]}}],"collection":[{"href":"https:\/\/staging.belleflamme.ca\/en\/wp-json\/wp\/v2\/product"}],"about":[{"href":"https:\/\/staging.belleflamme.ca\/en\/wp-json\/wp\/v2\/types\/product"}],"version-history":[{"count":4,"href":"https:\/\/staging.belleflamme.ca\/en\/wp-json\/wp\/v2\/product\/39636\/revisions"}],"predecessor-version":[{"id":39640,"href":"https:\/\/staging.belleflamme.ca\/en\/wp-json\/wp\/v2\/product\/39636\/revisions\/39640"}],"wp:featuredmedia":[{"embeddable":true,"href":"https:\/\/staging.belleflamme.ca\/en\/wp-json\/wp\/v2\/media\/39631"}],"wp:attachment":[{"href":"https:\/\/staging.belleflamme.ca\/en\/wp-json\/wp\/v2\/media?parent=39636"}],"wp:term":[{"taxonomy":"product_brand","embeddable":true,"href":"https:\/\/staging.belleflamme.ca\/en\/wp-json\/wp\/v2\/product_brand?post=39636"},{"taxonomy":"product_cat","embeddable":true,"href":"https:\/\/staging.belleflamme.ca\/en\/wp-json\/wp\/v2\/product_cat?post=39636"},{"taxonomy":"product_tag","embeddable":true,"href":"https:\/\/staging.belleflamme.ca\/en\/wp-json\/wp\/v2\/product_tag?post=39636"}],"curies":[{"name":"wp","href":"https:\/\/api.w.org\/{rel}","templated":true}]}}