{"id":38021,"date":"2024-05-14T15:47:54","date_gmt":"2024-05-14T19:47:54","guid":{"rendered":"https:\/\/www.belleflamme.ca\/?post_type=product&#038;p=38021"},"modified":"2024-05-14T15:50:25","modified_gmt":"2024-05-14T19:50:25","slug":"rw1t-hydronic-air-handler-by-rudd","status":"publish","type":"product","link":"https:\/\/staging.belleflamme.ca\/en\/product\/rw1t-hydronic-air-handler-by-rudd\/","title":{"rendered":"RW1T Hydronic Air Handler by Rudd"},"content":{"rendered":"\t\t<div data-elementor-type=\"product-post\" data-elementor-id=\"38021\" class=\"elementor elementor-38021 elementor-38012\" data-elementor-post-type=\"product\">\n\t\t\t\t\t\t<section class=\"elementor-section elementor-top-section elementor-element elementor-element-3882c6a9 elementor-section-boxed elementor-section-height-default elementor-section-height-default\" data-id=\"3882c6a9\" data-element_type=\"section\">\n\t\t\t\t\t\t<div class=\"elementor-container elementor-column-gap-default\">\n\t\t\t\t\t<div class=\"elementor-column elementor-col-100 elementor-top-column elementor-element elementor-element-4335898a\" data-id=\"4335898a\" data-element_type=\"column\">\n\t\t\t<div class=\"elementor-widget-wrap elementor-element-populated\">\n\t\t\t\t\t\t<div class=\"elementor-element elementor-element-6f13b06 elementor-widget elementor-widget-text-editor\" data-id=\"6f13b06\" data-element_type=\"widget\" data-widget_type=\"text-editor.default\">\n\t\t\t\t<div class=\"elementor-widget-container\">\n\t\t\t\t\t\t\t\t\t<p><strong>Features of the Hydronic Air Handler<\/strong><\/p><ul><li>Low profile 34-inch design is lighter, easier to handle\u00a0and leaves room for optional accessories<\/li><li>Left or right side electric connections<\/li><li>Integrated control board features diagnostics, manages all operational functions and provides hookups for humidifier and electronic air cleaner<\/li><li>An insulated blower compartment makes it one of the quietest hydronic air handlers on the market today<\/li><li>Pre-paint galvanized steel cabinet<\/li><li>Molded permanent filter(s)<\/li><li>Transformer and control fuse protection<\/li><li>Solid bottom is standard<\/li><li>A variety of cooling coils and plenums designed to use with the Hydronic Air Handler are available as optional accessories for air conditioning models<\/li><li>Stainless steel water pump<\/li><\/ul><p><strong>Features of the Tankless Water Heater<\/strong><\/p><ul><li>Industry best! Minimum flow rate of .26 GPM, minimum activation flow rate of .40 GPM<\/li><li>ENERGY STAR\u00ae rated models available<\/li><li>Next generation burner technology<\/li><li>UMC-117 remote control and 10 ft. of thermostat wire is included<\/li><li>EZ-Link\u2122 cable available for high demand applications to connect two tankless units to operate as one<\/li><li>High-altitude capability \u2013 up to 9,840 ft. elevation above sea level (no chip required)<\/li><li>Intelligent electronic controls designed to increase energy efficiency and safety<\/li><li>Self Diagnostic System<\/li><\/ul>\t\t\t\t\t\t\t\t<\/div>\n\t\t\t\t<\/div>\n\t\t\t\t\t<\/div>\n\t\t<\/div>\n\t\t\t\t\t<\/div>\n\t\t<\/section>\n\t\t\t\t<section class=\"elementor-section elementor-top-section elementor-element elementor-element-11921fd elementor-section-boxed elementor-section-height-default elementor-section-height-default\" data-id=\"11921fd\" data-element_type=\"section\">\n\t\t\t\t\t\t<div class=\"elementor-container elementor-column-gap-default\">\n\t\t\t\t\t<div class=\"elementor-column elementor-col-100 elementor-top-column elementor-element elementor-element-470d06d\" data-id=\"470d06d\" data-element_type=\"column\">\n\t\t\t<div class=\"elementor-widget-wrap elementor-element-populated\">\n\t\t\t\t\t\t<div class=\"elementor-element elementor-element-736a1f9 elementor-tabs-view-horizontal elementor-widget elementor-widget-tabs\" data-id=\"736a1f9\" data-element_type=\"widget\" data-widget_type=\"tabs.default\">\n\t\t\t\t<div class=\"elementor-widget-container\">\n\t\t\t\t\t\t\t<div class=\"elementor-tabs\">\n\t\t\t<div class=\"elementor-tabs-wrapper\" role=\"tablist\" >\n\t\t\t\t\t\t\t\t\t<div id=\"elementor-tab-title-1211\" class=\"elementor-tab-title elementor-tab-desktop-title\" aria-selected=\"true\" data-tab=\"1\" role=\"tab\" tabindex=\"0\" aria-controls=\"elementor-tab-content-1211\" aria-expanded=\"false\">Files<\/div>\n\t\t\t\t\t\t\t<\/div>\n\t\t\t<div class=\"elementor-tabs-content-wrapper\" role=\"tablist\" aria-orientation=\"vertical\">\n\t\t\t\t\t\t\t\t\t<div class=\"elementor-tab-title elementor-tab-mobile-title\" aria-selected=\"true\" data-tab=\"1\" role=\"tab\" tabindex=\"0\" aria-controls=\"elementor-tab-content-1211\" aria-expanded=\"false\">Files<\/div>\n\t\t\t\t\t<div id=\"elementor-tab-content-1211\" class=\"elementor-tab-content elementor-clearfix\" data-tab=\"1\" role=\"tabpanel\" aria-labelledby=\"elementor-tab-title-1211\" tabindex=\"0\" hidden=\"false\"><i class=\"far fa-file-pdf fa-xl\" style=\"font-size:35px\"><\/i><a href=\"https:\/\/www.belleflamme.ca\/wp-content\/uploads\/2024\/05\/H22-557_Rev1.pdf\"> Brochure<\/a><\/br><\/div>\n\t\t\t\t\t\t\t<\/div>\n\t\t<\/div>\n\t\t\t\t\t\t<\/div>\n\t\t\t\t<\/div>\n\t\t\t\t\t<\/div>\n\t\t<\/div>\n\t\t\t\t\t<\/div>\n\t\t<\/section>\n\t\t\t\t<\/div>\n\t\t","protected":false},"excerpt":{"rendered":"<p>Features of the Hydronic Air Handler Low profile 34-inch design is lighter, easier to handle\u00a0and leaves room for optional accessories Left or right side electric connections Integrated control board features diagnostics, manages all operational functions and provides hookups for humidifier and electronic air cleaner An insulated blower compartment makes it one of the quietest hydronic [&hellip;]<\/p>\n","protected":false},"featured_media":38014,"template":"","meta":{"inline_featured_image":false},"product_brand":[307],"product_cat":[154,163,165,167],"product_tag":[],"class_list":{"0":"post-38021","1":"product","2":"type-product","3":"status-publish","4":"has-post-thumbnail","6":"product_brand-ruud-en","7":"product_cat-air-conditioning-heating","8":"product_cat-central-system","9":"product_cat-furnace","10":"product_cat-hydronics-furnaces","12":"first","13":"instock","14":"taxable","15":"shipping-taxable","16":"product-type-simple"},"yoast_head":"<!-- This site is optimized with the Yoast SEO Premium plugin v24.2 (Yoast SEO v24.2) - https:\/\/yoast.com\/wordpress\/plugins\/seo\/ -->\n<title>RW1T Hydronic Air Handler by Rudd - Groupe BelleFlamme<\/title>\n<meta name=\"description\" content=\"RW1T Hydronic Air Handler by Rudd sold and installed by Groupe Belleflamme. Laval, Montreal, Gatineau and Saint-Sauveur.\" \/>\n<meta name=\"robots\" content=\"index, follow, max-snippet:-1, max-image-preview:large, max-video-preview:-1\" \/>\n<link rel=\"canonical\" href=\"https:\/\/staging.belleflamme.ca\/en\/product\/rw1t-hydronic-air-handler-by-rudd\/\" \/>\n<meta property=\"og:locale\" content=\"en_US\" \/>\n<meta property=\"og:type\" content=\"article\" \/>\n<meta property=\"og:title\" content=\"RW1T Hydronic Air Handler by Rudd\" \/>\n<meta property=\"og:description\" content=\"RW1T Hydronic Air Handler by Rudd sold and installed by Groupe Belleflamme. Laval, Montreal, Gatineau and Saint-Sauveur.\" \/>\n<meta property=\"og:url\" content=\"https:\/\/staging.belleflamme.ca\/en\/product\/rw1t-hydronic-air-handler-by-rudd\/\" \/>\n<meta property=\"og:site_name\" content=\"Groupe BelleFlamme\" \/>\n<meta property=\"article:publisher\" content=\"https:\/\/www.facebook.com\/belleflamme.ca\/\" \/>\n<meta property=\"article:modified_time\" content=\"2024-05-14T19:50:25+00:00\" \/>\n<meta property=\"og:image\" content=\"https:\/\/www.belleflamme.ca\/wp-content\/uploads\/2024\/05\/Appareil-de-Traitement-dair-Hydronique-de-Ruud.png\" \/>\n\t<meta property=\"og:image:width\" content=\"600\" \/>\n\t<meta property=\"og:image:height\" content=\"600\" \/>\n\t<meta property=\"og:image:type\" content=\"image\/png\" \/>\n<meta name=\"twitter:card\" content=\"summary_large_image\" \/>\n<meta name=\"twitter:label1\" content=\"Price\" \/>\n\t<meta name=\"twitter:data1\" content=\"\" \/>\n\t<meta name=\"twitter:label2\" content=\"Availability\" \/>\n\t<meta name=\"twitter:data2\" content=\"In stock\" \/>\n<script type=\"application\/ld+json\" class=\"yoast-schema-graph\">{\"@context\":\"https:\/\/schema.org\",\"@graph\":[{\"@type\":[\"WebPage\",\"ItemPage\"],\"@id\":\"https:\/\/staging.belleflamme.ca\/en\/product\/rw1t-hydronic-air-handler-by-rudd\/\",\"url\":\"https:\/\/staging.belleflamme.ca\/en\/product\/rw1t-hydronic-air-handler-by-rudd\/\",\"name\":\"RW1T Hydronic Air Handler by Rudd - Groupe BelleFlamme\",\"isPartOf\":{\"@id\":\"https:\/\/www.belleflamme.ca\/fr\/#website\"},\"primaryImageOfPage\":{\"@id\":\"https:\/\/staging.belleflamme.ca\/en\/product\/rw1t-hydronic-air-handler-by-rudd\/#primaryimage\"},\"image\":{\"@id\":\"https:\/\/staging.belleflamme.ca\/en\/product\/rw1t-hydronic-air-handler-by-rudd\/#primaryimage\"},\"thumbnailUrl\":\"https:\/\/staging.belleflamme.ca\/wp-content\/uploads\/2024\/05\/Appareil-de-Traitement-dair-Hydronique-de-Ruud.png\",\"datePublished\":\"2024-05-14T19:47:54+00:00\",\"dateModified\":\"2024-05-14T19:50:25+00:00\",\"description\":\"RW1T Hydronic Air Handler by Rudd sold and installed by Groupe Belleflamme. Laval, Montreal, Gatineau and Saint-Sauveur.\",\"breadcrumb\":{\"@id\":\"https:\/\/staging.belleflamme.ca\/en\/product\/rw1t-hydronic-air-handler-by-rudd\/#breadcrumb\"},\"inLanguage\":\"en-US\",\"potentialAction\":[{\"@type\":\"ReadAction\",\"target\":[\"https:\/\/staging.belleflamme.ca\/en\/product\/rw1t-hydronic-air-handler-by-rudd\/\"]}]},{\"@type\":\"ImageObject\",\"inLanguage\":\"en-US\",\"@id\":\"https:\/\/staging.belleflamme.ca\/en\/product\/rw1t-hydronic-air-handler-by-rudd\/#primaryimage\",\"url\":\"https:\/\/staging.belleflamme.ca\/wp-content\/uploads\/2024\/05\/Appareil-de-Traitement-dair-Hydronique-de-Ruud.png\",\"contentUrl\":\"https:\/\/staging.belleflamme.ca\/wp-content\/uploads\/2024\/05\/Appareil-de-Traitement-dair-Hydronique-de-Ruud.png\",\"width\":600,\"height\":600,\"caption\":\"Caract\u00e9ristiques du syst\u00e8me de traitement d'air hydronique La conception \u00e0 profil bas de 34 pouces est plus l\u00e9g\u00e8re, plus facile \u00e0 manipuler et laisse de la place pour des accessoires en option Raccordements \u00e9lectriques c\u00f4t\u00e9 gauche ou droit Le tableau de commande int\u00e9gr\u00e9 propose des diagnostics, g\u00e8re toutes les fonctions op\u00e9rationnelles et fournit des connexions pour l'humidificateur et le purificateur d'air \u00e9lectronique. Un compartiment de ventilation isol\u00e9 en fait l'un des appareils de traitement d'air hydroniques les plus silencieux du march\u00e9 aujourd'hui. Armoire en acier galvanis\u00e9 pr\u00e9-peinte Filtre(s) permanent(s) moul\u00e9(s) Protection du transformateur et du fusible de commande Le fond solide est standard Une vari\u00e9t\u00e9 de serpentins de refroidissement et de pl\u00e9nums con\u00e7us pour \u00eatre utilis\u00e9s avec le syst\u00e8me de traitement d'air hydronique sont disponibles en tant qu'accessoires en option pour les mod\u00e8les de climatisation. Pompe \u00e0 eau en acier inoxydable Caract\u00e9ristiques du chauffe-eau sans r\u00e9servoir Le meilleur de l'industrie ! D\u00e9bit minimum de 0,26 GPM, d\u00e9bit d'activation minimum de 0,40 GPM Mod\u00e8les homologu\u00e9s ENERGY STAR\u00ae disponibles Technologie de br\u00fbleur de nouvelle g\u00e9n\u00e9ration La t\u00e9l\u00e9commande UMC-117 et 10 pieds de fil de thermostat sont inclus C\u00e2ble EZ-Link\u2122 disponible pour les applications \u00e0 forte demande permettant de connecter deux unit\u00e9s sans r\u00e9servoir pour fonctionner comme une seule Capacit\u00e9 \u00e0 haute altitude \u2013 jusqu\u2019\u00e0 9 840 pieds d\u2019altitude au-dessus du niveau de la mer (aucune puce requise) Commandes \u00e9lectroniques intelligentes con\u00e7ues pour augmenter l'efficacit\u00e9 \u00e9nerg\u00e9tique et la s\u00e9curit\u00e9 Syst\u00e8me d'autodiagnostic\"},{\"@type\":\"BreadcrumbList\",\"@id\":\"https:\/\/staging.belleflamme.ca\/en\/product\/rw1t-hydronic-air-handler-by-rudd\/#breadcrumb\",\"itemListElement\":[{\"@type\":\"ListItem\",\"position\":1,\"name\":\"Home\",\"item\":\"https:\/\/www.belleflamme.ca\/fr\/\"},{\"@type\":\"ListItem\",\"position\":2,\"name\":\"Shop\",\"item\":\"https:\/\/www.belleflamme.ca\/en\/shop\/\"},{\"@type\":\"ListItem\",\"position\":3,\"name\":\"Air conditioning &amp; Heating\",\"item\":\"https:\/\/staging.belleflamme.ca\/en\/category\/air-conditioning-heating\/\"},{\"@type\":\"ListItem\",\"position\":4,\"name\":\"Central system\",\"item\":\"https:\/\/staging.belleflamme.ca\/en\/category\/air-conditioning-heating\/central-system\/\"},{\"@type\":\"ListItem\",\"position\":5,\"name\":\"Furnace\",\"item\":\"https:\/\/staging.belleflamme.ca\/en\/category\/air-conditioning-heating\/central-system\/furnace\/\"},{\"@type\":\"ListItem\",\"position\":6,\"name\":\"Hydronic Furnaces\",\"item\":\"https:\/\/staging.belleflamme.ca\/en\/category\/air-conditioning-heating\/central-system\/furnace\/hydronics-furnaces\/\"},{\"@type\":\"ListItem\",\"position\":7,\"name\":\"RW1T Hydronic Air Handler by Rudd\"}]},{\"@type\":\"WebSite\",\"@id\":\"https:\/\/www.belleflamme.ca\/fr\/#website\",\"url\":\"https:\/\/www.belleflamme.ca\/fr\/\",\"name\":\"Groupe Belleflamme\",\"description\":\"La m\u00e9canique du b\u00e2timent dans le sang.\",\"publisher\":{\"@id\":\"https:\/\/www.belleflamme.ca\/fr\/#organization\"},\"potentialAction\":[{\"@type\":\"SearchAction\",\"target\":{\"@type\":\"EntryPoint\",\"urlTemplate\":\"https:\/\/www.belleflamme.ca\/fr\/?s={search_term_string}\"},\"query-input\":{\"@type\":\"PropertyValueSpecification\",\"valueRequired\":true,\"valueName\":\"search_term_string\"}}],\"inLanguage\":\"en-US\"},{\"@type\":[\"Organization\",\"Place\"],\"@id\":\"https:\/\/www.belleflamme.ca\/fr\/#organization\",\"name\":\"Groupe Belleflamme\",\"alternateName\":\"Belleflamme\",\"url\":\"https:\/\/www.belleflamme.ca\/fr\/\",\"logo\":{\"@type\":\"ImageObject\",\"inLanguage\":\"en-US\",\"@id\":\"https:\/\/www.belleflamme.ca\/fr\/#\/schema\/logo\/image\/\",\"url\":\"https:\/\/staging.belleflamme.ca\/wp-content\/uploads\/2023\/01\/og-image.jpg\",\"contentUrl\":\"https:\/\/staging.belleflamme.ca\/wp-content\/uploads\/2023\/01\/og-image.jpg\",\"width\":1200,\"height\":630,\"caption\":\"Groupe Belleflamme\"},\"image\":{\"@id\":\"https:\/\/www.belleflamme.ca\/fr\/#\/schema\/logo\/image\/\"},\"sameAs\":[\"https:\/\/www.facebook.com\/belleflamme.ca\/\",\"https:\/\/www.linkedin.com\/company\/belleflamme\/\",\"https:\/\/www.pinterest.ca\/groupebelleflamme\/\",\"https:\/\/www.instagram.com\/legroupebelleflamme\/\"],\"mainEntityOfPage\":{\"@id\":\"https:\/\/staging.belleflamme.ca\/en\/product\/rw1t-hydronic-air-handler-by-rudd\/\"}}]}<\/script>\n<meta property=\"product:brand\" content=\"Ruud\" \/>\n<meta property=\"product:price:amount\" content=\"0.00\" \/>\n<meta property=\"product:price:currency\" content=\"CAD\" \/>\n<meta property=\"og:availability\" content=\"instock\" \/>\n<meta property=\"product:availability\" content=\"instock\" \/>\n<meta property=\"product:condition\" content=\"new\" \/>\n<!-- \/ Yoast SEO Premium plugin. -->","yoast_head_json":{"title":"RW1T Hydronic Air Handler by Rudd - Groupe BelleFlamme","description":"RW1T Hydronic Air Handler by Rudd sold and installed by Groupe Belleflamme. Laval, Montreal, Gatineau and Saint-Sauveur.","robots":{"index":"index","follow":"follow","max-snippet":"max-snippet:-1","max-image-preview":"max-image-preview:large","max-video-preview":"max-video-preview:-1"},"canonical":"https:\/\/staging.belleflamme.ca\/en\/product\/rw1t-hydronic-air-handler-by-rudd\/","og_locale":"en_US","og_type":"article","og_title":"RW1T Hydronic Air Handler by Rudd","og_description":"RW1T Hydronic Air Handler by Rudd sold and installed by Groupe Belleflamme. Laval, Montreal, Gatineau and Saint-Sauveur.","og_url":"https:\/\/staging.belleflamme.ca\/en\/product\/rw1t-hydronic-air-handler-by-rudd\/","og_site_name":"Groupe BelleFlamme","article_publisher":"https:\/\/www.facebook.com\/belleflamme.ca\/","article_modified_time":"2024-05-14T19:50:25+00:00","og_image":[{"width":600,"height":600,"url":"https:\/\/www.belleflamme.ca\/wp-content\/uploads\/2024\/05\/Appareil-de-Traitement-dair-Hydronique-de-Ruud.png","type":"image\/png"}],"twitter_card":"summary_large_image","twitter_misc":{"Price":"","Availability":"In stock"},"schema":{"@context":"https:\/\/schema.org","@graph":[{"@type":["WebPage","ItemPage"],"@id":"https:\/\/staging.belleflamme.ca\/en\/product\/rw1t-hydronic-air-handler-by-rudd\/","url":"https:\/\/staging.belleflamme.ca\/en\/product\/rw1t-hydronic-air-handler-by-rudd\/","name":"RW1T Hydronic Air Handler by Rudd - Groupe BelleFlamme","isPartOf":{"@id":"https:\/\/www.belleflamme.ca\/fr\/#website"},"primaryImageOfPage":{"@id":"https:\/\/staging.belleflamme.ca\/en\/product\/rw1t-hydronic-air-handler-by-rudd\/#primaryimage"},"image":{"@id":"https:\/\/staging.belleflamme.ca\/en\/product\/rw1t-hydronic-air-handler-by-rudd\/#primaryimage"},"thumbnailUrl":"https:\/\/staging.belleflamme.ca\/wp-content\/uploads\/2024\/05\/Appareil-de-Traitement-dair-Hydronique-de-Ruud.png","datePublished":"2024-05-14T19:47:54+00:00","dateModified":"2024-05-14T19:50:25+00:00","description":"RW1T Hydronic Air Handler by Rudd sold and installed by Groupe Belleflamme. Laval, Montreal, Gatineau and Saint-Sauveur.","breadcrumb":{"@id":"https:\/\/staging.belleflamme.ca\/en\/product\/rw1t-hydronic-air-handler-by-rudd\/#breadcrumb"},"inLanguage":"en-US","potentialAction":[{"@type":"ReadAction","target":["https:\/\/staging.belleflamme.ca\/en\/product\/rw1t-hydronic-air-handler-by-rudd\/"]}]},{"@type":"ImageObject","inLanguage":"en-US","@id":"https:\/\/staging.belleflamme.ca\/en\/product\/rw1t-hydronic-air-handler-by-rudd\/#primaryimage","url":"https:\/\/staging.belleflamme.ca\/wp-content\/uploads\/2024\/05\/Appareil-de-Traitement-dair-Hydronique-de-Ruud.png","contentUrl":"https:\/\/staging.belleflamme.ca\/wp-content\/uploads\/2024\/05\/Appareil-de-Traitement-dair-Hydronique-de-Ruud.png","width":600,"height":600,"caption":"Caract\u00e9ristiques du syst\u00e8me de traitement d'air hydronique La conception \u00e0 profil bas de 34 pouces est plus l\u00e9g\u00e8re, plus facile \u00e0 manipuler et laisse de la place pour des accessoires en option Raccordements \u00e9lectriques c\u00f4t\u00e9 gauche ou droit Le tableau de commande int\u00e9gr\u00e9 propose des diagnostics, g\u00e8re toutes les fonctions op\u00e9rationnelles et fournit des connexions pour l'humidificateur et le purificateur d'air \u00e9lectronique. Un compartiment de ventilation isol\u00e9 en fait l'un des appareils de traitement d'air hydroniques les plus silencieux du march\u00e9 aujourd'hui. Armoire en acier galvanis\u00e9 pr\u00e9-peinte Filtre(s) permanent(s) moul\u00e9(s) Protection du transformateur et du fusible de commande Le fond solide est standard Une vari\u00e9t\u00e9 de serpentins de refroidissement et de pl\u00e9nums con\u00e7us pour \u00eatre utilis\u00e9s avec le syst\u00e8me de traitement d'air hydronique sont disponibles en tant qu'accessoires en option pour les mod\u00e8les de climatisation. Pompe \u00e0 eau en acier inoxydable Caract\u00e9ristiques du chauffe-eau sans r\u00e9servoir Le meilleur de l'industrie ! D\u00e9bit minimum de 0,26 GPM, d\u00e9bit d'activation minimum de 0,40 GPM Mod\u00e8les homologu\u00e9s ENERGY STAR\u00ae disponibles Technologie de br\u00fbleur de nouvelle g\u00e9n\u00e9ration La t\u00e9l\u00e9commande UMC-117 et 10 pieds de fil de thermostat sont inclus C\u00e2ble EZ-Link\u2122 disponible pour les applications \u00e0 forte demande permettant de connecter deux unit\u00e9s sans r\u00e9servoir pour fonctionner comme une seule Capacit\u00e9 \u00e0 haute altitude \u2013 jusqu\u2019\u00e0 9 840 pieds d\u2019altitude au-dessus du niveau de la mer (aucune puce requise) Commandes \u00e9lectroniques intelligentes con\u00e7ues pour augmenter l'efficacit\u00e9 \u00e9nerg\u00e9tique et la s\u00e9curit\u00e9 Syst\u00e8me d'autodiagnostic"},{"@type":"BreadcrumbList","@id":"https:\/\/staging.belleflamme.ca\/en\/product\/rw1t-hydronic-air-handler-by-rudd\/#breadcrumb","itemListElement":[{"@type":"ListItem","position":1,"name":"Home","item":"https:\/\/www.belleflamme.ca\/fr\/"},{"@type":"ListItem","position":2,"name":"Shop","item":"https:\/\/www.belleflamme.ca\/en\/shop\/"},{"@type":"ListItem","position":3,"name":"Air conditioning &amp; Heating","item":"https:\/\/staging.belleflamme.ca\/en\/category\/air-conditioning-heating\/"},{"@type":"ListItem","position":4,"name":"Central system","item":"https:\/\/staging.belleflamme.ca\/en\/category\/air-conditioning-heating\/central-system\/"},{"@type":"ListItem","position":5,"name":"Furnace","item":"https:\/\/staging.belleflamme.ca\/en\/category\/air-conditioning-heating\/central-system\/furnace\/"},{"@type":"ListItem","position":6,"name":"Hydronic Furnaces","item":"https:\/\/staging.belleflamme.ca\/en\/category\/air-conditioning-heating\/central-system\/furnace\/hydronics-furnaces\/"},{"@type":"ListItem","position":7,"name":"RW1T Hydronic Air Handler by Rudd"}]},{"@type":"WebSite","@id":"https:\/\/www.belleflamme.ca\/fr\/#website","url":"https:\/\/www.belleflamme.ca\/fr\/","name":"Groupe Belleflamme","description":"La m\u00e9canique du b\u00e2timent dans le sang.","publisher":{"@id":"https:\/\/www.belleflamme.ca\/fr\/#organization"},"potentialAction":[{"@type":"SearchAction","target":{"@type":"EntryPoint","urlTemplate":"https:\/\/www.belleflamme.ca\/fr\/?s={search_term_string}"},"query-input":{"@type":"PropertyValueSpecification","valueRequired":true,"valueName":"search_term_string"}}],"inLanguage":"en-US"},{"@type":["Organization","Place"],"@id":"https:\/\/www.belleflamme.ca\/fr\/#organization","name":"Groupe Belleflamme","alternateName":"Belleflamme","url":"https:\/\/www.belleflamme.ca\/fr\/","logo":{"@type":"ImageObject","inLanguage":"en-US","@id":"https:\/\/www.belleflamme.ca\/fr\/#\/schema\/logo\/image\/","url":"https:\/\/staging.belleflamme.ca\/wp-content\/uploads\/2023\/01\/og-image.jpg","contentUrl":"https:\/\/staging.belleflamme.ca\/wp-content\/uploads\/2023\/01\/og-image.jpg","width":1200,"height":630,"caption":"Groupe Belleflamme"},"image":{"@id":"https:\/\/www.belleflamme.ca\/fr\/#\/schema\/logo\/image\/"},"sameAs":["https:\/\/www.facebook.com\/belleflamme.ca\/","https:\/\/www.linkedin.com\/company\/belleflamme\/","https:\/\/www.pinterest.ca\/groupebelleflamme\/","https:\/\/www.instagram.com\/legroupebelleflamme\/"],"mainEntityOfPage":{"@id":"https:\/\/staging.belleflamme.ca\/en\/product\/rw1t-hydronic-air-handler-by-rudd\/"}}]},"product_brand":"Ruud","product_price_amount":"0.00","product_price_currency":"CAD","og_availability":"instock","product_availability":"instock","product_condition":"new"},"_links":{"self":[{"href":"https:\/\/staging.belleflamme.ca\/en\/wp-json\/wp\/v2\/product\/38021","targetHints":{"allow":["GET"]}}],"collection":[{"href":"https:\/\/staging.belleflamme.ca\/en\/wp-json\/wp\/v2\/product"}],"about":[{"href":"https:\/\/staging.belleflamme.ca\/en\/wp-json\/wp\/v2\/types\/product"}],"version-history":[{"count":4,"href":"https:\/\/staging.belleflamme.ca\/en\/wp-json\/wp\/v2\/product\/38021\/revisions"}],"predecessor-version":[{"id":38025,"href":"https:\/\/staging.belleflamme.ca\/en\/wp-json\/wp\/v2\/product\/38021\/revisions\/38025"}],"wp:featuredmedia":[{"embeddable":true,"href":"https:\/\/staging.belleflamme.ca\/en\/wp-json\/wp\/v2\/media\/38014"}],"wp:attachment":[{"href":"https:\/\/staging.belleflamme.ca\/en\/wp-json\/wp\/v2\/media?parent=38021"}],"wp:term":[{"taxonomy":"product_brand","embeddable":true,"href":"https:\/\/staging.belleflamme.ca\/en\/wp-json\/wp\/v2\/product_brand?post=38021"},{"taxonomy":"product_cat","embeddable":true,"href":"https:\/\/staging.belleflamme.ca\/en\/wp-json\/wp\/v2\/product_cat?post=38021"},{"taxonomy":"product_tag","embeddable":true,"href":"https:\/\/staging.belleflamme.ca\/en\/wp-json\/wp\/v2\/product_tag?post=38021"}],"curies":[{"name":"wp","href":"https:\/\/api.w.org\/{rel}","templated":true}]}}