{"id":37015,"date":"2024-04-30T17:53:36","date_gmt":"2024-04-30T21:53:36","guid":{"rendered":"https:\/\/www.belleflamme.ca\/?post_type=product&#038;p=37015"},"modified":"2024-04-30T18:07:07","modified_gmt":"2024-04-30T22:07:07","slug":"outdoor-rated-stainless-steel-fridge-by-napoleon","status":"publish","type":"product","link":"https:\/\/staging.belleflamme.ca\/en\/product\/outdoor-rated-stainless-steel-fridge-by-napoleon\/","title":{"rendered":"Outdoor Rated Stainless Steel Fridge by Napoleon"},"content":{"rendered":"\t\t<div data-elementor-type=\"product-post\" data-elementor-id=\"37015\" class=\"elementor elementor-37015 elementor-37002\" data-elementor-post-type=\"product\">\n\t\t\t\t\t\t<section class=\"elementor-section elementor-top-section elementor-element elementor-element-26128311 elementor-section-boxed elementor-section-height-default elementor-section-height-default\" data-id=\"26128311\" data-element_type=\"section\">\n\t\t\t\t\t\t<div class=\"elementor-container elementor-column-gap-default\">\n\t\t\t\t\t<div class=\"elementor-column elementor-col-100 elementor-top-column elementor-element elementor-element-5ab392f6\" data-id=\"5ab392f6\" data-element_type=\"column\">\n\t\t\t<div class=\"elementor-widget-wrap elementor-element-populated\">\n\t\t\t\t\t\t<div class=\"elementor-element elementor-element-4f110dd9 elementor-widget elementor-widget-text-editor\" data-id=\"4f110dd9\" data-element_type=\"widget\" data-widget_type=\"text-editor.default\">\n\t\t\t\t<div class=\"elementor-widget-container\">\n\t\t\t\t\t\t\t\t\t<h3 class=\"title hide-item-on-mobile\">DESCRIPTION<\/h3><div class=\"inner-wrapper\" data-max-height=\"360px\" data-fade=\"true\"><div class=\"clearfix text-formatted field field--name-body field--type-text-with-summary field--label-hidden field__item\"><p>Add this premium Stainless Steel Fridge to your outdoor kitchen OASIS\u2122. A truly seamless design, this Stainless Steel Fridge is made from 304 stainless, which provides the same incredible durability as our Grills. Full functionality and temperature memory allows the perfect temperature to be set for specific needs, like keeping those drinks cool, or brining and marinating a fantastic meal. Featuring LED lighting and removable shelves, this fridge can stand-alone or integrate perfectly into your OASIS\u2122 Modular Island. *Countertop not included<\/p><\/div><\/div><p>\u00a0<\/p><h3 class=\"title hide-item-on-mobile\">KEY FEATURES<\/h3><div class=\"inner-wrapper\" data-max-height=\"360px\" data-fade=\"true\"><div class=\"clearfix text-formatted field field--name-field-summary-features field--type-text field--label-hidden field__items\"><ul><li class=\"field__item\">This premium outdoor rated fridge is made from durable, high-quality 304 stainless steel, perfect for storing food outside<\/li><li class=\"field__item\">Integrates seamlessly into OASIS\u2122 Custom Outdoor Kitchens<\/li><li class=\"field__item\">This outdoor refrigerator is fully functional with precise temperature control and memory<\/li><li class=\"field__item\">Set the perfect temperature ranging from 1.7\u00b0C to 10\u00b0C for drinks, food prep, and even marinating and brining<\/li><li class=\"field__item\">See what you&#8217;re after in low light with integrated interior LED lights<\/li><li class=\"field__item\">HEIGHT 36.5-inches (92.5 cm) WIDTH 23.75-inches (60.5 cm) DEPTH 25.75-inches (65.5 cm)<\/li><\/ul><\/div><\/div><p>\u00a0<\/p><table class=\"specification-table\"><tbody><tr><th>WARRANTY<\/th><td>2 Year Limited<sup>*<\/sup><\/td><\/tr><tr><th>FUEL TYPE<\/th><td>Electric<\/td><\/tr><tr><th>HEIGHT<\/th><td>34.50 in (87.60 cm)<\/td><\/tr><tr><th>WIDTH<\/th><td>23.75 in (60.50 cm)<\/td><\/tr><tr><th>DEPTH<\/th><td>25.75 in (65.50 cm)<\/td><\/tr><tr><th>PACKAGING HEIGHT<\/th><td>37 in (93.98 cm)<\/td><\/tr><tr><th>PACKAGING WIDTH<\/th><td>27 in (68.58 cm)<\/td><\/tr><tr><th>PACKAGING DEPTH<\/th><td>28.75 in (73.03 cm)<\/td><\/tr><tr><th>PACKAGING WEIGHT<\/th><td>131 lbs. (59.41 kg)<\/td><\/tr><\/tbody><\/table>\t\t\t\t\t\t\t\t<\/div>\n\t\t\t\t<\/div>\n\t\t\t\t\t<\/div>\n\t\t<\/div>\n\t\t\t\t\t<\/div>\n\t\t<\/section>\n\t\t\t\t<section class=\"elementor-section elementor-top-section elementor-element elementor-element-108d2a7 elementor-section-boxed elementor-section-height-default elementor-section-height-default\" data-id=\"108d2a7\" data-element_type=\"section\">\n\t\t\t\t\t\t<div class=\"elementor-container elementor-column-gap-default\">\n\t\t\t\t\t<div class=\"elementor-column elementor-col-100 elementor-top-column elementor-element elementor-element-879f5d4\" data-id=\"879f5d4\" data-element_type=\"column\">\n\t\t\t<div class=\"elementor-widget-wrap elementor-element-populated\">\n\t\t\t\t\t\t<div class=\"elementor-element elementor-element-d8191c2 elementor-tabs-view-horizontal elementor-widget elementor-widget-tabs\" data-id=\"d8191c2\" data-element_type=\"widget\" data-widget_type=\"tabs.default\">\n\t\t\t\t<div class=\"elementor-widget-container\">\n\t\t\t\t\t\t\t<div class=\"elementor-tabs\">\n\t\t\t<div class=\"elementor-tabs-wrapper\" role=\"tablist\" >\n\t\t\t\t\t\t\t\t\t<div id=\"elementor-tab-title-2261\" class=\"elementor-tab-title elementor-tab-desktop-title\" aria-selected=\"true\" data-tab=\"1\" role=\"tab\" tabindex=\"0\" aria-controls=\"elementor-tab-content-2261\" aria-expanded=\"false\">Files<\/div>\n\t\t\t\t\t\t\t<\/div>\n\t\t\t<div class=\"elementor-tabs-content-wrapper\" role=\"tablist\" aria-orientation=\"vertical\">\n\t\t\t\t\t\t\t\t\t<div class=\"elementor-tab-title elementor-tab-mobile-title\" aria-selected=\"true\" data-tab=\"1\" role=\"tab\" tabindex=\"0\" aria-controls=\"elementor-tab-content-2261\" aria-expanded=\"false\">Files<\/div>\n\t\t\t\t\t<div id=\"elementor-tab-content-2261\" class=\"elementor-tab-content elementor-clearfix\" data-tab=\"1\" role=\"tabpanel\" aria-labelledby=\"elementor-tab-title-2261\" tabindex=\"0\" hidden=\"false\"><i class=\"far fa-file-pdf fa-xl\" style=\"font-size:35px\"><\/i><a href=\"https:\/\/www.belleflamme.ca\/wp-content\/uploads\/2024\/04\/ADBRBI-EN-2021-built-in-brochure.11.25.21_DRAFTv12_LO-RES.pdf\"> Brochure<\/a><\/br>\n<i class=\"far fa-file-pdf fa-xl\" style=\"font-size:35px\"><\/i><a href=\"https:\/\/www.belleflamme.ca\/wp-content\/uploads\/2024\/04\/NFR055OUSS_Manual_May2019.pdf\"> Manual<\/a><\/br><\/div>\n\t\t\t\t\t\t\t<\/div>\n\t\t<\/div>\n\t\t\t\t\t\t<\/div>\n\t\t\t\t<\/div>\n\t\t\t\t\t<\/div>\n\t\t<\/div>\n\t\t\t\t\t<\/div>\n\t\t<\/section>\n\t\t\t\t<\/div>\n\t\t","protected":false},"excerpt":{"rendered":"<p>DESCRIPTION Add this premium Stainless Steel Fridge to your outdoor kitchen OASIS\u2122. A truly seamless design, this Stainless Steel Fridge is made from 304 stainless, which provides the same incredible durability as our Grills. Full functionality and temperature memory allows the perfect temperature to be set for specific needs, like keeping those drinks cool, or [&hellip;]<\/p>\n","protected":false},"featured_media":37004,"template":"","meta":{"inline_featured_image":false},"product_brand":[1318],"product_cat":[354,149],"product_tag":[],"class_list":{"0":"post-37015","1":"product","2":"type-product","3":"status-publish","4":"has-post-thumbnail","6":"product_brand-napoleon-bbq","7":"product_cat-cabinets-modules","8":"product_cat-outdoor-kitchen","10":"first","11":"instock","12":"taxable","13":"shipping-taxable","14":"purchasable","15":"product-type-simple"},"yoast_head":"<!-- This site is optimized with the Yoast SEO Premium plugin v24.2 (Yoast SEO v24.2) - https:\/\/yoast.com\/wordpress\/plugins\/seo\/ -->\n<title>Outdoor Rated Stainless Steel Fridge by Napoleon - Groupe BelleFlamme<\/title>\n<meta name=\"description\" content=\"Outdoor Rated Stainless Steel Fridge by Napoleon sold by the Belleflamme Group. Laval, Montreal, Gatineau and Saint-Sauveur.\" \/>\n<meta name=\"robots\" content=\"index, follow, max-snippet:-1, max-image-preview:large, max-video-preview:-1\" \/>\n<link rel=\"canonical\" href=\"https:\/\/staging.belleflamme.ca\/en\/product\/outdoor-rated-stainless-steel-fridge-by-napoleon\/\" \/>\n<meta property=\"og:locale\" content=\"en_US\" \/>\n<meta property=\"og:type\" content=\"article\" \/>\n<meta property=\"og:title\" content=\"Outdoor Rated Stainless Steel Fridge by Napoleon\" \/>\n<meta property=\"og:description\" content=\"Outdoor Rated Stainless Steel Fridge by Napoleon sold by the Belleflamme Group. Laval, Montreal, Gatineau and Saint-Sauveur.\" \/>\n<meta property=\"og:url\" content=\"https:\/\/staging.belleflamme.ca\/en\/product\/outdoor-rated-stainless-steel-fridge-by-napoleon\/\" \/>\n<meta property=\"og:site_name\" content=\"Groupe BelleFlamme\" \/>\n<meta property=\"article:publisher\" content=\"https:\/\/www.facebook.com\/belleflamme.ca\/\" \/>\n<meta property=\"article:modified_time\" content=\"2024-04-30T22:07:07+00:00\" \/>\n<meta property=\"og:image\" content=\"https:\/\/www.belleflamme.ca\/wp-content\/uploads\/2024\/04\/Refegirateur-en-Acier-Inoxydable-Homologue-pour-Lexterieur-de-Napoleon.png\" \/>\n\t<meta property=\"og:image:width\" content=\"1000\" \/>\n\t<meta property=\"og:image:height\" content=\"1000\" \/>\n\t<meta property=\"og:image:type\" content=\"image\/png\" \/>\n<meta name=\"twitter:card\" content=\"summary_large_image\" \/>\n<meta name=\"twitter:label1\" content=\"Price\" \/>\n\t<meta name=\"twitter:data1\" content=\"&#036;1,999.00\" \/>\n\t<meta name=\"twitter:label2\" content=\"Availability\" \/>\n\t<meta name=\"twitter:data2\" content=\"In stock\" \/>\n<script type=\"application\/ld+json\" class=\"yoast-schema-graph\">{\"@context\":\"https:\/\/schema.org\",\"@graph\":[{\"@type\":[\"WebPage\",\"ItemPage\"],\"@id\":\"https:\/\/staging.belleflamme.ca\/en\/product\/outdoor-rated-stainless-steel-fridge-by-napoleon\/\",\"url\":\"https:\/\/staging.belleflamme.ca\/en\/product\/outdoor-rated-stainless-steel-fridge-by-napoleon\/\",\"name\":\"Outdoor Rated Stainless Steel Fridge by Napoleon - Groupe BelleFlamme\",\"isPartOf\":{\"@id\":\"https:\/\/www.belleflamme.ca\/fr\/#website\"},\"primaryImageOfPage\":{\"@id\":\"https:\/\/staging.belleflamme.ca\/en\/product\/outdoor-rated-stainless-steel-fridge-by-napoleon\/#primaryimage\"},\"image\":{\"@id\":\"https:\/\/staging.belleflamme.ca\/en\/product\/outdoor-rated-stainless-steel-fridge-by-napoleon\/#primaryimage\"},\"thumbnailUrl\":\"https:\/\/staging.belleflamme.ca\/wp-content\/uploads\/2024\/04\/Refegirateur-en-Acier-Inoxydable-Homologue-pour-Lexterieur-de-Napoleon.png\",\"datePublished\":\"2024-04-30T21:53:36+00:00\",\"dateModified\":\"2024-04-30T22:07:07+00:00\",\"description\":\"Outdoor Rated Stainless Steel Fridge by Napoleon sold by the Belleflamme Group. Laval, Montreal, Gatineau and Saint-Sauveur.\",\"breadcrumb\":{\"@id\":\"https:\/\/staging.belleflamme.ca\/en\/product\/outdoor-rated-stainless-steel-fridge-by-napoleon\/#breadcrumb\"},\"inLanguage\":\"en-US\",\"potentialAction\":[{\"@type\":\"ReadAction\",\"target\":[\"https:\/\/staging.belleflamme.ca\/en\/product\/outdoor-rated-stainless-steel-fridge-by-napoleon\/\"]}]},{\"@type\":\"ImageObject\",\"inLanguage\":\"en-US\",\"@id\":\"https:\/\/staging.belleflamme.ca\/en\/product\/outdoor-rated-stainless-steel-fridge-by-napoleon\/#primaryimage\",\"url\":\"https:\/\/staging.belleflamme.ca\/wp-content\/uploads\/2024\/04\/Refegirateur-en-Acier-Inoxydable-Homologue-pour-Lexterieur-de-Napoleon.png\",\"contentUrl\":\"https:\/\/staging.belleflamme.ca\/wp-content\/uploads\/2024\/04\/Refegirateur-en-Acier-Inoxydable-Homologue-pour-Lexterieur-de-Napoleon.png\",\"width\":1000,\"height\":1000,\"caption\":\"R\u00e9f\u00e9girateur en Acier Inoxydable Homologu\u00e9 pour L'ext\u00e9rieur de Napoleon\"},{\"@type\":\"BreadcrumbList\",\"@id\":\"https:\/\/staging.belleflamme.ca\/en\/product\/outdoor-rated-stainless-steel-fridge-by-napoleon\/#breadcrumb\",\"itemListElement\":[{\"@type\":\"ListItem\",\"position\":1,\"name\":\"Home\",\"item\":\"https:\/\/www.belleflamme.ca\/fr\/\"},{\"@type\":\"ListItem\",\"position\":2,\"name\":\"Shop\",\"item\":\"https:\/\/www.belleflamme.ca\/en\/shop\/\"},{\"@type\":\"ListItem\",\"position\":3,\"name\":\"BBQ &amp; Outdoor Products\",\"item\":\"https:\/\/staging.belleflamme.ca\/en\/category\/bbq-outdoor-products\/\"},{\"@type\":\"ListItem\",\"position\":4,\"name\":\"Outdoor Kitchen\",\"item\":\"https:\/\/staging.belleflamme.ca\/en\/category\/bbq-outdoor-products\/outdoor-kitchen\/\"},{\"@type\":\"ListItem\",\"position\":5,\"name\":\"Cabinets &amp; Modules\",\"item\":\"https:\/\/staging.belleflamme.ca\/en\/category\/bbq-outdoor-products\/outdoor-kitchen\/cabinets-modules\/\"},{\"@type\":\"ListItem\",\"position\":6,\"name\":\"Outdoor Rated Stainless Steel Fridge by Napoleon\"}]},{\"@type\":\"WebSite\",\"@id\":\"https:\/\/www.belleflamme.ca\/fr\/#website\",\"url\":\"https:\/\/www.belleflamme.ca\/fr\/\",\"name\":\"Groupe Belleflamme\",\"description\":\"La m\u00e9canique du b\u00e2timent dans le sang.\",\"publisher\":{\"@id\":\"https:\/\/www.belleflamme.ca\/fr\/#organization\"},\"potentialAction\":[{\"@type\":\"SearchAction\",\"target\":{\"@type\":\"EntryPoint\",\"urlTemplate\":\"https:\/\/www.belleflamme.ca\/fr\/?s={search_term_string}\"},\"query-input\":{\"@type\":\"PropertyValueSpecification\",\"valueRequired\":true,\"valueName\":\"search_term_string\"}}],\"inLanguage\":\"en-US\"},{\"@type\":[\"Organization\",\"Place\"],\"@id\":\"https:\/\/www.belleflamme.ca\/fr\/#organization\",\"name\":\"Groupe Belleflamme\",\"alternateName\":\"Belleflamme\",\"url\":\"https:\/\/www.belleflamme.ca\/fr\/\",\"logo\":{\"@type\":\"ImageObject\",\"inLanguage\":\"en-US\",\"@id\":\"https:\/\/www.belleflamme.ca\/fr\/#\/schema\/logo\/image\/\",\"url\":\"https:\/\/staging.belleflamme.ca\/wp-content\/uploads\/2023\/01\/og-image.jpg\",\"contentUrl\":\"https:\/\/staging.belleflamme.ca\/wp-content\/uploads\/2023\/01\/og-image.jpg\",\"width\":1200,\"height\":630,\"caption\":\"Groupe Belleflamme\"},\"image\":{\"@id\":\"https:\/\/www.belleflamme.ca\/fr\/#\/schema\/logo\/image\/\"},\"sameAs\":[\"https:\/\/www.facebook.com\/belleflamme.ca\/\",\"https:\/\/www.linkedin.com\/company\/belleflamme\/\",\"https:\/\/www.pinterest.ca\/groupebelleflamme\/\",\"https:\/\/www.instagram.com\/legroupebelleflamme\/\"],\"mainEntityOfPage\":{\"@id\":\"https:\/\/staging.belleflamme.ca\/en\/product\/outdoor-rated-stainless-steel-fridge-by-napoleon\/\"}}]}<\/script>\n<meta property=\"product:brand\" content=\"Napoleon BBQ\" \/>\n<meta property=\"product:price:amount\" content=\"1999.00\" \/>\n<meta property=\"product:price:currency\" content=\"CAD\" \/>\n<meta property=\"og:availability\" content=\"instock\" \/>\n<meta property=\"product:availability\" content=\"instock\" \/>\n<meta property=\"product:retailer_item_id\" content=\"NFR055OUSS\" \/>\n<meta property=\"product:condition\" content=\"new\" \/>\n<!-- \/ Yoast SEO Premium plugin. -->","yoast_head_json":{"title":"Outdoor Rated Stainless Steel Fridge by Napoleon - Groupe BelleFlamme","description":"Outdoor Rated Stainless Steel Fridge by Napoleon sold by the Belleflamme Group. Laval, Montreal, Gatineau and Saint-Sauveur.","robots":{"index":"index","follow":"follow","max-snippet":"max-snippet:-1","max-image-preview":"max-image-preview:large","max-video-preview":"max-video-preview:-1"},"canonical":"https:\/\/staging.belleflamme.ca\/en\/product\/outdoor-rated-stainless-steel-fridge-by-napoleon\/","og_locale":"en_US","og_type":"article","og_title":"Outdoor Rated Stainless Steel Fridge by Napoleon","og_description":"Outdoor Rated Stainless Steel Fridge by Napoleon sold by the Belleflamme Group. Laval, Montreal, Gatineau and Saint-Sauveur.","og_url":"https:\/\/staging.belleflamme.ca\/en\/product\/outdoor-rated-stainless-steel-fridge-by-napoleon\/","og_site_name":"Groupe BelleFlamme","article_publisher":"https:\/\/www.facebook.com\/belleflamme.ca\/","article_modified_time":"2024-04-30T22:07:07+00:00","og_image":[{"width":1000,"height":1000,"url":"https:\/\/www.belleflamme.ca\/wp-content\/uploads\/2024\/04\/Refegirateur-en-Acier-Inoxydable-Homologue-pour-Lexterieur-de-Napoleon.png","type":"image\/png"}],"twitter_card":"summary_large_image","twitter_misc":{"Price":"&#36;1,999.00","Availability":"In stock"},"schema":{"@context":"https:\/\/schema.org","@graph":[{"@type":["WebPage","ItemPage"],"@id":"https:\/\/staging.belleflamme.ca\/en\/product\/outdoor-rated-stainless-steel-fridge-by-napoleon\/","url":"https:\/\/staging.belleflamme.ca\/en\/product\/outdoor-rated-stainless-steel-fridge-by-napoleon\/","name":"Outdoor Rated Stainless Steel Fridge by Napoleon - Groupe BelleFlamme","isPartOf":{"@id":"https:\/\/www.belleflamme.ca\/fr\/#website"},"primaryImageOfPage":{"@id":"https:\/\/staging.belleflamme.ca\/en\/product\/outdoor-rated-stainless-steel-fridge-by-napoleon\/#primaryimage"},"image":{"@id":"https:\/\/staging.belleflamme.ca\/en\/product\/outdoor-rated-stainless-steel-fridge-by-napoleon\/#primaryimage"},"thumbnailUrl":"https:\/\/staging.belleflamme.ca\/wp-content\/uploads\/2024\/04\/Refegirateur-en-Acier-Inoxydable-Homologue-pour-Lexterieur-de-Napoleon.png","datePublished":"2024-04-30T21:53:36+00:00","dateModified":"2024-04-30T22:07:07+00:00","description":"Outdoor Rated Stainless Steel Fridge by Napoleon sold by the Belleflamme Group. Laval, Montreal, Gatineau and Saint-Sauveur.","breadcrumb":{"@id":"https:\/\/staging.belleflamme.ca\/en\/product\/outdoor-rated-stainless-steel-fridge-by-napoleon\/#breadcrumb"},"inLanguage":"en-US","potentialAction":[{"@type":"ReadAction","target":["https:\/\/staging.belleflamme.ca\/en\/product\/outdoor-rated-stainless-steel-fridge-by-napoleon\/"]}]},{"@type":"ImageObject","inLanguage":"en-US","@id":"https:\/\/staging.belleflamme.ca\/en\/product\/outdoor-rated-stainless-steel-fridge-by-napoleon\/#primaryimage","url":"https:\/\/staging.belleflamme.ca\/wp-content\/uploads\/2024\/04\/Refegirateur-en-Acier-Inoxydable-Homologue-pour-Lexterieur-de-Napoleon.png","contentUrl":"https:\/\/staging.belleflamme.ca\/wp-content\/uploads\/2024\/04\/Refegirateur-en-Acier-Inoxydable-Homologue-pour-Lexterieur-de-Napoleon.png","width":1000,"height":1000,"caption":"R\u00e9f\u00e9girateur en Acier Inoxydable Homologu\u00e9 pour L'ext\u00e9rieur de Napoleon"},{"@type":"BreadcrumbList","@id":"https:\/\/staging.belleflamme.ca\/en\/product\/outdoor-rated-stainless-steel-fridge-by-napoleon\/#breadcrumb","itemListElement":[{"@type":"ListItem","position":1,"name":"Home","item":"https:\/\/www.belleflamme.ca\/fr\/"},{"@type":"ListItem","position":2,"name":"Shop","item":"https:\/\/www.belleflamme.ca\/en\/shop\/"},{"@type":"ListItem","position":3,"name":"BBQ &amp; Outdoor Products","item":"https:\/\/staging.belleflamme.ca\/en\/category\/bbq-outdoor-products\/"},{"@type":"ListItem","position":4,"name":"Outdoor Kitchen","item":"https:\/\/staging.belleflamme.ca\/en\/category\/bbq-outdoor-products\/outdoor-kitchen\/"},{"@type":"ListItem","position":5,"name":"Cabinets &amp; Modules","item":"https:\/\/staging.belleflamme.ca\/en\/category\/bbq-outdoor-products\/outdoor-kitchen\/cabinets-modules\/"},{"@type":"ListItem","position":6,"name":"Outdoor Rated Stainless Steel Fridge by Napoleon"}]},{"@type":"WebSite","@id":"https:\/\/www.belleflamme.ca\/fr\/#website","url":"https:\/\/www.belleflamme.ca\/fr\/","name":"Groupe Belleflamme","description":"La m\u00e9canique du b\u00e2timent dans le sang.","publisher":{"@id":"https:\/\/www.belleflamme.ca\/fr\/#organization"},"potentialAction":[{"@type":"SearchAction","target":{"@type":"EntryPoint","urlTemplate":"https:\/\/www.belleflamme.ca\/fr\/?s={search_term_string}"},"query-input":{"@type":"PropertyValueSpecification","valueRequired":true,"valueName":"search_term_string"}}],"inLanguage":"en-US"},{"@type":["Organization","Place"],"@id":"https:\/\/www.belleflamme.ca\/fr\/#organization","name":"Groupe Belleflamme","alternateName":"Belleflamme","url":"https:\/\/www.belleflamme.ca\/fr\/","logo":{"@type":"ImageObject","inLanguage":"en-US","@id":"https:\/\/www.belleflamme.ca\/fr\/#\/schema\/logo\/image\/","url":"https:\/\/staging.belleflamme.ca\/wp-content\/uploads\/2023\/01\/og-image.jpg","contentUrl":"https:\/\/staging.belleflamme.ca\/wp-content\/uploads\/2023\/01\/og-image.jpg","width":1200,"height":630,"caption":"Groupe Belleflamme"},"image":{"@id":"https:\/\/www.belleflamme.ca\/fr\/#\/schema\/logo\/image\/"},"sameAs":["https:\/\/www.facebook.com\/belleflamme.ca\/","https:\/\/www.linkedin.com\/company\/belleflamme\/","https:\/\/www.pinterest.ca\/groupebelleflamme\/","https:\/\/www.instagram.com\/legroupebelleflamme\/"],"mainEntityOfPage":{"@id":"https:\/\/staging.belleflamme.ca\/en\/product\/outdoor-rated-stainless-steel-fridge-by-napoleon\/"}}]},"product_brand":"Napoleon BBQ","product_price_amount":"1999.00","product_price_currency":"CAD","og_availability":"instock","product_availability":"instock","product_retailer_item_id":"NFR055OUSS","product_condition":"new"},"_links":{"self":[{"href":"https:\/\/staging.belleflamme.ca\/en\/wp-json\/wp\/v2\/product\/37015","targetHints":{"allow":["GET"]}}],"collection":[{"href":"https:\/\/staging.belleflamme.ca\/en\/wp-json\/wp\/v2\/product"}],"about":[{"href":"https:\/\/staging.belleflamme.ca\/en\/wp-json\/wp\/v2\/types\/product"}],"version-history":[{"count":4,"href":"https:\/\/staging.belleflamme.ca\/en\/wp-json\/wp\/v2\/product\/37015\/revisions"}],"predecessor-version":[{"id":37021,"href":"https:\/\/staging.belleflamme.ca\/en\/wp-json\/wp\/v2\/product\/37015\/revisions\/37021"}],"wp:featuredmedia":[{"embeddable":true,"href":"https:\/\/staging.belleflamme.ca\/en\/wp-json\/wp\/v2\/media\/37004"}],"wp:attachment":[{"href":"https:\/\/staging.belleflamme.ca\/en\/wp-json\/wp\/v2\/media?parent=37015"}],"wp:term":[{"taxonomy":"product_brand","embeddable":true,"href":"https:\/\/staging.belleflamme.ca\/en\/wp-json\/wp\/v2\/product_brand?post=37015"},{"taxonomy":"product_cat","embeddable":true,"href":"https:\/\/staging.belleflamme.ca\/en\/wp-json\/wp\/v2\/product_cat?post=37015"},{"taxonomy":"product_tag","embeddable":true,"href":"https:\/\/staging.belleflamme.ca\/en\/wp-json\/wp\/v2\/product_tag?post=37015"}],"curies":[{"name":"wp","href":"https:\/\/api.w.org\/{rel}","templated":true}]}}