{"id":36515,"date":"2024-04-26T17:43:04","date_gmt":"2024-04-26T21:43:04","guid":{"rendered":"https:\/\/www.belleflamme.ca\/?post_type=product&#038;p=36515"},"modified":"2024-04-26T17:45:22","modified_gmt":"2024-04-26T21:45:22","slug":"oasis-200-outdoor-kitchen-built-in-700-series-32-inches-by-napoleon","status":"publish","type":"product","link":"https:\/\/staging.belleflamme.ca\/en\/product\/oasis-200-outdoor-kitchen-built-in-700-series-32-inches-by-napoleon\/","title":{"rendered":"Oasis 200 Outdoor Kitchen, Built-In 700 Series 32 inches by Napoleon"},"content":{"rendered":"<p>BUILT-IN 700 SERIES 32<\/p>\n<h3 class=\"title hide-item-on-mobile\">DESCRIPTION<\/h3>\n<div class=\"inner-wrapper\" data-max-height=\"360px\" data-fade=\"true\">\n<div class=\"clearfix text-formatted field field--name-body field--type-text-with-summary field--label-hidden field__item\">\n<p>Bask in the luxury of an outdoor kitchen with the wing-shaped OASIS\u2122 200 Modular Island Kit. Providing the perfect amount of storage and workspace along with the full-sized, 700 Series 32-inch gas grill head. Each cabinet is built for durability, featuring stainless steel and carbon colored, powder coated, galvanneal. Fully customize this workspace by selecting your own countertop in the material and finish that matches your style. The hard work is already done and all necessary specs are provided. OASIS\u2122 Modular Island Kits are easy to install. There are knockouts for electrical, gas, and water, as well as easy-to-level feet. Create the perfect outdoor kitchen experience with loads of convenient storage and a durable finish that will handle anything the elements can throw at it.<\/p>\n<\/div>\n<\/div>\n<p>&nbsp;<\/p>\n<h3 class=\"title hide-item-on-mobile\">KEY FEATURES<\/h3>\n<div class=\"inner-wrapper\" data-max-height=\"360px\" data-fade=\"true\">\n<div class=\"clearfix text-formatted field field--name-field-summary-features field--type-text field--label-hidden field__items\">\n<ul>\n<li class=\"field__item\">The wing-shaped OASIS\u2122 200 Modular Island Kit with a full-sized, 700 Series 32-inch gas grill head<\/li>\n<li class=\"field__item\">Stainless steel doors with powder coated galvanneal steel cabinets are durable and stylish<\/li>\n<li class=\"field__item\">There are self levelling feet and knockouts for electrical, water and gas making installation easy anywhere<\/li>\n<li class=\"field__item\">The 700 Series 32-inch Gas Grill Head features 4 stainless steel burners, 785in\u00b2 total grilling area, JETFIRE\u2122 ignition system and a rear infrared burner<\/li>\n<li class=\"field__item\">All necessary specifications are provided for easy customization of the countertop. Countertop is not included.<\/li>\n<\/ul>\n<\/div>\n<\/div>\n<p>&nbsp;<\/p>\n<table class=\"specification-table\">\n<tbody>\n<tr>\n<th>WARRANTY<\/th>\n<td>Lifetime Bumper to Bumper<sup>*<\/sup><\/td>\n<\/tr>\n<tr>\n<th>FUEL TYPE<\/th>\n<td>Natural Gas and Propane<\/td>\n<\/tr>\n<tr>\n<th>HEAT OUTPUT<\/th>\n<td>66,000 BTU (19.34 kW)<\/td>\n<\/tr>\n<tr>\n<th>MAIN COOKING AREA<\/th>\n<td>29.5 x 18 in (75 x 46 cm) \u00a0|\u00a0 32 burgers<\/td>\n<\/tr>\n<tr>\n<th>TOTAL COOKING AREA<\/th>\n<td>531 sq.in (3,450 cm\u00b2)<\/td>\n<\/tr>\n<tr>\n<th>ROTISSERIE INCLUDED<\/th>\n<td>Yes<\/td>\n<\/tr>\n<tr>\n<th>HEIGHT<\/th>\n<td>50.83 in (129.10 cm) \u00a0|\u00a0 60.51 in (153.70 cm) with lid open<\/td>\n<\/tr>\n<tr>\n<th>WIDTH<\/th>\n<td>112 in (284.50 cm)<\/td>\n<\/tr>\n<tr>\n<th>DEPTH<\/th>\n<td>32.68 in (83 cm)<\/td>\n<\/tr>\n<\/tbody>\n<\/table>\n","protected":false},"excerpt":{"rendered":"<p>BUILT-IN 700 SERIES 32 DESCRIPTION Bask in the luxury of an outdoor kitchen with the wing-shaped OASIS\u2122 200 Modular Island Kit. Providing the perfect amount of storage and workspace along with the full-sized, 700 Series 32-inch gas grill head. Each cabinet is built for durability, featuring stainless steel and carbon colored, powder coated, galvanneal. Fully [&hellip;]<\/p>\n","protected":false},"featured_media":36511,"template":"","meta":{"inline_featured_image":false},"product_brand":[1318],"product_cat":[144,353,149],"product_tag":[],"class_list":{"0":"post-36515","1":"product","2":"type-product","3":"status-publish","4":"has-post-thumbnail","6":"product_brand-napoleon-bbq","7":"product_cat-bbq-outdoor-products","8":"product_cat-outdoor-bbq","9":"product_cat-outdoor-kitchen","11":"first","12":"instock","13":"taxable","14":"shipping-taxable","15":"purchasable","16":"product-type-variable"},"yoast_head":"<!-- This site is optimized with the Yoast SEO Premium plugin v24.2 (Yoast SEO v24.2) - https:\/\/yoast.com\/wordpress\/plugins\/seo\/ -->\n<title>Oasis 200 Outdoor Kitchen, Built-In 700 Series 32 inches by Napoleon - Groupe BelleFlamme<\/title>\n<meta name=\"description\" content=\"Oasis 200 Outdoor Kitchen, Built-In 700 Series 32 inches by Napoleon sold by the Belleflamme Group. Laval, Montreal, Gatineau and Saint-Sauveur.\" \/>\n<meta name=\"robots\" content=\"index, follow, max-snippet:-1, max-image-preview:large, max-video-preview:-1\" \/>\n<link rel=\"canonical\" href=\"https:\/\/staging.belleflamme.ca\/en\/product\/oasis-200-outdoor-kitchen-built-in-700-series-32-inches-by-napoleon\/\" \/>\n<meta property=\"og:locale\" content=\"en_US\" \/>\n<meta property=\"og:type\" content=\"article\" \/>\n<meta property=\"og:title\" content=\"Oasis 200 Outdoor Kitchen, Built-In 700 Series 32 inches by Napoleon\" \/>\n<meta property=\"og:description\" content=\"Oasis 200 Outdoor Kitchen, Built-In 700 Series 32 inches by Napoleon sold by the Belleflamme Group. Laval, Montreal, Gatineau and Saint-Sauveur.\" \/>\n<meta property=\"og:url\" content=\"https:\/\/staging.belleflamme.ca\/en\/product\/oasis-200-outdoor-kitchen-built-in-700-series-32-inches-by-napoleon\/\" \/>\n<meta property=\"og:site_name\" content=\"Groupe BelleFlamme\" \/>\n<meta property=\"article:publisher\" content=\"https:\/\/www.facebook.com\/belleflamme.ca\/\" \/>\n<meta property=\"article:modified_time\" content=\"2024-04-26T21:45:22+00:00\" \/>\n<meta property=\"og:image\" content=\"https:\/\/www.belleflamme.ca\/wp-content\/uploads\/2024\/04\/Cuisine-Exterieur-Oasis-200-Serie-Encastree-700-32-po-de-Napoleon.jpeg\" \/>\n\t<meta property=\"og:image:width\" content=\"1000\" \/>\n\t<meta property=\"og:image:height\" content=\"1000\" \/>\n\t<meta property=\"og:image:type\" content=\"image\/jpeg\" \/>\n<meta name=\"twitter:card\" content=\"summary_large_image\" \/>\n<meta name=\"twitter:label1\" content=\"Availability\" \/>\n\t<meta name=\"twitter:data1\" content=\"In stock\" \/>\n<script type=\"application\/ld+json\" class=\"yoast-schema-graph\">{\"@context\":\"https:\/\/schema.org\",\"@graph\":[{\"@type\":[\"WebPage\",\"ItemPage\"],\"@id\":\"https:\/\/staging.belleflamme.ca\/en\/product\/oasis-200-outdoor-kitchen-built-in-700-series-32-inches-by-napoleon\/\",\"url\":\"https:\/\/staging.belleflamme.ca\/en\/product\/oasis-200-outdoor-kitchen-built-in-700-series-32-inches-by-napoleon\/\",\"name\":\"Oasis 200 Outdoor Kitchen, Built-In 700 Series 32 inches by Napoleon - Groupe BelleFlamme\",\"isPartOf\":{\"@id\":\"https:\/\/www.belleflamme.ca\/fr\/#website\"},\"primaryImageOfPage\":{\"@id\":\"https:\/\/staging.belleflamme.ca\/en\/product\/oasis-200-outdoor-kitchen-built-in-700-series-32-inches-by-napoleon\/#primaryimage\"},\"image\":{\"@id\":\"https:\/\/staging.belleflamme.ca\/en\/product\/oasis-200-outdoor-kitchen-built-in-700-series-32-inches-by-napoleon\/#primaryimage\"},\"thumbnailUrl\":\"https:\/\/staging.belleflamme.ca\/wp-content\/uploads\/2024\/04\/Cuisine-Exterieur-Oasis-200-Serie-Encastree-700-32-po-de-Napoleon.jpeg\",\"datePublished\":\"2024-04-26T21:43:04+00:00\",\"dateModified\":\"2024-04-26T21:45:22+00:00\",\"description\":\"Oasis 200 Outdoor Kitchen, Built-In 700 Series 32 inches by Napoleon sold by the Belleflamme Group. Laval, Montreal, Gatineau and Saint-Sauveur.\",\"breadcrumb\":{\"@id\":\"https:\/\/staging.belleflamme.ca\/en\/product\/oasis-200-outdoor-kitchen-built-in-700-series-32-inches-by-napoleon\/#breadcrumb\"},\"inLanguage\":\"en-US\",\"potentialAction\":[{\"@type\":\"ReadAction\",\"target\":[\"https:\/\/staging.belleflamme.ca\/en\/product\/oasis-200-outdoor-kitchen-built-in-700-series-32-inches-by-napoleon\/\"]}]},{\"@type\":\"ImageObject\",\"inLanguage\":\"en-US\",\"@id\":\"https:\/\/staging.belleflamme.ca\/en\/product\/oasis-200-outdoor-kitchen-built-in-700-series-32-inches-by-napoleon\/#primaryimage\",\"url\":\"https:\/\/staging.belleflamme.ca\/wp-content\/uploads\/2024\/04\/Cuisine-Exterieur-Oasis-200-Serie-Encastree-700-32-po-de-Napoleon.jpeg\",\"contentUrl\":\"https:\/\/staging.belleflamme.ca\/wp-content\/uploads\/2024\/04\/Cuisine-Exterieur-Oasis-200-Serie-Encastree-700-32-po-de-Napoleon.jpeg\",\"width\":1000,\"height\":1000,\"caption\":\"Cuisine Ext\u00e9rieur Oasis 200, S\u00e9rie Encastr\u00e9e 700 32 po de Napoleon\"},{\"@type\":\"BreadcrumbList\",\"@id\":\"https:\/\/staging.belleflamme.ca\/en\/product\/oasis-200-outdoor-kitchen-built-in-700-series-32-inches-by-napoleon\/#breadcrumb\",\"itemListElement\":[{\"@type\":\"ListItem\",\"position\":1,\"name\":\"Home\",\"item\":\"https:\/\/www.belleflamme.ca\/fr\/\"},{\"@type\":\"ListItem\",\"position\":2,\"name\":\"Shop\",\"item\":\"https:\/\/www.belleflamme.ca\/en\/shop\/\"},{\"@type\":\"ListItem\",\"position\":3,\"name\":\"BBQ &amp; Outdoor Products\",\"item\":\"https:\/\/staging.belleflamme.ca\/en\/category\/bbq-outdoor-products\/\"},{\"@type\":\"ListItem\",\"position\":4,\"name\":\"Outdoor Kitchen\",\"item\":\"https:\/\/staging.belleflamme.ca\/en\/category\/bbq-outdoor-products\/outdoor-kitchen\/\"},{\"@type\":\"ListItem\",\"position\":5,\"name\":\"Outdoor BBQ\",\"item\":\"https:\/\/staging.belleflamme.ca\/en\/category\/bbq-outdoor-products\/outdoor-kitchen\/outdoor-bbq\/\"},{\"@type\":\"ListItem\",\"position\":6,\"name\":\"Oasis 200 Outdoor Kitchen, Built-In 700 Series 32 inches by Napoleon\"}]},{\"@type\":\"WebSite\",\"@id\":\"https:\/\/www.belleflamme.ca\/fr\/#website\",\"url\":\"https:\/\/www.belleflamme.ca\/fr\/\",\"name\":\"Groupe Belleflamme\",\"description\":\"La m\u00e9canique du b\u00e2timent dans le sang.\",\"publisher\":{\"@id\":\"https:\/\/www.belleflamme.ca\/fr\/#organization\"},\"potentialAction\":[{\"@type\":\"SearchAction\",\"target\":{\"@type\":\"EntryPoint\",\"urlTemplate\":\"https:\/\/www.belleflamme.ca\/fr\/?s={search_term_string}\"},\"query-input\":{\"@type\":\"PropertyValueSpecification\",\"valueRequired\":true,\"valueName\":\"search_term_string\"}}],\"inLanguage\":\"en-US\"},{\"@type\":[\"Organization\",\"Place\"],\"@id\":\"https:\/\/www.belleflamme.ca\/fr\/#organization\",\"name\":\"Groupe Belleflamme\",\"alternateName\":\"Belleflamme\",\"url\":\"https:\/\/www.belleflamme.ca\/fr\/\",\"logo\":{\"@type\":\"ImageObject\",\"inLanguage\":\"en-US\",\"@id\":\"https:\/\/www.belleflamme.ca\/fr\/#\/schema\/logo\/image\/\",\"url\":\"https:\/\/staging.belleflamme.ca\/wp-content\/uploads\/2023\/01\/og-image.jpg\",\"contentUrl\":\"https:\/\/staging.belleflamme.ca\/wp-content\/uploads\/2023\/01\/og-image.jpg\",\"width\":1200,\"height\":630,\"caption\":\"Groupe Belleflamme\"},\"image\":{\"@id\":\"https:\/\/www.belleflamme.ca\/fr\/#\/schema\/logo\/image\/\"},\"sameAs\":[\"https:\/\/www.facebook.com\/belleflamme.ca\/\",\"https:\/\/www.linkedin.com\/company\/belleflamme\/\",\"https:\/\/www.pinterest.ca\/groupebelleflamme\/\",\"https:\/\/www.instagram.com\/legroupebelleflamme\/\"],\"mainEntityOfPage\":{\"@id\":\"https:\/\/staging.belleflamme.ca\/en\/product\/oasis-200-outdoor-kitchen-built-in-700-series-32-inches-by-napoleon\/\"}}]}<\/script>\n<meta property=\"product:brand\" content=\"Napoleon BBQ\" \/>\n<meta property=\"og:availability\" content=\"instock\" \/>\n<meta property=\"product:availability\" content=\"instock\" \/>\n<meta property=\"product:condition\" content=\"new\" \/>\n<!-- \/ Yoast SEO Premium plugin. -->","yoast_head_json":{"title":"Oasis 200 Outdoor Kitchen, Built-In 700 Series 32 inches by Napoleon - Groupe BelleFlamme","description":"Oasis 200 Outdoor Kitchen, Built-In 700 Series 32 inches by Napoleon sold by the Belleflamme Group. Laval, Montreal, Gatineau and Saint-Sauveur.","robots":{"index":"index","follow":"follow","max-snippet":"max-snippet:-1","max-image-preview":"max-image-preview:large","max-video-preview":"max-video-preview:-1"},"canonical":"https:\/\/staging.belleflamme.ca\/en\/product\/oasis-200-outdoor-kitchen-built-in-700-series-32-inches-by-napoleon\/","og_locale":"en_US","og_type":"article","og_title":"Oasis 200 Outdoor Kitchen, Built-In 700 Series 32 inches by Napoleon","og_description":"Oasis 200 Outdoor Kitchen, Built-In 700 Series 32 inches by Napoleon sold by the Belleflamme Group. Laval, Montreal, Gatineau and Saint-Sauveur.","og_url":"https:\/\/staging.belleflamme.ca\/en\/product\/oasis-200-outdoor-kitchen-built-in-700-series-32-inches-by-napoleon\/","og_site_name":"Groupe BelleFlamme","article_publisher":"https:\/\/www.facebook.com\/belleflamme.ca\/","article_modified_time":"2024-04-26T21:45:22+00:00","og_image":[{"width":1000,"height":1000,"url":"https:\/\/www.belleflamme.ca\/wp-content\/uploads\/2024\/04\/Cuisine-Exterieur-Oasis-200-Serie-Encastree-700-32-po-de-Napoleon.jpeg","type":"image\/jpeg"}],"twitter_card":"summary_large_image","twitter_misc":{"Availability":"In stock"},"schema":{"@context":"https:\/\/schema.org","@graph":[{"@type":["WebPage","ItemPage"],"@id":"https:\/\/staging.belleflamme.ca\/en\/product\/oasis-200-outdoor-kitchen-built-in-700-series-32-inches-by-napoleon\/","url":"https:\/\/staging.belleflamme.ca\/en\/product\/oasis-200-outdoor-kitchen-built-in-700-series-32-inches-by-napoleon\/","name":"Oasis 200 Outdoor Kitchen, Built-In 700 Series 32 inches by Napoleon - Groupe BelleFlamme","isPartOf":{"@id":"https:\/\/www.belleflamme.ca\/fr\/#website"},"primaryImageOfPage":{"@id":"https:\/\/staging.belleflamme.ca\/en\/product\/oasis-200-outdoor-kitchen-built-in-700-series-32-inches-by-napoleon\/#primaryimage"},"image":{"@id":"https:\/\/staging.belleflamme.ca\/en\/product\/oasis-200-outdoor-kitchen-built-in-700-series-32-inches-by-napoleon\/#primaryimage"},"thumbnailUrl":"https:\/\/staging.belleflamme.ca\/wp-content\/uploads\/2024\/04\/Cuisine-Exterieur-Oasis-200-Serie-Encastree-700-32-po-de-Napoleon.jpeg","datePublished":"2024-04-26T21:43:04+00:00","dateModified":"2024-04-26T21:45:22+00:00","description":"Oasis 200 Outdoor Kitchen, Built-In 700 Series 32 inches by Napoleon sold by the Belleflamme Group. Laval, Montreal, Gatineau and Saint-Sauveur.","breadcrumb":{"@id":"https:\/\/staging.belleflamme.ca\/en\/product\/oasis-200-outdoor-kitchen-built-in-700-series-32-inches-by-napoleon\/#breadcrumb"},"inLanguage":"en-US","potentialAction":[{"@type":"ReadAction","target":["https:\/\/staging.belleflamme.ca\/en\/product\/oasis-200-outdoor-kitchen-built-in-700-series-32-inches-by-napoleon\/"]}]},{"@type":"ImageObject","inLanguage":"en-US","@id":"https:\/\/staging.belleflamme.ca\/en\/product\/oasis-200-outdoor-kitchen-built-in-700-series-32-inches-by-napoleon\/#primaryimage","url":"https:\/\/staging.belleflamme.ca\/wp-content\/uploads\/2024\/04\/Cuisine-Exterieur-Oasis-200-Serie-Encastree-700-32-po-de-Napoleon.jpeg","contentUrl":"https:\/\/staging.belleflamme.ca\/wp-content\/uploads\/2024\/04\/Cuisine-Exterieur-Oasis-200-Serie-Encastree-700-32-po-de-Napoleon.jpeg","width":1000,"height":1000,"caption":"Cuisine Ext\u00e9rieur Oasis 200, S\u00e9rie Encastr\u00e9e 700 32 po de Napoleon"},{"@type":"BreadcrumbList","@id":"https:\/\/staging.belleflamme.ca\/en\/product\/oasis-200-outdoor-kitchen-built-in-700-series-32-inches-by-napoleon\/#breadcrumb","itemListElement":[{"@type":"ListItem","position":1,"name":"Home","item":"https:\/\/www.belleflamme.ca\/fr\/"},{"@type":"ListItem","position":2,"name":"Shop","item":"https:\/\/www.belleflamme.ca\/en\/shop\/"},{"@type":"ListItem","position":3,"name":"BBQ &amp; Outdoor Products","item":"https:\/\/staging.belleflamme.ca\/en\/category\/bbq-outdoor-products\/"},{"@type":"ListItem","position":4,"name":"Outdoor Kitchen","item":"https:\/\/staging.belleflamme.ca\/en\/category\/bbq-outdoor-products\/outdoor-kitchen\/"},{"@type":"ListItem","position":5,"name":"Outdoor BBQ","item":"https:\/\/staging.belleflamme.ca\/en\/category\/bbq-outdoor-products\/outdoor-kitchen\/outdoor-bbq\/"},{"@type":"ListItem","position":6,"name":"Oasis 200 Outdoor Kitchen, Built-In 700 Series 32 inches by Napoleon"}]},{"@type":"WebSite","@id":"https:\/\/www.belleflamme.ca\/fr\/#website","url":"https:\/\/www.belleflamme.ca\/fr\/","name":"Groupe Belleflamme","description":"La m\u00e9canique du b\u00e2timent dans le sang.","publisher":{"@id":"https:\/\/www.belleflamme.ca\/fr\/#organization"},"potentialAction":[{"@type":"SearchAction","target":{"@type":"EntryPoint","urlTemplate":"https:\/\/www.belleflamme.ca\/fr\/?s={search_term_string}"},"query-input":{"@type":"PropertyValueSpecification","valueRequired":true,"valueName":"search_term_string"}}],"inLanguage":"en-US"},{"@type":["Organization","Place"],"@id":"https:\/\/www.belleflamme.ca\/fr\/#organization","name":"Groupe Belleflamme","alternateName":"Belleflamme","url":"https:\/\/www.belleflamme.ca\/fr\/","logo":{"@type":"ImageObject","inLanguage":"en-US","@id":"https:\/\/www.belleflamme.ca\/fr\/#\/schema\/logo\/image\/","url":"https:\/\/staging.belleflamme.ca\/wp-content\/uploads\/2023\/01\/og-image.jpg","contentUrl":"https:\/\/staging.belleflamme.ca\/wp-content\/uploads\/2023\/01\/og-image.jpg","width":1200,"height":630,"caption":"Groupe Belleflamme"},"image":{"@id":"https:\/\/www.belleflamme.ca\/fr\/#\/schema\/logo\/image\/"},"sameAs":["https:\/\/www.facebook.com\/belleflamme.ca\/","https:\/\/www.linkedin.com\/company\/belleflamme\/","https:\/\/www.pinterest.ca\/groupebelleflamme\/","https:\/\/www.instagram.com\/legroupebelleflamme\/"],"mainEntityOfPage":{"@id":"https:\/\/staging.belleflamme.ca\/en\/product\/oasis-200-outdoor-kitchen-built-in-700-series-32-inches-by-napoleon\/"}}]},"product_brand":"Napoleon BBQ","og_availability":"instock","product_availability":"instock","product_condition":"new"},"_links":{"self":[{"href":"https:\/\/staging.belleflamme.ca\/en\/wp-json\/wp\/v2\/product\/36515","targetHints":{"allow":["GET"]}}],"collection":[{"href":"https:\/\/staging.belleflamme.ca\/en\/wp-json\/wp\/v2\/product"}],"about":[{"href":"https:\/\/staging.belleflamme.ca\/en\/wp-json\/wp\/v2\/types\/product"}],"version-history":[{"count":1,"href":"https:\/\/staging.belleflamme.ca\/en\/wp-json\/wp\/v2\/product\/36515\/revisions"}],"predecessor-version":[{"id":36518,"href":"https:\/\/staging.belleflamme.ca\/en\/wp-json\/wp\/v2\/product\/36515\/revisions\/36518"}],"wp:featuredmedia":[{"embeddable":true,"href":"https:\/\/staging.belleflamme.ca\/en\/wp-json\/wp\/v2\/media\/36511"}],"wp:attachment":[{"href":"https:\/\/staging.belleflamme.ca\/en\/wp-json\/wp\/v2\/media?parent=36515"}],"wp:term":[{"taxonomy":"product_brand","embeddable":true,"href":"https:\/\/staging.belleflamme.ca\/en\/wp-json\/wp\/v2\/product_brand?post=36515"},{"taxonomy":"product_cat","embeddable":true,"href":"https:\/\/staging.belleflamme.ca\/en\/wp-json\/wp\/v2\/product_cat?post=36515"},{"taxonomy":"product_tag","embeddable":true,"href":"https:\/\/staging.belleflamme.ca\/en\/wp-json\/wp\/v2\/product_tag?post=36515"}],"curies":[{"name":"wp","href":"https:\/\/api.w.org\/{rel}","templated":true}]}}